{"id":562,"date":"2018-09-26T10:16:42","date_gmt":"2018-09-26T08:16:42","guid":{"rendered":"https:\/\/derbe.it\/prodotto\/bagnoschiuma-papavero-e-fico\/"},"modified":"2025-09-03T17:31:29","modified_gmt":"2025-09-03T15:31:29","slug":"gel-de-ducha-de-amapola-e-higo","status":"publish","type":"product","link":"https:\/\/derbe.it\/es\/producto\/gel-de-ducha-de-amapola-e-higo\/","title":{"rendered":"Gel de ducha de amapola e higo"},"content":{"rendered":"<p>Apoyado en las piedras grises y resecas de un<span class=\"Apple-converted-space\">\u00a0<\/span>Una antigua muralla siempre hab\u00eda albergado una planta.<span class=\"Apple-converted-space\">\u00a0<\/span>de higo retorcido como una antigua espiral de <span class=\"Apple-converted-space\">\u00a0 <\/span>Pel\u00edcula. Era vieja y nadie hab\u00eda venido en a\u00f1os. <span class=\"Apple-converted-space\">\u00a0 <\/span>m\u00e1s<span class=\"Apple-converted-space\">\u00a0 <\/span>a<span class=\"Apple-converted-space\">\u00a0 <\/span>disfrutar<span class=\"Apple-converted-space\">\u00a0 <\/span>el<span class=\"Apple-converted-space\">\u00a0 <\/span>su<span class=\"Apple-converted-space\">\u00a0 <\/span>frutas.<span class=\"Apple-converted-space\">\u00a0 <\/span>Era<span class=\"Apple-converted-space\">\u00a0 <\/span>triste<span class=\"Apple-converted-space\">\u00a0 <\/span>Y <span class=\"Apple-converted-space\">\u00a0 <\/span>reflexion\u00f3: \u201cBajo mis ramas los j\u00f3venes no <span class=\"Apple-converted-space\">\u00a0 <\/span>Vienen m\u00e1s alegremente a cantar y a tocar. <span class=\"Apple-converted-space\">\u00a0 <\/span>el<span class=\"Apple-converted-space\">\u00a0 <\/span>muy dulce<span class=\"Apple-converted-space\">\u00a0 <\/span>higos.<span class=\"Apple-converted-space\">\u00a0 <\/span>Todo<span class=\"Apple-converted-space\">\u00a0 <\/span>Y<span class=\"Apple-converted-space\">\u00a0 <\/span>cambi\u00f3, <span class=\"Apple-converted-space\">\u00a0 <\/span>\u201dPrefieren la felicidad ef\u00edmera de la amapola\u201d.<\/p>\n<p>Este<span class=\"Apple-converted-space\">\u00a0<\/span>excelente<span class=\"Apple-converted-space\">\u00a0<\/span>gel de ducha<span class=\"Apple-converted-space\">\u00a0<\/span>limpia<span class=\"Apple-converted-space\">\u00a0<\/span>suavemente toda la piel del cuerpo, en<span class=\"Apple-converted-space\">\u00a0<\/span>Su modernidad y seguridad de formulaci\u00f3n, <span class=\"Apple-converted-space\">\u00a0 <\/span>obedeciendo<span class=\"Apple-converted-space\">\u00a0 <\/span>pasado de moda<span class=\"Apple-converted-space\">\u00a0 <\/span>tradici\u00f3n<span class=\"Apple-converted-space\">\u00a0 <\/span>A base de hierbas; apto para todo tipo de piel. Con extracto.<span class=\"Apple-converted-space\">\u00a0<\/span>De <strong>Amapola<\/strong> (Papaver rhoeas) y <strong>Higo<\/strong> (Ficus carica) de <strong>Propiedades restauradoras, energizantes, antioxidantes y antiestr\u00e9s.<\/strong>.<\/p>","protected":false},"excerpt":{"rendered":"<p>La dulzura del higo y la alegr\u00eda de la amapola dan vida a un perfume afrutado y soleado como un d\u00eda de verano.<br \/>\nDelicatissimo bagnoschiuma , per una pelle morbida e vellutata. [&#8230;]<\/p>\n<p><a class=\"btn btn-secondary understrap-read-more-link\" href=\"https:\/\/derbe.it\/es\/producto\/gel-de-ducha-de-amapola-e-higo\/\">Leer m\u00e1s\u2026<span class=\"screen-reader-text\"> from Bagnoschiuma Papavero e Fico<\/span><\/a><\/p>","protected":false},"featured_media":563,"template":"","meta":{"_acf_changed":false},"caratteristica":[],"collezione":[125,75],"formato":[],"funzione":[],"utilizzo":[],"ingrediente-principale":[],"product_brand":[],"product_cat":[22],"product_tag":[],"class_list":{"0":"post-562","1":"product","2":"type-product","3":"status-publish","4":"has-post-thumbnail","6":"collezione-papavero-e-fico","7":"collezione-speziali-fiorentini","8":"product_cat-bagnoschiuma","10":"first","11":"instock","12":"purchasable","13":"product-type-simple"},"acf":[],"yoast_head":"<!-- This site is optimized with the Yoast SEO Premium plugin v26.1 (Yoast SEO v26.8) - https:\/\/yoast.com\/product\/yoast-seo-premium-wordpress\/ -->\n<title>Bagnoschiuma Papavero e Fico - Derbe - cosmetici naturali<\/title>\n<meta name=\"description\" content=\"La dolcezza del fico e l&#039;allegria del papavero danno vita ad un profumo fruttato e solare come una giornata d&#039;estate. Delicatissimo bagnoschiuma , per una pelle morbida e vellutata.\" \/>\n<meta name=\"robots\" content=\"index, follow, max-snippet:-1, max-image-preview:large, max-video-preview:-1\" \/>\n<link rel=\"canonical\" href=\"https:\/\/derbe.it\/es\/producto\/gel-de-ducha-de-amapola-e-higo\/\" \/>\n<meta property=\"og:locale\" content=\"es_ES\" \/>\n<meta property=\"og:type\" content=\"article\" \/>\n<meta property=\"og:title\" content=\"Bagnoschiuma Papavero e Fico\" \/>\n<meta property=\"og:description\" content=\"La dolcezza del fico e l&#039;allegria del papavero danno vita ad un profumo fruttato e solare come una giornata d&#039;estate. Delicatissimo bagnoschiuma , per una pelle morbida e vellutata.\" \/>\n<meta property=\"og:url\" content=\"https:\/\/derbe.it\/es\/producto\/gel-de-ducha-de-amapola-e-higo\/\" \/>\n<meta property=\"og:site_name\" content=\"Derbe - cosmetici naturali\" \/>\n<meta property=\"article:publisher\" content=\"https:\/\/www.facebook.com\/evoderbebio\" \/>\n<meta property=\"article:modified_time\" content=\"2025-09-03T15:31:29+00:00\" \/>\n<meta property=\"og:image\" content=\"https:\/\/derbe.it\/wp-content\/uploads\/2025\/05\/bagnoschiuma-papavero-fico-speziali-fiorentini-derbe.jpg\" \/>\n\t<meta property=\"og:image:width\" content=\"1600\" \/>\n\t<meta property=\"og:image:height\" content=\"2000\" \/>\n\t<meta property=\"og:image:type\" content=\"image\/jpeg\" \/>\n<meta name=\"twitter:card\" content=\"summary_large_image\" \/>\n<meta name=\"twitter:label1\" content=\"Tiempo de lectura\" \/>\n\t<meta name=\"twitter:data1\" content=\"1 minuto\" \/>\n<script type=\"application\/ld+json\" class=\"yoast-schema-graph\">{\"@context\":\"https:\/\/schema.org\",\"@graph\":[{\"@type\":\"WebPage\",\"@id\":\"https:\/\/derbe.it\/prodotto\/bagnoschiuma-papavero-e-fico\/\",\"url\":\"https:\/\/derbe.it\/prodotto\/bagnoschiuma-papavero-e-fico\/\",\"name\":\"Bagnoschiuma Papavero e Fico - Derbe - cosmetici naturali\",\"isPartOf\":{\"@id\":\"https:\/\/derbe.it\/#website\"},\"primaryImageOfPage\":{\"@id\":\"https:\/\/derbe.it\/prodotto\/bagnoschiuma-papavero-e-fico\/#primaryimage\"},\"image\":{\"@id\":\"https:\/\/derbe.it\/prodotto\/bagnoschiuma-papavero-e-fico\/#primaryimage\"},\"thumbnailUrl\":\"https:\/\/derbe.it\/wp-content\/uploads\/2025\/05\/bagnoschiuma-papavero-fico-speziali-fiorentini-derbe.jpg\",\"datePublished\":\"2018-09-26T08:16:42+00:00\",\"dateModified\":\"2025-09-03T15:31:29+00:00\",\"description\":\"La dolcezza del fico e l'allegria del papavero danno vita ad un profumo fruttato e solare come una giornata d'estate. Delicatissimo bagnoschiuma , per una pelle morbida e vellutata.\",\"breadcrumb\":{\"@id\":\"https:\/\/derbe.it\/prodotto\/bagnoschiuma-papavero-e-fico\/#breadcrumb\"},\"inLanguage\":\"es\",\"potentialAction\":[{\"@type\":\"ReadAction\",\"target\":[\"https:\/\/derbe.it\/prodotto\/bagnoschiuma-papavero-e-fico\/\"]}]},{\"@type\":\"ImageObject\",\"inLanguage\":\"es\",\"@id\":\"https:\/\/derbe.it\/prodotto\/bagnoschiuma-papavero-e-fico\/#primaryimage\",\"url\":\"https:\/\/derbe.it\/wp-content\/uploads\/2025\/05\/bagnoschiuma-papavero-fico-speziali-fiorentini-derbe.jpg\",\"contentUrl\":\"https:\/\/derbe.it\/wp-content\/uploads\/2025\/05\/bagnoschiuma-papavero-fico-speziali-fiorentini-derbe.jpg\",\"width\":1600,\"height\":2000,\"caption\":\"Bagno schiuma - papavero e fico - Speziali fiorentini - Derbe\"},{\"@type\":\"BreadcrumbList\",\"@id\":\"https:\/\/derbe.it\/prodotto\/bagnoschiuma-papavero-e-fico\/#breadcrumb\",\"itemListElement\":[{\"@type\":\"ListItem\",\"position\":1,\"name\":\"Home\",\"item\":\"https:\/\/derbe.it\/\"},{\"@type\":\"ListItem\",\"position\":2,\"name\":\"Shop\",\"item\":\"https:\/\/derbe.it\/en\/shop\/\"},{\"@type\":\"ListItem\",\"position\":3,\"name\":\"Bagnoschiuma\",\"item\":\"https:\/\/derbe.it\/categoria-prodotto\/bagnoschiuma\/\"},{\"@type\":\"ListItem\",\"position\":4,\"name\":\"Bagnoschiuma Papavero e Fico\"}]},{\"@type\":\"WebSite\",\"@id\":\"https:\/\/derbe.it\/#website\",\"url\":\"https:\/\/derbe.it\/\",\"name\":\"Derbe\",\"description\":\"Da oltre 50 anni - Made in italy - prodotti per capelli e corpo con estratti vegetali e formule sostenibili\",\"publisher\":{\"@id\":\"https:\/\/derbe.it\/#organization\"},\"potentialAction\":[{\"@type\":\"SearchAction\",\"target\":{\"@type\":\"EntryPoint\",\"urlTemplate\":\"https:\/\/derbe.it\/?s={search_term_string}\"},\"query-input\":{\"@type\":\"PropertyValueSpecification\",\"valueRequired\":true,\"valueName\":\"search_term_string\"}}],\"inLanguage\":\"es\"},{\"@type\":\"Organization\",\"@id\":\"https:\/\/derbe.it\/#organization\",\"name\":\"Derbe\",\"url\":\"https:\/\/derbe.it\/\",\"logo\":{\"@type\":\"ImageObject\",\"inLanguage\":\"es\",\"@id\":\"https:\/\/derbe.it\/#\/schema\/logo\/image\/\",\"url\":\"https:\/\/derbe.it\/wp-content\/uploads\/2025\/06\/logo_derbe_firenze.png\",\"contentUrl\":\"https:\/\/derbe.it\/wp-content\/uploads\/2025\/06\/logo_derbe_firenze.png\",\"width\":1200,\"height\":497,\"caption\":\"Derbe\"},\"image\":{\"@id\":\"https:\/\/derbe.it\/#\/schema\/logo\/image\/\"},\"sameAs\":[\"https:\/\/www.facebook.com\/evoderbebio\",\"https:\/\/www.instagram.com\/derbe.official\/\"],\"email\":\"info@derbe.it\",\"telephone\":\"+39 055 42 11 799\",\"legalName\":\"Derbe S.r.l. a socio unico\",\"vatID\":\"07272610481\"}]}<\/script>\n<!-- \/ Yoast SEO Premium plugin. -->","yoast_head_json":{"title":"Gel de ducha de amapola e higo - Derbe - cosm\u00e9tica natural","description":"La dulzura del higo y la alegr\u00eda de la amapola crean un aroma afrutado y soleado, como un d\u00eda de verano. Un gel de ducha delicado para una piel suave y aterciopelada.","robots":{"index":"index","follow":"follow","max-snippet":"max-snippet:-1","max-image-preview":"max-image-preview:large","max-video-preview":"max-video-preview:-1"},"canonical":"https:\/\/derbe.it\/es\/producto\/gel-de-ducha-de-amapola-e-higo\/","og_locale":"es_ES","og_type":"article","og_title":"Bagnoschiuma Papavero e Fico","og_description":"La dolcezza del fico e l'allegria del papavero danno vita ad un profumo fruttato e solare come una giornata d'estate. Delicatissimo bagnoschiuma , per una pelle morbida e vellutata.","og_url":"https:\/\/derbe.it\/es\/producto\/gel-de-ducha-de-amapola-e-higo\/","og_site_name":"Derbe - cosmetici naturali","article_publisher":"https:\/\/www.facebook.com\/evoderbebio","article_modified_time":"2025-09-03T15:31:29+00:00","og_image":[{"width":1600,"height":2000,"url":"https:\/\/derbe.it\/wp-content\/uploads\/2025\/05\/bagnoschiuma-papavero-fico-speziali-fiorentini-derbe.jpg","type":"image\/jpeg"}],"twitter_card":"summary_large_image","twitter_misc":{"Tiempo de lectura":"1 minuto"},"schema":{"@context":"https:\/\/schema.org","@graph":[{"@type":"WebPage","@id":"https:\/\/derbe.it\/prodotto\/bagnoschiuma-papavero-e-fico\/","url":"https:\/\/derbe.it\/prodotto\/bagnoschiuma-papavero-e-fico\/","name":"Gel de ducha de amapola e higo - Derbe - cosm\u00e9tica natural","isPartOf":{"@id":"https:\/\/derbe.it\/#website"},"primaryImageOfPage":{"@id":"https:\/\/derbe.it\/prodotto\/bagnoschiuma-papavero-e-fico\/#primaryimage"},"image":{"@id":"https:\/\/derbe.it\/prodotto\/bagnoschiuma-papavero-e-fico\/#primaryimage"},"thumbnailUrl":"https:\/\/derbe.it\/wp-content\/uploads\/2025\/05\/bagnoschiuma-papavero-fico-speziali-fiorentini-derbe.jpg","datePublished":"2018-09-26T08:16:42+00:00","dateModified":"2025-09-03T15:31:29+00:00","description":"La dulzura del higo y la alegr\u00eda de la amapola crean un aroma afrutado y soleado, como un d\u00eda de verano. Un gel de ducha delicado para una piel suave y aterciopelada.","breadcrumb":{"@id":"https:\/\/derbe.it\/prodotto\/bagnoschiuma-papavero-e-fico\/#breadcrumb"},"inLanguage":"es","potentialAction":[{"@type":"ReadAction","target":["https:\/\/derbe.it\/prodotto\/bagnoschiuma-papavero-e-fico\/"]}]},{"@type":"ImageObject","inLanguage":"es","@id":"https:\/\/derbe.it\/prodotto\/bagnoschiuma-papavero-e-fico\/#primaryimage","url":"https:\/\/derbe.it\/wp-content\/uploads\/2025\/05\/bagnoschiuma-papavero-fico-speziali-fiorentini-derbe.jpg","contentUrl":"https:\/\/derbe.it\/wp-content\/uploads\/2025\/05\/bagnoschiuma-papavero-fico-speziali-fiorentini-derbe.jpg","width":1600,"height":2000,"caption":"Bagno schiuma - papavero e fico - Speziali fiorentini - Derbe"},{"@type":"BreadcrumbList","@id":"https:\/\/derbe.it\/prodotto\/bagnoschiuma-papavero-e-fico\/#breadcrumb","itemListElement":[{"@type":"ListItem","position":1,"name":"Home","item":"https:\/\/derbe.it\/"},{"@type":"ListItem","position":2,"name":"Shop","item":"https:\/\/derbe.it\/en\/shop\/"},{"@type":"ListItem","position":3,"name":"Bagnoschiuma","item":"https:\/\/derbe.it\/categoria-prodotto\/bagnoschiuma\/"},{"@type":"ListItem","position":4,"name":"Bagnoschiuma Papavero e Fico"}]},{"@type":"WebSite","@id":"https:\/\/derbe.it\/#website","url":"https:\/\/derbe.it\/","name":"Derbe","description":"Desde hace m\u00e1s de 50 a\u00f1os - Hecho en Italia - Productos para el cabello y el cuerpo con extractos de plantas y f\u00f3rmulas sostenibles","publisher":{"@id":"https:\/\/derbe.it\/#organization"},"potentialAction":[{"@type":"SearchAction","target":{"@type":"EntryPoint","urlTemplate":"https:\/\/derbe.it\/?s={search_term_string}"},"query-input":{"@type":"PropertyValueSpecification","valueRequired":true,"valueName":"search_term_string"}}],"inLanguage":"es"},{"@type":"Organization","@id":"https:\/\/derbe.it\/#organization","name":"Derbe","url":"https:\/\/derbe.it\/","logo":{"@type":"ImageObject","inLanguage":"es","@id":"https:\/\/derbe.it\/#\/schema\/logo\/image\/","url":"https:\/\/derbe.it\/wp-content\/uploads\/2025\/06\/logo_derbe_firenze.png","contentUrl":"https:\/\/derbe.it\/wp-content\/uploads\/2025\/06\/logo_derbe_firenze.png","width":1200,"height":497,"caption":"Derbe"},"image":{"@id":"https:\/\/derbe.it\/#\/schema\/logo\/image\/"},"sameAs":["https:\/\/www.facebook.com\/evoderbebio","https:\/\/www.instagram.com\/derbe.official\/"],"email":"info@derbe.it","telephone":"+39 055 42 11 799","legalName":"Derbe S.r.l. a socio unico","vatID":"07272610481"}]}},"_links":{"self":[{"href":"https:\/\/derbe.it\/es\/wp-json\/wp\/v2\/product\/562","targetHints":{"allow":["GET"]}}],"collection":[{"href":"https:\/\/derbe.it\/es\/wp-json\/wp\/v2\/product"}],"about":[{"href":"https:\/\/derbe.it\/es\/wp-json\/wp\/v2\/types\/product"}],"wp:featuredmedia":[{"embeddable":true,"href":"https:\/\/derbe.it\/es\/wp-json\/wp\/v2\/media\/563"}],"wp:attachment":[{"href":"https:\/\/derbe.it\/es\/wp-json\/wp\/v2\/media?parent=562"}],"wp:term":[{"taxonomy":"caratteristica","embeddable":true,"href":"https:\/\/derbe.it\/es\/wp-json\/wp\/v2\/caratteristica?post=562"},{"taxonomy":"collezione","embeddable":true,"href":"https:\/\/derbe.it\/es\/wp-json\/wp\/v2\/collezione?post=562"},{"taxonomy":"formato","embeddable":true,"href":"https:\/\/derbe.it\/es\/wp-json\/wp\/v2\/formato?post=562"},{"taxonomy":"funzione","embeddable":true,"href":"https:\/\/derbe.it\/es\/wp-json\/wp\/v2\/funzione?post=562"},{"taxonomy":"utilizzo","embeddable":true,"href":"https:\/\/derbe.it\/es\/wp-json\/wp\/v2\/utilizzo?post=562"},{"taxonomy":"ingrediente-principale","embeddable":true,"href":"https:\/\/derbe.it\/es\/wp-json\/wp\/v2\/ingrediente-principale?post=562"},{"taxonomy":"product_brand","embeddable":true,"href":"https:\/\/derbe.it\/es\/wp-json\/wp\/v2\/product_brand?post=562"},{"taxonomy":"product_cat","embeddable":true,"href":"https:\/\/derbe.it\/es\/wp-json\/wp\/v2\/product_cat?post=562"},{"taxonomy":"product_tag","embeddable":true,"href":"https:\/\/derbe.it\/es\/wp-json\/wp\/v2\/product_tag?post=562"}],"curies":[{"name":"wp","href":"https:\/\/api.w.org\/{rel}","templated":true}]}}