{"id":656,"date":"2018-09-26T10:15:03","date_gmt":"2018-09-26T08:15:03","guid":{"rendered":"https:\/\/derbe.it\/prodotto\/deodorante-derbe-young\/"},"modified":"2025-06-24T16:41:26","modified_gmt":"2025-06-24T14:41:26","slug":"desodorante-derbe-young","status":"publish","type":"product","link":"https:\/\/derbe.it\/es\/producto\/desodorante-derbe-young\/","title":{"rendered":"Desodorante Derbe Young"},"content":{"rendered":"<p>El complejo vitam\u00ednico \u201cDERBE FRUIT\u201d, una equilibrada combinaci\u00f3n de vitaminas E y C, pantenol y \u00e1cidos frutales (uva, manzana, c\u00edtricos y ca\u00f1a de az\u00facar), ha sido formulado espec\u00edficamente para pieles j\u00f3venes. Combinado con extractos de prop\u00f3leo y equin\u00e1cea, este desodorante es eficaz para quienes sufren de sudoraci\u00f3n excesiva, especialmente en las axilas. Gracias a sus ingredientes activos naturales, es especialmente adecuado para pieles hipersensibles y f\u00e1cilmente irritables. Garantiza una \u00f3ptima regulaci\u00f3n de la transpiraci\u00f3n durante todo el d\u00eda.<\/p>","protected":false},"excerpt":{"rendered":"<p>Studiato spe\u00adcificatamente per la pelle dei giovani, questo deodorante analcolico \u00e8 particolarmente efficace per chi ha problemi di traspirazione eccessiva, specie nelle zone ascellari. [&#8230;]<\/p>\n<p><a class=\"btn btn-secondary understrap-read-more-link\" href=\"https:\/\/derbe.it\/es\/producto\/desodorante-derbe-young\/\">Leer m\u00e1s\u2026<span class=\"screen-reader-text\"> from Deodorante Derbe Young<\/span><\/a><\/p>","protected":false},"featured_media":657,"template":"","meta":{"_acf_changed":false},"caratteristica":[],"collezione":[108],"formato":[],"funzione":[],"utilizzo":[],"ingrediente-principale":[],"product_brand":[],"product_cat":[15],"product_tag":[],"class_list":{"0":"post-656","1":"product","2":"type-product","3":"status-publish","4":"has-post-thumbnail","6":"collezione-baby-kids","7":"product_cat-senza-categoria","9":"first","10":"instock","11":"purchasable","12":"product-type-simple"},"acf":[],"yoast_head":"<!-- This site is optimized with the Yoast SEO Premium plugin v26.1 (Yoast SEO v26.8) - https:\/\/yoast.com\/product\/yoast-seo-premium-wordpress\/ -->\n<title>Deodorante Derbe Young - Derbe - cosmetici naturali<\/title>\n<meta name=\"description\" content=\"Studiato spe\u00adcificatamente per la pelle dei giovani, questo deodorante analcolico \u00e8 particolarmente efficace per chi ha problemi di traspirazione eccessiva, specie nelle zone ascellari.\" \/>\n<meta name=\"robots\" content=\"index, follow, max-snippet:-1, max-image-preview:large, max-video-preview:-1\" \/>\n<link rel=\"canonical\" href=\"https:\/\/derbe.it\/es\/producto\/desodorante-derbe-young\/\" \/>\n<meta property=\"og:locale\" content=\"es_ES\" \/>\n<meta property=\"og:type\" content=\"article\" \/>\n<meta property=\"og:title\" content=\"Deodorante Derbe Young\" \/>\n<meta property=\"og:description\" content=\"Studiato spe\u00adcificatamente per la pelle dei giovani, questo deodorante analcolico \u00e8 particolarmente efficace per chi ha problemi di traspirazione eccessiva, specie nelle zone ascellari.\" \/>\n<meta property=\"og:url\" content=\"https:\/\/derbe.it\/es\/producto\/desodorante-derbe-young\/\" \/>\n<meta property=\"og:site_name\" content=\"Derbe - cosmetici naturali\" \/>\n<meta property=\"article:publisher\" content=\"https:\/\/www.facebook.com\/evoderbebio\" \/>\n<meta property=\"article:modified_time\" content=\"2025-06-24T14:41:26+00:00\" \/>\n<meta property=\"og:image\" content=\"https:\/\/derbe.it\/wp-content\/uploads\/2025\/05\/deodorante-young-derbe.jpg\" \/>\n\t<meta property=\"og:image:width\" content=\"1600\" \/>\n\t<meta property=\"og:image:height\" content=\"2000\" \/>\n\t<meta property=\"og:image:type\" content=\"image\/jpeg\" \/>\n<meta name=\"twitter:card\" content=\"summary_large_image\" \/>\n<script type=\"application\/ld+json\" class=\"yoast-schema-graph\">{\"@context\":\"https:\/\/schema.org\",\"@graph\":[{\"@type\":\"WebPage\",\"@id\":\"https:\/\/derbe.it\/prodotto\/deodorante-derbe-young\/\",\"url\":\"https:\/\/derbe.it\/prodotto\/deodorante-derbe-young\/\",\"name\":\"Deodorante Derbe Young - Derbe - cosmetici naturali\",\"isPartOf\":{\"@id\":\"https:\/\/derbe.it\/#website\"},\"primaryImageOfPage\":{\"@id\":\"https:\/\/derbe.it\/prodotto\/deodorante-derbe-young\/#primaryimage\"},\"image\":{\"@id\":\"https:\/\/derbe.it\/prodotto\/deodorante-derbe-young\/#primaryimage\"},\"thumbnailUrl\":\"https:\/\/derbe.it\/wp-content\/uploads\/2025\/05\/deodorante-young-derbe.jpg\",\"datePublished\":\"2018-09-26T08:15:03+00:00\",\"dateModified\":\"2025-06-24T14:41:26+00:00\",\"description\":\"Studiato spe\u00adcificatamente per la pelle dei giovani, questo deodorante analcolico \u00e8 particolarmente efficace per chi ha problemi di traspirazione eccessiva, specie nelle zone ascellari.\",\"breadcrumb\":{\"@id\":\"https:\/\/derbe.it\/prodotto\/deodorante-derbe-young\/#breadcrumb\"},\"inLanguage\":\"es\",\"potentialAction\":[{\"@type\":\"ReadAction\",\"target\":[\"https:\/\/derbe.it\/prodotto\/deodorante-derbe-young\/\"]}]},{\"@type\":\"ImageObject\",\"inLanguage\":\"es\",\"@id\":\"https:\/\/derbe.it\/prodotto\/deodorante-derbe-young\/#primaryimage\",\"url\":\"https:\/\/derbe.it\/wp-content\/uploads\/2025\/05\/deodorante-young-derbe.jpg\",\"contentUrl\":\"https:\/\/derbe.it\/wp-content\/uploads\/2025\/05\/deodorante-young-derbe.jpg\",\"width\":1600,\"height\":2000,\"caption\":\"Deodorante Young Derbe senza alcol per giovani - Derbe\"},{\"@type\":\"BreadcrumbList\",\"@id\":\"https:\/\/derbe.it\/prodotto\/deodorante-derbe-young\/#breadcrumb\",\"itemListElement\":[{\"@type\":\"ListItem\",\"position\":1,\"name\":\"Home\",\"item\":\"https:\/\/derbe.it\/\"},{\"@type\":\"ListItem\",\"position\":2,\"name\":\"Shop\",\"item\":\"https:\/\/derbe.it\/en\/shop\/\"},{\"@type\":\"ListItem\",\"position\":3,\"name\":\"Senza categoria\",\"item\":\"https:\/\/derbe.it\/categoria-prodotto\/senza-categoria\/\"},{\"@type\":\"ListItem\",\"position\":4,\"name\":\"Deodorante Derbe Young\"}]},{\"@type\":\"WebSite\",\"@id\":\"https:\/\/derbe.it\/#website\",\"url\":\"https:\/\/derbe.it\/\",\"name\":\"Derbe\",\"description\":\"Da oltre 50 anni - Made in italy - prodotti per capelli e corpo con estratti vegetali e formule sostenibili\",\"publisher\":{\"@id\":\"https:\/\/derbe.it\/#organization\"},\"potentialAction\":[{\"@type\":\"SearchAction\",\"target\":{\"@type\":\"EntryPoint\",\"urlTemplate\":\"https:\/\/derbe.it\/?s={search_term_string}\"},\"query-input\":{\"@type\":\"PropertyValueSpecification\",\"valueRequired\":true,\"valueName\":\"search_term_string\"}}],\"inLanguage\":\"es\"},{\"@type\":\"Organization\",\"@id\":\"https:\/\/derbe.it\/#organization\",\"name\":\"Derbe\",\"url\":\"https:\/\/derbe.it\/\",\"logo\":{\"@type\":\"ImageObject\",\"inLanguage\":\"es\",\"@id\":\"https:\/\/derbe.it\/#\/schema\/logo\/image\/\",\"url\":\"https:\/\/derbe.it\/wp-content\/uploads\/2025\/06\/logo_derbe_firenze.png\",\"contentUrl\":\"https:\/\/derbe.it\/wp-content\/uploads\/2025\/06\/logo_derbe_firenze.png\",\"width\":1200,\"height\":497,\"caption\":\"Derbe\"},\"image\":{\"@id\":\"https:\/\/derbe.it\/#\/schema\/logo\/image\/\"},\"sameAs\":[\"https:\/\/www.facebook.com\/evoderbebio\",\"https:\/\/www.instagram.com\/derbe.official\/\"],\"email\":\"info@derbe.it\",\"telephone\":\"+39 055 42 11 799\",\"legalName\":\"Derbe S.r.l. a socio unico\",\"vatID\":\"07272610481\"}]}<\/script>\n<!-- \/ Yoast SEO Premium plugin. -->","yoast_head_json":{"title":"Desodorante Derbe Young - Derbe - cosm\u00e9tica natural","description":"Dise\u00f1ado espec\u00edficamente para pieles j\u00f3venes, este desodorante sin alcohol es particularmente eficaz para quienes tienen problemas de sudoraci\u00f3n excesiva, especialmente en la zona de las axilas.","robots":{"index":"index","follow":"follow","max-snippet":"max-snippet:-1","max-image-preview":"max-image-preview:large","max-video-preview":"max-video-preview:-1"},"canonical":"https:\/\/derbe.it\/es\/producto\/desodorante-derbe-young\/","og_locale":"es_ES","og_type":"article","og_title":"Deodorante Derbe Young","og_description":"Studiato spe\u00adcificatamente per la pelle dei giovani, questo deodorante analcolico \u00e8 particolarmente efficace per chi ha problemi di traspirazione eccessiva, specie nelle zone ascellari.","og_url":"https:\/\/derbe.it\/es\/producto\/desodorante-derbe-young\/","og_site_name":"Derbe - cosmetici naturali","article_publisher":"https:\/\/www.facebook.com\/evoderbebio","article_modified_time":"2025-06-24T14:41:26+00:00","og_image":[{"width":1600,"height":2000,"url":"https:\/\/derbe.it\/wp-content\/uploads\/2025\/05\/deodorante-young-derbe.jpg","type":"image\/jpeg"}],"twitter_card":"summary_large_image","schema":{"@context":"https:\/\/schema.org","@graph":[{"@type":"WebPage","@id":"https:\/\/derbe.it\/prodotto\/deodorante-derbe-young\/","url":"https:\/\/derbe.it\/prodotto\/deodorante-derbe-young\/","name":"Desodorante Derbe Young - Derbe - cosm\u00e9tica natural","isPartOf":{"@id":"https:\/\/derbe.it\/#website"},"primaryImageOfPage":{"@id":"https:\/\/derbe.it\/prodotto\/deodorante-derbe-young\/#primaryimage"},"image":{"@id":"https:\/\/derbe.it\/prodotto\/deodorante-derbe-young\/#primaryimage"},"thumbnailUrl":"https:\/\/derbe.it\/wp-content\/uploads\/2025\/05\/deodorante-young-derbe.jpg","datePublished":"2018-09-26T08:15:03+00:00","dateModified":"2025-06-24T14:41:26+00:00","description":"Dise\u00f1ado espec\u00edficamente para pieles j\u00f3venes, este desodorante sin alcohol es particularmente eficaz para quienes tienen problemas de sudoraci\u00f3n excesiva, especialmente en la zona de las axilas.","breadcrumb":{"@id":"https:\/\/derbe.it\/prodotto\/deodorante-derbe-young\/#breadcrumb"},"inLanguage":"es","potentialAction":[{"@type":"ReadAction","target":["https:\/\/derbe.it\/prodotto\/deodorante-derbe-young\/"]}]},{"@type":"ImageObject","inLanguage":"es","@id":"https:\/\/derbe.it\/prodotto\/deodorante-derbe-young\/#primaryimage","url":"https:\/\/derbe.it\/wp-content\/uploads\/2025\/05\/deodorante-young-derbe.jpg","contentUrl":"https:\/\/derbe.it\/wp-content\/uploads\/2025\/05\/deodorante-young-derbe.jpg","width":1600,"height":2000,"caption":"Deodorante Young Derbe senza alcol per giovani - Derbe"},{"@type":"BreadcrumbList","@id":"https:\/\/derbe.it\/prodotto\/deodorante-derbe-young\/#breadcrumb","itemListElement":[{"@type":"ListItem","position":1,"name":"Home","item":"https:\/\/derbe.it\/"},{"@type":"ListItem","position":2,"name":"Shop","item":"https:\/\/derbe.it\/en\/shop\/"},{"@type":"ListItem","position":3,"name":"Senza categoria","item":"https:\/\/derbe.it\/categoria-prodotto\/senza-categoria\/"},{"@type":"ListItem","position":4,"name":"Deodorante Derbe Young"}]},{"@type":"WebSite","@id":"https:\/\/derbe.it\/#website","url":"https:\/\/derbe.it\/","name":"Derbe","description":"Desde hace m\u00e1s de 50 a\u00f1os - Hecho en Italia - Productos para el cabello y el cuerpo con extractos de plantas y f\u00f3rmulas sostenibles","publisher":{"@id":"https:\/\/derbe.it\/#organization"},"potentialAction":[{"@type":"SearchAction","target":{"@type":"EntryPoint","urlTemplate":"https:\/\/derbe.it\/?s={search_term_string}"},"query-input":{"@type":"PropertyValueSpecification","valueRequired":true,"valueName":"search_term_string"}}],"inLanguage":"es"},{"@type":"Organization","@id":"https:\/\/derbe.it\/#organization","name":"Derbe","url":"https:\/\/derbe.it\/","logo":{"@type":"ImageObject","inLanguage":"es","@id":"https:\/\/derbe.it\/#\/schema\/logo\/image\/","url":"https:\/\/derbe.it\/wp-content\/uploads\/2025\/06\/logo_derbe_firenze.png","contentUrl":"https:\/\/derbe.it\/wp-content\/uploads\/2025\/06\/logo_derbe_firenze.png","width":1200,"height":497,"caption":"Derbe"},"image":{"@id":"https:\/\/derbe.it\/#\/schema\/logo\/image\/"},"sameAs":["https:\/\/www.facebook.com\/evoderbebio","https:\/\/www.instagram.com\/derbe.official\/"],"email":"info@derbe.it","telephone":"+39 055 42 11 799","legalName":"Derbe S.r.l. a socio unico","vatID":"07272610481"}]}},"_links":{"self":[{"href":"https:\/\/derbe.it\/es\/wp-json\/wp\/v2\/product\/656","targetHints":{"allow":["GET"]}}],"collection":[{"href":"https:\/\/derbe.it\/es\/wp-json\/wp\/v2\/product"}],"about":[{"href":"https:\/\/derbe.it\/es\/wp-json\/wp\/v2\/types\/product"}],"wp:featuredmedia":[{"embeddable":true,"href":"https:\/\/derbe.it\/es\/wp-json\/wp\/v2\/media\/657"}],"wp:attachment":[{"href":"https:\/\/derbe.it\/es\/wp-json\/wp\/v2\/media?parent=656"}],"wp:term":[{"taxonomy":"caratteristica","embeddable":true,"href":"https:\/\/derbe.it\/es\/wp-json\/wp\/v2\/caratteristica?post=656"},{"taxonomy":"collezione","embeddable":true,"href":"https:\/\/derbe.it\/es\/wp-json\/wp\/v2\/collezione?post=656"},{"taxonomy":"formato","embeddable":true,"href":"https:\/\/derbe.it\/es\/wp-json\/wp\/v2\/formato?post=656"},{"taxonomy":"funzione","embeddable":true,"href":"https:\/\/derbe.it\/es\/wp-json\/wp\/v2\/funzione?post=656"},{"taxonomy":"utilizzo","embeddable":true,"href":"https:\/\/derbe.it\/es\/wp-json\/wp\/v2\/utilizzo?post=656"},{"taxonomy":"ingrediente-principale","embeddable":true,"href":"https:\/\/derbe.it\/es\/wp-json\/wp\/v2\/ingrediente-principale?post=656"},{"taxonomy":"product_brand","embeddable":true,"href":"https:\/\/derbe.it\/es\/wp-json\/wp\/v2\/product_brand?post=656"},{"taxonomy":"product_cat","embeddable":true,"href":"https:\/\/derbe.it\/es\/wp-json\/wp\/v2\/product_cat?post=656"},{"taxonomy":"product_tag","embeddable":true,"href":"https:\/\/derbe.it\/es\/wp-json\/wp\/v2\/product_tag?post=656"}],"curies":[{"name":"wp","href":"https:\/\/api.w.org\/{rel}","templated":true}]}}