{"id":807,"date":"2020-09-29T10:57:45","date_gmt":"2020-09-29T08:57:45","guid":{"rendered":"https:\/\/derbe.it\/prodotto\/crema-mani-e-viso-difesa\/"},"modified":"2025-06-24T16:41:37","modified_gmt":"2025-06-24T14:41:37","slug":"crema-protectora-para-manos-y-rostro","status":"publish","type":"product","link":"https:\/\/derbe.it\/es\/producto\/crema-protectora-para-manos-y-rostro\/","title":{"rendered":"Crema de manos y rostro Defense +"},"content":{"rendered":"<p>Difesa+ ayuda a reconstruir la protecci\u00f3n hidrolip\u00eddica de la piel gracias a la presencia de ceramida-3, extracto de hierba de San Juan y manteca de karit\u00e9.<\/p>","protected":false},"excerpt":{"rendered":"<p>GEL Y MASCARILLA POST<\/p>\n<p>Difesa+ aiuta a ricostruire la protezione idrolipidica della pelle grazie alla presenza di ceramide-3, all&#8217;estratto di iperico e al burro di karit\u00e9. Contiene bisabololo e olio essenziale di lavanda. Svolge un&#8217;azione purificante dovuta all&#8217;effetto attivo dell&#8217;argento che ne caratterizza la struttura. Arricchita con Symphytum officinale (Consolida maggiore), che coadiuva un ottimale processo di rinnovamento cellulare. [&#8230;]<\/p>\n<p><a class=\"btn btn-secondary understrap-read-more-link\" href=\"https:\/\/derbe.it\/es\/producto\/crema-protectora-para-manos-y-rostro\/\">Leer m\u00e1s\u2026<span class=\"screen-reader-text\"> from Crema mani e viso Difesa +<\/span><\/a><\/p>","protected":false},"featured_media":808,"template":"","meta":{"_acf_changed":false},"caratteristica":[],"collezione":[112],"formato":[],"funzione":[],"utilizzo":[],"ingrediente-principale":[],"product_brand":[],"product_cat":[15],"product_tag":[],"class_list":{"0":"post-807","1":"product","2":"type-product","3":"status-publish","4":"has-post-thumbnail","6":"collezione-derbe-skin","7":"product_cat-senza-categoria","9":"first","10":"instock","11":"purchasable","12":"product-type-simple"},"acf":[],"yoast_head":"<!-- This site is optimized with the Yoast SEO Premium plugin v26.1 (Yoast SEO v26.8) - https:\/\/yoast.com\/product\/yoast-seo-premium-wordpress\/ -->\n<title>Crema mani e viso Difesa + - Derbe - cosmetici naturali<\/title>\n<meta name=\"description\" content=\"POST GEL E MASCHERINA Difesa+ aiuta a ricostruire la protezione idrolipidica della pelle grazie alla presenza di ceramide-3, all&#039;estratto di iperico e al burro di karit\u00e9. Contiene bisabololo e olio essenziale di lavanda. Svolge un&#039;azione purificante dovuta all&#039;effetto attivo dell&#039;argento che ne caratterizza la struttura. Arricchita con Symphytum officinale (Consolida maggiore), che coadiuva un ottimale processo di rinnovamento cellulare.\" \/>\n<meta name=\"robots\" content=\"index, follow, max-snippet:-1, max-image-preview:large, max-video-preview:-1\" \/>\n<link rel=\"canonical\" href=\"https:\/\/derbe.it\/es\/producto\/crema-protectora-para-manos-y-rostro\/\" \/>\n<meta property=\"og:locale\" content=\"es_ES\" \/>\n<meta property=\"og:type\" content=\"article\" \/>\n<meta property=\"og:title\" content=\"Crema mani e viso Difesa +\" \/>\n<meta property=\"og:description\" content=\"POST GEL E MASCHERINA Difesa+ aiuta a ricostruire la protezione idrolipidica della pelle grazie alla presenza di ceramide-3, all&#039;estratto di iperico e al burro di karit\u00e9. Contiene bisabololo e olio essenziale di lavanda. Svolge un&#039;azione purificante dovuta all&#039;effetto attivo dell&#039;argento che ne caratterizza la struttura. Arricchita con Symphytum officinale (Consolida maggiore), che coadiuva un ottimale processo di rinnovamento cellulare.\" \/>\n<meta property=\"og:url\" content=\"https:\/\/derbe.it\/es\/producto\/crema-protectora-para-manos-y-rostro\/\" \/>\n<meta property=\"og:site_name\" content=\"Derbe - cosmetici naturali\" \/>\n<meta property=\"article:publisher\" content=\"https:\/\/www.facebook.com\/evoderbebio\" \/>\n<meta property=\"article:modified_time\" content=\"2025-06-24T14:41:37+00:00\" \/>\n<meta property=\"og:image\" content=\"https:\/\/derbe.it\/wp-content\/uploads\/2025\/05\/difesa-emulsione-ricostruttiva-post-gel-mascherina-argento-consolida-maggiore-scatola-derbe.jpg\" \/>\n\t<meta property=\"og:image:width\" content=\"1600\" \/>\n\t<meta property=\"og:image:height\" content=\"2000\" \/>\n\t<meta property=\"og:image:type\" content=\"image\/jpeg\" \/>\n<meta name=\"twitter:card\" content=\"summary_large_image\" \/>\n<script type=\"application\/ld+json\" class=\"yoast-schema-graph\">{\"@context\":\"https:\/\/schema.org\",\"@graph\":[{\"@type\":\"WebPage\",\"@id\":\"https:\/\/derbe.it\/prodotto\/crema-mani-e-viso-difesa\/\",\"url\":\"https:\/\/derbe.it\/prodotto\/crema-mani-e-viso-difesa\/\",\"name\":\"Crema mani e viso Difesa + - Derbe - cosmetici naturali\",\"isPartOf\":{\"@id\":\"https:\/\/derbe.it\/#website\"},\"primaryImageOfPage\":{\"@id\":\"https:\/\/derbe.it\/prodotto\/crema-mani-e-viso-difesa\/#primaryimage\"},\"image\":{\"@id\":\"https:\/\/derbe.it\/prodotto\/crema-mani-e-viso-difesa\/#primaryimage\"},\"thumbnailUrl\":\"https:\/\/derbe.it\/wp-content\/uploads\/2025\/05\/difesa-emulsione-ricostruttiva-post-gel-mascherina-argento-consolida-maggiore-scatola-derbe.jpg\",\"datePublished\":\"2020-09-29T08:57:45+00:00\",\"dateModified\":\"2025-06-24T14:41:37+00:00\",\"description\":\"POST GEL E MASCHERINA Difesa+ aiuta a ricostruire la protezione idrolipidica della pelle grazie alla presenza di ceramide-3, all'estratto di iperico e al burro di karit\u00e9. Contiene bisabololo e olio essenziale di lavanda. Svolge un'azione purificante dovuta all'effetto attivo dell'argento che ne caratterizza la struttura. Arricchita con Symphytum officinale (Consolida maggiore), che coadiuva un ottimale processo di rinnovamento cellulare.\",\"breadcrumb\":{\"@id\":\"https:\/\/derbe.it\/prodotto\/crema-mani-e-viso-difesa\/#breadcrumb\"},\"inLanguage\":\"es\",\"potentialAction\":[{\"@type\":\"ReadAction\",\"target\":[\"https:\/\/derbe.it\/prodotto\/crema-mani-e-viso-difesa\/\"]}]},{\"@type\":\"ImageObject\",\"inLanguage\":\"es\",\"@id\":\"https:\/\/derbe.it\/prodotto\/crema-mani-e-viso-difesa\/#primaryimage\",\"url\":\"https:\/\/derbe.it\/wp-content\/uploads\/2025\/05\/difesa-emulsione-ricostruttiva-post-gel-mascherina-argento-consolida-maggiore-scatola-derbe.jpg\",\"contentUrl\":\"https:\/\/derbe.it\/wp-content\/uploads\/2025\/05\/difesa-emulsione-ricostruttiva-post-gel-mascherina-argento-consolida-maggiore-scatola-derbe.jpg\",\"width\":1600,\"height\":2000,\"caption\":\"Emulsione ricostruttiva post mascherina - Derbe\"},{\"@type\":\"BreadcrumbList\",\"@id\":\"https:\/\/derbe.it\/prodotto\/crema-mani-e-viso-difesa\/#breadcrumb\",\"itemListElement\":[{\"@type\":\"ListItem\",\"position\":1,\"name\":\"Home\",\"item\":\"https:\/\/derbe.it\/\"},{\"@type\":\"ListItem\",\"position\":2,\"name\":\"Shop\",\"item\":\"https:\/\/derbe.it\/en\/shop\/\"},{\"@type\":\"ListItem\",\"position\":3,\"name\":\"Senza categoria\",\"item\":\"https:\/\/derbe.it\/categoria-prodotto\/senza-categoria\/\"},{\"@type\":\"ListItem\",\"position\":4,\"name\":\"Crema mani e viso Difesa +\"}]},{\"@type\":\"WebSite\",\"@id\":\"https:\/\/derbe.it\/#website\",\"url\":\"https:\/\/derbe.it\/\",\"name\":\"Derbe\",\"description\":\"Da oltre 50 anni - Made in italy - prodotti per capelli e corpo con estratti vegetali e formule sostenibili\",\"publisher\":{\"@id\":\"https:\/\/derbe.it\/#organization\"},\"potentialAction\":[{\"@type\":\"SearchAction\",\"target\":{\"@type\":\"EntryPoint\",\"urlTemplate\":\"https:\/\/derbe.it\/?s={search_term_string}\"},\"query-input\":{\"@type\":\"PropertyValueSpecification\",\"valueRequired\":true,\"valueName\":\"search_term_string\"}}],\"inLanguage\":\"es\"},{\"@type\":\"Organization\",\"@id\":\"https:\/\/derbe.it\/#organization\",\"name\":\"Derbe\",\"url\":\"https:\/\/derbe.it\/\",\"logo\":{\"@type\":\"ImageObject\",\"inLanguage\":\"es\",\"@id\":\"https:\/\/derbe.it\/#\/schema\/logo\/image\/\",\"url\":\"https:\/\/derbe.it\/wp-content\/uploads\/2025\/06\/logo_derbe_firenze.png\",\"contentUrl\":\"https:\/\/derbe.it\/wp-content\/uploads\/2025\/06\/logo_derbe_firenze.png\",\"width\":1200,\"height\":497,\"caption\":\"Derbe\"},\"image\":{\"@id\":\"https:\/\/derbe.it\/#\/schema\/logo\/image\/\"},\"sameAs\":[\"https:\/\/www.facebook.com\/evoderbebio\",\"https:\/\/www.instagram.com\/derbe.official\/\"],\"email\":\"info@derbe.it\",\"telephone\":\"+39 055 42 11 799\",\"legalName\":\"Derbe S.r.l. a socio unico\",\"vatID\":\"07272610481\"}]}<\/script>\n<!-- \/ Yoast SEO Premium plugin. -->","yoast_head_json":{"title":"Difesa + Crema de manos y rostro - Derbe - Cosm\u00e9tica natural","description":"Tras el gel y la mascarilla, Difesa+ ayuda a reconstruir la protecci\u00f3n hidrolip\u00eddica de la piel gracias a la presencia de ceramida-3, extracto de hip\u00e9rico y manteca de karit\u00e9. Contiene bisabolol y aceite esencial de lavanda. Su f\u00f3rmula, con plata, posee un efecto purificante. Enriquecida con consuelda (Symphytum officinale), que favorece una \u00f3ptima renovaci\u00f3n celular.","robots":{"index":"index","follow":"follow","max-snippet":"max-snippet:-1","max-image-preview":"max-image-preview:large","max-video-preview":"max-video-preview:-1"},"canonical":"https:\/\/derbe.it\/es\/producto\/crema-protectora-para-manos-y-rostro\/","og_locale":"es_ES","og_type":"article","og_title":"Crema mani e viso Difesa +","og_description":"POST GEL E MASCHERINA Difesa+ aiuta a ricostruire la protezione idrolipidica della pelle grazie alla presenza di ceramide-3, all'estratto di iperico e al burro di karit\u00e9. Contiene bisabololo e olio essenziale di lavanda. Svolge un'azione purificante dovuta all'effetto attivo dell'argento che ne caratterizza la struttura. Arricchita con Symphytum officinale (Consolida maggiore), che coadiuva un ottimale processo di rinnovamento cellulare.","og_url":"https:\/\/derbe.it\/es\/producto\/crema-protectora-para-manos-y-rostro\/","og_site_name":"Derbe - cosmetici naturali","article_publisher":"https:\/\/www.facebook.com\/evoderbebio","article_modified_time":"2025-06-24T14:41:37+00:00","og_image":[{"width":1600,"height":2000,"url":"https:\/\/derbe.it\/wp-content\/uploads\/2025\/05\/difesa-emulsione-ricostruttiva-post-gel-mascherina-argento-consolida-maggiore-scatola-derbe.jpg","type":"image\/jpeg"}],"twitter_card":"summary_large_image","schema":{"@context":"https:\/\/schema.org","@graph":[{"@type":"WebPage","@id":"https:\/\/derbe.it\/prodotto\/crema-mani-e-viso-difesa\/","url":"https:\/\/derbe.it\/prodotto\/crema-mani-e-viso-difesa\/","name":"Difesa + Crema de manos y rostro - Derbe - Cosm\u00e9tica natural","isPartOf":{"@id":"https:\/\/derbe.it\/#website"},"primaryImageOfPage":{"@id":"https:\/\/derbe.it\/prodotto\/crema-mani-e-viso-difesa\/#primaryimage"},"image":{"@id":"https:\/\/derbe.it\/prodotto\/crema-mani-e-viso-difesa\/#primaryimage"},"thumbnailUrl":"https:\/\/derbe.it\/wp-content\/uploads\/2025\/05\/difesa-emulsione-ricostruttiva-post-gel-mascherina-argento-consolida-maggiore-scatola-derbe.jpg","datePublished":"2020-09-29T08:57:45+00:00","dateModified":"2025-06-24T14:41:37+00:00","description":"Tras el gel y la mascarilla, Difesa+ ayuda a reconstruir la protecci\u00f3n hidrolip\u00eddica de la piel gracias a la presencia de ceramida-3, extracto de hip\u00e9rico y manteca de karit\u00e9. Contiene bisabolol y aceite esencial de lavanda. Su f\u00f3rmula, con plata, posee un efecto purificante. Enriquecida con consuelda (Symphytum officinale), que favorece una \u00f3ptima renovaci\u00f3n celular.","breadcrumb":{"@id":"https:\/\/derbe.it\/prodotto\/crema-mani-e-viso-difesa\/#breadcrumb"},"inLanguage":"es","potentialAction":[{"@type":"ReadAction","target":["https:\/\/derbe.it\/prodotto\/crema-mani-e-viso-difesa\/"]}]},{"@type":"ImageObject","inLanguage":"es","@id":"https:\/\/derbe.it\/prodotto\/crema-mani-e-viso-difesa\/#primaryimage","url":"https:\/\/derbe.it\/wp-content\/uploads\/2025\/05\/difesa-emulsione-ricostruttiva-post-gel-mascherina-argento-consolida-maggiore-scatola-derbe.jpg","contentUrl":"https:\/\/derbe.it\/wp-content\/uploads\/2025\/05\/difesa-emulsione-ricostruttiva-post-gel-mascherina-argento-consolida-maggiore-scatola-derbe.jpg","width":1600,"height":2000,"caption":"Emulsione ricostruttiva post mascherina - Derbe"},{"@type":"BreadcrumbList","@id":"https:\/\/derbe.it\/prodotto\/crema-mani-e-viso-difesa\/#breadcrumb","itemListElement":[{"@type":"ListItem","position":1,"name":"Home","item":"https:\/\/derbe.it\/"},{"@type":"ListItem","position":2,"name":"Shop","item":"https:\/\/derbe.it\/en\/shop\/"},{"@type":"ListItem","position":3,"name":"Senza categoria","item":"https:\/\/derbe.it\/categoria-prodotto\/senza-categoria\/"},{"@type":"ListItem","position":4,"name":"Crema mani e viso Difesa +"}]},{"@type":"WebSite","@id":"https:\/\/derbe.it\/#website","url":"https:\/\/derbe.it\/","name":"Derbe","description":"Desde hace m\u00e1s de 50 a\u00f1os - Hecho en Italia - Productos para el cabello y el cuerpo con extractos de plantas y f\u00f3rmulas sostenibles","publisher":{"@id":"https:\/\/derbe.it\/#organization"},"potentialAction":[{"@type":"SearchAction","target":{"@type":"EntryPoint","urlTemplate":"https:\/\/derbe.it\/?s={search_term_string}"},"query-input":{"@type":"PropertyValueSpecification","valueRequired":true,"valueName":"search_term_string"}}],"inLanguage":"es"},{"@type":"Organization","@id":"https:\/\/derbe.it\/#organization","name":"Derbe","url":"https:\/\/derbe.it\/","logo":{"@type":"ImageObject","inLanguage":"es","@id":"https:\/\/derbe.it\/#\/schema\/logo\/image\/","url":"https:\/\/derbe.it\/wp-content\/uploads\/2025\/06\/logo_derbe_firenze.png","contentUrl":"https:\/\/derbe.it\/wp-content\/uploads\/2025\/06\/logo_derbe_firenze.png","width":1200,"height":497,"caption":"Derbe"},"image":{"@id":"https:\/\/derbe.it\/#\/schema\/logo\/image\/"},"sameAs":["https:\/\/www.facebook.com\/evoderbebio","https:\/\/www.instagram.com\/derbe.official\/"],"email":"info@derbe.it","telephone":"+39 055 42 11 799","legalName":"Derbe S.r.l. a socio unico","vatID":"07272610481"}]}},"_links":{"self":[{"href":"https:\/\/derbe.it\/es\/wp-json\/wp\/v2\/product\/807","targetHints":{"allow":["GET"]}}],"collection":[{"href":"https:\/\/derbe.it\/es\/wp-json\/wp\/v2\/product"}],"about":[{"href":"https:\/\/derbe.it\/es\/wp-json\/wp\/v2\/types\/product"}],"wp:featuredmedia":[{"embeddable":true,"href":"https:\/\/derbe.it\/es\/wp-json\/wp\/v2\/media\/808"}],"wp:attachment":[{"href":"https:\/\/derbe.it\/es\/wp-json\/wp\/v2\/media?parent=807"}],"wp:term":[{"taxonomy":"caratteristica","embeddable":true,"href":"https:\/\/derbe.it\/es\/wp-json\/wp\/v2\/caratteristica?post=807"},{"taxonomy":"collezione","embeddable":true,"href":"https:\/\/derbe.it\/es\/wp-json\/wp\/v2\/collezione?post=807"},{"taxonomy":"formato","embeddable":true,"href":"https:\/\/derbe.it\/es\/wp-json\/wp\/v2\/formato?post=807"},{"taxonomy":"funzione","embeddable":true,"href":"https:\/\/derbe.it\/es\/wp-json\/wp\/v2\/funzione?post=807"},{"taxonomy":"utilizzo","embeddable":true,"href":"https:\/\/derbe.it\/es\/wp-json\/wp\/v2\/utilizzo?post=807"},{"taxonomy":"ingrediente-principale","embeddable":true,"href":"https:\/\/derbe.it\/es\/wp-json\/wp\/v2\/ingrediente-principale?post=807"},{"taxonomy":"product_brand","embeddable":true,"href":"https:\/\/derbe.it\/es\/wp-json\/wp\/v2\/product_brand?post=807"},{"taxonomy":"product_cat","embeddable":true,"href":"https:\/\/derbe.it\/es\/wp-json\/wp\/v2\/product_cat?post=807"},{"taxonomy":"product_tag","embeddable":true,"href":"https:\/\/derbe.it\/es\/wp-json\/wp\/v2\/product_tag?post=807"}],"curies":[{"name":"wp","href":"https:\/\/api.w.org\/{rel}","templated":true}]}}