{"id":821,"date":"2021-03-01T11:10:50","date_gmt":"2021-03-01T10:10:50","guid":{"rendered":"https:\/\/derbe.it\/prodotto\/saponetta-fiori-del-chianti\/"},"modified":"2025-09-03T17:46:04","modified_gmt":"2025-09-03T15:46:04","slug":"jabon-de-flores-de-chianti","status":"publish","type":"product","link":"https:\/\/derbe.it\/es\/producto\/jabon-de-flores-de-chianti\/","title":{"rendered":"Jab\u00f3n de flores de Chianti"},"content":{"rendered":"<p>\u00c9rase una vez, en las ondulantes colinas de Chianti, salpicadas de vi\u00f1edos y prados, las j\u00f3venes en flor recog\u00edan ramos de dulces violetas, mientras que los j\u00f3venes recog\u00edan lirios florentinos. Este es un homenaje a la estaci\u00f3n del amor y la vida. \u00bfSer\u00e1 por eso que el embriagador vino Chianti deja un aroma floral en la boca? Cuando un perfume se elige por impulso, refleja los sentimientos m\u00e1s \u00edntimos, los secretos, los deseos, las elecciones, las expectativas y la trascendencia m\u00edstica y oculta de la personalidad. Flores de Chianti, &quot;Dulce Amor&quot;.<\/p>","protected":false},"excerpt":{"rendered":"<p>Saponetta Fiori del Chianti con estratto di iris (giaggiolo) e viola mammola \u00e8 una fresca profumazione ispirata alle dolci colline toscane. Linea indicata sia per l\u2019uomo che la donna. [&#8230;]<\/p>\n<p><a class=\"btn btn-secondary understrap-read-more-link\" href=\"https:\/\/derbe.it\/es\/producto\/jabon-de-flores-de-chianti\/\">Leer m\u00e1s\u2026<span class=\"screen-reader-text\"> from Saponetta Fiori del Chianti<\/span><\/a><\/p>","protected":false},"featured_media":822,"template":"","meta":{"_acf_changed":false},"caratteristica":[],"collezione":[129,75],"formato":[],"funzione":[],"utilizzo":[],"ingrediente-principale":[],"product_brand":[],"product_cat":[109],"product_tag":[],"class_list":{"0":"post-821","1":"product","2":"type-product","3":"status-publish","4":"has-post-thumbnail","6":"collezione-fiori-del-chianti","7":"collezione-speziali-fiorentini","8":"product_cat-sapone-mani","10":"first","11":"instock","12":"purchasable","13":"product-type-simple"},"acf":[],"yoast_head":"<!-- This site is optimized with the Yoast SEO Premium plugin v26.1 (Yoast SEO v26.8) - https:\/\/yoast.com\/product\/yoast-seo-premium-wordpress\/ -->\n<title>Saponetta Fiori del Chianti - Derbe - cosmetici naturali<\/title>\n<meta name=\"description\" content=\"Saponetta Fiori del Chianti con estratto di iris (giaggiolo) e viola mammola \u00e8 una fresca profumazione ispirata alle dolci colline toscane. Linea indicata sia per l\u2019uomo che la donna.\" \/>\n<meta name=\"robots\" content=\"index, follow, max-snippet:-1, max-image-preview:large, max-video-preview:-1\" \/>\n<link rel=\"canonical\" href=\"https:\/\/derbe.it\/es\/producto\/jabon-de-flores-de-chianti\/\" \/>\n<meta property=\"og:locale\" content=\"es_ES\" \/>\n<meta property=\"og:type\" content=\"article\" \/>\n<meta property=\"og:title\" content=\"Saponetta Fiori del Chianti\" \/>\n<meta property=\"og:description\" content=\"Saponetta Fiori del Chianti con estratto di iris (giaggiolo) e viola mammola \u00e8 una fresca profumazione ispirata alle dolci colline toscane. Linea indicata sia per l\u2019uomo che la donna.\" \/>\n<meta property=\"og:url\" content=\"https:\/\/derbe.it\/es\/producto\/jabon-de-flores-de-chianti\/\" \/>\n<meta property=\"og:site_name\" content=\"Derbe - cosmetici naturali\" \/>\n<meta property=\"article:publisher\" content=\"https:\/\/www.facebook.com\/evoderbebio\" \/>\n<meta property=\"article:modified_time\" content=\"2025-09-03T15:46:04+00:00\" \/>\n<meta property=\"og:image\" content=\"https:\/\/derbe.it\/wp-content\/uploads\/2025\/05\/saponetta-speziali-fiorentini-fiori-del-chianti-derbe.jpg\" \/>\n\t<meta property=\"og:image:width\" content=\"1600\" \/>\n\t<meta property=\"og:image:height\" content=\"2000\" \/>\n\t<meta property=\"og:image:type\" content=\"image\/jpeg\" \/>\n<meta name=\"twitter:card\" content=\"summary_large_image\" \/>\n<script type=\"application\/ld+json\" class=\"yoast-schema-graph\">{\"@context\":\"https:\/\/schema.org\",\"@graph\":[{\"@type\":\"WebPage\",\"@id\":\"https:\/\/derbe.it\/prodotto\/saponetta-fiori-del-chianti\/\",\"url\":\"https:\/\/derbe.it\/prodotto\/saponetta-fiori-del-chianti\/\",\"name\":\"Saponetta Fiori del Chianti - Derbe - cosmetici naturali\",\"isPartOf\":{\"@id\":\"https:\/\/derbe.it\/#website\"},\"primaryImageOfPage\":{\"@id\":\"https:\/\/derbe.it\/prodotto\/saponetta-fiori-del-chianti\/#primaryimage\"},\"image\":{\"@id\":\"https:\/\/derbe.it\/prodotto\/saponetta-fiori-del-chianti\/#primaryimage\"},\"thumbnailUrl\":\"https:\/\/derbe.it\/wp-content\/uploads\/2025\/05\/saponetta-speziali-fiorentini-fiori-del-chianti-derbe.jpg\",\"datePublished\":\"2021-03-01T10:10:50+00:00\",\"dateModified\":\"2025-09-03T15:46:04+00:00\",\"description\":\"Saponetta Fiori del Chianti con estratto di iris (giaggiolo) e viola mammola \u00e8 una fresca profumazione ispirata alle dolci colline toscane. Linea indicata sia per l\u2019uomo che la donna.\",\"breadcrumb\":{\"@id\":\"https:\/\/derbe.it\/prodotto\/saponetta-fiori-del-chianti\/#breadcrumb\"},\"inLanguage\":\"es\",\"potentialAction\":[{\"@type\":\"ReadAction\",\"target\":[\"https:\/\/derbe.it\/prodotto\/saponetta-fiori-del-chianti\/\"]}]},{\"@type\":\"ImageObject\",\"inLanguage\":\"es\",\"@id\":\"https:\/\/derbe.it\/prodotto\/saponetta-fiori-del-chianti\/#primaryimage\",\"url\":\"https:\/\/derbe.it\/wp-content\/uploads\/2025\/05\/saponetta-speziali-fiorentini-fiori-del-chianti-derbe.jpg\",\"contentUrl\":\"https:\/\/derbe.it\/wp-content\/uploads\/2025\/05\/saponetta-speziali-fiorentini-fiori-del-chianti-derbe.jpg\",\"width\":1600,\"height\":2000,\"caption\":\"Saponetta Fiori del Chianti - Speziali Fiorentini - Derbe\"},{\"@type\":\"BreadcrumbList\",\"@id\":\"https:\/\/derbe.it\/prodotto\/saponetta-fiori-del-chianti\/#breadcrumb\",\"itemListElement\":[{\"@type\":\"ListItem\",\"position\":1,\"name\":\"Home\",\"item\":\"https:\/\/derbe.it\/\"},{\"@type\":\"ListItem\",\"position\":2,\"name\":\"Shop\",\"item\":\"https:\/\/derbe.it\/en\/shop\/\"},{\"@type\":\"ListItem\",\"position\":3,\"name\":\"Sapone Mani\",\"item\":\"https:\/\/derbe.it\/categoria-prodotto\/sapone-mani\/\"},{\"@type\":\"ListItem\",\"position\":4,\"name\":\"Saponetta Fiori del Chianti\"}]},{\"@type\":\"WebSite\",\"@id\":\"https:\/\/derbe.it\/#website\",\"url\":\"https:\/\/derbe.it\/\",\"name\":\"Derbe\",\"description\":\"Da oltre 50 anni - Made in italy - prodotti per capelli e corpo con estratti vegetali e formule sostenibili\",\"publisher\":{\"@id\":\"https:\/\/derbe.it\/#organization\"},\"potentialAction\":[{\"@type\":\"SearchAction\",\"target\":{\"@type\":\"EntryPoint\",\"urlTemplate\":\"https:\/\/derbe.it\/?s={search_term_string}\"},\"query-input\":{\"@type\":\"PropertyValueSpecification\",\"valueRequired\":true,\"valueName\":\"search_term_string\"}}],\"inLanguage\":\"es\"},{\"@type\":\"Organization\",\"@id\":\"https:\/\/derbe.it\/#organization\",\"name\":\"Derbe\",\"url\":\"https:\/\/derbe.it\/\",\"logo\":{\"@type\":\"ImageObject\",\"inLanguage\":\"es\",\"@id\":\"https:\/\/derbe.it\/#\/schema\/logo\/image\/\",\"url\":\"https:\/\/derbe.it\/wp-content\/uploads\/2025\/06\/logo_derbe_firenze.png\",\"contentUrl\":\"https:\/\/derbe.it\/wp-content\/uploads\/2025\/06\/logo_derbe_firenze.png\",\"width\":1200,\"height\":497,\"caption\":\"Derbe\"},\"image\":{\"@id\":\"https:\/\/derbe.it\/#\/schema\/logo\/image\/\"},\"sameAs\":[\"https:\/\/www.facebook.com\/evoderbebio\",\"https:\/\/www.instagram.com\/derbe.official\/\"],\"email\":\"info@derbe.it\",\"telephone\":\"+39 055 42 11 799\",\"legalName\":\"Derbe S.r.l. a socio unico\",\"vatID\":\"07272610481\"}]}<\/script>\n<!-- \/ Yoast SEO Premium plugin. -->","yoast_head_json":{"title":"Jab\u00f3n de flores de Chianti - Derbe - cosm\u00e9tica natural","description":"El jab\u00f3n Fiori del Chianti con extractos de iris y violeta tiene un aroma fresco inspirado en las ondulantes colinas de la Toscana. Apto tanto para hombres como para mujeres.","robots":{"index":"index","follow":"follow","max-snippet":"max-snippet:-1","max-image-preview":"max-image-preview:large","max-video-preview":"max-video-preview:-1"},"canonical":"https:\/\/derbe.it\/es\/producto\/jabon-de-flores-de-chianti\/","og_locale":"es_ES","og_type":"article","og_title":"Saponetta Fiori del Chianti","og_description":"Saponetta Fiori del Chianti con estratto di iris (giaggiolo) e viola mammola \u00e8 una fresca profumazione ispirata alle dolci colline toscane. Linea indicata sia per l\u2019uomo che la donna.","og_url":"https:\/\/derbe.it\/es\/producto\/jabon-de-flores-de-chianti\/","og_site_name":"Derbe - cosmetici naturali","article_publisher":"https:\/\/www.facebook.com\/evoderbebio","article_modified_time":"2025-09-03T15:46:04+00:00","og_image":[{"width":1600,"height":2000,"url":"https:\/\/derbe.it\/wp-content\/uploads\/2025\/05\/saponetta-speziali-fiorentini-fiori-del-chianti-derbe.jpg","type":"image\/jpeg"}],"twitter_card":"summary_large_image","schema":{"@context":"https:\/\/schema.org","@graph":[{"@type":"WebPage","@id":"https:\/\/derbe.it\/prodotto\/saponetta-fiori-del-chianti\/","url":"https:\/\/derbe.it\/prodotto\/saponetta-fiori-del-chianti\/","name":"Jab\u00f3n de flores de Chianti - Derbe - cosm\u00e9tica natural","isPartOf":{"@id":"https:\/\/derbe.it\/#website"},"primaryImageOfPage":{"@id":"https:\/\/derbe.it\/prodotto\/saponetta-fiori-del-chianti\/#primaryimage"},"image":{"@id":"https:\/\/derbe.it\/prodotto\/saponetta-fiori-del-chianti\/#primaryimage"},"thumbnailUrl":"https:\/\/derbe.it\/wp-content\/uploads\/2025\/05\/saponetta-speziali-fiorentini-fiori-del-chianti-derbe.jpg","datePublished":"2021-03-01T10:10:50+00:00","dateModified":"2025-09-03T15:46:04+00:00","description":"El jab\u00f3n Fiori del Chianti con extractos de iris y violeta tiene un aroma fresco inspirado en las ondulantes colinas de la Toscana. Apto tanto para hombres como para mujeres.","breadcrumb":{"@id":"https:\/\/derbe.it\/prodotto\/saponetta-fiori-del-chianti\/#breadcrumb"},"inLanguage":"es","potentialAction":[{"@type":"ReadAction","target":["https:\/\/derbe.it\/prodotto\/saponetta-fiori-del-chianti\/"]}]},{"@type":"ImageObject","inLanguage":"es","@id":"https:\/\/derbe.it\/prodotto\/saponetta-fiori-del-chianti\/#primaryimage","url":"https:\/\/derbe.it\/wp-content\/uploads\/2025\/05\/saponetta-speziali-fiorentini-fiori-del-chianti-derbe.jpg","contentUrl":"https:\/\/derbe.it\/wp-content\/uploads\/2025\/05\/saponetta-speziali-fiorentini-fiori-del-chianti-derbe.jpg","width":1600,"height":2000,"caption":"Saponetta Fiori del Chianti - Speziali Fiorentini - Derbe"},{"@type":"BreadcrumbList","@id":"https:\/\/derbe.it\/prodotto\/saponetta-fiori-del-chianti\/#breadcrumb","itemListElement":[{"@type":"ListItem","position":1,"name":"Home","item":"https:\/\/derbe.it\/"},{"@type":"ListItem","position":2,"name":"Shop","item":"https:\/\/derbe.it\/en\/shop\/"},{"@type":"ListItem","position":3,"name":"Sapone Mani","item":"https:\/\/derbe.it\/categoria-prodotto\/sapone-mani\/"},{"@type":"ListItem","position":4,"name":"Saponetta Fiori del Chianti"}]},{"@type":"WebSite","@id":"https:\/\/derbe.it\/#website","url":"https:\/\/derbe.it\/","name":"Derbe","description":"Desde hace m\u00e1s de 50 a\u00f1os - Hecho en Italia - Productos para el cabello y el cuerpo con extractos de plantas y f\u00f3rmulas sostenibles","publisher":{"@id":"https:\/\/derbe.it\/#organization"},"potentialAction":[{"@type":"SearchAction","target":{"@type":"EntryPoint","urlTemplate":"https:\/\/derbe.it\/?s={search_term_string}"},"query-input":{"@type":"PropertyValueSpecification","valueRequired":true,"valueName":"search_term_string"}}],"inLanguage":"es"},{"@type":"Organization","@id":"https:\/\/derbe.it\/#organization","name":"Derbe","url":"https:\/\/derbe.it\/","logo":{"@type":"ImageObject","inLanguage":"es","@id":"https:\/\/derbe.it\/#\/schema\/logo\/image\/","url":"https:\/\/derbe.it\/wp-content\/uploads\/2025\/06\/logo_derbe_firenze.png","contentUrl":"https:\/\/derbe.it\/wp-content\/uploads\/2025\/06\/logo_derbe_firenze.png","width":1200,"height":497,"caption":"Derbe"},"image":{"@id":"https:\/\/derbe.it\/#\/schema\/logo\/image\/"},"sameAs":["https:\/\/www.facebook.com\/evoderbebio","https:\/\/www.instagram.com\/derbe.official\/"],"email":"info@derbe.it","telephone":"+39 055 42 11 799","legalName":"Derbe S.r.l. a socio unico","vatID":"07272610481"}]}},"_links":{"self":[{"href":"https:\/\/derbe.it\/es\/wp-json\/wp\/v2\/product\/821","targetHints":{"allow":["GET"]}}],"collection":[{"href":"https:\/\/derbe.it\/es\/wp-json\/wp\/v2\/product"}],"about":[{"href":"https:\/\/derbe.it\/es\/wp-json\/wp\/v2\/types\/product"}],"wp:featuredmedia":[{"embeddable":true,"href":"https:\/\/derbe.it\/es\/wp-json\/wp\/v2\/media\/822"}],"wp:attachment":[{"href":"https:\/\/derbe.it\/es\/wp-json\/wp\/v2\/media?parent=821"}],"wp:term":[{"taxonomy":"caratteristica","embeddable":true,"href":"https:\/\/derbe.it\/es\/wp-json\/wp\/v2\/caratteristica?post=821"},{"taxonomy":"collezione","embeddable":true,"href":"https:\/\/derbe.it\/es\/wp-json\/wp\/v2\/collezione?post=821"},{"taxonomy":"formato","embeddable":true,"href":"https:\/\/derbe.it\/es\/wp-json\/wp\/v2\/formato?post=821"},{"taxonomy":"funzione","embeddable":true,"href":"https:\/\/derbe.it\/es\/wp-json\/wp\/v2\/funzione?post=821"},{"taxonomy":"utilizzo","embeddable":true,"href":"https:\/\/derbe.it\/es\/wp-json\/wp\/v2\/utilizzo?post=821"},{"taxonomy":"ingrediente-principale","embeddable":true,"href":"https:\/\/derbe.it\/es\/wp-json\/wp\/v2\/ingrediente-principale?post=821"},{"taxonomy":"product_brand","embeddable":true,"href":"https:\/\/derbe.it\/es\/wp-json\/wp\/v2\/product_brand?post=821"},{"taxonomy":"product_cat","embeddable":true,"href":"https:\/\/derbe.it\/es\/wp-json\/wp\/v2\/product_cat?post=821"},{"taxonomy":"product_tag","embeddable":true,"href":"https:\/\/derbe.it\/es\/wp-json\/wp\/v2\/product_tag?post=821"}],"curies":[{"name":"wp","href":"https:\/\/api.w.org\/{rel}","templated":true}]}}