{"id":842,"date":"2023-03-06T13:22:34","date_gmt":"2023-03-06T12:22:34","guid":{"rendered":"https:\/\/derbe.it\/prodotto\/crema-fluida-fiori-darancio\/"},"modified":"2026-05-06T14:07:55","modified_gmt":"2026-05-06T12:07:55","slug":"crema-fluida-de-azahar","status":"publish","type":"product","link":"https:\/\/derbe.it\/es\/producto\/crema-fluida-de-azahar\/","title":{"rendered":"Crema fluida de azahar"},"content":{"rendered":"<p>El sistema emulsionante utilizado para crear la crema es un sistema innovador que permite la liberaci\u00f3n de hidrataci\u00f3n a largo plazo, incluso muchas horas despu\u00e9s de su aplicaci\u00f3n sobre la piel.<\/p>\n<p>Este sistema permite el uso de cremas no comedog\u00e9nicas (que no obstruyen los poros de la piel), reduciendo as\u00ed el efecto graso. Es el resultado de una combinaci\u00f3n de derivados del aceite de jojoba y cera de abeja. Permite que la piel respire perfectamente y evita la sudoraci\u00f3n.<\/p>","protected":false},"excerpt":{"rendered":"<p>Una crema leggera e vellutata per nutrire a fondo la pelle, lasciandola delicatamente profumata. [&#8230;]<\/p>\n<p><a class=\"btn btn-secondary understrap-read-more-link\" href=\"https:\/\/derbe.it\/es\/producto\/crema-fluida-de-azahar\/\">Leer m\u00e1s\u2026<span class=\"screen-reader-text\"> de crema fluida de flor de naranjo<\/span><\/a><\/p>","protected":false},"featured_media":843,"template":"","meta":{"_acf_changed":false},"caratteristica":[],"collezione":[124,75],"formato":[],"funzione":[],"utilizzo":[],"ingrediente-principale":[],"product_brand":[],"product_cat":[17,106],"product_tag":[],"class_list":{"0":"post-842","1":"product","2":"type-product","3":"status-publish","4":"has-post-thumbnail","6":"collezione-fiori-darancio","7":"collezione-speziali-fiorentini","8":"product_cat-creme-corpo","9":"product_cat-gel-e-creme-corpo","11":"first","12":"instock","13":"purchasable","14":"product-type-simple"},"acf":[],"yoast_head":"<!-- This site is optimized with the Yoast SEO Premium plugin v26.1 (Yoast SEO v26.8) - https:\/\/yoast.com\/product\/yoast-seo-premium-wordpress\/ -->\n<title>Crema Fluida Fiori d&#039;Arancio - Derbe - cosmetici naturali<\/title>\n<meta name=\"description\" content=\"Una crema leggera e vellutata per nutrire a fondo la pelle, lasciandola delicatamente profumata.\" \/>\n<meta name=\"robots\" content=\"index, follow, max-snippet:-1, max-image-preview:large, max-video-preview:-1\" \/>\n<link rel=\"canonical\" href=\"https:\/\/derbe.it\/es\/producto\/crema-fluida-de-azahar\/\" \/>\n<meta property=\"og:locale\" content=\"es_ES\" \/>\n<meta property=\"og:type\" content=\"article\" \/>\n<meta property=\"og:title\" content=\"Crema Fluida Fiori d&#039;Arancio\" \/>\n<meta property=\"og:description\" content=\"Una crema leggera e vellutata per nutrire a fondo la pelle, lasciandola delicatamente profumata.\" \/>\n<meta property=\"og:url\" content=\"https:\/\/derbe.it\/es\/producto\/crema-fluida-de-azahar\/\" \/>\n<meta property=\"og:site_name\" content=\"Derbe - cosmetici naturali\" \/>\n<meta property=\"article:publisher\" content=\"https:\/\/www.facebook.com\/evoderbebio\" \/>\n<meta property=\"article:modified_time\" content=\"2026-05-06T12:07:55+00:00\" \/>\n<meta property=\"og:image\" content=\"https:\/\/derbe.it\/wp-content\/uploads\/2025\/05\/crema-fluida-arancio-derbe.jpg\" \/>\n\t<meta property=\"og:image:width\" content=\"1600\" \/>\n\t<meta property=\"og:image:height\" content=\"2000\" \/>\n\t<meta property=\"og:image:type\" content=\"image\/jpeg\" \/>\n<meta name=\"twitter:card\" content=\"summary_large_image\" \/>\n<script type=\"application\/ld+json\" class=\"yoast-schema-graph\">{\"@context\":\"https:\/\/schema.org\",\"@graph\":[{\"@type\":\"WebPage\",\"@id\":\"https:\/\/derbe.it\/prodotto\/crema-fluida-fiori-darancio\/\",\"url\":\"https:\/\/derbe.it\/prodotto\/crema-fluida-fiori-darancio\/\",\"name\":\"Crema Fluida Fiori d'Arancio - Derbe - cosmetici naturali\",\"isPartOf\":{\"@id\":\"https:\/\/derbe.it\/#website\"},\"primaryImageOfPage\":{\"@id\":\"https:\/\/derbe.it\/prodotto\/crema-fluida-fiori-darancio\/#primaryimage\"},\"image\":{\"@id\":\"https:\/\/derbe.it\/prodotto\/crema-fluida-fiori-darancio\/#primaryimage\"},\"thumbnailUrl\":\"https:\/\/derbe.it\/wp-content\/uploads\/2025\/05\/crema-fluida-arancio-derbe.jpg\",\"datePublished\":\"2023-03-06T12:22:34+00:00\",\"dateModified\":\"2026-05-06T12:07:55+00:00\",\"description\":\"Una crema leggera e vellutata per nutrire a fondo la pelle, lasciandola delicatamente profumata.\",\"breadcrumb\":{\"@id\":\"https:\/\/derbe.it\/prodotto\/crema-fluida-fiori-darancio\/#breadcrumb\"},\"inLanguage\":\"es\",\"potentialAction\":[{\"@type\":\"ReadAction\",\"target\":[\"https:\/\/derbe.it\/prodotto\/crema-fluida-fiori-darancio\/\"]}]},{\"@type\":\"ImageObject\",\"inLanguage\":\"es\",\"@id\":\"https:\/\/derbe.it\/prodotto\/crema-fluida-fiori-darancio\/#primaryimage\",\"url\":\"https:\/\/derbe.it\/wp-content\/uploads\/2025\/05\/crema-fluida-arancio-derbe.jpg\",\"contentUrl\":\"https:\/\/derbe.it\/wp-content\/uploads\/2025\/05\/crema-fluida-arancio-derbe.jpg\",\"width\":1600,\"height\":2000},{\"@type\":\"BreadcrumbList\",\"@id\":\"https:\/\/derbe.it\/prodotto\/crema-fluida-fiori-darancio\/#breadcrumb\",\"itemListElement\":[{\"@type\":\"ListItem\",\"position\":1,\"name\":\"Home\",\"item\":\"https:\/\/derbe.it\/\"},{\"@type\":\"ListItem\",\"position\":2,\"name\":\"Shop\",\"item\":\"https:\/\/derbe.it\/en\/shop\/\"},{\"@type\":\"ListItem\",\"position\":3,\"name\":\"Creme corpo\",\"item\":\"https:\/\/derbe.it\/categoria-prodotto\/creme-corpo\/\"},{\"@type\":\"ListItem\",\"position\":4,\"name\":\"Crema Fluida Fiori d&#8217;Arancio\"}]},{\"@type\":\"WebSite\",\"@id\":\"https:\/\/derbe.it\/#website\",\"url\":\"https:\/\/derbe.it\/\",\"name\":\"Derbe\",\"description\":\"Da oltre 50 anni - Made in italy - prodotti per capelli e corpo con estratti vegetali e formule sostenibili\",\"publisher\":{\"@id\":\"https:\/\/derbe.it\/#organization\"},\"potentialAction\":[{\"@type\":\"SearchAction\",\"target\":{\"@type\":\"EntryPoint\",\"urlTemplate\":\"https:\/\/derbe.it\/?s={search_term_string}\"},\"query-input\":{\"@type\":\"PropertyValueSpecification\",\"valueRequired\":true,\"valueName\":\"search_term_string\"}}],\"inLanguage\":\"es\"},{\"@type\":\"Organization\",\"@id\":\"https:\/\/derbe.it\/#organization\",\"name\":\"Derbe\",\"url\":\"https:\/\/derbe.it\/\",\"logo\":{\"@type\":\"ImageObject\",\"inLanguage\":\"es\",\"@id\":\"https:\/\/derbe.it\/#\/schema\/logo\/image\/\",\"url\":\"https:\/\/derbe.it\/wp-content\/uploads\/2025\/06\/logo_derbe_firenze.png\",\"contentUrl\":\"https:\/\/derbe.it\/wp-content\/uploads\/2025\/06\/logo_derbe_firenze.png\",\"width\":1200,\"height\":497,\"caption\":\"Derbe\"},\"image\":{\"@id\":\"https:\/\/derbe.it\/#\/schema\/logo\/image\/\"},\"sameAs\":[\"https:\/\/www.facebook.com\/evoderbebio\",\"https:\/\/www.instagram.com\/derbe.official\/\"],\"email\":\"info@derbe.it\",\"telephone\":\"+39 055 42 11 799\",\"legalName\":\"Derbe S.r.l. a socio unico\",\"vatID\":\"07272610481\"}]}<\/script>\n<!-- \/ Yoast SEO Premium plugin. -->","yoast_head_json":{"title":"Crema fluida de flor de naranjo - Derbe - cosm\u00e9tica natural","description":"Una crema ligera y aterciopelada que nutrir profundamente la piel, dej\u00e1ndola delicadamente perfumada.","robots":{"index":"index","follow":"follow","max-snippet":"max-snippet:-1","max-image-preview":"max-image-preview:large","max-video-preview":"max-video-preview:-1"},"canonical":"https:\/\/derbe.it\/es\/producto\/crema-fluida-de-azahar\/","og_locale":"es_ES","og_type":"article","og_title":"Crema Fluida Fiori d'Arancio","og_description":"Una crema leggera e vellutata per nutrire a fondo la pelle, lasciandola delicatamente profumata.","og_url":"https:\/\/derbe.it\/es\/producto\/crema-fluida-de-azahar\/","og_site_name":"Derbe - cosmetici naturali","article_publisher":"https:\/\/www.facebook.com\/evoderbebio","article_modified_time":"2026-05-06T12:07:55+00:00","og_image":[{"width":1600,"height":2000,"url":"https:\/\/derbe.it\/wp-content\/uploads\/2025\/05\/crema-fluida-arancio-derbe.jpg","type":"image\/jpeg"}],"twitter_card":"summary_large_image","schema":{"@context":"https:\/\/schema.org","@graph":[{"@type":"WebPage","@id":"https:\/\/derbe.it\/prodotto\/crema-fluida-fiori-darancio\/","url":"https:\/\/derbe.it\/prodotto\/crema-fluida-fiori-darancio\/","name":"Crema fluida de flor de naranjo - Derbe - cosm\u00e9tica natural","isPartOf":{"@id":"https:\/\/derbe.it\/#website"},"primaryImageOfPage":{"@id":"https:\/\/derbe.it\/prodotto\/crema-fluida-fiori-darancio\/#primaryimage"},"image":{"@id":"https:\/\/derbe.it\/prodotto\/crema-fluida-fiori-darancio\/#primaryimage"},"thumbnailUrl":"https:\/\/derbe.it\/wp-content\/uploads\/2025\/05\/crema-fluida-arancio-derbe.jpg","datePublished":"2023-03-06T12:22:34+00:00","dateModified":"2026-05-06T12:07:55+00:00","description":"Una crema ligera y aterciopelada que nutrir profundamente la piel, dej\u00e1ndola delicadamente perfumada.","breadcrumb":{"@id":"https:\/\/derbe.it\/prodotto\/crema-fluida-fiori-darancio\/#breadcrumb"},"inLanguage":"es","potentialAction":[{"@type":"ReadAction","target":["https:\/\/derbe.it\/prodotto\/crema-fluida-fiori-darancio\/"]}]},{"@type":"ImageObject","inLanguage":"es","@id":"https:\/\/derbe.it\/prodotto\/crema-fluida-fiori-darancio\/#primaryimage","url":"https:\/\/derbe.it\/wp-content\/uploads\/2025\/05\/crema-fluida-arancio-derbe.jpg","contentUrl":"https:\/\/derbe.it\/wp-content\/uploads\/2025\/05\/crema-fluida-arancio-derbe.jpg","width":1600,"height":2000},{"@type":"BreadcrumbList","@id":"https:\/\/derbe.it\/prodotto\/crema-fluida-fiori-darancio\/#breadcrumb","itemListElement":[{"@type":"ListItem","position":1,"name":"Home","item":"https:\/\/derbe.it\/"},{"@type":"ListItem","position":2,"name":"Shop","item":"https:\/\/derbe.it\/en\/shop\/"},{"@type":"ListItem","position":3,"name":"Creme corpo","item":"https:\/\/derbe.it\/categoria-prodotto\/creme-corpo\/"},{"@type":"ListItem","position":4,"name":"Crema Fluida Fiori d&#8217;Arancio"}]},{"@type":"WebSite","@id":"https:\/\/derbe.it\/#website","url":"https:\/\/derbe.it\/","name":"Derbe","description":"Desde hace m\u00e1s de 50 a\u00f1os - Hecho en Italia - Productos para el cabello y el cuerpo con extractos de plantas y f\u00f3rmulas sostenibles","publisher":{"@id":"https:\/\/derbe.it\/#organization"},"potentialAction":[{"@type":"SearchAction","target":{"@type":"EntryPoint","urlTemplate":"https:\/\/derbe.it\/?s={search_term_string}"},"query-input":{"@type":"PropertyValueSpecification","valueRequired":true,"valueName":"search_term_string"}}],"inLanguage":"es"},{"@type":"Organization","@id":"https:\/\/derbe.it\/#organization","name":"Derbe","url":"https:\/\/derbe.it\/","logo":{"@type":"ImageObject","inLanguage":"es","@id":"https:\/\/derbe.it\/#\/schema\/logo\/image\/","url":"https:\/\/derbe.it\/wp-content\/uploads\/2025\/06\/logo_derbe_firenze.png","contentUrl":"https:\/\/derbe.it\/wp-content\/uploads\/2025\/06\/logo_derbe_firenze.png","width":1200,"height":497,"caption":"Derbe"},"image":{"@id":"https:\/\/derbe.it\/#\/schema\/logo\/image\/"},"sameAs":["https:\/\/www.facebook.com\/evoderbebio","https:\/\/www.instagram.com\/derbe.official\/"],"email":"info@derbe.it","telephone":"+39 055 42 11 799","legalName":"Derbe S.r.l. a socio unico","vatID":"07272610481"}]}},"_links":{"self":[{"href":"https:\/\/derbe.it\/es\/wp-json\/wp\/v2\/product\/842","targetHints":{"allow":["GET"]}}],"collection":[{"href":"https:\/\/derbe.it\/es\/wp-json\/wp\/v2\/product"}],"about":[{"href":"https:\/\/derbe.it\/es\/wp-json\/wp\/v2\/types\/product"}],"wp:featuredmedia":[{"embeddable":true,"href":"https:\/\/derbe.it\/es\/wp-json\/wp\/v2\/media\/843"}],"wp:attachment":[{"href":"https:\/\/derbe.it\/es\/wp-json\/wp\/v2\/media?parent=842"}],"wp:term":[{"taxonomy":"caratteristica","embeddable":true,"href":"https:\/\/derbe.it\/es\/wp-json\/wp\/v2\/caratteristica?post=842"},{"taxonomy":"collezione","embeddable":true,"href":"https:\/\/derbe.it\/es\/wp-json\/wp\/v2\/collezione?post=842"},{"taxonomy":"formato","embeddable":true,"href":"https:\/\/derbe.it\/es\/wp-json\/wp\/v2\/formato?post=842"},{"taxonomy":"funzione","embeddable":true,"href":"https:\/\/derbe.it\/es\/wp-json\/wp\/v2\/funzione?post=842"},{"taxonomy":"utilizzo","embeddable":true,"href":"https:\/\/derbe.it\/es\/wp-json\/wp\/v2\/utilizzo?post=842"},{"taxonomy":"ingrediente-principale","embeddable":true,"href":"https:\/\/derbe.it\/es\/wp-json\/wp\/v2\/ingrediente-principale?post=842"},{"taxonomy":"product_brand","embeddable":true,"href":"https:\/\/derbe.it\/es\/wp-json\/wp\/v2\/product_brand?post=842"},{"taxonomy":"product_cat","embeddable":true,"href":"https:\/\/derbe.it\/es\/wp-json\/wp\/v2\/product_cat?post=842"},{"taxonomy":"product_tag","embeddable":true,"href":"https:\/\/derbe.it\/es\/wp-json\/wp\/v2\/product_tag?post=842"}],"curies":[{"name":"wp","href":"https:\/\/api.w.org\/{rel}","templated":true}]}}