{"id":874,"date":"2024-07-02T13:44:34","date_gmt":"2024-07-02T11:44:34","guid":{"rendered":"https:\/\/derbe.it\/prodotto\/pasta-lenitiva-bu-bu-baby\/"},"modified":"2025-06-24T16:41:26","modified_gmt":"2025-06-24T14:41:26","slug":"pasta-calmante-bu-bu-baby","status":"publish","type":"product","link":"https:\/\/derbe.it\/es\/producto\/pasta-calmante-bu-bu-baby\/","title":{"rendered":"Pasta calmante para beb\u00e9s Bu Bu"},"content":{"rendered":"<p>Utilizando regularmente la Pasta Calmante Bu bu Baby en cada cambio de pa\u00f1al, obtendr\u00e1s importantes beneficios hidratantes y protectores, resguardando las zonas m\u00e1s delicadas expuestas a la irritaci\u00f3n.<\/p>","protected":false},"excerpt":{"rendered":"<p>Utilizzando regolarmente la Pasta Lenitiva Bu bu Baby ad ogni cambio di pannolino, si otterranno importanti benefici idratanti e protettivi, proteggendo le zone pi\u00f9 delicate ed esposte alle irritazioni. [&#8230;]<\/p>\n<p><a class=\"btn btn-secondary understrap-read-more-link\" href=\"https:\/\/derbe.it\/es\/producto\/pasta-calmante-bu-bu-baby\/\">Leer m\u00e1s\u2026<span class=\"screen-reader-text\"> from Pasta lenitiva Bu Bu Baby<\/span><\/a><\/p>","protected":false},"featured_media":875,"template":"","meta":{"_acf_changed":false},"caratteristica":[],"collezione":[108],"formato":[],"funzione":[],"utilizzo":[],"ingrediente-principale":[],"product_brand":[],"product_cat":[15],"product_tag":[],"class_list":{"0":"post-874","1":"product","2":"type-product","3":"status-publish","4":"has-post-thumbnail","6":"collezione-baby-kids","7":"product_cat-senza-categoria","9":"first","10":"instock","11":"purchasable","12":"product-type-simple"},"acf":[],"yoast_head":"<!-- This site is optimized with the Yoast SEO Premium plugin v26.1 (Yoast SEO v26.8) - https:\/\/yoast.com\/product\/yoast-seo-premium-wordpress\/ -->\n<title>Pasta lenitiva Bu Bu Baby - Derbe - cosmetici naturali<\/title>\n<meta name=\"description\" content=\"Utilizzando regolarmente la Pasta Lenitiva Bu bu Baby ad ogni cambio di pannolino, si otterranno importanti benefici idratanti e protettivi, proteggendo le zone pi\u00f9 delicate ed esposte alle irritazioni.\" \/>\n<meta name=\"robots\" content=\"index, follow, max-snippet:-1, max-image-preview:large, max-video-preview:-1\" \/>\n<link rel=\"canonical\" href=\"https:\/\/derbe.it\/es\/producto\/pasta-calmante-bu-bu-baby\/\" \/>\n<meta property=\"og:locale\" content=\"es_ES\" \/>\n<meta property=\"og:type\" content=\"article\" \/>\n<meta property=\"og:title\" content=\"Pasta lenitiva Bu Bu Baby\" \/>\n<meta property=\"og:description\" content=\"Utilizzando regolarmente la Pasta Lenitiva Bu bu Baby ad ogni cambio di pannolino, si otterranno importanti benefici idratanti e protettivi, proteggendo le zone pi\u00f9 delicate ed esposte alle irritazioni.\" \/>\n<meta property=\"og:url\" content=\"https:\/\/derbe.it\/es\/producto\/pasta-calmante-bu-bu-baby\/\" \/>\n<meta property=\"og:site_name\" content=\"Derbe - cosmetici naturali\" \/>\n<meta property=\"article:publisher\" content=\"https:\/\/www.facebook.com\/evoderbebio\" \/>\n<meta property=\"article:modified_time\" content=\"2025-06-24T14:41:26+00:00\" \/>\n<meta property=\"og:image\" content=\"https:\/\/derbe.it\/wp-content\/uploads\/2025\/05\/pasta-lenitiva-bu-bu-baby.jpg\" \/>\n\t<meta property=\"og:image:width\" content=\"1600\" \/>\n\t<meta property=\"og:image:height\" content=\"2000\" \/>\n\t<meta property=\"og:image:type\" content=\"image\/jpeg\" \/>\n<meta name=\"twitter:card\" content=\"summary_large_image\" \/>\n<script type=\"application\/ld+json\" class=\"yoast-schema-graph\">{\"@context\":\"https:\/\/schema.org\",\"@graph\":[{\"@type\":\"WebPage\",\"@id\":\"https:\/\/derbe.it\/prodotto\/pasta-lenitiva-bu-bu-baby\/\",\"url\":\"https:\/\/derbe.it\/prodotto\/pasta-lenitiva-bu-bu-baby\/\",\"name\":\"Pasta lenitiva Bu Bu Baby - Derbe - cosmetici naturali\",\"isPartOf\":{\"@id\":\"https:\/\/derbe.it\/#website\"},\"primaryImageOfPage\":{\"@id\":\"https:\/\/derbe.it\/prodotto\/pasta-lenitiva-bu-bu-baby\/#primaryimage\"},\"image\":{\"@id\":\"https:\/\/derbe.it\/prodotto\/pasta-lenitiva-bu-bu-baby\/#primaryimage\"},\"thumbnailUrl\":\"https:\/\/derbe.it\/wp-content\/uploads\/2025\/05\/pasta-lenitiva-bu-bu-baby.jpg\",\"datePublished\":\"2024-07-02T11:44:34+00:00\",\"dateModified\":\"2025-06-24T14:41:26+00:00\",\"description\":\"Utilizzando regolarmente la Pasta Lenitiva Bu bu Baby ad ogni cambio di pannolino, si otterranno importanti benefici idratanti e protettivi, proteggendo le zone pi\u00f9 delicate ed esposte alle irritazioni.\",\"breadcrumb\":{\"@id\":\"https:\/\/derbe.it\/prodotto\/pasta-lenitiva-bu-bu-baby\/#breadcrumb\"},\"inLanguage\":\"es\",\"potentialAction\":[{\"@type\":\"ReadAction\",\"target\":[\"https:\/\/derbe.it\/prodotto\/pasta-lenitiva-bu-bu-baby\/\"]}]},{\"@type\":\"ImageObject\",\"inLanguage\":\"es\",\"@id\":\"https:\/\/derbe.it\/prodotto\/pasta-lenitiva-bu-bu-baby\/#primaryimage\",\"url\":\"https:\/\/derbe.it\/wp-content\/uploads\/2025\/05\/pasta-lenitiva-bu-bu-baby.jpg\",\"contentUrl\":\"https:\/\/derbe.it\/wp-content\/uploads\/2025\/05\/pasta-lenitiva-bu-bu-baby.jpg\",\"width\":1600,\"height\":2000},{\"@type\":\"BreadcrumbList\",\"@id\":\"https:\/\/derbe.it\/prodotto\/pasta-lenitiva-bu-bu-baby\/#breadcrumb\",\"itemListElement\":[{\"@type\":\"ListItem\",\"position\":1,\"name\":\"Home\",\"item\":\"https:\/\/derbe.it\/\"},{\"@type\":\"ListItem\",\"position\":2,\"name\":\"Shop\",\"item\":\"https:\/\/derbe.it\/en\/shop\/\"},{\"@type\":\"ListItem\",\"position\":3,\"name\":\"Senza categoria\",\"item\":\"https:\/\/derbe.it\/categoria-prodotto\/senza-categoria\/\"},{\"@type\":\"ListItem\",\"position\":4,\"name\":\"Pasta lenitiva Bu Bu Baby\"}]},{\"@type\":\"WebSite\",\"@id\":\"https:\/\/derbe.it\/#website\",\"url\":\"https:\/\/derbe.it\/\",\"name\":\"Derbe\",\"description\":\"Da oltre 50 anni - Made in italy - prodotti per capelli e corpo con estratti vegetali e formule sostenibili\",\"publisher\":{\"@id\":\"https:\/\/derbe.it\/#organization\"},\"potentialAction\":[{\"@type\":\"SearchAction\",\"target\":{\"@type\":\"EntryPoint\",\"urlTemplate\":\"https:\/\/derbe.it\/?s={search_term_string}\"},\"query-input\":{\"@type\":\"PropertyValueSpecification\",\"valueRequired\":true,\"valueName\":\"search_term_string\"}}],\"inLanguage\":\"es\"},{\"@type\":\"Organization\",\"@id\":\"https:\/\/derbe.it\/#organization\",\"name\":\"Derbe\",\"url\":\"https:\/\/derbe.it\/\",\"logo\":{\"@type\":\"ImageObject\",\"inLanguage\":\"es\",\"@id\":\"https:\/\/derbe.it\/#\/schema\/logo\/image\/\",\"url\":\"https:\/\/derbe.it\/wp-content\/uploads\/2025\/06\/logo_derbe_firenze.png\",\"contentUrl\":\"https:\/\/derbe.it\/wp-content\/uploads\/2025\/06\/logo_derbe_firenze.png\",\"width\":1200,\"height\":497,\"caption\":\"Derbe\"},\"image\":{\"@id\":\"https:\/\/derbe.it\/#\/schema\/logo\/image\/\"},\"sameAs\":[\"https:\/\/www.facebook.com\/evoderbebio\",\"https:\/\/www.instagram.com\/derbe.official\/\"],\"email\":\"info@derbe.it\",\"telephone\":\"+39 055 42 11 799\",\"legalName\":\"Derbe S.r.l. a socio unico\",\"vatID\":\"07272610481\"}]}<\/script>\n<!-- \/ Yoast SEO Premium plugin. -->","yoast_head_json":{"title":"Pasta calmante para beb\u00e9s Bu Bu Baby - Derbe - Cosm\u00e9tica natural","description":"Utilizando regularmente la Pasta Calmante Bu bu Baby en cada cambio de pa\u00f1al, obtendr\u00e1s importantes beneficios hidratantes y protectores, resguardando las zonas m\u00e1s delicadas expuestas a la irritaci\u00f3n.","robots":{"index":"index","follow":"follow","max-snippet":"max-snippet:-1","max-image-preview":"max-image-preview:large","max-video-preview":"max-video-preview:-1"},"canonical":"https:\/\/derbe.it\/es\/producto\/pasta-calmante-bu-bu-baby\/","og_locale":"es_ES","og_type":"article","og_title":"Pasta lenitiva Bu Bu Baby","og_description":"Utilizzando regolarmente la Pasta Lenitiva Bu bu Baby ad ogni cambio di pannolino, si otterranno importanti benefici idratanti e protettivi, proteggendo le zone pi\u00f9 delicate ed esposte alle irritazioni.","og_url":"https:\/\/derbe.it\/es\/producto\/pasta-calmante-bu-bu-baby\/","og_site_name":"Derbe - cosmetici naturali","article_publisher":"https:\/\/www.facebook.com\/evoderbebio","article_modified_time":"2025-06-24T14:41:26+00:00","og_image":[{"width":1600,"height":2000,"url":"https:\/\/derbe.it\/wp-content\/uploads\/2025\/05\/pasta-lenitiva-bu-bu-baby.jpg","type":"image\/jpeg"}],"twitter_card":"summary_large_image","schema":{"@context":"https:\/\/schema.org","@graph":[{"@type":"WebPage","@id":"https:\/\/derbe.it\/prodotto\/pasta-lenitiva-bu-bu-baby\/","url":"https:\/\/derbe.it\/prodotto\/pasta-lenitiva-bu-bu-baby\/","name":"Pasta calmante para beb\u00e9s Bu Bu Baby - Derbe - Cosm\u00e9tica natural","isPartOf":{"@id":"https:\/\/derbe.it\/#website"},"primaryImageOfPage":{"@id":"https:\/\/derbe.it\/prodotto\/pasta-lenitiva-bu-bu-baby\/#primaryimage"},"image":{"@id":"https:\/\/derbe.it\/prodotto\/pasta-lenitiva-bu-bu-baby\/#primaryimage"},"thumbnailUrl":"https:\/\/derbe.it\/wp-content\/uploads\/2025\/05\/pasta-lenitiva-bu-bu-baby.jpg","datePublished":"2024-07-02T11:44:34+00:00","dateModified":"2025-06-24T14:41:26+00:00","description":"Utilizando regularmente la Pasta Calmante Bu bu Baby en cada cambio de pa\u00f1al, obtendr\u00e1s importantes beneficios hidratantes y protectores, resguardando las zonas m\u00e1s delicadas expuestas a la irritaci\u00f3n.","breadcrumb":{"@id":"https:\/\/derbe.it\/prodotto\/pasta-lenitiva-bu-bu-baby\/#breadcrumb"},"inLanguage":"es","potentialAction":[{"@type":"ReadAction","target":["https:\/\/derbe.it\/prodotto\/pasta-lenitiva-bu-bu-baby\/"]}]},{"@type":"ImageObject","inLanguage":"es","@id":"https:\/\/derbe.it\/prodotto\/pasta-lenitiva-bu-bu-baby\/#primaryimage","url":"https:\/\/derbe.it\/wp-content\/uploads\/2025\/05\/pasta-lenitiva-bu-bu-baby.jpg","contentUrl":"https:\/\/derbe.it\/wp-content\/uploads\/2025\/05\/pasta-lenitiva-bu-bu-baby.jpg","width":1600,"height":2000},{"@type":"BreadcrumbList","@id":"https:\/\/derbe.it\/prodotto\/pasta-lenitiva-bu-bu-baby\/#breadcrumb","itemListElement":[{"@type":"ListItem","position":1,"name":"Home","item":"https:\/\/derbe.it\/"},{"@type":"ListItem","position":2,"name":"Shop","item":"https:\/\/derbe.it\/en\/shop\/"},{"@type":"ListItem","position":3,"name":"Senza categoria","item":"https:\/\/derbe.it\/categoria-prodotto\/senza-categoria\/"},{"@type":"ListItem","position":4,"name":"Pasta lenitiva Bu Bu Baby"}]},{"@type":"WebSite","@id":"https:\/\/derbe.it\/#website","url":"https:\/\/derbe.it\/","name":"Derbe","description":"Desde hace m\u00e1s de 50 a\u00f1os - Hecho en Italia - Productos para el cabello y el cuerpo con extractos de plantas y f\u00f3rmulas sostenibles","publisher":{"@id":"https:\/\/derbe.it\/#organization"},"potentialAction":[{"@type":"SearchAction","target":{"@type":"EntryPoint","urlTemplate":"https:\/\/derbe.it\/?s={search_term_string}"},"query-input":{"@type":"PropertyValueSpecification","valueRequired":true,"valueName":"search_term_string"}}],"inLanguage":"es"},{"@type":"Organization","@id":"https:\/\/derbe.it\/#organization","name":"Derbe","url":"https:\/\/derbe.it\/","logo":{"@type":"ImageObject","inLanguage":"es","@id":"https:\/\/derbe.it\/#\/schema\/logo\/image\/","url":"https:\/\/derbe.it\/wp-content\/uploads\/2025\/06\/logo_derbe_firenze.png","contentUrl":"https:\/\/derbe.it\/wp-content\/uploads\/2025\/06\/logo_derbe_firenze.png","width":1200,"height":497,"caption":"Derbe"},"image":{"@id":"https:\/\/derbe.it\/#\/schema\/logo\/image\/"},"sameAs":["https:\/\/www.facebook.com\/evoderbebio","https:\/\/www.instagram.com\/derbe.official\/"],"email":"info@derbe.it","telephone":"+39 055 42 11 799","legalName":"Derbe S.r.l. a socio unico","vatID":"07272610481"}]}},"_links":{"self":[{"href":"https:\/\/derbe.it\/es\/wp-json\/wp\/v2\/product\/874","targetHints":{"allow":["GET"]}}],"collection":[{"href":"https:\/\/derbe.it\/es\/wp-json\/wp\/v2\/product"}],"about":[{"href":"https:\/\/derbe.it\/es\/wp-json\/wp\/v2\/types\/product"}],"wp:featuredmedia":[{"embeddable":true,"href":"https:\/\/derbe.it\/es\/wp-json\/wp\/v2\/media\/875"}],"wp:attachment":[{"href":"https:\/\/derbe.it\/es\/wp-json\/wp\/v2\/media?parent=874"}],"wp:term":[{"taxonomy":"caratteristica","embeddable":true,"href":"https:\/\/derbe.it\/es\/wp-json\/wp\/v2\/caratteristica?post=874"},{"taxonomy":"collezione","embeddable":true,"href":"https:\/\/derbe.it\/es\/wp-json\/wp\/v2\/collezione?post=874"},{"taxonomy":"formato","embeddable":true,"href":"https:\/\/derbe.it\/es\/wp-json\/wp\/v2\/formato?post=874"},{"taxonomy":"funzione","embeddable":true,"href":"https:\/\/derbe.it\/es\/wp-json\/wp\/v2\/funzione?post=874"},{"taxonomy":"utilizzo","embeddable":true,"href":"https:\/\/derbe.it\/es\/wp-json\/wp\/v2\/utilizzo?post=874"},{"taxonomy":"ingrediente-principale","embeddable":true,"href":"https:\/\/derbe.it\/es\/wp-json\/wp\/v2\/ingrediente-principale?post=874"},{"taxonomy":"product_brand","embeddable":true,"href":"https:\/\/derbe.it\/es\/wp-json\/wp\/v2\/product_brand?post=874"},{"taxonomy":"product_cat","embeddable":true,"href":"https:\/\/derbe.it\/es\/wp-json\/wp\/v2\/product_cat?post=874"},{"taxonomy":"product_tag","embeddable":true,"href":"https:\/\/derbe.it\/es\/wp-json\/wp\/v2\/product_tag?post=874"}],"curies":[{"name":"wp","href":"https:\/\/api.w.org\/{rel}","templated":true}]}}