{"id":1249,"date":"2025-07-09T19:30:48","date_gmt":"2025-07-09T17:30:48","guid":{"rendered":"https:\/\/derbe.it\/prodotto\/botanitech-shampoo-idratante-capelli-aridi-sfibrati\/"},"modified":"2025-08-18T11:00:41","modified_gmt":"2025-08-18T09:00:41","slug":"shampoing-hydratant-botanitech-pour-cheveux-secs-et-abimes","status":"publish","type":"product","link":"https:\/\/derbe.it\/fr\/produit\/shampoing-hydratant-botanitech-pour-cheveux-secs-et-abimes\/","title":{"rendered":"Shampooing hydratant Botanitech pour cheveux secs\/ab\u00eem\u00e9s"},"content":{"rendered":"","protected":false},"excerpt":{"rendered":"<p> [\u2026]<\/p>\n<p><a class=\"btn btn-secondary understrap-read-more-link\" href=\"https:\/\/derbe.it\/fr\/produit\/shampoing-hydratant-botanitech-pour-cheveux-secs-et-abimes\/\">En savoir plus\u2026<span class=\"screen-reader-text\"> from Botanitech Shampoo Idratante Capelli Aridi\/Sfibrati<\/span><\/a><\/p>","protected":false},"featured_media":1296,"template":"","meta":{"_acf_changed":false},"caratteristica":[],"collezione":[],"formato":[],"funzione":[],"utilizzo":[],"ingrediente-principale":[],"product_brand":[],"product_cat":[114],"product_tag":[],"class_list":{"0":"post-1249","1":"product","2":"type-product","3":"status-publish","4":"has-post-thumbnail","6":"product_cat-campioncini","8":"first","9":"instock","10":"purchasable","11":"product-type-simple"},"acf":[],"yoast_head":"<!-- This site is optimized with the Yoast SEO Premium plugin v26.1 (Yoast SEO v26.8) - https:\/\/yoast.com\/product\/yoast-seo-premium-wordpress\/ -->\n<title>Botanitech Shampoo Idratante Capelli Aridi\/Sfibrati - Derbe - cosmetici naturali<\/title>\n<meta name=\"robots\" content=\"index, follow, max-snippet:-1, max-image-preview:large, max-video-preview:-1\" \/>\n<link rel=\"canonical\" href=\"https:\/\/derbe.it\/fr\/produit\/shampoing-hydratant-botanitech-pour-cheveux-secs-et-abimes\/\" \/>\n<meta property=\"og:locale\" content=\"fr_FR\" \/>\n<meta property=\"og:type\" content=\"article\" \/>\n<meta property=\"og:title\" content=\"Botanitech Shampoo Idratante Capelli Aridi\/Sfibrati\" \/>\n<meta property=\"og:url\" content=\"https:\/\/derbe.it\/fr\/produit\/shampoing-hydratant-botanitech-pour-cheveux-secs-et-abimes\/\" \/>\n<meta property=\"og:site_name\" content=\"Derbe - cosmetici naturali\" \/>\n<meta property=\"article:publisher\" content=\"https:\/\/www.facebook.com\/evoderbebio\" \/>\n<meta property=\"article:modified_time\" content=\"2025-08-18T09:00:41+00:00\" \/>\n<meta property=\"og:image\" content=\"https:\/\/derbe.it\/wp-content\/uploads\/2025\/07\/campione_shampoo_idratante_derbe-1.jpg\" \/>\n\t<meta property=\"og:image:width\" content=\"800\" \/>\n\t<meta property=\"og:image:height\" content=\"800\" \/>\n\t<meta property=\"og:image:type\" content=\"image\/jpeg\" \/>\n<meta name=\"twitter:card\" content=\"summary_large_image\" \/>\n<script type=\"application\/ld+json\" class=\"yoast-schema-graph\">{\"@context\":\"https:\/\/schema.org\",\"@graph\":[{\"@type\":\"WebPage\",\"@id\":\"https:\/\/derbe.it\/prodotto\/botanitech-shampoo-idratante-capelli-aridi-sfibrati\/\",\"url\":\"https:\/\/derbe.it\/prodotto\/botanitech-shampoo-idratante-capelli-aridi-sfibrati\/\",\"name\":\"Botanitech Shampoo Idratante Capelli Aridi\/Sfibrati - Derbe - cosmetici naturali\",\"isPartOf\":{\"@id\":\"https:\/\/derbe.it\/#website\"},\"primaryImageOfPage\":{\"@id\":\"https:\/\/derbe.it\/prodotto\/botanitech-shampoo-idratante-capelli-aridi-sfibrati\/#primaryimage\"},\"image\":{\"@id\":\"https:\/\/derbe.it\/prodotto\/botanitech-shampoo-idratante-capelli-aridi-sfibrati\/#primaryimage\"},\"thumbnailUrl\":\"https:\/\/derbe.it\/wp-content\/uploads\/2025\/07\/campione_shampoo_idratante_derbe-1.jpg\",\"datePublished\":\"2025-07-09T17:30:48+00:00\",\"dateModified\":\"2025-08-18T09:00:41+00:00\",\"breadcrumb\":{\"@id\":\"https:\/\/derbe.it\/prodotto\/botanitech-shampoo-idratante-capelli-aridi-sfibrati\/#breadcrumb\"},\"inLanguage\":\"fr-FR\",\"potentialAction\":[{\"@type\":\"ReadAction\",\"target\":[\"https:\/\/derbe.it\/prodotto\/botanitech-shampoo-idratante-capelli-aridi-sfibrati\/\"]}]},{\"@type\":\"ImageObject\",\"inLanguage\":\"fr-FR\",\"@id\":\"https:\/\/derbe.it\/prodotto\/botanitech-shampoo-idratante-capelli-aridi-sfibrati\/#primaryimage\",\"url\":\"https:\/\/derbe.it\/wp-content\/uploads\/2025\/07\/campione_shampoo_idratante_derbe-1.jpg\",\"contentUrl\":\"https:\/\/derbe.it\/wp-content\/uploads\/2025\/07\/campione_shampoo_idratante_derbe-1.jpg\",\"width\":800,\"height\":800},{\"@type\":\"BreadcrumbList\",\"@id\":\"https:\/\/derbe.it\/prodotto\/botanitech-shampoo-idratante-capelli-aridi-sfibrati\/#breadcrumb\",\"itemListElement\":[{\"@type\":\"ListItem\",\"position\":1,\"name\":\"Home\",\"item\":\"https:\/\/derbe.it\/\"},{\"@type\":\"ListItem\",\"position\":2,\"name\":\"Shop\",\"item\":\"https:\/\/derbe.it\/en\/shop\/\"},{\"@type\":\"ListItem\",\"position\":3,\"name\":\"campioncini\",\"item\":\"https:\/\/derbe.it\/categoria-prodotto\/campioncini\/\"},{\"@type\":\"ListItem\",\"position\":4,\"name\":\"Botanitech Shampoo Idratante Capelli Aridi\/Sfibrati\"}]},{\"@type\":\"WebSite\",\"@id\":\"https:\/\/derbe.it\/#website\",\"url\":\"https:\/\/derbe.it\/\",\"name\":\"Derbe\",\"description\":\"Da oltre 50 anni - Made in italy - prodotti per capelli e corpo con estratti vegetali e formule sostenibili\",\"publisher\":{\"@id\":\"https:\/\/derbe.it\/#organization\"},\"potentialAction\":[{\"@type\":\"SearchAction\",\"target\":{\"@type\":\"EntryPoint\",\"urlTemplate\":\"https:\/\/derbe.it\/?s={search_term_string}\"},\"query-input\":{\"@type\":\"PropertyValueSpecification\",\"valueRequired\":true,\"valueName\":\"search_term_string\"}}],\"inLanguage\":\"fr-FR\"},{\"@type\":\"Organization\",\"@id\":\"https:\/\/derbe.it\/#organization\",\"name\":\"Derbe\",\"url\":\"https:\/\/derbe.it\/\",\"logo\":{\"@type\":\"ImageObject\",\"inLanguage\":\"fr-FR\",\"@id\":\"https:\/\/derbe.it\/#\/schema\/logo\/image\/\",\"url\":\"https:\/\/derbe.it\/wp-content\/uploads\/2025\/06\/logo_derbe_firenze.png\",\"contentUrl\":\"https:\/\/derbe.it\/wp-content\/uploads\/2025\/06\/logo_derbe_firenze.png\",\"width\":1200,\"height\":497,\"caption\":\"Derbe\"},\"image\":{\"@id\":\"https:\/\/derbe.it\/#\/schema\/logo\/image\/\"},\"sameAs\":[\"https:\/\/www.facebook.com\/evoderbebio\",\"https:\/\/www.instagram.com\/derbe.official\/\"],\"email\":\"info@derbe.it\",\"telephone\":\"+39 055 42 11 799\",\"legalName\":\"Derbe S.r.l. a socio unico\",\"vatID\":\"07272610481\"}]}<\/script>\n<!-- \/ Yoast SEO Premium plugin. -->","yoast_head_json":{"title":"Shampoing hydratant Botanitech pour cheveux secs\/ab\u00eem\u00e9s - Derbe - cosm\u00e9tiques naturels","robots":{"index":"index","follow":"follow","max-snippet":"max-snippet:-1","max-image-preview":"max-image-preview:large","max-video-preview":"max-video-preview:-1"},"canonical":"https:\/\/derbe.it\/fr\/produit\/shampoing-hydratant-botanitech-pour-cheveux-secs-et-abimes\/","og_locale":"fr_FR","og_type":"article","og_title":"Botanitech Shampoo Idratante Capelli Aridi\/Sfibrati","og_url":"https:\/\/derbe.it\/fr\/produit\/shampoing-hydratant-botanitech-pour-cheveux-secs-et-abimes\/","og_site_name":"Derbe - cosmetici naturali","article_publisher":"https:\/\/www.facebook.com\/evoderbebio","article_modified_time":"2025-08-18T09:00:41+00:00","og_image":[{"width":800,"height":800,"url":"https:\/\/derbe.it\/wp-content\/uploads\/2025\/07\/campione_shampoo_idratante_derbe-1.jpg","type":"image\/jpeg"}],"twitter_card":"summary_large_image","schema":{"@context":"https:\/\/schema.org","@graph":[{"@type":"WebPage","@id":"https:\/\/derbe.it\/prodotto\/botanitech-shampoo-idratante-capelli-aridi-sfibrati\/","url":"https:\/\/derbe.it\/prodotto\/botanitech-shampoo-idratante-capelli-aridi-sfibrati\/","name":"Shampoing hydratant Botanitech pour cheveux secs\/ab\u00eem\u00e9s - Derbe - cosm\u00e9tiques naturels","isPartOf":{"@id":"https:\/\/derbe.it\/#website"},"primaryImageOfPage":{"@id":"https:\/\/derbe.it\/prodotto\/botanitech-shampoo-idratante-capelli-aridi-sfibrati\/#primaryimage"},"image":{"@id":"https:\/\/derbe.it\/prodotto\/botanitech-shampoo-idratante-capelli-aridi-sfibrati\/#primaryimage"},"thumbnailUrl":"https:\/\/derbe.it\/wp-content\/uploads\/2025\/07\/campione_shampoo_idratante_derbe-1.jpg","datePublished":"2025-07-09T17:30:48+00:00","dateModified":"2025-08-18T09:00:41+00:00","breadcrumb":{"@id":"https:\/\/derbe.it\/prodotto\/botanitech-shampoo-idratante-capelli-aridi-sfibrati\/#breadcrumb"},"inLanguage":"fr-FR","potentialAction":[{"@type":"ReadAction","target":["https:\/\/derbe.it\/prodotto\/botanitech-shampoo-idratante-capelli-aridi-sfibrati\/"]}]},{"@type":"ImageObject","inLanguage":"fr-FR","@id":"https:\/\/derbe.it\/prodotto\/botanitech-shampoo-idratante-capelli-aridi-sfibrati\/#primaryimage","url":"https:\/\/derbe.it\/wp-content\/uploads\/2025\/07\/campione_shampoo_idratante_derbe-1.jpg","contentUrl":"https:\/\/derbe.it\/wp-content\/uploads\/2025\/07\/campione_shampoo_idratante_derbe-1.jpg","width":800,"height":800},{"@type":"BreadcrumbList","@id":"https:\/\/derbe.it\/prodotto\/botanitech-shampoo-idratante-capelli-aridi-sfibrati\/#breadcrumb","itemListElement":[{"@type":"ListItem","position":1,"name":"Home","item":"https:\/\/derbe.it\/"},{"@type":"ListItem","position":2,"name":"Shop","item":"https:\/\/derbe.it\/en\/shop\/"},{"@type":"ListItem","position":3,"name":"campioncini","item":"https:\/\/derbe.it\/categoria-prodotto\/campioncini\/"},{"@type":"ListItem","position":4,"name":"Botanitech Shampoo Idratante Capelli Aridi\/Sfibrati"}]},{"@type":"WebSite","@id":"https:\/\/derbe.it\/#website","url":"https:\/\/derbe.it\/","name":"Derb\u00e9","description":"Depuis plus de 50 ans - Fabriqu\u00e9 en Italie - des produits pour les cheveux et le corps \u00e0 base d&#039;extraits de plantes et de formules durables","publisher":{"@id":"https:\/\/derbe.it\/#organization"},"potentialAction":[{"@type":"SearchAction","target":{"@type":"EntryPoint","urlTemplate":"https:\/\/derbe.it\/?s={search_term_string}"},"query-input":{"@type":"PropertyValueSpecification","valueRequired":true,"valueName":"search_term_string"}}],"inLanguage":"fr-FR"},{"@type":"Organization","@id":"https:\/\/derbe.it\/#organization","name":"Derb\u00e9","url":"https:\/\/derbe.it\/","logo":{"@type":"ImageObject","inLanguage":"fr-FR","@id":"https:\/\/derbe.it\/#\/schema\/logo\/image\/","url":"https:\/\/derbe.it\/wp-content\/uploads\/2025\/06\/logo_derbe_firenze.png","contentUrl":"https:\/\/derbe.it\/wp-content\/uploads\/2025\/06\/logo_derbe_firenze.png","width":1200,"height":497,"caption":"Derbe"},"image":{"@id":"https:\/\/derbe.it\/#\/schema\/logo\/image\/"},"sameAs":["https:\/\/www.facebook.com\/evoderbebio","https:\/\/www.instagram.com\/derbe.official\/"],"email":"info@derbe.it","telephone":"+39 055 42 11 799","legalName":"Derbe S.r.l. a socio unico","vatID":"07272610481"}]}},"_links":{"self":[{"href":"https:\/\/derbe.it\/fr\/wp-json\/wp\/v2\/product\/1249","targetHints":{"allow":["GET"]}}],"collection":[{"href":"https:\/\/derbe.it\/fr\/wp-json\/wp\/v2\/product"}],"about":[{"href":"https:\/\/derbe.it\/fr\/wp-json\/wp\/v2\/types\/product"}],"wp:featuredmedia":[{"embeddable":true,"href":"https:\/\/derbe.it\/fr\/wp-json\/wp\/v2\/media\/1296"}],"wp:attachment":[{"href":"https:\/\/derbe.it\/fr\/wp-json\/wp\/v2\/media?parent=1249"}],"wp:term":[{"taxonomy":"caratteristica","embeddable":true,"href":"https:\/\/derbe.it\/fr\/wp-json\/wp\/v2\/caratteristica?post=1249"},{"taxonomy":"collezione","embeddable":true,"href":"https:\/\/derbe.it\/fr\/wp-json\/wp\/v2\/collezione?post=1249"},{"taxonomy":"formato","embeddable":true,"href":"https:\/\/derbe.it\/fr\/wp-json\/wp\/v2\/formato?post=1249"},{"taxonomy":"funzione","embeddable":true,"href":"https:\/\/derbe.it\/fr\/wp-json\/wp\/v2\/funzione?post=1249"},{"taxonomy":"utilizzo","embeddable":true,"href":"https:\/\/derbe.it\/fr\/wp-json\/wp\/v2\/utilizzo?post=1249"},{"taxonomy":"ingrediente-principale","embeddable":true,"href":"https:\/\/derbe.it\/fr\/wp-json\/wp\/v2\/ingrediente-principale?post=1249"},{"taxonomy":"product_brand","embeddable":true,"href":"https:\/\/derbe.it\/fr\/wp-json\/wp\/v2\/product_brand?post=1249"},{"taxonomy":"product_cat","embeddable":true,"href":"https:\/\/derbe.it\/fr\/wp-json\/wp\/v2\/product_cat?post=1249"},{"taxonomy":"product_tag","embeddable":true,"href":"https:\/\/derbe.it\/fr\/wp-json\/wp\/v2\/product_tag?post=1249"}],"curies":[{"name":"wp","href":"https:\/\/api.w.org\/{rel}","templated":true}]}}