{"id":1386,"date":"2025-09-11T11:06:21","date_gmt":"2025-09-11T09:06:21","guid":{"rendered":"https:\/\/derbe.it\/?post_type=product&#038;p=1386"},"modified":"2025-09-29T11:48:39","modified_gmt":"2025-09-29T09:48:39","slug":"shampoing-pour-cheveux-lisses","status":"publish","type":"product","link":"https:\/\/derbe.it\/fr\/produit\/shampoing-pour-cheveux-lisses\/","title":{"rendered":"Shampoing pour cheveux lisses"},"content":{"rendered":"<p>Shampoing bio sp\u00e9cialement con\u00e7u pour cheveux lisses\u00a0: il laisse les cheveux doux et soyeux gr\u00e2ce aux extraits de graines de lin et d&#039;avoine. Il renforce la fibre capillaire et am\u00e9liore son \u00e9lasticit\u00e9. \u00c0 l&#039;avoine, aux graines de lin et \u00e0 la m\u00e9lisse.<\/p>","protected":false},"excerpt":{"rendered":"<p>Shampoing bio sp\u00e9cialement con\u00e7u pour cheveux lisses\u00a0: il laisse les cheveux doux et soyeux gr\u00e2ce aux extraits de graines de lin et d&#039;avoine. Il renforce la fibre capillaire et am\u00e9liore son \u00e9lasticit\u00e9. \u00c0 l&#039;avoine, aux graines de lin et \u00e0 la m\u00e9lisse.<\/p>\n<p>Produit biologique, conditionn\u00e9 dans un emballage recycl\u00e9. [\u2026]<\/p>\n<p><a class=\"btn btn-secondary understrap-read-more-link\" href=\"https:\/\/derbe.it\/fr\/produit\/shampoing-pour-cheveux-lisses\/\">En savoir plus\u2026<span class=\"screen-reader-text\"> Shampoing pour cheveux lisses<\/span><\/a><\/p>","protected":false},"featured_media":1388,"template":"","meta":{"_acf_changed":false},"caratteristica":[94,96,97,116],"collezione":[81],"formato":[],"funzione":[90],"utilizzo":[],"ingrediente-principale":[],"product_brand":[],"product_cat":[23],"product_tag":[],"class_list":{"0":"post-1386","1":"product","2":"type-product","3":"status-publish","4":"has-post-thumbnail","6":"caratteristica-bio","7":"caratteristica-no-sls","8":"caratteristica-pack-riciclato","9":"caratteristica-sviluppato-da-biologi-esperti","10":"collezione-botanitech","11":"funzione-capelli-lisci","12":"product_cat-shampoo","14":"first","15":"instock","16":"purchasable","17":"product-type-simple"},"acf":[],"yoast_head":"<!-- This site is optimized with the Yoast SEO Premium plugin v26.1 (Yoast SEO v26.8) - https:\/\/yoast.com\/product\/yoast-seo-premium-wordpress\/ -->\n<title>Shampoo Capelli Lisci - Derbe - cosmetici naturali<\/title>\n<meta name=\"description\" content=\"Shampoo biologico specifico per capelli lisci: rende il capello morbido e setoso grazie alla presenza di estratto di semi di lino e avena. Rinforza la fibra capillare migliorandone l\u2019elasticit\u00e0. Con Avena \/ Semi di lino \/ Melissa.  Prodotto Biologico, realizzato in pack riciclato.\" \/>\n<meta name=\"robots\" content=\"index, follow, max-snippet:-1, max-image-preview:large, max-video-preview:-1\" \/>\n<link rel=\"canonical\" href=\"https:\/\/derbe.it\/fr\/produit\/shampoing-pour-cheveux-lisses\/\" \/>\n<meta property=\"og:locale\" content=\"fr_FR\" \/>\n<meta property=\"og:type\" content=\"article\" \/>\n<meta property=\"og:title\" content=\"Shampoo Capelli Lisci\" \/>\n<meta property=\"og:description\" content=\"Shampoo biologico specifico per capelli lisci: rende il capello morbido e setoso grazie alla presenza di estratto di semi di lino e avena. Rinforza la fibra capillare migliorandone l\u2019elasticit\u00e0. Con Avena \/ Semi di lino \/ Melissa.  Prodotto Biologico, realizzato in pack riciclato.\" \/>\n<meta property=\"og:url\" content=\"https:\/\/derbe.it\/fr\/produit\/shampoing-pour-cheveux-lisses\/\" \/>\n<meta property=\"og:site_name\" content=\"Derbe - cosmetici naturali\" \/>\n<meta property=\"article:publisher\" content=\"https:\/\/www.facebook.com\/evoderbebio\" \/>\n<meta property=\"article:modified_time\" content=\"2025-09-29T09:48:39+00:00\" \/>\n<meta property=\"og:image\" content=\"https:\/\/derbe.it\/wp-content\/uploads\/2025\/09\/shampoo-capelli-lisci-derbe-1.jpg\" \/>\n\t<meta property=\"og:image:width\" content=\"1600\" \/>\n\t<meta property=\"og:image:height\" content=\"2000\" \/>\n\t<meta property=\"og:image:type\" content=\"image\/jpeg\" \/>\n<meta name=\"twitter:card\" content=\"summary_large_image\" \/>\n<script type=\"application\/ld+json\" class=\"yoast-schema-graph\">{\"@context\":\"https:\/\/schema.org\",\"@graph\":[{\"@type\":\"WebPage\",\"@id\":\"https:\/\/derbe.it\/prodotto\/shampoo-capelli-lisci\/\",\"url\":\"https:\/\/derbe.it\/prodotto\/shampoo-capelli-lisci\/\",\"name\":\"Shampoo Capelli Lisci - Derbe - cosmetici naturali\",\"isPartOf\":{\"@id\":\"https:\/\/derbe.it\/#website\"},\"primaryImageOfPage\":{\"@id\":\"https:\/\/derbe.it\/prodotto\/shampoo-capelli-lisci\/#primaryimage\"},\"image\":{\"@id\":\"https:\/\/derbe.it\/prodotto\/shampoo-capelli-lisci\/#primaryimage\"},\"thumbnailUrl\":\"https:\/\/derbe.it\/wp-content\/uploads\/2025\/09\/shampoo-capelli-lisci-derbe-1.jpg\",\"datePublished\":\"2025-09-11T09:06:21+00:00\",\"dateModified\":\"2025-09-29T09:48:39+00:00\",\"description\":\"Shampoo biologico specifico per capelli lisci: rende il capello morbido e setoso grazie alla presenza di estratto di semi di lino e avena. Rinforza la fibra capillare migliorandone l\u2019elasticit\u00e0. Con Avena \/ Semi di lino \/ Melissa. Prodotto Biologico, realizzato in pack riciclato.\",\"breadcrumb\":{\"@id\":\"https:\/\/derbe.it\/prodotto\/shampoo-capelli-lisci\/#breadcrumb\"},\"inLanguage\":\"fr-FR\",\"potentialAction\":[{\"@type\":\"ReadAction\",\"target\":[\"https:\/\/derbe.it\/prodotto\/shampoo-capelli-lisci\/\"]}]},{\"@type\":\"ImageObject\",\"inLanguage\":\"fr-FR\",\"@id\":\"https:\/\/derbe.it\/prodotto\/shampoo-capelli-lisci\/#primaryimage\",\"url\":\"https:\/\/derbe.it\/wp-content\/uploads\/2025\/09\/shampoo-capelli-lisci-derbe-1.jpg\",\"contentUrl\":\"https:\/\/derbe.it\/wp-content\/uploads\/2025\/09\/shampoo-capelli-lisci-derbe-1.jpg\",\"width\":1600,\"height\":2000},{\"@type\":\"BreadcrumbList\",\"@id\":\"https:\/\/derbe.it\/prodotto\/shampoo-capelli-lisci\/#breadcrumb\",\"itemListElement\":[{\"@type\":\"ListItem\",\"position\":1,\"name\":\"Home\",\"item\":\"https:\/\/derbe.it\/\"},{\"@type\":\"ListItem\",\"position\":2,\"name\":\"Shop\",\"item\":\"https:\/\/derbe.it\/en\/shop\/\"},{\"@type\":\"ListItem\",\"position\":3,\"name\":\"Shampoo\",\"item\":\"https:\/\/derbe.it\/categoria-prodotto\/shampoo\/\"},{\"@type\":\"ListItem\",\"position\":4,\"name\":\"Shampoo Capelli Lisci\"}]},{\"@type\":\"WebSite\",\"@id\":\"https:\/\/derbe.it\/#website\",\"url\":\"https:\/\/derbe.it\/\",\"name\":\"Derbe\",\"description\":\"Da oltre 50 anni - Made in italy - prodotti per capelli e corpo con estratti vegetali e formule sostenibili\",\"publisher\":{\"@id\":\"https:\/\/derbe.it\/#organization\"},\"potentialAction\":[{\"@type\":\"SearchAction\",\"target\":{\"@type\":\"EntryPoint\",\"urlTemplate\":\"https:\/\/derbe.it\/?s={search_term_string}\"},\"query-input\":{\"@type\":\"PropertyValueSpecification\",\"valueRequired\":true,\"valueName\":\"search_term_string\"}}],\"inLanguage\":\"fr-FR\"},{\"@type\":\"Organization\",\"@id\":\"https:\/\/derbe.it\/#organization\",\"name\":\"Derbe\",\"url\":\"https:\/\/derbe.it\/\",\"logo\":{\"@type\":\"ImageObject\",\"inLanguage\":\"fr-FR\",\"@id\":\"https:\/\/derbe.it\/#\/schema\/logo\/image\/\",\"url\":\"https:\/\/derbe.it\/wp-content\/uploads\/2025\/06\/logo_derbe_firenze.png\",\"contentUrl\":\"https:\/\/derbe.it\/wp-content\/uploads\/2025\/06\/logo_derbe_firenze.png\",\"width\":1200,\"height\":497,\"caption\":\"Derbe\"},\"image\":{\"@id\":\"https:\/\/derbe.it\/#\/schema\/logo\/image\/\"},\"sameAs\":[\"https:\/\/www.facebook.com\/evoderbebio\",\"https:\/\/www.instagram.com\/derbe.official\/\"],\"email\":\"info@derbe.it\",\"telephone\":\"+39 055 42 11 799\",\"legalName\":\"Derbe S.r.l. a socio unico\",\"vatID\":\"07272610481\"}]}<\/script>\n<!-- \/ Yoast SEO Premium plugin. -->","yoast_head_json":{"title":"Shampoing pour cheveux lisses - Derbe - cosm\u00e9tiques naturels","description":"Shampoing bio sp\u00e9cialement con\u00e7u pour cheveux lisses\u00a0: il laisse les cheveux doux et soyeux gr\u00e2ce aux extraits de graines de lin et d&#039;avoine. Il renforce la fibre capillaire et am\u00e9liore son \u00e9lasticit\u00e9. \u00c0 base d&#039;avoine, de graines de lin et de m\u00e9lisse. Produit bio, fabriqu\u00e9 dans un emballage recycl\u00e9.","robots":{"index":"index","follow":"follow","max-snippet":"max-snippet:-1","max-image-preview":"max-image-preview:large","max-video-preview":"max-video-preview:-1"},"canonical":"https:\/\/derbe.it\/fr\/produit\/shampoing-pour-cheveux-lisses\/","og_locale":"fr_FR","og_type":"article","og_title":"Shampoo Capelli Lisci","og_description":"Shampoo biologico specifico per capelli lisci: rende il capello morbido e setoso grazie alla presenza di estratto di semi di lino e avena. Rinforza la fibra capillare migliorandone l\u2019elasticit\u00e0. Con Avena \/ Semi di lino \/ Melissa.  Prodotto Biologico, realizzato in pack riciclato.","og_url":"https:\/\/derbe.it\/fr\/produit\/shampoing-pour-cheveux-lisses\/","og_site_name":"Derbe - cosmetici naturali","article_publisher":"https:\/\/www.facebook.com\/evoderbebio","article_modified_time":"2025-09-29T09:48:39+00:00","og_image":[{"width":1600,"height":2000,"url":"https:\/\/derbe.it\/wp-content\/uploads\/2025\/09\/shampoo-capelli-lisci-derbe-1.jpg","type":"image\/jpeg"}],"twitter_card":"summary_large_image","schema":{"@context":"https:\/\/schema.org","@graph":[{"@type":"WebPage","@id":"https:\/\/derbe.it\/prodotto\/shampoo-capelli-lisci\/","url":"https:\/\/derbe.it\/prodotto\/shampoo-capelli-lisci\/","name":"Shampoing pour cheveux lisses - Derbe - cosm\u00e9tiques naturels","isPartOf":{"@id":"https:\/\/derbe.it\/#website"},"primaryImageOfPage":{"@id":"https:\/\/derbe.it\/prodotto\/shampoo-capelli-lisci\/#primaryimage"},"image":{"@id":"https:\/\/derbe.it\/prodotto\/shampoo-capelli-lisci\/#primaryimage"},"thumbnailUrl":"https:\/\/derbe.it\/wp-content\/uploads\/2025\/09\/shampoo-capelli-lisci-derbe-1.jpg","datePublished":"2025-09-11T09:06:21+00:00","dateModified":"2025-09-29T09:48:39+00:00","description":"Shampoing bio sp\u00e9cialement con\u00e7u pour les cheveux lisses\u00a0: gr\u00e2ce aux extraits de lin et d\u2019avoine, il laisse les cheveux doux et soyeux. Il renforce la fibre capillaire et am\u00e9liore son \u00e9lasticit\u00e9. \u00c0 l\u2019avoine, aux graines de lin et \u00e0 la m\u00e9lisse. Produit bio, emballage recycl\u00e9.","breadcrumb":{"@id":"https:\/\/derbe.it\/prodotto\/shampoo-capelli-lisci\/#breadcrumb"},"inLanguage":"fr-FR","potentialAction":[{"@type":"ReadAction","target":["https:\/\/derbe.it\/prodotto\/shampoo-capelli-lisci\/"]}]},{"@type":"ImageObject","inLanguage":"fr-FR","@id":"https:\/\/derbe.it\/prodotto\/shampoo-capelli-lisci\/#primaryimage","url":"https:\/\/derbe.it\/wp-content\/uploads\/2025\/09\/shampoo-capelli-lisci-derbe-1.jpg","contentUrl":"https:\/\/derbe.it\/wp-content\/uploads\/2025\/09\/shampoo-capelli-lisci-derbe-1.jpg","width":1600,"height":2000},{"@type":"BreadcrumbList","@id":"https:\/\/derbe.it\/prodotto\/shampoo-capelli-lisci\/#breadcrumb","itemListElement":[{"@type":"ListItem","position":1,"name":"Home","item":"https:\/\/derbe.it\/"},{"@type":"ListItem","position":2,"name":"Shop","item":"https:\/\/derbe.it\/en\/shop\/"},{"@type":"ListItem","position":3,"name":"Shampoo","item":"https:\/\/derbe.it\/categoria-prodotto\/shampoo\/"},{"@type":"ListItem","position":4,"name":"Shampoo Capelli Lisci"}]},{"@type":"WebSite","@id":"https:\/\/derbe.it\/#website","url":"https:\/\/derbe.it\/","name":"Derb\u00e9","description":"Depuis plus de 50 ans - Fabriqu\u00e9 en Italie - des produits pour les cheveux et le corps \u00e0 base d&#039;extraits de plantes et de formules durables","publisher":{"@id":"https:\/\/derbe.it\/#organization"},"potentialAction":[{"@type":"SearchAction","target":{"@type":"EntryPoint","urlTemplate":"https:\/\/derbe.it\/?s={search_term_string}"},"query-input":{"@type":"PropertyValueSpecification","valueRequired":true,"valueName":"search_term_string"}}],"inLanguage":"fr-FR"},{"@type":"Organization","@id":"https:\/\/derbe.it\/#organization","name":"Derb\u00e9","url":"https:\/\/derbe.it\/","logo":{"@type":"ImageObject","inLanguage":"fr-FR","@id":"https:\/\/derbe.it\/#\/schema\/logo\/image\/","url":"https:\/\/derbe.it\/wp-content\/uploads\/2025\/06\/logo_derbe_firenze.png","contentUrl":"https:\/\/derbe.it\/wp-content\/uploads\/2025\/06\/logo_derbe_firenze.png","width":1200,"height":497,"caption":"Derbe"},"image":{"@id":"https:\/\/derbe.it\/#\/schema\/logo\/image\/"},"sameAs":["https:\/\/www.facebook.com\/evoderbebio","https:\/\/www.instagram.com\/derbe.official\/"],"email":"info@derbe.it","telephone":"+39 055 42 11 799","legalName":"Derbe S.r.l. a socio unico","vatID":"07272610481"}]}},"_links":{"self":[{"href":"https:\/\/derbe.it\/fr\/wp-json\/wp\/v2\/product\/1386","targetHints":{"allow":["GET"]}}],"collection":[{"href":"https:\/\/derbe.it\/fr\/wp-json\/wp\/v2\/product"}],"about":[{"href":"https:\/\/derbe.it\/fr\/wp-json\/wp\/v2\/types\/product"}],"wp:featuredmedia":[{"embeddable":true,"href":"https:\/\/derbe.it\/fr\/wp-json\/wp\/v2\/media\/1388"}],"wp:attachment":[{"href":"https:\/\/derbe.it\/fr\/wp-json\/wp\/v2\/media?parent=1386"}],"wp:term":[{"taxonomy":"caratteristica","embeddable":true,"href":"https:\/\/derbe.it\/fr\/wp-json\/wp\/v2\/caratteristica?post=1386"},{"taxonomy":"collezione","embeddable":true,"href":"https:\/\/derbe.it\/fr\/wp-json\/wp\/v2\/collezione?post=1386"},{"taxonomy":"formato","embeddable":true,"href":"https:\/\/derbe.it\/fr\/wp-json\/wp\/v2\/formato?post=1386"},{"taxonomy":"funzione","embeddable":true,"href":"https:\/\/derbe.it\/fr\/wp-json\/wp\/v2\/funzione?post=1386"},{"taxonomy":"utilizzo","embeddable":true,"href":"https:\/\/derbe.it\/fr\/wp-json\/wp\/v2\/utilizzo?post=1386"},{"taxonomy":"ingrediente-principale","embeddable":true,"href":"https:\/\/derbe.it\/fr\/wp-json\/wp\/v2\/ingrediente-principale?post=1386"},{"taxonomy":"product_brand","embeddable":true,"href":"https:\/\/derbe.it\/fr\/wp-json\/wp\/v2\/product_brand?post=1386"},{"taxonomy":"product_cat","embeddable":true,"href":"https:\/\/derbe.it\/fr\/wp-json\/wp\/v2\/product_cat?post=1386"},{"taxonomy":"product_tag","embeddable":true,"href":"https:\/\/derbe.it\/fr\/wp-json\/wp\/v2\/product_tag?post=1386"}],"curies":[{"name":"wp","href":"https:\/\/api.w.org\/{rel}","templated":true}]}}