{"id":209,"date":"2018-09-26T10:12:23","date_gmt":"2018-09-26T08:12:23","guid":{"rendered":"https:\/\/derbe.it\/prodotto\/olioderbe-ortica-capelli-grassi\/"},"modified":"2025-11-12T12:05:38","modified_gmt":"2025-11-12T11:05:38","slug":"huile-dortie-pour-cheveux-gras","status":"publish","type":"product","link":"https:\/\/derbe.it\/fr\/produit\/huile-dortie-pour-cheveux-gras\/","title":{"rendered":"OlioDerbe Ortie \u2013 cheveux gras"},"content":{"rendered":"<p>Olioderbe pour cheveux gras,<span class=\"Apple-converted-space\">\u00a0 <\/span>Gr\u00e2ce \u00e0 ses substances fonctionnelles, il aide \u00e0 r\u00e9\u00e9duquer les glandes s\u00e9bac\u00e9es et combat l&#039;exc\u00e8s de s\u00e9bum de la peau et des cheveux.<\/p>\n<ul>\n<li>avec <strong>huile de ricin<\/strong>Stimule la microcirculation locale. Prot\u00e8ge contre les agressions ext\u00e9rieures et combat la s\u00e9cheresse.<\/li>\n<li>avec <strong>extrait d&#039;ortie<\/strong>: riche en min\u00e9raux et en vitamines qui aident \u00e0 r\u00e9guler la production de s\u00e9bum<\/li>\n<\/ul>","protected":false},"excerpt":{"rendered":"<p>OlioDerbe \u00e8 un olio detergente per capelli che non aggredisce la cute e non sfibra il capello. Contiene olii essenziali di Ortica indicato per il problema dell&#8217;untuosit\u00e0. [&#8230;]<\/p>\n<p><a class=\"btn btn-secondary understrap-read-more-link\" href=\"https:\/\/derbe.it\/fr\/produit\/huile-dortie-pour-cheveux-gras\/\">En savoir plus\u2026<span class=\"screen-reader-text\"> d&#039;OlioDerbe Ortie \u2013 cheveux gras<\/span><\/a><\/p>","protected":false},"featured_media":210,"template":"","meta":{"_acf_changed":false},"caratteristica":[97,116,95],"collezione":[99],"formato":[],"funzione":[87],"utilizzo":[],"ingrediente-principale":[],"product_brand":[],"product_cat":[100],"product_tag":[],"class_list":{"0":"post-209","1":"product","2":"type-product","3":"status-publish","4":"has-post-thumbnail","6":"caratteristica-pack-riciclato","7":"caratteristica-sviluppato-da-biologi-esperti","8":"caratteristica-vegan","9":"collezione-olioderbe","10":"funzione-capelli-grassi","11":"product_cat-olio-lavante","13":"first","14":"instock","15":"purchasable","16":"product-type-simple"},"acf":[],"yoast_head":"<!-- This site is optimized with the Yoast SEO Premium plugin v26.1 (Yoast SEO v26.8) - https:\/\/yoast.com\/product\/yoast-seo-premium-wordpress\/ -->\n<title>OlioDerbe Ortica - capelli grassi - Derbe - cosmetici naturali<\/title>\n<meta name=\"description\" content=\"OlioDerbe \u00e8 un olio detergente per capelli che non aggredisce la cute e non sfibra il capello. Contiene olii essenziali di Ortica indicato per il problema dell&#039;untuosit\u00e0.\" \/>\n<meta name=\"robots\" content=\"index, follow, max-snippet:-1, max-image-preview:large, max-video-preview:-1\" \/>\n<link rel=\"canonical\" href=\"https:\/\/derbe.it\/fr\/produit\/huile-dortie-pour-cheveux-gras\/\" \/>\n<meta property=\"og:locale\" content=\"fr_FR\" \/>\n<meta property=\"og:type\" content=\"article\" \/>\n<meta property=\"og:title\" content=\"OlioDerbe Ortica - capelli grassi\" \/>\n<meta property=\"og:description\" content=\"OlioDerbe \u00e8 un olio detergente per capelli che non aggredisce la cute e non sfibra il capello. Contiene olii essenziali di Ortica indicato per il problema dell&#039;untuosit\u00e0.\" \/>\n<meta property=\"og:url\" content=\"https:\/\/derbe.it\/fr\/produit\/huile-dortie-pour-cheveux-gras\/\" \/>\n<meta property=\"og:site_name\" content=\"Derbe - cosmetici naturali\" \/>\n<meta property=\"article:publisher\" content=\"https:\/\/www.facebook.com\/evoderbebio\" \/>\n<meta property=\"article:modified_time\" content=\"2025-11-12T11:05:38+00:00\" \/>\n<meta property=\"og:image\" content=\"https:\/\/derbe.it\/wp-content\/uploads\/2025\/05\/olioderbe-capelli-grassi.jpg\" \/>\n\t<meta property=\"og:image:width\" content=\"1600\" \/>\n\t<meta property=\"og:image:height\" content=\"2000\" \/>\n\t<meta property=\"og:image:type\" content=\"image\/jpeg\" \/>\n<meta name=\"twitter:card\" content=\"summary_large_image\" \/>\n<meta name=\"twitter:label1\" content=\"Dur\u00e9e de lecture estim\u00e9e\" \/>\n\t<meta name=\"twitter:data1\" content=\"1 minute\" \/>\n<script type=\"application\/ld+json\" class=\"yoast-schema-graph\">{\"@context\":\"https:\/\/schema.org\",\"@graph\":[{\"@type\":\"WebPage\",\"@id\":\"https:\/\/derbe.it\/prodotto\/olioderbe-ortica-capelli-grassi\/\",\"url\":\"https:\/\/derbe.it\/prodotto\/olioderbe-ortica-capelli-grassi\/\",\"name\":\"OlioDerbe Ortica - capelli grassi - Derbe - cosmetici naturali\",\"isPartOf\":{\"@id\":\"https:\/\/derbe.it\/#website\"},\"primaryImageOfPage\":{\"@id\":\"https:\/\/derbe.it\/prodotto\/olioderbe-ortica-capelli-grassi\/#primaryimage\"},\"image\":{\"@id\":\"https:\/\/derbe.it\/prodotto\/olioderbe-ortica-capelli-grassi\/#primaryimage\"},\"thumbnailUrl\":\"https:\/\/derbe.it\/wp-content\/uploads\/2025\/05\/olioderbe-capelli-grassi.jpg\",\"datePublished\":\"2018-09-26T08:12:23+00:00\",\"dateModified\":\"2025-11-12T11:05:38+00:00\",\"description\":\"OlioDerbe \u00e8 un olio detergente per capelli che non aggredisce la cute e non sfibra il capello. Contiene olii essenziali di Ortica indicato per il problema dell'untuosit\u00e0.\",\"breadcrumb\":{\"@id\":\"https:\/\/derbe.it\/prodotto\/olioderbe-ortica-capelli-grassi\/#breadcrumb\"},\"inLanguage\":\"fr-FR\",\"potentialAction\":[{\"@type\":\"ReadAction\",\"target\":[\"https:\/\/derbe.it\/prodotto\/olioderbe-ortica-capelli-grassi\/\"]}]},{\"@type\":\"ImageObject\",\"inLanguage\":\"fr-FR\",\"@id\":\"https:\/\/derbe.it\/prodotto\/olioderbe-ortica-capelli-grassi\/#primaryimage\",\"url\":\"https:\/\/derbe.it\/wp-content\/uploads\/2025\/05\/olioderbe-capelli-grassi.jpg\",\"contentUrl\":\"https:\/\/derbe.it\/wp-content\/uploads\/2025\/05\/olioderbe-capelli-grassi.jpg\",\"width\":1600,\"height\":2000},{\"@type\":\"BreadcrumbList\",\"@id\":\"https:\/\/derbe.it\/prodotto\/olioderbe-ortica-capelli-grassi\/#breadcrumb\",\"itemListElement\":[{\"@type\":\"ListItem\",\"position\":1,\"name\":\"Home\",\"item\":\"https:\/\/derbe.it\/\"},{\"@type\":\"ListItem\",\"position\":2,\"name\":\"Shop\",\"item\":\"https:\/\/derbe.it\/en\/shop\/\"},{\"@type\":\"ListItem\",\"position\":3,\"name\":\"Olio Lavante\",\"item\":\"https:\/\/derbe.it\/categoria-prodotto\/olio-lavante\/\"},{\"@type\":\"ListItem\",\"position\":4,\"name\":\"OlioDerbe Ortica &#8211; capelli grassi\"}]},{\"@type\":\"WebSite\",\"@id\":\"https:\/\/derbe.it\/#website\",\"url\":\"https:\/\/derbe.it\/\",\"name\":\"Derbe\",\"description\":\"Da oltre 50 anni - Made in italy - prodotti per capelli e corpo con estratti vegetali e formule sostenibili\",\"publisher\":{\"@id\":\"https:\/\/derbe.it\/#organization\"},\"potentialAction\":[{\"@type\":\"SearchAction\",\"target\":{\"@type\":\"EntryPoint\",\"urlTemplate\":\"https:\/\/derbe.it\/?s={search_term_string}\"},\"query-input\":{\"@type\":\"PropertyValueSpecification\",\"valueRequired\":true,\"valueName\":\"search_term_string\"}}],\"inLanguage\":\"fr-FR\"},{\"@type\":\"Organization\",\"@id\":\"https:\/\/derbe.it\/#organization\",\"name\":\"Derbe\",\"url\":\"https:\/\/derbe.it\/\",\"logo\":{\"@type\":\"ImageObject\",\"inLanguage\":\"fr-FR\",\"@id\":\"https:\/\/derbe.it\/#\/schema\/logo\/image\/\",\"url\":\"https:\/\/derbe.it\/wp-content\/uploads\/2025\/06\/logo_derbe_firenze.png\",\"contentUrl\":\"https:\/\/derbe.it\/wp-content\/uploads\/2025\/06\/logo_derbe_firenze.png\",\"width\":1200,\"height\":497,\"caption\":\"Derbe\"},\"image\":{\"@id\":\"https:\/\/derbe.it\/#\/schema\/logo\/image\/\"},\"sameAs\":[\"https:\/\/www.facebook.com\/evoderbebio\",\"https:\/\/www.instagram.com\/derbe.official\/\"],\"email\":\"info@derbe.it\",\"telephone\":\"+39 055 42 11 799\",\"legalName\":\"Derbe S.r.l. a socio unico\",\"vatID\":\"07272610481\"}]}<\/script>\n<!-- \/ Yoast SEO Premium plugin. -->","yoast_head_json":{"title":"OlioDerbe Ortie - Cheveux gras - Derbe - Cosm\u00e9tiques naturels","description":"OlioDerbe est une huile lavante douce pour le cuir chevelu et sans agresser les cheveux. Elle contient des huiles essentielles d&#039;ortie, id\u00e9ales pour les cheveux gras.","robots":{"index":"index","follow":"follow","max-snippet":"max-snippet:-1","max-image-preview":"max-image-preview:large","max-video-preview":"max-video-preview:-1"},"canonical":"https:\/\/derbe.it\/fr\/produit\/huile-dortie-pour-cheveux-gras\/","og_locale":"fr_FR","og_type":"article","og_title":"OlioDerbe Ortica - capelli grassi","og_description":"OlioDerbe \u00e8 un olio detergente per capelli che non aggredisce la cute e non sfibra il capello. Contiene olii essenziali di Ortica indicato per il problema dell'untuosit\u00e0.","og_url":"https:\/\/derbe.it\/fr\/produit\/huile-dortie-pour-cheveux-gras\/","og_site_name":"Derbe - cosmetici naturali","article_publisher":"https:\/\/www.facebook.com\/evoderbebio","article_modified_time":"2025-11-12T11:05:38+00:00","og_image":[{"width":1600,"height":2000,"url":"https:\/\/derbe.it\/wp-content\/uploads\/2025\/05\/olioderbe-capelli-grassi.jpg","type":"image\/jpeg"}],"twitter_card":"summary_large_image","twitter_misc":{"Dur\u00e9e de lecture estim\u00e9e":"1 minute"},"schema":{"@context":"https:\/\/schema.org","@graph":[{"@type":"WebPage","@id":"https:\/\/derbe.it\/prodotto\/olioderbe-ortica-capelli-grassi\/","url":"https:\/\/derbe.it\/prodotto\/olioderbe-ortica-capelli-grassi\/","name":"OlioDerbe Ortie - Cheveux gras - Derbe - Cosm\u00e9tiques naturels","isPartOf":{"@id":"https:\/\/derbe.it\/#website"},"primaryImageOfPage":{"@id":"https:\/\/derbe.it\/prodotto\/olioderbe-ortica-capelli-grassi\/#primaryimage"},"image":{"@id":"https:\/\/derbe.it\/prodotto\/olioderbe-ortica-capelli-grassi\/#primaryimage"},"thumbnailUrl":"https:\/\/derbe.it\/wp-content\/uploads\/2025\/05\/olioderbe-capelli-grassi.jpg","datePublished":"2018-09-26T08:12:23+00:00","dateModified":"2025-11-12T11:05:38+00:00","description":"OlioDerbe est une huile lavante douce pour le cuir chevelu et sans agresser les cheveux. Elle contient des huiles essentielles d&#039;ortie, id\u00e9ales pour les cheveux gras.","breadcrumb":{"@id":"https:\/\/derbe.it\/prodotto\/olioderbe-ortica-capelli-grassi\/#breadcrumb"},"inLanguage":"fr-FR","potentialAction":[{"@type":"ReadAction","target":["https:\/\/derbe.it\/prodotto\/olioderbe-ortica-capelli-grassi\/"]}]},{"@type":"ImageObject","inLanguage":"fr-FR","@id":"https:\/\/derbe.it\/prodotto\/olioderbe-ortica-capelli-grassi\/#primaryimage","url":"https:\/\/derbe.it\/wp-content\/uploads\/2025\/05\/olioderbe-capelli-grassi.jpg","contentUrl":"https:\/\/derbe.it\/wp-content\/uploads\/2025\/05\/olioderbe-capelli-grassi.jpg","width":1600,"height":2000},{"@type":"BreadcrumbList","@id":"https:\/\/derbe.it\/prodotto\/olioderbe-ortica-capelli-grassi\/#breadcrumb","itemListElement":[{"@type":"ListItem","position":1,"name":"Home","item":"https:\/\/derbe.it\/"},{"@type":"ListItem","position":2,"name":"Shop","item":"https:\/\/derbe.it\/en\/shop\/"},{"@type":"ListItem","position":3,"name":"Olio Lavante","item":"https:\/\/derbe.it\/categoria-prodotto\/olio-lavante\/"},{"@type":"ListItem","position":4,"name":"OlioDerbe Ortica &#8211; capelli grassi"}]},{"@type":"WebSite","@id":"https:\/\/derbe.it\/#website","url":"https:\/\/derbe.it\/","name":"Derb\u00e9","description":"Depuis plus de 50 ans - Fabriqu\u00e9 en Italie - des produits pour les cheveux et le corps \u00e0 base d&#039;extraits de plantes et de formules durables","publisher":{"@id":"https:\/\/derbe.it\/#organization"},"potentialAction":[{"@type":"SearchAction","target":{"@type":"EntryPoint","urlTemplate":"https:\/\/derbe.it\/?s={search_term_string}"},"query-input":{"@type":"PropertyValueSpecification","valueRequired":true,"valueName":"search_term_string"}}],"inLanguage":"fr-FR"},{"@type":"Organization","@id":"https:\/\/derbe.it\/#organization","name":"Derb\u00e9","url":"https:\/\/derbe.it\/","logo":{"@type":"ImageObject","inLanguage":"fr-FR","@id":"https:\/\/derbe.it\/#\/schema\/logo\/image\/","url":"https:\/\/derbe.it\/wp-content\/uploads\/2025\/06\/logo_derbe_firenze.png","contentUrl":"https:\/\/derbe.it\/wp-content\/uploads\/2025\/06\/logo_derbe_firenze.png","width":1200,"height":497,"caption":"Derbe"},"image":{"@id":"https:\/\/derbe.it\/#\/schema\/logo\/image\/"},"sameAs":["https:\/\/www.facebook.com\/evoderbebio","https:\/\/www.instagram.com\/derbe.official\/"],"email":"info@derbe.it","telephone":"+39 055 42 11 799","legalName":"Derbe S.r.l. a socio unico","vatID":"07272610481"}]}},"_links":{"self":[{"href":"https:\/\/derbe.it\/fr\/wp-json\/wp\/v2\/product\/209","targetHints":{"allow":["GET"]}}],"collection":[{"href":"https:\/\/derbe.it\/fr\/wp-json\/wp\/v2\/product"}],"about":[{"href":"https:\/\/derbe.it\/fr\/wp-json\/wp\/v2\/types\/product"}],"wp:featuredmedia":[{"embeddable":true,"href":"https:\/\/derbe.it\/fr\/wp-json\/wp\/v2\/media\/210"}],"wp:attachment":[{"href":"https:\/\/derbe.it\/fr\/wp-json\/wp\/v2\/media?parent=209"}],"wp:term":[{"taxonomy":"caratteristica","embeddable":true,"href":"https:\/\/derbe.it\/fr\/wp-json\/wp\/v2\/caratteristica?post=209"},{"taxonomy":"collezione","embeddable":true,"href":"https:\/\/derbe.it\/fr\/wp-json\/wp\/v2\/collezione?post=209"},{"taxonomy":"formato","embeddable":true,"href":"https:\/\/derbe.it\/fr\/wp-json\/wp\/v2\/formato?post=209"},{"taxonomy":"funzione","embeddable":true,"href":"https:\/\/derbe.it\/fr\/wp-json\/wp\/v2\/funzione?post=209"},{"taxonomy":"utilizzo","embeddable":true,"href":"https:\/\/derbe.it\/fr\/wp-json\/wp\/v2\/utilizzo?post=209"},{"taxonomy":"ingrediente-principale","embeddable":true,"href":"https:\/\/derbe.it\/fr\/wp-json\/wp\/v2\/ingrediente-principale?post=209"},{"taxonomy":"product_brand","embeddable":true,"href":"https:\/\/derbe.it\/fr\/wp-json\/wp\/v2\/product_brand?post=209"},{"taxonomy":"product_cat","embeddable":true,"href":"https:\/\/derbe.it\/fr\/wp-json\/wp\/v2\/product_cat?post=209"},{"taxonomy":"product_tag","embeddable":true,"href":"https:\/\/derbe.it\/fr\/wp-json\/wp\/v2\/product_tag?post=209"}],"curies":[{"name":"wp","href":"https:\/\/api.w.org\/{rel}","templated":true}]}}