{"id":236,"date":"2018-09-26T10:13:21","date_gmt":"2018-09-26T08:13:21","guid":{"rendered":"https:\/\/derbe.it\/prodotto\/sciampo-delicatissimo-cocco-zucchero-2\/"},"modified":"2025-11-12T11:05:42","modified_gmt":"2025-11-12T10:05:42","slug":"shampoing-tres-delicat-au-sucre-de-coco-2","status":"publish","type":"product","link":"https:\/\/derbe.it\/fr\/produit\/shampoing-tres-delicat-au-sucre-de-coco-2\/","title":{"rendered":"Shampoing huileux au sucre et \u00e0 la noix de coco"},"content":{"rendered":"<p>L&#039;exc\u00e8s de s\u00e9bum pr\u00e9sent sur le cuir chevelu a tendance \u00e0 se modifier chimiquement au fil du temps par des ph\u00e9nom\u00e8nes d&#039;oxydation et de rancissement et \u00e0 se transformer en substances irritantes et odorantes.<\/p>\n<p>Ce processus est \u00e0 l\u2019origine de l\u2019inconfort ressenti par les personnes pr\u00e9sentant l\u2019aspect disgracieux des cheveux gras.<\/p>\n<p>Ce shampooing tr\u00e8s d\u00e9licat a un excellent effet apaisant et r\u00e9\u00e9quilibrant sur le cuir chevelu. Son utilisation r\u00e9guli\u00e8re a tendance \u00e0 <strong>r\u00e9\u00e9duquer les glandes s\u00e9bac\u00e9es hyperactives gr\u00e2ce \u00e0 la pr\u00e9sence de d\u00e9riv\u00e9s de Citron et d&#039;Ortie<\/strong>, qui donnent le <strong>Shampoing Sucre et Noix de Coco pour cheveux gras, une action assainissante et purifiante<\/strong>. Il nettoie les cheveux et le cuir chevelu sans alt\u00e9rer leur \u00e9quilibre hydrolipidique et acide naturel.<\/p>\n<ul>\n<li>avec <strong>extrait de citron<\/strong>: contribue \u00e0 tonifier le cuir chevelu et agit comme r\u00e9gulateur de s\u00e9bum<\/li>\n<li>avec <strong>extrait d&#039;ortie<\/strong>: c&#039;est l&#039;une des plantes poss\u00e9dant le plus grand nombre de propri\u00e9t\u00e9s m\u00e9dicinales, connue pour son effet \u00e9mollient, et tr\u00e8s active contre la chute des cheveux et l&#039;exc\u00e8s de s\u00e9bum.<\/li>\n<\/ul>","protected":false},"excerpt":{"rendered":"<p>L&#039;utilisation r\u00e9guli\u00e8re du shampooing au sucre et \u00e0 la noix de coco contre l&#039;exc\u00e8s de s\u00e9bum rend les cheveux visiblement sains, r\u00e9solvant ainsi le probl\u00e8me du cuir chevelu gras et des cheveux gras.<br \/>\nGrazie alla presenza dei derivati del limone e dell\u2019ortica le ghiandole sebacee iperattive vengono rieducate. [&#8230;]<\/p>\n<p><a class=\"btn btn-secondary understrap-read-more-link\" href=\"https:\/\/derbe.it\/fr\/produit\/shampoing-tres-delicat-au-sucre-de-coco-2\/\">En savoir plus\u2026<span class=\"screen-reader-text\"> Shampoing au sucre et \u00e0 l&#039;huile de coco<\/span><\/a><\/p>","protected":false},"featured_media":237,"template":"","meta":{"_acf_changed":false},"caratteristica":[116],"collezione":[],"formato":[],"funzione":[87],"utilizzo":[],"ingrediente-principale":[],"product_brand":[],"product_cat":[23],"product_tag":[],"class_list":{"0":"post-236","1":"product","2":"type-product","3":"status-publish","4":"has-post-thumbnail","6":"caratteristica-sviluppato-da-biologi-esperti","7":"funzione-capelli-grassi","8":"product_cat-shampoo","10":"first","11":"instock","12":"purchasable","13":"product-type-simple"},"acf":[],"yoast_head":"<!-- This site is optimized with the Yoast SEO Premium plugin v26.1 (Yoast SEO v26.8) - https:\/\/yoast.com\/product\/yoast-seo-premium-wordpress\/ -->\n<title>Shampoo zucchero e cocco untuosit\u00e0 - Derbe - cosmetici naturali<\/title>\n<meta name=\"description\" content=\"L\u2019uso abituale dello shampoo Zucchero e Cocco contro l\u2019untuosit\u00e0 rende i capelli visibilmente sani risolvendo il problema della cute grassa e dei capelli untuosi. Grazie alla presenza dei derivati del limone e dell\u2019ortica le ghiandole sebacee iperattive vengono rieducate.\" \/>\n<meta name=\"robots\" content=\"index, follow, max-snippet:-1, max-image-preview:large, max-video-preview:-1\" \/>\n<link rel=\"canonical\" href=\"https:\/\/derbe.it\/fr\/produit\/shampoing-tres-delicat-au-sucre-de-coco-2\/\" \/>\n<meta property=\"og:locale\" content=\"fr_FR\" \/>\n<meta property=\"og:type\" content=\"article\" \/>\n<meta property=\"og:title\" content=\"Shampoo zucchero e cocco untuosit\u00e0\" \/>\n<meta property=\"og:description\" content=\"L\u2019uso abituale dello shampoo Zucchero e Cocco contro l\u2019untuosit\u00e0 rende i capelli visibilmente sani risolvendo il problema della cute grassa e dei capelli untuosi. Grazie alla presenza dei derivati del limone e dell\u2019ortica le ghiandole sebacee iperattive vengono rieducate.\" \/>\n<meta property=\"og:url\" content=\"https:\/\/derbe.it\/fr\/produit\/shampoing-tres-delicat-au-sucre-de-coco-2\/\" \/>\n<meta property=\"og:site_name\" content=\"Derbe - cosmetici naturali\" \/>\n<meta property=\"article:publisher\" content=\"https:\/\/www.facebook.com\/evoderbebio\" \/>\n<meta property=\"article:modified_time\" content=\"2025-11-12T10:05:42+00:00\" \/>\n<meta property=\"og:image\" content=\"https:\/\/derbe.it\/wp-content\/uploads\/2025\/05\/sciampo-delicatissimo-capelli-untuosi-zucchero-cocco-limone-ortica-derbe.jpg\" \/>\n\t<meta property=\"og:image:width\" content=\"1600\" \/>\n\t<meta property=\"og:image:height\" content=\"2000\" \/>\n\t<meta property=\"og:image:type\" content=\"image\/jpeg\" \/>\n<meta name=\"twitter:card\" content=\"summary_large_image\" \/>\n<meta name=\"twitter:label1\" content=\"Dur\u00e9e de lecture estim\u00e9e\" \/>\n\t<meta name=\"twitter:data1\" content=\"2 minutes\" \/>\n<script type=\"application\/ld+json\" class=\"yoast-schema-graph\">{\"@context\":\"https:\/\/schema.org\",\"@graph\":[{\"@type\":\"WebPage\",\"@id\":\"https:\/\/derbe.it\/prodotto\/sciampo-delicatissimo-cocco-zucchero-2\/\",\"url\":\"https:\/\/derbe.it\/prodotto\/sciampo-delicatissimo-cocco-zucchero-2\/\",\"name\":\"Shampoo zucchero e cocco untuosit\u00e0 - Derbe - cosmetici naturali\",\"isPartOf\":{\"@id\":\"https:\/\/derbe.it\/#website\"},\"primaryImageOfPage\":{\"@id\":\"https:\/\/derbe.it\/prodotto\/sciampo-delicatissimo-cocco-zucchero-2\/#primaryimage\"},\"image\":{\"@id\":\"https:\/\/derbe.it\/prodotto\/sciampo-delicatissimo-cocco-zucchero-2\/#primaryimage\"},\"thumbnailUrl\":\"https:\/\/derbe.it\/wp-content\/uploads\/2025\/05\/sciampo-delicatissimo-capelli-untuosi-zucchero-cocco-limone-ortica-derbe.jpg\",\"datePublished\":\"2018-09-26T08:13:21+00:00\",\"dateModified\":\"2025-11-12T10:05:42+00:00\",\"description\":\"L\u2019uso abituale dello shampoo Zucchero e Cocco contro l\u2019untuosit\u00e0 rende i capelli visibilmente sani risolvendo il problema della cute grassa e dei capelli untuosi. Grazie alla presenza dei derivati del limone e dell\u2019ortica le ghiandole sebacee iperattive vengono rieducate.\",\"breadcrumb\":{\"@id\":\"https:\/\/derbe.it\/prodotto\/sciampo-delicatissimo-cocco-zucchero-2\/#breadcrumb\"},\"inLanguage\":\"fr-FR\",\"potentialAction\":[{\"@type\":\"ReadAction\",\"target\":[\"https:\/\/derbe.it\/prodotto\/sciampo-delicatissimo-cocco-zucchero-2\/\"]}]},{\"@type\":\"ImageObject\",\"inLanguage\":\"fr-FR\",\"@id\":\"https:\/\/derbe.it\/prodotto\/sciampo-delicatissimo-cocco-zucchero-2\/#primaryimage\",\"url\":\"https:\/\/derbe.it\/wp-content\/uploads\/2025\/05\/sciampo-delicatissimo-capelli-untuosi-zucchero-cocco-limone-ortica-derbe.jpg\",\"contentUrl\":\"https:\/\/derbe.it\/wp-content\/uploads\/2025\/05\/sciampo-delicatissimo-capelli-untuosi-zucchero-cocco-limone-ortica-derbe.jpg\",\"width\":1600,\"height\":2000,\"caption\":\"Sciampo delicatissimo per capelli untuosi - Derbe\"},{\"@type\":\"BreadcrumbList\",\"@id\":\"https:\/\/derbe.it\/prodotto\/sciampo-delicatissimo-cocco-zucchero-2\/#breadcrumb\",\"itemListElement\":[{\"@type\":\"ListItem\",\"position\":1,\"name\":\"Home\",\"item\":\"https:\/\/derbe.it\/\"},{\"@type\":\"ListItem\",\"position\":2,\"name\":\"Shop\",\"item\":\"https:\/\/derbe.it\/en\/shop\/\"},{\"@type\":\"ListItem\",\"position\":3,\"name\":\"Shampoo\",\"item\":\"https:\/\/derbe.it\/categoria-prodotto\/shampoo\/\"},{\"@type\":\"ListItem\",\"position\":4,\"name\":\"Shampoo zucchero e cocco untuosit\u00e0\"}]},{\"@type\":\"WebSite\",\"@id\":\"https:\/\/derbe.it\/#website\",\"url\":\"https:\/\/derbe.it\/\",\"name\":\"Derbe\",\"description\":\"Da oltre 50 anni - Made in italy - prodotti per capelli e corpo con estratti vegetali e formule sostenibili\",\"publisher\":{\"@id\":\"https:\/\/derbe.it\/#organization\"},\"potentialAction\":[{\"@type\":\"SearchAction\",\"target\":{\"@type\":\"EntryPoint\",\"urlTemplate\":\"https:\/\/derbe.it\/?s={search_term_string}\"},\"query-input\":{\"@type\":\"PropertyValueSpecification\",\"valueRequired\":true,\"valueName\":\"search_term_string\"}}],\"inLanguage\":\"fr-FR\"},{\"@type\":\"Organization\",\"@id\":\"https:\/\/derbe.it\/#organization\",\"name\":\"Derbe\",\"url\":\"https:\/\/derbe.it\/\",\"logo\":{\"@type\":\"ImageObject\",\"inLanguage\":\"fr-FR\",\"@id\":\"https:\/\/derbe.it\/#\/schema\/logo\/image\/\",\"url\":\"https:\/\/derbe.it\/wp-content\/uploads\/2025\/06\/logo_derbe_firenze.png\",\"contentUrl\":\"https:\/\/derbe.it\/wp-content\/uploads\/2025\/06\/logo_derbe_firenze.png\",\"width\":1200,\"height\":497,\"caption\":\"Derbe\"},\"image\":{\"@id\":\"https:\/\/derbe.it\/#\/schema\/logo\/image\/\"},\"sameAs\":[\"https:\/\/www.facebook.com\/evoderbebio\",\"https:\/\/www.instagram.com\/derbe.official\/\"],\"email\":\"info@derbe.it\",\"telephone\":\"+39 055 42 11 799\",\"legalName\":\"Derbe S.r.l. a socio unico\",\"vatID\":\"07272610481\"}]}<\/script>\n<!-- \/ Yoast SEO Premium plugin. -->","yoast_head_json":{"title":"Shampoing au sucre et \u00e0 la noix de coco pour peaux grasses - Derbe - Cosm\u00e9tiques naturels","description":"L&#039;utilisation r\u00e9guli\u00e8re du shampooing anti-gras au sucre et \u00e0 la noix de coco laisse les cheveux visiblement sains, r\u00e9solvant ainsi les probl\u00e8mes de cuir chevelu gras et de cheveux gras. Les extraits de citron et d&#039;ortie r\u00e9gulent les glandes s\u00e9bac\u00e9es hyperactives.","robots":{"index":"index","follow":"follow","max-snippet":"max-snippet:-1","max-image-preview":"max-image-preview:large","max-video-preview":"max-video-preview:-1"},"canonical":"https:\/\/derbe.it\/fr\/produit\/shampoing-tres-delicat-au-sucre-de-coco-2\/","og_locale":"fr_FR","og_type":"article","og_title":"Shampoo zucchero e cocco untuosit\u00e0","og_description":"L\u2019uso abituale dello shampoo Zucchero e Cocco contro l\u2019untuosit\u00e0 rende i capelli visibilmente sani risolvendo il problema della cute grassa e dei capelli untuosi. Grazie alla presenza dei derivati del limone e dell\u2019ortica le ghiandole sebacee iperattive vengono rieducate.","og_url":"https:\/\/derbe.it\/fr\/produit\/shampoing-tres-delicat-au-sucre-de-coco-2\/","og_site_name":"Derbe - cosmetici naturali","article_publisher":"https:\/\/www.facebook.com\/evoderbebio","article_modified_time":"2025-11-12T10:05:42+00:00","og_image":[{"width":1600,"height":2000,"url":"https:\/\/derbe.it\/wp-content\/uploads\/2025\/05\/sciampo-delicatissimo-capelli-untuosi-zucchero-cocco-limone-ortica-derbe.jpg","type":"image\/jpeg"}],"twitter_card":"summary_large_image","twitter_misc":{"Dur\u00e9e de lecture estim\u00e9e":"2 minutes"},"schema":{"@context":"https:\/\/schema.org","@graph":[{"@type":"WebPage","@id":"https:\/\/derbe.it\/prodotto\/sciampo-delicatissimo-cocco-zucchero-2\/","url":"https:\/\/derbe.it\/prodotto\/sciampo-delicatissimo-cocco-zucchero-2\/","name":"Shampoing au sucre et \u00e0 la noix de coco pour peaux grasses - Derbe - Cosm\u00e9tiques naturels","isPartOf":{"@id":"https:\/\/derbe.it\/#website"},"primaryImageOfPage":{"@id":"https:\/\/derbe.it\/prodotto\/sciampo-delicatissimo-cocco-zucchero-2\/#primaryimage"},"image":{"@id":"https:\/\/derbe.it\/prodotto\/sciampo-delicatissimo-cocco-zucchero-2\/#primaryimage"},"thumbnailUrl":"https:\/\/derbe.it\/wp-content\/uploads\/2025\/05\/sciampo-delicatissimo-capelli-untuosi-zucchero-cocco-limone-ortica-derbe.jpg","datePublished":"2018-09-26T08:13:21+00:00","dateModified":"2025-11-12T10:05:42+00:00","description":"L&#039;utilisation r\u00e9guli\u00e8re du shampooing anti-gras au sucre et \u00e0 la noix de coco laisse les cheveux visiblement sains, r\u00e9solvant ainsi les probl\u00e8mes de cuir chevelu gras et de cheveux gras. Les extraits de citron et d&#039;ortie r\u00e9gulent les glandes s\u00e9bac\u00e9es hyperactives.","breadcrumb":{"@id":"https:\/\/derbe.it\/prodotto\/sciampo-delicatissimo-cocco-zucchero-2\/#breadcrumb"},"inLanguage":"fr-FR","potentialAction":[{"@type":"ReadAction","target":["https:\/\/derbe.it\/prodotto\/sciampo-delicatissimo-cocco-zucchero-2\/"]}]},{"@type":"ImageObject","inLanguage":"fr-FR","@id":"https:\/\/derbe.it\/prodotto\/sciampo-delicatissimo-cocco-zucchero-2\/#primaryimage","url":"https:\/\/derbe.it\/wp-content\/uploads\/2025\/05\/sciampo-delicatissimo-capelli-untuosi-zucchero-cocco-limone-ortica-derbe.jpg","contentUrl":"https:\/\/derbe.it\/wp-content\/uploads\/2025\/05\/sciampo-delicatissimo-capelli-untuosi-zucchero-cocco-limone-ortica-derbe.jpg","width":1600,"height":2000,"caption":"Sciampo delicatissimo per capelli untuosi - Derbe"},{"@type":"BreadcrumbList","@id":"https:\/\/derbe.it\/prodotto\/sciampo-delicatissimo-cocco-zucchero-2\/#breadcrumb","itemListElement":[{"@type":"ListItem","position":1,"name":"Home","item":"https:\/\/derbe.it\/"},{"@type":"ListItem","position":2,"name":"Shop","item":"https:\/\/derbe.it\/en\/shop\/"},{"@type":"ListItem","position":3,"name":"Shampoo","item":"https:\/\/derbe.it\/categoria-prodotto\/shampoo\/"},{"@type":"ListItem","position":4,"name":"Shampoo zucchero e cocco untuosit\u00e0"}]},{"@type":"WebSite","@id":"https:\/\/derbe.it\/#website","url":"https:\/\/derbe.it\/","name":"Derb\u00e9","description":"Depuis plus de 50 ans - Fabriqu\u00e9 en Italie - des produits pour les cheveux et le corps \u00e0 base d&#039;extraits de plantes et de formules durables","publisher":{"@id":"https:\/\/derbe.it\/#organization"},"potentialAction":[{"@type":"SearchAction","target":{"@type":"EntryPoint","urlTemplate":"https:\/\/derbe.it\/?s={search_term_string}"},"query-input":{"@type":"PropertyValueSpecification","valueRequired":true,"valueName":"search_term_string"}}],"inLanguage":"fr-FR"},{"@type":"Organization","@id":"https:\/\/derbe.it\/#organization","name":"Derb\u00e9","url":"https:\/\/derbe.it\/","logo":{"@type":"ImageObject","inLanguage":"fr-FR","@id":"https:\/\/derbe.it\/#\/schema\/logo\/image\/","url":"https:\/\/derbe.it\/wp-content\/uploads\/2025\/06\/logo_derbe_firenze.png","contentUrl":"https:\/\/derbe.it\/wp-content\/uploads\/2025\/06\/logo_derbe_firenze.png","width":1200,"height":497,"caption":"Derbe"},"image":{"@id":"https:\/\/derbe.it\/#\/schema\/logo\/image\/"},"sameAs":["https:\/\/www.facebook.com\/evoderbebio","https:\/\/www.instagram.com\/derbe.official\/"],"email":"info@derbe.it","telephone":"+39 055 42 11 799","legalName":"Derbe S.r.l. a socio unico","vatID":"07272610481"}]}},"_links":{"self":[{"href":"https:\/\/derbe.it\/fr\/wp-json\/wp\/v2\/product\/236","targetHints":{"allow":["GET"]}}],"collection":[{"href":"https:\/\/derbe.it\/fr\/wp-json\/wp\/v2\/product"}],"about":[{"href":"https:\/\/derbe.it\/fr\/wp-json\/wp\/v2\/types\/product"}],"wp:featuredmedia":[{"embeddable":true,"href":"https:\/\/derbe.it\/fr\/wp-json\/wp\/v2\/media\/237"}],"wp:attachment":[{"href":"https:\/\/derbe.it\/fr\/wp-json\/wp\/v2\/media?parent=236"}],"wp:term":[{"taxonomy":"caratteristica","embeddable":true,"href":"https:\/\/derbe.it\/fr\/wp-json\/wp\/v2\/caratteristica?post=236"},{"taxonomy":"collezione","embeddable":true,"href":"https:\/\/derbe.it\/fr\/wp-json\/wp\/v2\/collezione?post=236"},{"taxonomy":"formato","embeddable":true,"href":"https:\/\/derbe.it\/fr\/wp-json\/wp\/v2\/formato?post=236"},{"taxonomy":"funzione","embeddable":true,"href":"https:\/\/derbe.it\/fr\/wp-json\/wp\/v2\/funzione?post=236"},{"taxonomy":"utilizzo","embeddable":true,"href":"https:\/\/derbe.it\/fr\/wp-json\/wp\/v2\/utilizzo?post=236"},{"taxonomy":"ingrediente-principale","embeddable":true,"href":"https:\/\/derbe.it\/fr\/wp-json\/wp\/v2\/ingrediente-principale?post=236"},{"taxonomy":"product_brand","embeddable":true,"href":"https:\/\/derbe.it\/fr\/wp-json\/wp\/v2\/product_brand?post=236"},{"taxonomy":"product_cat","embeddable":true,"href":"https:\/\/derbe.it\/fr\/wp-json\/wp\/v2\/product_cat?post=236"},{"taxonomy":"product_tag","embeddable":true,"href":"https:\/\/derbe.it\/fr\/wp-json\/wp\/v2\/product_tag?post=236"}],"curies":[{"name":"wp","href":"https:\/\/api.w.org\/{rel}","templated":true}]}}