{"id":248,"date":"2018-09-26T10:12:44","date_gmt":"2018-09-26T08:12:44","guid":{"rendered":"https:\/\/derbe.it\/prodotto\/sciampo-doccia-schiumaderbe\/"},"modified":"2025-11-05T17:31:43","modified_gmt":"2025-11-05T16:31:43","slug":"shampoing-douche-moussant","status":"publish","type":"product","link":"https:\/\/derbe.it\/fr\/produit\/shampoing-douche-moussant\/","title":{"rendered":"Shampoing moussant pour douche Derbe"},"content":{"rendered":"<p>Les sensations que vous ressentez lorsque vous utilisez Schiumaderbe pour vous baigner, vous doucher et vous laver les cheveux sont aussi uniques que celles que vous ressentez lorsque vous \u00eates transport\u00e9 par un t\u00e9l\u00e9si\u00e8ge en haute montagne, lorsque vous courez sur la plage au printemps, ou lorsque vous vous allongez dans une prairie fleurie au milieu des collines, ou lorsque vous vous promenez dans les bois \u00e0 la recherche de champignons.<\/p>\n<p>Schiumaderbe vous ram\u00e8ne naturellement \u00e0 ces sensations, \u00e0 ces sentiments qui, endormis dans cette vie fr\u00e9n\u00e9tique de fum\u00e9e, de murs, de bo\u00eetes closes, reviennent merveilleusement \u00e0 la vie lorsque vous l&#039;utilisez pour purifier votre corps et vos cheveux.<\/p>\n<p>Schiumaderbe est en effet une pr\u00e9paration unique par l&#039;\u00e9quilibre de ses composants internes : de l&#039;agent moussant d\u00e9licat, aux huiles hydrophiles douces, jusqu&#039;au parfum naturel compos\u00e9 de menthe, camphre, thym etc., c&#039;est-\u00e0-dire les essences des bois les plus purs, jusqu&#039;\u00e0 son acidit\u00e9 eudermique.<\/p>\n<p>Schiumaderbe est unique car il nettoie parfaitement tout le corps, y compris les zones intimes, laissant la peau douce et tonique, et les cheveux doux et brillants. Schiumaderbe est un tr\u00e9sor naturel, un plaisir naturel, une envie de \u201d\u00a0retour\u00a0\u201d aux bons moments du pass\u00e9, aux grands espaces.<\/p>\n<p>Il est si riche en ressources qu&#039;on peut en utiliser tr\u00e8s peu. On peut m\u00eame l&#039;utiliser avec de l&#039;eau de mer\u00a0!<\/p>","protected":false},"excerpt":{"rendered":"<p>Detergente unico per l&#8217;equilibrio dei suoi componenti: gli olii essenziali, lo schiumogeno delicato, la sua profumazione inconfondibile e la sua freschezza lo rendono indimenticabile. Grazie alle sue propriet\u00e0 rinfrescanti ed antisettiche se ne consiglia l&#8217;uso per la doccia in piscina e in palestra. [&#8230;]<\/p>\n<p><a class=\"btn btn-secondary understrap-read-more-link\" href=\"https:\/\/derbe.it\/fr\/produit\/shampoing-douche-moussant\/\">En savoir plus\u2026<span class=\"screen-reader-text\"> from Shampoo Doccia SchiumaDerbe<\/span><\/a><\/p>","protected":false},"featured_media":249,"template":"","meta":{"_acf_changed":false},"caratteristica":[],"collezione":[105],"formato":[],"funzione":[],"utilizzo":[],"ingrediente-principale":[],"product_brand":[],"product_cat":[22],"product_tag":[],"class_list":{"0":"post-248","1":"product","2":"type-product","3":"status-publish","4":"has-post-thumbnail","6":"collezione-schiumaderbe","7":"product_cat-bagnoschiuma","9":"first","10":"instock","11":"purchasable","12":"product-type-simple"},"acf":[],"yoast_head":"<!-- This site is optimized with the Yoast SEO Premium plugin v26.1 (Yoast SEO v26.8) - https:\/\/yoast.com\/product\/yoast-seo-premium-wordpress\/ -->\n<title>Shampoo Doccia SchiumaDerbe - Derbe - cosmetici naturali<\/title>\n<meta name=\"description\" content=\"Detergente unico per l&#039;equilibrio dei suoi componenti: gli olii essenziali, lo schiumogeno delicato, la sua profumazione inconfondibile e la sua freschezza lo rendono indimenticabile. Grazie alle sue propriet\u00e0 rinfrescanti ed antisettiche se ne consiglia l&#039;uso per la doccia in piscina e in palestra.\" \/>\n<meta name=\"robots\" content=\"index, follow, max-snippet:-1, max-image-preview:large, max-video-preview:-1\" \/>\n<link rel=\"canonical\" href=\"https:\/\/derbe.it\/fr\/produit\/shampoing-douche-moussant\/\" \/>\n<meta property=\"og:locale\" content=\"fr_FR\" \/>\n<meta property=\"og:type\" content=\"article\" \/>\n<meta property=\"og:title\" content=\"Shampoo Doccia SchiumaDerbe\" \/>\n<meta property=\"og:description\" content=\"Detergente unico per l&#039;equilibrio dei suoi componenti: gli olii essenziali, lo schiumogeno delicato, la sua profumazione inconfondibile e la sua freschezza lo rendono indimenticabile. Grazie alle sue propriet\u00e0 rinfrescanti ed antisettiche se ne consiglia l&#039;uso per la doccia in piscina e in palestra.\" \/>\n<meta property=\"og:url\" content=\"https:\/\/derbe.it\/fr\/produit\/shampoing-douche-moussant\/\" \/>\n<meta property=\"og:site_name\" content=\"Derbe - cosmetici naturali\" \/>\n<meta property=\"article:publisher\" content=\"https:\/\/www.facebook.com\/evoderbebio\" \/>\n<meta property=\"article:modified_time\" content=\"2025-11-05T16:31:43+00:00\" \/>\n<meta property=\"og:image\" content=\"https:\/\/derbe.it\/wp-content\/uploads\/2025\/05\/schiumaderbe-sciampodoccia-capelli-corpo-derbe.jpg\" \/>\n\t<meta property=\"og:image:width\" content=\"1600\" \/>\n\t<meta property=\"og:image:height\" content=\"2000\" \/>\n\t<meta property=\"og:image:type\" content=\"image\/jpeg\" \/>\n<meta name=\"twitter:card\" content=\"summary_large_image\" \/>\n<meta name=\"twitter:label1\" content=\"Dur\u00e9e de lecture estim\u00e9e\" \/>\n\t<meta name=\"twitter:data1\" content=\"2 minutes\" \/>\n<script type=\"application\/ld+json\" class=\"yoast-schema-graph\">{\"@context\":\"https:\/\/schema.org\",\"@graph\":[{\"@type\":\"WebPage\",\"@id\":\"https:\/\/derbe.it\/prodotto\/sciampo-doccia-schiumaderbe\/\",\"url\":\"https:\/\/derbe.it\/prodotto\/sciampo-doccia-schiumaderbe\/\",\"name\":\"Shampoo Doccia SchiumaDerbe - Derbe - cosmetici naturali\",\"isPartOf\":{\"@id\":\"https:\/\/derbe.it\/#website\"},\"primaryImageOfPage\":{\"@id\":\"https:\/\/derbe.it\/prodotto\/sciampo-doccia-schiumaderbe\/#primaryimage\"},\"image\":{\"@id\":\"https:\/\/derbe.it\/prodotto\/sciampo-doccia-schiumaderbe\/#primaryimage\"},\"thumbnailUrl\":\"https:\/\/derbe.it\/wp-content\/uploads\/2025\/05\/schiumaderbe-sciampodoccia-capelli-corpo-derbe.jpg\",\"datePublished\":\"2018-09-26T08:12:44+00:00\",\"dateModified\":\"2025-11-05T16:31:43+00:00\",\"description\":\"Detergente unico per l'equilibrio dei suoi componenti: gli olii essenziali, lo schiumogeno delicato, la sua profumazione inconfondibile e la sua freschezza lo rendono indimenticabile. Grazie alle sue propriet\u00e0 rinfrescanti ed antisettiche se ne consiglia l'uso per la doccia in piscina e in palestra.\",\"breadcrumb\":{\"@id\":\"https:\/\/derbe.it\/prodotto\/sciampo-doccia-schiumaderbe\/#breadcrumb\"},\"inLanguage\":\"fr-FR\",\"potentialAction\":[{\"@type\":\"ReadAction\",\"target\":[\"https:\/\/derbe.it\/prodotto\/sciampo-doccia-schiumaderbe\/\"]}]},{\"@type\":\"ImageObject\",\"inLanguage\":\"fr-FR\",\"@id\":\"https:\/\/derbe.it\/prodotto\/sciampo-doccia-schiumaderbe\/#primaryimage\",\"url\":\"https:\/\/derbe.it\/wp-content\/uploads\/2025\/05\/schiumaderbe-sciampodoccia-capelli-corpo-derbe.jpg\",\"contentUrl\":\"https:\/\/derbe.it\/wp-content\/uploads\/2025\/05\/schiumaderbe-sciampodoccia-capelli-corpo-derbe.jpg\",\"width\":1600,\"height\":2000},{\"@type\":\"BreadcrumbList\",\"@id\":\"https:\/\/derbe.it\/prodotto\/sciampo-doccia-schiumaderbe\/#breadcrumb\",\"itemListElement\":[{\"@type\":\"ListItem\",\"position\":1,\"name\":\"Home\",\"item\":\"https:\/\/derbe.it\/\"},{\"@type\":\"ListItem\",\"position\":2,\"name\":\"Shop\",\"item\":\"https:\/\/derbe.it\/en\/shop\/\"},{\"@type\":\"ListItem\",\"position\":3,\"name\":\"Bagnoschiuma\",\"item\":\"https:\/\/derbe.it\/categoria-prodotto\/bagnoschiuma\/\"},{\"@type\":\"ListItem\",\"position\":4,\"name\":\"Shampoo Doccia SchiumaDerbe\"}]},{\"@type\":\"WebSite\",\"@id\":\"https:\/\/derbe.it\/#website\",\"url\":\"https:\/\/derbe.it\/\",\"name\":\"Derbe\",\"description\":\"Da oltre 50 anni - Made in italy - prodotti per capelli e corpo con estratti vegetali e formule sostenibili\",\"publisher\":{\"@id\":\"https:\/\/derbe.it\/#organization\"},\"potentialAction\":[{\"@type\":\"SearchAction\",\"target\":{\"@type\":\"EntryPoint\",\"urlTemplate\":\"https:\/\/derbe.it\/?s={search_term_string}\"},\"query-input\":{\"@type\":\"PropertyValueSpecification\",\"valueRequired\":true,\"valueName\":\"search_term_string\"}}],\"inLanguage\":\"fr-FR\"},{\"@type\":\"Organization\",\"@id\":\"https:\/\/derbe.it\/#organization\",\"name\":\"Derbe\",\"url\":\"https:\/\/derbe.it\/\",\"logo\":{\"@type\":\"ImageObject\",\"inLanguage\":\"fr-FR\",\"@id\":\"https:\/\/derbe.it\/#\/schema\/logo\/image\/\",\"url\":\"https:\/\/derbe.it\/wp-content\/uploads\/2025\/06\/logo_derbe_firenze.png\",\"contentUrl\":\"https:\/\/derbe.it\/wp-content\/uploads\/2025\/06\/logo_derbe_firenze.png\",\"width\":1200,\"height\":497,\"caption\":\"Derbe\"},\"image\":{\"@id\":\"https:\/\/derbe.it\/#\/schema\/logo\/image\/\"},\"sameAs\":[\"https:\/\/www.facebook.com\/evoderbebio\",\"https:\/\/www.instagram.com\/derbe.official\/\"],\"email\":\"info@derbe.it\",\"telephone\":\"+39 055 42 11 799\",\"legalName\":\"Derbe S.r.l. a socio unico\",\"vatID\":\"07272610481\"}]}<\/script>\n<!-- \/ Yoast SEO Premium plugin. -->","yoast_head_json":{"title":"Shampoing moussant pour douche Derbe - Derbe - cosm\u00e9tiques naturels","description":"Un nettoyant unique gr\u00e2ce \u00e0 l&#039;\u00e9quilibre de ses ingr\u00e9dients\u00a0: huiles essentielles, mousse d\u00e9licate, parfum incomparable et fra\u00eecheur inoubliable. Ses propri\u00e9t\u00e9s rafra\u00eechissantes et antiseptiques en font un produit id\u00e9al pour la douche \u00e0 la piscine et \u00e0 la salle de sport.","robots":{"index":"index","follow":"follow","max-snippet":"max-snippet:-1","max-image-preview":"max-image-preview:large","max-video-preview":"max-video-preview:-1"},"canonical":"https:\/\/derbe.it\/fr\/produit\/shampoing-douche-moussant\/","og_locale":"fr_FR","og_type":"article","og_title":"Shampoo Doccia SchiumaDerbe","og_description":"Detergente unico per l'equilibrio dei suoi componenti: gli olii essenziali, lo schiumogeno delicato, la sua profumazione inconfondibile e la sua freschezza lo rendono indimenticabile. Grazie alle sue propriet\u00e0 rinfrescanti ed antisettiche se ne consiglia l'uso per la doccia in piscina e in palestra.","og_url":"https:\/\/derbe.it\/fr\/produit\/shampoing-douche-moussant\/","og_site_name":"Derbe - cosmetici naturali","article_publisher":"https:\/\/www.facebook.com\/evoderbebio","article_modified_time":"2025-11-05T16:31:43+00:00","og_image":[{"width":1600,"height":2000,"url":"https:\/\/derbe.it\/wp-content\/uploads\/2025\/05\/schiumaderbe-sciampodoccia-capelli-corpo-derbe.jpg","type":"image\/jpeg"}],"twitter_card":"summary_large_image","twitter_misc":{"Dur\u00e9e de lecture estim\u00e9e":"2 minutes"},"schema":{"@context":"https:\/\/schema.org","@graph":[{"@type":"WebPage","@id":"https:\/\/derbe.it\/prodotto\/sciampo-doccia-schiumaderbe\/","url":"https:\/\/derbe.it\/prodotto\/sciampo-doccia-schiumaderbe\/","name":"Shampoing moussant pour douche Derbe - Derbe - cosm\u00e9tiques naturels","isPartOf":{"@id":"https:\/\/derbe.it\/#website"},"primaryImageOfPage":{"@id":"https:\/\/derbe.it\/prodotto\/sciampo-doccia-schiumaderbe\/#primaryimage"},"image":{"@id":"https:\/\/derbe.it\/prodotto\/sciampo-doccia-schiumaderbe\/#primaryimage"},"thumbnailUrl":"https:\/\/derbe.it\/wp-content\/uploads\/2025\/05\/schiumaderbe-sciampodoccia-capelli-corpo-derbe.jpg","datePublished":"2018-09-26T08:12:44+00:00","dateModified":"2025-11-05T16:31:43+00:00","description":"Un nettoyant unique gr\u00e2ce \u00e0 l&#039;\u00e9quilibre de ses ingr\u00e9dients\u00a0: huiles essentielles, mousse d\u00e9licate, parfum incomparable et fra\u00eecheur inoubliable. Ses propri\u00e9t\u00e9s rafra\u00eechissantes et antiseptiques en font un produit id\u00e9al pour la douche \u00e0 la piscine et \u00e0 la salle de sport.","breadcrumb":{"@id":"https:\/\/derbe.it\/prodotto\/sciampo-doccia-schiumaderbe\/#breadcrumb"},"inLanguage":"fr-FR","potentialAction":[{"@type":"ReadAction","target":["https:\/\/derbe.it\/prodotto\/sciampo-doccia-schiumaderbe\/"]}]},{"@type":"ImageObject","inLanguage":"fr-FR","@id":"https:\/\/derbe.it\/prodotto\/sciampo-doccia-schiumaderbe\/#primaryimage","url":"https:\/\/derbe.it\/wp-content\/uploads\/2025\/05\/schiumaderbe-sciampodoccia-capelli-corpo-derbe.jpg","contentUrl":"https:\/\/derbe.it\/wp-content\/uploads\/2025\/05\/schiumaderbe-sciampodoccia-capelli-corpo-derbe.jpg","width":1600,"height":2000},{"@type":"BreadcrumbList","@id":"https:\/\/derbe.it\/prodotto\/sciampo-doccia-schiumaderbe\/#breadcrumb","itemListElement":[{"@type":"ListItem","position":1,"name":"Home","item":"https:\/\/derbe.it\/"},{"@type":"ListItem","position":2,"name":"Shop","item":"https:\/\/derbe.it\/en\/shop\/"},{"@type":"ListItem","position":3,"name":"Bagnoschiuma","item":"https:\/\/derbe.it\/categoria-prodotto\/bagnoschiuma\/"},{"@type":"ListItem","position":4,"name":"Shampoo Doccia SchiumaDerbe"}]},{"@type":"WebSite","@id":"https:\/\/derbe.it\/#website","url":"https:\/\/derbe.it\/","name":"Derb\u00e9","description":"Depuis plus de 50 ans - Fabriqu\u00e9 en Italie - des produits pour les cheveux et le corps \u00e0 base d&#039;extraits de plantes et de formules durables","publisher":{"@id":"https:\/\/derbe.it\/#organization"},"potentialAction":[{"@type":"SearchAction","target":{"@type":"EntryPoint","urlTemplate":"https:\/\/derbe.it\/?s={search_term_string}"},"query-input":{"@type":"PropertyValueSpecification","valueRequired":true,"valueName":"search_term_string"}}],"inLanguage":"fr-FR"},{"@type":"Organization","@id":"https:\/\/derbe.it\/#organization","name":"Derb\u00e9","url":"https:\/\/derbe.it\/","logo":{"@type":"ImageObject","inLanguage":"fr-FR","@id":"https:\/\/derbe.it\/#\/schema\/logo\/image\/","url":"https:\/\/derbe.it\/wp-content\/uploads\/2025\/06\/logo_derbe_firenze.png","contentUrl":"https:\/\/derbe.it\/wp-content\/uploads\/2025\/06\/logo_derbe_firenze.png","width":1200,"height":497,"caption":"Derbe"},"image":{"@id":"https:\/\/derbe.it\/#\/schema\/logo\/image\/"},"sameAs":["https:\/\/www.facebook.com\/evoderbebio","https:\/\/www.instagram.com\/derbe.official\/"],"email":"info@derbe.it","telephone":"+39 055 42 11 799","legalName":"Derbe S.r.l. a socio unico","vatID":"07272610481"}]}},"_links":{"self":[{"href":"https:\/\/derbe.it\/fr\/wp-json\/wp\/v2\/product\/248","targetHints":{"allow":["GET"]}}],"collection":[{"href":"https:\/\/derbe.it\/fr\/wp-json\/wp\/v2\/product"}],"about":[{"href":"https:\/\/derbe.it\/fr\/wp-json\/wp\/v2\/types\/product"}],"wp:featuredmedia":[{"embeddable":true,"href":"https:\/\/derbe.it\/fr\/wp-json\/wp\/v2\/media\/249"}],"wp:attachment":[{"href":"https:\/\/derbe.it\/fr\/wp-json\/wp\/v2\/media?parent=248"}],"wp:term":[{"taxonomy":"caratteristica","embeddable":true,"href":"https:\/\/derbe.it\/fr\/wp-json\/wp\/v2\/caratteristica?post=248"},{"taxonomy":"collezione","embeddable":true,"href":"https:\/\/derbe.it\/fr\/wp-json\/wp\/v2\/collezione?post=248"},{"taxonomy":"formato","embeddable":true,"href":"https:\/\/derbe.it\/fr\/wp-json\/wp\/v2\/formato?post=248"},{"taxonomy":"funzione","embeddable":true,"href":"https:\/\/derbe.it\/fr\/wp-json\/wp\/v2\/funzione?post=248"},{"taxonomy":"utilizzo","embeddable":true,"href":"https:\/\/derbe.it\/fr\/wp-json\/wp\/v2\/utilizzo?post=248"},{"taxonomy":"ingrediente-principale","embeddable":true,"href":"https:\/\/derbe.it\/fr\/wp-json\/wp\/v2\/ingrediente-principale?post=248"},{"taxonomy":"product_brand","embeddable":true,"href":"https:\/\/derbe.it\/fr\/wp-json\/wp\/v2\/product_brand?post=248"},{"taxonomy":"product_cat","embeddable":true,"href":"https:\/\/derbe.it\/fr\/wp-json\/wp\/v2\/product_cat?post=248"},{"taxonomy":"product_tag","embeddable":true,"href":"https:\/\/derbe.it\/fr\/wp-json\/wp\/v2\/product_tag?post=248"}],"curies":[{"name":"wp","href":"https:\/\/api.w.org\/{rel}","templated":true}]}}