{"id":256,"date":"2018-09-26T10:10:44","date_gmt":"2018-09-26T08:10:44","guid":{"rendered":"https:\/\/derbe.it\/prodotto\/balsamo-schiumaderbe\/"},"modified":"2025-11-12T11:43:36","modified_gmt":"2025-11-12T10:43:36","slug":"baume-moussant","status":"publish","type":"product","link":"https:\/\/derbe.it\/fr\/produit\/baume-moussant\/","title":{"rendered":"Baume moussant Derbe"},"content":{"rendered":"<p>L&#039;apr\u00e8s-shampoing SchiumaDerbe allie un soin revitalisant puissant \u00e0 une action apaisante, nettoyante et rafra\u00eechissante sur le cuir chevelu. Il d\u00e9m\u00eale en douceur sans alourdir les cheveux, les laissant sains et soyeux. Avec l&#039;apr\u00e8s-shampoing SchiumaDerbe, red\u00e9couvrez l&#039;importance de prendre soin de vos cheveux et de votre cuir chevelu gr\u00e2ce \u00e0 un produit naturel.<\/p>\n<ul>\n<li>avec <strong>huile de graines de Crambe abyssinica<\/strong>: illuminateur capillaire<\/li>\n<li>avec <strong>vitamine E<\/strong>: avec effet protecteur<\/li>\n<li>avec <strong>panth\u00e9nol ou provitamine B5<\/strong>Hydratant, apaisant, \u00e9lastifiant.<\/li>\n<\/ul>","protected":false},"excerpt":{"rendered":"<p>L&#039;apr\u00e8s-shampoing Schiumaderbe a \u00e9t\u00e9 cr\u00e9\u00e9 pour celles et ceux qui recherchent fra\u00eecheur, hygi\u00e8ne et s\u00e9curit\u00e9. Sp\u00e9cialement con\u00e7u pour le soin des cheveux, il propose un programme complet visant \u00e0 restaurer le bien-\u00eatre g\u00e9n\u00e9ral et l&#039;\u00e9tat physiologique naturel des cheveux, des racines jusqu&#039;aux pointes. L&#039;apr\u00e8s-shampoing Schiumaderbe est un produit qui allie une haute qualit\u00e9 de soins. <strong>pouvoir de conditionnement<\/strong> \u00e0 une activit\u00e9 <strong>apaisant<\/strong>, <strong>d\u00e9sinfectant<\/strong> Et <strong>rafra\u00eechissant<\/strong> du cuir chevelu. Il d\u00e9m\u00eale les cheveux en douceur sans les alourdir et les laisse sains, brillants et soyeux.<span class=\"Apple-converted-space\">\u00a0<\/span> [\u2026]<\/p>\n<p><a class=\"btn btn-secondary understrap-read-more-link\" href=\"https:\/\/derbe.it\/fr\/produit\/baume-moussant\/\">En savoir plus\u2026<span class=\"screen-reader-text\"> de Balsamo SchiumaDerbe<\/span><\/a><\/p>","protected":false},"featured_media":257,"template":"","meta":{"_acf_changed":false},"caratteristica":[],"collezione":[105],"formato":[],"funzione":[87],"utilizzo":[],"ingrediente-principale":[],"product_brand":[],"product_cat":[101],"product_tag":[],"class_list":{"0":"post-256","1":"product","2":"type-product","3":"status-publish","4":"has-post-thumbnail","6":"collezione-schiumaderbe","7":"funzione-capelli-grassi","8":"product_cat-maschere-e-balsami","10":"first","11":"instock","12":"purchasable","13":"product-type-simple"},"acf":[],"yoast_head":"<!-- This site is optimized with the Yoast SEO Premium plugin v26.1 (Yoast SEO v26.8) - https:\/\/yoast.com\/product\/yoast-seo-premium-wordpress\/ -->\n<title>Balsamo SchiumaDerbe - Derbe - cosmetici naturali<\/title>\n<meta name=\"description\" content=\"Schiumaderbe balsamo nasce per coloro che necessitano di freschezza, igiene e sicurezza. \u00c8 un prodotto studiato per occuparsi in modo specifico della cura del capello, sviluppando un percorso completo di ripristino del benessere e del naturale stato fisiologico del capello nel suo complesso, dal cuoio capelluto alle punte. Schiumaderbe Balsamo \u00e8 un prodotto che abbina un elevato potere condizionante ad un\u2019attivit\u00e0 lenitiva, igienizzante e rinfrescante del cuoio capelluto. Districa i capelli delicatamente senza appesantirli e li lascia sani, lucenti e setosi.\u00a0\" \/>\n<meta name=\"robots\" content=\"index, follow, max-snippet:-1, max-image-preview:large, max-video-preview:-1\" \/>\n<link rel=\"canonical\" href=\"https:\/\/derbe.it\/fr\/produit\/baume-moussant\/\" \/>\n<meta property=\"og:locale\" content=\"fr_FR\" \/>\n<meta property=\"og:type\" content=\"article\" \/>\n<meta property=\"og:title\" content=\"Balsamo SchiumaDerbe\" \/>\n<meta property=\"og:description\" content=\"Schiumaderbe balsamo nasce per coloro che necessitano di freschezza, igiene e sicurezza. \u00c8 un prodotto studiato per occuparsi in modo specifico della cura del capello, sviluppando un percorso completo di ripristino del benessere e del naturale stato fisiologico del capello nel suo complesso, dal cuoio capelluto alle punte. Schiumaderbe Balsamo \u00e8 un prodotto che abbina un elevato potere condizionante ad un\u2019attivit\u00e0 lenitiva, igienizzante e rinfrescante del cuoio capelluto. Districa i capelli delicatamente senza appesantirli e li lascia sani, lucenti e setosi.\u00a0\" \/>\n<meta property=\"og:url\" content=\"https:\/\/derbe.it\/fr\/produit\/baume-moussant\/\" \/>\n<meta property=\"og:site_name\" content=\"Derbe - cosmetici naturali\" \/>\n<meta property=\"article:publisher\" content=\"https:\/\/www.facebook.com\/evoderbebio\" \/>\n<meta property=\"article:modified_time\" content=\"2025-11-12T10:43:36+00:00\" \/>\n<meta property=\"og:image\" content=\"https:\/\/derbe.it\/wp-content\/uploads\/2025\/05\/balsamo-schiumaderbe-condizionante-capelli-derbe.jpg\" \/>\n\t<meta property=\"og:image:width\" content=\"1600\" \/>\n\t<meta property=\"og:image:height\" content=\"2000\" \/>\n\t<meta property=\"og:image:type\" content=\"image\/jpeg\" \/>\n<meta name=\"twitter:card\" content=\"summary_large_image\" \/>\n<meta name=\"twitter:label1\" content=\"Dur\u00e9e de lecture estim\u00e9e\" \/>\n\t<meta name=\"twitter:data1\" content=\"2 minutes\" \/>\n<script type=\"application\/ld+json\" class=\"yoast-schema-graph\">{\"@context\":\"https:\/\/schema.org\",\"@graph\":[{\"@type\":\"WebPage\",\"@id\":\"https:\/\/derbe.it\/prodotto\/balsamo-schiumaderbe\/\",\"url\":\"https:\/\/derbe.it\/prodotto\/balsamo-schiumaderbe\/\",\"name\":\"Balsamo SchiumaDerbe - Derbe - cosmetici naturali\",\"isPartOf\":{\"@id\":\"https:\/\/derbe.it\/#website\"},\"primaryImageOfPage\":{\"@id\":\"https:\/\/derbe.it\/prodotto\/balsamo-schiumaderbe\/#primaryimage\"},\"image\":{\"@id\":\"https:\/\/derbe.it\/prodotto\/balsamo-schiumaderbe\/#primaryimage\"},\"thumbnailUrl\":\"https:\/\/derbe.it\/wp-content\/uploads\/2025\/05\/balsamo-schiumaderbe-condizionante-capelli-derbe.jpg\",\"datePublished\":\"2018-09-26T08:10:44+00:00\",\"dateModified\":\"2025-11-12T10:43:36+00:00\",\"description\":\"Schiumaderbe balsamo nasce per coloro che necessitano di freschezza, igiene e sicurezza. \u00c8 un prodotto studiato per occuparsi in modo specifico della cura del capello, sviluppando un percorso completo di ripristino del benessere e del naturale stato fisiologico del capello nel suo complesso, dal cuoio capelluto alle punte. Schiumaderbe Balsamo \u00e8 un prodotto che abbina un elevato potere condizionante ad un\u2019attivit\u00e0 lenitiva, igienizzante e rinfrescante del cuoio capelluto. Districa i capelli delicatamente senza appesantirli e li lascia sani, lucenti e setosi.\u00a0\",\"breadcrumb\":{\"@id\":\"https:\/\/derbe.it\/prodotto\/balsamo-schiumaderbe\/#breadcrumb\"},\"inLanguage\":\"fr-FR\",\"potentialAction\":[{\"@type\":\"ReadAction\",\"target\":[\"https:\/\/derbe.it\/prodotto\/balsamo-schiumaderbe\/\"]}]},{\"@type\":\"ImageObject\",\"inLanguage\":\"fr-FR\",\"@id\":\"https:\/\/derbe.it\/prodotto\/balsamo-schiumaderbe\/#primaryimage\",\"url\":\"https:\/\/derbe.it\/wp-content\/uploads\/2025\/05\/balsamo-schiumaderbe-condizionante-capelli-derbe.jpg\",\"contentUrl\":\"https:\/\/derbe.it\/wp-content\/uploads\/2025\/05\/balsamo-schiumaderbe-condizionante-capelli-derbe.jpg\",\"width\":1600,\"height\":2000,\"caption\":\"Balsamo condizionante - Derbe\"},{\"@type\":\"BreadcrumbList\",\"@id\":\"https:\/\/derbe.it\/prodotto\/balsamo-schiumaderbe\/#breadcrumb\",\"itemListElement\":[{\"@type\":\"ListItem\",\"position\":1,\"name\":\"Home\",\"item\":\"https:\/\/derbe.it\/\"},{\"@type\":\"ListItem\",\"position\":2,\"name\":\"Shop\",\"item\":\"https:\/\/derbe.it\/en\/shop\/\"},{\"@type\":\"ListItem\",\"position\":3,\"name\":\"Maschere e balsami\",\"item\":\"https:\/\/derbe.it\/categoria-prodotto\/maschere-e-balsami\/\"},{\"@type\":\"ListItem\",\"position\":4,\"name\":\"Balsamo SchiumaDerbe\"}]},{\"@type\":\"WebSite\",\"@id\":\"https:\/\/derbe.it\/#website\",\"url\":\"https:\/\/derbe.it\/\",\"name\":\"Derbe\",\"description\":\"Da oltre 50 anni - Made in italy - prodotti per capelli e corpo con estratti vegetali e formule sostenibili\",\"publisher\":{\"@id\":\"https:\/\/derbe.it\/#organization\"},\"potentialAction\":[{\"@type\":\"SearchAction\",\"target\":{\"@type\":\"EntryPoint\",\"urlTemplate\":\"https:\/\/derbe.it\/?s={search_term_string}\"},\"query-input\":{\"@type\":\"PropertyValueSpecification\",\"valueRequired\":true,\"valueName\":\"search_term_string\"}}],\"inLanguage\":\"fr-FR\"},{\"@type\":\"Organization\",\"@id\":\"https:\/\/derbe.it\/#organization\",\"name\":\"Derbe\",\"url\":\"https:\/\/derbe.it\/\",\"logo\":{\"@type\":\"ImageObject\",\"inLanguage\":\"fr-FR\",\"@id\":\"https:\/\/derbe.it\/#\/schema\/logo\/image\/\",\"url\":\"https:\/\/derbe.it\/wp-content\/uploads\/2025\/06\/logo_derbe_firenze.png\",\"contentUrl\":\"https:\/\/derbe.it\/wp-content\/uploads\/2025\/06\/logo_derbe_firenze.png\",\"width\":1200,\"height\":497,\"caption\":\"Derbe\"},\"image\":{\"@id\":\"https:\/\/derbe.it\/#\/schema\/logo\/image\/\"},\"sameAs\":[\"https:\/\/www.facebook.com\/evoderbebio\",\"https:\/\/www.instagram.com\/derbe.official\/\"],\"email\":\"info@derbe.it\",\"telephone\":\"+39 055 42 11 799\",\"legalName\":\"Derbe S.r.l. a socio unico\",\"vatID\":\"07272610481\"}]}<\/script>\n<!-- \/ Yoast SEO Premium plugin. -->","yoast_head_json":{"title":"Baume moussant Derbe - Derbe - cosm\u00e9tiques naturels","description":"L&#039;apr\u00e8s-shampoing Schiumaderbe a \u00e9t\u00e9 cr\u00e9\u00e9 pour celles et ceux qui recherchent fra\u00eecheur, hygi\u00e8ne et s\u00e9curit\u00e9. Sp\u00e9cialement formul\u00e9 pour le soin des cheveux, il offre un traitement complet pour restaurer leur bien-\u00eatre g\u00e9n\u00e9ral et leur \u00e9tat physiologique naturel, de la racine aux pointes. L&#039;apr\u00e8s-shampoing Schiumaderbe associe un soin revitalisant puissant \u00e0 une action apaisante, purifiante et rafra\u00eechissante pour le cuir chevelu. Il d\u00e9m\u00eale les cheveux en douceur sans les alourdir, les laissant sains, brillants et soyeux.\u00a0","robots":{"index":"index","follow":"follow","max-snippet":"max-snippet:-1","max-image-preview":"max-image-preview:large","max-video-preview":"max-video-preview:-1"},"canonical":"https:\/\/derbe.it\/fr\/produit\/baume-moussant\/","og_locale":"fr_FR","og_type":"article","og_title":"Balsamo SchiumaDerbe","og_description":"Schiumaderbe balsamo nasce per coloro che necessitano di freschezza, igiene e sicurezza. \u00c8 un prodotto studiato per occuparsi in modo specifico della cura del capello, sviluppando un percorso completo di ripristino del benessere e del naturale stato fisiologico del capello nel suo complesso, dal cuoio capelluto alle punte. Schiumaderbe Balsamo \u00e8 un prodotto che abbina un elevato potere condizionante ad un\u2019attivit\u00e0 lenitiva, igienizzante e rinfrescante del cuoio capelluto. Districa i capelli delicatamente senza appesantirli e li lascia sani, lucenti e setosi.\u00a0","og_url":"https:\/\/derbe.it\/fr\/produit\/baume-moussant\/","og_site_name":"Derbe - cosmetici naturali","article_publisher":"https:\/\/www.facebook.com\/evoderbebio","article_modified_time":"2025-11-12T10:43:36+00:00","og_image":[{"width":1600,"height":2000,"url":"https:\/\/derbe.it\/wp-content\/uploads\/2025\/05\/balsamo-schiumaderbe-condizionante-capelli-derbe.jpg","type":"image\/jpeg"}],"twitter_card":"summary_large_image","twitter_misc":{"Dur\u00e9e de lecture estim\u00e9e":"2 minutes"},"schema":{"@context":"https:\/\/schema.org","@graph":[{"@type":"WebPage","@id":"https:\/\/derbe.it\/prodotto\/balsamo-schiumaderbe\/","url":"https:\/\/derbe.it\/prodotto\/balsamo-schiumaderbe\/","name":"Baume moussant Derbe - Derbe - cosm\u00e9tiques naturels","isPartOf":{"@id":"https:\/\/derbe.it\/#website"},"primaryImageOfPage":{"@id":"https:\/\/derbe.it\/prodotto\/balsamo-schiumaderbe\/#primaryimage"},"image":{"@id":"https:\/\/derbe.it\/prodotto\/balsamo-schiumaderbe\/#primaryimage"},"thumbnailUrl":"https:\/\/derbe.it\/wp-content\/uploads\/2025\/05\/balsamo-schiumaderbe-condizionante-capelli-derbe.jpg","datePublished":"2018-09-26T08:10:44+00:00","dateModified":"2025-11-12T10:43:36+00:00","description":"L&#039;apr\u00e8s-shampoing Schiumaderbe a \u00e9t\u00e9 cr\u00e9\u00e9 pour celles et ceux qui recherchent fra\u00eecheur, hygi\u00e8ne et s\u00e9curit\u00e9. Sp\u00e9cialement formul\u00e9 pour le soin des cheveux, il offre un traitement complet pour restaurer leur bien-\u00eatre g\u00e9n\u00e9ral et leur \u00e9tat physiologique naturel, de la racine aux pointes. L&#039;apr\u00e8s-shampoing Schiumaderbe associe un soin revitalisant puissant \u00e0 une action apaisante, purifiante et rafra\u00eechissante pour le cuir chevelu. Il d\u00e9m\u00eale les cheveux en douceur sans les alourdir, les laissant sains, brillants et soyeux.\u00a0","breadcrumb":{"@id":"https:\/\/derbe.it\/prodotto\/balsamo-schiumaderbe\/#breadcrumb"},"inLanguage":"fr-FR","potentialAction":[{"@type":"ReadAction","target":["https:\/\/derbe.it\/prodotto\/balsamo-schiumaderbe\/"]}]},{"@type":"ImageObject","inLanguage":"fr-FR","@id":"https:\/\/derbe.it\/prodotto\/balsamo-schiumaderbe\/#primaryimage","url":"https:\/\/derbe.it\/wp-content\/uploads\/2025\/05\/balsamo-schiumaderbe-condizionante-capelli-derbe.jpg","contentUrl":"https:\/\/derbe.it\/wp-content\/uploads\/2025\/05\/balsamo-schiumaderbe-condizionante-capelli-derbe.jpg","width":1600,"height":2000,"caption":"Balsamo condizionante - Derbe"},{"@type":"BreadcrumbList","@id":"https:\/\/derbe.it\/prodotto\/balsamo-schiumaderbe\/#breadcrumb","itemListElement":[{"@type":"ListItem","position":1,"name":"Home","item":"https:\/\/derbe.it\/"},{"@type":"ListItem","position":2,"name":"Shop","item":"https:\/\/derbe.it\/en\/shop\/"},{"@type":"ListItem","position":3,"name":"Maschere e balsami","item":"https:\/\/derbe.it\/categoria-prodotto\/maschere-e-balsami\/"},{"@type":"ListItem","position":4,"name":"Balsamo SchiumaDerbe"}]},{"@type":"WebSite","@id":"https:\/\/derbe.it\/#website","url":"https:\/\/derbe.it\/","name":"Derb\u00e9","description":"Depuis plus de 50 ans - Fabriqu\u00e9 en Italie - des produits pour les cheveux et le corps \u00e0 base d&#039;extraits de plantes et de formules durables","publisher":{"@id":"https:\/\/derbe.it\/#organization"},"potentialAction":[{"@type":"SearchAction","target":{"@type":"EntryPoint","urlTemplate":"https:\/\/derbe.it\/?s={search_term_string}"},"query-input":{"@type":"PropertyValueSpecification","valueRequired":true,"valueName":"search_term_string"}}],"inLanguage":"fr-FR"},{"@type":"Organization","@id":"https:\/\/derbe.it\/#organization","name":"Derb\u00e9","url":"https:\/\/derbe.it\/","logo":{"@type":"ImageObject","inLanguage":"fr-FR","@id":"https:\/\/derbe.it\/#\/schema\/logo\/image\/","url":"https:\/\/derbe.it\/wp-content\/uploads\/2025\/06\/logo_derbe_firenze.png","contentUrl":"https:\/\/derbe.it\/wp-content\/uploads\/2025\/06\/logo_derbe_firenze.png","width":1200,"height":497,"caption":"Derbe"},"image":{"@id":"https:\/\/derbe.it\/#\/schema\/logo\/image\/"},"sameAs":["https:\/\/www.facebook.com\/evoderbebio","https:\/\/www.instagram.com\/derbe.official\/"],"email":"info@derbe.it","telephone":"+39 055 42 11 799","legalName":"Derbe S.r.l. a socio unico","vatID":"07272610481"}]}},"_links":{"self":[{"href":"https:\/\/derbe.it\/fr\/wp-json\/wp\/v2\/product\/256","targetHints":{"allow":["GET"]}}],"collection":[{"href":"https:\/\/derbe.it\/fr\/wp-json\/wp\/v2\/product"}],"about":[{"href":"https:\/\/derbe.it\/fr\/wp-json\/wp\/v2\/types\/product"}],"wp:featuredmedia":[{"embeddable":true,"href":"https:\/\/derbe.it\/fr\/wp-json\/wp\/v2\/media\/257"}],"wp:attachment":[{"href":"https:\/\/derbe.it\/fr\/wp-json\/wp\/v2\/media?parent=256"}],"wp:term":[{"taxonomy":"caratteristica","embeddable":true,"href":"https:\/\/derbe.it\/fr\/wp-json\/wp\/v2\/caratteristica?post=256"},{"taxonomy":"collezione","embeddable":true,"href":"https:\/\/derbe.it\/fr\/wp-json\/wp\/v2\/collezione?post=256"},{"taxonomy":"formato","embeddable":true,"href":"https:\/\/derbe.it\/fr\/wp-json\/wp\/v2\/formato?post=256"},{"taxonomy":"funzione","embeddable":true,"href":"https:\/\/derbe.it\/fr\/wp-json\/wp\/v2\/funzione?post=256"},{"taxonomy":"utilizzo","embeddable":true,"href":"https:\/\/derbe.it\/fr\/wp-json\/wp\/v2\/utilizzo?post=256"},{"taxonomy":"ingrediente-principale","embeddable":true,"href":"https:\/\/derbe.it\/fr\/wp-json\/wp\/v2\/ingrediente-principale?post=256"},{"taxonomy":"product_brand","embeddable":true,"href":"https:\/\/derbe.it\/fr\/wp-json\/wp\/v2\/product_brand?post=256"},{"taxonomy":"product_cat","embeddable":true,"href":"https:\/\/derbe.it\/fr\/wp-json\/wp\/v2\/product_cat?post=256"},{"taxonomy":"product_tag","embeddable":true,"href":"https:\/\/derbe.it\/fr\/wp-json\/wp\/v2\/product_tag?post=256"}],"curies":[{"name":"wp","href":"https:\/\/api.w.org\/{rel}","templated":true}]}}