{"id":293,"date":"2018-09-26T10:12:48","date_gmt":"2018-09-26T08:12:48","guid":{"rendered":"https:\/\/derbe.it\/prodotto\/sciampo-anticaduta\/"},"modified":"2026-05-06T12:52:50","modified_gmt":"2026-05-06T10:52:50","slug":"shampooing-anti-chute","status":"publish","type":"product","link":"https:\/\/derbe.it\/fr\/produit\/shampooing-anti-chute\/","title":{"rendered":"Shampoing anti-chute"},"content":{"rendered":"<p>Sa mousse onctueuse nettoie en douceur, purifie le cuir chevelu et respecte la structure capillaire. Une utilisation r\u00e9guli\u00e8re, associ\u00e9e aux ampoules Humusvitalis et \u00e0 la Lotion Gel, prolonge la vie des cheveux, favorise une repousse saine et r\u00e9\u00e9quilibre le capital hydrolipidique du cuir chevelu. Convient \u00e0 un usage fr\u00e9quent.<\/p>","protected":false},"excerpt":{"rendered":"<p>Shampoo indicato nella prevenzione della eccessiva caduta dei capelli. La sua schiuma calibrata deterge delicatamente purificando la cute e rispettando la struttura del capello. [&#8230;]<\/p>\n<p><a class=\"btn btn-secondary understrap-read-more-link\" href=\"https:\/\/derbe.it\/fr\/produit\/shampooing-anti-chute\/\">En savoir plus\u2026<span class=\"screen-reader-text\"> from Shampoo Anticaduta<\/span><\/a><\/p>","protected":false},"featured_media":294,"template":"","meta":{"_acf_changed":false},"caratteristica":[116],"collezione":[],"formato":[],"funzione":[137],"utilizzo":[],"ingrediente-principale":[],"product_brand":[],"product_cat":[104],"product_tag":[],"class_list":{"0":"post-293","1":"product","2":"type-product","3":"status-publish","4":"has-post-thumbnail","6":"caratteristica-sviluppato-da-biologi-esperti","7":"funzione-capelli-tendenti-alla-caduta","8":"product_cat-trattamento-anticaduta","10":"first","11":"instock","12":"purchasable","13":"product-type-simple"},"acf":[],"yoast_head":"<!-- This site is optimized with the Yoast SEO Premium plugin v26.1 (Yoast SEO v26.8) - https:\/\/yoast.com\/product\/yoast-seo-premium-wordpress\/ -->\n<title>Shampoo Anticaduta - Derbe - cosmetici naturali<\/title>\n<meta name=\"description\" content=\"Shampoo indicato nella prevenzione della eccessiva caduta dei capelli. La sua schiuma calibrata deterge delicatamente purificando la cute e rispettando la struttura del capello.\" \/>\n<meta name=\"robots\" content=\"index, follow, max-snippet:-1, max-image-preview:large, max-video-preview:-1\" \/>\n<link rel=\"canonical\" href=\"https:\/\/derbe.it\/fr\/produit\/shampooing-anti-chute\/\" \/>\n<meta property=\"og:locale\" content=\"fr_FR\" \/>\n<meta property=\"og:type\" content=\"article\" \/>\n<meta property=\"og:title\" content=\"Shampoo Anticaduta\" \/>\n<meta property=\"og:description\" content=\"Shampoo indicato nella prevenzione della eccessiva caduta dei capelli. La sua schiuma calibrata deterge delicatamente purificando la cute e rispettando la struttura del capello.\" \/>\n<meta property=\"og:url\" content=\"https:\/\/derbe.it\/fr\/produit\/shampooing-anti-chute\/\" \/>\n<meta property=\"og:site_name\" content=\"Derbe - cosmetici naturali\" \/>\n<meta property=\"article:publisher\" content=\"https:\/\/www.facebook.com\/evoderbebio\" \/>\n<meta property=\"article:modified_time\" content=\"2026-05-06T10:52:50+00:00\" \/>\n<meta property=\"og:image\" content=\"https:\/\/derbe.it\/wp-content\/uploads\/2025\/05\/h-vitalis-anticaduta-sciampo-complesso-vitaminico-estratti-vegetali-derbe.jpg\" \/>\n\t<meta property=\"og:image:width\" content=\"1600\" \/>\n\t<meta property=\"og:image:height\" content=\"2000\" \/>\n\t<meta property=\"og:image:type\" content=\"image\/jpeg\" \/>\n<meta name=\"twitter:card\" content=\"summary_large_image\" \/>\n<meta name=\"twitter:label1\" content=\"Dur\u00e9e de lecture estim\u00e9e\" \/>\n\t<meta name=\"twitter:data1\" content=\"1 minute\" \/>\n<script type=\"application\/ld+json\" class=\"yoast-schema-graph\">{\"@context\":\"https:\/\/schema.org\",\"@graph\":[{\"@type\":\"WebPage\",\"@id\":\"https:\/\/derbe.it\/prodotto\/sciampo-anticaduta\/\",\"url\":\"https:\/\/derbe.it\/prodotto\/sciampo-anticaduta\/\",\"name\":\"Shampoo Anticaduta - Derbe - cosmetici naturali\",\"isPartOf\":{\"@id\":\"https:\/\/derbe.it\/#website\"},\"primaryImageOfPage\":{\"@id\":\"https:\/\/derbe.it\/prodotto\/sciampo-anticaduta\/#primaryimage\"},\"image\":{\"@id\":\"https:\/\/derbe.it\/prodotto\/sciampo-anticaduta\/#primaryimage\"},\"thumbnailUrl\":\"https:\/\/derbe.it\/wp-content\/uploads\/2025\/05\/h-vitalis-anticaduta-sciampo-complesso-vitaminico-estratti-vegetali-derbe.jpg\",\"datePublished\":\"2018-09-26T08:12:48+00:00\",\"dateModified\":\"2026-05-06T10:52:50+00:00\",\"description\":\"Shampoo indicato nella prevenzione della eccessiva caduta dei capelli. La sua schiuma calibrata deterge delicatamente purificando la cute e rispettando la struttura del capello.\",\"breadcrumb\":{\"@id\":\"https:\/\/derbe.it\/prodotto\/sciampo-anticaduta\/#breadcrumb\"},\"inLanguage\":\"fr-FR\",\"potentialAction\":[{\"@type\":\"ReadAction\",\"target\":[\"https:\/\/derbe.it\/prodotto\/sciampo-anticaduta\/\"]}]},{\"@type\":\"ImageObject\",\"inLanguage\":\"fr-FR\",\"@id\":\"https:\/\/derbe.it\/prodotto\/sciampo-anticaduta\/#primaryimage\",\"url\":\"https:\/\/derbe.it\/wp-content\/uploads\/2025\/05\/h-vitalis-anticaduta-sciampo-complesso-vitaminico-estratti-vegetali-derbe.jpg\",\"contentUrl\":\"https:\/\/derbe.it\/wp-content\/uploads\/2025\/05\/h-vitalis-anticaduta-sciampo-complesso-vitaminico-estratti-vegetali-derbe.jpg\",\"width\":1600,\"height\":2000,\"caption\":\"Shampoo anticaduta humus vitalis - Derbe\"},{\"@type\":\"BreadcrumbList\",\"@id\":\"https:\/\/derbe.it\/prodotto\/sciampo-anticaduta\/#breadcrumb\",\"itemListElement\":[{\"@type\":\"ListItem\",\"position\":1,\"name\":\"Home\",\"item\":\"https:\/\/derbe.it\/\"},{\"@type\":\"ListItem\",\"position\":2,\"name\":\"Shop\",\"item\":\"https:\/\/derbe.it\/en\/shop\/\"},{\"@type\":\"ListItem\",\"position\":3,\"name\":\"Trattamento Anticaduta\",\"item\":\"https:\/\/derbe.it\/categoria-prodotto\/trattamento-anticaduta\/\"},{\"@type\":\"ListItem\",\"position\":4,\"name\":\"Shampoo Anticaduta\"}]},{\"@type\":\"WebSite\",\"@id\":\"https:\/\/derbe.it\/#website\",\"url\":\"https:\/\/derbe.it\/\",\"name\":\"Derbe\",\"description\":\"Da oltre 50 anni - Made in italy - prodotti per capelli e corpo con estratti vegetali e formule sostenibili\",\"publisher\":{\"@id\":\"https:\/\/derbe.it\/#organization\"},\"potentialAction\":[{\"@type\":\"SearchAction\",\"target\":{\"@type\":\"EntryPoint\",\"urlTemplate\":\"https:\/\/derbe.it\/?s={search_term_string}\"},\"query-input\":{\"@type\":\"PropertyValueSpecification\",\"valueRequired\":true,\"valueName\":\"search_term_string\"}}],\"inLanguage\":\"fr-FR\"},{\"@type\":\"Organization\",\"@id\":\"https:\/\/derbe.it\/#organization\",\"name\":\"Derbe\",\"url\":\"https:\/\/derbe.it\/\",\"logo\":{\"@type\":\"ImageObject\",\"inLanguage\":\"fr-FR\",\"@id\":\"https:\/\/derbe.it\/#\/schema\/logo\/image\/\",\"url\":\"https:\/\/derbe.it\/wp-content\/uploads\/2025\/06\/logo_derbe_firenze.png\",\"contentUrl\":\"https:\/\/derbe.it\/wp-content\/uploads\/2025\/06\/logo_derbe_firenze.png\",\"width\":1200,\"height\":497,\"caption\":\"Derbe\"},\"image\":{\"@id\":\"https:\/\/derbe.it\/#\/schema\/logo\/image\/\"},\"sameAs\":[\"https:\/\/www.facebook.com\/evoderbebio\",\"https:\/\/www.instagram.com\/derbe.official\/\"],\"email\":\"info@derbe.it\",\"telephone\":\"+39 055 42 11 799\",\"legalName\":\"Derbe S.r.l. a socio unico\",\"vatID\":\"07272610481\"}]}<\/script>\n<!-- \/ Yoast SEO Premium plugin. -->","yoast_head_json":{"title":"Shampoing anti-chute de cheveux - Derbe - cosm\u00e9tiques naturels","description":"Shampooing indiqu\u00e9 pour la pr\u00e9vention de la chute excessive des cheveux. Sa mousse \u00e9quilibr\u00e9e nettoie en douceur, purifie le cuir chevelu et respecte la structure capillaire.","robots":{"index":"index","follow":"follow","max-snippet":"max-snippet:-1","max-image-preview":"max-image-preview:large","max-video-preview":"max-video-preview:-1"},"canonical":"https:\/\/derbe.it\/fr\/produit\/shampooing-anti-chute\/","og_locale":"fr_FR","og_type":"article","og_title":"Shampoo Anticaduta","og_description":"Shampoo indicato nella prevenzione della eccessiva caduta dei capelli. La sua schiuma calibrata deterge delicatamente purificando la cute e rispettando la struttura del capello.","og_url":"https:\/\/derbe.it\/fr\/produit\/shampooing-anti-chute\/","og_site_name":"Derbe - cosmetici naturali","article_publisher":"https:\/\/www.facebook.com\/evoderbebio","article_modified_time":"2026-05-06T10:52:50+00:00","og_image":[{"width":1600,"height":2000,"url":"https:\/\/derbe.it\/wp-content\/uploads\/2025\/05\/h-vitalis-anticaduta-sciampo-complesso-vitaminico-estratti-vegetali-derbe.jpg","type":"image\/jpeg"}],"twitter_card":"summary_large_image","twitter_misc":{"Dur\u00e9e de lecture estim\u00e9e":"1 minute"},"schema":{"@context":"https:\/\/schema.org","@graph":[{"@type":"WebPage","@id":"https:\/\/derbe.it\/prodotto\/sciampo-anticaduta\/","url":"https:\/\/derbe.it\/prodotto\/sciampo-anticaduta\/","name":"Shampoing anti-chute de cheveux - Derbe - cosm\u00e9tiques naturels","isPartOf":{"@id":"https:\/\/derbe.it\/#website"},"primaryImageOfPage":{"@id":"https:\/\/derbe.it\/prodotto\/sciampo-anticaduta\/#primaryimage"},"image":{"@id":"https:\/\/derbe.it\/prodotto\/sciampo-anticaduta\/#primaryimage"},"thumbnailUrl":"https:\/\/derbe.it\/wp-content\/uploads\/2025\/05\/h-vitalis-anticaduta-sciampo-complesso-vitaminico-estratti-vegetali-derbe.jpg","datePublished":"2018-09-26T08:12:48+00:00","dateModified":"2026-05-06T10:52:50+00:00","description":"Shampooing indiqu\u00e9 pour la pr\u00e9vention de la chute excessive des cheveux. Sa mousse \u00e9quilibr\u00e9e nettoie en douceur, purifie le cuir chevelu et respecte la structure capillaire.","breadcrumb":{"@id":"https:\/\/derbe.it\/prodotto\/sciampo-anticaduta\/#breadcrumb"},"inLanguage":"fr-FR","potentialAction":[{"@type":"ReadAction","target":["https:\/\/derbe.it\/prodotto\/sciampo-anticaduta\/"]}]},{"@type":"ImageObject","inLanguage":"fr-FR","@id":"https:\/\/derbe.it\/prodotto\/sciampo-anticaduta\/#primaryimage","url":"https:\/\/derbe.it\/wp-content\/uploads\/2025\/05\/h-vitalis-anticaduta-sciampo-complesso-vitaminico-estratti-vegetali-derbe.jpg","contentUrl":"https:\/\/derbe.it\/wp-content\/uploads\/2025\/05\/h-vitalis-anticaduta-sciampo-complesso-vitaminico-estratti-vegetali-derbe.jpg","width":1600,"height":2000,"caption":"Shampoo anticaduta humus vitalis - Derbe"},{"@type":"BreadcrumbList","@id":"https:\/\/derbe.it\/prodotto\/sciampo-anticaduta\/#breadcrumb","itemListElement":[{"@type":"ListItem","position":1,"name":"Home","item":"https:\/\/derbe.it\/"},{"@type":"ListItem","position":2,"name":"Shop","item":"https:\/\/derbe.it\/en\/shop\/"},{"@type":"ListItem","position":3,"name":"Trattamento Anticaduta","item":"https:\/\/derbe.it\/categoria-prodotto\/trattamento-anticaduta\/"},{"@type":"ListItem","position":4,"name":"Shampoo Anticaduta"}]},{"@type":"WebSite","@id":"https:\/\/derbe.it\/#website","url":"https:\/\/derbe.it\/","name":"Derb\u00e9","description":"Depuis plus de 50 ans - Fabriqu\u00e9 en Italie - des produits pour les cheveux et le corps \u00e0 base d&#039;extraits de plantes et de formules durables","publisher":{"@id":"https:\/\/derbe.it\/#organization"},"potentialAction":[{"@type":"SearchAction","target":{"@type":"EntryPoint","urlTemplate":"https:\/\/derbe.it\/?s={search_term_string}"},"query-input":{"@type":"PropertyValueSpecification","valueRequired":true,"valueName":"search_term_string"}}],"inLanguage":"fr-FR"},{"@type":"Organization","@id":"https:\/\/derbe.it\/#organization","name":"Derb\u00e9","url":"https:\/\/derbe.it\/","logo":{"@type":"ImageObject","inLanguage":"fr-FR","@id":"https:\/\/derbe.it\/#\/schema\/logo\/image\/","url":"https:\/\/derbe.it\/wp-content\/uploads\/2025\/06\/logo_derbe_firenze.png","contentUrl":"https:\/\/derbe.it\/wp-content\/uploads\/2025\/06\/logo_derbe_firenze.png","width":1200,"height":497,"caption":"Derbe"},"image":{"@id":"https:\/\/derbe.it\/#\/schema\/logo\/image\/"},"sameAs":["https:\/\/www.facebook.com\/evoderbebio","https:\/\/www.instagram.com\/derbe.official\/"],"email":"info@derbe.it","telephone":"+39 055 42 11 799","legalName":"Derbe S.r.l. a socio unico","vatID":"07272610481"}]}},"_links":{"self":[{"href":"https:\/\/derbe.it\/fr\/wp-json\/wp\/v2\/product\/293","targetHints":{"allow":["GET"]}}],"collection":[{"href":"https:\/\/derbe.it\/fr\/wp-json\/wp\/v2\/product"}],"about":[{"href":"https:\/\/derbe.it\/fr\/wp-json\/wp\/v2\/types\/product"}],"wp:featuredmedia":[{"embeddable":true,"href":"https:\/\/derbe.it\/fr\/wp-json\/wp\/v2\/media\/294"}],"wp:attachment":[{"href":"https:\/\/derbe.it\/fr\/wp-json\/wp\/v2\/media?parent=293"}],"wp:term":[{"taxonomy":"caratteristica","embeddable":true,"href":"https:\/\/derbe.it\/fr\/wp-json\/wp\/v2\/caratteristica?post=293"},{"taxonomy":"collezione","embeddable":true,"href":"https:\/\/derbe.it\/fr\/wp-json\/wp\/v2\/collezione?post=293"},{"taxonomy":"formato","embeddable":true,"href":"https:\/\/derbe.it\/fr\/wp-json\/wp\/v2\/formato?post=293"},{"taxonomy":"funzione","embeddable":true,"href":"https:\/\/derbe.it\/fr\/wp-json\/wp\/v2\/funzione?post=293"},{"taxonomy":"utilizzo","embeddable":true,"href":"https:\/\/derbe.it\/fr\/wp-json\/wp\/v2\/utilizzo?post=293"},{"taxonomy":"ingrediente-principale","embeddable":true,"href":"https:\/\/derbe.it\/fr\/wp-json\/wp\/v2\/ingrediente-principale?post=293"},{"taxonomy":"product_brand","embeddable":true,"href":"https:\/\/derbe.it\/fr\/wp-json\/wp\/v2\/product_brand?post=293"},{"taxonomy":"product_cat","embeddable":true,"href":"https:\/\/derbe.it\/fr\/wp-json\/wp\/v2\/product_cat?post=293"},{"taxonomy":"product_tag","embeddable":true,"href":"https:\/\/derbe.it\/fr\/wp-json\/wp\/v2\/product_tag?post=293"}],"curies":[{"name":"wp","href":"https:\/\/api.w.org\/{rel}","templated":true}]}}