{"id":313,"date":"2018-09-26T10:11:42","date_gmt":"2018-09-26T08:11:42","guid":{"rendered":"https:\/\/derbe.it\/prodotto\/gel-al-collagene-vegetale\/"},"modified":"2025-09-11T13:03:33","modified_gmt":"2025-09-11T11:03:33","slug":"gel-de-collagene-vegetal","status":"publish","type":"product","link":"https:\/\/derbe.it\/fr\/produit\/gel-de-collagene-vegetal\/","title":{"rendered":"Gel de collag\u00e8ne v\u00e9g\u00e9tal"},"content":{"rendered":"<p>Compte tenu de son utilisation quotidienne r\u00e9pandue et de son effet durable sur les cheveux, le gel doit poss\u00e9der des caract\u00e9ristiques de qualit\u00e9 absolument \u00e9lev\u00e9e.<\/p>\n<p>Les gels Derbe ont des caract\u00e9ristiques de qualit\u00e9 uniques.<\/p>\n<p>Ils ne contiennent pas de gommes, ils ne font pas de poussi\u00e8re.<br \/>\nIls ont une souplesse similaire \u00e0 celle des cheveux et ne les cassent donc pas.<br \/>\nIls sont facilement lavables et ne s&#039;accumulent donc pas.<br \/>\nIls forment une gaine transparente et brillante qui prot\u00e8ge le cheveu des agressions climatiques et environnementales.<br \/>\nIls donnent du volume, de la consistance, du corps et du soutien aux cheveux fins et d\u00e9vitalis\u00e9s tout en pr\u00e9servant le style.<br \/>\nIls combattent et r\u00e9parent les pointes fourchues.<br \/>\nIls r\u00e9duisent l\u2019aspect affaiss\u00e9 et sale des cheveux gras.<br \/>\nIls donnent de la brillance, respectent la couleur et les colorants naturels.<br \/>\nIls r\u00e9duisent le reflet jaune d\u00e9sagr\u00e9able des cheveux blancs.<\/p>","protected":false},"excerpt":{"rendered":"<p>Copre e ripara le microfessure del corpo del capello e le\u00a0doppie punte: indicato per i capelli particolarmente sfibrati,\u00a0aridi, spugnosi o aggrediti dai liquidi chimici di acconciatura. [&#8230;]<\/p>\n<p><a class=\"btn btn-secondary understrap-read-more-link\" href=\"https:\/\/derbe.it\/fr\/produit\/gel-de-collagene-vegetal\/\">En savoir plus\u2026<span class=\"screen-reader-text\"> from Gel al collagene vegetale<\/span><\/a><\/p>","protected":false},"featured_media":314,"template":"","meta":{"_acf_changed":false},"caratteristica":[],"collezione":[],"formato":[],"funzione":[],"utilizzo":[],"ingrediente-principale":[],"product_brand":[],"product_cat":[102],"product_tag":[],"class_list":{"0":"post-313","1":"product","2":"type-product","3":"status-publish","4":"has-post-thumbnail","6":"product_cat-styling","8":"first","9":"instock","10":"purchasable","11":"product-type-simple"},"acf":[],"yoast_head":"<!-- This site is optimized with the Yoast SEO Premium plugin v26.1 (Yoast SEO v26.8) - https:\/\/yoast.com\/product\/yoast-seo-premium-wordpress\/ -->\n<title>Gel al collagene vegetale - Derbe - cosmetici naturali<\/title>\n<meta name=\"description\" content=\"Copre e ripara le microfessure del corpo del capello e le\u00a0doppie punte: indicato per i capelli particolarmente sfibrati,\u00a0aridi, spugnosi o aggrediti dai liquidi chimici di acconciatura.\" \/>\n<meta name=\"robots\" content=\"index, follow, max-snippet:-1, max-image-preview:large, max-video-preview:-1\" \/>\n<link rel=\"canonical\" href=\"https:\/\/derbe.it\/fr\/produit\/gel-de-collagene-vegetal\/\" \/>\n<meta property=\"og:locale\" content=\"fr_FR\" \/>\n<meta property=\"og:type\" content=\"article\" \/>\n<meta property=\"og:title\" content=\"Gel al collagene vegetale\" \/>\n<meta property=\"og:description\" content=\"Copre e ripara le microfessure del corpo del capello e le\u00a0doppie punte: indicato per i capelli particolarmente sfibrati,\u00a0aridi, spugnosi o aggrediti dai liquidi chimici di acconciatura.\" \/>\n<meta property=\"og:url\" content=\"https:\/\/derbe.it\/fr\/produit\/gel-de-collagene-vegetal\/\" \/>\n<meta property=\"og:site_name\" content=\"Derbe - cosmetici naturali\" \/>\n<meta property=\"article:publisher\" content=\"https:\/\/www.facebook.com\/evoderbebio\" \/>\n<meta property=\"article:modified_time\" content=\"2025-09-11T11:03:33+00:00\" \/>\n<meta property=\"og:image\" content=\"https:\/\/derbe.it\/wp-content\/uploads\/2025\/05\/gelcollagene-vegetale-capelli-sfibrati-derbe.jpg\" \/>\n\t<meta property=\"og:image:width\" content=\"1600\" \/>\n\t<meta property=\"og:image:height\" content=\"2000\" \/>\n\t<meta property=\"og:image:type\" content=\"image\/jpeg\" \/>\n<meta name=\"twitter:card\" content=\"summary_large_image\" \/>\n<meta name=\"twitter:label1\" content=\"Dur\u00e9e de lecture estim\u00e9e\" \/>\n\t<meta name=\"twitter:data1\" content=\"1 minute\" \/>\n<script type=\"application\/ld+json\" class=\"yoast-schema-graph\">{\"@context\":\"https:\/\/schema.org\",\"@graph\":[{\"@type\":\"WebPage\",\"@id\":\"https:\/\/derbe.it\/prodotto\/gel-al-collagene-vegetale\/\",\"url\":\"https:\/\/derbe.it\/prodotto\/gel-al-collagene-vegetale\/\",\"name\":\"Gel al collagene vegetale - Derbe - cosmetici naturali\",\"isPartOf\":{\"@id\":\"https:\/\/derbe.it\/#website\"},\"primaryImageOfPage\":{\"@id\":\"https:\/\/derbe.it\/prodotto\/gel-al-collagene-vegetale\/#primaryimage\"},\"image\":{\"@id\":\"https:\/\/derbe.it\/prodotto\/gel-al-collagene-vegetale\/#primaryimage\"},\"thumbnailUrl\":\"https:\/\/derbe.it\/wp-content\/uploads\/2025\/05\/gelcollagene-vegetale-capelli-sfibrati-derbe.jpg\",\"datePublished\":\"2018-09-26T08:11:42+00:00\",\"dateModified\":\"2025-09-11T11:03:33+00:00\",\"description\":\"Copre e ripara le microfessure del corpo del capello e le\u00a0doppie punte: indicato per i capelli particolarmente sfibrati,\u00a0aridi, spugnosi o aggrediti dai liquidi chimici di acconciatura.\",\"breadcrumb\":{\"@id\":\"https:\/\/derbe.it\/prodotto\/gel-al-collagene-vegetale\/#breadcrumb\"},\"inLanguage\":\"fr-FR\",\"potentialAction\":[{\"@type\":\"ReadAction\",\"target\":[\"https:\/\/derbe.it\/prodotto\/gel-al-collagene-vegetale\/\"]}]},{\"@type\":\"ImageObject\",\"inLanguage\":\"fr-FR\",\"@id\":\"https:\/\/derbe.it\/prodotto\/gel-al-collagene-vegetale\/#primaryimage\",\"url\":\"https:\/\/derbe.it\/wp-content\/uploads\/2025\/05\/gelcollagene-vegetale-capelli-sfibrati-derbe.jpg\",\"contentUrl\":\"https:\/\/derbe.it\/wp-content\/uploads\/2025\/05\/gelcollagene-vegetale-capelli-sfibrati-derbe.jpg\",\"width\":1600,\"height\":2000},{\"@type\":\"BreadcrumbList\",\"@id\":\"https:\/\/derbe.it\/prodotto\/gel-al-collagene-vegetale\/#breadcrumb\",\"itemListElement\":[{\"@type\":\"ListItem\",\"position\":1,\"name\":\"Home\",\"item\":\"https:\/\/derbe.it\/\"},{\"@type\":\"ListItem\",\"position\":2,\"name\":\"Shop\",\"item\":\"https:\/\/derbe.it\/en\/shop\/\"},{\"@type\":\"ListItem\",\"position\":3,\"name\":\"Styling\",\"item\":\"https:\/\/derbe.it\/categoria-prodotto\/styling\/\"},{\"@type\":\"ListItem\",\"position\":4,\"name\":\"Gel al collagene vegetale\"}]},{\"@type\":\"WebSite\",\"@id\":\"https:\/\/derbe.it\/#website\",\"url\":\"https:\/\/derbe.it\/\",\"name\":\"Derbe\",\"description\":\"Da oltre 50 anni - Made in italy - prodotti per capelli e corpo con estratti vegetali e formule sostenibili\",\"publisher\":{\"@id\":\"https:\/\/derbe.it\/#organization\"},\"potentialAction\":[{\"@type\":\"SearchAction\",\"target\":{\"@type\":\"EntryPoint\",\"urlTemplate\":\"https:\/\/derbe.it\/?s={search_term_string}\"},\"query-input\":{\"@type\":\"PropertyValueSpecification\",\"valueRequired\":true,\"valueName\":\"search_term_string\"}}],\"inLanguage\":\"fr-FR\"},{\"@type\":\"Organization\",\"@id\":\"https:\/\/derbe.it\/#organization\",\"name\":\"Derbe\",\"url\":\"https:\/\/derbe.it\/\",\"logo\":{\"@type\":\"ImageObject\",\"inLanguage\":\"fr-FR\",\"@id\":\"https:\/\/derbe.it\/#\/schema\/logo\/image\/\",\"url\":\"https:\/\/derbe.it\/wp-content\/uploads\/2025\/06\/logo_derbe_firenze.png\",\"contentUrl\":\"https:\/\/derbe.it\/wp-content\/uploads\/2025\/06\/logo_derbe_firenze.png\",\"width\":1200,\"height\":497,\"caption\":\"Derbe\"},\"image\":{\"@id\":\"https:\/\/derbe.it\/#\/schema\/logo\/image\/\"},\"sameAs\":[\"https:\/\/www.facebook.com\/evoderbebio\",\"https:\/\/www.instagram.com\/derbe.official\/\"],\"email\":\"info@derbe.it\",\"telephone\":\"+39 055 42 11 799\",\"legalName\":\"Derbe S.r.l. a socio unico\",\"vatID\":\"07272610481\"}]}<\/script>\n<!-- \/ Yoast SEO Premium plugin. -->","yoast_head_json":{"title":"Gel de collag\u00e8ne v\u00e9g\u00e9tal - Derbe - Cosm\u00e9tiques naturels","description":"Couvre et r\u00e9pare les microfissures de la tige capillaire et les pointes fourchues : convient aux cheveux particuli\u00e8rement ab\u00eem\u00e9s, secs, spongieux ou ab\u00eem\u00e9s par des produits coiffants chimiques.","robots":{"index":"index","follow":"follow","max-snippet":"max-snippet:-1","max-image-preview":"max-image-preview:large","max-video-preview":"max-video-preview:-1"},"canonical":"https:\/\/derbe.it\/fr\/produit\/gel-de-collagene-vegetal\/","og_locale":"fr_FR","og_type":"article","og_title":"Gel al collagene vegetale","og_description":"Copre e ripara le microfessure del corpo del capello e le\u00a0doppie punte: indicato per i capelli particolarmente sfibrati,\u00a0aridi, spugnosi o aggrediti dai liquidi chimici di acconciatura.","og_url":"https:\/\/derbe.it\/fr\/produit\/gel-de-collagene-vegetal\/","og_site_name":"Derbe - cosmetici naturali","article_publisher":"https:\/\/www.facebook.com\/evoderbebio","article_modified_time":"2025-09-11T11:03:33+00:00","og_image":[{"width":1600,"height":2000,"url":"https:\/\/derbe.it\/wp-content\/uploads\/2025\/05\/gelcollagene-vegetale-capelli-sfibrati-derbe.jpg","type":"image\/jpeg"}],"twitter_card":"summary_large_image","twitter_misc":{"Dur\u00e9e de lecture estim\u00e9e":"1 minute"},"schema":{"@context":"https:\/\/schema.org","@graph":[{"@type":"WebPage","@id":"https:\/\/derbe.it\/prodotto\/gel-al-collagene-vegetale\/","url":"https:\/\/derbe.it\/prodotto\/gel-al-collagene-vegetale\/","name":"Gel de collag\u00e8ne v\u00e9g\u00e9tal - Derbe - Cosm\u00e9tiques naturels","isPartOf":{"@id":"https:\/\/derbe.it\/#website"},"primaryImageOfPage":{"@id":"https:\/\/derbe.it\/prodotto\/gel-al-collagene-vegetale\/#primaryimage"},"image":{"@id":"https:\/\/derbe.it\/prodotto\/gel-al-collagene-vegetale\/#primaryimage"},"thumbnailUrl":"https:\/\/derbe.it\/wp-content\/uploads\/2025\/05\/gelcollagene-vegetale-capelli-sfibrati-derbe.jpg","datePublished":"2018-09-26T08:11:42+00:00","dateModified":"2025-09-11T11:03:33+00:00","description":"Couvre et r\u00e9pare les microfissures de la tige capillaire et les pointes fourchues : convient aux cheveux particuli\u00e8rement ab\u00eem\u00e9s, secs, spongieux ou ab\u00eem\u00e9s par des produits coiffants chimiques.","breadcrumb":{"@id":"https:\/\/derbe.it\/prodotto\/gel-al-collagene-vegetale\/#breadcrumb"},"inLanguage":"fr-FR","potentialAction":[{"@type":"ReadAction","target":["https:\/\/derbe.it\/prodotto\/gel-al-collagene-vegetale\/"]}]},{"@type":"ImageObject","inLanguage":"fr-FR","@id":"https:\/\/derbe.it\/prodotto\/gel-al-collagene-vegetale\/#primaryimage","url":"https:\/\/derbe.it\/wp-content\/uploads\/2025\/05\/gelcollagene-vegetale-capelli-sfibrati-derbe.jpg","contentUrl":"https:\/\/derbe.it\/wp-content\/uploads\/2025\/05\/gelcollagene-vegetale-capelli-sfibrati-derbe.jpg","width":1600,"height":2000},{"@type":"BreadcrumbList","@id":"https:\/\/derbe.it\/prodotto\/gel-al-collagene-vegetale\/#breadcrumb","itemListElement":[{"@type":"ListItem","position":1,"name":"Home","item":"https:\/\/derbe.it\/"},{"@type":"ListItem","position":2,"name":"Shop","item":"https:\/\/derbe.it\/en\/shop\/"},{"@type":"ListItem","position":3,"name":"Styling","item":"https:\/\/derbe.it\/categoria-prodotto\/styling\/"},{"@type":"ListItem","position":4,"name":"Gel al collagene vegetale"}]},{"@type":"WebSite","@id":"https:\/\/derbe.it\/#website","url":"https:\/\/derbe.it\/","name":"Derb\u00e9","description":"Depuis plus de 50 ans - Fabriqu\u00e9 en Italie - des produits pour les cheveux et le corps \u00e0 base d&#039;extraits de plantes et de formules durables","publisher":{"@id":"https:\/\/derbe.it\/#organization"},"potentialAction":[{"@type":"SearchAction","target":{"@type":"EntryPoint","urlTemplate":"https:\/\/derbe.it\/?s={search_term_string}"},"query-input":{"@type":"PropertyValueSpecification","valueRequired":true,"valueName":"search_term_string"}}],"inLanguage":"fr-FR"},{"@type":"Organization","@id":"https:\/\/derbe.it\/#organization","name":"Derb\u00e9","url":"https:\/\/derbe.it\/","logo":{"@type":"ImageObject","inLanguage":"fr-FR","@id":"https:\/\/derbe.it\/#\/schema\/logo\/image\/","url":"https:\/\/derbe.it\/wp-content\/uploads\/2025\/06\/logo_derbe_firenze.png","contentUrl":"https:\/\/derbe.it\/wp-content\/uploads\/2025\/06\/logo_derbe_firenze.png","width":1200,"height":497,"caption":"Derbe"},"image":{"@id":"https:\/\/derbe.it\/#\/schema\/logo\/image\/"},"sameAs":["https:\/\/www.facebook.com\/evoderbebio","https:\/\/www.instagram.com\/derbe.official\/"],"email":"info@derbe.it","telephone":"+39 055 42 11 799","legalName":"Derbe S.r.l. a socio unico","vatID":"07272610481"}]}},"_links":{"self":[{"href":"https:\/\/derbe.it\/fr\/wp-json\/wp\/v2\/product\/313","targetHints":{"allow":["GET"]}}],"collection":[{"href":"https:\/\/derbe.it\/fr\/wp-json\/wp\/v2\/product"}],"about":[{"href":"https:\/\/derbe.it\/fr\/wp-json\/wp\/v2\/types\/product"}],"wp:featuredmedia":[{"embeddable":true,"href":"https:\/\/derbe.it\/fr\/wp-json\/wp\/v2\/media\/314"}],"wp:attachment":[{"href":"https:\/\/derbe.it\/fr\/wp-json\/wp\/v2\/media?parent=313"}],"wp:term":[{"taxonomy":"caratteristica","embeddable":true,"href":"https:\/\/derbe.it\/fr\/wp-json\/wp\/v2\/caratteristica?post=313"},{"taxonomy":"collezione","embeddable":true,"href":"https:\/\/derbe.it\/fr\/wp-json\/wp\/v2\/collezione?post=313"},{"taxonomy":"formato","embeddable":true,"href":"https:\/\/derbe.it\/fr\/wp-json\/wp\/v2\/formato?post=313"},{"taxonomy":"funzione","embeddable":true,"href":"https:\/\/derbe.it\/fr\/wp-json\/wp\/v2\/funzione?post=313"},{"taxonomy":"utilizzo","embeddable":true,"href":"https:\/\/derbe.it\/fr\/wp-json\/wp\/v2\/utilizzo?post=313"},{"taxonomy":"ingrediente-principale","embeddable":true,"href":"https:\/\/derbe.it\/fr\/wp-json\/wp\/v2\/ingrediente-principale?post=313"},{"taxonomy":"product_brand","embeddable":true,"href":"https:\/\/derbe.it\/fr\/wp-json\/wp\/v2\/product_brand?post=313"},{"taxonomy":"product_cat","embeddable":true,"href":"https:\/\/derbe.it\/fr\/wp-json\/wp\/v2\/product_cat?post=313"},{"taxonomy":"product_tag","embeddable":true,"href":"https:\/\/derbe.it\/fr\/wp-json\/wp\/v2\/product_tag?post=313"}],"curies":[{"name":"wp","href":"https:\/\/api.w.org\/{rel}","templated":true}]}}