{"id":333,"date":"2018-09-26T10:13:08","date_gmt":"2018-09-26T08:13:08","guid":{"rendered":"https:\/\/derbe.it\/prodotto\/sciampo-setificante\/"},"modified":"2025-11-12T11:25:00","modified_gmt":"2025-11-12T10:25:00","slug":"shampoing-soyeux","status":"publish","type":"product","link":"https:\/\/derbe.it\/fr\/produit\/shampoing-soyeux\/","title":{"rendered":"Shampoing soyeux"},"content":{"rendered":"<p>Ce shampooing soyeux, gr\u00e2ce aux ingr\u00e9dients actifs de c\u00e9ramides de tournesol, de prot\u00e9ines de riz et d&#039;extraits de millet, nettoie et hydrate en profondeur tous les types de cheveux, en particulier les cheveux trait\u00e9s, ab\u00eem\u00e9s, d\u00e9color\u00e9s, secs et ternes, leur redonnant corps et protection. Une utilisation r\u00e9guli\u00e8re pr\u00e9serve la couleur et apporte brillance.<\/p>","protected":false},"excerpt":{"rendered":"<p>Le shampooing soyeux en est un <strong>shampoing r\u00e9parateur<\/strong> Que <strong>r\u00e9pare, revitalise et redonne de l&#039;\u00e9clat<\/strong> pour les cheveux fragilis\u00e9s et convient \u00e0 celles et ceux qui ont <strong>Cheveux fragiles et ab\u00eem\u00e9s avec des pointes fourchues<\/strong>.<br \/>\nRistruttura ogni fibra capillare dall\u2019interno, d\u00e0 nuova vita ai capelli, rendendoli di nuovo forti e robusti e ripristina la loro naturale luminosit\u00e0. Un uso regolare di questo shampoo mantiene brillante il colore dei capelli e dona loro lucentezza. [&#8230;]<\/p>\n<p><a class=\"btn btn-secondary understrap-read-more-link\" href=\"https:\/\/derbe.it\/fr\/produit\/shampoing-soyeux\/\">En savoir plus\u2026<span class=\"screen-reader-text\"> from Shampoo setificante<\/span><\/a><\/p>","protected":false},"featured_media":334,"template":"","meta":{"_acf_changed":false},"caratteristica":[116],"collezione":[],"formato":[],"funzione":[86,90],"utilizzo":[],"ingrediente-principale":[],"product_brand":[],"product_cat":[23],"product_tag":[],"class_list":{"0":"post-333","1":"product","2":"type-product","3":"status-publish","4":"has-post-thumbnail","6":"caratteristica-sviluppato-da-biologi-esperti","7":"funzione-capellli-danneggiati","8":"funzione-capelli-lisci","9":"product_cat-shampoo","11":"first","12":"instock","13":"purchasable","14":"product-type-simple"},"acf":[],"yoast_head":"<!-- This site is optimized with the Yoast SEO Premium plugin v26.1 (Yoast SEO v26.8) - https:\/\/yoast.com\/product\/yoast-seo-premium-wordpress\/ -->\n<title>Shampoo setificante - Derbe - cosmetici naturali<\/title>\n<meta name=\"description\" content=\"Lo shampoo setificante \u00e8 uno shampoo ricostituente che ripara, rivitalizza e ridona luminosit\u00e0 ai capelli indeboliti ed \u00e8 indicato per chi ha capelli fragili, danneggiati e con doppie punte. Ristruttura ogni fibra capillare dall\u2019interno, d\u00e0 nuova vita ai capelli, rendendoli di nuovo forti e robusti e ripristina la loro naturale luminosit\u00e0. Un uso regolare di questo shampoo mantiene brillante il colore dei capelli e dona loro lucentezza.\" \/>\n<meta name=\"robots\" content=\"index, follow, max-snippet:-1, max-image-preview:large, max-video-preview:-1\" \/>\n<link rel=\"canonical\" href=\"https:\/\/derbe.it\/fr\/produit\/shampoing-soyeux\/\" \/>\n<meta property=\"og:locale\" content=\"fr_FR\" \/>\n<meta property=\"og:type\" content=\"article\" \/>\n<meta property=\"og:title\" content=\"Shampoo setificante\" \/>\n<meta property=\"og:description\" content=\"Lo shampoo setificante \u00e8 uno shampoo ricostituente che ripara, rivitalizza e ridona luminosit\u00e0 ai capelli indeboliti ed \u00e8 indicato per chi ha capelli fragili, danneggiati e con doppie punte. Ristruttura ogni fibra capillare dall\u2019interno, d\u00e0 nuova vita ai capelli, rendendoli di nuovo forti e robusti e ripristina la loro naturale luminosit\u00e0. Un uso regolare di questo shampoo mantiene brillante il colore dei capelli e dona loro lucentezza.\" \/>\n<meta property=\"og:url\" content=\"https:\/\/derbe.it\/fr\/produit\/shampoing-soyeux\/\" \/>\n<meta property=\"og:site_name\" content=\"Derbe - cosmetici naturali\" \/>\n<meta property=\"article:publisher\" content=\"https:\/\/www.facebook.com\/evoderbebio\" \/>\n<meta property=\"article:modified_time\" content=\"2025-11-12T10:25:00+00:00\" \/>\n<meta property=\"og:image\" content=\"https:\/\/derbe.it\/wp-content\/uploads\/2025\/05\/sciampo-setificante-capelli-stressati-ceramidi-girasole-miglio-proteine-riso-derbe.jpg\" \/>\n\t<meta property=\"og:image:width\" content=\"1600\" \/>\n\t<meta property=\"og:image:height\" content=\"2000\" \/>\n\t<meta property=\"og:image:type\" content=\"image\/jpeg\" \/>\n<meta name=\"twitter:card\" content=\"summary_large_image\" \/>\n<meta name=\"twitter:label1\" content=\"Dur\u00e9e de lecture estim\u00e9e\" \/>\n\t<meta name=\"twitter:data1\" content=\"1 minute\" \/>\n<script type=\"application\/ld+json\" class=\"yoast-schema-graph\">{\"@context\":\"https:\/\/schema.org\",\"@graph\":[{\"@type\":\"WebPage\",\"@id\":\"https:\/\/derbe.it\/prodotto\/sciampo-setificante\/\",\"url\":\"https:\/\/derbe.it\/prodotto\/sciampo-setificante\/\",\"name\":\"Shampoo setificante - Derbe - cosmetici naturali\",\"isPartOf\":{\"@id\":\"https:\/\/derbe.it\/#website\"},\"primaryImageOfPage\":{\"@id\":\"https:\/\/derbe.it\/prodotto\/sciampo-setificante\/#primaryimage\"},\"image\":{\"@id\":\"https:\/\/derbe.it\/prodotto\/sciampo-setificante\/#primaryimage\"},\"thumbnailUrl\":\"https:\/\/derbe.it\/wp-content\/uploads\/2025\/05\/sciampo-setificante-capelli-stressati-ceramidi-girasole-miglio-proteine-riso-derbe.jpg\",\"datePublished\":\"2018-09-26T08:13:08+00:00\",\"dateModified\":\"2025-11-12T10:25:00+00:00\",\"description\":\"Lo shampoo setificante \u00e8 uno shampoo ricostituente che ripara, rivitalizza e ridona luminosit\u00e0 ai capelli indeboliti ed \u00e8 indicato per chi ha capelli fragili, danneggiati e con doppie punte. Ristruttura ogni fibra capillare dall\u2019interno, d\u00e0 nuova vita ai capelli, rendendoli di nuovo forti e robusti e ripristina la loro naturale luminosit\u00e0. Un uso regolare di questo shampoo mantiene brillante il colore dei capelli e dona loro lucentezza.\",\"breadcrumb\":{\"@id\":\"https:\/\/derbe.it\/prodotto\/sciampo-setificante\/#breadcrumb\"},\"inLanguage\":\"fr-FR\",\"potentialAction\":[{\"@type\":\"ReadAction\",\"target\":[\"https:\/\/derbe.it\/prodotto\/sciampo-setificante\/\"]}]},{\"@type\":\"ImageObject\",\"inLanguage\":\"fr-FR\",\"@id\":\"https:\/\/derbe.it\/prodotto\/sciampo-setificante\/#primaryimage\",\"url\":\"https:\/\/derbe.it\/wp-content\/uploads\/2025\/05\/sciampo-setificante-capelli-stressati-ceramidi-girasole-miglio-proteine-riso-derbe.jpg\",\"contentUrl\":\"https:\/\/derbe.it\/wp-content\/uploads\/2025\/05\/sciampo-setificante-capelli-stressati-ceramidi-girasole-miglio-proteine-riso-derbe.jpg\",\"width\":1600,\"height\":2000},{\"@type\":\"BreadcrumbList\",\"@id\":\"https:\/\/derbe.it\/prodotto\/sciampo-setificante\/#breadcrumb\",\"itemListElement\":[{\"@type\":\"ListItem\",\"position\":1,\"name\":\"Home\",\"item\":\"https:\/\/derbe.it\/\"},{\"@type\":\"ListItem\",\"position\":2,\"name\":\"Shop\",\"item\":\"https:\/\/derbe.it\/en\/shop\/\"},{\"@type\":\"ListItem\",\"position\":3,\"name\":\"Shampoo\",\"item\":\"https:\/\/derbe.it\/categoria-prodotto\/shampoo\/\"},{\"@type\":\"ListItem\",\"position\":4,\"name\":\"Shampoo setificante\"}]},{\"@type\":\"WebSite\",\"@id\":\"https:\/\/derbe.it\/#website\",\"url\":\"https:\/\/derbe.it\/\",\"name\":\"Derbe\",\"description\":\"Da oltre 50 anni - Made in italy - prodotti per capelli e corpo con estratti vegetali e formule sostenibili\",\"publisher\":{\"@id\":\"https:\/\/derbe.it\/#organization\"},\"potentialAction\":[{\"@type\":\"SearchAction\",\"target\":{\"@type\":\"EntryPoint\",\"urlTemplate\":\"https:\/\/derbe.it\/?s={search_term_string}\"},\"query-input\":{\"@type\":\"PropertyValueSpecification\",\"valueRequired\":true,\"valueName\":\"search_term_string\"}}],\"inLanguage\":\"fr-FR\"},{\"@type\":\"Organization\",\"@id\":\"https:\/\/derbe.it\/#organization\",\"name\":\"Derbe\",\"url\":\"https:\/\/derbe.it\/\",\"logo\":{\"@type\":\"ImageObject\",\"inLanguage\":\"fr-FR\",\"@id\":\"https:\/\/derbe.it\/#\/schema\/logo\/image\/\",\"url\":\"https:\/\/derbe.it\/wp-content\/uploads\/2025\/06\/logo_derbe_firenze.png\",\"contentUrl\":\"https:\/\/derbe.it\/wp-content\/uploads\/2025\/06\/logo_derbe_firenze.png\",\"width\":1200,\"height\":497,\"caption\":\"Derbe\"},\"image\":{\"@id\":\"https:\/\/derbe.it\/#\/schema\/logo\/image\/\"},\"sameAs\":[\"https:\/\/www.facebook.com\/evoderbebio\",\"https:\/\/www.instagram.com\/derbe.official\/\"],\"email\":\"info@derbe.it\",\"telephone\":\"+39 055 42 11 799\",\"legalName\":\"Derbe S.r.l. a socio unico\",\"vatID\":\"07272610481\"}]}<\/script>\n<!-- \/ Yoast SEO Premium plugin. -->","yoast_head_json":{"title":"Shampoing soyeux - Derbe - Cosm\u00e9tiques naturels","description":"Le shampooing soyeux est un soin r\u00e9parateur qui revitalise et redonne de l&#039;\u00e9clat aux cheveux fragilis\u00e9s. Il est particuli\u00e8rement adapt\u00e9 aux cheveux cassants, ab\u00eem\u00e9s et aux pointes fourchues. Il restructure la fibre capillaire en profondeur, revitalisant les cheveux et leur redonnant force et vigueur, ainsi que leur brillance naturelle. Son utilisation r\u00e9guli\u00e8re pr\u00e9serve la couleur et apporte de la brillance.","robots":{"index":"index","follow":"follow","max-snippet":"max-snippet:-1","max-image-preview":"max-image-preview:large","max-video-preview":"max-video-preview:-1"},"canonical":"https:\/\/derbe.it\/fr\/produit\/shampoing-soyeux\/","og_locale":"fr_FR","og_type":"article","og_title":"Shampoo setificante","og_description":"Lo shampoo setificante \u00e8 uno shampoo ricostituente che ripara, rivitalizza e ridona luminosit\u00e0 ai capelli indeboliti ed \u00e8 indicato per chi ha capelli fragili, danneggiati e con doppie punte. Ristruttura ogni fibra capillare dall\u2019interno, d\u00e0 nuova vita ai capelli, rendendoli di nuovo forti e robusti e ripristina la loro naturale luminosit\u00e0. Un uso regolare di questo shampoo mantiene brillante il colore dei capelli e dona loro lucentezza.","og_url":"https:\/\/derbe.it\/fr\/produit\/shampoing-soyeux\/","og_site_name":"Derbe - cosmetici naturali","article_publisher":"https:\/\/www.facebook.com\/evoderbebio","article_modified_time":"2025-11-12T10:25:00+00:00","og_image":[{"width":1600,"height":2000,"url":"https:\/\/derbe.it\/wp-content\/uploads\/2025\/05\/sciampo-setificante-capelli-stressati-ceramidi-girasole-miglio-proteine-riso-derbe.jpg","type":"image\/jpeg"}],"twitter_card":"summary_large_image","twitter_misc":{"Dur\u00e9e de lecture estim\u00e9e":"1 minute"},"schema":{"@context":"https:\/\/schema.org","@graph":[{"@type":"WebPage","@id":"https:\/\/derbe.it\/prodotto\/sciampo-setificante\/","url":"https:\/\/derbe.it\/prodotto\/sciampo-setificante\/","name":"Shampoing soyeux - Derbe - Cosm\u00e9tiques naturels","isPartOf":{"@id":"https:\/\/derbe.it\/#website"},"primaryImageOfPage":{"@id":"https:\/\/derbe.it\/prodotto\/sciampo-setificante\/#primaryimage"},"image":{"@id":"https:\/\/derbe.it\/prodotto\/sciampo-setificante\/#primaryimage"},"thumbnailUrl":"https:\/\/derbe.it\/wp-content\/uploads\/2025\/05\/sciampo-setificante-capelli-stressati-ceramidi-girasole-miglio-proteine-riso-derbe.jpg","datePublished":"2018-09-26T08:13:08+00:00","dateModified":"2025-11-12T10:25:00+00:00","description":"Le shampooing soyeux est un soin r\u00e9parateur qui revitalise et redonne de l&#039;\u00e9clat aux cheveux fragilis\u00e9s. Il est particuli\u00e8rement adapt\u00e9 aux cheveux cassants, ab\u00eem\u00e9s et aux pointes fourchues. Il restructure la fibre capillaire en profondeur, revitalisant les cheveux et leur redonnant force et vigueur, ainsi que leur brillance naturelle. Son utilisation r\u00e9guli\u00e8re pr\u00e9serve la couleur et apporte de la brillance.","breadcrumb":{"@id":"https:\/\/derbe.it\/prodotto\/sciampo-setificante\/#breadcrumb"},"inLanguage":"fr-FR","potentialAction":[{"@type":"ReadAction","target":["https:\/\/derbe.it\/prodotto\/sciampo-setificante\/"]}]},{"@type":"ImageObject","inLanguage":"fr-FR","@id":"https:\/\/derbe.it\/prodotto\/sciampo-setificante\/#primaryimage","url":"https:\/\/derbe.it\/wp-content\/uploads\/2025\/05\/sciampo-setificante-capelli-stressati-ceramidi-girasole-miglio-proteine-riso-derbe.jpg","contentUrl":"https:\/\/derbe.it\/wp-content\/uploads\/2025\/05\/sciampo-setificante-capelli-stressati-ceramidi-girasole-miglio-proteine-riso-derbe.jpg","width":1600,"height":2000},{"@type":"BreadcrumbList","@id":"https:\/\/derbe.it\/prodotto\/sciampo-setificante\/#breadcrumb","itemListElement":[{"@type":"ListItem","position":1,"name":"Home","item":"https:\/\/derbe.it\/"},{"@type":"ListItem","position":2,"name":"Shop","item":"https:\/\/derbe.it\/en\/shop\/"},{"@type":"ListItem","position":3,"name":"Shampoo","item":"https:\/\/derbe.it\/categoria-prodotto\/shampoo\/"},{"@type":"ListItem","position":4,"name":"Shampoo setificante"}]},{"@type":"WebSite","@id":"https:\/\/derbe.it\/#website","url":"https:\/\/derbe.it\/","name":"Derb\u00e9","description":"Depuis plus de 50 ans - Fabriqu\u00e9 en Italie - des produits pour les cheveux et le corps \u00e0 base d&#039;extraits de plantes et de formules durables","publisher":{"@id":"https:\/\/derbe.it\/#organization"},"potentialAction":[{"@type":"SearchAction","target":{"@type":"EntryPoint","urlTemplate":"https:\/\/derbe.it\/?s={search_term_string}"},"query-input":{"@type":"PropertyValueSpecification","valueRequired":true,"valueName":"search_term_string"}}],"inLanguage":"fr-FR"},{"@type":"Organization","@id":"https:\/\/derbe.it\/#organization","name":"Derb\u00e9","url":"https:\/\/derbe.it\/","logo":{"@type":"ImageObject","inLanguage":"fr-FR","@id":"https:\/\/derbe.it\/#\/schema\/logo\/image\/","url":"https:\/\/derbe.it\/wp-content\/uploads\/2025\/06\/logo_derbe_firenze.png","contentUrl":"https:\/\/derbe.it\/wp-content\/uploads\/2025\/06\/logo_derbe_firenze.png","width":1200,"height":497,"caption":"Derbe"},"image":{"@id":"https:\/\/derbe.it\/#\/schema\/logo\/image\/"},"sameAs":["https:\/\/www.facebook.com\/evoderbebio","https:\/\/www.instagram.com\/derbe.official\/"],"email":"info@derbe.it","telephone":"+39 055 42 11 799","legalName":"Derbe S.r.l. a socio unico","vatID":"07272610481"}]}},"_links":{"self":[{"href":"https:\/\/derbe.it\/fr\/wp-json\/wp\/v2\/product\/333","targetHints":{"allow":["GET"]}}],"collection":[{"href":"https:\/\/derbe.it\/fr\/wp-json\/wp\/v2\/product"}],"about":[{"href":"https:\/\/derbe.it\/fr\/wp-json\/wp\/v2\/types\/product"}],"wp:featuredmedia":[{"embeddable":true,"href":"https:\/\/derbe.it\/fr\/wp-json\/wp\/v2\/media\/334"}],"wp:attachment":[{"href":"https:\/\/derbe.it\/fr\/wp-json\/wp\/v2\/media?parent=333"}],"wp:term":[{"taxonomy":"caratteristica","embeddable":true,"href":"https:\/\/derbe.it\/fr\/wp-json\/wp\/v2\/caratteristica?post=333"},{"taxonomy":"collezione","embeddable":true,"href":"https:\/\/derbe.it\/fr\/wp-json\/wp\/v2\/collezione?post=333"},{"taxonomy":"formato","embeddable":true,"href":"https:\/\/derbe.it\/fr\/wp-json\/wp\/v2\/formato?post=333"},{"taxonomy":"funzione","embeddable":true,"href":"https:\/\/derbe.it\/fr\/wp-json\/wp\/v2\/funzione?post=333"},{"taxonomy":"utilizzo","embeddable":true,"href":"https:\/\/derbe.it\/fr\/wp-json\/wp\/v2\/utilizzo?post=333"},{"taxonomy":"ingrediente-principale","embeddable":true,"href":"https:\/\/derbe.it\/fr\/wp-json\/wp\/v2\/ingrediente-principale?post=333"},{"taxonomy":"product_brand","embeddable":true,"href":"https:\/\/derbe.it\/fr\/wp-json\/wp\/v2\/product_brand?post=333"},{"taxonomy":"product_cat","embeddable":true,"href":"https:\/\/derbe.it\/fr\/wp-json\/wp\/v2\/product_cat?post=333"},{"taxonomy":"product_tag","embeddable":true,"href":"https:\/\/derbe.it\/fr\/wp-json\/wp\/v2\/product_tag?post=333"}],"curies":[{"name":"wp","href":"https:\/\/api.w.org\/{rel}","templated":true}]}}