{"id":346,"date":"2018-09-26T10:10:56","date_gmt":"2018-09-26T08:10:56","guid":{"rendered":"https:\/\/derbe.it\/prodotto\/sciampo-igienizzante-anti-forfora\/"},"modified":"2025-11-05T17:32:46","modified_gmt":"2025-11-05T16:32:46","slug":"shampooing-antipelliculaire-assainissant","status":"publish","type":"product","link":"https:\/\/derbe.it\/fr\/produit\/shampooing-antipelliculaire-assainissant\/","title":{"rendered":"Shampoing antipelliculaire d\u00e9sinfectant"},"content":{"rendered":"<p>Les pellicules sont un probl\u00e8me de cuir chevelu tr\u00e8s courant et difficile \u00e0 traiter. Leurs causes peuvent \u00eatre diverses\u00a0: alimentation, d\u00e9tergents agressifs, pollution, d\u00e9mangeaisons, etc.<\/p>\n<p>Le shampooing d\u00e9sinfectant Derbe agit en restaurant une bonne hygi\u00e8ne du cuir chevelu gr\u00e2ce \u00e0 sa base lavante tr\u00e8s douce associ\u00e9e \u00e0 l&#039;effet d\u00e9sinfectant de l&#039;huile d&#039;arbre \u00e0 th\u00e9. Il contient \u00e9galement une substance antifongique et s\u00e9bor\u00e9gulatrice qui, contrairement aux agents antipelliculaires plus courants, pr\u00e9sente une plus grande affinit\u00e9 pour les structures riches en k\u00e9ratine comme les cheveux.<\/p>\n<p>Le shampooing d\u00e9sinfectant Derbe est une aide pr\u00e9cieuse pour r\u00e9tablir l&#039;\u00e9quilibre microbien naturel du cuir chevelu.<\/p>","protected":false},"excerpt":{"rendered":"<p>Le <strong>shampoing d\u00e9sinfectant<\/strong> intervient en agissant de mani\u00e8re favorable sur le r\u00e9tablissement d&#039;une situation correcte<strong> hygi\u00e8ne du cuir chevelu<\/strong> gr\u00e2ce \u00e0 la pr\u00e9sence d&#039;une base nettoyante tr\u00e8s d\u00e9licate associ\u00e9e \u00e0 la <strong>effet assainissant de l&#039;huile d&#039;arbre \u00e0 th\u00e9<\/strong>.\u00a0<strong>Traitement de choc <\/strong>pour tous les types de<strong> pellicules.<\/strong> [\u2026]<\/p>\n<p><a class=\"btn btn-secondary understrap-read-more-link\" href=\"https:\/\/derbe.it\/fr\/produit\/shampooing-antipelliculaire-assainissant\/\">En savoir plus\u2026<span class=\"screen-reader-text\"> from Shampoo igienizzante anti forfora<\/span><\/a><\/p>","protected":false},"featured_media":347,"template":"","meta":{"_acf_changed":false},"caratteristica":[],"collezione":[],"formato":[],"funzione":[84],"utilizzo":[],"ingrediente-principale":[],"product_brand":[],"product_cat":[23],"product_tag":[],"class_list":{"0":"post-346","1":"product","2":"type-product","3":"status-publish","4":"has-post-thumbnail","6":"funzione-capelli-con-forfora","7":"product_cat-shampoo","9":"first","10":"instock","11":"purchasable","12":"product-type-simple"},"acf":[],"yoast_head":"<!-- This site is optimized with the Yoast SEO Premium plugin v26.1 (Yoast SEO v26.8) - https:\/\/yoast.com\/product\/yoast-seo-premium-wordpress\/ -->\n<title>Shampoo igienizzante anti forfora - Derbe - cosmetici naturali<\/title>\n<meta name=\"description\" content=\"Lo shampoo igienizzante interviene agendo in modo favorevole sul ripristino di una corretta igiene del cuoio capelluto grazie alla presenza di una base lavante molto delicata abbinata all\u2019 effetto igienizzante del Tea Tree oil.\u00a0Trattamento d&#039;urto per tutti i tipi di forfora.\" \/>\n<meta name=\"robots\" content=\"index, follow, max-snippet:-1, max-image-preview:large, max-video-preview:-1\" \/>\n<link rel=\"canonical\" href=\"https:\/\/derbe.it\/fr\/produit\/shampooing-antipelliculaire-assainissant\/\" \/>\n<meta property=\"og:locale\" content=\"fr_FR\" \/>\n<meta property=\"og:type\" content=\"article\" \/>\n<meta property=\"og:title\" content=\"Shampoo igienizzante anti forfora\" \/>\n<meta property=\"og:description\" content=\"Lo shampoo igienizzante interviene agendo in modo favorevole sul ripristino di una corretta igiene del cuoio capelluto grazie alla presenza di una base lavante molto delicata abbinata all\u2019 effetto igienizzante del Tea Tree oil.\u00a0Trattamento d&#039;urto per tutti i tipi di forfora.\" \/>\n<meta property=\"og:url\" content=\"https:\/\/derbe.it\/fr\/produit\/shampooing-antipelliculaire-assainissant\/\" \/>\n<meta property=\"og:site_name\" content=\"Derbe - cosmetici naturali\" \/>\n<meta property=\"article:publisher\" content=\"https:\/\/www.facebook.com\/evoderbebio\" \/>\n<meta property=\"article:modified_time\" content=\"2025-11-05T16:32:46+00:00\" \/>\n<meta property=\"og:image\" content=\"https:\/\/derbe.it\/wp-content\/uploads\/2025\/05\/sciampo-tea-tree-oil-trattamento-d-urto-derbe-2.jpg\" \/>\n\t<meta property=\"og:image:width\" content=\"1600\" \/>\n\t<meta property=\"og:image:height\" content=\"2000\" \/>\n\t<meta property=\"og:image:type\" content=\"image\/jpeg\" \/>\n<meta name=\"twitter:card\" content=\"summary_large_image\" \/>\n<meta name=\"twitter:label1\" content=\"Dur\u00e9e de lecture estim\u00e9e\" \/>\n\t<meta name=\"twitter:data1\" content=\"2 minutes\" \/>\n<script type=\"application\/ld+json\" class=\"yoast-schema-graph\">{\"@context\":\"https:\/\/schema.org\",\"@graph\":[{\"@type\":\"WebPage\",\"@id\":\"https:\/\/derbe.it\/prodotto\/sciampo-igienizzante-anti-forfora\/\",\"url\":\"https:\/\/derbe.it\/prodotto\/sciampo-igienizzante-anti-forfora\/\",\"name\":\"Shampoo igienizzante anti forfora - Derbe - cosmetici naturali\",\"isPartOf\":{\"@id\":\"https:\/\/derbe.it\/#website\"},\"primaryImageOfPage\":{\"@id\":\"https:\/\/derbe.it\/prodotto\/sciampo-igienizzante-anti-forfora\/#primaryimage\"},\"image\":{\"@id\":\"https:\/\/derbe.it\/prodotto\/sciampo-igienizzante-anti-forfora\/#primaryimage\"},\"thumbnailUrl\":\"https:\/\/derbe.it\/wp-content\/uploads\/2025\/05\/sciampo-tea-tree-oil-trattamento-d-urto-derbe-2.jpg\",\"datePublished\":\"2018-09-26T08:10:56+00:00\",\"dateModified\":\"2025-11-05T16:32:46+00:00\",\"description\":\"Lo shampoo igienizzante interviene agendo in modo favorevole sul ripristino di una corretta igiene del cuoio capelluto grazie alla presenza di una base lavante molto delicata abbinata all\u2019 effetto igienizzante del Tea Tree oil.\u00a0Trattamento d'urto per tutti i tipi di forfora.\",\"breadcrumb\":{\"@id\":\"https:\/\/derbe.it\/prodotto\/sciampo-igienizzante-anti-forfora\/#breadcrumb\"},\"inLanguage\":\"fr-FR\",\"potentialAction\":[{\"@type\":\"ReadAction\",\"target\":[\"https:\/\/derbe.it\/prodotto\/sciampo-igienizzante-anti-forfora\/\"]}]},{\"@type\":\"ImageObject\",\"inLanguage\":\"fr-FR\",\"@id\":\"https:\/\/derbe.it\/prodotto\/sciampo-igienizzante-anti-forfora\/#primaryimage\",\"url\":\"https:\/\/derbe.it\/wp-content\/uploads\/2025\/05\/sciampo-tea-tree-oil-trattamento-d-urto-derbe-2.jpg\",\"contentUrl\":\"https:\/\/derbe.it\/wp-content\/uploads\/2025\/05\/sciampo-tea-tree-oil-trattamento-d-urto-derbe-2.jpg\",\"width\":1600,\"height\":2000},{\"@type\":\"BreadcrumbList\",\"@id\":\"https:\/\/derbe.it\/prodotto\/sciampo-igienizzante-anti-forfora\/#breadcrumb\",\"itemListElement\":[{\"@type\":\"ListItem\",\"position\":1,\"name\":\"Home\",\"item\":\"https:\/\/derbe.it\/\"},{\"@type\":\"ListItem\",\"position\":2,\"name\":\"Shop\",\"item\":\"https:\/\/derbe.it\/en\/shop\/\"},{\"@type\":\"ListItem\",\"position\":3,\"name\":\"Shampoo\",\"item\":\"https:\/\/derbe.it\/categoria-prodotto\/shampoo\/\"},{\"@type\":\"ListItem\",\"position\":4,\"name\":\"Shampoo igienizzante anti forfora\"}]},{\"@type\":\"WebSite\",\"@id\":\"https:\/\/derbe.it\/#website\",\"url\":\"https:\/\/derbe.it\/\",\"name\":\"Derbe\",\"description\":\"Da oltre 50 anni - Made in italy - prodotti per capelli e corpo con estratti vegetali e formule sostenibili\",\"publisher\":{\"@id\":\"https:\/\/derbe.it\/#organization\"},\"potentialAction\":[{\"@type\":\"SearchAction\",\"target\":{\"@type\":\"EntryPoint\",\"urlTemplate\":\"https:\/\/derbe.it\/?s={search_term_string}\"},\"query-input\":{\"@type\":\"PropertyValueSpecification\",\"valueRequired\":true,\"valueName\":\"search_term_string\"}}],\"inLanguage\":\"fr-FR\"},{\"@type\":\"Organization\",\"@id\":\"https:\/\/derbe.it\/#organization\",\"name\":\"Derbe\",\"url\":\"https:\/\/derbe.it\/\",\"logo\":{\"@type\":\"ImageObject\",\"inLanguage\":\"fr-FR\",\"@id\":\"https:\/\/derbe.it\/#\/schema\/logo\/image\/\",\"url\":\"https:\/\/derbe.it\/wp-content\/uploads\/2025\/06\/logo_derbe_firenze.png\",\"contentUrl\":\"https:\/\/derbe.it\/wp-content\/uploads\/2025\/06\/logo_derbe_firenze.png\",\"width\":1200,\"height\":497,\"caption\":\"Derbe\"},\"image\":{\"@id\":\"https:\/\/derbe.it\/#\/schema\/logo\/image\/\"},\"sameAs\":[\"https:\/\/www.facebook.com\/evoderbebio\",\"https:\/\/www.instagram.com\/derbe.official\/\"],\"email\":\"info@derbe.it\",\"telephone\":\"+39 055 42 11 799\",\"legalName\":\"Derbe S.r.l. a socio unico\",\"vatID\":\"07272610481\"}]}<\/script>\n<!-- \/ Yoast SEO Premium plugin. -->","yoast_head_json":{"title":"Shampoing d\u00e9sinfectant antipelliculaire - Derbe - Cosm\u00e9tiques naturels","description":"Ce shampooing assainissant contribue \u00e0 r\u00e9tablir une bonne hygi\u00e8ne du cuir chevelu gr\u00e2ce \u00e0 sa base lavante tr\u00e8s douce associ\u00e9e \u00e0 l&#039;effet assainissant de l&#039;huile d&#039;arbre \u00e0 th\u00e9. Un traitement efficace contre tous types de pellicules.","robots":{"index":"index","follow":"follow","max-snippet":"max-snippet:-1","max-image-preview":"max-image-preview:large","max-video-preview":"max-video-preview:-1"},"canonical":"https:\/\/derbe.it\/fr\/produit\/shampooing-antipelliculaire-assainissant\/","og_locale":"fr_FR","og_type":"article","og_title":"Shampoo igienizzante anti forfora","og_description":"Lo shampoo igienizzante interviene agendo in modo favorevole sul ripristino di una corretta igiene del cuoio capelluto grazie alla presenza di una base lavante molto delicata abbinata all\u2019 effetto igienizzante del Tea Tree oil.\u00a0Trattamento d'urto per tutti i tipi di forfora.","og_url":"https:\/\/derbe.it\/fr\/produit\/shampooing-antipelliculaire-assainissant\/","og_site_name":"Derbe - cosmetici naturali","article_publisher":"https:\/\/www.facebook.com\/evoderbebio","article_modified_time":"2025-11-05T16:32:46+00:00","og_image":[{"width":1600,"height":2000,"url":"https:\/\/derbe.it\/wp-content\/uploads\/2025\/05\/sciampo-tea-tree-oil-trattamento-d-urto-derbe-2.jpg","type":"image\/jpeg"}],"twitter_card":"summary_large_image","twitter_misc":{"Dur\u00e9e de lecture estim\u00e9e":"2 minutes"},"schema":{"@context":"https:\/\/schema.org","@graph":[{"@type":"WebPage","@id":"https:\/\/derbe.it\/prodotto\/sciampo-igienizzante-anti-forfora\/","url":"https:\/\/derbe.it\/prodotto\/sciampo-igienizzante-anti-forfora\/","name":"Shampoing d\u00e9sinfectant antipelliculaire - Derbe - Cosm\u00e9tiques naturels","isPartOf":{"@id":"https:\/\/derbe.it\/#website"},"primaryImageOfPage":{"@id":"https:\/\/derbe.it\/prodotto\/sciampo-igienizzante-anti-forfora\/#primaryimage"},"image":{"@id":"https:\/\/derbe.it\/prodotto\/sciampo-igienizzante-anti-forfora\/#primaryimage"},"thumbnailUrl":"https:\/\/derbe.it\/wp-content\/uploads\/2025\/05\/sciampo-tea-tree-oil-trattamento-d-urto-derbe-2.jpg","datePublished":"2018-09-26T08:10:56+00:00","dateModified":"2025-11-05T16:32:46+00:00","description":"Ce shampooing assainissant contribue \u00e0 r\u00e9tablir une bonne hygi\u00e8ne du cuir chevelu gr\u00e2ce \u00e0 sa base lavante tr\u00e8s douce associ\u00e9e \u00e0 l&#039;effet assainissant de l&#039;huile d&#039;arbre \u00e0 th\u00e9. Un traitement efficace contre tous types de pellicules.","breadcrumb":{"@id":"https:\/\/derbe.it\/prodotto\/sciampo-igienizzante-anti-forfora\/#breadcrumb"},"inLanguage":"fr-FR","potentialAction":[{"@type":"ReadAction","target":["https:\/\/derbe.it\/prodotto\/sciampo-igienizzante-anti-forfora\/"]}]},{"@type":"ImageObject","inLanguage":"fr-FR","@id":"https:\/\/derbe.it\/prodotto\/sciampo-igienizzante-anti-forfora\/#primaryimage","url":"https:\/\/derbe.it\/wp-content\/uploads\/2025\/05\/sciampo-tea-tree-oil-trattamento-d-urto-derbe-2.jpg","contentUrl":"https:\/\/derbe.it\/wp-content\/uploads\/2025\/05\/sciampo-tea-tree-oil-trattamento-d-urto-derbe-2.jpg","width":1600,"height":2000},{"@type":"BreadcrumbList","@id":"https:\/\/derbe.it\/prodotto\/sciampo-igienizzante-anti-forfora\/#breadcrumb","itemListElement":[{"@type":"ListItem","position":1,"name":"Home","item":"https:\/\/derbe.it\/"},{"@type":"ListItem","position":2,"name":"Shop","item":"https:\/\/derbe.it\/en\/shop\/"},{"@type":"ListItem","position":3,"name":"Shampoo","item":"https:\/\/derbe.it\/categoria-prodotto\/shampoo\/"},{"@type":"ListItem","position":4,"name":"Shampoo igienizzante anti forfora"}]},{"@type":"WebSite","@id":"https:\/\/derbe.it\/#website","url":"https:\/\/derbe.it\/","name":"Derb\u00e9","description":"Depuis plus de 50 ans - Fabriqu\u00e9 en Italie - des produits pour les cheveux et le corps \u00e0 base d&#039;extraits de plantes et de formules durables","publisher":{"@id":"https:\/\/derbe.it\/#organization"},"potentialAction":[{"@type":"SearchAction","target":{"@type":"EntryPoint","urlTemplate":"https:\/\/derbe.it\/?s={search_term_string}"},"query-input":{"@type":"PropertyValueSpecification","valueRequired":true,"valueName":"search_term_string"}}],"inLanguage":"fr-FR"},{"@type":"Organization","@id":"https:\/\/derbe.it\/#organization","name":"Derb\u00e9","url":"https:\/\/derbe.it\/","logo":{"@type":"ImageObject","inLanguage":"fr-FR","@id":"https:\/\/derbe.it\/#\/schema\/logo\/image\/","url":"https:\/\/derbe.it\/wp-content\/uploads\/2025\/06\/logo_derbe_firenze.png","contentUrl":"https:\/\/derbe.it\/wp-content\/uploads\/2025\/06\/logo_derbe_firenze.png","width":1200,"height":497,"caption":"Derbe"},"image":{"@id":"https:\/\/derbe.it\/#\/schema\/logo\/image\/"},"sameAs":["https:\/\/www.facebook.com\/evoderbebio","https:\/\/www.instagram.com\/derbe.official\/"],"email":"info@derbe.it","telephone":"+39 055 42 11 799","legalName":"Derbe S.r.l. a socio unico","vatID":"07272610481"}]}},"_links":{"self":[{"href":"https:\/\/derbe.it\/fr\/wp-json\/wp\/v2\/product\/346","targetHints":{"allow":["GET"]}}],"collection":[{"href":"https:\/\/derbe.it\/fr\/wp-json\/wp\/v2\/product"}],"about":[{"href":"https:\/\/derbe.it\/fr\/wp-json\/wp\/v2\/types\/product"}],"wp:featuredmedia":[{"embeddable":true,"href":"https:\/\/derbe.it\/fr\/wp-json\/wp\/v2\/media\/347"}],"wp:attachment":[{"href":"https:\/\/derbe.it\/fr\/wp-json\/wp\/v2\/media?parent=346"}],"wp:term":[{"taxonomy":"caratteristica","embeddable":true,"href":"https:\/\/derbe.it\/fr\/wp-json\/wp\/v2\/caratteristica?post=346"},{"taxonomy":"collezione","embeddable":true,"href":"https:\/\/derbe.it\/fr\/wp-json\/wp\/v2\/collezione?post=346"},{"taxonomy":"formato","embeddable":true,"href":"https:\/\/derbe.it\/fr\/wp-json\/wp\/v2\/formato?post=346"},{"taxonomy":"funzione","embeddable":true,"href":"https:\/\/derbe.it\/fr\/wp-json\/wp\/v2\/funzione?post=346"},{"taxonomy":"utilizzo","embeddable":true,"href":"https:\/\/derbe.it\/fr\/wp-json\/wp\/v2\/utilizzo?post=346"},{"taxonomy":"ingrediente-principale","embeddable":true,"href":"https:\/\/derbe.it\/fr\/wp-json\/wp\/v2\/ingrediente-principale?post=346"},{"taxonomy":"product_brand","embeddable":true,"href":"https:\/\/derbe.it\/fr\/wp-json\/wp\/v2\/product_brand?post=346"},{"taxonomy":"product_cat","embeddable":true,"href":"https:\/\/derbe.it\/fr\/wp-json\/wp\/v2\/product_cat?post=346"},{"taxonomy":"product_tag","embeddable":true,"href":"https:\/\/derbe.it\/fr\/wp-json\/wp\/v2\/product_tag?post=346"}],"curies":[{"name":"wp","href":"https:\/\/api.w.org\/{rel}","templated":true}]}}