{"id":380,"date":"2022-05-26T10:13:04","date_gmt":"2022-05-26T08:13:04","guid":{"rendered":"https:\/\/derbe.it\/prodotto\/sciampo-goji-rinforzante\/"},"modified":"2025-11-05T17:19:27","modified_gmt":"2025-11-05T16:19:27","slug":"shampoing-fortifiant-au-goji","status":"publish","type":"product","link":"https:\/\/derbe.it\/fr\/produit\/shampoing-fortifiant-au-goji\/","title":{"rendered":"Shampoing fortifiant au goji"},"content":{"rendered":"<p>La recherche Derbe a cr\u00e9\u00e9 un shampooing sp\u00e9cifique pour apporter \u00e9nergie, \u00e9lasticit\u00e9, vitalit\u00e9 et renforcer le cuir chevelu gr\u00e2ce au complexe v\u00e9g\u00e9tal multi-actif \u00ab Bioderbe \u00bb et aux substances fonctionnelles d\u2019origine v\u00e9g\u00e9tale utilis\u00e9es.<\/p>\n<ul>\n<li>Cela fait <strong>tonique<\/strong> le cuir chevelu.<\/li>\n<li><strong>Renforcer<\/strong> Et <strong>brillant<\/strong> les cheveux.<\/li>\n<li><strong>Prot\u00e8ge <\/strong>les cheveux contre les dommages et les blessures.<\/li>\n<\/ul>","protected":false},"excerpt":{"rendered":"<p>Shampoing sp\u00e9cifique \u00e0 donner <strong>\u00e9nergie<\/strong>, <strong>\u00e9lasticit\u00e9<\/strong>, <strong>vitalit\u00e9<\/strong> et pour <strong>renforcer le cuir chevelu<\/strong> gr\u00e2ce au complexe v\u00e9g\u00e9tal multi-actif \u00ab Bioderbe \u00bb et aux substances fonctionnelles de la <strong>Baies de Goji<\/strong>. [&#8230;]<\/p>\n<p><a class=\"btn btn-secondary understrap-read-more-link\" href=\"https:\/\/derbe.it\/fr\/produit\/shampoing-fortifiant-au-goji\/\">En savoir plus\u2026<span class=\"screen-reader-text\"> from Shampoo Goji Rinforzante<\/span><\/a><\/p>","protected":false},"featured_media":381,"template":"","meta":{"_acf_changed":false},"caratteristica":[],"collezione":[],"formato":[],"funzione":[91],"utilizzo":[],"ingrediente-principale":[],"product_brand":[],"product_cat":[23],"product_tag":[],"class_list":{"0":"post-380","1":"product","2":"type-product","3":"status-publish","4":"has-post-thumbnail","6":"funzione-capelli-deboli","7":"product_cat-shampoo","9":"first","10":"instock","11":"purchasable","12":"product-type-simple"},"acf":[],"yoast_head":"<!-- This site is optimized with the Yoast SEO Premium plugin v26.1 (Yoast SEO v26.8) - https:\/\/yoast.com\/product\/yoast-seo-premium-wordpress\/ -->\n<title>Shampoo Goji Rinforzante - Derbe - cosmetici naturali<\/title>\n<meta name=\"description\" content=\"Shampoo specifico per dare energia, elasticit\u00e0, vitalit\u00e0 e per rinforzare il cuoio capelluto grazie al complesso vegetale pluriattivo \u201cBioderbe\u201d ed alle sostanze funzionali delle Bacche di Goji.\" \/>\n<meta name=\"robots\" content=\"index, follow, max-snippet:-1, max-image-preview:large, max-video-preview:-1\" \/>\n<link rel=\"canonical\" href=\"https:\/\/derbe.it\/fr\/produit\/shampoing-fortifiant-au-goji\/\" \/>\n<meta property=\"og:locale\" content=\"fr_FR\" \/>\n<meta property=\"og:type\" content=\"article\" \/>\n<meta property=\"og:title\" content=\"Shampoo Goji Rinforzante\" \/>\n<meta property=\"og:description\" content=\"Shampoo specifico per dare energia, elasticit\u00e0, vitalit\u00e0 e per rinforzare il cuoio capelluto grazie al complesso vegetale pluriattivo \u201cBioderbe\u201d ed alle sostanze funzionali delle Bacche di Goji.\" \/>\n<meta property=\"og:url\" content=\"https:\/\/derbe.it\/fr\/produit\/shampoing-fortifiant-au-goji\/\" \/>\n<meta property=\"og:site_name\" content=\"Derbe - cosmetici naturali\" \/>\n<meta property=\"article:publisher\" content=\"https:\/\/www.facebook.com\/evoderbebio\" \/>\n<meta property=\"article:modified_time\" content=\"2025-11-05T16:19:27+00:00\" \/>\n<meta property=\"og:image\" content=\"https:\/\/derbe.it\/wp-content\/uploads\/2025\/05\/sciampo-goji-derbe.jpg\" \/>\n\t<meta property=\"og:image:width\" content=\"1600\" \/>\n\t<meta property=\"og:image:height\" content=\"2000\" \/>\n\t<meta property=\"og:image:type\" content=\"image\/jpeg\" \/>\n<meta name=\"twitter:card\" content=\"summary_large_image\" \/>\n<meta name=\"twitter:label1\" content=\"Dur\u00e9e de lecture estim\u00e9e\" \/>\n\t<meta name=\"twitter:data1\" content=\"2 minutes\" \/>\n<script type=\"application\/ld+json\" class=\"yoast-schema-graph\">{\"@context\":\"https:\/\/schema.org\",\"@graph\":[{\"@type\":\"WebPage\",\"@id\":\"https:\/\/derbe.it\/prodotto\/sciampo-goji-rinforzante\/\",\"url\":\"https:\/\/derbe.it\/prodotto\/sciampo-goji-rinforzante\/\",\"name\":\"Shampoo Goji Rinforzante - Derbe - cosmetici naturali\",\"isPartOf\":{\"@id\":\"https:\/\/derbe.it\/#website\"},\"primaryImageOfPage\":{\"@id\":\"https:\/\/derbe.it\/prodotto\/sciampo-goji-rinforzante\/#primaryimage\"},\"image\":{\"@id\":\"https:\/\/derbe.it\/prodotto\/sciampo-goji-rinforzante\/#primaryimage\"},\"thumbnailUrl\":\"https:\/\/derbe.it\/wp-content\/uploads\/2025\/05\/sciampo-goji-derbe.jpg\",\"datePublished\":\"2022-05-26T08:13:04+00:00\",\"dateModified\":\"2025-11-05T16:19:27+00:00\",\"description\":\"Shampoo specifico per dare energia, elasticit\u00e0, vitalit\u00e0 e per rinforzare il cuoio capelluto grazie al complesso vegetale pluriattivo \u201cBioderbe\u201d ed alle sostanze funzionali delle Bacche di Goji.\",\"breadcrumb\":{\"@id\":\"https:\/\/derbe.it\/prodotto\/sciampo-goji-rinforzante\/#breadcrumb\"},\"inLanguage\":\"fr-FR\",\"potentialAction\":[{\"@type\":\"ReadAction\",\"target\":[\"https:\/\/derbe.it\/prodotto\/sciampo-goji-rinforzante\/\"]}]},{\"@type\":\"ImageObject\",\"inLanguage\":\"fr-FR\",\"@id\":\"https:\/\/derbe.it\/prodotto\/sciampo-goji-rinforzante\/#primaryimage\",\"url\":\"https:\/\/derbe.it\/wp-content\/uploads\/2025\/05\/sciampo-goji-derbe.jpg\",\"contentUrl\":\"https:\/\/derbe.it\/wp-content\/uploads\/2025\/05\/sciampo-goji-derbe.jpg\",\"width\":1600,\"height\":2000,\"caption\":\"Sciampo rinforzante alle bacche di Goji - Derbe\"},{\"@type\":\"BreadcrumbList\",\"@id\":\"https:\/\/derbe.it\/prodotto\/sciampo-goji-rinforzante\/#breadcrumb\",\"itemListElement\":[{\"@type\":\"ListItem\",\"position\":1,\"name\":\"Home\",\"item\":\"https:\/\/derbe.it\/\"},{\"@type\":\"ListItem\",\"position\":2,\"name\":\"Shop\",\"item\":\"https:\/\/derbe.it\/en\/shop\/\"},{\"@type\":\"ListItem\",\"position\":3,\"name\":\"Shampoo\",\"item\":\"https:\/\/derbe.it\/categoria-prodotto\/shampoo\/\"},{\"@type\":\"ListItem\",\"position\":4,\"name\":\"Shampoo Goji Rinforzante\"}]},{\"@type\":\"WebSite\",\"@id\":\"https:\/\/derbe.it\/#website\",\"url\":\"https:\/\/derbe.it\/\",\"name\":\"Derbe\",\"description\":\"Da oltre 50 anni - Made in italy - prodotti per capelli e corpo con estratti vegetali e formule sostenibili\",\"publisher\":{\"@id\":\"https:\/\/derbe.it\/#organization\"},\"potentialAction\":[{\"@type\":\"SearchAction\",\"target\":{\"@type\":\"EntryPoint\",\"urlTemplate\":\"https:\/\/derbe.it\/?s={search_term_string}\"},\"query-input\":{\"@type\":\"PropertyValueSpecification\",\"valueRequired\":true,\"valueName\":\"search_term_string\"}}],\"inLanguage\":\"fr-FR\"},{\"@type\":\"Organization\",\"@id\":\"https:\/\/derbe.it\/#organization\",\"name\":\"Derbe\",\"url\":\"https:\/\/derbe.it\/\",\"logo\":{\"@type\":\"ImageObject\",\"inLanguage\":\"fr-FR\",\"@id\":\"https:\/\/derbe.it\/#\/schema\/logo\/image\/\",\"url\":\"https:\/\/derbe.it\/wp-content\/uploads\/2025\/06\/logo_derbe_firenze.png\",\"contentUrl\":\"https:\/\/derbe.it\/wp-content\/uploads\/2025\/06\/logo_derbe_firenze.png\",\"width\":1200,\"height\":497,\"caption\":\"Derbe\"},\"image\":{\"@id\":\"https:\/\/derbe.it\/#\/schema\/logo\/image\/\"},\"sameAs\":[\"https:\/\/www.facebook.com\/evoderbebio\",\"https:\/\/www.instagram.com\/derbe.official\/\"],\"email\":\"info@derbe.it\",\"telephone\":\"+39 055 42 11 799\",\"legalName\":\"Derbe S.r.l. a socio unico\",\"vatID\":\"07272610481\"}]}<\/script>\n<!-- \/ Yoast SEO Premium plugin. -->","yoast_head_json":{"title":"Shampoing fortifiant au goji - Derbe - cosm\u00e9tiques naturels","description":"Shampooing sp\u00e9cifique pour apporter \u00e9nergie, \u00e9lasticit\u00e9, vitalit\u00e9 et renforcer le cuir chevelu gr\u00e2ce au complexe v\u00e9g\u00e9tal multi-actif \u201c Bioderbe \u201d et aux substances fonctionnelles des baies de goji.","robots":{"index":"index","follow":"follow","max-snippet":"max-snippet:-1","max-image-preview":"max-image-preview:large","max-video-preview":"max-video-preview:-1"},"canonical":"https:\/\/derbe.it\/fr\/produit\/shampoing-fortifiant-au-goji\/","og_locale":"fr_FR","og_type":"article","og_title":"Shampoo Goji Rinforzante","og_description":"Shampoo specifico per dare energia, elasticit\u00e0, vitalit\u00e0 e per rinforzare il cuoio capelluto grazie al complesso vegetale pluriattivo \u201cBioderbe\u201d ed alle sostanze funzionali delle Bacche di Goji.","og_url":"https:\/\/derbe.it\/fr\/produit\/shampoing-fortifiant-au-goji\/","og_site_name":"Derbe - cosmetici naturali","article_publisher":"https:\/\/www.facebook.com\/evoderbebio","article_modified_time":"2025-11-05T16:19:27+00:00","og_image":[{"width":1600,"height":2000,"url":"https:\/\/derbe.it\/wp-content\/uploads\/2025\/05\/sciampo-goji-derbe.jpg","type":"image\/jpeg"}],"twitter_card":"summary_large_image","twitter_misc":{"Dur\u00e9e de lecture estim\u00e9e":"2 minutes"},"schema":{"@context":"https:\/\/schema.org","@graph":[{"@type":"WebPage","@id":"https:\/\/derbe.it\/prodotto\/sciampo-goji-rinforzante\/","url":"https:\/\/derbe.it\/prodotto\/sciampo-goji-rinforzante\/","name":"Shampoing fortifiant au goji - Derbe - cosm\u00e9tiques naturels","isPartOf":{"@id":"https:\/\/derbe.it\/#website"},"primaryImageOfPage":{"@id":"https:\/\/derbe.it\/prodotto\/sciampo-goji-rinforzante\/#primaryimage"},"image":{"@id":"https:\/\/derbe.it\/prodotto\/sciampo-goji-rinforzante\/#primaryimage"},"thumbnailUrl":"https:\/\/derbe.it\/wp-content\/uploads\/2025\/05\/sciampo-goji-derbe.jpg","datePublished":"2022-05-26T08:13:04+00:00","dateModified":"2025-11-05T16:19:27+00:00","description":"Shampooing sp\u00e9cifique pour apporter \u00e9nergie, \u00e9lasticit\u00e9, vitalit\u00e9 et renforcer le cuir chevelu gr\u00e2ce au complexe v\u00e9g\u00e9tal multi-actif \u201c Bioderbe \u201d et aux substances fonctionnelles des baies de goji.","breadcrumb":{"@id":"https:\/\/derbe.it\/prodotto\/sciampo-goji-rinforzante\/#breadcrumb"},"inLanguage":"fr-FR","potentialAction":[{"@type":"ReadAction","target":["https:\/\/derbe.it\/prodotto\/sciampo-goji-rinforzante\/"]}]},{"@type":"ImageObject","inLanguage":"fr-FR","@id":"https:\/\/derbe.it\/prodotto\/sciampo-goji-rinforzante\/#primaryimage","url":"https:\/\/derbe.it\/wp-content\/uploads\/2025\/05\/sciampo-goji-derbe.jpg","contentUrl":"https:\/\/derbe.it\/wp-content\/uploads\/2025\/05\/sciampo-goji-derbe.jpg","width":1600,"height":2000,"caption":"Sciampo rinforzante alle bacche di Goji - Derbe"},{"@type":"BreadcrumbList","@id":"https:\/\/derbe.it\/prodotto\/sciampo-goji-rinforzante\/#breadcrumb","itemListElement":[{"@type":"ListItem","position":1,"name":"Home","item":"https:\/\/derbe.it\/"},{"@type":"ListItem","position":2,"name":"Shop","item":"https:\/\/derbe.it\/en\/shop\/"},{"@type":"ListItem","position":3,"name":"Shampoo","item":"https:\/\/derbe.it\/categoria-prodotto\/shampoo\/"},{"@type":"ListItem","position":4,"name":"Shampoo Goji Rinforzante"}]},{"@type":"WebSite","@id":"https:\/\/derbe.it\/#website","url":"https:\/\/derbe.it\/","name":"Derb\u00e9","description":"Depuis plus de 50 ans - Fabriqu\u00e9 en Italie - des produits pour les cheveux et le corps \u00e0 base d&#039;extraits de plantes et de formules durables","publisher":{"@id":"https:\/\/derbe.it\/#organization"},"potentialAction":[{"@type":"SearchAction","target":{"@type":"EntryPoint","urlTemplate":"https:\/\/derbe.it\/?s={search_term_string}"},"query-input":{"@type":"PropertyValueSpecification","valueRequired":true,"valueName":"search_term_string"}}],"inLanguage":"fr-FR"},{"@type":"Organization","@id":"https:\/\/derbe.it\/#organization","name":"Derb\u00e9","url":"https:\/\/derbe.it\/","logo":{"@type":"ImageObject","inLanguage":"fr-FR","@id":"https:\/\/derbe.it\/#\/schema\/logo\/image\/","url":"https:\/\/derbe.it\/wp-content\/uploads\/2025\/06\/logo_derbe_firenze.png","contentUrl":"https:\/\/derbe.it\/wp-content\/uploads\/2025\/06\/logo_derbe_firenze.png","width":1200,"height":497,"caption":"Derbe"},"image":{"@id":"https:\/\/derbe.it\/#\/schema\/logo\/image\/"},"sameAs":["https:\/\/www.facebook.com\/evoderbebio","https:\/\/www.instagram.com\/derbe.official\/"],"email":"info@derbe.it","telephone":"+39 055 42 11 799","legalName":"Derbe S.r.l. a socio unico","vatID":"07272610481"}]}},"_links":{"self":[{"href":"https:\/\/derbe.it\/fr\/wp-json\/wp\/v2\/product\/380","targetHints":{"allow":["GET"]}}],"collection":[{"href":"https:\/\/derbe.it\/fr\/wp-json\/wp\/v2\/product"}],"about":[{"href":"https:\/\/derbe.it\/fr\/wp-json\/wp\/v2\/types\/product"}],"wp:featuredmedia":[{"embeddable":true,"href":"https:\/\/derbe.it\/fr\/wp-json\/wp\/v2\/media\/381"}],"wp:attachment":[{"href":"https:\/\/derbe.it\/fr\/wp-json\/wp\/v2\/media?parent=380"}],"wp:term":[{"taxonomy":"caratteristica","embeddable":true,"href":"https:\/\/derbe.it\/fr\/wp-json\/wp\/v2\/caratteristica?post=380"},{"taxonomy":"collezione","embeddable":true,"href":"https:\/\/derbe.it\/fr\/wp-json\/wp\/v2\/collezione?post=380"},{"taxonomy":"formato","embeddable":true,"href":"https:\/\/derbe.it\/fr\/wp-json\/wp\/v2\/formato?post=380"},{"taxonomy":"funzione","embeddable":true,"href":"https:\/\/derbe.it\/fr\/wp-json\/wp\/v2\/funzione?post=380"},{"taxonomy":"utilizzo","embeddable":true,"href":"https:\/\/derbe.it\/fr\/wp-json\/wp\/v2\/utilizzo?post=380"},{"taxonomy":"ingrediente-principale","embeddable":true,"href":"https:\/\/derbe.it\/fr\/wp-json\/wp\/v2\/ingrediente-principale?post=380"},{"taxonomy":"product_brand","embeddable":true,"href":"https:\/\/derbe.it\/fr\/wp-json\/wp\/v2\/product_brand?post=380"},{"taxonomy":"product_cat","embeddable":true,"href":"https:\/\/derbe.it\/fr\/wp-json\/wp\/v2\/product_cat?post=380"},{"taxonomy":"product_tag","embeddable":true,"href":"https:\/\/derbe.it\/fr\/wp-json\/wp\/v2\/product_tag?post=380"}],"curies":[{"name":"wp","href":"https:\/\/api.w.org\/{rel}","templated":true}]}}