{"id":415,"date":"2018-09-26T10:15:42","date_gmt":"2018-09-26T08:15:42","guid":{"rendered":"https:\/\/derbe.it\/prodotto\/olio-di-pid\/"},"modified":"2025-06-24T16:41:26","modified_gmt":"2025-06-24T14:41:26","slug":"huile-de-pid","status":"publish","type":"product","link":"https:\/\/derbe.it\/fr\/produit\/huile-de-pid\/","title":{"rendered":"Huile PID"},"content":{"rendered":"<p>L&#039;huile de Pid n&#039;est pas un shampoing\u00a0: c&#039;est une v\u00e9ritable huile qui nettoie les cheveux, les assainit et cr\u00e9e un environnement hostile aux ind\u00e9sirables. Son parfum distinctif provient des essences naturelles qu&#039;elle contient.<\/p>","protected":false},"excerpt":{"rendered":"<p>La pediculosi \u00e8 molto comune in ambiente scolastico e non deve essere considerata come causa di scarsa igiene: dipende da un piccolo parassita, il pidocchio, che vive unicamente sulla testa dell&#8217;uomo e si nutre del suo sangue. Le lendini (uova) che sono deposte in gran parte dietro le orecchie e sulla nuca, aderiscono al capello grazie ad una sostanza collosa: il rimedio consigliato da Derbe \u00e8 Olio di Pid. [&#8230;]<\/p>\n<p><a class=\"btn btn-secondary understrap-read-more-link\" href=\"https:\/\/derbe.it\/fr\/produit\/huile-de-pid\/\">En savoir plus\u2026<span class=\"screen-reader-text\"> huile PID<\/span><\/a><\/p>","protected":false},"featured_media":416,"template":"","meta":{"_acf_changed":false},"caratteristica":[],"collezione":[108],"formato":[],"funzione":[],"utilizzo":[],"ingrediente-principale":[],"product_brand":[],"product_cat":[15],"product_tag":[],"class_list":{"0":"post-415","1":"product","2":"type-product","3":"status-publish","4":"has-post-thumbnail","6":"collezione-baby-kids","7":"product_cat-senza-categoria","9":"first","10":"instock","11":"purchasable","12":"product-type-simple"},"acf":[],"yoast_head":"<!-- This site is optimized with the Yoast SEO Premium plugin v26.1 (Yoast SEO v26.8) - https:\/\/yoast.com\/product\/yoast-seo-premium-wordpress\/ -->\n<title>Olio di PID - Derbe - cosmetici naturali<\/title>\n<meta name=\"description\" content=\"La pediculosi \u00e8 molto comune in ambiente scolastico e non deve essere considerata come causa di scarsa igiene: dipende da un piccolo parassita, il pidocchio, che vive unicamente sulla testa dell&#039;uomo e si nutre del suo sangue. Le lendini (uova) che sono deposte in gran parte dietro le orecchie e sulla nuca, aderiscono al capello grazie ad una sostanza collosa: il rimedio consigliato da Derbe \u00e8 Olio di Pid.\" \/>\n<meta name=\"robots\" content=\"index, follow, max-snippet:-1, max-image-preview:large, max-video-preview:-1\" \/>\n<link rel=\"canonical\" href=\"https:\/\/derbe.it\/fr\/produit\/huile-de-pid\/\" \/>\n<meta property=\"og:locale\" content=\"fr_FR\" \/>\n<meta property=\"og:type\" content=\"article\" \/>\n<meta property=\"og:title\" content=\"Olio di PID\" \/>\n<meta property=\"og:description\" content=\"La pediculosi \u00e8 molto comune in ambiente scolastico e non deve essere considerata come causa di scarsa igiene: dipende da un piccolo parassita, il pidocchio, che vive unicamente sulla testa dell&#039;uomo e si nutre del suo sangue. Le lendini (uova) che sono deposte in gran parte dietro le orecchie e sulla nuca, aderiscono al capello grazie ad una sostanza collosa: il rimedio consigliato da Derbe \u00e8 Olio di Pid.\" \/>\n<meta property=\"og:url\" content=\"https:\/\/derbe.it\/fr\/produit\/huile-de-pid\/\" \/>\n<meta property=\"og:site_name\" content=\"Derbe - cosmetici naturali\" \/>\n<meta property=\"article:publisher\" content=\"https:\/\/www.facebook.com\/evoderbebio\" \/>\n<meta property=\"article:modified_time\" content=\"2025-06-24T14:41:26+00:00\" \/>\n<meta property=\"og:image\" content=\"https:\/\/derbe.it\/wp-content\/uploads\/2025\/05\/olio-di-pid-azione-d-urto-scatola-pettine-prodotto-derbe.jpg\" \/>\n\t<meta property=\"og:image:width\" content=\"1600\" \/>\n\t<meta property=\"og:image:height\" content=\"2000\" \/>\n\t<meta property=\"og:image:type\" content=\"image\/jpeg\" \/>\n<meta name=\"twitter:card\" content=\"summary_large_image\" \/>\n<script type=\"application\/ld+json\" class=\"yoast-schema-graph\">{\"@context\":\"https:\/\/schema.org\",\"@graph\":[{\"@type\":\"WebPage\",\"@id\":\"https:\/\/derbe.it\/prodotto\/olio-di-pid\/\",\"url\":\"https:\/\/derbe.it\/prodotto\/olio-di-pid\/\",\"name\":\"Olio di PID - Derbe - cosmetici naturali\",\"isPartOf\":{\"@id\":\"https:\/\/derbe.it\/#website\"},\"primaryImageOfPage\":{\"@id\":\"https:\/\/derbe.it\/prodotto\/olio-di-pid\/#primaryimage\"},\"image\":{\"@id\":\"https:\/\/derbe.it\/prodotto\/olio-di-pid\/#primaryimage\"},\"thumbnailUrl\":\"https:\/\/derbe.it\/wp-content\/uploads\/2025\/05\/olio-di-pid-azione-d-urto-scatola-pettine-prodotto-derbe.jpg\",\"datePublished\":\"2018-09-26T08:15:42+00:00\",\"dateModified\":\"2025-06-24T14:41:26+00:00\",\"description\":\"La pediculosi \u00e8 molto comune in ambiente scolastico e non deve essere considerata come causa di scarsa igiene: dipende da un piccolo parassita, il pidocchio, che vive unicamente sulla testa dell'uomo e si nutre del suo sangue. Le lendini (uova) che sono deposte in gran parte dietro le orecchie e sulla nuca, aderiscono al capello grazie ad una sostanza collosa: il rimedio consigliato da Derbe \u00e8 Olio di Pid.\",\"breadcrumb\":{\"@id\":\"https:\/\/derbe.it\/prodotto\/olio-di-pid\/#breadcrumb\"},\"inLanguage\":\"fr-FR\",\"potentialAction\":[{\"@type\":\"ReadAction\",\"target\":[\"https:\/\/derbe.it\/prodotto\/olio-di-pid\/\"]}]},{\"@type\":\"ImageObject\",\"inLanguage\":\"fr-FR\",\"@id\":\"https:\/\/derbe.it\/prodotto\/olio-di-pid\/#primaryimage\",\"url\":\"https:\/\/derbe.it\/wp-content\/uploads\/2025\/05\/olio-di-pid-azione-d-urto-scatola-pettine-prodotto-derbe.jpg\",\"contentUrl\":\"https:\/\/derbe.it\/wp-content\/uploads\/2025\/05\/olio-di-pid-azione-d-urto-scatola-pettine-prodotto-derbe.jpg\",\"width\":1600,\"height\":2000,\"caption\":\"Olio di pid - trattamento pediculosi - Derbe\"},{\"@type\":\"BreadcrumbList\",\"@id\":\"https:\/\/derbe.it\/prodotto\/olio-di-pid\/#breadcrumb\",\"itemListElement\":[{\"@type\":\"ListItem\",\"position\":1,\"name\":\"Home\",\"item\":\"https:\/\/derbe.it\/\"},{\"@type\":\"ListItem\",\"position\":2,\"name\":\"Shop\",\"item\":\"https:\/\/derbe.it\/en\/shop\/\"},{\"@type\":\"ListItem\",\"position\":3,\"name\":\"Senza categoria\",\"item\":\"https:\/\/derbe.it\/categoria-prodotto\/senza-categoria\/\"},{\"@type\":\"ListItem\",\"position\":4,\"name\":\"Olio di PID\"}]},{\"@type\":\"WebSite\",\"@id\":\"https:\/\/derbe.it\/#website\",\"url\":\"https:\/\/derbe.it\/\",\"name\":\"Derbe\",\"description\":\"Da oltre 50 anni - Made in italy - prodotti per capelli e corpo con estratti vegetali e formule sostenibili\",\"publisher\":{\"@id\":\"https:\/\/derbe.it\/#organization\"},\"potentialAction\":[{\"@type\":\"SearchAction\",\"target\":{\"@type\":\"EntryPoint\",\"urlTemplate\":\"https:\/\/derbe.it\/?s={search_term_string}\"},\"query-input\":{\"@type\":\"PropertyValueSpecification\",\"valueRequired\":true,\"valueName\":\"search_term_string\"}}],\"inLanguage\":\"fr-FR\"},{\"@type\":\"Organization\",\"@id\":\"https:\/\/derbe.it\/#organization\",\"name\":\"Derbe\",\"url\":\"https:\/\/derbe.it\/\",\"logo\":{\"@type\":\"ImageObject\",\"inLanguage\":\"fr-FR\",\"@id\":\"https:\/\/derbe.it\/#\/schema\/logo\/image\/\",\"url\":\"https:\/\/derbe.it\/wp-content\/uploads\/2025\/06\/logo_derbe_firenze.png\",\"contentUrl\":\"https:\/\/derbe.it\/wp-content\/uploads\/2025\/06\/logo_derbe_firenze.png\",\"width\":1200,\"height\":497,\"caption\":\"Derbe\"},\"image\":{\"@id\":\"https:\/\/derbe.it\/#\/schema\/logo\/image\/\"},\"sameAs\":[\"https:\/\/www.facebook.com\/evoderbebio\",\"https:\/\/www.instagram.com\/derbe.official\/\"],\"email\":\"info@derbe.it\",\"telephone\":\"+39 055 42 11 799\",\"legalName\":\"Derbe S.r.l. a socio unico\",\"vatID\":\"07272610481\"}]}<\/script>\n<!-- \/ Yoast SEO Premium plugin. -->","yoast_head_json":{"title":"Huile PID - Derbe - cosm\u00e9tiques naturels","description":"Les poux de t\u00eate (p\u00e9diculose) sont tr\u00e8s fr\u00e9quents dans les \u00e9coles et ne doivent pas \u00eatre consid\u00e9r\u00e9s comme une cause de manque d&#039;hygi\u00e8ne\u00a0: ils sont caus\u00e9s par un petit parasite, le pou, qui vit exclusivement sur la t\u00eate des humains et se nourrit de leur sang. Les lentes (\u0153ufs), g\u00e9n\u00e9ralement pondues derri\u00e8re les oreilles et sur la nuque, adh\u00e8rent aux cheveux gr\u00e2ce \u00e0 une substance collante. Derbe recommande l&#039;huile anti-poux comme rem\u00e8de.","robots":{"index":"index","follow":"follow","max-snippet":"max-snippet:-1","max-image-preview":"max-image-preview:large","max-video-preview":"max-video-preview:-1"},"canonical":"https:\/\/derbe.it\/fr\/produit\/huile-de-pid\/","og_locale":"fr_FR","og_type":"article","og_title":"Olio di PID","og_description":"La pediculosi \u00e8 molto comune in ambiente scolastico e non deve essere considerata come causa di scarsa igiene: dipende da un piccolo parassita, il pidocchio, che vive unicamente sulla testa dell'uomo e si nutre del suo sangue. Le lendini (uova) che sono deposte in gran parte dietro le orecchie e sulla nuca, aderiscono al capello grazie ad una sostanza collosa: il rimedio consigliato da Derbe \u00e8 Olio di Pid.","og_url":"https:\/\/derbe.it\/fr\/produit\/huile-de-pid\/","og_site_name":"Derbe - cosmetici naturali","article_publisher":"https:\/\/www.facebook.com\/evoderbebio","article_modified_time":"2025-06-24T14:41:26+00:00","og_image":[{"width":1600,"height":2000,"url":"https:\/\/derbe.it\/wp-content\/uploads\/2025\/05\/olio-di-pid-azione-d-urto-scatola-pettine-prodotto-derbe.jpg","type":"image\/jpeg"}],"twitter_card":"summary_large_image","schema":{"@context":"https:\/\/schema.org","@graph":[{"@type":"WebPage","@id":"https:\/\/derbe.it\/prodotto\/olio-di-pid\/","url":"https:\/\/derbe.it\/prodotto\/olio-di-pid\/","name":"Huile PID - Derbe - cosm\u00e9tiques naturels","isPartOf":{"@id":"https:\/\/derbe.it\/#website"},"primaryImageOfPage":{"@id":"https:\/\/derbe.it\/prodotto\/olio-di-pid\/#primaryimage"},"image":{"@id":"https:\/\/derbe.it\/prodotto\/olio-di-pid\/#primaryimage"},"thumbnailUrl":"https:\/\/derbe.it\/wp-content\/uploads\/2025\/05\/olio-di-pid-azione-d-urto-scatola-pettine-prodotto-derbe.jpg","datePublished":"2018-09-26T08:15:42+00:00","dateModified":"2025-06-24T14:41:26+00:00","description":"Les poux de t\u00eate (p\u00e9diculose) sont tr\u00e8s fr\u00e9quents dans les \u00e9coles et ne doivent pas \u00eatre consid\u00e9r\u00e9s comme une cause de manque d&#039;hygi\u00e8ne\u00a0: ils sont caus\u00e9s par un petit parasite, le pou, qui vit exclusivement sur la t\u00eate des humains et se nourrit de leur sang. Les lentes (\u0153ufs), g\u00e9n\u00e9ralement pondues derri\u00e8re les oreilles et sur la nuque, adh\u00e8rent aux cheveux gr\u00e2ce \u00e0 une substance collante. Derbe recommande l&#039;huile anti-poux comme rem\u00e8de.","breadcrumb":{"@id":"https:\/\/derbe.it\/prodotto\/olio-di-pid\/#breadcrumb"},"inLanguage":"fr-FR","potentialAction":[{"@type":"ReadAction","target":["https:\/\/derbe.it\/prodotto\/olio-di-pid\/"]}]},{"@type":"ImageObject","inLanguage":"fr-FR","@id":"https:\/\/derbe.it\/prodotto\/olio-di-pid\/#primaryimage","url":"https:\/\/derbe.it\/wp-content\/uploads\/2025\/05\/olio-di-pid-azione-d-urto-scatola-pettine-prodotto-derbe.jpg","contentUrl":"https:\/\/derbe.it\/wp-content\/uploads\/2025\/05\/olio-di-pid-azione-d-urto-scatola-pettine-prodotto-derbe.jpg","width":1600,"height":2000,"caption":"Olio di pid - trattamento pediculosi - Derbe"},{"@type":"BreadcrumbList","@id":"https:\/\/derbe.it\/prodotto\/olio-di-pid\/#breadcrumb","itemListElement":[{"@type":"ListItem","position":1,"name":"Home","item":"https:\/\/derbe.it\/"},{"@type":"ListItem","position":2,"name":"Shop","item":"https:\/\/derbe.it\/en\/shop\/"},{"@type":"ListItem","position":3,"name":"Senza categoria","item":"https:\/\/derbe.it\/categoria-prodotto\/senza-categoria\/"},{"@type":"ListItem","position":4,"name":"Olio di PID"}]},{"@type":"WebSite","@id":"https:\/\/derbe.it\/#website","url":"https:\/\/derbe.it\/","name":"Derb\u00e9","description":"Depuis plus de 50 ans - Fabriqu\u00e9 en Italie - des produits pour les cheveux et le corps \u00e0 base d&#039;extraits de plantes et de formules durables","publisher":{"@id":"https:\/\/derbe.it\/#organization"},"potentialAction":[{"@type":"SearchAction","target":{"@type":"EntryPoint","urlTemplate":"https:\/\/derbe.it\/?s={search_term_string}"},"query-input":{"@type":"PropertyValueSpecification","valueRequired":true,"valueName":"search_term_string"}}],"inLanguage":"fr-FR"},{"@type":"Organization","@id":"https:\/\/derbe.it\/#organization","name":"Derb\u00e9","url":"https:\/\/derbe.it\/","logo":{"@type":"ImageObject","inLanguage":"fr-FR","@id":"https:\/\/derbe.it\/#\/schema\/logo\/image\/","url":"https:\/\/derbe.it\/wp-content\/uploads\/2025\/06\/logo_derbe_firenze.png","contentUrl":"https:\/\/derbe.it\/wp-content\/uploads\/2025\/06\/logo_derbe_firenze.png","width":1200,"height":497,"caption":"Derbe"},"image":{"@id":"https:\/\/derbe.it\/#\/schema\/logo\/image\/"},"sameAs":["https:\/\/www.facebook.com\/evoderbebio","https:\/\/www.instagram.com\/derbe.official\/"],"email":"info@derbe.it","telephone":"+39 055 42 11 799","legalName":"Derbe S.r.l. a socio unico","vatID":"07272610481"}]}},"_links":{"self":[{"href":"https:\/\/derbe.it\/fr\/wp-json\/wp\/v2\/product\/415","targetHints":{"allow":["GET"]}}],"collection":[{"href":"https:\/\/derbe.it\/fr\/wp-json\/wp\/v2\/product"}],"about":[{"href":"https:\/\/derbe.it\/fr\/wp-json\/wp\/v2\/types\/product"}],"wp:featuredmedia":[{"embeddable":true,"href":"https:\/\/derbe.it\/fr\/wp-json\/wp\/v2\/media\/416"}],"wp:attachment":[{"href":"https:\/\/derbe.it\/fr\/wp-json\/wp\/v2\/media?parent=415"}],"wp:term":[{"taxonomy":"caratteristica","embeddable":true,"href":"https:\/\/derbe.it\/fr\/wp-json\/wp\/v2\/caratteristica?post=415"},{"taxonomy":"collezione","embeddable":true,"href":"https:\/\/derbe.it\/fr\/wp-json\/wp\/v2\/collezione?post=415"},{"taxonomy":"formato","embeddable":true,"href":"https:\/\/derbe.it\/fr\/wp-json\/wp\/v2\/formato?post=415"},{"taxonomy":"funzione","embeddable":true,"href":"https:\/\/derbe.it\/fr\/wp-json\/wp\/v2\/funzione?post=415"},{"taxonomy":"utilizzo","embeddable":true,"href":"https:\/\/derbe.it\/fr\/wp-json\/wp\/v2\/utilizzo?post=415"},{"taxonomy":"ingrediente-principale","embeddable":true,"href":"https:\/\/derbe.it\/fr\/wp-json\/wp\/v2\/ingrediente-principale?post=415"},{"taxonomy":"product_brand","embeddable":true,"href":"https:\/\/derbe.it\/fr\/wp-json\/wp\/v2\/product_brand?post=415"},{"taxonomy":"product_cat","embeddable":true,"href":"https:\/\/derbe.it\/fr\/wp-json\/wp\/v2\/product_cat?post=415"},{"taxonomy":"product_tag","embeddable":true,"href":"https:\/\/derbe.it\/fr\/wp-json\/wp\/v2\/product_tag?post=415"}],"curies":[{"name":"wp","href":"https:\/\/api.w.org\/{rel}","templated":true}]}}