{"id":451,"date":"2018-09-26T09:21:13","date_gmt":"2018-09-26T07:21:13","guid":{"rendered":"https:\/\/derbe.it\/prodotto\/crema-corpo-fiori-bianchi-e-foglie-verdi\/"},"modified":"2025-09-03T18:02:00","modified_gmt":"2025-09-03T16:02:00","slug":"creme-pour-le-corps-aux-fleurs-blanches-et-aux-feuilles-vertes","status":"publish","type":"product","link":"https:\/\/derbe.it\/fr\/produit\/creme-pour-le-corps-aux-fleurs-blanches-et-aux-feuilles-vertes\/","title":{"rendered":"Cr\u00e8me pour le corps Fleurs blanches et feuilles vertes"},"content":{"rendered":"<p>Cette cr\u00e8me douce, \u00e0 la formule moderne et s\u00fbre, a \u00e9t\u00e9 \u00e9labor\u00e9e selon une tradition ancestrale \u00e0 base de plantes. Gr\u00e2ce aux extraits de lierre et d&#039;aub\u00e9pine, elle poss\u00e8de des propri\u00e9t\u00e9s tonifiantes, hydratantes et protectrices. Elle contient des \u00e9mollients doux et eudermiques qui laissent la peau douce et agr\u00e9ablement hydrat\u00e9e.<\/p>","protected":false},"excerpt":{"rendered":"<p>La crema corpo Fiori Bianchi e Foglie Verdi, \u00a0grazie agli estratti di Edera e Biancospino possiede propriet\u00e0 tonificanti, idratanti e protettive. Contiene emollienti delicati ed eudermici che rendono la pelle morbida e piacevolmente idratata. [&#8230;]<\/p>\n<p><a class=\"btn btn-secondary understrap-read-more-link\" href=\"https:\/\/derbe.it\/fr\/produit\/creme-pour-le-corps-aux-fleurs-blanches-et-aux-feuilles-vertes\/\">En savoir plus\u2026<span class=\"screen-reader-text\"> from Crema Corpo Fiori Bianchi e Foglie Verdi<\/span><\/a><\/p>","protected":false},"featured_media":452,"template":"","meta":{"_acf_changed":false},"caratteristica":[],"collezione":[128,75],"formato":[],"funzione":[],"utilizzo":[],"ingrediente-principale":[],"product_brand":[],"product_cat":[17,106],"product_tag":[],"class_list":{"0":"post-451","1":"product","2":"type-product","3":"status-publish","4":"has-post-thumbnail","6":"collezione-fiori-bianchi-e-foglie-verdi","7":"collezione-speziali-fiorentini","8":"product_cat-creme-corpo","9":"product_cat-gel-e-creme-corpo","11":"first","12":"instock","13":"purchasable","14":"product-type-simple"},"acf":[],"yoast_head":"<!-- This site is optimized with the Yoast SEO Premium plugin v26.1 (Yoast SEO v26.8) - https:\/\/yoast.com\/product\/yoast-seo-premium-wordpress\/ -->\n<title>Crema Corpo Fiori Bianchi e Foglie Verdi - Derbe - cosmetici naturali<\/title>\n<meta name=\"description\" content=\"La crema corpo Fiori Bianchi e Foglie Verdi, \u00a0grazie agli estratti di Edera e Biancospino possiede propriet\u00e0 tonificanti, idratanti e protettive. Contiene emollienti delicati ed eudermici che rendono la pelle morbida e piacevolmente idratata.\" \/>\n<meta name=\"robots\" content=\"index, follow, max-snippet:-1, max-image-preview:large, max-video-preview:-1\" \/>\n<link rel=\"canonical\" href=\"https:\/\/derbe.it\/fr\/produit\/creme-pour-le-corps-aux-fleurs-blanches-et-aux-feuilles-vertes\/\" \/>\n<meta property=\"og:locale\" content=\"fr_FR\" \/>\n<meta property=\"og:type\" content=\"article\" \/>\n<meta property=\"og:title\" content=\"Crema Corpo Fiori Bianchi e Foglie Verdi\" \/>\n<meta property=\"og:description\" content=\"La crema corpo Fiori Bianchi e Foglie Verdi, \u00a0grazie agli estratti di Edera e Biancospino possiede propriet\u00e0 tonificanti, idratanti e protettive. Contiene emollienti delicati ed eudermici che rendono la pelle morbida e piacevolmente idratata.\" \/>\n<meta property=\"og:url\" content=\"https:\/\/derbe.it\/fr\/produit\/creme-pour-le-corps-aux-fleurs-blanches-et-aux-feuilles-vertes\/\" \/>\n<meta property=\"og:site_name\" content=\"Derbe - cosmetici naturali\" \/>\n<meta property=\"article:publisher\" content=\"https:\/\/www.facebook.com\/evoderbebio\" \/>\n<meta property=\"article:modified_time\" content=\"2025-09-03T16:02:00+00:00\" \/>\n<meta property=\"og:image\" content=\"https:\/\/derbe.it\/wp-content\/uploads\/2025\/05\/crema-fluida-corpo-fiori-bianchi-foglie-verdi-estratti-edera-biancospino-speziali-fiorentini-derbe.jpg\" \/>\n\t<meta property=\"og:image:width\" content=\"1600\" \/>\n\t<meta property=\"og:image:height\" content=\"2000\" \/>\n\t<meta property=\"og:image:type\" content=\"image\/jpeg\" \/>\n<meta name=\"twitter:card\" content=\"summary_large_image\" \/>\n<script type=\"application\/ld+json\" class=\"yoast-schema-graph\">{\"@context\":\"https:\/\/schema.org\",\"@graph\":[{\"@type\":\"WebPage\",\"@id\":\"https:\/\/derbe.it\/prodotto\/crema-corpo-fiori-bianchi-e-foglie-verdi\/\",\"url\":\"https:\/\/derbe.it\/prodotto\/crema-corpo-fiori-bianchi-e-foglie-verdi\/\",\"name\":\"Crema Corpo Fiori Bianchi e Foglie Verdi - Derbe - cosmetici naturali\",\"isPartOf\":{\"@id\":\"https:\/\/derbe.it\/#website\"},\"primaryImageOfPage\":{\"@id\":\"https:\/\/derbe.it\/prodotto\/crema-corpo-fiori-bianchi-e-foglie-verdi\/#primaryimage\"},\"image\":{\"@id\":\"https:\/\/derbe.it\/prodotto\/crema-corpo-fiori-bianchi-e-foglie-verdi\/#primaryimage\"},\"thumbnailUrl\":\"https:\/\/derbe.it\/wp-content\/uploads\/2025\/05\/crema-fluida-corpo-fiori-bianchi-foglie-verdi-estratti-edera-biancospino-speziali-fiorentini-derbe.jpg\",\"datePublished\":\"2018-09-26T07:21:13+00:00\",\"dateModified\":\"2025-09-03T16:02:00+00:00\",\"description\":\"La crema corpo Fiori Bianchi e Foglie Verdi, \u00a0grazie agli estratti di Edera e Biancospino possiede propriet\u00e0 tonificanti, idratanti e protettive. Contiene emollienti delicati ed eudermici che rendono la pelle morbida e piacevolmente idratata.\",\"breadcrumb\":{\"@id\":\"https:\/\/derbe.it\/prodotto\/crema-corpo-fiori-bianchi-e-foglie-verdi\/#breadcrumb\"},\"inLanguage\":\"fr-FR\",\"potentialAction\":[{\"@type\":\"ReadAction\",\"target\":[\"https:\/\/derbe.it\/prodotto\/crema-corpo-fiori-bianchi-e-foglie-verdi\/\"]}]},{\"@type\":\"ImageObject\",\"inLanguage\":\"fr-FR\",\"@id\":\"https:\/\/derbe.it\/prodotto\/crema-corpo-fiori-bianchi-e-foglie-verdi\/#primaryimage\",\"url\":\"https:\/\/derbe.it\/wp-content\/uploads\/2025\/05\/crema-fluida-corpo-fiori-bianchi-foglie-verdi-estratti-edera-biancospino-speziali-fiorentini-derbe.jpg\",\"contentUrl\":\"https:\/\/derbe.it\/wp-content\/uploads\/2025\/05\/crema-fluida-corpo-fiori-bianchi-foglie-verdi-estratti-edera-biancospino-speziali-fiorentini-derbe.jpg\",\"width\":1600,\"height\":2000,\"caption\":\"Crema fluida per il corpo con edera e biancospino - Speziali Fiorentini - Derbe\"},{\"@type\":\"BreadcrumbList\",\"@id\":\"https:\/\/derbe.it\/prodotto\/crema-corpo-fiori-bianchi-e-foglie-verdi\/#breadcrumb\",\"itemListElement\":[{\"@type\":\"ListItem\",\"position\":1,\"name\":\"Home\",\"item\":\"https:\/\/derbe.it\/\"},{\"@type\":\"ListItem\",\"position\":2,\"name\":\"Shop\",\"item\":\"https:\/\/derbe.it\/en\/shop\/\"},{\"@type\":\"ListItem\",\"position\":3,\"name\":\"Creme corpo\",\"item\":\"https:\/\/derbe.it\/categoria-prodotto\/creme-corpo\/\"},{\"@type\":\"ListItem\",\"position\":4,\"name\":\"Crema Corpo Fiori Bianchi e Foglie Verdi\"}]},{\"@type\":\"WebSite\",\"@id\":\"https:\/\/derbe.it\/#website\",\"url\":\"https:\/\/derbe.it\/\",\"name\":\"Derbe\",\"description\":\"Da oltre 50 anni - Made in italy - prodotti per capelli e corpo con estratti vegetali e formule sostenibili\",\"publisher\":{\"@id\":\"https:\/\/derbe.it\/#organization\"},\"potentialAction\":[{\"@type\":\"SearchAction\",\"target\":{\"@type\":\"EntryPoint\",\"urlTemplate\":\"https:\/\/derbe.it\/?s={search_term_string}\"},\"query-input\":{\"@type\":\"PropertyValueSpecification\",\"valueRequired\":true,\"valueName\":\"search_term_string\"}}],\"inLanguage\":\"fr-FR\"},{\"@type\":\"Organization\",\"@id\":\"https:\/\/derbe.it\/#organization\",\"name\":\"Derbe\",\"url\":\"https:\/\/derbe.it\/\",\"logo\":{\"@type\":\"ImageObject\",\"inLanguage\":\"fr-FR\",\"@id\":\"https:\/\/derbe.it\/#\/schema\/logo\/image\/\",\"url\":\"https:\/\/derbe.it\/wp-content\/uploads\/2025\/06\/logo_derbe_firenze.png\",\"contentUrl\":\"https:\/\/derbe.it\/wp-content\/uploads\/2025\/06\/logo_derbe_firenze.png\",\"width\":1200,\"height\":497,\"caption\":\"Derbe\"},\"image\":{\"@id\":\"https:\/\/derbe.it\/#\/schema\/logo\/image\/\"},\"sameAs\":[\"https:\/\/www.facebook.com\/evoderbebio\",\"https:\/\/www.instagram.com\/derbe.official\/\"],\"email\":\"info@derbe.it\",\"telephone\":\"+39 055 42 11 799\",\"legalName\":\"Derbe S.r.l. a socio unico\",\"vatID\":\"07272610481\"}]}<\/script>\n<!-- \/ Yoast SEO Premium plugin. -->","yoast_head_json":{"title":"Cr\u00e8me pour le corps Fleurs blanches et feuilles vertes - Derbe - cosm\u00e9tiques naturels","description":"Gr\u00e2ce aux extraits de lierre et d&#039;aub\u00e9pine, la cr\u00e8me pour le corps Fleurs Blanches et Feuilles Vertes poss\u00e8de des propri\u00e9t\u00e9s tonifiantes, hydratantes et protectrices. Elle contient des \u00e9mollients d\u00e9licats et eudermiques qui laissent la peau douce et agr\u00e9ablement hydrat\u00e9e.","robots":{"index":"index","follow":"follow","max-snippet":"max-snippet:-1","max-image-preview":"max-image-preview:large","max-video-preview":"max-video-preview:-1"},"canonical":"https:\/\/derbe.it\/fr\/produit\/creme-pour-le-corps-aux-fleurs-blanches-et-aux-feuilles-vertes\/","og_locale":"fr_FR","og_type":"article","og_title":"Crema Corpo Fiori Bianchi e Foglie Verdi","og_description":"La crema corpo Fiori Bianchi e Foglie Verdi, \u00a0grazie agli estratti di Edera e Biancospino possiede propriet\u00e0 tonificanti, idratanti e protettive. Contiene emollienti delicati ed eudermici che rendono la pelle morbida e piacevolmente idratata.","og_url":"https:\/\/derbe.it\/fr\/produit\/creme-pour-le-corps-aux-fleurs-blanches-et-aux-feuilles-vertes\/","og_site_name":"Derbe - cosmetici naturali","article_publisher":"https:\/\/www.facebook.com\/evoderbebio","article_modified_time":"2025-09-03T16:02:00+00:00","og_image":[{"width":1600,"height":2000,"url":"https:\/\/derbe.it\/wp-content\/uploads\/2025\/05\/crema-fluida-corpo-fiori-bianchi-foglie-verdi-estratti-edera-biancospino-speziali-fiorentini-derbe.jpg","type":"image\/jpeg"}],"twitter_card":"summary_large_image","schema":{"@context":"https:\/\/schema.org","@graph":[{"@type":"WebPage","@id":"https:\/\/derbe.it\/prodotto\/crema-corpo-fiori-bianchi-e-foglie-verdi\/","url":"https:\/\/derbe.it\/prodotto\/crema-corpo-fiori-bianchi-e-foglie-verdi\/","name":"Cr\u00e8me pour le corps Fleurs blanches et feuilles vertes - Derbe - cosm\u00e9tiques naturels","isPartOf":{"@id":"https:\/\/derbe.it\/#website"},"primaryImageOfPage":{"@id":"https:\/\/derbe.it\/prodotto\/crema-corpo-fiori-bianchi-e-foglie-verdi\/#primaryimage"},"image":{"@id":"https:\/\/derbe.it\/prodotto\/crema-corpo-fiori-bianchi-e-foglie-verdi\/#primaryimage"},"thumbnailUrl":"https:\/\/derbe.it\/wp-content\/uploads\/2025\/05\/crema-fluida-corpo-fiori-bianchi-foglie-verdi-estratti-edera-biancospino-speziali-fiorentini-derbe.jpg","datePublished":"2018-09-26T07:21:13+00:00","dateModified":"2025-09-03T16:02:00+00:00","description":"Gr\u00e2ce aux extraits de lierre et d&#039;aub\u00e9pine, la cr\u00e8me pour le corps Fleurs Blanches et Feuilles Vertes poss\u00e8de des propri\u00e9t\u00e9s tonifiantes, hydratantes et protectrices. Elle contient des \u00e9mollients d\u00e9licats et eudermiques qui laissent la peau douce et agr\u00e9ablement hydrat\u00e9e.","breadcrumb":{"@id":"https:\/\/derbe.it\/prodotto\/crema-corpo-fiori-bianchi-e-foglie-verdi\/#breadcrumb"},"inLanguage":"fr-FR","potentialAction":[{"@type":"ReadAction","target":["https:\/\/derbe.it\/prodotto\/crema-corpo-fiori-bianchi-e-foglie-verdi\/"]}]},{"@type":"ImageObject","inLanguage":"fr-FR","@id":"https:\/\/derbe.it\/prodotto\/crema-corpo-fiori-bianchi-e-foglie-verdi\/#primaryimage","url":"https:\/\/derbe.it\/wp-content\/uploads\/2025\/05\/crema-fluida-corpo-fiori-bianchi-foglie-verdi-estratti-edera-biancospino-speziali-fiorentini-derbe.jpg","contentUrl":"https:\/\/derbe.it\/wp-content\/uploads\/2025\/05\/crema-fluida-corpo-fiori-bianchi-foglie-verdi-estratti-edera-biancospino-speziali-fiorentini-derbe.jpg","width":1600,"height":2000,"caption":"Crema fluida per il corpo con edera e biancospino - Speziali Fiorentini - Derbe"},{"@type":"BreadcrumbList","@id":"https:\/\/derbe.it\/prodotto\/crema-corpo-fiori-bianchi-e-foglie-verdi\/#breadcrumb","itemListElement":[{"@type":"ListItem","position":1,"name":"Home","item":"https:\/\/derbe.it\/"},{"@type":"ListItem","position":2,"name":"Shop","item":"https:\/\/derbe.it\/en\/shop\/"},{"@type":"ListItem","position":3,"name":"Creme corpo","item":"https:\/\/derbe.it\/categoria-prodotto\/creme-corpo\/"},{"@type":"ListItem","position":4,"name":"Crema Corpo Fiori Bianchi e Foglie Verdi"}]},{"@type":"WebSite","@id":"https:\/\/derbe.it\/#website","url":"https:\/\/derbe.it\/","name":"Derb\u00e9","description":"Depuis plus de 50 ans - Fabriqu\u00e9 en Italie - des produits pour les cheveux et le corps \u00e0 base d&#039;extraits de plantes et de formules durables","publisher":{"@id":"https:\/\/derbe.it\/#organization"},"potentialAction":[{"@type":"SearchAction","target":{"@type":"EntryPoint","urlTemplate":"https:\/\/derbe.it\/?s={search_term_string}"},"query-input":{"@type":"PropertyValueSpecification","valueRequired":true,"valueName":"search_term_string"}}],"inLanguage":"fr-FR"},{"@type":"Organization","@id":"https:\/\/derbe.it\/#organization","name":"Derb\u00e9","url":"https:\/\/derbe.it\/","logo":{"@type":"ImageObject","inLanguage":"fr-FR","@id":"https:\/\/derbe.it\/#\/schema\/logo\/image\/","url":"https:\/\/derbe.it\/wp-content\/uploads\/2025\/06\/logo_derbe_firenze.png","contentUrl":"https:\/\/derbe.it\/wp-content\/uploads\/2025\/06\/logo_derbe_firenze.png","width":1200,"height":497,"caption":"Derbe"},"image":{"@id":"https:\/\/derbe.it\/#\/schema\/logo\/image\/"},"sameAs":["https:\/\/www.facebook.com\/evoderbebio","https:\/\/www.instagram.com\/derbe.official\/"],"email":"info@derbe.it","telephone":"+39 055 42 11 799","legalName":"Derbe S.r.l. a socio unico","vatID":"07272610481"}]}},"_links":{"self":[{"href":"https:\/\/derbe.it\/fr\/wp-json\/wp\/v2\/product\/451","targetHints":{"allow":["GET"]}}],"collection":[{"href":"https:\/\/derbe.it\/fr\/wp-json\/wp\/v2\/product"}],"about":[{"href":"https:\/\/derbe.it\/fr\/wp-json\/wp\/v2\/types\/product"}],"wp:featuredmedia":[{"embeddable":true,"href":"https:\/\/derbe.it\/fr\/wp-json\/wp\/v2\/media\/452"}],"wp:attachment":[{"href":"https:\/\/derbe.it\/fr\/wp-json\/wp\/v2\/media?parent=451"}],"wp:term":[{"taxonomy":"caratteristica","embeddable":true,"href":"https:\/\/derbe.it\/fr\/wp-json\/wp\/v2\/caratteristica?post=451"},{"taxonomy":"collezione","embeddable":true,"href":"https:\/\/derbe.it\/fr\/wp-json\/wp\/v2\/collezione?post=451"},{"taxonomy":"formato","embeddable":true,"href":"https:\/\/derbe.it\/fr\/wp-json\/wp\/v2\/formato?post=451"},{"taxonomy":"funzione","embeddable":true,"href":"https:\/\/derbe.it\/fr\/wp-json\/wp\/v2\/funzione?post=451"},{"taxonomy":"utilizzo","embeddable":true,"href":"https:\/\/derbe.it\/fr\/wp-json\/wp\/v2\/utilizzo?post=451"},{"taxonomy":"ingrediente-principale","embeddable":true,"href":"https:\/\/derbe.it\/fr\/wp-json\/wp\/v2\/ingrediente-principale?post=451"},{"taxonomy":"product_brand","embeddable":true,"href":"https:\/\/derbe.it\/fr\/wp-json\/wp\/v2\/product_brand?post=451"},{"taxonomy":"product_cat","embeddable":true,"href":"https:\/\/derbe.it\/fr\/wp-json\/wp\/v2\/product_cat?post=451"},{"taxonomy":"product_tag","embeddable":true,"href":"https:\/\/derbe.it\/fr\/wp-json\/wp\/v2\/product_tag?post=451"}],"curies":[{"name":"wp","href":"https:\/\/api.w.org\/{rel}","templated":true}]}}