{"id":533,"date":"2018-09-26T09:24:33","date_gmt":"2018-09-26T07:24:33","guid":{"rendered":"https:\/\/derbe.it\/prodotto\/profumo-silenzio-verde\/"},"modified":"2025-10-22T19:41:41","modified_gmt":"2025-10-22T17:41:41","slug":"parfum-de-silence-vert","status":"publish","type":"product","link":"https:\/\/derbe.it\/fr\/produit\/parfum-de-silence-vert\/","title":{"rendered":"Parfum Green Silence"},"content":{"rendered":"<p>FORMAT:\u00a0<strong>50 ml<\/strong><\/p>\n<p>Laissez-vous transporter par l&#039;essence \u00e9vocatrice du parfum \u00ab Silenzio Verde \u00bb, une fragrance qui refl\u00e8te votre authenticit\u00e9 et votre lien avec la nature. Le m\u00e9lange harmonieux de chanvre et de myrte lib\u00e8re des notes fra\u00eeches et enveloppantes, parfaites pour celles et ceux qui recherchent une touche d&#039;\u00e9l\u00e9gance naturelle.<\/p>","protected":false},"excerpt":{"rendered":"<p>Lasciati trasportare dall\u2019essenza evocativa del Profumo \u201cSilenzio Verde\u201d, una fragranza che riflette il tuo spirito autentico e il tuo legame con la natura. L\u2019incontro armonioso tra canapa e mirto sprigiona note fresche e avvolgenti, perfette per chi cerca un tocco di eleganza naturale. [&#8230;]<\/p>\n<p><a class=\"btn btn-secondary understrap-read-more-link\" href=\"https:\/\/derbe.it\/fr\/produit\/parfum-de-silence-vert\/\">En savoir plus\u2026<span class=\"screen-reader-text\"> from Profumo Silenzio Verde<\/span><\/a><\/p>","protected":false},"featured_media":534,"template":"","meta":{"_acf_changed":false},"caratteristica":[],"collezione":[120,75],"formato":[],"funzione":[],"utilizzo":[],"ingrediente-principale":[],"product_brand":[],"product_cat":[107],"product_tag":[],"class_list":{"0":"post-533","1":"product","2":"type-product","3":"status-publish","4":"has-post-thumbnail","6":"collezione-silenzio-verde","7":"collezione-speziali-fiorentini","8":"product_cat-profumo","10":"first","11":"instock","12":"purchasable","13":"product-type-simple"},"acf":[],"yoast_head":"<!-- This site is optimized with the Yoast SEO Premium plugin v26.1 (Yoast SEO v26.8) - https:\/\/yoast.com\/product\/yoast-seo-premium-wordpress\/ -->\n<title>Profumo Silenzio Verde - Derbe - cosmetici naturali<\/title>\n<meta name=\"description\" content=\"Lasciati trasportare dall\u2019essenza evocativa del Profumo \u201cSilenzio Verde\u201d, una fragranza che riflette il tuo spirito autentico e il tuo legame con la natura. L\u2019incontro armonioso tra canapa e mirto sprigiona note fresche e avvolgenti, perfette per chi cerca un tocco di eleganza naturale.\" \/>\n<meta name=\"robots\" content=\"index, follow, max-snippet:-1, max-image-preview:large, max-video-preview:-1\" \/>\n<link rel=\"canonical\" href=\"https:\/\/derbe.it\/fr\/produit\/parfum-de-silence-vert\/\" \/>\n<meta property=\"og:locale\" content=\"fr_FR\" \/>\n<meta property=\"og:type\" content=\"article\" \/>\n<meta property=\"og:title\" content=\"Profumo Silenzio Verde\" \/>\n<meta property=\"og:description\" content=\"Lasciati trasportare dall\u2019essenza evocativa del Profumo \u201cSilenzio Verde\u201d, una fragranza che riflette il tuo spirito autentico e il tuo legame con la natura. L\u2019incontro armonioso tra canapa e mirto sprigiona note fresche e avvolgenti, perfette per chi cerca un tocco di eleganza naturale.\" \/>\n<meta property=\"og:url\" content=\"https:\/\/derbe.it\/fr\/produit\/parfum-de-silence-vert\/\" \/>\n<meta property=\"og:site_name\" content=\"Derbe - cosmetici naturali\" \/>\n<meta property=\"article:publisher\" content=\"https:\/\/www.facebook.com\/evoderbebio\" \/>\n<meta property=\"article:modified_time\" content=\"2025-10-22T17:41:41+00:00\" \/>\n<meta property=\"og:image\" content=\"https:\/\/derbe.it\/wp-content\/uploads\/2025\/05\/profumo-silenzio-verde-speziali-fiorentini.jpg\" \/>\n\t<meta property=\"og:image:width\" content=\"1600\" \/>\n\t<meta property=\"og:image:height\" content=\"2000\" \/>\n\t<meta property=\"og:image:type\" content=\"image\/jpeg\" \/>\n<meta name=\"twitter:card\" content=\"summary_large_image\" \/>\n<meta name=\"twitter:label1\" content=\"Dur\u00e9e de lecture estim\u00e9e\" \/>\n\t<meta name=\"twitter:data1\" content=\"2 minutes\" \/>\n<script type=\"application\/ld+json\" class=\"yoast-schema-graph\">{\"@context\":\"https:\/\/schema.org\",\"@graph\":[{\"@type\":\"WebPage\",\"@id\":\"https:\/\/derbe.it\/prodotto\/profumo-silenzio-verde\/\",\"url\":\"https:\/\/derbe.it\/prodotto\/profumo-silenzio-verde\/\",\"name\":\"Profumo Silenzio Verde - Derbe - cosmetici naturali\",\"isPartOf\":{\"@id\":\"https:\/\/derbe.it\/#website\"},\"primaryImageOfPage\":{\"@id\":\"https:\/\/derbe.it\/prodotto\/profumo-silenzio-verde\/#primaryimage\"},\"image\":{\"@id\":\"https:\/\/derbe.it\/prodotto\/profumo-silenzio-verde\/#primaryimage\"},\"thumbnailUrl\":\"https:\/\/derbe.it\/wp-content\/uploads\/2025\/05\/profumo-silenzio-verde-speziali-fiorentini.jpg\",\"datePublished\":\"2018-09-26T07:24:33+00:00\",\"dateModified\":\"2025-10-22T17:41:41+00:00\",\"description\":\"Lasciati trasportare dall\u2019essenza evocativa del Profumo \u201cSilenzio Verde\u201d, una fragranza che riflette il tuo spirito autentico e il tuo legame con la natura. L\u2019incontro armonioso tra canapa e mirto sprigiona note fresche e avvolgenti, perfette per chi cerca un tocco di eleganza naturale.\",\"breadcrumb\":{\"@id\":\"https:\/\/derbe.it\/prodotto\/profumo-silenzio-verde\/#breadcrumb\"},\"inLanguage\":\"fr-FR\",\"potentialAction\":[{\"@type\":\"ReadAction\",\"target\":[\"https:\/\/derbe.it\/prodotto\/profumo-silenzio-verde\/\"]}]},{\"@type\":\"ImageObject\",\"inLanguage\":\"fr-FR\",\"@id\":\"https:\/\/derbe.it\/prodotto\/profumo-silenzio-verde\/#primaryimage\",\"url\":\"https:\/\/derbe.it\/wp-content\/uploads\/2025\/05\/profumo-silenzio-verde-speziali-fiorentini.jpg\",\"contentUrl\":\"https:\/\/derbe.it\/wp-content\/uploads\/2025\/05\/profumo-silenzio-verde-speziali-fiorentini.jpg\",\"width\":1600,\"height\":2000},{\"@type\":\"BreadcrumbList\",\"@id\":\"https:\/\/derbe.it\/prodotto\/profumo-silenzio-verde\/#breadcrumb\",\"itemListElement\":[{\"@type\":\"ListItem\",\"position\":1,\"name\":\"Home\",\"item\":\"https:\/\/derbe.it\/\"},{\"@type\":\"ListItem\",\"position\":2,\"name\":\"Shop\",\"item\":\"https:\/\/derbe.it\/en\/shop\/\"},{\"@type\":\"ListItem\",\"position\":3,\"name\":\"Profumo\",\"item\":\"https:\/\/derbe.it\/categoria-prodotto\/profumo\/\"},{\"@type\":\"ListItem\",\"position\":4,\"name\":\"Profumo Silenzio Verde\"}]},{\"@type\":\"WebSite\",\"@id\":\"https:\/\/derbe.it\/#website\",\"url\":\"https:\/\/derbe.it\/\",\"name\":\"Derbe\",\"description\":\"Da oltre 50 anni - Made in italy - prodotti per capelli e corpo con estratti vegetali e formule sostenibili\",\"publisher\":{\"@id\":\"https:\/\/derbe.it\/#organization\"},\"potentialAction\":[{\"@type\":\"SearchAction\",\"target\":{\"@type\":\"EntryPoint\",\"urlTemplate\":\"https:\/\/derbe.it\/?s={search_term_string}\"},\"query-input\":{\"@type\":\"PropertyValueSpecification\",\"valueRequired\":true,\"valueName\":\"search_term_string\"}}],\"inLanguage\":\"fr-FR\"},{\"@type\":\"Organization\",\"@id\":\"https:\/\/derbe.it\/#organization\",\"name\":\"Derbe\",\"url\":\"https:\/\/derbe.it\/\",\"logo\":{\"@type\":\"ImageObject\",\"inLanguage\":\"fr-FR\",\"@id\":\"https:\/\/derbe.it\/#\/schema\/logo\/image\/\",\"url\":\"https:\/\/derbe.it\/wp-content\/uploads\/2025\/06\/logo_derbe_firenze.png\",\"contentUrl\":\"https:\/\/derbe.it\/wp-content\/uploads\/2025\/06\/logo_derbe_firenze.png\",\"width\":1200,\"height\":497,\"caption\":\"Derbe\"},\"image\":{\"@id\":\"https:\/\/derbe.it\/#\/schema\/logo\/image\/\"},\"sameAs\":[\"https:\/\/www.facebook.com\/evoderbebio\",\"https:\/\/www.instagram.com\/derbe.official\/\"],\"email\":\"info@derbe.it\",\"telephone\":\"+39 055 42 11 799\",\"legalName\":\"Derbe S.r.l. a socio unico\",\"vatID\":\"07272610481\"}]}<\/script>\n<!-- \/ Yoast SEO Premium plugin. -->","yoast_head_json":{"title":"Parfum Silence Green - Derbe - cosm\u00e9tiques naturels","description":"Laissez-vous transporter par l&#039;essence \u00e9vocatrice du parfum \u00ab Silenzio Verde \u00bb, une fragrance qui refl\u00e8te votre authenticit\u00e9 et votre lien avec la nature. Le m\u00e9lange harmonieux de chanvre et de myrte lib\u00e8re des notes fra\u00eeches et enveloppantes, parfaites pour celles et ceux qui recherchent une touche d&#039;\u00e9l\u00e9gance naturelle.","robots":{"index":"index","follow":"follow","max-snippet":"max-snippet:-1","max-image-preview":"max-image-preview:large","max-video-preview":"max-video-preview:-1"},"canonical":"https:\/\/derbe.it\/fr\/produit\/parfum-de-silence-vert\/","og_locale":"fr_FR","og_type":"article","og_title":"Profumo Silenzio Verde","og_description":"Lasciati trasportare dall\u2019essenza evocativa del Profumo \u201cSilenzio Verde\u201d, una fragranza che riflette il tuo spirito autentico e il tuo legame con la natura. L\u2019incontro armonioso tra canapa e mirto sprigiona note fresche e avvolgenti, perfette per chi cerca un tocco di eleganza naturale.","og_url":"https:\/\/derbe.it\/fr\/produit\/parfum-de-silence-vert\/","og_site_name":"Derbe - cosmetici naturali","article_publisher":"https:\/\/www.facebook.com\/evoderbebio","article_modified_time":"2025-10-22T17:41:41+00:00","og_image":[{"width":1600,"height":2000,"url":"https:\/\/derbe.it\/wp-content\/uploads\/2025\/05\/profumo-silenzio-verde-speziali-fiorentini.jpg","type":"image\/jpeg"}],"twitter_card":"summary_large_image","twitter_misc":{"Dur\u00e9e de lecture estim\u00e9e":"2 minutes"},"schema":{"@context":"https:\/\/schema.org","@graph":[{"@type":"WebPage","@id":"https:\/\/derbe.it\/prodotto\/profumo-silenzio-verde\/","url":"https:\/\/derbe.it\/prodotto\/profumo-silenzio-verde\/","name":"Parfum Silence Green - Derbe - cosm\u00e9tiques naturels","isPartOf":{"@id":"https:\/\/derbe.it\/#website"},"primaryImageOfPage":{"@id":"https:\/\/derbe.it\/prodotto\/profumo-silenzio-verde\/#primaryimage"},"image":{"@id":"https:\/\/derbe.it\/prodotto\/profumo-silenzio-verde\/#primaryimage"},"thumbnailUrl":"https:\/\/derbe.it\/wp-content\/uploads\/2025\/05\/profumo-silenzio-verde-speziali-fiorentini.jpg","datePublished":"2018-09-26T07:24:33+00:00","dateModified":"2025-10-22T17:41:41+00:00","description":"Laissez-vous transporter par l&#039;essence \u00e9vocatrice du parfum \u00ab Silenzio Verde \u00bb, une fragrance qui refl\u00e8te votre authenticit\u00e9 et votre lien avec la nature. Le m\u00e9lange harmonieux de chanvre et de myrte lib\u00e8re des notes fra\u00eeches et enveloppantes, parfaites pour celles et ceux qui recherchent une touche d&#039;\u00e9l\u00e9gance naturelle.","breadcrumb":{"@id":"https:\/\/derbe.it\/prodotto\/profumo-silenzio-verde\/#breadcrumb"},"inLanguage":"fr-FR","potentialAction":[{"@type":"ReadAction","target":["https:\/\/derbe.it\/prodotto\/profumo-silenzio-verde\/"]}]},{"@type":"ImageObject","inLanguage":"fr-FR","@id":"https:\/\/derbe.it\/prodotto\/profumo-silenzio-verde\/#primaryimage","url":"https:\/\/derbe.it\/wp-content\/uploads\/2025\/05\/profumo-silenzio-verde-speziali-fiorentini.jpg","contentUrl":"https:\/\/derbe.it\/wp-content\/uploads\/2025\/05\/profumo-silenzio-verde-speziali-fiorentini.jpg","width":1600,"height":2000},{"@type":"BreadcrumbList","@id":"https:\/\/derbe.it\/prodotto\/profumo-silenzio-verde\/#breadcrumb","itemListElement":[{"@type":"ListItem","position":1,"name":"Home","item":"https:\/\/derbe.it\/"},{"@type":"ListItem","position":2,"name":"Shop","item":"https:\/\/derbe.it\/en\/shop\/"},{"@type":"ListItem","position":3,"name":"Profumo","item":"https:\/\/derbe.it\/categoria-prodotto\/profumo\/"},{"@type":"ListItem","position":4,"name":"Profumo Silenzio Verde"}]},{"@type":"WebSite","@id":"https:\/\/derbe.it\/#website","url":"https:\/\/derbe.it\/","name":"Derb\u00e9","description":"Depuis plus de 50 ans - Fabriqu\u00e9 en Italie - des produits pour les cheveux et le corps \u00e0 base d&#039;extraits de plantes et de formules durables","publisher":{"@id":"https:\/\/derbe.it\/#organization"},"potentialAction":[{"@type":"SearchAction","target":{"@type":"EntryPoint","urlTemplate":"https:\/\/derbe.it\/?s={search_term_string}"},"query-input":{"@type":"PropertyValueSpecification","valueRequired":true,"valueName":"search_term_string"}}],"inLanguage":"fr-FR"},{"@type":"Organization","@id":"https:\/\/derbe.it\/#organization","name":"Derb\u00e9","url":"https:\/\/derbe.it\/","logo":{"@type":"ImageObject","inLanguage":"fr-FR","@id":"https:\/\/derbe.it\/#\/schema\/logo\/image\/","url":"https:\/\/derbe.it\/wp-content\/uploads\/2025\/06\/logo_derbe_firenze.png","contentUrl":"https:\/\/derbe.it\/wp-content\/uploads\/2025\/06\/logo_derbe_firenze.png","width":1200,"height":497,"caption":"Derbe"},"image":{"@id":"https:\/\/derbe.it\/#\/schema\/logo\/image\/"},"sameAs":["https:\/\/www.facebook.com\/evoderbebio","https:\/\/www.instagram.com\/derbe.official\/"],"email":"info@derbe.it","telephone":"+39 055 42 11 799","legalName":"Derbe S.r.l. a socio unico","vatID":"07272610481"}]}},"_links":{"self":[{"href":"https:\/\/derbe.it\/fr\/wp-json\/wp\/v2\/product\/533","targetHints":{"allow":["GET"]}}],"collection":[{"href":"https:\/\/derbe.it\/fr\/wp-json\/wp\/v2\/product"}],"about":[{"href":"https:\/\/derbe.it\/fr\/wp-json\/wp\/v2\/types\/product"}],"wp:featuredmedia":[{"embeddable":true,"href":"https:\/\/derbe.it\/fr\/wp-json\/wp\/v2\/media\/534"}],"wp:attachment":[{"href":"https:\/\/derbe.it\/fr\/wp-json\/wp\/v2\/media?parent=533"}],"wp:term":[{"taxonomy":"caratteristica","embeddable":true,"href":"https:\/\/derbe.it\/fr\/wp-json\/wp\/v2\/caratteristica?post=533"},{"taxonomy":"collezione","embeddable":true,"href":"https:\/\/derbe.it\/fr\/wp-json\/wp\/v2\/collezione?post=533"},{"taxonomy":"formato","embeddable":true,"href":"https:\/\/derbe.it\/fr\/wp-json\/wp\/v2\/formato?post=533"},{"taxonomy":"funzione","embeddable":true,"href":"https:\/\/derbe.it\/fr\/wp-json\/wp\/v2\/funzione?post=533"},{"taxonomy":"utilizzo","embeddable":true,"href":"https:\/\/derbe.it\/fr\/wp-json\/wp\/v2\/utilizzo?post=533"},{"taxonomy":"ingrediente-principale","embeddable":true,"href":"https:\/\/derbe.it\/fr\/wp-json\/wp\/v2\/ingrediente-principale?post=533"},{"taxonomy":"product_brand","embeddable":true,"href":"https:\/\/derbe.it\/fr\/wp-json\/wp\/v2\/product_brand?post=533"},{"taxonomy":"product_cat","embeddable":true,"href":"https:\/\/derbe.it\/fr\/wp-json\/wp\/v2\/product_cat?post=533"},{"taxonomy":"product_tag","embeddable":true,"href":"https:\/\/derbe.it\/fr\/wp-json\/wp\/v2\/product_tag?post=533"}],"curies":[{"name":"wp","href":"https:\/\/api.w.org\/{rel}","templated":true}]}}