{"id":550,"date":"2018-09-26T10:15:50","date_gmt":"2018-09-26T08:15:50","guid":{"rendered":"https:\/\/derbe.it\/prodotto\/acqua-vivificante-rosa-e-mora\/"},"modified":"2025-09-03T17:33:22","modified_gmt":"2025-09-03T15:33:22","slug":"eau-vivifiante-a-la-rose-et-a-la-mure","status":"publish","type":"product","link":"https:\/\/derbe.it\/fr\/produit\/eau-vivifiante-a-la-rose-et-a-la-mure\/","title":{"rendered":"Eau vivifiante \u00e0 la rose et \u00e0 la m\u00fbre"},"content":{"rendered":"<p>Cette eau vivifiante au parfum de rose et de m\u00fbre est une alternative rafra\u00eechissante au lait corporel, surtout en \u00e9t\u00e9.<\/p>\n<p>Une eau vivifiante et hydratante \u00e0 vaporiser sur le corps apr\u00e8s le bain ou la douche, aux extraits de rose et de m\u00fbre aux propri\u00e9t\u00e9s adoucissantes, \u00e9mollientes, tonifiantes et purifiantes. Son parfum distinctif laisse une sensation de fra\u00eecheur incroyable.<\/p>","protected":false},"excerpt":{"rendered":"<p>Un&#8217;acqua vivificante, idratante, da vaporizzare sul corpo dopo il bagno o la doccia, con estratto di rosa e mora dalle propriet\u00e0 addolcenti, ammorbidenti, emollienti, tonificanti e dermopurificanti. Con il suo particolare profumo rende la pelle freschissima. [&#8230;]<\/p>\n<p><a class=\"btn btn-secondary understrap-read-more-link\" href=\"https:\/\/derbe.it\/fr\/produit\/eau-vivifiante-a-la-rose-et-a-la-mure\/\">En savoir plus\u2026<span class=\"screen-reader-text\"> from Acqua Vivificante Rosa e Mora<\/span><\/a><\/p>","protected":false},"featured_media":551,"template":"","meta":{"_acf_changed":false},"caratteristica":[],"collezione":[127,75],"formato":[],"funzione":[],"utilizzo":[],"ingrediente-principale":[],"product_brand":[],"product_cat":[107],"product_tag":[],"class_list":{"0":"post-550","1":"product","2":"type-product","3":"status-publish","4":"has-post-thumbnail","6":"collezione-rosa-e-mora","7":"collezione-speziali-fiorentini","8":"product_cat-profumo","10":"first","11":"instock","12":"purchasable","13":"product-type-simple"},"acf":[],"yoast_head":"<!-- This site is optimized with the Yoast SEO Premium plugin v26.1 (Yoast SEO v26.8) - https:\/\/yoast.com\/product\/yoast-seo-premium-wordpress\/ -->\n<title>Acqua Vivificante Rosa e Mora - Derbe - cosmetici naturali<\/title>\n<meta name=\"description\" content=\"Un&#039;acqua vivificante, idratante, da vaporizzare sul corpo dopo il bagno o la doccia, con estratto di rosa e mora dalle propriet\u00e0 addolcenti, ammorbidenti, emollienti, tonificanti e dermopurificanti. Con il suo particolare profumo rende la pelle freschissima.\" \/>\n<meta name=\"robots\" content=\"index, follow, max-snippet:-1, max-image-preview:large, max-video-preview:-1\" \/>\n<link rel=\"canonical\" href=\"https:\/\/derbe.it\/fr\/produit\/eau-vivifiante-a-la-rose-et-a-la-mure\/\" \/>\n<meta property=\"og:locale\" content=\"fr_FR\" \/>\n<meta property=\"og:type\" content=\"article\" \/>\n<meta property=\"og:title\" content=\"Acqua Vivificante Rosa e Mora\" \/>\n<meta property=\"og:description\" content=\"Un&#039;acqua vivificante, idratante, da vaporizzare sul corpo dopo il bagno o la doccia, con estratto di rosa e mora dalle propriet\u00e0 addolcenti, ammorbidenti, emollienti, tonificanti e dermopurificanti. Con il suo particolare profumo rende la pelle freschissima.\" \/>\n<meta property=\"og:url\" content=\"https:\/\/derbe.it\/fr\/produit\/eau-vivifiante-a-la-rose-et-a-la-mure\/\" \/>\n<meta property=\"og:site_name\" content=\"Derbe - cosmetici naturali\" \/>\n<meta property=\"article:publisher\" content=\"https:\/\/www.facebook.com\/evoderbebio\" \/>\n<meta property=\"article:modified_time\" content=\"2025-09-03T15:33:22+00:00\" \/>\n<meta property=\"og:image\" content=\"https:\/\/derbe.it\/wp-content\/uploads\/2025\/05\/acqua-vivificante-rosa-mora-speziali-fiorentini-derbe.jpg\" \/>\n\t<meta property=\"og:image:width\" content=\"1600\" \/>\n\t<meta property=\"og:image:height\" content=\"2000\" \/>\n\t<meta property=\"og:image:type\" content=\"image\/jpeg\" \/>\n<meta name=\"twitter:card\" content=\"summary_large_image\" \/>\n<script type=\"application\/ld+json\" class=\"yoast-schema-graph\">{\"@context\":\"https:\/\/schema.org\",\"@graph\":[{\"@type\":\"WebPage\",\"@id\":\"https:\/\/derbe.it\/prodotto\/acqua-vivificante-rosa-e-mora\/\",\"url\":\"https:\/\/derbe.it\/prodotto\/acqua-vivificante-rosa-e-mora\/\",\"name\":\"Acqua Vivificante Rosa e Mora - Derbe - cosmetici naturali\",\"isPartOf\":{\"@id\":\"https:\/\/derbe.it\/#website\"},\"primaryImageOfPage\":{\"@id\":\"https:\/\/derbe.it\/prodotto\/acqua-vivificante-rosa-e-mora\/#primaryimage\"},\"image\":{\"@id\":\"https:\/\/derbe.it\/prodotto\/acqua-vivificante-rosa-e-mora\/#primaryimage\"},\"thumbnailUrl\":\"https:\/\/derbe.it\/wp-content\/uploads\/2025\/05\/acqua-vivificante-rosa-mora-speziali-fiorentini-derbe.jpg\",\"datePublished\":\"2018-09-26T08:15:50+00:00\",\"dateModified\":\"2025-09-03T15:33:22+00:00\",\"description\":\"Un'acqua vivificante, idratante, da vaporizzare sul corpo dopo il bagno o la doccia, con estratto di rosa e mora dalle propriet\u00e0 addolcenti, ammorbidenti, emollienti, tonificanti e dermopurificanti. Con il suo particolare profumo rende la pelle freschissima.\",\"breadcrumb\":{\"@id\":\"https:\/\/derbe.it\/prodotto\/acqua-vivificante-rosa-e-mora\/#breadcrumb\"},\"inLanguage\":\"fr-FR\",\"potentialAction\":[{\"@type\":\"ReadAction\",\"target\":[\"https:\/\/derbe.it\/prodotto\/acqua-vivificante-rosa-e-mora\/\"]}]},{\"@type\":\"ImageObject\",\"inLanguage\":\"fr-FR\",\"@id\":\"https:\/\/derbe.it\/prodotto\/acqua-vivificante-rosa-e-mora\/#primaryimage\",\"url\":\"https:\/\/derbe.it\/wp-content\/uploads\/2025\/05\/acqua-vivificante-rosa-mora-speziali-fiorentini-derbe.jpg\",\"contentUrl\":\"https:\/\/derbe.it\/wp-content\/uploads\/2025\/05\/acqua-vivificante-rosa-mora-speziali-fiorentini-derbe.jpg\",\"width\":1600,\"height\":2000,\"caption\":\"Acqua Vivificante Rosa e Mora - Speziali Fiorentini - Derbe\"},{\"@type\":\"BreadcrumbList\",\"@id\":\"https:\/\/derbe.it\/prodotto\/acqua-vivificante-rosa-e-mora\/#breadcrumb\",\"itemListElement\":[{\"@type\":\"ListItem\",\"position\":1,\"name\":\"Home\",\"item\":\"https:\/\/derbe.it\/\"},{\"@type\":\"ListItem\",\"position\":2,\"name\":\"Shop\",\"item\":\"https:\/\/derbe.it\/en\/shop\/\"},{\"@type\":\"ListItem\",\"position\":3,\"name\":\"Profumo\",\"item\":\"https:\/\/derbe.it\/categoria-prodotto\/profumo\/\"},{\"@type\":\"ListItem\",\"position\":4,\"name\":\"Acqua Vivificante Rosa e Mora\"}]},{\"@type\":\"WebSite\",\"@id\":\"https:\/\/derbe.it\/#website\",\"url\":\"https:\/\/derbe.it\/\",\"name\":\"Derbe\",\"description\":\"Da oltre 50 anni - Made in italy - prodotti per capelli e corpo con estratti vegetali e formule sostenibili\",\"publisher\":{\"@id\":\"https:\/\/derbe.it\/#organization\"},\"potentialAction\":[{\"@type\":\"SearchAction\",\"target\":{\"@type\":\"EntryPoint\",\"urlTemplate\":\"https:\/\/derbe.it\/?s={search_term_string}\"},\"query-input\":{\"@type\":\"PropertyValueSpecification\",\"valueRequired\":true,\"valueName\":\"search_term_string\"}}],\"inLanguage\":\"fr-FR\"},{\"@type\":\"Organization\",\"@id\":\"https:\/\/derbe.it\/#organization\",\"name\":\"Derbe\",\"url\":\"https:\/\/derbe.it\/\",\"logo\":{\"@type\":\"ImageObject\",\"inLanguage\":\"fr-FR\",\"@id\":\"https:\/\/derbe.it\/#\/schema\/logo\/image\/\",\"url\":\"https:\/\/derbe.it\/wp-content\/uploads\/2025\/06\/logo_derbe_firenze.png\",\"contentUrl\":\"https:\/\/derbe.it\/wp-content\/uploads\/2025\/06\/logo_derbe_firenze.png\",\"width\":1200,\"height\":497,\"caption\":\"Derbe\"},\"image\":{\"@id\":\"https:\/\/derbe.it\/#\/schema\/logo\/image\/\"},\"sameAs\":[\"https:\/\/www.facebook.com\/evoderbebio\",\"https:\/\/www.instagram.com\/derbe.official\/\"],\"email\":\"info@derbe.it\",\"telephone\":\"+39 055 42 11 799\",\"legalName\":\"Derbe S.r.l. a socio unico\",\"vatID\":\"07272610481\"}]}<\/script>\n<!-- \/ Yoast SEO Premium plugin. -->","yoast_head_json":{"title":"Eau vivifiante \u00e0 la rose et \u00e0 la m\u00fbre - Derbe - cosm\u00e9tiques naturels","description":"Une eau vivifiante et hydratante \u00e0 vaporiser sur le corps apr\u00e8s le bain ou la douche, aux extraits de rose et de m\u00fbre aux propri\u00e9t\u00e9s adoucissantes, \u00e9mollientes, tonifiantes et purifiantes. Son parfum distinctif laisse une sensation de fra\u00eecheur incroyable.","robots":{"index":"index","follow":"follow","max-snippet":"max-snippet:-1","max-image-preview":"max-image-preview:large","max-video-preview":"max-video-preview:-1"},"canonical":"https:\/\/derbe.it\/fr\/produit\/eau-vivifiante-a-la-rose-et-a-la-mure\/","og_locale":"fr_FR","og_type":"article","og_title":"Acqua Vivificante Rosa e Mora","og_description":"Un'acqua vivificante, idratante, da vaporizzare sul corpo dopo il bagno o la doccia, con estratto di rosa e mora dalle propriet\u00e0 addolcenti, ammorbidenti, emollienti, tonificanti e dermopurificanti. Con il suo particolare profumo rende la pelle freschissima.","og_url":"https:\/\/derbe.it\/fr\/produit\/eau-vivifiante-a-la-rose-et-a-la-mure\/","og_site_name":"Derbe - cosmetici naturali","article_publisher":"https:\/\/www.facebook.com\/evoderbebio","article_modified_time":"2025-09-03T15:33:22+00:00","og_image":[{"width":1600,"height":2000,"url":"https:\/\/derbe.it\/wp-content\/uploads\/2025\/05\/acqua-vivificante-rosa-mora-speziali-fiorentini-derbe.jpg","type":"image\/jpeg"}],"twitter_card":"summary_large_image","schema":{"@context":"https:\/\/schema.org","@graph":[{"@type":"WebPage","@id":"https:\/\/derbe.it\/prodotto\/acqua-vivificante-rosa-e-mora\/","url":"https:\/\/derbe.it\/prodotto\/acqua-vivificante-rosa-e-mora\/","name":"Eau vivifiante \u00e0 la rose et \u00e0 la m\u00fbre - Derbe - cosm\u00e9tiques naturels","isPartOf":{"@id":"https:\/\/derbe.it\/#website"},"primaryImageOfPage":{"@id":"https:\/\/derbe.it\/prodotto\/acqua-vivificante-rosa-e-mora\/#primaryimage"},"image":{"@id":"https:\/\/derbe.it\/prodotto\/acqua-vivificante-rosa-e-mora\/#primaryimage"},"thumbnailUrl":"https:\/\/derbe.it\/wp-content\/uploads\/2025\/05\/acqua-vivificante-rosa-mora-speziali-fiorentini-derbe.jpg","datePublished":"2018-09-26T08:15:50+00:00","dateModified":"2025-09-03T15:33:22+00:00","description":"Une eau vivifiante et hydratante \u00e0 vaporiser sur le corps apr\u00e8s le bain ou la douche, aux extraits de rose et de m\u00fbre aux propri\u00e9t\u00e9s adoucissantes, \u00e9mollientes, tonifiantes et purifiantes. Son parfum distinctif laisse une sensation de fra\u00eecheur incroyable.","breadcrumb":{"@id":"https:\/\/derbe.it\/prodotto\/acqua-vivificante-rosa-e-mora\/#breadcrumb"},"inLanguage":"fr-FR","potentialAction":[{"@type":"ReadAction","target":["https:\/\/derbe.it\/prodotto\/acqua-vivificante-rosa-e-mora\/"]}]},{"@type":"ImageObject","inLanguage":"fr-FR","@id":"https:\/\/derbe.it\/prodotto\/acqua-vivificante-rosa-e-mora\/#primaryimage","url":"https:\/\/derbe.it\/wp-content\/uploads\/2025\/05\/acqua-vivificante-rosa-mora-speziali-fiorentini-derbe.jpg","contentUrl":"https:\/\/derbe.it\/wp-content\/uploads\/2025\/05\/acqua-vivificante-rosa-mora-speziali-fiorentini-derbe.jpg","width":1600,"height":2000,"caption":"Acqua Vivificante Rosa e Mora - Speziali Fiorentini - Derbe"},{"@type":"BreadcrumbList","@id":"https:\/\/derbe.it\/prodotto\/acqua-vivificante-rosa-e-mora\/#breadcrumb","itemListElement":[{"@type":"ListItem","position":1,"name":"Home","item":"https:\/\/derbe.it\/"},{"@type":"ListItem","position":2,"name":"Shop","item":"https:\/\/derbe.it\/en\/shop\/"},{"@type":"ListItem","position":3,"name":"Profumo","item":"https:\/\/derbe.it\/categoria-prodotto\/profumo\/"},{"@type":"ListItem","position":4,"name":"Acqua Vivificante Rosa e Mora"}]},{"@type":"WebSite","@id":"https:\/\/derbe.it\/#website","url":"https:\/\/derbe.it\/","name":"Derb\u00e9","description":"Depuis plus de 50 ans - Fabriqu\u00e9 en Italie - des produits pour les cheveux et le corps \u00e0 base d&#039;extraits de plantes et de formules durables","publisher":{"@id":"https:\/\/derbe.it\/#organization"},"potentialAction":[{"@type":"SearchAction","target":{"@type":"EntryPoint","urlTemplate":"https:\/\/derbe.it\/?s={search_term_string}"},"query-input":{"@type":"PropertyValueSpecification","valueRequired":true,"valueName":"search_term_string"}}],"inLanguage":"fr-FR"},{"@type":"Organization","@id":"https:\/\/derbe.it\/#organization","name":"Derb\u00e9","url":"https:\/\/derbe.it\/","logo":{"@type":"ImageObject","inLanguage":"fr-FR","@id":"https:\/\/derbe.it\/#\/schema\/logo\/image\/","url":"https:\/\/derbe.it\/wp-content\/uploads\/2025\/06\/logo_derbe_firenze.png","contentUrl":"https:\/\/derbe.it\/wp-content\/uploads\/2025\/06\/logo_derbe_firenze.png","width":1200,"height":497,"caption":"Derbe"},"image":{"@id":"https:\/\/derbe.it\/#\/schema\/logo\/image\/"},"sameAs":["https:\/\/www.facebook.com\/evoderbebio","https:\/\/www.instagram.com\/derbe.official\/"],"email":"info@derbe.it","telephone":"+39 055 42 11 799","legalName":"Derbe S.r.l. a socio unico","vatID":"07272610481"}]}},"_links":{"self":[{"href":"https:\/\/derbe.it\/fr\/wp-json\/wp\/v2\/product\/550","targetHints":{"allow":["GET"]}}],"collection":[{"href":"https:\/\/derbe.it\/fr\/wp-json\/wp\/v2\/product"}],"about":[{"href":"https:\/\/derbe.it\/fr\/wp-json\/wp\/v2\/types\/product"}],"wp:featuredmedia":[{"embeddable":true,"href":"https:\/\/derbe.it\/fr\/wp-json\/wp\/v2\/media\/551"}],"wp:attachment":[{"href":"https:\/\/derbe.it\/fr\/wp-json\/wp\/v2\/media?parent=550"}],"wp:term":[{"taxonomy":"caratteristica","embeddable":true,"href":"https:\/\/derbe.it\/fr\/wp-json\/wp\/v2\/caratteristica?post=550"},{"taxonomy":"collezione","embeddable":true,"href":"https:\/\/derbe.it\/fr\/wp-json\/wp\/v2\/collezione?post=550"},{"taxonomy":"formato","embeddable":true,"href":"https:\/\/derbe.it\/fr\/wp-json\/wp\/v2\/formato?post=550"},{"taxonomy":"funzione","embeddable":true,"href":"https:\/\/derbe.it\/fr\/wp-json\/wp\/v2\/funzione?post=550"},{"taxonomy":"utilizzo","embeddable":true,"href":"https:\/\/derbe.it\/fr\/wp-json\/wp\/v2\/utilizzo?post=550"},{"taxonomy":"ingrediente-principale","embeddable":true,"href":"https:\/\/derbe.it\/fr\/wp-json\/wp\/v2\/ingrediente-principale?post=550"},{"taxonomy":"product_brand","embeddable":true,"href":"https:\/\/derbe.it\/fr\/wp-json\/wp\/v2\/product_brand?post=550"},{"taxonomy":"product_cat","embeddable":true,"href":"https:\/\/derbe.it\/fr\/wp-json\/wp\/v2\/product_cat?post=550"},{"taxonomy":"product_tag","embeddable":true,"href":"https:\/\/derbe.it\/fr\/wp-json\/wp\/v2\/product_tag?post=550"}],"curies":[{"name":"wp","href":"https:\/\/api.w.org\/{rel}","templated":true}]}}