{"id":584,"date":"2018-09-26T09:23:38","date_gmt":"2018-09-26T07:23:38","guid":{"rendered":"https:\/\/derbe.it\/prodotto\/deodorante-papavero-e-fico\/"},"modified":"2025-10-20T11:35:22","modified_gmt":"2025-10-20T09:35:22","slug":"deodorant-coquelicot-et-figue","status":"publish","type":"product","link":"https:\/\/derbe.it\/fr\/produit\/deodorant-coquelicot-et-figue\/","title":{"rendered":"D\u00e9odorant Coquelicot et Figue"},"content":{"rendered":"<p>Pench\u00e9<span class=\"Apple-converted-space\">\u00a0 <\/span>au<span class=\"Apple-converted-space\">\u00a0 <\/span>pierres<span class=\"Apple-converted-space\">\u00a0 <\/span>gris<span class=\"Apple-converted-space\">\u00a0 <\/span>Et<span class=\"Apple-converted-space\">\u00a0 <\/span>dess\u00e9ch\u00e9<span class=\"Apple-converted-space\">\u00a0 <\/span>De<span class=\"Apple-converted-space\">\u00a0 <\/span>un ancien mur avait toujours abrit\u00e9 un arbre<span class=\"Apple-converted-space\">\u00a0 <\/span>figue<span class=\"Apple-converted-space\">\u00a0 <\/span>tordu<span class=\"Apple-converted-space\">\u00a0 <\/span>comme<span class=\"Apple-converted-space\">\u00a0 <\/span>un ancien<span class=\"Apple-converted-space\">\u00a0 <\/span>spirale<span class=\"Apple-converted-space\">\u00a0 <\/span>de fum\u00e9e. Il \u00e9tait vieux et personne n&#039;\u00e9tait venu go\u00fbter ses fruits depuis des ann\u00e9es. Elle \u00e9tait triste et songea\u00a0: \u00ab\u00a0Les jeunes ne viennent plus joyeusement sous mes branches chanter et cueillir les figues sucr\u00e9es. Tout a chang\u00e9\u00a0; ils pr\u00e9f\u00e8rent le bonheur \u00e9ph\u00e9m\u00e8re du coquelicot.\u00a0\u00bb<br \/>\nCe d\u00e9odorant doux offre une protection s\u00fbre et efficace contre la transpiration et les odeurs. Son application vous procure une sensation de fra\u00eecheur tout au long de la journ\u00e9e.<\/p>","protected":false},"excerpt":{"rendered":"<p>Questo delicato deodorante offre una protezione sicura ed efficace contro sudorazione e cattivi odori. La sua applicazione consente di mantenere la freschezza tutto il giorno. Si applica sulla pelle pulita e ben asciugata. [&#8230;]<\/p>\n<p><a class=\"btn btn-secondary understrap-read-more-link\" href=\"https:\/\/derbe.it\/fr\/produit\/deodorant-coquelicot-et-figue\/\">En savoir plus\u2026<span class=\"screen-reader-text\"> D\u00e9odorant Poppy and Fig<\/span><\/a><\/p>","protected":false},"featured_media":24896,"template":"","meta":{"_acf_changed":false},"caratteristica":[],"collezione":[125,75],"formato":[],"funzione":[],"utilizzo":[],"ingrediente-principale":[],"product_brand":[],"product_cat":[20],"product_tag":[],"class_list":{"0":"post-584","1":"product","2":"type-product","3":"status-publish","4":"has-post-thumbnail","6":"collezione-papavero-e-fico","7":"collezione-speziali-fiorentini","8":"product_cat-deodorante","10":"first","11":"instock","12":"purchasable","13":"product-type-simple"},"acf":[],"yoast_head":"<!-- This site is optimized with the Yoast SEO Premium plugin v26.1 (Yoast SEO v26.8) - https:\/\/yoast.com\/product\/yoast-seo-premium-wordpress\/ -->\n<title>Deodorante Papavero e Fico - Derbe - cosmetici naturali<\/title>\n<meta name=\"description\" content=\"Questo delicato deodorante offre una protezione sicura ed efficace contro sudorazione e cattivi odori. La sua applicazione consente di mantenere la freschezza tutto il giorno. Si applica sulla pelle pulita e ben asciugata.\" \/>\n<meta name=\"robots\" content=\"index, follow, max-snippet:-1, max-image-preview:large, max-video-preview:-1\" \/>\n<link rel=\"canonical\" href=\"https:\/\/derbe.it\/fr\/produit\/deodorant-coquelicot-et-figue\/\" \/>\n<meta property=\"og:locale\" content=\"fr_FR\" \/>\n<meta property=\"og:type\" content=\"article\" \/>\n<meta property=\"og:title\" content=\"Deodorante Papavero e Fico\" \/>\n<meta property=\"og:description\" content=\"Questo delicato deodorante offre una protezione sicura ed efficace contro sudorazione e cattivi odori. La sua applicazione consente di mantenere la freschezza tutto il giorno. Si applica sulla pelle pulita e ben asciugata.\" \/>\n<meta property=\"og:url\" content=\"https:\/\/derbe.it\/fr\/produit\/deodorant-coquelicot-et-figue\/\" \/>\n<meta property=\"og:site_name\" content=\"Derbe - cosmetici naturali\" \/>\n<meta property=\"article:publisher\" content=\"https:\/\/www.facebook.com\/evoderbebio\" \/>\n<meta property=\"article:modified_time\" content=\"2025-10-20T09:35:22+00:00\" \/>\n<meta property=\"og:image\" content=\"https:\/\/derbe.it\/wp-content\/uploads\/2018\/09\/dedorante-papavero-fico-derbe.jpg\" \/>\n\t<meta property=\"og:image:width\" content=\"1229\" \/>\n\t<meta property=\"og:image:height\" content=\"1536\" \/>\n\t<meta property=\"og:image:type\" content=\"image\/jpeg\" \/>\n<meta name=\"twitter:card\" content=\"summary_large_image\" \/>\n<meta name=\"twitter:label1\" content=\"Dur\u00e9e de lecture estim\u00e9e\" \/>\n\t<meta name=\"twitter:data1\" content=\"1 minute\" \/>\n<script type=\"application\/ld+json\" class=\"yoast-schema-graph\">{\"@context\":\"https:\/\/schema.org\",\"@graph\":[{\"@type\":\"WebPage\",\"@id\":\"https:\/\/derbe.it\/prodotto\/deodorante-papavero-e-fico\/\",\"url\":\"https:\/\/derbe.it\/prodotto\/deodorante-papavero-e-fico\/\",\"name\":\"Deodorante Papavero e Fico - Derbe - cosmetici naturali\",\"isPartOf\":{\"@id\":\"https:\/\/derbe.it\/#website\"},\"primaryImageOfPage\":{\"@id\":\"https:\/\/derbe.it\/prodotto\/deodorante-papavero-e-fico\/#primaryimage\"},\"image\":{\"@id\":\"https:\/\/derbe.it\/prodotto\/deodorante-papavero-e-fico\/#primaryimage\"},\"thumbnailUrl\":\"https:\/\/derbe.it\/wp-content\/uploads\/2018\/09\/dedorante-papavero-fico-derbe.jpg\",\"datePublished\":\"2018-09-26T07:23:38+00:00\",\"dateModified\":\"2025-10-20T09:35:22+00:00\",\"description\":\"Questo delicato deodorante offre una protezione sicura ed efficace contro sudorazione e cattivi odori. La sua applicazione consente di mantenere la freschezza tutto il giorno. Si applica sulla pelle pulita e ben asciugata.\",\"breadcrumb\":{\"@id\":\"https:\/\/derbe.it\/prodotto\/deodorante-papavero-e-fico\/#breadcrumb\"},\"inLanguage\":\"fr-FR\",\"potentialAction\":[{\"@type\":\"ReadAction\",\"target\":[\"https:\/\/derbe.it\/prodotto\/deodorante-papavero-e-fico\/\"]}]},{\"@type\":\"ImageObject\",\"inLanguage\":\"fr-FR\",\"@id\":\"https:\/\/derbe.it\/prodotto\/deodorante-papavero-e-fico\/#primaryimage\",\"url\":\"https:\/\/derbe.it\/wp-content\/uploads\/2018\/09\/dedorante-papavero-fico-derbe.jpg\",\"contentUrl\":\"https:\/\/derbe.it\/wp-content\/uploads\/2018\/09\/dedorante-papavero-fico-derbe.jpg\",\"width\":1229,\"height\":1536},{\"@type\":\"BreadcrumbList\",\"@id\":\"https:\/\/derbe.it\/prodotto\/deodorante-papavero-e-fico\/#breadcrumb\",\"itemListElement\":[{\"@type\":\"ListItem\",\"position\":1,\"name\":\"Home\",\"item\":\"https:\/\/derbe.it\/\"},{\"@type\":\"ListItem\",\"position\":2,\"name\":\"Shop\",\"item\":\"https:\/\/derbe.it\/en\/shop\/\"},{\"@type\":\"ListItem\",\"position\":3,\"name\":\"Deodorante\",\"item\":\"https:\/\/derbe.it\/categoria-prodotto\/deodorante\/\"},{\"@type\":\"ListItem\",\"position\":4,\"name\":\"Deodorante Papavero e Fico\"}]},{\"@type\":\"WebSite\",\"@id\":\"https:\/\/derbe.it\/#website\",\"url\":\"https:\/\/derbe.it\/\",\"name\":\"Derbe\",\"description\":\"Da oltre 50 anni - Made in italy - prodotti per capelli e corpo con estratti vegetali e formule sostenibili\",\"publisher\":{\"@id\":\"https:\/\/derbe.it\/#organization\"},\"potentialAction\":[{\"@type\":\"SearchAction\",\"target\":{\"@type\":\"EntryPoint\",\"urlTemplate\":\"https:\/\/derbe.it\/?s={search_term_string}\"},\"query-input\":{\"@type\":\"PropertyValueSpecification\",\"valueRequired\":true,\"valueName\":\"search_term_string\"}}],\"inLanguage\":\"fr-FR\"},{\"@type\":\"Organization\",\"@id\":\"https:\/\/derbe.it\/#organization\",\"name\":\"Derbe\",\"url\":\"https:\/\/derbe.it\/\",\"logo\":{\"@type\":\"ImageObject\",\"inLanguage\":\"fr-FR\",\"@id\":\"https:\/\/derbe.it\/#\/schema\/logo\/image\/\",\"url\":\"https:\/\/derbe.it\/wp-content\/uploads\/2025\/06\/logo_derbe_firenze.png\",\"contentUrl\":\"https:\/\/derbe.it\/wp-content\/uploads\/2025\/06\/logo_derbe_firenze.png\",\"width\":1200,\"height\":497,\"caption\":\"Derbe\"},\"image\":{\"@id\":\"https:\/\/derbe.it\/#\/schema\/logo\/image\/\"},\"sameAs\":[\"https:\/\/www.facebook.com\/evoderbebio\",\"https:\/\/www.instagram.com\/derbe.official\/\"],\"email\":\"info@derbe.it\",\"telephone\":\"+39 055 42 11 799\",\"legalName\":\"Derbe S.r.l. a socio unico\",\"vatID\":\"07272610481\"}]}<\/script>\n<!-- \/ Yoast SEO Premium plugin. -->","yoast_head_json":{"title":"D\u00e9odorant Coquelicot et Figue - Derbe - cosm\u00e9tiques naturels","description":"Ce d\u00e9odorant doux offre une protection s\u00fbre et efficace contre la transpiration et les odeurs. Son application permet de conserver une fra\u00eecheur optimale tout au long de la journ\u00e9e. Appliquer sur une peau propre et parfaitement s\u00e9ch\u00e9e.","robots":{"index":"index","follow":"follow","max-snippet":"max-snippet:-1","max-image-preview":"max-image-preview:large","max-video-preview":"max-video-preview:-1"},"canonical":"https:\/\/derbe.it\/fr\/produit\/deodorant-coquelicot-et-figue\/","og_locale":"fr_FR","og_type":"article","og_title":"Deodorante Papavero e Fico","og_description":"Questo delicato deodorante offre una protezione sicura ed efficace contro sudorazione e cattivi odori. La sua applicazione consente di mantenere la freschezza tutto il giorno. Si applica sulla pelle pulita e ben asciugata.","og_url":"https:\/\/derbe.it\/fr\/produit\/deodorant-coquelicot-et-figue\/","og_site_name":"Derbe - cosmetici naturali","article_publisher":"https:\/\/www.facebook.com\/evoderbebio","article_modified_time":"2025-10-20T09:35:22+00:00","og_image":[{"width":1229,"height":1536,"url":"https:\/\/derbe.it\/wp-content\/uploads\/2018\/09\/dedorante-papavero-fico-derbe.jpg","type":"image\/jpeg"}],"twitter_card":"summary_large_image","twitter_misc":{"Dur\u00e9e de lecture estim\u00e9e":"1 minute"},"schema":{"@context":"https:\/\/schema.org","@graph":[{"@type":"WebPage","@id":"https:\/\/derbe.it\/prodotto\/deodorante-papavero-e-fico\/","url":"https:\/\/derbe.it\/prodotto\/deodorante-papavero-e-fico\/","name":"D\u00e9odorant Coquelicot et Figue - Derbe - cosm\u00e9tiques naturels","isPartOf":{"@id":"https:\/\/derbe.it\/#website"},"primaryImageOfPage":{"@id":"https:\/\/derbe.it\/prodotto\/deodorante-papavero-e-fico\/#primaryimage"},"image":{"@id":"https:\/\/derbe.it\/prodotto\/deodorante-papavero-e-fico\/#primaryimage"},"thumbnailUrl":"https:\/\/derbe.it\/wp-content\/uploads\/2018\/09\/dedorante-papavero-fico-derbe.jpg","datePublished":"2018-09-26T07:23:38+00:00","dateModified":"2025-10-20T09:35:22+00:00","description":"Ce d\u00e9odorant doux offre une protection s\u00fbre et efficace contre la transpiration et les odeurs. Son application permet de conserver une fra\u00eecheur optimale tout au long de la journ\u00e9e. Appliquer sur une peau propre et parfaitement s\u00e9ch\u00e9e.","breadcrumb":{"@id":"https:\/\/derbe.it\/prodotto\/deodorante-papavero-e-fico\/#breadcrumb"},"inLanguage":"fr-FR","potentialAction":[{"@type":"ReadAction","target":["https:\/\/derbe.it\/prodotto\/deodorante-papavero-e-fico\/"]}]},{"@type":"ImageObject","inLanguage":"fr-FR","@id":"https:\/\/derbe.it\/prodotto\/deodorante-papavero-e-fico\/#primaryimage","url":"https:\/\/derbe.it\/wp-content\/uploads\/2018\/09\/dedorante-papavero-fico-derbe.jpg","contentUrl":"https:\/\/derbe.it\/wp-content\/uploads\/2018\/09\/dedorante-papavero-fico-derbe.jpg","width":1229,"height":1536},{"@type":"BreadcrumbList","@id":"https:\/\/derbe.it\/prodotto\/deodorante-papavero-e-fico\/#breadcrumb","itemListElement":[{"@type":"ListItem","position":1,"name":"Home","item":"https:\/\/derbe.it\/"},{"@type":"ListItem","position":2,"name":"Shop","item":"https:\/\/derbe.it\/en\/shop\/"},{"@type":"ListItem","position":3,"name":"Deodorante","item":"https:\/\/derbe.it\/categoria-prodotto\/deodorante\/"},{"@type":"ListItem","position":4,"name":"Deodorante Papavero e Fico"}]},{"@type":"WebSite","@id":"https:\/\/derbe.it\/#website","url":"https:\/\/derbe.it\/","name":"Derb\u00e9","description":"Depuis plus de 50 ans - Fabriqu\u00e9 en Italie - des produits pour les cheveux et le corps \u00e0 base d&#039;extraits de plantes et de formules durables","publisher":{"@id":"https:\/\/derbe.it\/#organization"},"potentialAction":[{"@type":"SearchAction","target":{"@type":"EntryPoint","urlTemplate":"https:\/\/derbe.it\/?s={search_term_string}"},"query-input":{"@type":"PropertyValueSpecification","valueRequired":true,"valueName":"search_term_string"}}],"inLanguage":"fr-FR"},{"@type":"Organization","@id":"https:\/\/derbe.it\/#organization","name":"Derb\u00e9","url":"https:\/\/derbe.it\/","logo":{"@type":"ImageObject","inLanguage":"fr-FR","@id":"https:\/\/derbe.it\/#\/schema\/logo\/image\/","url":"https:\/\/derbe.it\/wp-content\/uploads\/2025\/06\/logo_derbe_firenze.png","contentUrl":"https:\/\/derbe.it\/wp-content\/uploads\/2025\/06\/logo_derbe_firenze.png","width":1200,"height":497,"caption":"Derbe"},"image":{"@id":"https:\/\/derbe.it\/#\/schema\/logo\/image\/"},"sameAs":["https:\/\/www.facebook.com\/evoderbebio","https:\/\/www.instagram.com\/derbe.official\/"],"email":"info@derbe.it","telephone":"+39 055 42 11 799","legalName":"Derbe S.r.l. a socio unico","vatID":"07272610481"}]}},"_links":{"self":[{"href":"https:\/\/derbe.it\/fr\/wp-json\/wp\/v2\/product\/584","targetHints":{"allow":["GET"]}}],"collection":[{"href":"https:\/\/derbe.it\/fr\/wp-json\/wp\/v2\/product"}],"about":[{"href":"https:\/\/derbe.it\/fr\/wp-json\/wp\/v2\/types\/product"}],"wp:featuredmedia":[{"embeddable":true,"href":"https:\/\/derbe.it\/fr\/wp-json\/wp\/v2\/media\/24896"}],"wp:attachment":[{"href":"https:\/\/derbe.it\/fr\/wp-json\/wp\/v2\/media?parent=584"}],"wp:term":[{"taxonomy":"caratteristica","embeddable":true,"href":"https:\/\/derbe.it\/fr\/wp-json\/wp\/v2\/caratteristica?post=584"},{"taxonomy":"collezione","embeddable":true,"href":"https:\/\/derbe.it\/fr\/wp-json\/wp\/v2\/collezione?post=584"},{"taxonomy":"formato","embeddable":true,"href":"https:\/\/derbe.it\/fr\/wp-json\/wp\/v2\/formato?post=584"},{"taxonomy":"funzione","embeddable":true,"href":"https:\/\/derbe.it\/fr\/wp-json\/wp\/v2\/funzione?post=584"},{"taxonomy":"utilizzo","embeddable":true,"href":"https:\/\/derbe.it\/fr\/wp-json\/wp\/v2\/utilizzo?post=584"},{"taxonomy":"ingrediente-principale","embeddable":true,"href":"https:\/\/derbe.it\/fr\/wp-json\/wp\/v2\/ingrediente-principale?post=584"},{"taxonomy":"product_brand","embeddable":true,"href":"https:\/\/derbe.it\/fr\/wp-json\/wp\/v2\/product_brand?post=584"},{"taxonomy":"product_cat","embeddable":true,"href":"https:\/\/derbe.it\/fr\/wp-json\/wp\/v2\/product_cat?post=584"},{"taxonomy":"product_tag","embeddable":true,"href":"https:\/\/derbe.it\/fr\/wp-json\/wp\/v2\/product_tag?post=584"}],"curies":[{"name":"wp","href":"https:\/\/api.w.org\/{rel}","templated":true}]}}