{"id":594,"date":"2018-09-26T09:21:45","date_gmt":"2018-09-26T07:21:45","guid":{"rendered":"https:\/\/derbe.it\/prodotto\/crema-fluida-corpo-fiori-del-chianti\/"},"modified":"2025-09-03T18:01:59","modified_gmt":"2025-09-03T16:01:59","slug":"creme-fluide-pour-le-corps-aux-fleurs-de-chianti","status":"publish","type":"product","link":"https:\/\/derbe.it\/fr\/produit\/creme-fluide-pour-le-corps-aux-fleurs-de-chianti\/","title":{"rendered":"Cr\u00e8me fluide pour le corps aux fleurs du Chianti"},"content":{"rendered":"<p>Il \u00e9tait une fois, sur les collines vallonn\u00e9es du Chianti, parsem\u00e9es de vignes et de prairies, des jeunes filles en fleurs cueillaient des bouquets de violettes odorantes (viola odorata), tandis que des jeunes hommes cueillaient des iris (iris de Florence). Ils \u00e9changeaient un hommage parfum\u00e9 \u00e0 la saison de l&#039;amour et de la vie. Est-ce pour cela que le vin enivrant du Chianti laisse un parfum floral en bouche\u00a0?<br \/>\nUne splendide cr\u00e8me fluide pour le corps \u00e0 la formule moderne et s\u00fbre, qui apporte douceur et hydratation profonde aux peaux s\u00e8ches, selon les traditions ancestrales des plantes m\u00e9dicinales. Enrichie en extraits de fleur d&#039;iris et de violette odorante, elle poss\u00e8de des propri\u00e9t\u00e9s apaisantes, revitalisantes, rafra\u00eechissantes et anti-stress.<\/p>","protected":false},"excerpt":{"rendered":"<p>Ricca crema idratante al profumo di Fiori del Chianti con estratto di iris (giaggiolo) e viola mammola, fresca profumazione ispirata alle dolci colline toscane. [&#8230;]<\/p>\n<p><a class=\"btn btn-secondary understrap-read-more-link\" href=\"https:\/\/derbe.it\/fr\/produit\/creme-fluide-pour-le-corps-aux-fleurs-de-chianti\/\">En savoir plus\u2026<span class=\"screen-reader-text\"> from Crema Fluida Corpo Fiori del Chianti<\/span><\/a><\/p>","protected":false},"featured_media":595,"template":"","meta":{"_acf_changed":false},"caratteristica":[],"collezione":[129,75],"formato":[],"funzione":[],"utilizzo":[],"ingrediente-principale":[],"product_brand":[],"product_cat":[17,106],"product_tag":[],"class_list":{"0":"post-594","1":"product","2":"type-product","3":"status-publish","4":"has-post-thumbnail","6":"collezione-fiori-del-chianti","7":"collezione-speziali-fiorentini","8":"product_cat-creme-corpo","9":"product_cat-gel-e-creme-corpo","11":"first","12":"instock","13":"purchasable","14":"product-type-simple"},"acf":[],"yoast_head":"<!-- This site is optimized with the Yoast SEO Premium plugin v26.1 (Yoast SEO v26.8) - https:\/\/yoast.com\/product\/yoast-seo-premium-wordpress\/ -->\n<title>Crema Fluida Corpo Fiori del Chianti - Derbe - cosmetici naturali<\/title>\n<meta name=\"description\" content=\"Ricca crema idratante al profumo di Fiori del Chianti con estratto di iris (giaggiolo) e viola mammola, fresca profumazione ispirata alle dolci colline toscane.\" \/>\n<meta name=\"robots\" content=\"index, follow, max-snippet:-1, max-image-preview:large, max-video-preview:-1\" \/>\n<link rel=\"canonical\" href=\"https:\/\/derbe.it\/fr\/produit\/creme-fluide-pour-le-corps-aux-fleurs-de-chianti\/\" \/>\n<meta property=\"og:locale\" content=\"fr_FR\" \/>\n<meta property=\"og:type\" content=\"article\" \/>\n<meta property=\"og:title\" content=\"Crema Fluida Corpo Fiori del Chianti\" \/>\n<meta property=\"og:description\" content=\"Ricca crema idratante al profumo di Fiori del Chianti con estratto di iris (giaggiolo) e viola mammola, fresca profumazione ispirata alle dolci colline toscane.\" \/>\n<meta property=\"og:url\" content=\"https:\/\/derbe.it\/fr\/produit\/creme-fluide-pour-le-corps-aux-fleurs-de-chianti\/\" \/>\n<meta property=\"og:site_name\" content=\"Derbe - cosmetici naturali\" \/>\n<meta property=\"article:publisher\" content=\"https:\/\/www.facebook.com\/evoderbebio\" \/>\n<meta property=\"article:modified_time\" content=\"2025-09-03T16:01:59+00:00\" \/>\n<meta property=\"og:image\" content=\"https:\/\/derbe.it\/wp-content\/uploads\/2025\/05\/crema-fluida-corpo-fiori-del-chiannti-giaggolo-iris-fiorentini-viola-mammola-speziali-fiorentini-derbe.jpg\" \/>\n\t<meta property=\"og:image:width\" content=\"1600\" \/>\n\t<meta property=\"og:image:height\" content=\"2000\" \/>\n\t<meta property=\"og:image:type\" content=\"image\/jpeg\" \/>\n<meta name=\"twitter:card\" content=\"summary_large_image\" \/>\n<meta name=\"twitter:label1\" content=\"Dur\u00e9e de lecture estim\u00e9e\" \/>\n\t<meta name=\"twitter:data1\" content=\"1 minute\" \/>\n<script type=\"application\/ld+json\" class=\"yoast-schema-graph\">{\"@context\":\"https:\/\/schema.org\",\"@graph\":[{\"@type\":\"WebPage\",\"@id\":\"https:\/\/derbe.it\/prodotto\/crema-fluida-corpo-fiori-del-chianti\/\",\"url\":\"https:\/\/derbe.it\/prodotto\/crema-fluida-corpo-fiori-del-chianti\/\",\"name\":\"Crema Fluida Corpo Fiori del Chianti - Derbe - cosmetici naturali\",\"isPartOf\":{\"@id\":\"https:\/\/derbe.it\/#website\"},\"primaryImageOfPage\":{\"@id\":\"https:\/\/derbe.it\/prodotto\/crema-fluida-corpo-fiori-del-chianti\/#primaryimage\"},\"image\":{\"@id\":\"https:\/\/derbe.it\/prodotto\/crema-fluida-corpo-fiori-del-chianti\/#primaryimage\"},\"thumbnailUrl\":\"https:\/\/derbe.it\/wp-content\/uploads\/2025\/05\/crema-fluida-corpo-fiori-del-chiannti-giaggolo-iris-fiorentini-viola-mammola-speziali-fiorentini-derbe.jpg\",\"datePublished\":\"2018-09-26T07:21:45+00:00\",\"dateModified\":\"2025-09-03T16:01:59+00:00\",\"description\":\"Ricca crema idratante al profumo di Fiori del Chianti con estratto di iris (giaggiolo) e viola mammola, fresca profumazione ispirata alle dolci colline toscane.\",\"breadcrumb\":{\"@id\":\"https:\/\/derbe.it\/prodotto\/crema-fluida-corpo-fiori-del-chianti\/#breadcrumb\"},\"inLanguage\":\"fr-FR\",\"potentialAction\":[{\"@type\":\"ReadAction\",\"target\":[\"https:\/\/derbe.it\/prodotto\/crema-fluida-corpo-fiori-del-chianti\/\"]}]},{\"@type\":\"ImageObject\",\"inLanguage\":\"fr-FR\",\"@id\":\"https:\/\/derbe.it\/prodotto\/crema-fluida-corpo-fiori-del-chianti\/#primaryimage\",\"url\":\"https:\/\/derbe.it\/wp-content\/uploads\/2025\/05\/crema-fluida-corpo-fiori-del-chiannti-giaggolo-iris-fiorentini-viola-mammola-speziali-fiorentini-derbe.jpg\",\"contentUrl\":\"https:\/\/derbe.it\/wp-content\/uploads\/2025\/05\/crema-fluida-corpo-fiori-del-chiannti-giaggolo-iris-fiorentini-viola-mammola-speziali-fiorentini-derbe.jpg\",\"width\":1600,\"height\":2000,\"caption\":\"Crema fluida corpo fiori del Chianti - Speziali Fiorentini - Derbe\"},{\"@type\":\"BreadcrumbList\",\"@id\":\"https:\/\/derbe.it\/prodotto\/crema-fluida-corpo-fiori-del-chianti\/#breadcrumb\",\"itemListElement\":[{\"@type\":\"ListItem\",\"position\":1,\"name\":\"Home\",\"item\":\"https:\/\/derbe.it\/\"},{\"@type\":\"ListItem\",\"position\":2,\"name\":\"Shop\",\"item\":\"https:\/\/derbe.it\/en\/shop\/\"},{\"@type\":\"ListItem\",\"position\":3,\"name\":\"Creme corpo\",\"item\":\"https:\/\/derbe.it\/categoria-prodotto\/creme-corpo\/\"},{\"@type\":\"ListItem\",\"position\":4,\"name\":\"Crema Fluida Corpo Fiori del Chianti\"}]},{\"@type\":\"WebSite\",\"@id\":\"https:\/\/derbe.it\/#website\",\"url\":\"https:\/\/derbe.it\/\",\"name\":\"Derbe\",\"description\":\"Da oltre 50 anni - Made in italy - prodotti per capelli e corpo con estratti vegetali e formule sostenibili\",\"publisher\":{\"@id\":\"https:\/\/derbe.it\/#organization\"},\"potentialAction\":[{\"@type\":\"SearchAction\",\"target\":{\"@type\":\"EntryPoint\",\"urlTemplate\":\"https:\/\/derbe.it\/?s={search_term_string}\"},\"query-input\":{\"@type\":\"PropertyValueSpecification\",\"valueRequired\":true,\"valueName\":\"search_term_string\"}}],\"inLanguage\":\"fr-FR\"},{\"@type\":\"Organization\",\"@id\":\"https:\/\/derbe.it\/#organization\",\"name\":\"Derbe\",\"url\":\"https:\/\/derbe.it\/\",\"logo\":{\"@type\":\"ImageObject\",\"inLanguage\":\"fr-FR\",\"@id\":\"https:\/\/derbe.it\/#\/schema\/logo\/image\/\",\"url\":\"https:\/\/derbe.it\/wp-content\/uploads\/2025\/06\/logo_derbe_firenze.png\",\"contentUrl\":\"https:\/\/derbe.it\/wp-content\/uploads\/2025\/06\/logo_derbe_firenze.png\",\"width\":1200,\"height\":497,\"caption\":\"Derbe\"},\"image\":{\"@id\":\"https:\/\/derbe.it\/#\/schema\/logo\/image\/\"},\"sameAs\":[\"https:\/\/www.facebook.com\/evoderbebio\",\"https:\/\/www.instagram.com\/derbe.official\/\"],\"email\":\"info@derbe.it\",\"telephone\":\"+39 055 42 11 799\",\"legalName\":\"Derbe S.r.l. a socio unico\",\"vatID\":\"07272610481\"}]}<\/script>\n<!-- \/ Yoast SEO Premium plugin. -->","yoast_head_json":{"title":"Cr\u00e8me corporelle fluide Chianti Flowers - Derbe - cosm\u00e9tiques naturels","description":"Cr\u00e8me hydratante riche au parfum de fleurs du Chianti avec extrait d&#039;iris (oris) et de violette, un parfum frais inspir\u00e9 des collines toscanes.","robots":{"index":"index","follow":"follow","max-snippet":"max-snippet:-1","max-image-preview":"max-image-preview:large","max-video-preview":"max-video-preview:-1"},"canonical":"https:\/\/derbe.it\/fr\/produit\/creme-fluide-pour-le-corps-aux-fleurs-de-chianti\/","og_locale":"fr_FR","og_type":"article","og_title":"Crema Fluida Corpo Fiori del Chianti","og_description":"Ricca crema idratante al profumo di Fiori del Chianti con estratto di iris (giaggiolo) e viola mammola, fresca profumazione ispirata alle dolci colline toscane.","og_url":"https:\/\/derbe.it\/fr\/produit\/creme-fluide-pour-le-corps-aux-fleurs-de-chianti\/","og_site_name":"Derbe - cosmetici naturali","article_publisher":"https:\/\/www.facebook.com\/evoderbebio","article_modified_time":"2025-09-03T16:01:59+00:00","og_image":[{"width":1600,"height":2000,"url":"https:\/\/derbe.it\/wp-content\/uploads\/2025\/05\/crema-fluida-corpo-fiori-del-chiannti-giaggolo-iris-fiorentini-viola-mammola-speziali-fiorentini-derbe.jpg","type":"image\/jpeg"}],"twitter_card":"summary_large_image","twitter_misc":{"Dur\u00e9e de lecture estim\u00e9e":"1 minute"},"schema":{"@context":"https:\/\/schema.org","@graph":[{"@type":"WebPage","@id":"https:\/\/derbe.it\/prodotto\/crema-fluida-corpo-fiori-del-chianti\/","url":"https:\/\/derbe.it\/prodotto\/crema-fluida-corpo-fiori-del-chianti\/","name":"Cr\u00e8me corporelle fluide Chianti Flowers - Derbe - cosm\u00e9tiques naturels","isPartOf":{"@id":"https:\/\/derbe.it\/#website"},"primaryImageOfPage":{"@id":"https:\/\/derbe.it\/prodotto\/crema-fluida-corpo-fiori-del-chianti\/#primaryimage"},"image":{"@id":"https:\/\/derbe.it\/prodotto\/crema-fluida-corpo-fiori-del-chianti\/#primaryimage"},"thumbnailUrl":"https:\/\/derbe.it\/wp-content\/uploads\/2025\/05\/crema-fluida-corpo-fiori-del-chiannti-giaggolo-iris-fiorentini-viola-mammola-speziali-fiorentini-derbe.jpg","datePublished":"2018-09-26T07:21:45+00:00","dateModified":"2025-09-03T16:01:59+00:00","description":"Cr\u00e8me hydratante riche au parfum de fleurs du Chianti avec extrait d&#039;iris (oris) et de violette, un parfum frais inspir\u00e9 des collines toscanes.","breadcrumb":{"@id":"https:\/\/derbe.it\/prodotto\/crema-fluida-corpo-fiori-del-chianti\/#breadcrumb"},"inLanguage":"fr-FR","potentialAction":[{"@type":"ReadAction","target":["https:\/\/derbe.it\/prodotto\/crema-fluida-corpo-fiori-del-chianti\/"]}]},{"@type":"ImageObject","inLanguage":"fr-FR","@id":"https:\/\/derbe.it\/prodotto\/crema-fluida-corpo-fiori-del-chianti\/#primaryimage","url":"https:\/\/derbe.it\/wp-content\/uploads\/2025\/05\/crema-fluida-corpo-fiori-del-chiannti-giaggolo-iris-fiorentini-viola-mammola-speziali-fiorentini-derbe.jpg","contentUrl":"https:\/\/derbe.it\/wp-content\/uploads\/2025\/05\/crema-fluida-corpo-fiori-del-chiannti-giaggolo-iris-fiorentini-viola-mammola-speziali-fiorentini-derbe.jpg","width":1600,"height":2000,"caption":"Crema fluida corpo fiori del Chianti - Speziali Fiorentini - Derbe"},{"@type":"BreadcrumbList","@id":"https:\/\/derbe.it\/prodotto\/crema-fluida-corpo-fiori-del-chianti\/#breadcrumb","itemListElement":[{"@type":"ListItem","position":1,"name":"Home","item":"https:\/\/derbe.it\/"},{"@type":"ListItem","position":2,"name":"Shop","item":"https:\/\/derbe.it\/en\/shop\/"},{"@type":"ListItem","position":3,"name":"Creme corpo","item":"https:\/\/derbe.it\/categoria-prodotto\/creme-corpo\/"},{"@type":"ListItem","position":4,"name":"Crema Fluida Corpo Fiori del Chianti"}]},{"@type":"WebSite","@id":"https:\/\/derbe.it\/#website","url":"https:\/\/derbe.it\/","name":"Derb\u00e9","description":"Depuis plus de 50 ans - Fabriqu\u00e9 en Italie - des produits pour les cheveux et le corps \u00e0 base d&#039;extraits de plantes et de formules durables","publisher":{"@id":"https:\/\/derbe.it\/#organization"},"potentialAction":[{"@type":"SearchAction","target":{"@type":"EntryPoint","urlTemplate":"https:\/\/derbe.it\/?s={search_term_string}"},"query-input":{"@type":"PropertyValueSpecification","valueRequired":true,"valueName":"search_term_string"}}],"inLanguage":"fr-FR"},{"@type":"Organization","@id":"https:\/\/derbe.it\/#organization","name":"Derb\u00e9","url":"https:\/\/derbe.it\/","logo":{"@type":"ImageObject","inLanguage":"fr-FR","@id":"https:\/\/derbe.it\/#\/schema\/logo\/image\/","url":"https:\/\/derbe.it\/wp-content\/uploads\/2025\/06\/logo_derbe_firenze.png","contentUrl":"https:\/\/derbe.it\/wp-content\/uploads\/2025\/06\/logo_derbe_firenze.png","width":1200,"height":497,"caption":"Derbe"},"image":{"@id":"https:\/\/derbe.it\/#\/schema\/logo\/image\/"},"sameAs":["https:\/\/www.facebook.com\/evoderbebio","https:\/\/www.instagram.com\/derbe.official\/"],"email":"info@derbe.it","telephone":"+39 055 42 11 799","legalName":"Derbe S.r.l. a socio unico","vatID":"07272610481"}]}},"_links":{"self":[{"href":"https:\/\/derbe.it\/fr\/wp-json\/wp\/v2\/product\/594","targetHints":{"allow":["GET"]}}],"collection":[{"href":"https:\/\/derbe.it\/fr\/wp-json\/wp\/v2\/product"}],"about":[{"href":"https:\/\/derbe.it\/fr\/wp-json\/wp\/v2\/types\/product"}],"wp:featuredmedia":[{"embeddable":true,"href":"https:\/\/derbe.it\/fr\/wp-json\/wp\/v2\/media\/595"}],"wp:attachment":[{"href":"https:\/\/derbe.it\/fr\/wp-json\/wp\/v2\/media?parent=594"}],"wp:term":[{"taxonomy":"caratteristica","embeddable":true,"href":"https:\/\/derbe.it\/fr\/wp-json\/wp\/v2\/caratteristica?post=594"},{"taxonomy":"collezione","embeddable":true,"href":"https:\/\/derbe.it\/fr\/wp-json\/wp\/v2\/collezione?post=594"},{"taxonomy":"formato","embeddable":true,"href":"https:\/\/derbe.it\/fr\/wp-json\/wp\/v2\/formato?post=594"},{"taxonomy":"funzione","embeddable":true,"href":"https:\/\/derbe.it\/fr\/wp-json\/wp\/v2\/funzione?post=594"},{"taxonomy":"utilizzo","embeddable":true,"href":"https:\/\/derbe.it\/fr\/wp-json\/wp\/v2\/utilizzo?post=594"},{"taxonomy":"ingrediente-principale","embeddable":true,"href":"https:\/\/derbe.it\/fr\/wp-json\/wp\/v2\/ingrediente-principale?post=594"},{"taxonomy":"product_brand","embeddable":true,"href":"https:\/\/derbe.it\/fr\/wp-json\/wp\/v2\/product_brand?post=594"},{"taxonomy":"product_cat","embeddable":true,"href":"https:\/\/derbe.it\/fr\/wp-json\/wp\/v2\/product_cat?post=594"},{"taxonomy":"product_tag","embeddable":true,"href":"https:\/\/derbe.it\/fr\/wp-json\/wp\/v2\/product_tag?post=594"}],"curies":[{"name":"wp","href":"https:\/\/api.w.org\/{rel}","templated":true}]}}