{"id":625,"date":"2018-09-26T09:21:17","date_gmt":"2018-09-26T07:21:17","guid":{"rendered":"https:\/\/derbe.it\/prodotto\/crema-fluida-corpo-liquirizia-e-mandarino\/"},"modified":"2025-09-03T18:02:00","modified_gmt":"2025-09-03T16:02:00","slug":"creme-fluide-corporelle-a-la-reglisse-et-a-la-mandarine","status":"publish","type":"product","link":"https:\/\/derbe.it\/fr\/produit\/creme-fluide-corporelle-a-la-reglisse-et-a-la-mandarine\/","title":{"rendered":"Cr\u00e8me fluide corporelle \u00e0 la r\u00e9glisse et \u00e0 la mandarine"},"content":{"rendered":"<p>Du joyau de la pierre sereine nich\u00e9 dans les collines florentines, na\u00eet une grande tradition de beaut\u00e9, ancienne et perdue dans le temps.<\/p>\n<p>Cette cr\u00e8me, \u00e0 la formule moderne et s\u00fbre, s&#039;inspire d&#039;une tradition ancestrale \u00e0 base de plantes. Gr\u00e2ce \u00e0 ses actifs naturels extraits de r\u00e9glisse et de mandarine, elle poss\u00e8de de puissantes propri\u00e9t\u00e9s antioxydantes, \u00e9mollientes, purifiantes et stimulantes. Elle contient des \u00e9mollients doux et eudermiques qui laissent la peau nourrie et agr\u00e9ablement parfum\u00e9e.<\/p>","protected":false},"excerpt":{"rendered":"<p>Grazie alle sue sostanze funzionali naturali estratte dalla liquirizia e dal mandarino, acquisisce propriet\u00e0 altamente antiossidanti, emollienti, purificanti e stimolanti. Contiene emollienti delicati ed eudermici con i quali rende la pelle curata e piacevolmente profumata. [&#8230;]<\/p>\n<p><a class=\"btn btn-secondary understrap-read-more-link\" href=\"https:\/\/derbe.it\/fr\/produit\/creme-fluide-corporelle-a-la-reglisse-et-a-la-mandarine\/\">En savoir plus\u2026<span class=\"screen-reader-text\"> from Crema Fluida Corpo Liquirizia e Mandarino<\/span><\/a><\/p>","protected":false},"featured_media":626,"template":"","meta":{"_acf_changed":false},"caratteristica":[],"collezione":[131,75],"formato":[],"funzione":[],"utilizzo":[],"ingrediente-principale":[],"product_brand":[],"product_cat":[17,106],"product_tag":[],"class_list":{"0":"post-625","1":"product","2":"type-product","3":"status-publish","4":"has-post-thumbnail","6":"collezione-liquirizia-e-mandarino","7":"collezione-speziali-fiorentini","8":"product_cat-creme-corpo","9":"product_cat-gel-e-creme-corpo","11":"first","12":"instock","13":"purchasable","14":"product-type-simple"},"acf":[],"yoast_head":"<!-- This site is optimized with the Yoast SEO Premium plugin v26.1 (Yoast SEO v26.8) - https:\/\/yoast.com\/product\/yoast-seo-premium-wordpress\/ -->\n<title>Crema Fluida Corpo Liquirizia e Mandarino - Derbe - cosmetici naturali<\/title>\n<meta name=\"description\" content=\"Grazie alle sue sostanze funzionali naturali estratte dalla liquirizia e dal mandarino, acquisisce propriet\u00e0 altamente antiossidanti, emollienti, purificanti e stimolanti. Contiene emollienti delicati ed eudermici con i quali rende la pelle curata e piacevolmente profumata.\" \/>\n<meta name=\"robots\" content=\"index, follow, max-snippet:-1, max-image-preview:large, max-video-preview:-1\" \/>\n<link rel=\"canonical\" href=\"https:\/\/derbe.it\/fr\/produit\/creme-fluide-corporelle-a-la-reglisse-et-a-la-mandarine\/\" \/>\n<meta property=\"og:locale\" content=\"fr_FR\" \/>\n<meta property=\"og:type\" content=\"article\" \/>\n<meta property=\"og:title\" content=\"Crema Fluida Corpo Liquirizia e Mandarino\" \/>\n<meta property=\"og:description\" content=\"Grazie alle sue sostanze funzionali naturali estratte dalla liquirizia e dal mandarino, acquisisce propriet\u00e0 altamente antiossidanti, emollienti, purificanti e stimolanti. Contiene emollienti delicati ed eudermici con i quali rende la pelle curata e piacevolmente profumata.\" \/>\n<meta property=\"og:url\" content=\"https:\/\/derbe.it\/fr\/produit\/creme-fluide-corporelle-a-la-reglisse-et-a-la-mandarine\/\" \/>\n<meta property=\"og:site_name\" content=\"Derbe - cosmetici naturali\" \/>\n<meta property=\"article:publisher\" content=\"https:\/\/www.facebook.com\/evoderbebio\" \/>\n<meta property=\"article:modified_time\" content=\"2025-09-03T16:02:00+00:00\" \/>\n<meta property=\"og:image\" content=\"https:\/\/derbe.it\/wp-content\/uploads\/2025\/05\/crema-fluida-corpo-liquirizia-mandarino-speziali-fiorentini-derbe.jpg\" \/>\n\t<meta property=\"og:image:width\" content=\"1600\" \/>\n\t<meta property=\"og:image:height\" content=\"2000\" \/>\n\t<meta property=\"og:image:type\" content=\"image\/jpeg\" \/>\n<meta name=\"twitter:card\" content=\"summary_large_image\" \/>\n<script type=\"application\/ld+json\" class=\"yoast-schema-graph\">{\"@context\":\"https:\/\/schema.org\",\"@graph\":[{\"@type\":\"WebPage\",\"@id\":\"https:\/\/derbe.it\/prodotto\/crema-fluida-corpo-liquirizia-e-mandarino\/\",\"url\":\"https:\/\/derbe.it\/prodotto\/crema-fluida-corpo-liquirizia-e-mandarino\/\",\"name\":\"Crema Fluida Corpo Liquirizia e Mandarino - Derbe - cosmetici naturali\",\"isPartOf\":{\"@id\":\"https:\/\/derbe.it\/#website\"},\"primaryImageOfPage\":{\"@id\":\"https:\/\/derbe.it\/prodotto\/crema-fluida-corpo-liquirizia-e-mandarino\/#primaryimage\"},\"image\":{\"@id\":\"https:\/\/derbe.it\/prodotto\/crema-fluida-corpo-liquirizia-e-mandarino\/#primaryimage\"},\"thumbnailUrl\":\"https:\/\/derbe.it\/wp-content\/uploads\/2025\/05\/crema-fluida-corpo-liquirizia-mandarino-speziali-fiorentini-derbe.jpg\",\"datePublished\":\"2018-09-26T07:21:17+00:00\",\"dateModified\":\"2025-09-03T16:02:00+00:00\",\"description\":\"Grazie alle sue sostanze funzionali naturali estratte dalla liquirizia e dal mandarino, acquisisce propriet\u00e0 altamente antiossidanti, emollienti, purificanti e stimolanti. Contiene emollienti delicati ed eudermici con i quali rende la pelle curata e piacevolmente profumata.\",\"breadcrumb\":{\"@id\":\"https:\/\/derbe.it\/prodotto\/crema-fluida-corpo-liquirizia-e-mandarino\/#breadcrumb\"},\"inLanguage\":\"fr-FR\",\"potentialAction\":[{\"@type\":\"ReadAction\",\"target\":[\"https:\/\/derbe.it\/prodotto\/crema-fluida-corpo-liquirizia-e-mandarino\/\"]}]},{\"@type\":\"ImageObject\",\"inLanguage\":\"fr-FR\",\"@id\":\"https:\/\/derbe.it\/prodotto\/crema-fluida-corpo-liquirizia-e-mandarino\/#primaryimage\",\"url\":\"https:\/\/derbe.it\/wp-content\/uploads\/2025\/05\/crema-fluida-corpo-liquirizia-mandarino-speziali-fiorentini-derbe.jpg\",\"contentUrl\":\"https:\/\/derbe.it\/wp-content\/uploads\/2025\/05\/crema-fluida-corpo-liquirizia-mandarino-speziali-fiorentini-derbe.jpg\",\"width\":1600,\"height\":2000,\"caption\":\"Crema Fluida per il corpo con liquirizia e mandarino - Speziali Fiorentini - Derbe\"},{\"@type\":\"BreadcrumbList\",\"@id\":\"https:\/\/derbe.it\/prodotto\/crema-fluida-corpo-liquirizia-e-mandarino\/#breadcrumb\",\"itemListElement\":[{\"@type\":\"ListItem\",\"position\":1,\"name\":\"Home\",\"item\":\"https:\/\/derbe.it\/\"},{\"@type\":\"ListItem\",\"position\":2,\"name\":\"Shop\",\"item\":\"https:\/\/derbe.it\/en\/shop\/\"},{\"@type\":\"ListItem\",\"position\":3,\"name\":\"Creme corpo\",\"item\":\"https:\/\/derbe.it\/categoria-prodotto\/creme-corpo\/\"},{\"@type\":\"ListItem\",\"position\":4,\"name\":\"Crema Fluida Corpo Liquirizia e Mandarino\"}]},{\"@type\":\"WebSite\",\"@id\":\"https:\/\/derbe.it\/#website\",\"url\":\"https:\/\/derbe.it\/\",\"name\":\"Derbe\",\"description\":\"Da oltre 50 anni - Made in italy - prodotti per capelli e corpo con estratti vegetali e formule sostenibili\",\"publisher\":{\"@id\":\"https:\/\/derbe.it\/#organization\"},\"potentialAction\":[{\"@type\":\"SearchAction\",\"target\":{\"@type\":\"EntryPoint\",\"urlTemplate\":\"https:\/\/derbe.it\/?s={search_term_string}\"},\"query-input\":{\"@type\":\"PropertyValueSpecification\",\"valueRequired\":true,\"valueName\":\"search_term_string\"}}],\"inLanguage\":\"fr-FR\"},{\"@type\":\"Organization\",\"@id\":\"https:\/\/derbe.it\/#organization\",\"name\":\"Derbe\",\"url\":\"https:\/\/derbe.it\/\",\"logo\":{\"@type\":\"ImageObject\",\"inLanguage\":\"fr-FR\",\"@id\":\"https:\/\/derbe.it\/#\/schema\/logo\/image\/\",\"url\":\"https:\/\/derbe.it\/wp-content\/uploads\/2025\/06\/logo_derbe_firenze.png\",\"contentUrl\":\"https:\/\/derbe.it\/wp-content\/uploads\/2025\/06\/logo_derbe_firenze.png\",\"width\":1200,\"height\":497,\"caption\":\"Derbe\"},\"image\":{\"@id\":\"https:\/\/derbe.it\/#\/schema\/logo\/image\/\"},\"sameAs\":[\"https:\/\/www.facebook.com\/evoderbebio\",\"https:\/\/www.instagram.com\/derbe.official\/\"],\"email\":\"info@derbe.it\",\"telephone\":\"+39 055 42 11 799\",\"legalName\":\"Derbe S.r.l. a socio unico\",\"vatID\":\"07272610481\"}]}<\/script>\n<!-- \/ Yoast SEO Premium plugin. -->","yoast_head_json":{"title":"Lait corporel \u00e0 la r\u00e9glisse et \u00e0 la mandarine - Derbe - cosm\u00e9tiques naturels","description":"Gr\u00e2ce \u00e0 ses actifs naturels extraits de r\u00e9glisse et de mandarine, il poss\u00e8de de puissantes propri\u00e9t\u00e9s antioxydantes, \u00e9mollientes, purifiantes et stimulantes. Il contient des \u00e9mollients doux et eudermiques qui laissent la peau nourrie et agr\u00e9ablement parfum\u00e9e.","robots":{"index":"index","follow":"follow","max-snippet":"max-snippet:-1","max-image-preview":"max-image-preview:large","max-video-preview":"max-video-preview:-1"},"canonical":"https:\/\/derbe.it\/fr\/produit\/creme-fluide-corporelle-a-la-reglisse-et-a-la-mandarine\/","og_locale":"fr_FR","og_type":"article","og_title":"Crema Fluida Corpo Liquirizia e Mandarino","og_description":"Grazie alle sue sostanze funzionali naturali estratte dalla liquirizia e dal mandarino, acquisisce propriet\u00e0 altamente antiossidanti, emollienti, purificanti e stimolanti. Contiene emollienti delicati ed eudermici con i quali rende la pelle curata e piacevolmente profumata.","og_url":"https:\/\/derbe.it\/fr\/produit\/creme-fluide-corporelle-a-la-reglisse-et-a-la-mandarine\/","og_site_name":"Derbe - cosmetici naturali","article_publisher":"https:\/\/www.facebook.com\/evoderbebio","article_modified_time":"2025-09-03T16:02:00+00:00","og_image":[{"width":1600,"height":2000,"url":"https:\/\/derbe.it\/wp-content\/uploads\/2025\/05\/crema-fluida-corpo-liquirizia-mandarino-speziali-fiorentini-derbe.jpg","type":"image\/jpeg"}],"twitter_card":"summary_large_image","schema":{"@context":"https:\/\/schema.org","@graph":[{"@type":"WebPage","@id":"https:\/\/derbe.it\/prodotto\/crema-fluida-corpo-liquirizia-e-mandarino\/","url":"https:\/\/derbe.it\/prodotto\/crema-fluida-corpo-liquirizia-e-mandarino\/","name":"Lait corporel \u00e0 la r\u00e9glisse et \u00e0 la mandarine - Derbe - cosm\u00e9tiques naturels","isPartOf":{"@id":"https:\/\/derbe.it\/#website"},"primaryImageOfPage":{"@id":"https:\/\/derbe.it\/prodotto\/crema-fluida-corpo-liquirizia-e-mandarino\/#primaryimage"},"image":{"@id":"https:\/\/derbe.it\/prodotto\/crema-fluida-corpo-liquirizia-e-mandarino\/#primaryimage"},"thumbnailUrl":"https:\/\/derbe.it\/wp-content\/uploads\/2025\/05\/crema-fluida-corpo-liquirizia-mandarino-speziali-fiorentini-derbe.jpg","datePublished":"2018-09-26T07:21:17+00:00","dateModified":"2025-09-03T16:02:00+00:00","description":"Gr\u00e2ce \u00e0 ses actifs naturels extraits de r\u00e9glisse et de mandarine, il poss\u00e8de de puissantes propri\u00e9t\u00e9s antioxydantes, \u00e9mollientes, purifiantes et stimulantes. Il contient des \u00e9mollients doux et eudermiques qui laissent la peau nourrie et agr\u00e9ablement parfum\u00e9e.","breadcrumb":{"@id":"https:\/\/derbe.it\/prodotto\/crema-fluida-corpo-liquirizia-e-mandarino\/#breadcrumb"},"inLanguage":"fr-FR","potentialAction":[{"@type":"ReadAction","target":["https:\/\/derbe.it\/prodotto\/crema-fluida-corpo-liquirizia-e-mandarino\/"]}]},{"@type":"ImageObject","inLanguage":"fr-FR","@id":"https:\/\/derbe.it\/prodotto\/crema-fluida-corpo-liquirizia-e-mandarino\/#primaryimage","url":"https:\/\/derbe.it\/wp-content\/uploads\/2025\/05\/crema-fluida-corpo-liquirizia-mandarino-speziali-fiorentini-derbe.jpg","contentUrl":"https:\/\/derbe.it\/wp-content\/uploads\/2025\/05\/crema-fluida-corpo-liquirizia-mandarino-speziali-fiorentini-derbe.jpg","width":1600,"height":2000,"caption":"Crema Fluida per il corpo con liquirizia e mandarino - Speziali Fiorentini - Derbe"},{"@type":"BreadcrumbList","@id":"https:\/\/derbe.it\/prodotto\/crema-fluida-corpo-liquirizia-e-mandarino\/#breadcrumb","itemListElement":[{"@type":"ListItem","position":1,"name":"Home","item":"https:\/\/derbe.it\/"},{"@type":"ListItem","position":2,"name":"Shop","item":"https:\/\/derbe.it\/en\/shop\/"},{"@type":"ListItem","position":3,"name":"Creme corpo","item":"https:\/\/derbe.it\/categoria-prodotto\/creme-corpo\/"},{"@type":"ListItem","position":4,"name":"Crema Fluida Corpo Liquirizia e Mandarino"}]},{"@type":"WebSite","@id":"https:\/\/derbe.it\/#website","url":"https:\/\/derbe.it\/","name":"Derb\u00e9","description":"Depuis plus de 50 ans - Fabriqu\u00e9 en Italie - des produits pour les cheveux et le corps \u00e0 base d&#039;extraits de plantes et de formules durables","publisher":{"@id":"https:\/\/derbe.it\/#organization"},"potentialAction":[{"@type":"SearchAction","target":{"@type":"EntryPoint","urlTemplate":"https:\/\/derbe.it\/?s={search_term_string}"},"query-input":{"@type":"PropertyValueSpecification","valueRequired":true,"valueName":"search_term_string"}}],"inLanguage":"fr-FR"},{"@type":"Organization","@id":"https:\/\/derbe.it\/#organization","name":"Derb\u00e9","url":"https:\/\/derbe.it\/","logo":{"@type":"ImageObject","inLanguage":"fr-FR","@id":"https:\/\/derbe.it\/#\/schema\/logo\/image\/","url":"https:\/\/derbe.it\/wp-content\/uploads\/2025\/06\/logo_derbe_firenze.png","contentUrl":"https:\/\/derbe.it\/wp-content\/uploads\/2025\/06\/logo_derbe_firenze.png","width":1200,"height":497,"caption":"Derbe"},"image":{"@id":"https:\/\/derbe.it\/#\/schema\/logo\/image\/"},"sameAs":["https:\/\/www.facebook.com\/evoderbebio","https:\/\/www.instagram.com\/derbe.official\/"],"email":"info@derbe.it","telephone":"+39 055 42 11 799","legalName":"Derbe S.r.l. a socio unico","vatID":"07272610481"}]}},"_links":{"self":[{"href":"https:\/\/derbe.it\/fr\/wp-json\/wp\/v2\/product\/625","targetHints":{"allow":["GET"]}}],"collection":[{"href":"https:\/\/derbe.it\/fr\/wp-json\/wp\/v2\/product"}],"about":[{"href":"https:\/\/derbe.it\/fr\/wp-json\/wp\/v2\/types\/product"}],"wp:featuredmedia":[{"embeddable":true,"href":"https:\/\/derbe.it\/fr\/wp-json\/wp\/v2\/media\/626"}],"wp:attachment":[{"href":"https:\/\/derbe.it\/fr\/wp-json\/wp\/v2\/media?parent=625"}],"wp:term":[{"taxonomy":"caratteristica","embeddable":true,"href":"https:\/\/derbe.it\/fr\/wp-json\/wp\/v2\/caratteristica?post=625"},{"taxonomy":"collezione","embeddable":true,"href":"https:\/\/derbe.it\/fr\/wp-json\/wp\/v2\/collezione?post=625"},{"taxonomy":"formato","embeddable":true,"href":"https:\/\/derbe.it\/fr\/wp-json\/wp\/v2\/formato?post=625"},{"taxonomy":"funzione","embeddable":true,"href":"https:\/\/derbe.it\/fr\/wp-json\/wp\/v2\/funzione?post=625"},{"taxonomy":"utilizzo","embeddable":true,"href":"https:\/\/derbe.it\/fr\/wp-json\/wp\/v2\/utilizzo?post=625"},{"taxonomy":"ingrediente-principale","embeddable":true,"href":"https:\/\/derbe.it\/fr\/wp-json\/wp\/v2\/ingrediente-principale?post=625"},{"taxonomy":"product_brand","embeddable":true,"href":"https:\/\/derbe.it\/fr\/wp-json\/wp\/v2\/product_brand?post=625"},{"taxonomy":"product_cat","embeddable":true,"href":"https:\/\/derbe.it\/fr\/wp-json\/wp\/v2\/product_cat?post=625"},{"taxonomy":"product_tag","embeddable":true,"href":"https:\/\/derbe.it\/fr\/wp-json\/wp\/v2\/product_tag?post=625"}],"curies":[{"name":"wp","href":"https:\/\/api.w.org\/{rel}","templated":true}]}}