{"id":630,"date":"2018-09-26T09:25:04","date_gmt":"2018-09-26T07:25:04","guid":{"rendered":"https:\/\/derbe.it\/prodotto\/profumo-liquirizia-e-mandarino\/"},"modified":"2025-09-03T17:52:15","modified_gmt":"2025-09-03T15:52:15","slug":"parfum-de-reglisse-et-de-mandarine","status":"publish","type":"product","link":"https:\/\/derbe.it\/fr\/produit\/parfum-de-reglisse-et-de-mandarine\/","title":{"rendered":"Parfum R\u00e9glisse et Mandarine"},"content":{"rendered":"<p>Du joyau de la pierre sereine nich\u00e9 dans les collines florentines, na\u00eet une grande tradition alchimique de beaut\u00e9, ancienne et perdue dans le temps.<\/p>\n<p>Lorsqu&#039;un parfum est choisi sur un coup de t\u00eate, il refl\u00e8te nos sentiments les plus profonds, nos secrets, nos pens\u00e9es, nos d\u00e9sirs, nos choix, nos attentes et la transcendance mystique et occulte de notre personnalit\u00e9. R\u00e9glisse et Mandarine, \u00ab\u00a0douces d&#039;amour\u00a0\u00bb.<\/p>","protected":false},"excerpt":{"rendered":"<p>Profumo ispirato dalle dolci colline Fiorentine, con note spiccate di liquirizia e mandarino. [&#8230;]<\/p>\n<p><a class=\"btn btn-secondary understrap-read-more-link\" href=\"https:\/\/derbe.it\/fr\/produit\/parfum-de-reglisse-et-de-mandarine\/\">En savoir plus\u2026<span class=\"screen-reader-text\"> from Profumo Liquirizia e Mandarino<\/span><\/a><\/p>","protected":false},"featured_media":631,"template":"","meta":{"_acf_changed":false},"caratteristica":[],"collezione":[131,75],"formato":[],"funzione":[],"utilizzo":[],"ingrediente-principale":[],"product_brand":[],"product_cat":[107],"product_tag":[],"class_list":{"0":"post-630","1":"product","2":"type-product","3":"status-publish","4":"has-post-thumbnail","6":"collezione-liquirizia-e-mandarino","7":"collezione-speziali-fiorentini","8":"product_cat-profumo","10":"first","11":"instock","12":"purchasable","13":"product-type-simple"},"acf":[],"yoast_head":"<!-- This site is optimized with the Yoast SEO Premium plugin v26.1 (Yoast SEO v26.8) - https:\/\/yoast.com\/product\/yoast-seo-premium-wordpress\/ -->\n<title>Profumo Liquirizia e Mandarino - Derbe - cosmetici naturali<\/title>\n<meta name=\"description\" content=\"Profumo ispirato dalle dolci colline Fiorentine, con note spiccate di liquirizia e mandarino.\" \/>\n<meta name=\"robots\" content=\"index, follow, max-snippet:-1, max-image-preview:large, max-video-preview:-1\" \/>\n<link rel=\"canonical\" href=\"https:\/\/derbe.it\/fr\/produit\/parfum-de-reglisse-et-de-mandarine\/\" \/>\n<meta property=\"og:locale\" content=\"fr_FR\" \/>\n<meta property=\"og:type\" content=\"article\" \/>\n<meta property=\"og:title\" content=\"Profumo Liquirizia e Mandarino\" \/>\n<meta property=\"og:description\" content=\"Profumo ispirato dalle dolci colline Fiorentine, con note spiccate di liquirizia e mandarino.\" \/>\n<meta property=\"og:url\" content=\"https:\/\/derbe.it\/fr\/produit\/parfum-de-reglisse-et-de-mandarine\/\" \/>\n<meta property=\"og:site_name\" content=\"Derbe - cosmetici naturali\" \/>\n<meta property=\"article:publisher\" content=\"https:\/\/www.facebook.com\/evoderbebio\" \/>\n<meta property=\"article:modified_time\" content=\"2025-09-03T15:52:15+00:00\" \/>\n<meta property=\"og:image\" content=\"https:\/\/derbe.it\/wp-content\/uploads\/2025\/05\/profumo-liquirizia-mandarino-speziali-fiorentinii-derbe.jpg\" \/>\n\t<meta property=\"og:image:width\" content=\"1600\" \/>\n\t<meta property=\"og:image:height\" content=\"2000\" \/>\n\t<meta property=\"og:image:type\" content=\"image\/jpeg\" \/>\n<meta name=\"twitter:card\" content=\"summary_large_image\" \/>\n<script type=\"application\/ld+json\" class=\"yoast-schema-graph\">{\"@context\":\"https:\/\/schema.org\",\"@graph\":[{\"@type\":\"WebPage\",\"@id\":\"https:\/\/derbe.it\/prodotto\/profumo-liquirizia-e-mandarino\/\",\"url\":\"https:\/\/derbe.it\/prodotto\/profumo-liquirizia-e-mandarino\/\",\"name\":\"Profumo Liquirizia e Mandarino - Derbe - cosmetici naturali\",\"isPartOf\":{\"@id\":\"https:\/\/derbe.it\/#website\"},\"primaryImageOfPage\":{\"@id\":\"https:\/\/derbe.it\/prodotto\/profumo-liquirizia-e-mandarino\/#primaryimage\"},\"image\":{\"@id\":\"https:\/\/derbe.it\/prodotto\/profumo-liquirizia-e-mandarino\/#primaryimage\"},\"thumbnailUrl\":\"https:\/\/derbe.it\/wp-content\/uploads\/2025\/05\/profumo-liquirizia-mandarino-speziali-fiorentinii-derbe.jpg\",\"datePublished\":\"2018-09-26T07:25:04+00:00\",\"dateModified\":\"2025-09-03T15:52:15+00:00\",\"description\":\"Profumo ispirato dalle dolci colline Fiorentine, con note spiccate di liquirizia e mandarino.\",\"breadcrumb\":{\"@id\":\"https:\/\/derbe.it\/prodotto\/profumo-liquirizia-e-mandarino\/#breadcrumb\"},\"inLanguage\":\"fr-FR\",\"potentialAction\":[{\"@type\":\"ReadAction\",\"target\":[\"https:\/\/derbe.it\/prodotto\/profumo-liquirizia-e-mandarino\/\"]}]},{\"@type\":\"ImageObject\",\"inLanguage\":\"fr-FR\",\"@id\":\"https:\/\/derbe.it\/prodotto\/profumo-liquirizia-e-mandarino\/#primaryimage\",\"url\":\"https:\/\/derbe.it\/wp-content\/uploads\/2025\/05\/profumo-liquirizia-mandarino-speziali-fiorentinii-derbe.jpg\",\"contentUrl\":\"https:\/\/derbe.it\/wp-content\/uploads\/2025\/05\/profumo-liquirizia-mandarino-speziali-fiorentinii-derbe.jpg\",\"width\":1600,\"height\":2000,\"caption\":\"Profumo Liquirizia e mandarino - Speziali Fiorentini - Derbe\"},{\"@type\":\"BreadcrumbList\",\"@id\":\"https:\/\/derbe.it\/prodotto\/profumo-liquirizia-e-mandarino\/#breadcrumb\",\"itemListElement\":[{\"@type\":\"ListItem\",\"position\":1,\"name\":\"Home\",\"item\":\"https:\/\/derbe.it\/\"},{\"@type\":\"ListItem\",\"position\":2,\"name\":\"Shop\",\"item\":\"https:\/\/derbe.it\/en\/shop\/\"},{\"@type\":\"ListItem\",\"position\":3,\"name\":\"Profumo\",\"item\":\"https:\/\/derbe.it\/categoria-prodotto\/profumo\/\"},{\"@type\":\"ListItem\",\"position\":4,\"name\":\"Profumo Liquirizia e Mandarino\"}]},{\"@type\":\"WebSite\",\"@id\":\"https:\/\/derbe.it\/#website\",\"url\":\"https:\/\/derbe.it\/\",\"name\":\"Derbe\",\"description\":\"Da oltre 50 anni - Made in italy - prodotti per capelli e corpo con estratti vegetali e formule sostenibili\",\"publisher\":{\"@id\":\"https:\/\/derbe.it\/#organization\"},\"potentialAction\":[{\"@type\":\"SearchAction\",\"target\":{\"@type\":\"EntryPoint\",\"urlTemplate\":\"https:\/\/derbe.it\/?s={search_term_string}\"},\"query-input\":{\"@type\":\"PropertyValueSpecification\",\"valueRequired\":true,\"valueName\":\"search_term_string\"}}],\"inLanguage\":\"fr-FR\"},{\"@type\":\"Organization\",\"@id\":\"https:\/\/derbe.it\/#organization\",\"name\":\"Derbe\",\"url\":\"https:\/\/derbe.it\/\",\"logo\":{\"@type\":\"ImageObject\",\"inLanguage\":\"fr-FR\",\"@id\":\"https:\/\/derbe.it\/#\/schema\/logo\/image\/\",\"url\":\"https:\/\/derbe.it\/wp-content\/uploads\/2025\/06\/logo_derbe_firenze.png\",\"contentUrl\":\"https:\/\/derbe.it\/wp-content\/uploads\/2025\/06\/logo_derbe_firenze.png\",\"width\":1200,\"height\":497,\"caption\":\"Derbe\"},\"image\":{\"@id\":\"https:\/\/derbe.it\/#\/schema\/logo\/image\/\"},\"sameAs\":[\"https:\/\/www.facebook.com\/evoderbebio\",\"https:\/\/www.instagram.com\/derbe.official\/\"],\"email\":\"info@derbe.it\",\"telephone\":\"+39 055 42 11 799\",\"legalName\":\"Derbe S.r.l. a socio unico\",\"vatID\":\"07272610481\"}]}<\/script>\n<!-- \/ Yoast SEO Premium plugin. -->","yoast_head_json":{"title":"Parfum R\u00e9glisse et Mandarine - Derbe - cosm\u00e9tiques naturels","description":"Un parfum inspir\u00e9 des collines vallonn\u00e9es de Florence, avec des notes distinctes de r\u00e9glisse et de mandarine.","robots":{"index":"index","follow":"follow","max-snippet":"max-snippet:-1","max-image-preview":"max-image-preview:large","max-video-preview":"max-video-preview:-1"},"canonical":"https:\/\/derbe.it\/fr\/produit\/parfum-de-reglisse-et-de-mandarine\/","og_locale":"fr_FR","og_type":"article","og_title":"Profumo Liquirizia e Mandarino","og_description":"Profumo ispirato dalle dolci colline Fiorentine, con note spiccate di liquirizia e mandarino.","og_url":"https:\/\/derbe.it\/fr\/produit\/parfum-de-reglisse-et-de-mandarine\/","og_site_name":"Derbe - cosmetici naturali","article_publisher":"https:\/\/www.facebook.com\/evoderbebio","article_modified_time":"2025-09-03T15:52:15+00:00","og_image":[{"width":1600,"height":2000,"url":"https:\/\/derbe.it\/wp-content\/uploads\/2025\/05\/profumo-liquirizia-mandarino-speziali-fiorentinii-derbe.jpg","type":"image\/jpeg"}],"twitter_card":"summary_large_image","schema":{"@context":"https:\/\/schema.org","@graph":[{"@type":"WebPage","@id":"https:\/\/derbe.it\/prodotto\/profumo-liquirizia-e-mandarino\/","url":"https:\/\/derbe.it\/prodotto\/profumo-liquirizia-e-mandarino\/","name":"Parfum R\u00e9glisse et Mandarine - Derbe - cosm\u00e9tiques naturels","isPartOf":{"@id":"https:\/\/derbe.it\/#website"},"primaryImageOfPage":{"@id":"https:\/\/derbe.it\/prodotto\/profumo-liquirizia-e-mandarino\/#primaryimage"},"image":{"@id":"https:\/\/derbe.it\/prodotto\/profumo-liquirizia-e-mandarino\/#primaryimage"},"thumbnailUrl":"https:\/\/derbe.it\/wp-content\/uploads\/2025\/05\/profumo-liquirizia-mandarino-speziali-fiorentinii-derbe.jpg","datePublished":"2018-09-26T07:25:04+00:00","dateModified":"2025-09-03T15:52:15+00:00","description":"Un parfum inspir\u00e9 des collines vallonn\u00e9es de Florence, avec des notes distinctes de r\u00e9glisse et de mandarine.","breadcrumb":{"@id":"https:\/\/derbe.it\/prodotto\/profumo-liquirizia-e-mandarino\/#breadcrumb"},"inLanguage":"fr-FR","potentialAction":[{"@type":"ReadAction","target":["https:\/\/derbe.it\/prodotto\/profumo-liquirizia-e-mandarino\/"]}]},{"@type":"ImageObject","inLanguage":"fr-FR","@id":"https:\/\/derbe.it\/prodotto\/profumo-liquirizia-e-mandarino\/#primaryimage","url":"https:\/\/derbe.it\/wp-content\/uploads\/2025\/05\/profumo-liquirizia-mandarino-speziali-fiorentinii-derbe.jpg","contentUrl":"https:\/\/derbe.it\/wp-content\/uploads\/2025\/05\/profumo-liquirizia-mandarino-speziali-fiorentinii-derbe.jpg","width":1600,"height":2000,"caption":"Profumo Liquirizia e mandarino - Speziali Fiorentini - Derbe"},{"@type":"BreadcrumbList","@id":"https:\/\/derbe.it\/prodotto\/profumo-liquirizia-e-mandarino\/#breadcrumb","itemListElement":[{"@type":"ListItem","position":1,"name":"Home","item":"https:\/\/derbe.it\/"},{"@type":"ListItem","position":2,"name":"Shop","item":"https:\/\/derbe.it\/en\/shop\/"},{"@type":"ListItem","position":3,"name":"Profumo","item":"https:\/\/derbe.it\/categoria-prodotto\/profumo\/"},{"@type":"ListItem","position":4,"name":"Profumo Liquirizia e Mandarino"}]},{"@type":"WebSite","@id":"https:\/\/derbe.it\/#website","url":"https:\/\/derbe.it\/","name":"Derb\u00e9","description":"Depuis plus de 50 ans - Fabriqu\u00e9 en Italie - des produits pour les cheveux et le corps \u00e0 base d&#039;extraits de plantes et de formules durables","publisher":{"@id":"https:\/\/derbe.it\/#organization"},"potentialAction":[{"@type":"SearchAction","target":{"@type":"EntryPoint","urlTemplate":"https:\/\/derbe.it\/?s={search_term_string}"},"query-input":{"@type":"PropertyValueSpecification","valueRequired":true,"valueName":"search_term_string"}}],"inLanguage":"fr-FR"},{"@type":"Organization","@id":"https:\/\/derbe.it\/#organization","name":"Derb\u00e9","url":"https:\/\/derbe.it\/","logo":{"@type":"ImageObject","inLanguage":"fr-FR","@id":"https:\/\/derbe.it\/#\/schema\/logo\/image\/","url":"https:\/\/derbe.it\/wp-content\/uploads\/2025\/06\/logo_derbe_firenze.png","contentUrl":"https:\/\/derbe.it\/wp-content\/uploads\/2025\/06\/logo_derbe_firenze.png","width":1200,"height":497,"caption":"Derbe"},"image":{"@id":"https:\/\/derbe.it\/#\/schema\/logo\/image\/"},"sameAs":["https:\/\/www.facebook.com\/evoderbebio","https:\/\/www.instagram.com\/derbe.official\/"],"email":"info@derbe.it","telephone":"+39 055 42 11 799","legalName":"Derbe S.r.l. a socio unico","vatID":"07272610481"}]}},"_links":{"self":[{"href":"https:\/\/derbe.it\/fr\/wp-json\/wp\/v2\/product\/630","targetHints":{"allow":["GET"]}}],"collection":[{"href":"https:\/\/derbe.it\/fr\/wp-json\/wp\/v2\/product"}],"about":[{"href":"https:\/\/derbe.it\/fr\/wp-json\/wp\/v2\/types\/product"}],"wp:featuredmedia":[{"embeddable":true,"href":"https:\/\/derbe.it\/fr\/wp-json\/wp\/v2\/media\/631"}],"wp:attachment":[{"href":"https:\/\/derbe.it\/fr\/wp-json\/wp\/v2\/media?parent=630"}],"wp:term":[{"taxonomy":"caratteristica","embeddable":true,"href":"https:\/\/derbe.it\/fr\/wp-json\/wp\/v2\/caratteristica?post=630"},{"taxonomy":"collezione","embeddable":true,"href":"https:\/\/derbe.it\/fr\/wp-json\/wp\/v2\/collezione?post=630"},{"taxonomy":"formato","embeddable":true,"href":"https:\/\/derbe.it\/fr\/wp-json\/wp\/v2\/formato?post=630"},{"taxonomy":"funzione","embeddable":true,"href":"https:\/\/derbe.it\/fr\/wp-json\/wp\/v2\/funzione?post=630"},{"taxonomy":"utilizzo","embeddable":true,"href":"https:\/\/derbe.it\/fr\/wp-json\/wp\/v2\/utilizzo?post=630"},{"taxonomy":"ingrediente-principale","embeddable":true,"href":"https:\/\/derbe.it\/fr\/wp-json\/wp\/v2\/ingrediente-principale?post=630"},{"taxonomy":"product_brand","embeddable":true,"href":"https:\/\/derbe.it\/fr\/wp-json\/wp\/v2\/product_brand?post=630"},{"taxonomy":"product_cat","embeddable":true,"href":"https:\/\/derbe.it\/fr\/wp-json\/wp\/v2\/product_cat?post=630"},{"taxonomy":"product_tag","embeddable":true,"href":"https:\/\/derbe.it\/fr\/wp-json\/wp\/v2\/product_tag?post=630"}],"curies":[{"name":"wp","href":"https:\/\/api.w.org\/{rel}","templated":true}]}}