{"id":644,"date":"2018-09-26T09:26:56","date_gmt":"2018-09-26T07:26:56","guid":{"rendered":"https:\/\/derbe.it\/prodotto\/docciasciampo-gel-derbesport\/"},"modified":"2025-11-05T17:36:27","modified_gmt":"2025-11-05T16:36:27","slug":"shampoing-gel-douche-derbesport","status":"publish","type":"product","link":"https:\/\/derbe.it\/fr\/produit\/shampoing-gel-douche-derbesport\/","title":{"rendered":"Gel douche shampoing Derbesport"},"content":{"rendered":"<p>Ce nettoyant unique aux multiples qualit\u00e9s procure une sensation de fra\u00eecheur naturelle et nettoie en douceur l&#039;ensemble du corps, y compris les zones intimes. Excellent shampoing, il peut \u00e9galement \u00eatre utilis\u00e9 avec de l&#039;eau de mer. Riche en actifs \u2013 menthe, ginseng et prot\u00e9ines de riz aux propri\u00e9t\u00e9s naturellement anti-fatigue et assainissantes \u2013 il est id\u00e9al apr\u00e8s toute activit\u00e9 sportive et \u00e0 tout moment o\u00f9 vous souhaitez un nettoyage doux, associ\u00e9 \u00e0 une action pr\u00e9ventive et protectrice pour la peau. Son utilisation est indispensable \u00e0 la piscine, \u00e0 la salle de sport et en bateau. Pour un soin complet, nous vous recommandons d&#039;utiliser le gel douche anti-fatigue Derbesport.<\/p>","protected":false},"excerpt":{"rendered":"<p>Un unico detergente dalle molte qualit\u00e0, dona naturalit\u00e0 e freschezza, pulisce delicatamente tutto il corpo comprese le parti intime, \u00e8 un ottimo sciampo per i capelli e si pu\u00f2 adoperare anche con acqua di mare. E&#8217; ricco di principi attivi: menta, ginseng, proteine del riso dalle propriet\u00e0 defaticanti naturalmente igienizzanti ed \u00e8 quindi indicato dopo qualsiasi tipo di sport e in ogni occasione nella quale \u00e8 desiderata una detersione delicata insieme ad un&#8217;azione di prevenzione e di difesa della pelle. [&#8230;]<\/p>\n<p><a class=\"btn btn-secondary understrap-read-more-link\" href=\"https:\/\/derbe.it\/fr\/produit\/shampoing-gel-douche-derbesport\/\">En savoir plus\u2026<span class=\"screen-reader-text\"> de Shower Shampoo Gel Derbesport<\/span><\/a><\/p>","protected":false},"featured_media":645,"template":"","meta":{"_acf_changed":false},"caratteristica":[],"collezione":[56],"formato":[],"funzione":[],"utilizzo":[],"ingrediente-principale":[],"product_brand":[],"product_cat":[22],"product_tag":[],"class_list":{"0":"post-644","1":"product","2":"type-product","3":"status-publish","4":"has-post-thumbnail","6":"collezione-derbe-sport","7":"product_cat-bagnoschiuma","9":"first","10":"instock","11":"purchasable","12":"product-type-simple"},"acf":[],"yoast_head":"<!-- This site is optimized with the Yoast SEO Premium plugin v26.1 (Yoast SEO v26.8) - https:\/\/yoast.com\/product\/yoast-seo-premium-wordpress\/ -->\n<title>DocciaShampoo Gel Derbesport - Derbe - cosmetici naturali<\/title>\n<meta name=\"description\" content=\"Un unico detergente dalle molte qualit\u00e0, dona naturalit\u00e0 e freschezza, pulisce delicatamente tutto il corpo comprese le parti intime, \u00e8 un ottimo sciampo per i capelli e si pu\u00f2 adoperare anche con acqua di mare. E&#039; ricco di principi attivi: menta, ginseng, proteine del riso dalle propriet\u00e0 defaticanti naturalmente igienizzanti ed \u00e8 quindi indicato dopo qualsiasi tipo di sport e in ogni occasione nella quale \u00e8 desiderata una detersione delicata insieme ad un&#039;azione di prevenzione e di difesa della pelle.\" \/>\n<meta name=\"robots\" content=\"index, follow, max-snippet:-1, max-image-preview:large, max-video-preview:-1\" \/>\n<link rel=\"canonical\" href=\"https:\/\/derbe.it\/fr\/produit\/shampoing-gel-douche-derbesport\/\" \/>\n<meta property=\"og:locale\" content=\"fr_FR\" \/>\n<meta property=\"og:type\" content=\"article\" \/>\n<meta property=\"og:title\" content=\"DocciaShampoo Gel Derbesport\" \/>\n<meta property=\"og:description\" content=\"Un unico detergente dalle molte qualit\u00e0, dona naturalit\u00e0 e freschezza, pulisce delicatamente tutto il corpo comprese le parti intime, \u00e8 un ottimo sciampo per i capelli e si pu\u00f2 adoperare anche con acqua di mare. E&#039; ricco di principi attivi: menta, ginseng, proteine del riso dalle propriet\u00e0 defaticanti naturalmente igienizzanti ed \u00e8 quindi indicato dopo qualsiasi tipo di sport e in ogni occasione nella quale \u00e8 desiderata una detersione delicata insieme ad un&#039;azione di prevenzione e di difesa della pelle.\" \/>\n<meta property=\"og:url\" content=\"https:\/\/derbe.it\/fr\/produit\/shampoing-gel-douche-derbesport\/\" \/>\n<meta property=\"og:site_name\" content=\"Derbe - cosmetici naturali\" \/>\n<meta property=\"article:publisher\" content=\"https:\/\/www.facebook.com\/evoderbebio\" \/>\n<meta property=\"article:modified_time\" content=\"2025-11-05T16:36:27+00:00\" \/>\n<meta property=\"og:image\" content=\"https:\/\/derbe.it\/wp-content\/uploads\/2025\/05\/docciasciampo-gel-defaticante-derbesport-derbe.jpg\" \/>\n\t<meta property=\"og:image:width\" content=\"1600\" \/>\n\t<meta property=\"og:image:height\" content=\"2000\" \/>\n\t<meta property=\"og:image:type\" content=\"image\/jpeg\" \/>\n<meta name=\"twitter:card\" content=\"summary_large_image\" \/>\n<meta name=\"twitter:label1\" content=\"Dur\u00e9e de lecture estim\u00e9e\" \/>\n\t<meta name=\"twitter:data1\" content=\"2 minutes\" \/>\n<script type=\"application\/ld+json\" class=\"yoast-schema-graph\">{\"@context\":\"https:\/\/schema.org\",\"@graph\":[{\"@type\":\"WebPage\",\"@id\":\"https:\/\/derbe.it\/prodotto\/docciasciampo-gel-derbesport\/\",\"url\":\"https:\/\/derbe.it\/prodotto\/docciasciampo-gel-derbesport\/\",\"name\":\"DocciaShampoo Gel Derbesport - Derbe - cosmetici naturali\",\"isPartOf\":{\"@id\":\"https:\/\/derbe.it\/#website\"},\"primaryImageOfPage\":{\"@id\":\"https:\/\/derbe.it\/prodotto\/docciasciampo-gel-derbesport\/#primaryimage\"},\"image\":{\"@id\":\"https:\/\/derbe.it\/prodotto\/docciasciampo-gel-derbesport\/#primaryimage\"},\"thumbnailUrl\":\"https:\/\/derbe.it\/wp-content\/uploads\/2025\/05\/docciasciampo-gel-defaticante-derbesport-derbe.jpg\",\"datePublished\":\"2018-09-26T07:26:56+00:00\",\"dateModified\":\"2025-11-05T16:36:27+00:00\",\"description\":\"Un unico detergente dalle molte qualit\u00e0, dona naturalit\u00e0 e freschezza, pulisce delicatamente tutto il corpo comprese le parti intime, \u00e8 un ottimo sciampo per i capelli e si pu\u00f2 adoperare anche con acqua di mare. E' ricco di principi attivi: menta, ginseng, proteine del riso dalle propriet\u00e0 defaticanti naturalmente igienizzanti ed \u00e8 quindi indicato dopo qualsiasi tipo di sport e in ogni occasione nella quale \u00e8 desiderata una detersione delicata insieme ad un'azione di prevenzione e di difesa della pelle.\",\"breadcrumb\":{\"@id\":\"https:\/\/derbe.it\/prodotto\/docciasciampo-gel-derbesport\/#breadcrumb\"},\"inLanguage\":\"fr-FR\",\"potentialAction\":[{\"@type\":\"ReadAction\",\"target\":[\"https:\/\/derbe.it\/prodotto\/docciasciampo-gel-derbesport\/\"]}]},{\"@type\":\"ImageObject\",\"inLanguage\":\"fr-FR\",\"@id\":\"https:\/\/derbe.it\/prodotto\/docciasciampo-gel-derbesport\/#primaryimage\",\"url\":\"https:\/\/derbe.it\/wp-content\/uploads\/2025\/05\/docciasciampo-gel-defaticante-derbesport-derbe.jpg\",\"contentUrl\":\"https:\/\/derbe.it\/wp-content\/uploads\/2025\/05\/docciasciampo-gel-defaticante-derbesport-derbe.jpg\",\"width\":1600,\"height\":2000,\"caption\":\"Doccia Sciampo gel per lo sport - Derbe\"},{\"@type\":\"BreadcrumbList\",\"@id\":\"https:\/\/derbe.it\/prodotto\/docciasciampo-gel-derbesport\/#breadcrumb\",\"itemListElement\":[{\"@type\":\"ListItem\",\"position\":1,\"name\":\"Home\",\"item\":\"https:\/\/derbe.it\/\"},{\"@type\":\"ListItem\",\"position\":2,\"name\":\"Shop\",\"item\":\"https:\/\/derbe.it\/en\/shop\/\"},{\"@type\":\"ListItem\",\"position\":3,\"name\":\"Bagnoschiuma\",\"item\":\"https:\/\/derbe.it\/categoria-prodotto\/bagnoschiuma\/\"},{\"@type\":\"ListItem\",\"position\":4,\"name\":\"DocciaShampoo Gel Derbesport\"}]},{\"@type\":\"WebSite\",\"@id\":\"https:\/\/derbe.it\/#website\",\"url\":\"https:\/\/derbe.it\/\",\"name\":\"Derbe\",\"description\":\"Da oltre 50 anni - Made in italy - prodotti per capelli e corpo con estratti vegetali e formule sostenibili\",\"publisher\":{\"@id\":\"https:\/\/derbe.it\/#organization\"},\"potentialAction\":[{\"@type\":\"SearchAction\",\"target\":{\"@type\":\"EntryPoint\",\"urlTemplate\":\"https:\/\/derbe.it\/?s={search_term_string}\"},\"query-input\":{\"@type\":\"PropertyValueSpecification\",\"valueRequired\":true,\"valueName\":\"search_term_string\"}}],\"inLanguage\":\"fr-FR\"},{\"@type\":\"Organization\",\"@id\":\"https:\/\/derbe.it\/#organization\",\"name\":\"Derbe\",\"url\":\"https:\/\/derbe.it\/\",\"logo\":{\"@type\":\"ImageObject\",\"inLanguage\":\"fr-FR\",\"@id\":\"https:\/\/derbe.it\/#\/schema\/logo\/image\/\",\"url\":\"https:\/\/derbe.it\/wp-content\/uploads\/2025\/06\/logo_derbe_firenze.png\",\"contentUrl\":\"https:\/\/derbe.it\/wp-content\/uploads\/2025\/06\/logo_derbe_firenze.png\",\"width\":1200,\"height\":497,\"caption\":\"Derbe\"},\"image\":{\"@id\":\"https:\/\/derbe.it\/#\/schema\/logo\/image\/\"},\"sameAs\":[\"https:\/\/www.facebook.com\/evoderbebio\",\"https:\/\/www.instagram.com\/derbe.official\/\"],\"email\":\"info@derbe.it\",\"telephone\":\"+39 055 42 11 799\",\"legalName\":\"Derbe S.r.l. a socio unico\",\"vatID\":\"07272610481\"}]}<\/script>\n<!-- \/ Yoast SEO Premium plugin. -->","yoast_head_json":{"title":"Gel douche shampoing Derbesport - Derbe - cosm\u00e9tiques naturels","description":"Un nettoyant unique aux multiples vertus, il procure une sensation de fra\u00eecheur naturelle et nettoie en douceur tout le corps, y compris les zones intimes. C&#039;est \u00e9galement un excellent shampoing capillaire et peut \u00eatre utilis\u00e9 \u00e0 l&#039;eau de mer. Riche en ingr\u00e9dients actifs\u00a0: menthe, ginseng et prot\u00e9ines de riz aux propri\u00e9t\u00e9s naturellement antifatigues et assainissantes, il est id\u00e9al apr\u00e8s tout type de sport et chaque fois que vous avez besoin d&#039;un nettoyage doux combin\u00e9 \u00e0 une action pr\u00e9ventive et protectrice.","robots":{"index":"index","follow":"follow","max-snippet":"max-snippet:-1","max-image-preview":"max-image-preview:large","max-video-preview":"max-video-preview:-1"},"canonical":"https:\/\/derbe.it\/fr\/produit\/shampoing-gel-douche-derbesport\/","og_locale":"fr_FR","og_type":"article","og_title":"DocciaShampoo Gel Derbesport","og_description":"Un unico detergente dalle molte qualit\u00e0, dona naturalit\u00e0 e freschezza, pulisce delicatamente tutto il corpo comprese le parti intime, \u00e8 un ottimo sciampo per i capelli e si pu\u00f2 adoperare anche con acqua di mare. E' ricco di principi attivi: menta, ginseng, proteine del riso dalle propriet\u00e0 defaticanti naturalmente igienizzanti ed \u00e8 quindi indicato dopo qualsiasi tipo di sport e in ogni occasione nella quale \u00e8 desiderata una detersione delicata insieme ad un'azione di prevenzione e di difesa della pelle.","og_url":"https:\/\/derbe.it\/fr\/produit\/shampoing-gel-douche-derbesport\/","og_site_name":"Derbe - cosmetici naturali","article_publisher":"https:\/\/www.facebook.com\/evoderbebio","article_modified_time":"2025-11-05T16:36:27+00:00","og_image":[{"width":1600,"height":2000,"url":"https:\/\/derbe.it\/wp-content\/uploads\/2025\/05\/docciasciampo-gel-defaticante-derbesport-derbe.jpg","type":"image\/jpeg"}],"twitter_card":"summary_large_image","twitter_misc":{"Dur\u00e9e de lecture estim\u00e9e":"2 minutes"},"schema":{"@context":"https:\/\/schema.org","@graph":[{"@type":"WebPage","@id":"https:\/\/derbe.it\/prodotto\/docciasciampo-gel-derbesport\/","url":"https:\/\/derbe.it\/prodotto\/docciasciampo-gel-derbesport\/","name":"Gel douche shampoing Derbesport - Derbe - cosm\u00e9tiques naturels","isPartOf":{"@id":"https:\/\/derbe.it\/#website"},"primaryImageOfPage":{"@id":"https:\/\/derbe.it\/prodotto\/docciasciampo-gel-derbesport\/#primaryimage"},"image":{"@id":"https:\/\/derbe.it\/prodotto\/docciasciampo-gel-derbesport\/#primaryimage"},"thumbnailUrl":"https:\/\/derbe.it\/wp-content\/uploads\/2025\/05\/docciasciampo-gel-defaticante-derbesport-derbe.jpg","datePublished":"2018-09-26T07:26:56+00:00","dateModified":"2025-11-05T16:36:27+00:00","description":"Un nettoyant unique aux multiples vertus, il procure une sensation de fra\u00eecheur naturelle et nettoie en douceur tout le corps, y compris les zones intimes. C&#039;est \u00e9galement un excellent shampoing capillaire et peut \u00eatre utilis\u00e9 \u00e0 l&#039;eau de mer. Riche en ingr\u00e9dients actifs\u00a0: menthe, ginseng et prot\u00e9ines de riz aux propri\u00e9t\u00e9s naturellement antifatigues et assainissantes, il est id\u00e9al apr\u00e8s tout type de sport et chaque fois que vous avez besoin d&#039;un nettoyage doux combin\u00e9 \u00e0 une action pr\u00e9ventive et protectrice.","breadcrumb":{"@id":"https:\/\/derbe.it\/prodotto\/docciasciampo-gel-derbesport\/#breadcrumb"},"inLanguage":"fr-FR","potentialAction":[{"@type":"ReadAction","target":["https:\/\/derbe.it\/prodotto\/docciasciampo-gel-derbesport\/"]}]},{"@type":"ImageObject","inLanguage":"fr-FR","@id":"https:\/\/derbe.it\/prodotto\/docciasciampo-gel-derbesport\/#primaryimage","url":"https:\/\/derbe.it\/wp-content\/uploads\/2025\/05\/docciasciampo-gel-defaticante-derbesport-derbe.jpg","contentUrl":"https:\/\/derbe.it\/wp-content\/uploads\/2025\/05\/docciasciampo-gel-defaticante-derbesport-derbe.jpg","width":1600,"height":2000,"caption":"Doccia Sciampo gel per lo sport - Derbe"},{"@type":"BreadcrumbList","@id":"https:\/\/derbe.it\/prodotto\/docciasciampo-gel-derbesport\/#breadcrumb","itemListElement":[{"@type":"ListItem","position":1,"name":"Home","item":"https:\/\/derbe.it\/"},{"@type":"ListItem","position":2,"name":"Shop","item":"https:\/\/derbe.it\/en\/shop\/"},{"@type":"ListItem","position":3,"name":"Bagnoschiuma","item":"https:\/\/derbe.it\/categoria-prodotto\/bagnoschiuma\/"},{"@type":"ListItem","position":4,"name":"DocciaShampoo Gel Derbesport"}]},{"@type":"WebSite","@id":"https:\/\/derbe.it\/#website","url":"https:\/\/derbe.it\/","name":"Derb\u00e9","description":"Depuis plus de 50 ans - Fabriqu\u00e9 en Italie - des produits pour les cheveux et le corps \u00e0 base d&#039;extraits de plantes et de formules durables","publisher":{"@id":"https:\/\/derbe.it\/#organization"},"potentialAction":[{"@type":"SearchAction","target":{"@type":"EntryPoint","urlTemplate":"https:\/\/derbe.it\/?s={search_term_string}"},"query-input":{"@type":"PropertyValueSpecification","valueRequired":true,"valueName":"search_term_string"}}],"inLanguage":"fr-FR"},{"@type":"Organization","@id":"https:\/\/derbe.it\/#organization","name":"Derb\u00e9","url":"https:\/\/derbe.it\/","logo":{"@type":"ImageObject","inLanguage":"fr-FR","@id":"https:\/\/derbe.it\/#\/schema\/logo\/image\/","url":"https:\/\/derbe.it\/wp-content\/uploads\/2025\/06\/logo_derbe_firenze.png","contentUrl":"https:\/\/derbe.it\/wp-content\/uploads\/2025\/06\/logo_derbe_firenze.png","width":1200,"height":497,"caption":"Derbe"},"image":{"@id":"https:\/\/derbe.it\/#\/schema\/logo\/image\/"},"sameAs":["https:\/\/www.facebook.com\/evoderbebio","https:\/\/www.instagram.com\/derbe.official\/"],"email":"info@derbe.it","telephone":"+39 055 42 11 799","legalName":"Derbe S.r.l. a socio unico","vatID":"07272610481"}]}},"_links":{"self":[{"href":"https:\/\/derbe.it\/fr\/wp-json\/wp\/v2\/product\/644","targetHints":{"allow":["GET"]}}],"collection":[{"href":"https:\/\/derbe.it\/fr\/wp-json\/wp\/v2\/product"}],"about":[{"href":"https:\/\/derbe.it\/fr\/wp-json\/wp\/v2\/types\/product"}],"wp:featuredmedia":[{"embeddable":true,"href":"https:\/\/derbe.it\/fr\/wp-json\/wp\/v2\/media\/645"}],"wp:attachment":[{"href":"https:\/\/derbe.it\/fr\/wp-json\/wp\/v2\/media?parent=644"}],"wp:term":[{"taxonomy":"caratteristica","embeddable":true,"href":"https:\/\/derbe.it\/fr\/wp-json\/wp\/v2\/caratteristica?post=644"},{"taxonomy":"collezione","embeddable":true,"href":"https:\/\/derbe.it\/fr\/wp-json\/wp\/v2\/collezione?post=644"},{"taxonomy":"formato","embeddable":true,"href":"https:\/\/derbe.it\/fr\/wp-json\/wp\/v2\/formato?post=644"},{"taxonomy":"funzione","embeddable":true,"href":"https:\/\/derbe.it\/fr\/wp-json\/wp\/v2\/funzione?post=644"},{"taxonomy":"utilizzo","embeddable":true,"href":"https:\/\/derbe.it\/fr\/wp-json\/wp\/v2\/utilizzo?post=644"},{"taxonomy":"ingrediente-principale","embeddable":true,"href":"https:\/\/derbe.it\/fr\/wp-json\/wp\/v2\/ingrediente-principale?post=644"},{"taxonomy":"product_brand","embeddable":true,"href":"https:\/\/derbe.it\/fr\/wp-json\/wp\/v2\/product_brand?post=644"},{"taxonomy":"product_cat","embeddable":true,"href":"https:\/\/derbe.it\/fr\/wp-json\/wp\/v2\/product_cat?post=644"},{"taxonomy":"product_tag","embeddable":true,"href":"https:\/\/derbe.it\/fr\/wp-json\/wp\/v2\/product_tag?post=644"}],"curies":[{"name":"wp","href":"https:\/\/api.w.org\/{rel}","templated":true}]}}