{"id":652,"date":"2018-09-26T09:26:53","date_gmt":"2018-09-26T07:26:53","guid":{"rendered":"https:\/\/derbe.it\/prodotto\/deodorante-per-lo-sport\/"},"modified":"2025-10-20T11:36:36","modified_gmt":"2025-10-20T09:36:36","slug":"deodorant-sportif","status":"publish","type":"product","link":"https:\/\/derbe.it\/fr\/produit\/deodorant-sportif\/","title":{"rendered":"D\u00e9odorant sportif"},"content":{"rendered":"<p>Ce d\u00e9odorant gr\u00e2ce \u00e0<br \/>\nses substances fonctionnelles (extrait<br \/>\n(de propolis, de menthe et d&#039;\u00e9chinac\u00e9e)<br \/>\nIl est efficace pour ceux qui ont des probl\u00e8mes avec<br \/>\ntranspiration excessive.<br \/>\nSon caract\u00e8re naturel le rend<br \/>\nparticuli\u00e8rement adapt\u00e9 \u00e9galement<br \/>\naux peaux hypersensibles et<br \/>\nfacilement irritable.<br \/>\nLe r\u00e9sultat est optimal<br \/>\nr\u00e9gulation de la transpiration<br \/>\ntoute la journ\u00e9e.<\/p>","protected":false},"excerpt":{"rendered":"<p>Questo deodorante grazie alle sue sostanze funzionali (estratto di propoli, menta ed echinacea) \u00e8 efficace per chi ha problemi di traspirazione eccessiva. La sua naturalezza lo rende particolarmente adatto anche alla pelle ipersensibile e facilmente irritabile. Il risultato \u00e8 un&#8217;ottimale regolazione della sudorazione per tutto il giorno. [&#8230;]<\/p>\n<p><a class=\"btn btn-secondary understrap-read-more-link\" href=\"https:\/\/derbe.it\/fr\/produit\/deodorant-sportif\/\">En savoir plus\u2026<span class=\"screen-reader-text\"> d\u00e9odorant pour sportifs<\/span><\/a><\/p>","protected":false},"featured_media":24897,"template":"","meta":{"_acf_changed":false},"caratteristica":[],"collezione":[56],"formato":[],"funzione":[],"utilizzo":[],"ingrediente-principale":[],"product_brand":[],"product_cat":[20],"product_tag":[],"class_list":{"0":"post-652","1":"product","2":"type-product","3":"status-publish","4":"has-post-thumbnail","6":"collezione-derbe-sport","7":"product_cat-deodorante","9":"first","10":"instock","11":"purchasable","12":"product-type-simple"},"acf":[],"yoast_head":"<!-- This site is optimized with the Yoast SEO Premium plugin v26.1 (Yoast SEO v26.8) - https:\/\/yoast.com\/product\/yoast-seo-premium-wordpress\/ -->\n<title>Deodorante per lo Sport - Derbe - cosmetici naturali<\/title>\n<meta name=\"description\" content=\"Questo deodorante grazie alle sue sostanze funzionali (estratto di propoli, menta ed echinacea) \u00e8 efficace per chi ha problemi di traspirazione eccessiva. La sua naturalezza lo rende particolarmente adatto anche alla pelle ipersensibile e facilmente irritabile. Il risultato \u00e8 un&#039;ottimale regolazione della sudorazione per tutto il giorno.\" \/>\n<meta name=\"robots\" content=\"index, follow, max-snippet:-1, max-image-preview:large, max-video-preview:-1\" \/>\n<link rel=\"canonical\" href=\"https:\/\/derbe.it\/fr\/produit\/deodorant-sportif\/\" \/>\n<meta property=\"og:locale\" content=\"fr_FR\" \/>\n<meta property=\"og:type\" content=\"article\" \/>\n<meta property=\"og:title\" content=\"Deodorante per lo Sport\" \/>\n<meta property=\"og:description\" content=\"Questo deodorante grazie alle sue sostanze funzionali (estratto di propoli, menta ed echinacea) \u00e8 efficace per chi ha problemi di traspirazione eccessiva. La sua naturalezza lo rende particolarmente adatto anche alla pelle ipersensibile e facilmente irritabile. Il risultato \u00e8 un&#039;ottimale regolazione della sudorazione per tutto il giorno.\" \/>\n<meta property=\"og:url\" content=\"https:\/\/derbe.it\/fr\/produit\/deodorant-sportif\/\" \/>\n<meta property=\"og:site_name\" content=\"Derbe - cosmetici naturali\" \/>\n<meta property=\"article:publisher\" content=\"https:\/\/www.facebook.com\/evoderbebio\" \/>\n<meta property=\"article:modified_time\" content=\"2025-10-20T09:36:36+00:00\" \/>\n<meta property=\"og:image\" content=\"https:\/\/derbe.it\/wp-content\/uploads\/2018\/09\/deodorante-derbe-sport.jpg\" \/>\n\t<meta property=\"og:image:width\" content=\"1229\" \/>\n\t<meta property=\"og:image:height\" content=\"1536\" \/>\n\t<meta property=\"og:image:type\" content=\"image\/jpeg\" \/>\n<meta name=\"twitter:card\" content=\"summary_large_image\" \/>\n<meta name=\"twitter:label1\" content=\"Dur\u00e9e de lecture estim\u00e9e\" \/>\n\t<meta name=\"twitter:data1\" content=\"1 minute\" \/>\n<script type=\"application\/ld+json\" class=\"yoast-schema-graph\">{\"@context\":\"https:\/\/schema.org\",\"@graph\":[{\"@type\":\"WebPage\",\"@id\":\"https:\/\/derbe.it\/prodotto\/deodorante-per-lo-sport\/\",\"url\":\"https:\/\/derbe.it\/prodotto\/deodorante-per-lo-sport\/\",\"name\":\"Deodorante per lo Sport - Derbe - cosmetici naturali\",\"isPartOf\":{\"@id\":\"https:\/\/derbe.it\/#website\"},\"primaryImageOfPage\":{\"@id\":\"https:\/\/derbe.it\/prodotto\/deodorante-per-lo-sport\/#primaryimage\"},\"image\":{\"@id\":\"https:\/\/derbe.it\/prodotto\/deodorante-per-lo-sport\/#primaryimage\"},\"thumbnailUrl\":\"https:\/\/derbe.it\/wp-content\/uploads\/2018\/09\/deodorante-derbe-sport.jpg\",\"datePublished\":\"2018-09-26T07:26:53+00:00\",\"dateModified\":\"2025-10-20T09:36:36+00:00\",\"description\":\"Questo deodorante grazie alle sue sostanze funzionali (estratto di propoli, menta ed echinacea) \u00e8 efficace per chi ha problemi di traspirazione eccessiva. La sua naturalezza lo rende particolarmente adatto anche alla pelle ipersensibile e facilmente irritabile. Il risultato \u00e8 un'ottimale regolazione della sudorazione per tutto il giorno.\",\"breadcrumb\":{\"@id\":\"https:\/\/derbe.it\/prodotto\/deodorante-per-lo-sport\/#breadcrumb\"},\"inLanguage\":\"fr-FR\",\"potentialAction\":[{\"@type\":\"ReadAction\",\"target\":[\"https:\/\/derbe.it\/prodotto\/deodorante-per-lo-sport\/\"]}]},{\"@type\":\"ImageObject\",\"inLanguage\":\"fr-FR\",\"@id\":\"https:\/\/derbe.it\/prodotto\/deodorante-per-lo-sport\/#primaryimage\",\"url\":\"https:\/\/derbe.it\/wp-content\/uploads\/2018\/09\/deodorante-derbe-sport.jpg\",\"contentUrl\":\"https:\/\/derbe.it\/wp-content\/uploads\/2018\/09\/deodorante-derbe-sport.jpg\",\"width\":1229,\"height\":1536},{\"@type\":\"BreadcrumbList\",\"@id\":\"https:\/\/derbe.it\/prodotto\/deodorante-per-lo-sport\/#breadcrumb\",\"itemListElement\":[{\"@type\":\"ListItem\",\"position\":1,\"name\":\"Home\",\"item\":\"https:\/\/derbe.it\/\"},{\"@type\":\"ListItem\",\"position\":2,\"name\":\"Shop\",\"item\":\"https:\/\/derbe.it\/en\/shop\/\"},{\"@type\":\"ListItem\",\"position\":3,\"name\":\"Deodorante\",\"item\":\"https:\/\/derbe.it\/categoria-prodotto\/deodorante\/\"},{\"@type\":\"ListItem\",\"position\":4,\"name\":\"Deodorante per lo Sport\"}]},{\"@type\":\"WebSite\",\"@id\":\"https:\/\/derbe.it\/#website\",\"url\":\"https:\/\/derbe.it\/\",\"name\":\"Derbe\",\"description\":\"Da oltre 50 anni - Made in italy - prodotti per capelli e corpo con estratti vegetali e formule sostenibili\",\"publisher\":{\"@id\":\"https:\/\/derbe.it\/#organization\"},\"potentialAction\":[{\"@type\":\"SearchAction\",\"target\":{\"@type\":\"EntryPoint\",\"urlTemplate\":\"https:\/\/derbe.it\/?s={search_term_string}\"},\"query-input\":{\"@type\":\"PropertyValueSpecification\",\"valueRequired\":true,\"valueName\":\"search_term_string\"}}],\"inLanguage\":\"fr-FR\"},{\"@type\":\"Organization\",\"@id\":\"https:\/\/derbe.it\/#organization\",\"name\":\"Derbe\",\"url\":\"https:\/\/derbe.it\/\",\"logo\":{\"@type\":\"ImageObject\",\"inLanguage\":\"fr-FR\",\"@id\":\"https:\/\/derbe.it\/#\/schema\/logo\/image\/\",\"url\":\"https:\/\/derbe.it\/wp-content\/uploads\/2025\/06\/logo_derbe_firenze.png\",\"contentUrl\":\"https:\/\/derbe.it\/wp-content\/uploads\/2025\/06\/logo_derbe_firenze.png\",\"width\":1200,\"height\":497,\"caption\":\"Derbe\"},\"image\":{\"@id\":\"https:\/\/derbe.it\/#\/schema\/logo\/image\/\"},\"sameAs\":[\"https:\/\/www.facebook.com\/evoderbebio\",\"https:\/\/www.instagram.com\/derbe.official\/\"],\"email\":\"info@derbe.it\",\"telephone\":\"+39 055 42 11 799\",\"legalName\":\"Derbe S.r.l. a socio unico\",\"vatID\":\"07272610481\"}]}<\/script>\n<!-- \/ Yoast SEO Premium plugin. -->","yoast_head_json":{"title":"D\u00e9odorant sport - Derbe - Cosm\u00e9tiques naturels","description":"Gr\u00e2ce \u00e0 ses ingr\u00e9dients actifs (extrait de propolis, menthe et \u00e9chinac\u00e9e), ce d\u00e9odorant est efficace contre la transpiration excessive. Ses ingr\u00e9dients naturels le rendent \u00e9galement particuli\u00e8rement adapt\u00e9 aux peaux hypersensibles et facilement irrit\u00e9es. R\u00e9sultat\u00a0: une transpiration optimale tout au long de la journ\u00e9e.","robots":{"index":"index","follow":"follow","max-snippet":"max-snippet:-1","max-image-preview":"max-image-preview:large","max-video-preview":"max-video-preview:-1"},"canonical":"https:\/\/derbe.it\/fr\/produit\/deodorant-sportif\/","og_locale":"fr_FR","og_type":"article","og_title":"Deodorante per lo Sport","og_description":"Questo deodorante grazie alle sue sostanze funzionali (estratto di propoli, menta ed echinacea) \u00e8 efficace per chi ha problemi di traspirazione eccessiva. La sua naturalezza lo rende particolarmente adatto anche alla pelle ipersensibile e facilmente irritabile. Il risultato \u00e8 un'ottimale regolazione della sudorazione per tutto il giorno.","og_url":"https:\/\/derbe.it\/fr\/produit\/deodorant-sportif\/","og_site_name":"Derbe - cosmetici naturali","article_publisher":"https:\/\/www.facebook.com\/evoderbebio","article_modified_time":"2025-10-20T09:36:36+00:00","og_image":[{"width":1229,"height":1536,"url":"https:\/\/derbe.it\/wp-content\/uploads\/2018\/09\/deodorante-derbe-sport.jpg","type":"image\/jpeg"}],"twitter_card":"summary_large_image","twitter_misc":{"Dur\u00e9e de lecture estim\u00e9e":"1 minute"},"schema":{"@context":"https:\/\/schema.org","@graph":[{"@type":"WebPage","@id":"https:\/\/derbe.it\/prodotto\/deodorante-per-lo-sport\/","url":"https:\/\/derbe.it\/prodotto\/deodorante-per-lo-sport\/","name":"D\u00e9odorant sport - Derbe - Cosm\u00e9tiques naturels","isPartOf":{"@id":"https:\/\/derbe.it\/#website"},"primaryImageOfPage":{"@id":"https:\/\/derbe.it\/prodotto\/deodorante-per-lo-sport\/#primaryimage"},"image":{"@id":"https:\/\/derbe.it\/prodotto\/deodorante-per-lo-sport\/#primaryimage"},"thumbnailUrl":"https:\/\/derbe.it\/wp-content\/uploads\/2018\/09\/deodorante-derbe-sport.jpg","datePublished":"2018-09-26T07:26:53+00:00","dateModified":"2025-10-20T09:36:36+00:00","description":"Gr\u00e2ce \u00e0 ses ingr\u00e9dients actifs (extrait de propolis, menthe et \u00e9chinac\u00e9e), ce d\u00e9odorant est efficace contre la transpiration excessive. Ses ingr\u00e9dients naturels le rendent \u00e9galement particuli\u00e8rement adapt\u00e9 aux peaux hypersensibles et facilement irrit\u00e9es. R\u00e9sultat\u00a0: une transpiration optimale tout au long de la journ\u00e9e.","breadcrumb":{"@id":"https:\/\/derbe.it\/prodotto\/deodorante-per-lo-sport\/#breadcrumb"},"inLanguage":"fr-FR","potentialAction":[{"@type":"ReadAction","target":["https:\/\/derbe.it\/prodotto\/deodorante-per-lo-sport\/"]}]},{"@type":"ImageObject","inLanguage":"fr-FR","@id":"https:\/\/derbe.it\/prodotto\/deodorante-per-lo-sport\/#primaryimage","url":"https:\/\/derbe.it\/wp-content\/uploads\/2018\/09\/deodorante-derbe-sport.jpg","contentUrl":"https:\/\/derbe.it\/wp-content\/uploads\/2018\/09\/deodorante-derbe-sport.jpg","width":1229,"height":1536},{"@type":"BreadcrumbList","@id":"https:\/\/derbe.it\/prodotto\/deodorante-per-lo-sport\/#breadcrumb","itemListElement":[{"@type":"ListItem","position":1,"name":"Home","item":"https:\/\/derbe.it\/"},{"@type":"ListItem","position":2,"name":"Shop","item":"https:\/\/derbe.it\/en\/shop\/"},{"@type":"ListItem","position":3,"name":"Deodorante","item":"https:\/\/derbe.it\/categoria-prodotto\/deodorante\/"},{"@type":"ListItem","position":4,"name":"Deodorante per lo Sport"}]},{"@type":"WebSite","@id":"https:\/\/derbe.it\/#website","url":"https:\/\/derbe.it\/","name":"Derb\u00e9","description":"Depuis plus de 50 ans - Fabriqu\u00e9 en Italie - des produits pour les cheveux et le corps \u00e0 base d&#039;extraits de plantes et de formules durables","publisher":{"@id":"https:\/\/derbe.it\/#organization"},"potentialAction":[{"@type":"SearchAction","target":{"@type":"EntryPoint","urlTemplate":"https:\/\/derbe.it\/?s={search_term_string}"},"query-input":{"@type":"PropertyValueSpecification","valueRequired":true,"valueName":"search_term_string"}}],"inLanguage":"fr-FR"},{"@type":"Organization","@id":"https:\/\/derbe.it\/#organization","name":"Derb\u00e9","url":"https:\/\/derbe.it\/","logo":{"@type":"ImageObject","inLanguage":"fr-FR","@id":"https:\/\/derbe.it\/#\/schema\/logo\/image\/","url":"https:\/\/derbe.it\/wp-content\/uploads\/2025\/06\/logo_derbe_firenze.png","contentUrl":"https:\/\/derbe.it\/wp-content\/uploads\/2025\/06\/logo_derbe_firenze.png","width":1200,"height":497,"caption":"Derbe"},"image":{"@id":"https:\/\/derbe.it\/#\/schema\/logo\/image\/"},"sameAs":["https:\/\/www.facebook.com\/evoderbebio","https:\/\/www.instagram.com\/derbe.official\/"],"email":"info@derbe.it","telephone":"+39 055 42 11 799","legalName":"Derbe S.r.l. a socio unico","vatID":"07272610481"}]}},"_links":{"self":[{"href":"https:\/\/derbe.it\/fr\/wp-json\/wp\/v2\/product\/652","targetHints":{"allow":["GET"]}}],"collection":[{"href":"https:\/\/derbe.it\/fr\/wp-json\/wp\/v2\/product"}],"about":[{"href":"https:\/\/derbe.it\/fr\/wp-json\/wp\/v2\/types\/product"}],"wp:featuredmedia":[{"embeddable":true,"href":"https:\/\/derbe.it\/fr\/wp-json\/wp\/v2\/media\/24897"}],"wp:attachment":[{"href":"https:\/\/derbe.it\/fr\/wp-json\/wp\/v2\/media?parent=652"}],"wp:term":[{"taxonomy":"caratteristica","embeddable":true,"href":"https:\/\/derbe.it\/fr\/wp-json\/wp\/v2\/caratteristica?post=652"},{"taxonomy":"collezione","embeddable":true,"href":"https:\/\/derbe.it\/fr\/wp-json\/wp\/v2\/collezione?post=652"},{"taxonomy":"formato","embeddable":true,"href":"https:\/\/derbe.it\/fr\/wp-json\/wp\/v2\/formato?post=652"},{"taxonomy":"funzione","embeddable":true,"href":"https:\/\/derbe.it\/fr\/wp-json\/wp\/v2\/funzione?post=652"},{"taxonomy":"utilizzo","embeddable":true,"href":"https:\/\/derbe.it\/fr\/wp-json\/wp\/v2\/utilizzo?post=652"},{"taxonomy":"ingrediente-principale","embeddable":true,"href":"https:\/\/derbe.it\/fr\/wp-json\/wp\/v2\/ingrediente-principale?post=652"},{"taxonomy":"product_brand","embeddable":true,"href":"https:\/\/derbe.it\/fr\/wp-json\/wp\/v2\/product_brand?post=652"},{"taxonomy":"product_cat","embeddable":true,"href":"https:\/\/derbe.it\/fr\/wp-json\/wp\/v2\/product_cat?post=652"},{"taxonomy":"product_tag","embeddable":true,"href":"https:\/\/derbe.it\/fr\/wp-json\/wp\/v2\/product_tag?post=652"}],"curies":[{"name":"wp","href":"https:\/\/api.w.org\/{rel}","templated":true}]}}