{"id":656,"date":"2018-09-26T10:15:03","date_gmt":"2018-09-26T08:15:03","guid":{"rendered":"https:\/\/derbe.it\/prodotto\/deodorante-derbe-young\/"},"modified":"2025-06-24T16:41:26","modified_gmt":"2025-06-24T14:41:26","slug":"deodorant-derbe-young","status":"publish","type":"product","link":"https:\/\/derbe.it\/fr\/produit\/deodorant-derbe-young\/","title":{"rendered":"D\u00e9odorant Derbe Young"},"content":{"rendered":"<p>Le complexe vitamin\u00e9 \u201c\u00a0DERBE FRUIT\u00a0\u201d, un m\u00e9lange \u00e9quilibr\u00e9 de vitamines E et C, de panth\u00e9nol et d&#039;acides de fruits (raisin, pomme, agrumes et canne \u00e0 sucre), a \u00e9t\u00e9 sp\u00e9cialement formul\u00e9 pour les peaux jeunes. Associ\u00e9 \u00e0 des extraits de propolis et d&#039;\u00e9chinac\u00e9e, ce d\u00e9odorant est efficace contre la transpiration excessive, notamment au niveau des aisselles. Gr\u00e2ce \u00e0 ses actifs naturels, il est particuli\u00e8rement adapt\u00e9 aux peaux hypersensibles et facilement irrit\u00e9es. Il assure une r\u00e9gulation optimale de la transpiration tout au long de la journ\u00e9e.<\/p>","protected":false},"excerpt":{"rendered":"<p>Studiato spe\u00adcificatamente per la pelle dei giovani, questo deodorante analcolico \u00e8 particolarmente efficace per chi ha problemi di traspirazione eccessiva, specie nelle zone ascellari. [&#8230;]<\/p>\n<p><a class=\"btn btn-secondary understrap-read-more-link\" href=\"https:\/\/derbe.it\/fr\/produit\/deodorant-derbe-young\/\">En savoir plus\u2026<span class=\"screen-reader-text\"> from Deodorante Derbe Young<\/span><\/a><\/p>","protected":false},"featured_media":657,"template":"","meta":{"_acf_changed":false},"caratteristica":[],"collezione":[108],"formato":[],"funzione":[],"utilizzo":[],"ingrediente-principale":[],"product_brand":[],"product_cat":[15],"product_tag":[],"class_list":{"0":"post-656","1":"product","2":"type-product","3":"status-publish","4":"has-post-thumbnail","6":"collezione-baby-kids","7":"product_cat-senza-categoria","9":"first","10":"instock","11":"purchasable","12":"product-type-simple"},"acf":[],"yoast_head":"<!-- This site is optimized with the Yoast SEO Premium plugin v26.1 (Yoast SEO v26.8) - https:\/\/yoast.com\/product\/yoast-seo-premium-wordpress\/ -->\n<title>Deodorante Derbe Young - Derbe - cosmetici naturali<\/title>\n<meta name=\"description\" content=\"Studiato spe\u00adcificatamente per la pelle dei giovani, questo deodorante analcolico \u00e8 particolarmente efficace per chi ha problemi di traspirazione eccessiva, specie nelle zone ascellari.\" \/>\n<meta name=\"robots\" content=\"index, follow, max-snippet:-1, max-image-preview:large, max-video-preview:-1\" \/>\n<link rel=\"canonical\" href=\"https:\/\/derbe.it\/fr\/produit\/deodorant-derbe-young\/\" \/>\n<meta property=\"og:locale\" content=\"fr_FR\" \/>\n<meta property=\"og:type\" content=\"article\" \/>\n<meta property=\"og:title\" content=\"Deodorante Derbe Young\" \/>\n<meta property=\"og:description\" content=\"Studiato spe\u00adcificatamente per la pelle dei giovani, questo deodorante analcolico \u00e8 particolarmente efficace per chi ha problemi di traspirazione eccessiva, specie nelle zone ascellari.\" \/>\n<meta property=\"og:url\" content=\"https:\/\/derbe.it\/fr\/produit\/deodorant-derbe-young\/\" \/>\n<meta property=\"og:site_name\" content=\"Derbe - cosmetici naturali\" \/>\n<meta property=\"article:publisher\" content=\"https:\/\/www.facebook.com\/evoderbebio\" \/>\n<meta property=\"article:modified_time\" content=\"2025-06-24T14:41:26+00:00\" \/>\n<meta property=\"og:image\" content=\"https:\/\/derbe.it\/wp-content\/uploads\/2025\/05\/deodorante-young-derbe.jpg\" \/>\n\t<meta property=\"og:image:width\" content=\"1600\" \/>\n\t<meta property=\"og:image:height\" content=\"2000\" \/>\n\t<meta property=\"og:image:type\" content=\"image\/jpeg\" \/>\n<meta name=\"twitter:card\" content=\"summary_large_image\" \/>\n<script type=\"application\/ld+json\" class=\"yoast-schema-graph\">{\"@context\":\"https:\/\/schema.org\",\"@graph\":[{\"@type\":\"WebPage\",\"@id\":\"https:\/\/derbe.it\/prodotto\/deodorante-derbe-young\/\",\"url\":\"https:\/\/derbe.it\/prodotto\/deodorante-derbe-young\/\",\"name\":\"Deodorante Derbe Young - Derbe - cosmetici naturali\",\"isPartOf\":{\"@id\":\"https:\/\/derbe.it\/#website\"},\"primaryImageOfPage\":{\"@id\":\"https:\/\/derbe.it\/prodotto\/deodorante-derbe-young\/#primaryimage\"},\"image\":{\"@id\":\"https:\/\/derbe.it\/prodotto\/deodorante-derbe-young\/#primaryimage\"},\"thumbnailUrl\":\"https:\/\/derbe.it\/wp-content\/uploads\/2025\/05\/deodorante-young-derbe.jpg\",\"datePublished\":\"2018-09-26T08:15:03+00:00\",\"dateModified\":\"2025-06-24T14:41:26+00:00\",\"description\":\"Studiato spe\u00adcificatamente per la pelle dei giovani, questo deodorante analcolico \u00e8 particolarmente efficace per chi ha problemi di traspirazione eccessiva, specie nelle zone ascellari.\",\"breadcrumb\":{\"@id\":\"https:\/\/derbe.it\/prodotto\/deodorante-derbe-young\/#breadcrumb\"},\"inLanguage\":\"fr-FR\",\"potentialAction\":[{\"@type\":\"ReadAction\",\"target\":[\"https:\/\/derbe.it\/prodotto\/deodorante-derbe-young\/\"]}]},{\"@type\":\"ImageObject\",\"inLanguage\":\"fr-FR\",\"@id\":\"https:\/\/derbe.it\/prodotto\/deodorante-derbe-young\/#primaryimage\",\"url\":\"https:\/\/derbe.it\/wp-content\/uploads\/2025\/05\/deodorante-young-derbe.jpg\",\"contentUrl\":\"https:\/\/derbe.it\/wp-content\/uploads\/2025\/05\/deodorante-young-derbe.jpg\",\"width\":1600,\"height\":2000,\"caption\":\"Deodorante Young Derbe senza alcol per giovani - Derbe\"},{\"@type\":\"BreadcrumbList\",\"@id\":\"https:\/\/derbe.it\/prodotto\/deodorante-derbe-young\/#breadcrumb\",\"itemListElement\":[{\"@type\":\"ListItem\",\"position\":1,\"name\":\"Home\",\"item\":\"https:\/\/derbe.it\/\"},{\"@type\":\"ListItem\",\"position\":2,\"name\":\"Shop\",\"item\":\"https:\/\/derbe.it\/en\/shop\/\"},{\"@type\":\"ListItem\",\"position\":3,\"name\":\"Senza categoria\",\"item\":\"https:\/\/derbe.it\/categoria-prodotto\/senza-categoria\/\"},{\"@type\":\"ListItem\",\"position\":4,\"name\":\"Deodorante Derbe Young\"}]},{\"@type\":\"WebSite\",\"@id\":\"https:\/\/derbe.it\/#website\",\"url\":\"https:\/\/derbe.it\/\",\"name\":\"Derbe\",\"description\":\"Da oltre 50 anni - Made in italy - prodotti per capelli e corpo con estratti vegetali e formule sostenibili\",\"publisher\":{\"@id\":\"https:\/\/derbe.it\/#organization\"},\"potentialAction\":[{\"@type\":\"SearchAction\",\"target\":{\"@type\":\"EntryPoint\",\"urlTemplate\":\"https:\/\/derbe.it\/?s={search_term_string}\"},\"query-input\":{\"@type\":\"PropertyValueSpecification\",\"valueRequired\":true,\"valueName\":\"search_term_string\"}}],\"inLanguage\":\"fr-FR\"},{\"@type\":\"Organization\",\"@id\":\"https:\/\/derbe.it\/#organization\",\"name\":\"Derbe\",\"url\":\"https:\/\/derbe.it\/\",\"logo\":{\"@type\":\"ImageObject\",\"inLanguage\":\"fr-FR\",\"@id\":\"https:\/\/derbe.it\/#\/schema\/logo\/image\/\",\"url\":\"https:\/\/derbe.it\/wp-content\/uploads\/2025\/06\/logo_derbe_firenze.png\",\"contentUrl\":\"https:\/\/derbe.it\/wp-content\/uploads\/2025\/06\/logo_derbe_firenze.png\",\"width\":1200,\"height\":497,\"caption\":\"Derbe\"},\"image\":{\"@id\":\"https:\/\/derbe.it\/#\/schema\/logo\/image\/\"},\"sameAs\":[\"https:\/\/www.facebook.com\/evoderbebio\",\"https:\/\/www.instagram.com\/derbe.official\/\"],\"email\":\"info@derbe.it\",\"telephone\":\"+39 055 42 11 799\",\"legalName\":\"Derbe S.r.l. a socio unico\",\"vatID\":\"07272610481\"}]}<\/script>\n<!-- \/ Yoast SEO Premium plugin. -->","yoast_head_json":{"title":"D\u00e9odorant Derbe Young - Derbe - cosm\u00e9tiques naturels","description":"Sp\u00e9cialement con\u00e7u pour les peaux jeunes, ce d\u00e9odorant sans alcool est particuli\u00e8rement efficace pour celles qui ont des probl\u00e8mes de transpiration excessive, notamment au niveau des aisselles.","robots":{"index":"index","follow":"follow","max-snippet":"max-snippet:-1","max-image-preview":"max-image-preview:large","max-video-preview":"max-video-preview:-1"},"canonical":"https:\/\/derbe.it\/fr\/produit\/deodorant-derbe-young\/","og_locale":"fr_FR","og_type":"article","og_title":"Deodorante Derbe Young","og_description":"Studiato spe\u00adcificatamente per la pelle dei giovani, questo deodorante analcolico \u00e8 particolarmente efficace per chi ha problemi di traspirazione eccessiva, specie nelle zone ascellari.","og_url":"https:\/\/derbe.it\/fr\/produit\/deodorant-derbe-young\/","og_site_name":"Derbe - cosmetici naturali","article_publisher":"https:\/\/www.facebook.com\/evoderbebio","article_modified_time":"2025-06-24T14:41:26+00:00","og_image":[{"width":1600,"height":2000,"url":"https:\/\/derbe.it\/wp-content\/uploads\/2025\/05\/deodorante-young-derbe.jpg","type":"image\/jpeg"}],"twitter_card":"summary_large_image","schema":{"@context":"https:\/\/schema.org","@graph":[{"@type":"WebPage","@id":"https:\/\/derbe.it\/prodotto\/deodorante-derbe-young\/","url":"https:\/\/derbe.it\/prodotto\/deodorante-derbe-young\/","name":"D\u00e9odorant Derbe Young - Derbe - cosm\u00e9tiques naturels","isPartOf":{"@id":"https:\/\/derbe.it\/#website"},"primaryImageOfPage":{"@id":"https:\/\/derbe.it\/prodotto\/deodorante-derbe-young\/#primaryimage"},"image":{"@id":"https:\/\/derbe.it\/prodotto\/deodorante-derbe-young\/#primaryimage"},"thumbnailUrl":"https:\/\/derbe.it\/wp-content\/uploads\/2025\/05\/deodorante-young-derbe.jpg","datePublished":"2018-09-26T08:15:03+00:00","dateModified":"2025-06-24T14:41:26+00:00","description":"Sp\u00e9cialement con\u00e7u pour les peaux jeunes, ce d\u00e9odorant sans alcool est particuli\u00e8rement efficace pour celles qui ont des probl\u00e8mes de transpiration excessive, notamment au niveau des aisselles.","breadcrumb":{"@id":"https:\/\/derbe.it\/prodotto\/deodorante-derbe-young\/#breadcrumb"},"inLanguage":"fr-FR","potentialAction":[{"@type":"ReadAction","target":["https:\/\/derbe.it\/prodotto\/deodorante-derbe-young\/"]}]},{"@type":"ImageObject","inLanguage":"fr-FR","@id":"https:\/\/derbe.it\/prodotto\/deodorante-derbe-young\/#primaryimage","url":"https:\/\/derbe.it\/wp-content\/uploads\/2025\/05\/deodorante-young-derbe.jpg","contentUrl":"https:\/\/derbe.it\/wp-content\/uploads\/2025\/05\/deodorante-young-derbe.jpg","width":1600,"height":2000,"caption":"Deodorante Young Derbe senza alcol per giovani - Derbe"},{"@type":"BreadcrumbList","@id":"https:\/\/derbe.it\/prodotto\/deodorante-derbe-young\/#breadcrumb","itemListElement":[{"@type":"ListItem","position":1,"name":"Home","item":"https:\/\/derbe.it\/"},{"@type":"ListItem","position":2,"name":"Shop","item":"https:\/\/derbe.it\/en\/shop\/"},{"@type":"ListItem","position":3,"name":"Senza categoria","item":"https:\/\/derbe.it\/categoria-prodotto\/senza-categoria\/"},{"@type":"ListItem","position":4,"name":"Deodorante Derbe Young"}]},{"@type":"WebSite","@id":"https:\/\/derbe.it\/#website","url":"https:\/\/derbe.it\/","name":"Derb\u00e9","description":"Depuis plus de 50 ans - Fabriqu\u00e9 en Italie - des produits pour les cheveux et le corps \u00e0 base d&#039;extraits de plantes et de formules durables","publisher":{"@id":"https:\/\/derbe.it\/#organization"},"potentialAction":[{"@type":"SearchAction","target":{"@type":"EntryPoint","urlTemplate":"https:\/\/derbe.it\/?s={search_term_string}"},"query-input":{"@type":"PropertyValueSpecification","valueRequired":true,"valueName":"search_term_string"}}],"inLanguage":"fr-FR"},{"@type":"Organization","@id":"https:\/\/derbe.it\/#organization","name":"Derb\u00e9","url":"https:\/\/derbe.it\/","logo":{"@type":"ImageObject","inLanguage":"fr-FR","@id":"https:\/\/derbe.it\/#\/schema\/logo\/image\/","url":"https:\/\/derbe.it\/wp-content\/uploads\/2025\/06\/logo_derbe_firenze.png","contentUrl":"https:\/\/derbe.it\/wp-content\/uploads\/2025\/06\/logo_derbe_firenze.png","width":1200,"height":497,"caption":"Derbe"},"image":{"@id":"https:\/\/derbe.it\/#\/schema\/logo\/image\/"},"sameAs":["https:\/\/www.facebook.com\/evoderbebio","https:\/\/www.instagram.com\/derbe.official\/"],"email":"info@derbe.it","telephone":"+39 055 42 11 799","legalName":"Derbe S.r.l. a socio unico","vatID":"07272610481"}]}},"_links":{"self":[{"href":"https:\/\/derbe.it\/fr\/wp-json\/wp\/v2\/product\/656","targetHints":{"allow":["GET"]}}],"collection":[{"href":"https:\/\/derbe.it\/fr\/wp-json\/wp\/v2\/product"}],"about":[{"href":"https:\/\/derbe.it\/fr\/wp-json\/wp\/v2\/types\/product"}],"wp:featuredmedia":[{"embeddable":true,"href":"https:\/\/derbe.it\/fr\/wp-json\/wp\/v2\/media\/657"}],"wp:attachment":[{"href":"https:\/\/derbe.it\/fr\/wp-json\/wp\/v2\/media?parent=656"}],"wp:term":[{"taxonomy":"caratteristica","embeddable":true,"href":"https:\/\/derbe.it\/fr\/wp-json\/wp\/v2\/caratteristica?post=656"},{"taxonomy":"collezione","embeddable":true,"href":"https:\/\/derbe.it\/fr\/wp-json\/wp\/v2\/collezione?post=656"},{"taxonomy":"formato","embeddable":true,"href":"https:\/\/derbe.it\/fr\/wp-json\/wp\/v2\/formato?post=656"},{"taxonomy":"funzione","embeddable":true,"href":"https:\/\/derbe.it\/fr\/wp-json\/wp\/v2\/funzione?post=656"},{"taxonomy":"utilizzo","embeddable":true,"href":"https:\/\/derbe.it\/fr\/wp-json\/wp\/v2\/utilizzo?post=656"},{"taxonomy":"ingrediente-principale","embeddable":true,"href":"https:\/\/derbe.it\/fr\/wp-json\/wp\/v2\/ingrediente-principale?post=656"},{"taxonomy":"product_brand","embeddable":true,"href":"https:\/\/derbe.it\/fr\/wp-json\/wp\/v2\/product_brand?post=656"},{"taxonomy":"product_cat","embeddable":true,"href":"https:\/\/derbe.it\/fr\/wp-json\/wp\/v2\/product_cat?post=656"},{"taxonomy":"product_tag","embeddable":true,"href":"https:\/\/derbe.it\/fr\/wp-json\/wp\/v2\/product_tag?post=656"}],"curies":[{"name":"wp","href":"https:\/\/api.w.org\/{rel}","templated":true}]}}