{"id":815,"date":"2020-10-08T07:10:47","date_gmt":"2020-10-08T05:10:47","guid":{"rendered":"https:\/\/derbe.it\/prodotto\/spray-purificante\/"},"modified":"2025-10-20T12:30:34","modified_gmt":"2025-10-20T10:30:34","slug":"spray-purifiant","status":"publish","type":"product","link":"https:\/\/derbe.it\/fr\/produit\/spray-purifiant\/","title":{"rendered":"Spray purifiant"},"content":{"rendered":"<p>Excellent pour purifier :<\/p>\n<ul>\n<li>poign\u00e9es (portes, voitures)<\/li>\n<li>panneaux \u00e0 boutons-poussoirs (ascenseurs, t\u00e9l\u00e9commandes)<\/li>\n<li>claviers d&#039;ordinateur, souris<\/li>\n<li>t\u00e9l\u00e9phone mobile<\/li>\n<li>lunettes<\/li>\n<li>semelle de chaussure<\/li>\n<li>masques<\/li>\n<\/ul>\n<p>Purifie l&#039;air dans les environnements ferm\u00e9s tels que les maisons, les bureaux, m\u00eame en pr\u00e9sence d&#039;animaux domestiques.<\/p>\n<p><strong>Pas de distributeur de gaz \u2013 pas de colorants \u2013 pas de parfums de synth\u00e8se\u00a0<\/strong><\/p>","protected":false},"excerpt":{"rendered":"<p><strong>Pour pi\u00e8ces et surfaces avec alcool 75% et huiles essentielles actives.<\/strong><\/p>\n<p>Lo spray purificante \u00e8 preparato con una miscela di oli essenziali, per purificare ambienti e superfici di ogni genere. [&#8230;]<\/p>\n<p><a class=\"btn btn-secondary understrap-read-more-link\" href=\"https:\/\/derbe.it\/fr\/produit\/spray-purifiant\/\">En savoir plus\u2026<span class=\"screen-reader-text\"> from Spray Purificante<\/span><\/a><\/p>","protected":false},"featured_media":816,"template":"","meta":{"_acf_changed":false},"caratteristica":[],"collezione":[],"formato":[],"funzione":[],"utilizzo":[],"ingrediente-principale":[],"product_brand":[],"product_cat":[37],"product_tag":[],"class_list":{"0":"post-815","1":"product","2":"type-product","3":"status-publish","4":"has-post-thumbnail","6":"product_cat-purificante-per-ambienti","8":"first","9":"instock","10":"purchasable","11":"product-type-simple"},"acf":[],"yoast_head":"<!-- This site is optimized with the Yoast SEO Premium plugin v26.1 (Yoast SEO v26.8) - https:\/\/yoast.com\/product\/yoast-seo-premium-wordpress\/ -->\n<title>Spray Purificante - Derbe - cosmetici naturali<\/title>\n<meta name=\"description\" content=\"Per ambienti e superfici con il 75% di alcool ed oli essenziali attivi. Lo spray purificante \u00e8 preparato con una miscela di oli essenziali, per purificare ambienti e superfici di ogni genere.\" \/>\n<meta name=\"robots\" content=\"index, follow, max-snippet:-1, max-image-preview:large, max-video-preview:-1\" \/>\n<link rel=\"canonical\" href=\"https:\/\/derbe.it\/fr\/produit\/spray-purifiant\/\" \/>\n<meta property=\"og:locale\" content=\"fr_FR\" \/>\n<meta property=\"og:type\" content=\"article\" \/>\n<meta property=\"og:title\" content=\"Spray Purificante\" \/>\n<meta property=\"og:description\" content=\"Per ambienti e superfici con il 75% di alcool ed oli essenziali attivi. Lo spray purificante \u00e8 preparato con una miscela di oli essenziali, per purificare ambienti e superfici di ogni genere.\" \/>\n<meta property=\"og:url\" content=\"https:\/\/derbe.it\/fr\/produit\/spray-purifiant\/\" \/>\n<meta property=\"og:site_name\" content=\"Derbe - cosmetici naturali\" \/>\n<meta property=\"article:publisher\" content=\"https:\/\/www.facebook.com\/evoderbebio\" \/>\n<meta property=\"article:modified_time\" content=\"2025-10-20T10:30:34+00:00\" \/>\n<meta property=\"og:image\" content=\"https:\/\/derbe.it\/wp-content\/uploads\/2025\/05\/COR0032-spray-purificante-ambienti-derbe.jpg\" \/>\n\t<meta property=\"og:image:width\" content=\"1400\" \/>\n\t<meta property=\"og:image:height\" content=\"1600\" \/>\n\t<meta property=\"og:image:type\" content=\"image\/jpeg\" \/>\n<meta name=\"twitter:card\" content=\"summary_large_image\" \/>\n<script type=\"application\/ld+json\" class=\"yoast-schema-graph\">{\"@context\":\"https:\/\/schema.org\",\"@graph\":[{\"@type\":\"WebPage\",\"@id\":\"https:\/\/derbe.it\/prodotto\/spray-purificante\/\",\"url\":\"https:\/\/derbe.it\/prodotto\/spray-purificante\/\",\"name\":\"Spray Purificante - Derbe - cosmetici naturali\",\"isPartOf\":{\"@id\":\"https:\/\/derbe.it\/#website\"},\"primaryImageOfPage\":{\"@id\":\"https:\/\/derbe.it\/prodotto\/spray-purificante\/#primaryimage\"},\"image\":{\"@id\":\"https:\/\/derbe.it\/prodotto\/spray-purificante\/#primaryimage\"},\"thumbnailUrl\":\"https:\/\/derbe.it\/wp-content\/uploads\/2025\/05\/COR0032-spray-purificante-ambienti-derbe.jpg\",\"datePublished\":\"2020-10-08T05:10:47+00:00\",\"dateModified\":\"2025-10-20T10:30:34+00:00\",\"description\":\"Per ambienti e superfici con il 75% di alcool ed oli essenziali attivi. Lo spray purificante \u00e8 preparato con una miscela di oli essenziali, per purificare ambienti e superfici di ogni genere.\",\"breadcrumb\":{\"@id\":\"https:\/\/derbe.it\/prodotto\/spray-purificante\/#breadcrumb\"},\"inLanguage\":\"fr-FR\",\"potentialAction\":[{\"@type\":\"ReadAction\",\"target\":[\"https:\/\/derbe.it\/prodotto\/spray-purificante\/\"]}]},{\"@type\":\"ImageObject\",\"inLanguage\":\"fr-FR\",\"@id\":\"https:\/\/derbe.it\/prodotto\/spray-purificante\/#primaryimage\",\"url\":\"https:\/\/derbe.it\/wp-content\/uploads\/2025\/05\/COR0032-spray-purificante-ambienti-derbe.jpg\",\"contentUrl\":\"https:\/\/derbe.it\/wp-content\/uploads\/2025\/05\/COR0032-spray-purificante-ambienti-derbe.jpg\",\"width\":1400,\"height\":1600,\"caption\":\"Spray purificante per ambienti e superfici - Derbe\"},{\"@type\":\"BreadcrumbList\",\"@id\":\"https:\/\/derbe.it\/prodotto\/spray-purificante\/#breadcrumb\",\"itemListElement\":[{\"@type\":\"ListItem\",\"position\":1,\"name\":\"Home\",\"item\":\"https:\/\/derbe.it\/\"},{\"@type\":\"ListItem\",\"position\":2,\"name\":\"Shop\",\"item\":\"https:\/\/derbe.it\/en\/shop\/\"},{\"@type\":\"ListItem\",\"position\":3,\"name\":\"Purificante per ambienti\",\"item\":\"https:\/\/derbe.it\/categoria-prodotto\/purificante-per-ambienti\/\"},{\"@type\":\"ListItem\",\"position\":4,\"name\":\"Spray Purificante\"}]},{\"@type\":\"WebSite\",\"@id\":\"https:\/\/derbe.it\/#website\",\"url\":\"https:\/\/derbe.it\/\",\"name\":\"Derbe\",\"description\":\"Da oltre 50 anni - Made in italy - prodotti per capelli e corpo con estratti vegetali e formule sostenibili\",\"publisher\":{\"@id\":\"https:\/\/derbe.it\/#organization\"},\"potentialAction\":[{\"@type\":\"SearchAction\",\"target\":{\"@type\":\"EntryPoint\",\"urlTemplate\":\"https:\/\/derbe.it\/?s={search_term_string}\"},\"query-input\":{\"@type\":\"PropertyValueSpecification\",\"valueRequired\":true,\"valueName\":\"search_term_string\"}}],\"inLanguage\":\"fr-FR\"},{\"@type\":\"Organization\",\"@id\":\"https:\/\/derbe.it\/#organization\",\"name\":\"Derbe\",\"url\":\"https:\/\/derbe.it\/\",\"logo\":{\"@type\":\"ImageObject\",\"inLanguage\":\"fr-FR\",\"@id\":\"https:\/\/derbe.it\/#\/schema\/logo\/image\/\",\"url\":\"https:\/\/derbe.it\/wp-content\/uploads\/2025\/06\/logo_derbe_firenze.png\",\"contentUrl\":\"https:\/\/derbe.it\/wp-content\/uploads\/2025\/06\/logo_derbe_firenze.png\",\"width\":1200,\"height\":497,\"caption\":\"Derbe\"},\"image\":{\"@id\":\"https:\/\/derbe.it\/#\/schema\/logo\/image\/\"},\"sameAs\":[\"https:\/\/www.facebook.com\/evoderbebio\",\"https:\/\/www.instagram.com\/derbe.official\/\"],\"email\":\"info@derbe.it\",\"telephone\":\"+39 055 42 11 799\",\"legalName\":\"Derbe S.r.l. a socio unico\",\"vatID\":\"07272610481\"}]}<\/script>\n<!-- \/ Yoast SEO Premium plugin. -->","yoast_head_json":{"title":"Spray purifiant - Derbe - cosm\u00e9tiques naturels","description":"Pour les pi\u00e8ces et les surfaces, \u00e0 l&#039;alcool 75% et aux huiles essentielles actives. Ce spray purifiant est formul\u00e9 avec un m\u00e9lange d&#039;huiles essentielles pour purifier tous types de pi\u00e8ces et de surfaces.","robots":{"index":"index","follow":"follow","max-snippet":"max-snippet:-1","max-image-preview":"max-image-preview:large","max-video-preview":"max-video-preview:-1"},"canonical":"https:\/\/derbe.it\/fr\/produit\/spray-purifiant\/","og_locale":"fr_FR","og_type":"article","og_title":"Spray Purificante","og_description":"Per ambienti e superfici con il 75% di alcool ed oli essenziali attivi. Lo spray purificante \u00e8 preparato con una miscela di oli essenziali, per purificare ambienti e superfici di ogni genere.","og_url":"https:\/\/derbe.it\/fr\/produit\/spray-purifiant\/","og_site_name":"Derbe - cosmetici naturali","article_publisher":"https:\/\/www.facebook.com\/evoderbebio","article_modified_time":"2025-10-20T10:30:34+00:00","og_image":[{"width":1400,"height":1600,"url":"https:\/\/derbe.it\/wp-content\/uploads\/2025\/05\/COR0032-spray-purificante-ambienti-derbe.jpg","type":"image\/jpeg"}],"twitter_card":"summary_large_image","schema":{"@context":"https:\/\/schema.org","@graph":[{"@type":"WebPage","@id":"https:\/\/derbe.it\/prodotto\/spray-purificante\/","url":"https:\/\/derbe.it\/prodotto\/spray-purificante\/","name":"Spray purifiant - Derbe - cosm\u00e9tiques naturels","isPartOf":{"@id":"https:\/\/derbe.it\/#website"},"primaryImageOfPage":{"@id":"https:\/\/derbe.it\/prodotto\/spray-purificante\/#primaryimage"},"image":{"@id":"https:\/\/derbe.it\/prodotto\/spray-purificante\/#primaryimage"},"thumbnailUrl":"https:\/\/derbe.it\/wp-content\/uploads\/2025\/05\/COR0032-spray-purificante-ambienti-derbe.jpg","datePublished":"2020-10-08T05:10:47+00:00","dateModified":"2025-10-20T10:30:34+00:00","description":"Pour les pi\u00e8ces et les surfaces, \u00e0 l&#039;alcool 75% et aux huiles essentielles actives. Ce spray purifiant est formul\u00e9 avec un m\u00e9lange d&#039;huiles essentielles pour purifier tous types de pi\u00e8ces et de surfaces.","breadcrumb":{"@id":"https:\/\/derbe.it\/prodotto\/spray-purificante\/#breadcrumb"},"inLanguage":"fr-FR","potentialAction":[{"@type":"ReadAction","target":["https:\/\/derbe.it\/prodotto\/spray-purificante\/"]}]},{"@type":"ImageObject","inLanguage":"fr-FR","@id":"https:\/\/derbe.it\/prodotto\/spray-purificante\/#primaryimage","url":"https:\/\/derbe.it\/wp-content\/uploads\/2025\/05\/COR0032-spray-purificante-ambienti-derbe.jpg","contentUrl":"https:\/\/derbe.it\/wp-content\/uploads\/2025\/05\/COR0032-spray-purificante-ambienti-derbe.jpg","width":1400,"height":1600,"caption":"Spray purificante per ambienti e superfici - Derbe"},{"@type":"BreadcrumbList","@id":"https:\/\/derbe.it\/prodotto\/spray-purificante\/#breadcrumb","itemListElement":[{"@type":"ListItem","position":1,"name":"Home","item":"https:\/\/derbe.it\/"},{"@type":"ListItem","position":2,"name":"Shop","item":"https:\/\/derbe.it\/en\/shop\/"},{"@type":"ListItem","position":3,"name":"Purificante per ambienti","item":"https:\/\/derbe.it\/categoria-prodotto\/purificante-per-ambienti\/"},{"@type":"ListItem","position":4,"name":"Spray Purificante"}]},{"@type":"WebSite","@id":"https:\/\/derbe.it\/#website","url":"https:\/\/derbe.it\/","name":"Derb\u00e9","description":"Depuis plus de 50 ans - Fabriqu\u00e9 en Italie - des produits pour les cheveux et le corps \u00e0 base d&#039;extraits de plantes et de formules durables","publisher":{"@id":"https:\/\/derbe.it\/#organization"},"potentialAction":[{"@type":"SearchAction","target":{"@type":"EntryPoint","urlTemplate":"https:\/\/derbe.it\/?s={search_term_string}"},"query-input":{"@type":"PropertyValueSpecification","valueRequired":true,"valueName":"search_term_string"}}],"inLanguage":"fr-FR"},{"@type":"Organization","@id":"https:\/\/derbe.it\/#organization","name":"Derb\u00e9","url":"https:\/\/derbe.it\/","logo":{"@type":"ImageObject","inLanguage":"fr-FR","@id":"https:\/\/derbe.it\/#\/schema\/logo\/image\/","url":"https:\/\/derbe.it\/wp-content\/uploads\/2025\/06\/logo_derbe_firenze.png","contentUrl":"https:\/\/derbe.it\/wp-content\/uploads\/2025\/06\/logo_derbe_firenze.png","width":1200,"height":497,"caption":"Derbe"},"image":{"@id":"https:\/\/derbe.it\/#\/schema\/logo\/image\/"},"sameAs":["https:\/\/www.facebook.com\/evoderbebio","https:\/\/www.instagram.com\/derbe.official\/"],"email":"info@derbe.it","telephone":"+39 055 42 11 799","legalName":"Derbe S.r.l. a socio unico","vatID":"07272610481"}]}},"_links":{"self":[{"href":"https:\/\/derbe.it\/fr\/wp-json\/wp\/v2\/product\/815","targetHints":{"allow":["GET"]}}],"collection":[{"href":"https:\/\/derbe.it\/fr\/wp-json\/wp\/v2\/product"}],"about":[{"href":"https:\/\/derbe.it\/fr\/wp-json\/wp\/v2\/types\/product"}],"wp:featuredmedia":[{"embeddable":true,"href":"https:\/\/derbe.it\/fr\/wp-json\/wp\/v2\/media\/816"}],"wp:attachment":[{"href":"https:\/\/derbe.it\/fr\/wp-json\/wp\/v2\/media?parent=815"}],"wp:term":[{"taxonomy":"caratteristica","embeddable":true,"href":"https:\/\/derbe.it\/fr\/wp-json\/wp\/v2\/caratteristica?post=815"},{"taxonomy":"collezione","embeddable":true,"href":"https:\/\/derbe.it\/fr\/wp-json\/wp\/v2\/collezione?post=815"},{"taxonomy":"formato","embeddable":true,"href":"https:\/\/derbe.it\/fr\/wp-json\/wp\/v2\/formato?post=815"},{"taxonomy":"funzione","embeddable":true,"href":"https:\/\/derbe.it\/fr\/wp-json\/wp\/v2\/funzione?post=815"},{"taxonomy":"utilizzo","embeddable":true,"href":"https:\/\/derbe.it\/fr\/wp-json\/wp\/v2\/utilizzo?post=815"},{"taxonomy":"ingrediente-principale","embeddable":true,"href":"https:\/\/derbe.it\/fr\/wp-json\/wp\/v2\/ingrediente-principale?post=815"},{"taxonomy":"product_brand","embeddable":true,"href":"https:\/\/derbe.it\/fr\/wp-json\/wp\/v2\/product_brand?post=815"},{"taxonomy":"product_cat","embeddable":true,"href":"https:\/\/derbe.it\/fr\/wp-json\/wp\/v2\/product_cat?post=815"},{"taxonomy":"product_tag","embeddable":true,"href":"https:\/\/derbe.it\/fr\/wp-json\/wp\/v2\/product_tag?post=815"}],"curies":[{"name":"wp","href":"https:\/\/api.w.org\/{rel}","templated":true}]}}