{"id":834,"date":"2022-02-23T15:28:29","date_gmt":"2022-02-23T14:28:29","guid":{"rendered":"https:\/\/derbe.it\/prodotto\/spray-struttura-bifasico-termo-protettore\/"},"modified":"2025-09-29T11:45:27","modified_gmt":"2025-09-29T09:45:27","slug":"spray-structurel-thermoprotecteur-biphase","status":"publish","type":"product","link":"https:\/\/derbe.it\/fr\/produit\/spray-structurel-thermoprotecteur-biphase\/","title":{"rendered":"Spray structurel biphas\u00e9 de protection thermique"},"content":{"rendered":"<p>Le s\u00e9rum Structure est le produit parfait pour prot\u00e9ger vos cheveux des sources de chaleur directes telles que les lisseurs et les s\u00e8che-cheveux.<\/p>\n<p>Gr\u00e2ce \u00e0 sa composition :<\/p>\n<p>\u2022 Redensifie le diam\u00e8tre des cheveux fins<br \/>\n\u2022 Prot\u00e8ge les cheveux et les laisse doux et soyeux.<br \/>\nCr\u00e9e une gaine protectrice qui r\u00e9g\u00e9n\u00e8re, renforce et prot\u00e8ge les cheveux des agressions ext\u00e9rieures. Il apporte force et brillance aux cheveux, m\u00eame apr\u00e8s le coiffage.<\/p>","protected":false},"excerpt":{"rendered":"<p>Siero bifasico per la protezione della struttura del capello da fonti di calore (piastra e phon) [&#8230;]<\/p>\n<p><a class=\"btn btn-secondary understrap-read-more-link\" href=\"https:\/\/derbe.it\/fr\/produit\/spray-structurel-thermoprotecteur-biphase\/\">En savoir plus\u2026<span class=\"screen-reader-text\"> from Spray Struttura Bifasico Termo Protettore<\/span><\/a><\/p>","protected":false},"featured_media":835,"template":"","meta":{"_acf_changed":false},"caratteristica":[],"collezione":[],"formato":[],"funzione":[91,90,83,85],"utilizzo":[],"ingrediente-principale":[],"product_brand":[],"product_cat":[102],"product_tag":[],"class_list":{"0":"post-834","1":"product","2":"type-product","3":"status-publish","4":"has-post-thumbnail","6":"funzione-capelli-deboli","7":"funzione-capelli-lisci","8":"funzione-capelli-normali-equilibrati","9":"funzione-capelli-secchi-disidratati","10":"product_cat-styling","12":"first","13":"instock","14":"purchasable","15":"product-type-simple"},"acf":[],"yoast_head":"<!-- This site is optimized with the Yoast SEO Premium plugin v26.1 (Yoast SEO v26.8) - https:\/\/yoast.com\/product\/yoast-seo-premium-wordpress\/ -->\n<title>Spray Struttura Bifasico Termo Protettore - Derbe - cosmetici naturali<\/title>\n<meta name=\"description\" content=\"Siero bifasico per la protezione della struttura del capello da fonti di calore (piastra e phon)\" \/>\n<meta name=\"robots\" content=\"index, follow, max-snippet:-1, max-image-preview:large, max-video-preview:-1\" \/>\n<link rel=\"canonical\" href=\"https:\/\/derbe.it\/fr\/produit\/spray-structurel-thermoprotecteur-biphase\/\" \/>\n<meta property=\"og:locale\" content=\"fr_FR\" \/>\n<meta property=\"og:type\" content=\"article\" \/>\n<meta property=\"og:title\" content=\"Spray Struttura Bifasico Termo Protettore\" \/>\n<meta property=\"og:description\" content=\"Siero bifasico per la protezione della struttura del capello da fonti di calore (piastra e phon)\" \/>\n<meta property=\"og:url\" content=\"https:\/\/derbe.it\/fr\/produit\/spray-structurel-thermoprotecteur-biphase\/\" \/>\n<meta property=\"og:site_name\" content=\"Derbe - cosmetici naturali\" \/>\n<meta property=\"article:publisher\" content=\"https:\/\/www.facebook.com\/evoderbebio\" \/>\n<meta property=\"article:modified_time\" content=\"2025-09-29T09:45:27+00:00\" \/>\n<meta property=\"og:image\" content=\"https:\/\/derbe.it\/wp-content\/uploads\/2025\/05\/struttura-derbe.jpg\" \/>\n\t<meta property=\"og:image:width\" content=\"1600\" \/>\n\t<meta property=\"og:image:height\" content=\"2000\" \/>\n\t<meta property=\"og:image:type\" content=\"image\/jpeg\" \/>\n<meta name=\"twitter:card\" content=\"summary_large_image\" \/>\n<script type=\"application\/ld+json\" class=\"yoast-schema-graph\">{\"@context\":\"https:\/\/schema.org\",\"@graph\":[{\"@type\":\"WebPage\",\"@id\":\"https:\/\/derbe.it\/prodotto\/spray-struttura-bifasico-termo-protettore\/\",\"url\":\"https:\/\/derbe.it\/prodotto\/spray-struttura-bifasico-termo-protettore\/\",\"name\":\"Spray Struttura Bifasico Termo Protettore - Derbe - cosmetici naturali\",\"isPartOf\":{\"@id\":\"https:\/\/derbe.it\/#website\"},\"primaryImageOfPage\":{\"@id\":\"https:\/\/derbe.it\/prodotto\/spray-struttura-bifasico-termo-protettore\/#primaryimage\"},\"image\":{\"@id\":\"https:\/\/derbe.it\/prodotto\/spray-struttura-bifasico-termo-protettore\/#primaryimage\"},\"thumbnailUrl\":\"https:\/\/derbe.it\/wp-content\/uploads\/2025\/05\/struttura-derbe.jpg\",\"datePublished\":\"2022-02-23T14:28:29+00:00\",\"dateModified\":\"2025-09-29T09:45:27+00:00\",\"description\":\"Siero bifasico per la protezione della struttura del capello da fonti di calore (piastra e phon)\",\"breadcrumb\":{\"@id\":\"https:\/\/derbe.it\/prodotto\/spray-struttura-bifasico-termo-protettore\/#breadcrumb\"},\"inLanguage\":\"fr-FR\",\"potentialAction\":[{\"@type\":\"ReadAction\",\"target\":[\"https:\/\/derbe.it\/prodotto\/spray-struttura-bifasico-termo-protettore\/\"]}]},{\"@type\":\"ImageObject\",\"inLanguage\":\"fr-FR\",\"@id\":\"https:\/\/derbe.it\/prodotto\/spray-struttura-bifasico-termo-protettore\/#primaryimage\",\"url\":\"https:\/\/derbe.it\/wp-content\/uploads\/2025\/05\/struttura-derbe.jpg\",\"contentUrl\":\"https:\/\/derbe.it\/wp-content\/uploads\/2025\/05\/struttura-derbe.jpg\",\"width\":1600,\"height\":2000,\"caption\":\"Siero bifasico struttura Derbe - termo protettore\"},{\"@type\":\"BreadcrumbList\",\"@id\":\"https:\/\/derbe.it\/prodotto\/spray-struttura-bifasico-termo-protettore\/#breadcrumb\",\"itemListElement\":[{\"@type\":\"ListItem\",\"position\":1,\"name\":\"Home\",\"item\":\"https:\/\/derbe.it\/\"},{\"@type\":\"ListItem\",\"position\":2,\"name\":\"Shop\",\"item\":\"https:\/\/derbe.it\/en\/shop\/\"},{\"@type\":\"ListItem\",\"position\":3,\"name\":\"Styling\",\"item\":\"https:\/\/derbe.it\/categoria-prodotto\/styling\/\"},{\"@type\":\"ListItem\",\"position\":4,\"name\":\"Spray Struttura Bifasico Termo Protettore\"}]},{\"@type\":\"WebSite\",\"@id\":\"https:\/\/derbe.it\/#website\",\"url\":\"https:\/\/derbe.it\/\",\"name\":\"Derbe\",\"description\":\"Da oltre 50 anni - Made in italy - prodotti per capelli e corpo con estratti vegetali e formule sostenibili\",\"publisher\":{\"@id\":\"https:\/\/derbe.it\/#organization\"},\"potentialAction\":[{\"@type\":\"SearchAction\",\"target\":{\"@type\":\"EntryPoint\",\"urlTemplate\":\"https:\/\/derbe.it\/?s={search_term_string}\"},\"query-input\":{\"@type\":\"PropertyValueSpecification\",\"valueRequired\":true,\"valueName\":\"search_term_string\"}}],\"inLanguage\":\"fr-FR\"},{\"@type\":\"Organization\",\"@id\":\"https:\/\/derbe.it\/#organization\",\"name\":\"Derbe\",\"url\":\"https:\/\/derbe.it\/\",\"logo\":{\"@type\":\"ImageObject\",\"inLanguage\":\"fr-FR\",\"@id\":\"https:\/\/derbe.it\/#\/schema\/logo\/image\/\",\"url\":\"https:\/\/derbe.it\/wp-content\/uploads\/2025\/06\/logo_derbe_firenze.png\",\"contentUrl\":\"https:\/\/derbe.it\/wp-content\/uploads\/2025\/06\/logo_derbe_firenze.png\",\"width\":1200,\"height\":497,\"caption\":\"Derbe\"},\"image\":{\"@id\":\"https:\/\/derbe.it\/#\/schema\/logo\/image\/\"},\"sameAs\":[\"https:\/\/www.facebook.com\/evoderbebio\",\"https:\/\/www.instagram.com\/derbe.official\/\"],\"email\":\"info@derbe.it\",\"telephone\":\"+39 055 42 11 799\",\"legalName\":\"Derbe S.r.l. a socio unico\",\"vatID\":\"07272610481\"}]}<\/script>\n<!-- \/ Yoast SEO Premium plugin. -->","yoast_head_json":{"title":"Spray protecteur thermique biphas\u00e9 pour structure - Derbe - cosm\u00e9tiques naturels","description":"S\u00e9rum biphas\u00e9 pour prot\u00e9ger la structure capillaire des sources de chaleur (lisseurs et s\u00e8che-cheveux)","robots":{"index":"index","follow":"follow","max-snippet":"max-snippet:-1","max-image-preview":"max-image-preview:large","max-video-preview":"max-video-preview:-1"},"canonical":"https:\/\/derbe.it\/fr\/produit\/spray-structurel-thermoprotecteur-biphase\/","og_locale":"fr_FR","og_type":"article","og_title":"Spray Struttura Bifasico Termo Protettore","og_description":"Siero bifasico per la protezione della struttura del capello da fonti di calore (piastra e phon)","og_url":"https:\/\/derbe.it\/fr\/produit\/spray-structurel-thermoprotecteur-biphase\/","og_site_name":"Derbe - cosmetici naturali","article_publisher":"https:\/\/www.facebook.com\/evoderbebio","article_modified_time":"2025-09-29T09:45:27+00:00","og_image":[{"width":1600,"height":2000,"url":"https:\/\/derbe.it\/wp-content\/uploads\/2025\/05\/struttura-derbe.jpg","type":"image\/jpeg"}],"twitter_card":"summary_large_image","schema":{"@context":"https:\/\/schema.org","@graph":[{"@type":"WebPage","@id":"https:\/\/derbe.it\/prodotto\/spray-struttura-bifasico-termo-protettore\/","url":"https:\/\/derbe.it\/prodotto\/spray-struttura-bifasico-termo-protettore\/","name":"Spray protecteur thermique biphas\u00e9 pour structure - Derbe - cosm\u00e9tiques naturels","isPartOf":{"@id":"https:\/\/derbe.it\/#website"},"primaryImageOfPage":{"@id":"https:\/\/derbe.it\/prodotto\/spray-struttura-bifasico-termo-protettore\/#primaryimage"},"image":{"@id":"https:\/\/derbe.it\/prodotto\/spray-struttura-bifasico-termo-protettore\/#primaryimage"},"thumbnailUrl":"https:\/\/derbe.it\/wp-content\/uploads\/2025\/05\/struttura-derbe.jpg","datePublished":"2022-02-23T14:28:29+00:00","dateModified":"2025-09-29T09:45:27+00:00","description":"S\u00e9rum biphas\u00e9 pour prot\u00e9ger la structure capillaire des sources de chaleur (lisseurs et s\u00e8che-cheveux)","breadcrumb":{"@id":"https:\/\/derbe.it\/prodotto\/spray-struttura-bifasico-termo-protettore\/#breadcrumb"},"inLanguage":"fr-FR","potentialAction":[{"@type":"ReadAction","target":["https:\/\/derbe.it\/prodotto\/spray-struttura-bifasico-termo-protettore\/"]}]},{"@type":"ImageObject","inLanguage":"fr-FR","@id":"https:\/\/derbe.it\/prodotto\/spray-struttura-bifasico-termo-protettore\/#primaryimage","url":"https:\/\/derbe.it\/wp-content\/uploads\/2025\/05\/struttura-derbe.jpg","contentUrl":"https:\/\/derbe.it\/wp-content\/uploads\/2025\/05\/struttura-derbe.jpg","width":1600,"height":2000,"caption":"Siero bifasico struttura Derbe - termo protettore"},{"@type":"BreadcrumbList","@id":"https:\/\/derbe.it\/prodotto\/spray-struttura-bifasico-termo-protettore\/#breadcrumb","itemListElement":[{"@type":"ListItem","position":1,"name":"Home","item":"https:\/\/derbe.it\/"},{"@type":"ListItem","position":2,"name":"Shop","item":"https:\/\/derbe.it\/en\/shop\/"},{"@type":"ListItem","position":3,"name":"Styling","item":"https:\/\/derbe.it\/categoria-prodotto\/styling\/"},{"@type":"ListItem","position":4,"name":"Spray Struttura Bifasico Termo Protettore"}]},{"@type":"WebSite","@id":"https:\/\/derbe.it\/#website","url":"https:\/\/derbe.it\/","name":"Derb\u00e9","description":"Depuis plus de 50 ans - Fabriqu\u00e9 en Italie - des produits pour les cheveux et le corps \u00e0 base d&#039;extraits de plantes et de formules durables","publisher":{"@id":"https:\/\/derbe.it\/#organization"},"potentialAction":[{"@type":"SearchAction","target":{"@type":"EntryPoint","urlTemplate":"https:\/\/derbe.it\/?s={search_term_string}"},"query-input":{"@type":"PropertyValueSpecification","valueRequired":true,"valueName":"search_term_string"}}],"inLanguage":"fr-FR"},{"@type":"Organization","@id":"https:\/\/derbe.it\/#organization","name":"Derb\u00e9","url":"https:\/\/derbe.it\/","logo":{"@type":"ImageObject","inLanguage":"fr-FR","@id":"https:\/\/derbe.it\/#\/schema\/logo\/image\/","url":"https:\/\/derbe.it\/wp-content\/uploads\/2025\/06\/logo_derbe_firenze.png","contentUrl":"https:\/\/derbe.it\/wp-content\/uploads\/2025\/06\/logo_derbe_firenze.png","width":1200,"height":497,"caption":"Derbe"},"image":{"@id":"https:\/\/derbe.it\/#\/schema\/logo\/image\/"},"sameAs":["https:\/\/www.facebook.com\/evoderbebio","https:\/\/www.instagram.com\/derbe.official\/"],"email":"info@derbe.it","telephone":"+39 055 42 11 799","legalName":"Derbe S.r.l. a socio unico","vatID":"07272610481"}]}},"_links":{"self":[{"href":"https:\/\/derbe.it\/fr\/wp-json\/wp\/v2\/product\/834","targetHints":{"allow":["GET"]}}],"collection":[{"href":"https:\/\/derbe.it\/fr\/wp-json\/wp\/v2\/product"}],"about":[{"href":"https:\/\/derbe.it\/fr\/wp-json\/wp\/v2\/types\/product"}],"wp:featuredmedia":[{"embeddable":true,"href":"https:\/\/derbe.it\/fr\/wp-json\/wp\/v2\/media\/835"}],"wp:attachment":[{"href":"https:\/\/derbe.it\/fr\/wp-json\/wp\/v2\/media?parent=834"}],"wp:term":[{"taxonomy":"caratteristica","embeddable":true,"href":"https:\/\/derbe.it\/fr\/wp-json\/wp\/v2\/caratteristica?post=834"},{"taxonomy":"collezione","embeddable":true,"href":"https:\/\/derbe.it\/fr\/wp-json\/wp\/v2\/collezione?post=834"},{"taxonomy":"formato","embeddable":true,"href":"https:\/\/derbe.it\/fr\/wp-json\/wp\/v2\/formato?post=834"},{"taxonomy":"funzione","embeddable":true,"href":"https:\/\/derbe.it\/fr\/wp-json\/wp\/v2\/funzione?post=834"},{"taxonomy":"utilizzo","embeddable":true,"href":"https:\/\/derbe.it\/fr\/wp-json\/wp\/v2\/utilizzo?post=834"},{"taxonomy":"ingrediente-principale","embeddable":true,"href":"https:\/\/derbe.it\/fr\/wp-json\/wp\/v2\/ingrediente-principale?post=834"},{"taxonomy":"product_brand","embeddable":true,"href":"https:\/\/derbe.it\/fr\/wp-json\/wp\/v2\/product_brand?post=834"},{"taxonomy":"product_cat","embeddable":true,"href":"https:\/\/derbe.it\/fr\/wp-json\/wp\/v2\/product_cat?post=834"},{"taxonomy":"product_tag","embeddable":true,"href":"https:\/\/derbe.it\/fr\/wp-json\/wp\/v2\/product_tag?post=834"}],"curies":[{"name":"wp","href":"https:\/\/api.w.org\/{rel}","templated":true}]}}