{"id":860,"date":"2024-07-02T13:24:42","date_gmt":"2024-07-02T11:24:42","guid":{"rendered":"https:\/\/derbe.it\/prodotto\/olio-di-mandorle-bu-bu-baby\/"},"modified":"2026-05-06T13:56:08","modified_gmt":"2026-05-06T11:56:08","slug":"huile-damande-bu-bu-bebe","status":"publish","type":"product","link":"https:\/\/derbe.it\/fr\/produit\/huile-damande-bu-bu-bebe\/","title":{"rendered":"Huile d&#039;amande Bu Bu Baby"},"content":{"rendered":"<p>Huile sp\u00e9cialement con\u00e7ue pour les peaux sensibles comme celle des nouveau-n\u00e9s, gr\u00e2ce \u00e0 ses propri\u00e9t\u00e9s \u00e9mollientes, adoucissantes et r\u00e9paratrices, elle nourrit et hydrate la peau des enfants et rend celle des femmes enceintes plus \u00e9lastique.<\/p>","protected":false},"excerpt":{"rendered":"<p>Questo prezioso olio di mandorle \u00e8 un ottimo trattamento grazie alla sua texture ricca e fluida, facilita il massaggio idratando e proteggendo delicatamente la pelle dei bambini. Ideale anche per ammorbidire la crosta lattea. [&#8230;]<\/p>\n<p><a class=\"btn btn-secondary understrap-read-more-link\" href=\"https:\/\/derbe.it\/fr\/produit\/huile-damande-bu-bu-bebe\/\">En savoir plus\u2026<span class=\"screen-reader-text\"> Huile d&#039;amande douce Bu Bu Baby<\/span><\/a><\/p>","protected":false},"featured_media":861,"template":"","meta":{"_acf_changed":false},"caratteristica":[],"collezione":[108],"formato":[],"funzione":[],"utilizzo":[],"ingrediente-principale":[],"product_brand":[],"product_cat":[15],"product_tag":[],"class_list":{"0":"post-860","1":"product","2":"type-product","3":"status-publish","4":"has-post-thumbnail","6":"collezione-baby-kids","7":"product_cat-senza-categoria","9":"first","10":"instock","11":"purchasable","12":"product-type-simple"},"acf":[],"yoast_head":"<!-- This site is optimized with the Yoast SEO Premium plugin v26.1 (Yoast SEO v26.8) - https:\/\/yoast.com\/product\/yoast-seo-premium-wordpress\/ -->\n<title>Olio di Mandorle Bu Bu Baby - Derbe - cosmetici naturali<\/title>\n<meta name=\"description\" content=\"Questo prezioso olio di mandorle \u00e8 un ottimo trattamento grazie alla sua texture ricca e fluida, facilita il massaggio idratando e proteggendo delicatamente la pelle dei bambini. Ideale anche per ammorbidire la crosta lattea.\" \/>\n<meta name=\"robots\" content=\"index, follow, max-snippet:-1, max-image-preview:large, max-video-preview:-1\" \/>\n<link rel=\"canonical\" href=\"https:\/\/derbe.it\/fr\/produit\/huile-damande-bu-bu-bebe\/\" \/>\n<meta property=\"og:locale\" content=\"fr_FR\" \/>\n<meta property=\"og:type\" content=\"article\" \/>\n<meta property=\"og:title\" content=\"Olio di Mandorle Bu Bu Baby\" \/>\n<meta property=\"og:description\" content=\"Questo prezioso olio di mandorle \u00e8 un ottimo trattamento grazie alla sua texture ricca e fluida, facilita il massaggio idratando e proteggendo delicatamente la pelle dei bambini. Ideale anche per ammorbidire la crosta lattea.\" \/>\n<meta property=\"og:url\" content=\"https:\/\/derbe.it\/fr\/produit\/huile-damande-bu-bu-bebe\/\" \/>\n<meta property=\"og:site_name\" content=\"Derbe - cosmetici naturali\" \/>\n<meta property=\"article:publisher\" content=\"https:\/\/www.facebook.com\/evoderbebio\" \/>\n<meta property=\"article:modified_time\" content=\"2026-05-06T11:56:08+00:00\" \/>\n<meta property=\"og:image\" content=\"https:\/\/derbe.it\/wp-content\/uploads\/2025\/05\/olio-di-mandorle-derbe-bu-bu-baby-1.jpg\" \/>\n\t<meta property=\"og:image:width\" content=\"1600\" \/>\n\t<meta property=\"og:image:height\" content=\"2000\" \/>\n\t<meta property=\"og:image:type\" content=\"image\/jpeg\" \/>\n<meta name=\"twitter:card\" content=\"summary_large_image\" \/>\n<script type=\"application\/ld+json\" class=\"yoast-schema-graph\">{\"@context\":\"https:\/\/schema.org\",\"@graph\":[{\"@type\":\"WebPage\",\"@id\":\"https:\/\/derbe.it\/prodotto\/olio-di-mandorle-bu-bu-baby\/\",\"url\":\"https:\/\/derbe.it\/prodotto\/olio-di-mandorle-bu-bu-baby\/\",\"name\":\"Olio di Mandorle Bu Bu Baby - Derbe - cosmetici naturali\",\"isPartOf\":{\"@id\":\"https:\/\/derbe.it\/#website\"},\"primaryImageOfPage\":{\"@id\":\"https:\/\/derbe.it\/prodotto\/olio-di-mandorle-bu-bu-baby\/#primaryimage\"},\"image\":{\"@id\":\"https:\/\/derbe.it\/prodotto\/olio-di-mandorle-bu-bu-baby\/#primaryimage\"},\"thumbnailUrl\":\"https:\/\/derbe.it\/wp-content\/uploads\/2025\/05\/olio-di-mandorle-derbe-bu-bu-baby-1.jpg\",\"datePublished\":\"2024-07-02T11:24:42+00:00\",\"dateModified\":\"2026-05-06T11:56:08+00:00\",\"description\":\"Questo prezioso olio di mandorle \u00e8 un ottimo trattamento grazie alla sua texture ricca e fluida, facilita il massaggio idratando e proteggendo delicatamente la pelle dei bambini. Ideale anche per ammorbidire la crosta lattea.\",\"breadcrumb\":{\"@id\":\"https:\/\/derbe.it\/prodotto\/olio-di-mandorle-bu-bu-baby\/#breadcrumb\"},\"inLanguage\":\"fr-FR\",\"potentialAction\":[{\"@type\":\"ReadAction\",\"target\":[\"https:\/\/derbe.it\/prodotto\/olio-di-mandorle-bu-bu-baby\/\"]}]},{\"@type\":\"ImageObject\",\"inLanguage\":\"fr-FR\",\"@id\":\"https:\/\/derbe.it\/prodotto\/olio-di-mandorle-bu-bu-baby\/#primaryimage\",\"url\":\"https:\/\/derbe.it\/wp-content\/uploads\/2025\/05\/olio-di-mandorle-derbe-bu-bu-baby-1.jpg\",\"contentUrl\":\"https:\/\/derbe.it\/wp-content\/uploads\/2025\/05\/olio-di-mandorle-derbe-bu-bu-baby-1.jpg\",\"width\":1600,\"height\":2000,\"caption\":\"Olio di mandorle Bu Bu Baby - Derbe\"},{\"@type\":\"BreadcrumbList\",\"@id\":\"https:\/\/derbe.it\/prodotto\/olio-di-mandorle-bu-bu-baby\/#breadcrumb\",\"itemListElement\":[{\"@type\":\"ListItem\",\"position\":1,\"name\":\"Home\",\"item\":\"https:\/\/derbe.it\/\"},{\"@type\":\"ListItem\",\"position\":2,\"name\":\"Shop\",\"item\":\"https:\/\/derbe.it\/en\/shop\/\"},{\"@type\":\"ListItem\",\"position\":3,\"name\":\"Senza categoria\",\"item\":\"https:\/\/derbe.it\/categoria-prodotto\/senza-categoria\/\"},{\"@type\":\"ListItem\",\"position\":4,\"name\":\"Olio di Mandorle Bu Bu Baby\"}]},{\"@type\":\"WebSite\",\"@id\":\"https:\/\/derbe.it\/#website\",\"url\":\"https:\/\/derbe.it\/\",\"name\":\"Derbe\",\"description\":\"Da oltre 50 anni - Made in italy - prodotti per capelli e corpo con estratti vegetali e formule sostenibili\",\"publisher\":{\"@id\":\"https:\/\/derbe.it\/#organization\"},\"potentialAction\":[{\"@type\":\"SearchAction\",\"target\":{\"@type\":\"EntryPoint\",\"urlTemplate\":\"https:\/\/derbe.it\/?s={search_term_string}\"},\"query-input\":{\"@type\":\"PropertyValueSpecification\",\"valueRequired\":true,\"valueName\":\"search_term_string\"}}],\"inLanguage\":\"fr-FR\"},{\"@type\":\"Organization\",\"@id\":\"https:\/\/derbe.it\/#organization\",\"name\":\"Derbe\",\"url\":\"https:\/\/derbe.it\/\",\"logo\":{\"@type\":\"ImageObject\",\"inLanguage\":\"fr-FR\",\"@id\":\"https:\/\/derbe.it\/#\/schema\/logo\/image\/\",\"url\":\"https:\/\/derbe.it\/wp-content\/uploads\/2025\/06\/logo_derbe_firenze.png\",\"contentUrl\":\"https:\/\/derbe.it\/wp-content\/uploads\/2025\/06\/logo_derbe_firenze.png\",\"width\":1200,\"height\":497,\"caption\":\"Derbe\"},\"image\":{\"@id\":\"https:\/\/derbe.it\/#\/schema\/logo\/image\/\"},\"sameAs\":[\"https:\/\/www.facebook.com\/evoderbebio\",\"https:\/\/www.instagram.com\/derbe.official\/\"],\"email\":\"info@derbe.it\",\"telephone\":\"+39 055 42 11 799\",\"legalName\":\"Derbe S.r.l. a socio unico\",\"vatID\":\"07272610481\"}]}<\/script>\n<!-- \/ Yoast SEO Premium plugin. -->","yoast_head_json":{"title":"Huile d&#039;amande douce Bu Bu Baby - Derbe - cosm\u00e9tiques naturels","description":"Cette pr\u00e9cieuse huile d&#039;amande est un excellent soin gr\u00e2ce \u00e0 sa texture riche et onctueuse. Elle facilite le massage tout en hydratant et prot\u00e9geant en douceur la peau des enfants. Elle est \u00e9galement id\u00e9ale pour adoucir les cro\u00fbtes de lait.","robots":{"index":"index","follow":"follow","max-snippet":"max-snippet:-1","max-image-preview":"max-image-preview:large","max-video-preview":"max-video-preview:-1"},"canonical":"https:\/\/derbe.it\/fr\/produit\/huile-damande-bu-bu-bebe\/","og_locale":"fr_FR","og_type":"article","og_title":"Olio di Mandorle Bu Bu Baby","og_description":"Questo prezioso olio di mandorle \u00e8 un ottimo trattamento grazie alla sua texture ricca e fluida, facilita il massaggio idratando e proteggendo delicatamente la pelle dei bambini. Ideale anche per ammorbidire la crosta lattea.","og_url":"https:\/\/derbe.it\/fr\/produit\/huile-damande-bu-bu-bebe\/","og_site_name":"Derbe - cosmetici naturali","article_publisher":"https:\/\/www.facebook.com\/evoderbebio","article_modified_time":"2026-05-06T11:56:08+00:00","og_image":[{"width":1600,"height":2000,"url":"https:\/\/derbe.it\/wp-content\/uploads\/2025\/05\/olio-di-mandorle-derbe-bu-bu-baby-1.jpg","type":"image\/jpeg"}],"twitter_card":"summary_large_image","schema":{"@context":"https:\/\/schema.org","@graph":[{"@type":"WebPage","@id":"https:\/\/derbe.it\/prodotto\/olio-di-mandorle-bu-bu-baby\/","url":"https:\/\/derbe.it\/prodotto\/olio-di-mandorle-bu-bu-baby\/","name":"Huile d&#039;amande douce Bu Bu Baby - Derbe - cosm\u00e9tiques naturels","isPartOf":{"@id":"https:\/\/derbe.it\/#website"},"primaryImageOfPage":{"@id":"https:\/\/derbe.it\/prodotto\/olio-di-mandorle-bu-bu-baby\/#primaryimage"},"image":{"@id":"https:\/\/derbe.it\/prodotto\/olio-di-mandorle-bu-bu-baby\/#primaryimage"},"thumbnailUrl":"https:\/\/derbe.it\/wp-content\/uploads\/2025\/05\/olio-di-mandorle-derbe-bu-bu-baby-1.jpg","datePublished":"2024-07-02T11:24:42+00:00","dateModified":"2026-05-06T11:56:08+00:00","description":"Cette pr\u00e9cieuse huile d&#039;amande est un excellent soin gr\u00e2ce \u00e0 sa texture riche et onctueuse. Elle facilite le massage tout en hydratant et prot\u00e9geant en douceur la peau des enfants. Elle est \u00e9galement id\u00e9ale pour adoucir les cro\u00fbtes de lait.","breadcrumb":{"@id":"https:\/\/derbe.it\/prodotto\/olio-di-mandorle-bu-bu-baby\/#breadcrumb"},"inLanguage":"fr-FR","potentialAction":[{"@type":"ReadAction","target":["https:\/\/derbe.it\/prodotto\/olio-di-mandorle-bu-bu-baby\/"]}]},{"@type":"ImageObject","inLanguage":"fr-FR","@id":"https:\/\/derbe.it\/prodotto\/olio-di-mandorle-bu-bu-baby\/#primaryimage","url":"https:\/\/derbe.it\/wp-content\/uploads\/2025\/05\/olio-di-mandorle-derbe-bu-bu-baby-1.jpg","contentUrl":"https:\/\/derbe.it\/wp-content\/uploads\/2025\/05\/olio-di-mandorle-derbe-bu-bu-baby-1.jpg","width":1600,"height":2000,"caption":"Olio di mandorle Bu Bu Baby - Derbe"},{"@type":"BreadcrumbList","@id":"https:\/\/derbe.it\/prodotto\/olio-di-mandorle-bu-bu-baby\/#breadcrumb","itemListElement":[{"@type":"ListItem","position":1,"name":"Home","item":"https:\/\/derbe.it\/"},{"@type":"ListItem","position":2,"name":"Shop","item":"https:\/\/derbe.it\/en\/shop\/"},{"@type":"ListItem","position":3,"name":"Senza categoria","item":"https:\/\/derbe.it\/categoria-prodotto\/senza-categoria\/"},{"@type":"ListItem","position":4,"name":"Olio di Mandorle Bu Bu Baby"}]},{"@type":"WebSite","@id":"https:\/\/derbe.it\/#website","url":"https:\/\/derbe.it\/","name":"Derb\u00e9","description":"Depuis plus de 50 ans - Fabriqu\u00e9 en Italie - des produits pour les cheveux et le corps \u00e0 base d&#039;extraits de plantes et de formules durables","publisher":{"@id":"https:\/\/derbe.it\/#organization"},"potentialAction":[{"@type":"SearchAction","target":{"@type":"EntryPoint","urlTemplate":"https:\/\/derbe.it\/?s={search_term_string}"},"query-input":{"@type":"PropertyValueSpecification","valueRequired":true,"valueName":"search_term_string"}}],"inLanguage":"fr-FR"},{"@type":"Organization","@id":"https:\/\/derbe.it\/#organization","name":"Derb\u00e9","url":"https:\/\/derbe.it\/","logo":{"@type":"ImageObject","inLanguage":"fr-FR","@id":"https:\/\/derbe.it\/#\/schema\/logo\/image\/","url":"https:\/\/derbe.it\/wp-content\/uploads\/2025\/06\/logo_derbe_firenze.png","contentUrl":"https:\/\/derbe.it\/wp-content\/uploads\/2025\/06\/logo_derbe_firenze.png","width":1200,"height":497,"caption":"Derbe"},"image":{"@id":"https:\/\/derbe.it\/#\/schema\/logo\/image\/"},"sameAs":["https:\/\/www.facebook.com\/evoderbebio","https:\/\/www.instagram.com\/derbe.official\/"],"email":"info@derbe.it","telephone":"+39 055 42 11 799","legalName":"Derbe S.r.l. a socio unico","vatID":"07272610481"}]}},"_links":{"self":[{"href":"https:\/\/derbe.it\/fr\/wp-json\/wp\/v2\/product\/860","targetHints":{"allow":["GET"]}}],"collection":[{"href":"https:\/\/derbe.it\/fr\/wp-json\/wp\/v2\/product"}],"about":[{"href":"https:\/\/derbe.it\/fr\/wp-json\/wp\/v2\/types\/product"}],"wp:featuredmedia":[{"embeddable":true,"href":"https:\/\/derbe.it\/fr\/wp-json\/wp\/v2\/media\/861"}],"wp:attachment":[{"href":"https:\/\/derbe.it\/fr\/wp-json\/wp\/v2\/media?parent=860"}],"wp:term":[{"taxonomy":"caratteristica","embeddable":true,"href":"https:\/\/derbe.it\/fr\/wp-json\/wp\/v2\/caratteristica?post=860"},{"taxonomy":"collezione","embeddable":true,"href":"https:\/\/derbe.it\/fr\/wp-json\/wp\/v2\/collezione?post=860"},{"taxonomy":"formato","embeddable":true,"href":"https:\/\/derbe.it\/fr\/wp-json\/wp\/v2\/formato?post=860"},{"taxonomy":"funzione","embeddable":true,"href":"https:\/\/derbe.it\/fr\/wp-json\/wp\/v2\/funzione?post=860"},{"taxonomy":"utilizzo","embeddable":true,"href":"https:\/\/derbe.it\/fr\/wp-json\/wp\/v2\/utilizzo?post=860"},{"taxonomy":"ingrediente-principale","embeddable":true,"href":"https:\/\/derbe.it\/fr\/wp-json\/wp\/v2\/ingrediente-principale?post=860"},{"taxonomy":"product_brand","embeddable":true,"href":"https:\/\/derbe.it\/fr\/wp-json\/wp\/v2\/product_brand?post=860"},{"taxonomy":"product_cat","embeddable":true,"href":"https:\/\/derbe.it\/fr\/wp-json\/wp\/v2\/product_cat?post=860"},{"taxonomy":"product_tag","embeddable":true,"href":"https:\/\/derbe.it\/fr\/wp-json\/wp\/v2\/product_tag?post=860"}],"curies":[{"name":"wp","href":"https:\/\/api.w.org\/{rel}","templated":true}]}}