{"id":863,"date":"2024-07-02T13:30:28","date_gmt":"2024-07-02T11:30:28","guid":{"rendered":"https:\/\/derbe.it\/prodotto\/crema-corpo-delicata-bu-bu-baby\/"},"modified":"2025-10-23T09:26:26","modified_gmt":"2025-10-23T07:26:26","slug":"creme-corporelle-delicate-bu-bu-baby","status":"publish","type":"product","link":"https:\/\/derbe.it\/fr\/produit\/creme-corporelle-delicate-bu-bu-baby\/","title":{"rendered":"Cr\u00e8me pour le corps d\u00e9licate Bu Bu Baby"},"content":{"rendered":"<p>La Cr\u00e8me Corps D\u00e9licate Bu Bu Baby \u00e0 la camomille et aux prot\u00e9ines de riz nourrit imm\u00e9diatement et durablement la peau des enfants et la prot\u00e8ge des agressions ext\u00e9rieures. Elle convient aux soins quotidiens des enfants.<\/p>","protected":false},"excerpt":{"rendered":"<p>La Crema Corpo Delicata Bu Bu Baby con camomilla e proteine di riso, nutre in modo immediato e duraturo la pelle dei bambini e la protegge dagli agenti esterni. \u00c8 indicata per la cura quotidiana della pelle del corpo dei bambini. [&#8230;]<\/p>\n<p><a class=\"btn btn-secondary understrap-read-more-link\" href=\"https:\/\/derbe.it\/fr\/produit\/creme-corporelle-delicate-bu-bu-baby\/\">En savoir plus\u2026<span class=\"screen-reader-text\"> Cr\u00e8me pour le corps d\u00e9licate de Bu Bu Baby<\/span><\/a><\/p>","protected":false},"featured_media":864,"template":"","meta":{"_acf_changed":false},"caratteristica":[117,116],"collezione":[108],"formato":[],"funzione":[],"utilizzo":[42],"ingrediente-principale":[],"product_brand":[],"product_cat":[15],"product_tag":[],"class_list":{"0":"post-863","1":"product","2":"type-product","3":"status-publish","4":"has-post-thumbnail","6":"caratteristica-95-di-ingredienti-naturali","7":"caratteristica-sviluppato-da-biologi-esperti","8":"collezione-baby-kids","9":"utilizzo-cura-del-corpo","10":"product_cat-senza-categoria","12":"first","13":"instock","14":"purchasable","15":"product-type-simple"},"acf":[],"yoast_head":"<!-- This site is optimized with the Yoast SEO Premium plugin v26.1 (Yoast SEO v26.8) - https:\/\/yoast.com\/product\/yoast-seo-premium-wordpress\/ -->\n<title>Crema corpo delicata Bu Bu Baby - Derbe - cosmetici naturali<\/title>\n<meta name=\"description\" content=\"La Crema Corpo Delicata Bu Bu Baby con camomilla e proteine di riso, nutre in modo immediato e duraturo la pelle dei bambini e la protegge dagli agenti esterni. \u00c8 indicata per la cura quotidiana della pelle del corpo dei bambini.\" \/>\n<meta name=\"robots\" content=\"index, follow, max-snippet:-1, max-image-preview:large, max-video-preview:-1\" \/>\n<link rel=\"canonical\" href=\"https:\/\/derbe.it\/fr\/produit\/creme-corporelle-delicate-bu-bu-baby\/\" \/>\n<meta property=\"og:locale\" content=\"fr_FR\" \/>\n<meta property=\"og:type\" content=\"article\" \/>\n<meta property=\"og:title\" content=\"Crema corpo delicata Bu Bu Baby\" \/>\n<meta property=\"og:description\" content=\"La Crema Corpo Delicata Bu Bu Baby con camomilla e proteine di riso, nutre in modo immediato e duraturo la pelle dei bambini e la protegge dagli agenti esterni. \u00c8 indicata per la cura quotidiana della pelle del corpo dei bambini.\" \/>\n<meta property=\"og:url\" content=\"https:\/\/derbe.it\/fr\/produit\/creme-corporelle-delicate-bu-bu-baby\/\" \/>\n<meta property=\"og:site_name\" content=\"Derbe - cosmetici naturali\" \/>\n<meta property=\"article:publisher\" content=\"https:\/\/www.facebook.com\/evoderbebio\" \/>\n<meta property=\"article:modified_time\" content=\"2025-10-23T07:26:26+00:00\" \/>\n<meta property=\"og:image\" content=\"https:\/\/derbe.it\/wp-content\/uploads\/2025\/05\/crema-corpo-delicata-bu-bu-baby-derbe-1.jpg\" \/>\n\t<meta property=\"og:image:width\" content=\"1600\" \/>\n\t<meta property=\"og:image:height\" content=\"2000\" \/>\n\t<meta property=\"og:image:type\" content=\"image\/jpeg\" \/>\n<meta name=\"twitter:card\" content=\"summary_large_image\" \/>\n<script type=\"application\/ld+json\" class=\"yoast-schema-graph\">{\"@context\":\"https:\/\/schema.org\",\"@graph\":[{\"@type\":\"WebPage\",\"@id\":\"https:\/\/derbe.it\/prodotto\/crema-corpo-delicata-bu-bu-baby\/\",\"url\":\"https:\/\/derbe.it\/prodotto\/crema-corpo-delicata-bu-bu-baby\/\",\"name\":\"Crema corpo delicata Bu Bu Baby - Derbe - cosmetici naturali\",\"isPartOf\":{\"@id\":\"https:\/\/derbe.it\/#website\"},\"primaryImageOfPage\":{\"@id\":\"https:\/\/derbe.it\/prodotto\/crema-corpo-delicata-bu-bu-baby\/#primaryimage\"},\"image\":{\"@id\":\"https:\/\/derbe.it\/prodotto\/crema-corpo-delicata-bu-bu-baby\/#primaryimage\"},\"thumbnailUrl\":\"https:\/\/derbe.it\/wp-content\/uploads\/2025\/05\/crema-corpo-delicata-bu-bu-baby-derbe-1.jpg\",\"datePublished\":\"2024-07-02T11:30:28+00:00\",\"dateModified\":\"2025-10-23T07:26:26+00:00\",\"description\":\"La Crema Corpo Delicata Bu Bu Baby con camomilla e proteine di riso, nutre in modo immediato e duraturo la pelle dei bambini e la protegge dagli agenti esterni. \u00c8 indicata per la cura quotidiana della pelle del corpo dei bambini.\",\"breadcrumb\":{\"@id\":\"https:\/\/derbe.it\/prodotto\/crema-corpo-delicata-bu-bu-baby\/#breadcrumb\"},\"inLanguage\":\"fr-FR\",\"potentialAction\":[{\"@type\":\"ReadAction\",\"target\":[\"https:\/\/derbe.it\/prodotto\/crema-corpo-delicata-bu-bu-baby\/\"]}]},{\"@type\":\"ImageObject\",\"inLanguage\":\"fr-FR\",\"@id\":\"https:\/\/derbe.it\/prodotto\/crema-corpo-delicata-bu-bu-baby\/#primaryimage\",\"url\":\"https:\/\/derbe.it\/wp-content\/uploads\/2025\/05\/crema-corpo-delicata-bu-bu-baby-derbe-1.jpg\",\"contentUrl\":\"https:\/\/derbe.it\/wp-content\/uploads\/2025\/05\/crema-corpo-delicata-bu-bu-baby-derbe-1.jpg\",\"width\":1600,\"height\":2000},{\"@type\":\"BreadcrumbList\",\"@id\":\"https:\/\/derbe.it\/prodotto\/crema-corpo-delicata-bu-bu-baby\/#breadcrumb\",\"itemListElement\":[{\"@type\":\"ListItem\",\"position\":1,\"name\":\"Home\",\"item\":\"https:\/\/derbe.it\/\"},{\"@type\":\"ListItem\",\"position\":2,\"name\":\"Shop\",\"item\":\"https:\/\/derbe.it\/en\/shop\/\"},{\"@type\":\"ListItem\",\"position\":3,\"name\":\"Senza categoria\",\"item\":\"https:\/\/derbe.it\/categoria-prodotto\/senza-categoria\/\"},{\"@type\":\"ListItem\",\"position\":4,\"name\":\"Crema corpo delicata Bu Bu Baby\"}]},{\"@type\":\"WebSite\",\"@id\":\"https:\/\/derbe.it\/#website\",\"url\":\"https:\/\/derbe.it\/\",\"name\":\"Derbe\",\"description\":\"Da oltre 50 anni - Made in italy - prodotti per capelli e corpo con estratti vegetali e formule sostenibili\",\"publisher\":{\"@id\":\"https:\/\/derbe.it\/#organization\"},\"potentialAction\":[{\"@type\":\"SearchAction\",\"target\":{\"@type\":\"EntryPoint\",\"urlTemplate\":\"https:\/\/derbe.it\/?s={search_term_string}\"},\"query-input\":{\"@type\":\"PropertyValueSpecification\",\"valueRequired\":true,\"valueName\":\"search_term_string\"}}],\"inLanguage\":\"fr-FR\"},{\"@type\":\"Organization\",\"@id\":\"https:\/\/derbe.it\/#organization\",\"name\":\"Derbe\",\"url\":\"https:\/\/derbe.it\/\",\"logo\":{\"@type\":\"ImageObject\",\"inLanguage\":\"fr-FR\",\"@id\":\"https:\/\/derbe.it\/#\/schema\/logo\/image\/\",\"url\":\"https:\/\/derbe.it\/wp-content\/uploads\/2025\/06\/logo_derbe_firenze.png\",\"contentUrl\":\"https:\/\/derbe.it\/wp-content\/uploads\/2025\/06\/logo_derbe_firenze.png\",\"width\":1200,\"height\":497,\"caption\":\"Derbe\"},\"image\":{\"@id\":\"https:\/\/derbe.it\/#\/schema\/logo\/image\/\"},\"sameAs\":[\"https:\/\/www.facebook.com\/evoderbebio\",\"https:\/\/www.instagram.com\/derbe.official\/\"],\"email\":\"info@derbe.it\",\"telephone\":\"+39 055 42 11 799\",\"legalName\":\"Derbe S.r.l. a socio unico\",\"vatID\":\"07272610481\"}]}<\/script>\n<!-- \/ Yoast SEO Premium plugin. -->","yoast_head_json":{"title":"Cr\u00e8me corporelle d\u00e9licate Bu Bu Baby - Derbe - Cosm\u00e9tiques naturels","description":"La Cr\u00e8me Corps D\u00e9licate Bu Bu Baby \u00e0 la camomille et aux prot\u00e9ines de riz nourrit imm\u00e9diatement et durablement la peau des enfants et la prot\u00e8ge des agressions ext\u00e9rieures. Elle convient aux soins quotidiens des enfants.","robots":{"index":"index","follow":"follow","max-snippet":"max-snippet:-1","max-image-preview":"max-image-preview:large","max-video-preview":"max-video-preview:-1"},"canonical":"https:\/\/derbe.it\/fr\/produit\/creme-corporelle-delicate-bu-bu-baby\/","og_locale":"fr_FR","og_type":"article","og_title":"Crema corpo delicata Bu Bu Baby","og_description":"La Crema Corpo Delicata Bu Bu Baby con camomilla e proteine di riso, nutre in modo immediato e duraturo la pelle dei bambini e la protegge dagli agenti esterni. \u00c8 indicata per la cura quotidiana della pelle del corpo dei bambini.","og_url":"https:\/\/derbe.it\/fr\/produit\/creme-corporelle-delicate-bu-bu-baby\/","og_site_name":"Derbe - cosmetici naturali","article_publisher":"https:\/\/www.facebook.com\/evoderbebio","article_modified_time":"2025-10-23T07:26:26+00:00","og_image":[{"width":1600,"height":2000,"url":"https:\/\/derbe.it\/wp-content\/uploads\/2025\/05\/crema-corpo-delicata-bu-bu-baby-derbe-1.jpg","type":"image\/jpeg"}],"twitter_card":"summary_large_image","schema":{"@context":"https:\/\/schema.org","@graph":[{"@type":"WebPage","@id":"https:\/\/derbe.it\/prodotto\/crema-corpo-delicata-bu-bu-baby\/","url":"https:\/\/derbe.it\/prodotto\/crema-corpo-delicata-bu-bu-baby\/","name":"Cr\u00e8me corporelle d\u00e9licate Bu Bu Baby - Derbe - Cosm\u00e9tiques naturels","isPartOf":{"@id":"https:\/\/derbe.it\/#website"},"primaryImageOfPage":{"@id":"https:\/\/derbe.it\/prodotto\/crema-corpo-delicata-bu-bu-baby\/#primaryimage"},"image":{"@id":"https:\/\/derbe.it\/prodotto\/crema-corpo-delicata-bu-bu-baby\/#primaryimage"},"thumbnailUrl":"https:\/\/derbe.it\/wp-content\/uploads\/2025\/05\/crema-corpo-delicata-bu-bu-baby-derbe-1.jpg","datePublished":"2024-07-02T11:30:28+00:00","dateModified":"2025-10-23T07:26:26+00:00","description":"La Cr\u00e8me Corps D\u00e9licate Bu Bu Baby \u00e0 la camomille et aux prot\u00e9ines de riz nourrit imm\u00e9diatement et durablement la peau des enfants et la prot\u00e8ge des agressions ext\u00e9rieures. Elle convient aux soins quotidiens des enfants.","breadcrumb":{"@id":"https:\/\/derbe.it\/prodotto\/crema-corpo-delicata-bu-bu-baby\/#breadcrumb"},"inLanguage":"fr-FR","potentialAction":[{"@type":"ReadAction","target":["https:\/\/derbe.it\/prodotto\/crema-corpo-delicata-bu-bu-baby\/"]}]},{"@type":"ImageObject","inLanguage":"fr-FR","@id":"https:\/\/derbe.it\/prodotto\/crema-corpo-delicata-bu-bu-baby\/#primaryimage","url":"https:\/\/derbe.it\/wp-content\/uploads\/2025\/05\/crema-corpo-delicata-bu-bu-baby-derbe-1.jpg","contentUrl":"https:\/\/derbe.it\/wp-content\/uploads\/2025\/05\/crema-corpo-delicata-bu-bu-baby-derbe-1.jpg","width":1600,"height":2000},{"@type":"BreadcrumbList","@id":"https:\/\/derbe.it\/prodotto\/crema-corpo-delicata-bu-bu-baby\/#breadcrumb","itemListElement":[{"@type":"ListItem","position":1,"name":"Home","item":"https:\/\/derbe.it\/"},{"@type":"ListItem","position":2,"name":"Shop","item":"https:\/\/derbe.it\/en\/shop\/"},{"@type":"ListItem","position":3,"name":"Senza categoria","item":"https:\/\/derbe.it\/categoria-prodotto\/senza-categoria\/"},{"@type":"ListItem","position":4,"name":"Crema corpo delicata Bu Bu Baby"}]},{"@type":"WebSite","@id":"https:\/\/derbe.it\/#website","url":"https:\/\/derbe.it\/","name":"Derb\u00e9","description":"Depuis plus de 50 ans - Fabriqu\u00e9 en Italie - des produits pour les cheveux et le corps \u00e0 base d&#039;extraits de plantes et de formules durables","publisher":{"@id":"https:\/\/derbe.it\/#organization"},"potentialAction":[{"@type":"SearchAction","target":{"@type":"EntryPoint","urlTemplate":"https:\/\/derbe.it\/?s={search_term_string}"},"query-input":{"@type":"PropertyValueSpecification","valueRequired":true,"valueName":"search_term_string"}}],"inLanguage":"fr-FR"},{"@type":"Organization","@id":"https:\/\/derbe.it\/#organization","name":"Derb\u00e9","url":"https:\/\/derbe.it\/","logo":{"@type":"ImageObject","inLanguage":"fr-FR","@id":"https:\/\/derbe.it\/#\/schema\/logo\/image\/","url":"https:\/\/derbe.it\/wp-content\/uploads\/2025\/06\/logo_derbe_firenze.png","contentUrl":"https:\/\/derbe.it\/wp-content\/uploads\/2025\/06\/logo_derbe_firenze.png","width":1200,"height":497,"caption":"Derbe"},"image":{"@id":"https:\/\/derbe.it\/#\/schema\/logo\/image\/"},"sameAs":["https:\/\/www.facebook.com\/evoderbebio","https:\/\/www.instagram.com\/derbe.official\/"],"email":"info@derbe.it","telephone":"+39 055 42 11 799","legalName":"Derbe S.r.l. a socio unico","vatID":"07272610481"}]}},"_links":{"self":[{"href":"https:\/\/derbe.it\/fr\/wp-json\/wp\/v2\/product\/863","targetHints":{"allow":["GET"]}}],"collection":[{"href":"https:\/\/derbe.it\/fr\/wp-json\/wp\/v2\/product"}],"about":[{"href":"https:\/\/derbe.it\/fr\/wp-json\/wp\/v2\/types\/product"}],"wp:featuredmedia":[{"embeddable":true,"href":"https:\/\/derbe.it\/fr\/wp-json\/wp\/v2\/media\/864"}],"wp:attachment":[{"href":"https:\/\/derbe.it\/fr\/wp-json\/wp\/v2\/media?parent=863"}],"wp:term":[{"taxonomy":"caratteristica","embeddable":true,"href":"https:\/\/derbe.it\/fr\/wp-json\/wp\/v2\/caratteristica?post=863"},{"taxonomy":"collezione","embeddable":true,"href":"https:\/\/derbe.it\/fr\/wp-json\/wp\/v2\/collezione?post=863"},{"taxonomy":"formato","embeddable":true,"href":"https:\/\/derbe.it\/fr\/wp-json\/wp\/v2\/formato?post=863"},{"taxonomy":"funzione","embeddable":true,"href":"https:\/\/derbe.it\/fr\/wp-json\/wp\/v2\/funzione?post=863"},{"taxonomy":"utilizzo","embeddable":true,"href":"https:\/\/derbe.it\/fr\/wp-json\/wp\/v2\/utilizzo?post=863"},{"taxonomy":"ingrediente-principale","embeddable":true,"href":"https:\/\/derbe.it\/fr\/wp-json\/wp\/v2\/ingrediente-principale?post=863"},{"taxonomy":"product_brand","embeddable":true,"href":"https:\/\/derbe.it\/fr\/wp-json\/wp\/v2\/product_brand?post=863"},{"taxonomy":"product_cat","embeddable":true,"href":"https:\/\/derbe.it\/fr\/wp-json\/wp\/v2\/product_cat?post=863"},{"taxonomy":"product_tag","embeddable":true,"href":"https:\/\/derbe.it\/fr\/wp-json\/wp\/v2\/product_tag?post=863"}],"curies":[{"name":"wp","href":"https:\/\/api.w.org\/{rel}","templated":true}]}}