{"id":904,"date":"2024-09-19T14:32:37","date_gmt":"2024-09-19T12:32:37","guid":{"rendered":"https:\/\/derbe.it\/prodotto\/hair-mist-illuminante\/"},"modified":"2025-10-21T09:56:52","modified_gmt":"2025-10-21T07:56:52","slug":"brume-capillaire-illuminatrice","status":"publish","type":"product","link":"https:\/\/derbe.it\/fr\/produit\/brume-capillaire-illuminatrice\/","title":{"rendered":"Brume capillaire illuminatrice"},"content":{"rendered":"<p>Brume capillaire bio, une brume capillaire d\u00e9licatement parfum\u00e9e, formul\u00e9e \u00e0 partir d&#039;ingr\u00e9dients naturels et biologiques pour apporter fra\u00eecheur et nutrition. Parfaite pour tous les types de cheveux, cette brume est id\u00e9ale pour un coup de fra\u00eecheur instantan\u00e9 tout au long de la journ\u00e9e, laissant les cheveux doux et brillants. Elle a \u00e9galement un effet anti-frisottis.<\/p>\n<p>Produit biologique, fabriqu\u00e9 dans un emballage recycl\u00e9.<\/p>","protected":false},"excerpt":{"rendered":"<p>Brume capillaire bio, une brume capillaire d\u00e9licatement parfum\u00e9e, formul\u00e9e \u00e0 partir d&#039;ingr\u00e9dients naturels et biologiques pour apporter fra\u00eecheur et nutrition. Parfaite pour tous les types de cheveux, cette brume est id\u00e9ale pour un coup de fra\u00eecheur instantan\u00e9 tout au long de la journ\u00e9e, laissant les cheveux doux et brillants. Elle a \u00e9galement un effet anti-frisottis.<\/p>\n<p>Produit biologique, conditionn\u00e9 dans un emballage recycl\u00e9. [\u2026]<\/p>\n<p><a class=\"btn btn-secondary understrap-read-more-link\" href=\"https:\/\/derbe.it\/fr\/produit\/brume-capillaire-illuminatrice\/\">En savoir plus\u2026<span class=\"screen-reader-text\"> de Hair Mist Illuminatrice<\/span><\/a><\/p>","protected":false},"featured_media":1007,"template":"","meta":{"_acf_changed":false},"caratteristica":[],"collezione":[81],"formato":[],"funzione":[83],"utilizzo":[],"ingrediente-principale":[],"product_brand":[],"product_cat":[102],"product_tag":[],"class_list":{"0":"post-904","1":"product","2":"type-product","3":"status-publish","4":"has-post-thumbnail","6":"collezione-botanitech","7":"funzione-capelli-normali-equilibrati","8":"product_cat-styling","10":"first","11":"instock","12":"purchasable","13":"product-type-simple"},"acf":[],"yoast_head":"<!-- This site is optimized with the Yoast SEO Premium plugin v26.1 (Yoast SEO v26.8) - https:\/\/yoast.com\/product\/yoast-seo-premium-wordpress\/ -->\n<title>Hair Mist Illuminante - Derbe - cosmetici naturali<\/title>\n<meta name=\"description\" content=\"Hair Mist Biologica, una delicata nebbia profumata per capelli, formulata con ingredienti naturali e biologici per donare freschezza e nutrimento. Perfetta per tutti i tipi di capelli, questa mist \u00e8 ideale per un rapido tocco di freschezza durante la giornata, rendendo i capelli morbidi e lucenti. Svolge in aggiunta una funzione anticrespo.  Prodotto Biologico, realizzato in pack riciclato.\" \/>\n<meta name=\"robots\" content=\"index, follow, max-snippet:-1, max-image-preview:large, max-video-preview:-1\" \/>\n<link rel=\"canonical\" href=\"https:\/\/derbe.it\/fr\/produit\/brume-capillaire-illuminatrice\/\" \/>\n<meta property=\"og:locale\" content=\"fr_FR\" \/>\n<meta property=\"og:type\" content=\"article\" \/>\n<meta property=\"og:title\" content=\"Hair Mist Illuminante\" \/>\n<meta property=\"og:description\" content=\"Hair Mist Biologica, una delicata nebbia profumata per capelli, formulata con ingredienti naturali e biologici per donare freschezza e nutrimento. Perfetta per tutti i tipi di capelli, questa mist \u00e8 ideale per un rapido tocco di freschezza durante la giornata, rendendo i capelli morbidi e lucenti. Svolge in aggiunta una funzione anticrespo.  Prodotto Biologico, realizzato in pack riciclato.\" \/>\n<meta property=\"og:url\" content=\"https:\/\/derbe.it\/fr\/produit\/brume-capillaire-illuminatrice\/\" \/>\n<meta property=\"og:site_name\" content=\"Derbe - cosmetici naturali\" \/>\n<meta property=\"article:publisher\" content=\"https:\/\/www.facebook.com\/evoderbebio\" \/>\n<meta property=\"article:modified_time\" content=\"2025-10-21T07:56:52+00:00\" \/>\n<meta property=\"og:image\" content=\"https:\/\/derbe.it\/wp-content\/uploads\/2024\/09\/hair-mist-illuminante-violet.jpg\" \/>\n\t<meta property=\"og:image:width\" content=\"1600\" \/>\n\t<meta property=\"og:image:height\" content=\"2000\" \/>\n\t<meta property=\"og:image:type\" content=\"image\/jpeg\" \/>\n<meta name=\"twitter:card\" content=\"summary_large_image\" \/>\n<script type=\"application\/ld+json\" class=\"yoast-schema-graph\">{\"@context\":\"https:\/\/schema.org\",\"@graph\":[{\"@type\":\"WebPage\",\"@id\":\"https:\/\/derbe.it\/prodotto\/hair-mist-illuminante\/\",\"url\":\"https:\/\/derbe.it\/prodotto\/hair-mist-illuminante\/\",\"name\":\"Hair Mist Illuminante - Derbe - cosmetici naturali\",\"isPartOf\":{\"@id\":\"https:\/\/derbe.it\/#website\"},\"primaryImageOfPage\":{\"@id\":\"https:\/\/derbe.it\/prodotto\/hair-mist-illuminante\/#primaryimage\"},\"image\":{\"@id\":\"https:\/\/derbe.it\/prodotto\/hair-mist-illuminante\/#primaryimage\"},\"thumbnailUrl\":\"https:\/\/derbe.it\/wp-content\/uploads\/2024\/09\/hair-mist-illuminante-violet.jpg\",\"datePublished\":\"2024-09-19T12:32:37+00:00\",\"dateModified\":\"2025-10-21T07:56:52+00:00\",\"description\":\"Hair Mist Biologica, una delicata nebbia profumata per capelli, formulata con ingredienti naturali e biologici per donare freschezza e nutrimento. Perfetta per tutti i tipi di capelli, questa mist \u00e8 ideale per un rapido tocco di freschezza durante la giornata, rendendo i capelli morbidi e lucenti. Svolge in aggiunta una funzione anticrespo. Prodotto Biologico, realizzato in pack riciclato.\",\"breadcrumb\":{\"@id\":\"https:\/\/derbe.it\/prodotto\/hair-mist-illuminante\/#breadcrumb\"},\"inLanguage\":\"fr-FR\",\"potentialAction\":[{\"@type\":\"ReadAction\",\"target\":[\"https:\/\/derbe.it\/prodotto\/hair-mist-illuminante\/\"]}]},{\"@type\":\"ImageObject\",\"inLanguage\":\"fr-FR\",\"@id\":\"https:\/\/derbe.it\/prodotto\/hair-mist-illuminante\/#primaryimage\",\"url\":\"https:\/\/derbe.it\/wp-content\/uploads\/2024\/09\/hair-mist-illuminante-violet.jpg\",\"contentUrl\":\"https:\/\/derbe.it\/wp-content\/uploads\/2024\/09\/hair-mist-illuminante-violet.jpg\",\"width\":1600,\"height\":2000},{\"@type\":\"BreadcrumbList\",\"@id\":\"https:\/\/derbe.it\/prodotto\/hair-mist-illuminante\/#breadcrumb\",\"itemListElement\":[{\"@type\":\"ListItem\",\"position\":1,\"name\":\"Home\",\"item\":\"https:\/\/derbe.it\/\"},{\"@type\":\"ListItem\",\"position\":2,\"name\":\"Shop\",\"item\":\"https:\/\/derbe.it\/en\/shop\/\"},{\"@type\":\"ListItem\",\"position\":3,\"name\":\"Styling\",\"item\":\"https:\/\/derbe.it\/categoria-prodotto\/styling\/\"},{\"@type\":\"ListItem\",\"position\":4,\"name\":\"Hair Mist Illuminante\"}]},{\"@type\":\"WebSite\",\"@id\":\"https:\/\/derbe.it\/#website\",\"url\":\"https:\/\/derbe.it\/\",\"name\":\"Derbe\",\"description\":\"Da oltre 50 anni - Made in italy - prodotti per capelli e corpo con estratti vegetali e formule sostenibili\",\"publisher\":{\"@id\":\"https:\/\/derbe.it\/#organization\"},\"potentialAction\":[{\"@type\":\"SearchAction\",\"target\":{\"@type\":\"EntryPoint\",\"urlTemplate\":\"https:\/\/derbe.it\/?s={search_term_string}\"},\"query-input\":{\"@type\":\"PropertyValueSpecification\",\"valueRequired\":true,\"valueName\":\"search_term_string\"}}],\"inLanguage\":\"fr-FR\"},{\"@type\":\"Organization\",\"@id\":\"https:\/\/derbe.it\/#organization\",\"name\":\"Derbe\",\"url\":\"https:\/\/derbe.it\/\",\"logo\":{\"@type\":\"ImageObject\",\"inLanguage\":\"fr-FR\",\"@id\":\"https:\/\/derbe.it\/#\/schema\/logo\/image\/\",\"url\":\"https:\/\/derbe.it\/wp-content\/uploads\/2025\/06\/logo_derbe_firenze.png\",\"contentUrl\":\"https:\/\/derbe.it\/wp-content\/uploads\/2025\/06\/logo_derbe_firenze.png\",\"width\":1200,\"height\":497,\"caption\":\"Derbe\"},\"image\":{\"@id\":\"https:\/\/derbe.it\/#\/schema\/logo\/image\/\"},\"sameAs\":[\"https:\/\/www.facebook.com\/evoderbebio\",\"https:\/\/www.instagram.com\/derbe.official\/\"],\"email\":\"info@derbe.it\",\"telephone\":\"+39 055 42 11 799\",\"legalName\":\"Derbe S.r.l. a socio unico\",\"vatID\":\"07272610481\"}]}<\/script>\n<!-- \/ Yoast SEO Premium plugin. -->","yoast_head_json":{"title":"Brume capillaire illuminatrice - Derbe - cosm\u00e9tiques naturels","description":"Brume capillaire bio, une brume capillaire d\u00e9licatement parfum\u00e9e, formul\u00e9e \u00e0 partir d&#039;ingr\u00e9dients naturels et bio pour apporter fra\u00eecheur et nutrition. Parfaite pour tous les types de cheveux, cette brume est id\u00e9ale pour un coup de fra\u00eecheur instantan\u00e9 tout au long de la journ\u00e9e, laissant les cheveux doux et brillants. Elle a \u00e9galement un effet anti-frisottis. Produit bio, fabriqu\u00e9 dans un emballage recycl\u00e9.","robots":{"index":"index","follow":"follow","max-snippet":"max-snippet:-1","max-image-preview":"max-image-preview:large","max-video-preview":"max-video-preview:-1"},"canonical":"https:\/\/derbe.it\/fr\/produit\/brume-capillaire-illuminatrice\/","og_locale":"fr_FR","og_type":"article","og_title":"Hair Mist Illuminante","og_description":"Hair Mist Biologica, una delicata nebbia profumata per capelli, formulata con ingredienti naturali e biologici per donare freschezza e nutrimento. Perfetta per tutti i tipi di capelli, questa mist \u00e8 ideale per un rapido tocco di freschezza durante la giornata, rendendo i capelli morbidi e lucenti. Svolge in aggiunta una funzione anticrespo.  Prodotto Biologico, realizzato in pack riciclato.","og_url":"https:\/\/derbe.it\/fr\/produit\/brume-capillaire-illuminatrice\/","og_site_name":"Derbe - cosmetici naturali","article_publisher":"https:\/\/www.facebook.com\/evoderbebio","article_modified_time":"2025-10-21T07:56:52+00:00","og_image":[{"width":1600,"height":2000,"url":"https:\/\/derbe.it\/wp-content\/uploads\/2024\/09\/hair-mist-illuminante-violet.jpg","type":"image\/jpeg"}],"twitter_card":"summary_large_image","schema":{"@context":"https:\/\/schema.org","@graph":[{"@type":"WebPage","@id":"https:\/\/derbe.it\/prodotto\/hair-mist-illuminante\/","url":"https:\/\/derbe.it\/prodotto\/hair-mist-illuminante\/","name":"Brume capillaire illuminatrice - Derbe - cosm\u00e9tiques naturels","isPartOf":{"@id":"https:\/\/derbe.it\/#website"},"primaryImageOfPage":{"@id":"https:\/\/derbe.it\/prodotto\/hair-mist-illuminante\/#primaryimage"},"image":{"@id":"https:\/\/derbe.it\/prodotto\/hair-mist-illuminante\/#primaryimage"},"thumbnailUrl":"https:\/\/derbe.it\/wp-content\/uploads\/2024\/09\/hair-mist-illuminante-violet.jpg","datePublished":"2024-09-19T12:32:37+00:00","dateModified":"2025-10-21T07:56:52+00:00","description":"Brume capillaire bio, une brume d\u00e9licate et parfum\u00e9e formul\u00e9e \u00e0 partir d&#039;ingr\u00e9dients naturels et biologiques pour apporter fra\u00eecheur et nutrition. Adapt\u00e9e \u00e0 tous les types de cheveux, cette brume est id\u00e9ale pour une touche de fra\u00eecheur instantan\u00e9e tout au long de la journ\u00e9e, laissant les cheveux doux et brillants. Elle poss\u00e8de \u00e9galement une action anti-frisottis. Produit bio, emballage recycl\u00e9.","breadcrumb":{"@id":"https:\/\/derbe.it\/prodotto\/hair-mist-illuminante\/#breadcrumb"},"inLanguage":"fr-FR","potentialAction":[{"@type":"ReadAction","target":["https:\/\/derbe.it\/prodotto\/hair-mist-illuminante\/"]}]},{"@type":"ImageObject","inLanguage":"fr-FR","@id":"https:\/\/derbe.it\/prodotto\/hair-mist-illuminante\/#primaryimage","url":"https:\/\/derbe.it\/wp-content\/uploads\/2024\/09\/hair-mist-illuminante-violet.jpg","contentUrl":"https:\/\/derbe.it\/wp-content\/uploads\/2024\/09\/hair-mist-illuminante-violet.jpg","width":1600,"height":2000},{"@type":"BreadcrumbList","@id":"https:\/\/derbe.it\/prodotto\/hair-mist-illuminante\/#breadcrumb","itemListElement":[{"@type":"ListItem","position":1,"name":"Home","item":"https:\/\/derbe.it\/"},{"@type":"ListItem","position":2,"name":"Shop","item":"https:\/\/derbe.it\/en\/shop\/"},{"@type":"ListItem","position":3,"name":"Styling","item":"https:\/\/derbe.it\/categoria-prodotto\/styling\/"},{"@type":"ListItem","position":4,"name":"Hair Mist Illuminante"}]},{"@type":"WebSite","@id":"https:\/\/derbe.it\/#website","url":"https:\/\/derbe.it\/","name":"Derb\u00e9","description":"Depuis plus de 50 ans - Fabriqu\u00e9 en Italie - des produits pour les cheveux et le corps \u00e0 base d&#039;extraits de plantes et de formules durables","publisher":{"@id":"https:\/\/derbe.it\/#organization"},"potentialAction":[{"@type":"SearchAction","target":{"@type":"EntryPoint","urlTemplate":"https:\/\/derbe.it\/?s={search_term_string}"},"query-input":{"@type":"PropertyValueSpecification","valueRequired":true,"valueName":"search_term_string"}}],"inLanguage":"fr-FR"},{"@type":"Organization","@id":"https:\/\/derbe.it\/#organization","name":"Derb\u00e9","url":"https:\/\/derbe.it\/","logo":{"@type":"ImageObject","inLanguage":"fr-FR","@id":"https:\/\/derbe.it\/#\/schema\/logo\/image\/","url":"https:\/\/derbe.it\/wp-content\/uploads\/2025\/06\/logo_derbe_firenze.png","contentUrl":"https:\/\/derbe.it\/wp-content\/uploads\/2025\/06\/logo_derbe_firenze.png","width":1200,"height":497,"caption":"Derbe"},"image":{"@id":"https:\/\/derbe.it\/#\/schema\/logo\/image\/"},"sameAs":["https:\/\/www.facebook.com\/evoderbebio","https:\/\/www.instagram.com\/derbe.official\/"],"email":"info@derbe.it","telephone":"+39 055 42 11 799","legalName":"Derbe S.r.l. a socio unico","vatID":"07272610481"}]}},"_links":{"self":[{"href":"https:\/\/derbe.it\/fr\/wp-json\/wp\/v2\/product\/904","targetHints":{"allow":["GET"]}}],"collection":[{"href":"https:\/\/derbe.it\/fr\/wp-json\/wp\/v2\/product"}],"about":[{"href":"https:\/\/derbe.it\/fr\/wp-json\/wp\/v2\/types\/product"}],"wp:featuredmedia":[{"embeddable":true,"href":"https:\/\/derbe.it\/fr\/wp-json\/wp\/v2\/media\/1007"}],"wp:attachment":[{"href":"https:\/\/derbe.it\/fr\/wp-json\/wp\/v2\/media?parent=904"}],"wp:term":[{"taxonomy":"caratteristica","embeddable":true,"href":"https:\/\/derbe.it\/fr\/wp-json\/wp\/v2\/caratteristica?post=904"},{"taxonomy":"collezione","embeddable":true,"href":"https:\/\/derbe.it\/fr\/wp-json\/wp\/v2\/collezione?post=904"},{"taxonomy":"formato","embeddable":true,"href":"https:\/\/derbe.it\/fr\/wp-json\/wp\/v2\/formato?post=904"},{"taxonomy":"funzione","embeddable":true,"href":"https:\/\/derbe.it\/fr\/wp-json\/wp\/v2\/funzione?post=904"},{"taxonomy":"utilizzo","embeddable":true,"href":"https:\/\/derbe.it\/fr\/wp-json\/wp\/v2\/utilizzo?post=904"},{"taxonomy":"ingrediente-principale","embeddable":true,"href":"https:\/\/derbe.it\/fr\/wp-json\/wp\/v2\/ingrediente-principale?post=904"},{"taxonomy":"product_brand","embeddable":true,"href":"https:\/\/derbe.it\/fr\/wp-json\/wp\/v2\/product_brand?post=904"},{"taxonomy":"product_cat","embeddable":true,"href":"https:\/\/derbe.it\/fr\/wp-json\/wp\/v2\/product_cat?post=904"},{"taxonomy":"product_tag","embeddable":true,"href":"https:\/\/derbe.it\/fr\/wp-json\/wp\/v2\/product_tag?post=904"}],"curies":[{"name":"wp","href":"https:\/\/api.w.org\/{rel}","templated":true}]}}