{"id":905,"date":"2024-09-19T14:36:12","date_gmt":"2024-09-19T12:36:12","guid":{"rendered":"https:\/\/derbe.it\/prodotto\/shampoo-idratante\/"},"modified":"2025-12-04T17:00:24","modified_gmt":"2025-12-04T16:00:24","slug":"shampooing-hydratant-2","status":"publish","type":"product","link":"https:\/\/derbe.it\/fr\/produit\/shampooing-hydratant-2\/","title":{"rendered":"Shampooing hydratant"},"content":{"rendered":"<p>Le shampoing Botanitech pour cheveux secs est la routine beaut\u00e9 id\u00e9ale pour les cheveux secs. Gr\u00e2ce \u00e0 un m\u00e9lange exclusif d&#039;ingr\u00e9dients actifs, il offre un soin intensif qui restaure l&#039;hydratation et la vitalit\u00e9 des cheveux secs ab\u00eem\u00e9s par le brushing, le lissage ou les soins, les laissant doux, lisses et rebondis.<\/p>\n<p>Produit biologique, fabriqu\u00e9 dans un emballage recycl\u00e9.<\/p>","protected":false},"excerpt":{"rendered":"<p>Le shampoing Botanitech pour cheveux secs est la routine beaut\u00e9 id\u00e9ale pour les cheveux secs. Gr\u00e2ce \u00e0 un m\u00e9lange exclusif d&#039;ingr\u00e9dients actifs, il offre un soin intensif qui restaure l&#039;hydratation et la vitalit\u00e9 des cheveux secs ab\u00eem\u00e9s par le brushing, le lissage ou les soins, les laissant doux, lisses et rebondis.<\/p>\n<p>Produit biologique, conditionn\u00e9 dans un emballage recycl\u00e9. [\u2026]<\/p>\n<p><a class=\"btn btn-secondary understrap-read-more-link\" href=\"https:\/\/derbe.it\/fr\/produit\/shampooing-hydratant-2\/\">En savoir plus\u2026<span class=\"screen-reader-text\"> from Shampoo Idratante<\/span><\/a><\/p>","protected":false},"featured_media":893,"template":"","meta":{"_acf_changed":false},"caratteristica":[94,97,116],"collezione":[81],"formato":[],"funzione":[92,85],"utilizzo":[],"ingrediente-principale":[],"product_brand":[],"product_cat":[23],"product_tag":[],"class_list":{"0":"post-905","1":"product","2":"type-product","3":"status-publish","4":"has-post-thumbnail","6":"caratteristica-bio","7":"caratteristica-pack-riciclato","8":"caratteristica-sviluppato-da-biologi-esperti","9":"collezione-botanitech","10":"funzione-capelli-ricci-mossi","11":"funzione-capelli-secchi-disidratati","12":"product_cat-shampoo","14":"first","15":"instock","16":"purchasable","17":"product-type-simple"},"acf":[],"yoast_head":"<!-- This site is optimized with the Yoast SEO Premium plugin v26.1 (Yoast SEO v26.8) - https:\/\/yoast.com\/product\/yoast-seo-premium-wordpress\/ -->\n<title>Shampoo Idratante - Derbe - cosmetici naturali<\/title>\n<meta name=\"description\" content=\"Lo shampoo Botanitech per capelli secchi \u00e8 la migliore beauty routine per capelli aridi. Grazie a un mix esclusivo di sostanze funzionali, offre un trattamento intensivo che ripristina l\u2019idratazione e la vitalit\u00e0 dei capelli aridi, rovinati da phon, piastra o trattamenti, rendendoli morbidi, lisci e rimpolpati.  Prodotto Biologico, realizzato in pack riciclato.\" \/>\n<meta name=\"robots\" content=\"index, follow, max-snippet:-1, max-image-preview:large, max-video-preview:-1\" \/>\n<link rel=\"canonical\" href=\"https:\/\/derbe.it\/fr\/produit\/shampooing-hydratant-2\/\" \/>\n<meta property=\"og:locale\" content=\"fr_FR\" \/>\n<meta property=\"og:type\" content=\"article\" \/>\n<meta property=\"og:title\" content=\"Shampoo Idratante\" \/>\n<meta property=\"og:description\" content=\"Lo shampoo Botanitech per capelli secchi \u00e8 la migliore beauty routine per capelli aridi. Grazie a un mix esclusivo di sostanze funzionali, offre un trattamento intensivo che ripristina l\u2019idratazione e la vitalit\u00e0 dei capelli aridi, rovinati da phon, piastra o trattamenti, rendendoli morbidi, lisci e rimpolpati.  Prodotto Biologico, realizzato in pack riciclato.\" \/>\n<meta property=\"og:url\" content=\"https:\/\/derbe.it\/fr\/produit\/shampooing-hydratant-2\/\" \/>\n<meta property=\"og:site_name\" content=\"Derbe - cosmetici naturali\" \/>\n<meta property=\"article:publisher\" content=\"https:\/\/www.facebook.com\/evoderbebio\" \/>\n<meta property=\"article:modified_time\" content=\"2025-12-04T16:00:24+00:00\" \/>\n<meta property=\"og:image\" content=\"https:\/\/derbe.it\/wp-content\/uploads\/2025\/05\/shampoo-idratante-1.jpg\" \/>\n\t<meta property=\"og:image:width\" content=\"1600\" \/>\n\t<meta property=\"og:image:height\" content=\"2000\" \/>\n\t<meta property=\"og:image:type\" content=\"image\/jpeg\" \/>\n<meta name=\"twitter:card\" content=\"summary_large_image\" \/>\n<meta name=\"twitter:label1\" content=\"Dur\u00e9e de lecture estim\u00e9e\" \/>\n\t<meta name=\"twitter:data1\" content=\"2 minutes\" \/>\n<script type=\"application\/ld+json\" class=\"yoast-schema-graph\">{\"@context\":\"https:\/\/schema.org\",\"@graph\":[{\"@type\":\"WebPage\",\"@id\":\"https:\/\/derbe.it\/prodotto\/shampoo-idratante\/\",\"url\":\"https:\/\/derbe.it\/prodotto\/shampoo-idratante\/\",\"name\":\"Shampoo Idratante - Derbe - cosmetici naturali\",\"isPartOf\":{\"@id\":\"https:\/\/derbe.it\/#website\"},\"primaryImageOfPage\":{\"@id\":\"https:\/\/derbe.it\/prodotto\/shampoo-idratante\/#primaryimage\"},\"image\":{\"@id\":\"https:\/\/derbe.it\/prodotto\/shampoo-idratante\/#primaryimage\"},\"thumbnailUrl\":\"https:\/\/derbe.it\/wp-content\/uploads\/2025\/05\/shampoo-idratante-1.jpg\",\"datePublished\":\"2024-09-19T12:36:12+00:00\",\"dateModified\":\"2025-12-04T16:00:24+00:00\",\"description\":\"Lo shampoo Botanitech per capelli secchi \u00e8 la migliore beauty routine per capelli aridi. Grazie a un mix esclusivo di sostanze funzionali, offre un trattamento intensivo che ripristina l\u2019idratazione e la vitalit\u00e0 dei capelli aridi, rovinati da phon, piastra o trattamenti, rendendoli morbidi, lisci e rimpolpati. Prodotto Biologico, realizzato in pack riciclato.\",\"breadcrumb\":{\"@id\":\"https:\/\/derbe.it\/prodotto\/shampoo-idratante\/#breadcrumb\"},\"inLanguage\":\"fr-FR\",\"potentialAction\":[{\"@type\":\"ReadAction\",\"target\":[\"https:\/\/derbe.it\/prodotto\/shampoo-idratante\/\"]}]},{\"@type\":\"ImageObject\",\"inLanguage\":\"fr-FR\",\"@id\":\"https:\/\/derbe.it\/prodotto\/shampoo-idratante\/#primaryimage\",\"url\":\"https:\/\/derbe.it\/wp-content\/uploads\/2025\/05\/shampoo-idratante-1.jpg\",\"contentUrl\":\"https:\/\/derbe.it\/wp-content\/uploads\/2025\/05\/shampoo-idratante-1.jpg\",\"width\":1600,\"height\":2000},{\"@type\":\"BreadcrumbList\",\"@id\":\"https:\/\/derbe.it\/prodotto\/shampoo-idratante\/#breadcrumb\",\"itemListElement\":[{\"@type\":\"ListItem\",\"position\":1,\"name\":\"Home\",\"item\":\"https:\/\/derbe.it\/\"},{\"@type\":\"ListItem\",\"position\":2,\"name\":\"Shop\",\"item\":\"https:\/\/derbe.it\/en\/shop\/\"},{\"@type\":\"ListItem\",\"position\":3,\"name\":\"Shampoo\",\"item\":\"https:\/\/derbe.it\/categoria-prodotto\/shampoo\/\"},{\"@type\":\"ListItem\",\"position\":4,\"name\":\"Shampoo Idratante\"}]},{\"@type\":\"WebSite\",\"@id\":\"https:\/\/derbe.it\/#website\",\"url\":\"https:\/\/derbe.it\/\",\"name\":\"Derbe\",\"description\":\"Da oltre 50 anni - Made in italy - prodotti per capelli e corpo con estratti vegetali e formule sostenibili\",\"publisher\":{\"@id\":\"https:\/\/derbe.it\/#organization\"},\"potentialAction\":[{\"@type\":\"SearchAction\",\"target\":{\"@type\":\"EntryPoint\",\"urlTemplate\":\"https:\/\/derbe.it\/?s={search_term_string}\"},\"query-input\":{\"@type\":\"PropertyValueSpecification\",\"valueRequired\":true,\"valueName\":\"search_term_string\"}}],\"inLanguage\":\"fr-FR\"},{\"@type\":\"Organization\",\"@id\":\"https:\/\/derbe.it\/#organization\",\"name\":\"Derbe\",\"url\":\"https:\/\/derbe.it\/\",\"logo\":{\"@type\":\"ImageObject\",\"inLanguage\":\"fr-FR\",\"@id\":\"https:\/\/derbe.it\/#\/schema\/logo\/image\/\",\"url\":\"https:\/\/derbe.it\/wp-content\/uploads\/2025\/06\/logo_derbe_firenze.png\",\"contentUrl\":\"https:\/\/derbe.it\/wp-content\/uploads\/2025\/06\/logo_derbe_firenze.png\",\"width\":1200,\"height\":497,\"caption\":\"Derbe\"},\"image\":{\"@id\":\"https:\/\/derbe.it\/#\/schema\/logo\/image\/\"},\"sameAs\":[\"https:\/\/www.facebook.com\/evoderbebio\",\"https:\/\/www.instagram.com\/derbe.official\/\"],\"email\":\"info@derbe.it\",\"telephone\":\"+39 055 42 11 799\",\"legalName\":\"Derbe S.r.l. a socio unico\",\"vatID\":\"07272610481\"}]}<\/script>\n<!-- \/ Yoast SEO Premium plugin. -->","yoast_head_json":{"title":"Shampoing hydratant - Derbe - cosm\u00e9tiques naturels","description":"Le shampoing Botanitech pour cheveux secs est la routine beaut\u00e9 id\u00e9ale pour les cheveux secs. Gr\u00e2ce \u00e0 un m\u00e9lange exclusif d&#039;ingr\u00e9dients actifs, il offre un soin intensif qui restaure l&#039;hydratation et la vitalit\u00e9 des cheveux secs ab\u00eem\u00e9s par le brushing, le lissage ou les soins, les laissant doux, lisses et rebondis. Ce produit bio est fabriqu\u00e9 dans un emballage recycl\u00e9.","robots":{"index":"index","follow":"follow","max-snippet":"max-snippet:-1","max-image-preview":"max-image-preview:large","max-video-preview":"max-video-preview:-1"},"canonical":"https:\/\/derbe.it\/fr\/produit\/shampooing-hydratant-2\/","og_locale":"fr_FR","og_type":"article","og_title":"Shampoo Idratante","og_description":"Lo shampoo Botanitech per capelli secchi \u00e8 la migliore beauty routine per capelli aridi. Grazie a un mix esclusivo di sostanze funzionali, offre un trattamento intensivo che ripristina l\u2019idratazione e la vitalit\u00e0 dei capelli aridi, rovinati da phon, piastra o trattamenti, rendendoli morbidi, lisci e rimpolpati.  Prodotto Biologico, realizzato in pack riciclato.","og_url":"https:\/\/derbe.it\/fr\/produit\/shampooing-hydratant-2\/","og_site_name":"Derbe - cosmetici naturali","article_publisher":"https:\/\/www.facebook.com\/evoderbebio","article_modified_time":"2025-12-04T16:00:24+00:00","og_image":[{"width":1600,"height":2000,"url":"https:\/\/derbe.it\/wp-content\/uploads\/2025\/05\/shampoo-idratante-1.jpg","type":"image\/jpeg"}],"twitter_card":"summary_large_image","twitter_misc":{"Dur\u00e9e de lecture estim\u00e9e":"2 minutes"},"schema":{"@context":"https:\/\/schema.org","@graph":[{"@type":"WebPage","@id":"https:\/\/derbe.it\/prodotto\/shampoo-idratante\/","url":"https:\/\/derbe.it\/prodotto\/shampoo-idratante\/","name":"Shampoing hydratant - Derbe - cosm\u00e9tiques naturels","isPartOf":{"@id":"https:\/\/derbe.it\/#website"},"primaryImageOfPage":{"@id":"https:\/\/derbe.it\/prodotto\/shampoo-idratante\/#primaryimage"},"image":{"@id":"https:\/\/derbe.it\/prodotto\/shampoo-idratante\/#primaryimage"},"thumbnailUrl":"https:\/\/derbe.it\/wp-content\/uploads\/2025\/05\/shampoo-idratante-1.jpg","datePublished":"2024-09-19T12:36:12+00:00","dateModified":"2025-12-04T16:00:24+00:00","description":"Le shampooing Botanitech pour cheveux secs est le soin id\u00e9al pour les cheveux secs. Gr\u00e2ce \u00e0 sa formule exclusive d&#039;actifs, il offre un traitement intensif qui redonne hydratation et vitalit\u00e9 aux cheveux secs et ab\u00eem\u00e9s par le brushing, le lissage ou les traitements, les laissant doux, souples et volumineux. Ce produit bio est conditionn\u00e9 dans un emballage recycl\u00e9.","breadcrumb":{"@id":"https:\/\/derbe.it\/prodotto\/shampoo-idratante\/#breadcrumb"},"inLanguage":"fr-FR","potentialAction":[{"@type":"ReadAction","target":["https:\/\/derbe.it\/prodotto\/shampoo-idratante\/"]}]},{"@type":"ImageObject","inLanguage":"fr-FR","@id":"https:\/\/derbe.it\/prodotto\/shampoo-idratante\/#primaryimage","url":"https:\/\/derbe.it\/wp-content\/uploads\/2025\/05\/shampoo-idratante-1.jpg","contentUrl":"https:\/\/derbe.it\/wp-content\/uploads\/2025\/05\/shampoo-idratante-1.jpg","width":1600,"height":2000},{"@type":"BreadcrumbList","@id":"https:\/\/derbe.it\/prodotto\/shampoo-idratante\/#breadcrumb","itemListElement":[{"@type":"ListItem","position":1,"name":"Home","item":"https:\/\/derbe.it\/"},{"@type":"ListItem","position":2,"name":"Shop","item":"https:\/\/derbe.it\/en\/shop\/"},{"@type":"ListItem","position":3,"name":"Shampoo","item":"https:\/\/derbe.it\/categoria-prodotto\/shampoo\/"},{"@type":"ListItem","position":4,"name":"Shampoo Idratante"}]},{"@type":"WebSite","@id":"https:\/\/derbe.it\/#website","url":"https:\/\/derbe.it\/","name":"Derb\u00e9","description":"Depuis plus de 50 ans - Fabriqu\u00e9 en Italie - des produits pour les cheveux et le corps \u00e0 base d&#039;extraits de plantes et de formules durables","publisher":{"@id":"https:\/\/derbe.it\/#organization"},"potentialAction":[{"@type":"SearchAction","target":{"@type":"EntryPoint","urlTemplate":"https:\/\/derbe.it\/?s={search_term_string}"},"query-input":{"@type":"PropertyValueSpecification","valueRequired":true,"valueName":"search_term_string"}}],"inLanguage":"fr-FR"},{"@type":"Organization","@id":"https:\/\/derbe.it\/#organization","name":"Derb\u00e9","url":"https:\/\/derbe.it\/","logo":{"@type":"ImageObject","inLanguage":"fr-FR","@id":"https:\/\/derbe.it\/#\/schema\/logo\/image\/","url":"https:\/\/derbe.it\/wp-content\/uploads\/2025\/06\/logo_derbe_firenze.png","contentUrl":"https:\/\/derbe.it\/wp-content\/uploads\/2025\/06\/logo_derbe_firenze.png","width":1200,"height":497,"caption":"Derbe"},"image":{"@id":"https:\/\/derbe.it\/#\/schema\/logo\/image\/"},"sameAs":["https:\/\/www.facebook.com\/evoderbebio","https:\/\/www.instagram.com\/derbe.official\/"],"email":"info@derbe.it","telephone":"+39 055 42 11 799","legalName":"Derbe S.r.l. a socio unico","vatID":"07272610481"}]}},"_links":{"self":[{"href":"https:\/\/derbe.it\/fr\/wp-json\/wp\/v2\/product\/905","targetHints":{"allow":["GET"]}}],"collection":[{"href":"https:\/\/derbe.it\/fr\/wp-json\/wp\/v2\/product"}],"about":[{"href":"https:\/\/derbe.it\/fr\/wp-json\/wp\/v2\/types\/product"}],"wp:featuredmedia":[{"embeddable":true,"href":"https:\/\/derbe.it\/fr\/wp-json\/wp\/v2\/media\/893"}],"wp:attachment":[{"href":"https:\/\/derbe.it\/fr\/wp-json\/wp\/v2\/media?parent=905"}],"wp:term":[{"taxonomy":"caratteristica","embeddable":true,"href":"https:\/\/derbe.it\/fr\/wp-json\/wp\/v2\/caratteristica?post=905"},{"taxonomy":"collezione","embeddable":true,"href":"https:\/\/derbe.it\/fr\/wp-json\/wp\/v2\/collezione?post=905"},{"taxonomy":"formato","embeddable":true,"href":"https:\/\/derbe.it\/fr\/wp-json\/wp\/v2\/formato?post=905"},{"taxonomy":"funzione","embeddable":true,"href":"https:\/\/derbe.it\/fr\/wp-json\/wp\/v2\/funzione?post=905"},{"taxonomy":"utilizzo","embeddable":true,"href":"https:\/\/derbe.it\/fr\/wp-json\/wp\/v2\/utilizzo?post=905"},{"taxonomy":"ingrediente-principale","embeddable":true,"href":"https:\/\/derbe.it\/fr\/wp-json\/wp\/v2\/ingrediente-principale?post=905"},{"taxonomy":"product_brand","embeddable":true,"href":"https:\/\/derbe.it\/fr\/wp-json\/wp\/v2\/product_brand?post=905"},{"taxonomy":"product_cat","embeddable":true,"href":"https:\/\/derbe.it\/fr\/wp-json\/wp\/v2\/product_cat?post=905"},{"taxonomy":"product_tag","embeddable":true,"href":"https:\/\/derbe.it\/fr\/wp-json\/wp\/v2\/product_tag?post=905"}],"curies":[{"name":"wp","href":"https:\/\/api.w.org\/{rel}","templated":true}]}}