{"id":908,"date":"2024-09-19T14:44:25","date_gmt":"2024-09-19T12:44:25","guid":{"rendered":"https:\/\/derbe.it\/prodotto\/shampoo-sebo-regolatore\/"},"modified":"2026-05-06T12:49:12","modified_gmt":"2026-05-06T10:49:12","slug":"shampooing-seboregulateur","status":"publish","type":"product","link":"https:\/\/derbe.it\/fr\/produit\/shampooing-seboregulateur\/","title":{"rendered":"Shampooing s\u00e9bor\u00e9gulateur"},"content":{"rendered":"<p>Le shampooing a une action purifiante tr\u00e8s profonde et une action s\u00e9bor\u00e9gulatrice, r\u00e9duisant la formation de s\u00e9bum et \u00e9liminant le probl\u00e8me g\u00eanant des cheveux gras.<\/p>\n<ul>\n<li><span class=\"Apple-converted-space\">\u00a0<strong>LE<\/strong><\/span><strong>drolate de m\u00e9lisse<\/strong>:connu pour ses propri\u00e9t\u00e9s calmantes et apaisantes, parfait pour r\u00e9\u00e9quilibrer le cuir chevelu et r\u00e9duire l&#039;exc\u00e8s de s\u00e9bum<\/li>\n<li><strong>extrait de gingembre<\/strong>: riche en antioxydants et en propri\u00e9t\u00e9s stimulantes, il favorise une croissance saine des cheveux, tandis que l&#039;encens purifie en douceur<\/li>\n<li><strong>lait de riz ferment\u00e9<\/strong>: ce shampooing hydrate et nourrit les cheveux sans les alourdir, les laissant doux et soyeux<\/li>\n<li><strong>Eau de lavande<\/strong>: avec ses propri\u00e9t\u00e9s calmantes et r\u00e9g\u00e9n\u00e9rantes, il compl\u00e8te cette formule \u00e9quilibrante, procurant une sensation durable de fra\u00eecheur et de propret\u00e9<\/li>\n<\/ul>","protected":false},"excerpt":{"rendered":"<p>Le shampoing a une action <strong>purification<\/strong> tr\u00e8s profond et un<strong>action s\u00e9bor\u00e9gulatrice<\/strong>, r\u00e9duisant la formation de s\u00e9bum et <strong>\u00e9liminer<\/strong> l&#039;\u00e9nervant <strong>probl\u00e8me de cheveux gras<\/strong>.<\/p>\n<p>Produit biologique, conditionn\u00e9 dans un emballage recycl\u00e9. [\u2026]<\/p>\n<p><a class=\"btn btn-secondary understrap-read-more-link\" href=\"https:\/\/derbe.it\/fr\/produit\/shampooing-seboregulateur\/\">En savoir plus\u2026<span class=\"screen-reader-text\"> du shampoing r\u00e9gulateur de s\u00e9bum<\/span><\/a><\/p>","protected":false},"featured_media":1006,"template":"","meta":{"_acf_changed":false},"caratteristica":[94,97,95],"collezione":[81],"formato":[],"funzione":[87],"utilizzo":[],"ingrediente-principale":[98],"product_brand":[],"product_cat":[23],"product_tag":[],"class_list":{"0":"post-908","1":"product","2":"type-product","3":"status-publish","4":"has-post-thumbnail","6":"caratteristica-bio","7":"caratteristica-pack-riciclato","8":"caratteristica-vegan","9":"collezione-botanitech","10":"funzione-capelli-grassi","11":"ingrediente-principale-estratto-di-zenzero","12":"product_cat-shampoo","14":"first","15":"instock","16":"purchasable","17":"product-type-simple"},"acf":[],"yoast_head":"<!-- This site is optimized with the Yoast SEO Premium plugin v26.1 (Yoast SEO v26.8) - https:\/\/yoast.com\/product\/yoast-seo-premium-wordpress\/ -->\n<title>Shampoo Sebo Regolatore - Derbe - cosmetici naturali<\/title>\n<meta name=\"description\" content=\"Lo shampoo svolge un\u2019azione purificante molto profonda e un\u2019azione seboregolatrice, riducendo la formazione di sebo ed eliminando il fastidioso problema dei capelli unti.  Prodotto Biologico, realizzato in pack riciclato.\" \/>\n<meta name=\"robots\" content=\"index, follow, max-snippet:-1, max-image-preview:large, max-video-preview:-1\" \/>\n<link rel=\"canonical\" href=\"https:\/\/derbe.it\/fr\/produit\/shampooing-seboregulateur\/\" \/>\n<meta property=\"og:locale\" content=\"fr_FR\" \/>\n<meta property=\"og:type\" content=\"article\" \/>\n<meta property=\"og:title\" content=\"Shampoo Sebo Regolatore\" \/>\n<meta property=\"og:description\" content=\"Lo shampoo svolge un\u2019azione purificante molto profonda e un\u2019azione seboregolatrice, riducendo la formazione di sebo ed eliminando il fastidioso problema dei capelli unti.  Prodotto Biologico, realizzato in pack riciclato.\" \/>\n<meta property=\"og:url\" content=\"https:\/\/derbe.it\/fr\/produit\/shampooing-seboregulateur\/\" \/>\n<meta property=\"og:site_name\" content=\"Derbe - cosmetici naturali\" \/>\n<meta property=\"article:publisher\" content=\"https:\/\/www.facebook.com\/evoderbebio\" \/>\n<meta property=\"article:modified_time\" content=\"2026-05-06T10:49:12+00:00\" \/>\n<meta property=\"og:image\" content=\"https:\/\/derbe.it\/wp-content\/uploads\/2024\/09\/shampoo-sebo-regolatore-1-limoni.jpg\" \/>\n\t<meta property=\"og:image:width\" content=\"1600\" \/>\n\t<meta property=\"og:image:height\" content=\"2000\" \/>\n\t<meta property=\"og:image:type\" content=\"image\/jpeg\" \/>\n<meta name=\"twitter:card\" content=\"summary_large_image\" \/>\n<meta name=\"twitter:label1\" content=\"Dur\u00e9e de lecture estim\u00e9e\" \/>\n\t<meta name=\"twitter:data1\" content=\"1 minute\" \/>\n<script type=\"application\/ld+json\" class=\"yoast-schema-graph\">{\"@context\":\"https:\/\/schema.org\",\"@graph\":[{\"@type\":\"WebPage\",\"@id\":\"https:\/\/derbe.it\/prodotto\/shampoo-sebo-regolatore\/\",\"url\":\"https:\/\/derbe.it\/prodotto\/shampoo-sebo-regolatore\/\",\"name\":\"Shampoo Sebo Regolatore - Derbe - cosmetici naturali\",\"isPartOf\":{\"@id\":\"https:\/\/derbe.it\/#website\"},\"primaryImageOfPage\":{\"@id\":\"https:\/\/derbe.it\/prodotto\/shampoo-sebo-regolatore\/#primaryimage\"},\"image\":{\"@id\":\"https:\/\/derbe.it\/prodotto\/shampoo-sebo-regolatore\/#primaryimage\"},\"thumbnailUrl\":\"https:\/\/derbe.it\/wp-content\/uploads\/2024\/09\/shampoo-sebo-regolatore-1-limoni.jpg\",\"datePublished\":\"2024-09-19T12:44:25+00:00\",\"dateModified\":\"2026-05-06T10:49:12+00:00\",\"description\":\"Lo shampoo svolge un\u2019azione purificante molto profonda e un\u2019azione seboregolatrice, riducendo la formazione di sebo ed eliminando il fastidioso problema dei capelli unti. Prodotto Biologico, realizzato in pack riciclato.\",\"breadcrumb\":{\"@id\":\"https:\/\/derbe.it\/prodotto\/shampoo-sebo-regolatore\/#breadcrumb\"},\"inLanguage\":\"fr-FR\",\"potentialAction\":[{\"@type\":\"ReadAction\",\"target\":[\"https:\/\/derbe.it\/prodotto\/shampoo-sebo-regolatore\/\"]}]},{\"@type\":\"ImageObject\",\"inLanguage\":\"fr-FR\",\"@id\":\"https:\/\/derbe.it\/prodotto\/shampoo-sebo-regolatore\/#primaryimage\",\"url\":\"https:\/\/derbe.it\/wp-content\/uploads\/2024\/09\/shampoo-sebo-regolatore-1-limoni.jpg\",\"contentUrl\":\"https:\/\/derbe.it\/wp-content\/uploads\/2024\/09\/shampoo-sebo-regolatore-1-limoni.jpg\",\"width\":1600,\"height\":2000},{\"@type\":\"BreadcrumbList\",\"@id\":\"https:\/\/derbe.it\/prodotto\/shampoo-sebo-regolatore\/#breadcrumb\",\"itemListElement\":[{\"@type\":\"ListItem\",\"position\":1,\"name\":\"Home\",\"item\":\"https:\/\/derbe.it\/\"},{\"@type\":\"ListItem\",\"position\":2,\"name\":\"Shop\",\"item\":\"https:\/\/derbe.it\/en\/shop\/\"},{\"@type\":\"ListItem\",\"position\":3,\"name\":\"Shampoo\",\"item\":\"https:\/\/derbe.it\/categoria-prodotto\/shampoo\/\"},{\"@type\":\"ListItem\",\"position\":4,\"name\":\"Shampoo Sebo Regolatore\"}]},{\"@type\":\"WebSite\",\"@id\":\"https:\/\/derbe.it\/#website\",\"url\":\"https:\/\/derbe.it\/\",\"name\":\"Derbe\",\"description\":\"Da oltre 50 anni - Made in italy - prodotti per capelli e corpo con estratti vegetali e formule sostenibili\",\"publisher\":{\"@id\":\"https:\/\/derbe.it\/#organization\"},\"potentialAction\":[{\"@type\":\"SearchAction\",\"target\":{\"@type\":\"EntryPoint\",\"urlTemplate\":\"https:\/\/derbe.it\/?s={search_term_string}\"},\"query-input\":{\"@type\":\"PropertyValueSpecification\",\"valueRequired\":true,\"valueName\":\"search_term_string\"}}],\"inLanguage\":\"fr-FR\"},{\"@type\":\"Organization\",\"@id\":\"https:\/\/derbe.it\/#organization\",\"name\":\"Derbe\",\"url\":\"https:\/\/derbe.it\/\",\"logo\":{\"@type\":\"ImageObject\",\"inLanguage\":\"fr-FR\",\"@id\":\"https:\/\/derbe.it\/#\/schema\/logo\/image\/\",\"url\":\"https:\/\/derbe.it\/wp-content\/uploads\/2025\/06\/logo_derbe_firenze.png\",\"contentUrl\":\"https:\/\/derbe.it\/wp-content\/uploads\/2025\/06\/logo_derbe_firenze.png\",\"width\":1200,\"height\":497,\"caption\":\"Derbe\"},\"image\":{\"@id\":\"https:\/\/derbe.it\/#\/schema\/logo\/image\/\"},\"sameAs\":[\"https:\/\/www.facebook.com\/evoderbebio\",\"https:\/\/www.instagram.com\/derbe.official\/\"],\"email\":\"info@derbe.it\",\"telephone\":\"+39 055 42 11 799\",\"legalName\":\"Derbe S.r.l. a socio unico\",\"vatID\":\"07272610481\"}]}<\/script>\n<!-- \/ Yoast SEO Premium plugin. -->","yoast_head_json":{"title":"Shampoing r\u00e9gulateur de s\u00e9bum - Derbe - cosm\u00e9tiques naturels","description":"Ce shampoing purifie et r\u00e9gule le s\u00e9bum en profondeur, r\u00e9duisant la production de s\u00e9bum et \u00e9liminant les cheveux gras. Produit biologique, fabriqu\u00e9 dans un emballage recycl\u00e9.","robots":{"index":"index","follow":"follow","max-snippet":"max-snippet:-1","max-image-preview":"max-image-preview:large","max-video-preview":"max-video-preview:-1"},"canonical":"https:\/\/derbe.it\/fr\/produit\/shampooing-seboregulateur\/","og_locale":"fr_FR","og_type":"article","og_title":"Shampoo Sebo Regolatore","og_description":"Lo shampoo svolge un\u2019azione purificante molto profonda e un\u2019azione seboregolatrice, riducendo la formazione di sebo ed eliminando il fastidioso problema dei capelli unti.  Prodotto Biologico, realizzato in pack riciclato.","og_url":"https:\/\/derbe.it\/fr\/produit\/shampooing-seboregulateur\/","og_site_name":"Derbe - cosmetici naturali","article_publisher":"https:\/\/www.facebook.com\/evoderbebio","article_modified_time":"2026-05-06T10:49:12+00:00","og_image":[{"width":1600,"height":2000,"url":"https:\/\/derbe.it\/wp-content\/uploads\/2024\/09\/shampoo-sebo-regolatore-1-limoni.jpg","type":"image\/jpeg"}],"twitter_card":"summary_large_image","twitter_misc":{"Dur\u00e9e de lecture estim\u00e9e":"1 minute"},"schema":{"@context":"https:\/\/schema.org","@graph":[{"@type":"WebPage","@id":"https:\/\/derbe.it\/prodotto\/shampoo-sebo-regolatore\/","url":"https:\/\/derbe.it\/prodotto\/shampoo-sebo-regolatore\/","name":"Shampoing r\u00e9gulateur de s\u00e9bum - Derbe - cosm\u00e9tiques naturels","isPartOf":{"@id":"https:\/\/derbe.it\/#website"},"primaryImageOfPage":{"@id":"https:\/\/derbe.it\/prodotto\/shampoo-sebo-regolatore\/#primaryimage"},"image":{"@id":"https:\/\/derbe.it\/prodotto\/shampoo-sebo-regolatore\/#primaryimage"},"thumbnailUrl":"https:\/\/derbe.it\/wp-content\/uploads\/2024\/09\/shampoo-sebo-regolatore-1-limoni.jpg","datePublished":"2024-09-19T12:44:25+00:00","dateModified":"2026-05-06T10:49:12+00:00","description":"Ce shampooing purifie et r\u00e9gule la production de s\u00e9bum en profondeur, r\u00e9duisant ainsi l&#039;exc\u00e8s de s\u00e9bum et \u00e9liminant les cheveux gras. Produit bio, emballage recycl\u00e9.","breadcrumb":{"@id":"https:\/\/derbe.it\/prodotto\/shampoo-sebo-regolatore\/#breadcrumb"},"inLanguage":"fr-FR","potentialAction":[{"@type":"ReadAction","target":["https:\/\/derbe.it\/prodotto\/shampoo-sebo-regolatore\/"]}]},{"@type":"ImageObject","inLanguage":"fr-FR","@id":"https:\/\/derbe.it\/prodotto\/shampoo-sebo-regolatore\/#primaryimage","url":"https:\/\/derbe.it\/wp-content\/uploads\/2024\/09\/shampoo-sebo-regolatore-1-limoni.jpg","contentUrl":"https:\/\/derbe.it\/wp-content\/uploads\/2024\/09\/shampoo-sebo-regolatore-1-limoni.jpg","width":1600,"height":2000},{"@type":"BreadcrumbList","@id":"https:\/\/derbe.it\/prodotto\/shampoo-sebo-regolatore\/#breadcrumb","itemListElement":[{"@type":"ListItem","position":1,"name":"Home","item":"https:\/\/derbe.it\/"},{"@type":"ListItem","position":2,"name":"Shop","item":"https:\/\/derbe.it\/en\/shop\/"},{"@type":"ListItem","position":3,"name":"Shampoo","item":"https:\/\/derbe.it\/categoria-prodotto\/shampoo\/"},{"@type":"ListItem","position":4,"name":"Shampoo Sebo Regolatore"}]},{"@type":"WebSite","@id":"https:\/\/derbe.it\/#website","url":"https:\/\/derbe.it\/","name":"Derb\u00e9","description":"Depuis plus de 50 ans - Fabriqu\u00e9 en Italie - des produits pour les cheveux et le corps \u00e0 base d&#039;extraits de plantes et de formules durables","publisher":{"@id":"https:\/\/derbe.it\/#organization"},"potentialAction":[{"@type":"SearchAction","target":{"@type":"EntryPoint","urlTemplate":"https:\/\/derbe.it\/?s={search_term_string}"},"query-input":{"@type":"PropertyValueSpecification","valueRequired":true,"valueName":"search_term_string"}}],"inLanguage":"fr-FR"},{"@type":"Organization","@id":"https:\/\/derbe.it\/#organization","name":"Derb\u00e9","url":"https:\/\/derbe.it\/","logo":{"@type":"ImageObject","inLanguage":"fr-FR","@id":"https:\/\/derbe.it\/#\/schema\/logo\/image\/","url":"https:\/\/derbe.it\/wp-content\/uploads\/2025\/06\/logo_derbe_firenze.png","contentUrl":"https:\/\/derbe.it\/wp-content\/uploads\/2025\/06\/logo_derbe_firenze.png","width":1200,"height":497,"caption":"Derbe"},"image":{"@id":"https:\/\/derbe.it\/#\/schema\/logo\/image\/"},"sameAs":["https:\/\/www.facebook.com\/evoderbebio","https:\/\/www.instagram.com\/derbe.official\/"],"email":"info@derbe.it","telephone":"+39 055 42 11 799","legalName":"Derbe S.r.l. a socio unico","vatID":"07272610481"}]}},"_links":{"self":[{"href":"https:\/\/derbe.it\/fr\/wp-json\/wp\/v2\/product\/908","targetHints":{"allow":["GET"]}}],"collection":[{"href":"https:\/\/derbe.it\/fr\/wp-json\/wp\/v2\/product"}],"about":[{"href":"https:\/\/derbe.it\/fr\/wp-json\/wp\/v2\/types\/product"}],"wp:featuredmedia":[{"embeddable":true,"href":"https:\/\/derbe.it\/fr\/wp-json\/wp\/v2\/media\/1006"}],"wp:attachment":[{"href":"https:\/\/derbe.it\/fr\/wp-json\/wp\/v2\/media?parent=908"}],"wp:term":[{"taxonomy":"caratteristica","embeddable":true,"href":"https:\/\/derbe.it\/fr\/wp-json\/wp\/v2\/caratteristica?post=908"},{"taxonomy":"collezione","embeddable":true,"href":"https:\/\/derbe.it\/fr\/wp-json\/wp\/v2\/collezione?post=908"},{"taxonomy":"formato","embeddable":true,"href":"https:\/\/derbe.it\/fr\/wp-json\/wp\/v2\/formato?post=908"},{"taxonomy":"funzione","embeddable":true,"href":"https:\/\/derbe.it\/fr\/wp-json\/wp\/v2\/funzione?post=908"},{"taxonomy":"utilizzo","embeddable":true,"href":"https:\/\/derbe.it\/fr\/wp-json\/wp\/v2\/utilizzo?post=908"},{"taxonomy":"ingrediente-principale","embeddable":true,"href":"https:\/\/derbe.it\/fr\/wp-json\/wp\/v2\/ingrediente-principale?post=908"},{"taxonomy":"product_brand","embeddable":true,"href":"https:\/\/derbe.it\/fr\/wp-json\/wp\/v2\/product_brand?post=908"},{"taxonomy":"product_cat","embeddable":true,"href":"https:\/\/derbe.it\/fr\/wp-json\/wp\/v2\/product_cat?post=908"},{"taxonomy":"product_tag","embeddable":true,"href":"https:\/\/derbe.it\/fr\/wp-json\/wp\/v2\/product_tag?post=908"}],"curies":[{"name":"wp","href":"https:\/\/api.w.org\/{rel}","templated":true}]}}