{"id":910,"date":"2024-09-19T14:48:41","date_gmt":"2024-09-19T12:48:41","guid":{"rendered":"https:\/\/derbe.it\/prodotto\/hair-mist-sebo-regolatore\/"},"modified":"2025-06-24T16:41:20","modified_gmt":"2025-06-24T14:41:20","slug":"brume-capillaire-seboregulatrice","status":"publish","type":"product","link":"https:\/\/derbe.it\/fr\/produit\/brume-capillaire-seboregulatrice\/","title":{"rendered":"Brume capillaire r\u00e9gulatrice de s\u00e9bum"},"content":{"rendered":"<p>La Brume Capillaire S\u00e9bor\u00e9gulatrice est une brume capillaire d\u00e9licatement parfum\u00e9e, formul\u00e9e \u00e0 partir d&#039;ingr\u00e9dients naturels et biologiques pour apporter fra\u00eecheur et nutrition. Id\u00e9ale pour un coup de fra\u00eecheur instantan\u00e9 tout au long de la journ\u00e9e, elle rafra\u00eechit et hydrate les cheveux en un seul geste, id\u00e9al pour les revitaliser entre deux lavages. Elle assainit et r\u00e9gule \u00e9galement le s\u00e9bum, r\u00e9duisant ainsi l&#039;accumulation de s\u00e9bum et pr\u00e9venant les cheveux gras.<\/p>","protected":false},"excerpt":{"rendered":"<p>Hair Mist Sebo Regolatore, una delicata nebbia profumata per capelli, formulata con ingredienti naturali e biologici per donare freschezza e nutrimento. \u00e8 ideale per un rapido tocco di freschezza durante la giornata. Rinfresca e idrata i capelli in un solo gesto, ideale per ravvivare la chioma tra un lavaggio e l\u2019altro. Svolge inoltre un\u2019azione ingienizzante e un\u2019azione di seboregolazione riducendo la formazione di grasso e prevenendo la formazione di capelli untuosi. [&#8230;]<\/p>\n<p><a class=\"btn btn-secondary understrap-read-more-link\" href=\"https:\/\/derbe.it\/fr\/produit\/brume-capillaire-seboregulatrice\/\">En savoir plus\u2026<span class=\"screen-reader-text\"> Brume capillaire r\u00e9gulatrice de s\u00e9bum<\/span><\/a><\/p>","protected":false},"featured_media":896,"template":"","meta":{"_acf_changed":false},"caratteristica":[],"collezione":[81],"formato":[],"funzione":[87],"utilizzo":[],"ingrediente-principale":[],"product_brand":[],"product_cat":[102],"product_tag":[],"class_list":{"0":"post-910","1":"product","2":"type-product","3":"status-publish","4":"has-post-thumbnail","6":"collezione-botanitech","7":"funzione-capelli-grassi","8":"product_cat-styling","10":"first","11":"instock","12":"purchasable","13":"product-type-simple"},"acf":[],"yoast_head":"<!-- This site is optimized with the Yoast SEO Premium plugin v26.1 (Yoast SEO v26.8) - https:\/\/yoast.com\/product\/yoast-seo-premium-wordpress\/ -->\n<title>Hair Mist Sebo Regolatore - Derbe - cosmetici naturali<\/title>\n<meta name=\"description\" content=\"Hair Mist Sebo Regolatore, una delicata nebbia profumata per capelli, formulata con ingredienti naturali e biologici per donare freschezza e nutrimento. \u00e8 ideale per un rapido tocco di freschezza durante la giornata. Rinfresca e idrata i capelli in un solo gesto, ideale per ravvivare la chioma tra un lavaggio e l\u2019altro. Svolge inoltre un\u2019azione ingienizzante e un\u2019azione di seboregolazione riducendo la formazione di grasso e prevenendo la formazione di capelli untuosi.\" \/>\n<meta name=\"robots\" content=\"index, follow, max-snippet:-1, max-image-preview:large, max-video-preview:-1\" \/>\n<link rel=\"canonical\" href=\"https:\/\/derbe.it\/fr\/produit\/brume-capillaire-seboregulatrice\/\" \/>\n<meta property=\"og:locale\" content=\"fr_FR\" \/>\n<meta property=\"og:type\" content=\"article\" \/>\n<meta property=\"og:title\" content=\"Hair Mist Sebo Regolatore\" \/>\n<meta property=\"og:description\" content=\"Hair Mist Sebo Regolatore, una delicata nebbia profumata per capelli, formulata con ingredienti naturali e biologici per donare freschezza e nutrimento. \u00e8 ideale per un rapido tocco di freschezza durante la giornata. Rinfresca e idrata i capelli in un solo gesto, ideale per ravvivare la chioma tra un lavaggio e l\u2019altro. Svolge inoltre un\u2019azione ingienizzante e un\u2019azione di seboregolazione riducendo la formazione di grasso e prevenendo la formazione di capelli untuosi.\" \/>\n<meta property=\"og:url\" content=\"https:\/\/derbe.it\/fr\/produit\/brume-capillaire-seboregulatrice\/\" \/>\n<meta property=\"og:site_name\" content=\"Derbe - cosmetici naturali\" \/>\n<meta property=\"article:publisher\" content=\"https:\/\/www.facebook.com\/evoderbebio\" \/>\n<meta property=\"article:modified_time\" content=\"2025-06-24T14:41:20+00:00\" \/>\n<meta property=\"og:image\" content=\"https:\/\/derbe.it\/wp-content\/uploads\/2025\/05\/hairmist-seboragolatore-1.jpg\" \/>\n\t<meta property=\"og:image:width\" content=\"1600\" \/>\n\t<meta property=\"og:image:height\" content=\"2000\" \/>\n\t<meta property=\"og:image:type\" content=\"image\/jpeg\" \/>\n<meta name=\"twitter:card\" content=\"summary_large_image\" \/>\n<script type=\"application\/ld+json\" class=\"yoast-schema-graph\">{\"@context\":\"https:\/\/schema.org\",\"@graph\":[{\"@type\":\"WebPage\",\"@id\":\"https:\/\/derbe.it\/prodotto\/hair-mist-sebo-regolatore\/\",\"url\":\"https:\/\/derbe.it\/prodotto\/hair-mist-sebo-regolatore\/\",\"name\":\"Hair Mist Sebo Regolatore - Derbe - cosmetici naturali\",\"isPartOf\":{\"@id\":\"https:\/\/derbe.it\/#website\"},\"primaryImageOfPage\":{\"@id\":\"https:\/\/derbe.it\/prodotto\/hair-mist-sebo-regolatore\/#primaryimage\"},\"image\":{\"@id\":\"https:\/\/derbe.it\/prodotto\/hair-mist-sebo-regolatore\/#primaryimage\"},\"thumbnailUrl\":\"https:\/\/derbe.it\/wp-content\/uploads\/2025\/05\/hairmist-seboragolatore-1.jpg\",\"datePublished\":\"2024-09-19T12:48:41+00:00\",\"dateModified\":\"2025-06-24T14:41:20+00:00\",\"description\":\"Hair Mist Sebo Regolatore, una delicata nebbia profumata per capelli, formulata con ingredienti naturali e biologici per donare freschezza e nutrimento. \u00e8 ideale per un rapido tocco di freschezza durante la giornata. Rinfresca e idrata i capelli in un solo gesto, ideale per ravvivare la chioma tra un lavaggio e l\u2019altro. Svolge inoltre un\u2019azione ingienizzante e un\u2019azione di seboregolazione riducendo la formazione di grasso e prevenendo la formazione di capelli untuosi.\",\"breadcrumb\":{\"@id\":\"https:\/\/derbe.it\/prodotto\/hair-mist-sebo-regolatore\/#breadcrumb\"},\"inLanguage\":\"fr-FR\",\"potentialAction\":[{\"@type\":\"ReadAction\",\"target\":[\"https:\/\/derbe.it\/prodotto\/hair-mist-sebo-regolatore\/\"]}]},{\"@type\":\"ImageObject\",\"inLanguage\":\"fr-FR\",\"@id\":\"https:\/\/derbe.it\/prodotto\/hair-mist-sebo-regolatore\/#primaryimage\",\"url\":\"https:\/\/derbe.it\/wp-content\/uploads\/2025\/05\/hairmist-seboragolatore-1.jpg\",\"contentUrl\":\"https:\/\/derbe.it\/wp-content\/uploads\/2025\/05\/hairmist-seboragolatore-1.jpg\",\"width\":1600,\"height\":2000},{\"@type\":\"BreadcrumbList\",\"@id\":\"https:\/\/derbe.it\/prodotto\/hair-mist-sebo-regolatore\/#breadcrumb\",\"itemListElement\":[{\"@type\":\"ListItem\",\"position\":1,\"name\":\"Home\",\"item\":\"https:\/\/derbe.it\/\"},{\"@type\":\"ListItem\",\"position\":2,\"name\":\"Shop\",\"item\":\"https:\/\/derbe.it\/en\/shop\/\"},{\"@type\":\"ListItem\",\"position\":3,\"name\":\"Styling\",\"item\":\"https:\/\/derbe.it\/categoria-prodotto\/styling\/\"},{\"@type\":\"ListItem\",\"position\":4,\"name\":\"Hair Mist Sebo Regolatore\"}]},{\"@type\":\"WebSite\",\"@id\":\"https:\/\/derbe.it\/#website\",\"url\":\"https:\/\/derbe.it\/\",\"name\":\"Derbe\",\"description\":\"Da oltre 50 anni - Made in italy - prodotti per capelli e corpo con estratti vegetali e formule sostenibili\",\"publisher\":{\"@id\":\"https:\/\/derbe.it\/#organization\"},\"potentialAction\":[{\"@type\":\"SearchAction\",\"target\":{\"@type\":\"EntryPoint\",\"urlTemplate\":\"https:\/\/derbe.it\/?s={search_term_string}\"},\"query-input\":{\"@type\":\"PropertyValueSpecification\",\"valueRequired\":true,\"valueName\":\"search_term_string\"}}],\"inLanguage\":\"fr-FR\"},{\"@type\":\"Organization\",\"@id\":\"https:\/\/derbe.it\/#organization\",\"name\":\"Derbe\",\"url\":\"https:\/\/derbe.it\/\",\"logo\":{\"@type\":\"ImageObject\",\"inLanguage\":\"fr-FR\",\"@id\":\"https:\/\/derbe.it\/#\/schema\/logo\/image\/\",\"url\":\"https:\/\/derbe.it\/wp-content\/uploads\/2025\/06\/logo_derbe_firenze.png\",\"contentUrl\":\"https:\/\/derbe.it\/wp-content\/uploads\/2025\/06\/logo_derbe_firenze.png\",\"width\":1200,\"height\":497,\"caption\":\"Derbe\"},\"image\":{\"@id\":\"https:\/\/derbe.it\/#\/schema\/logo\/image\/\"},\"sameAs\":[\"https:\/\/www.facebook.com\/evoderbebio\",\"https:\/\/www.instagram.com\/derbe.official\/\"],\"email\":\"info@derbe.it\",\"telephone\":\"+39 055 42 11 799\",\"legalName\":\"Derbe S.r.l. a socio unico\",\"vatID\":\"07272610481\"}]}<\/script>\n<!-- \/ Yoast SEO Premium plugin. -->","yoast_head_json":{"title":"Brume capillaire r\u00e9gulatrice de s\u00e9bum - Derbe - cosm\u00e9tiques naturels","description":"La Brume Capillaire S\u00e9bor\u00e9gulatrice est une brume capillaire d\u00e9licatement parfum\u00e9e, formul\u00e9e \u00e0 partir d&#039;ingr\u00e9dients naturels et biologiques pour apporter fra\u00eecheur et nutrition. Id\u00e9ale pour un coup de fra\u00eecheur instantan\u00e9 tout au long de la journ\u00e9e, elle rafra\u00eechit et hydrate les cheveux en un seul geste, id\u00e9al pour les revitaliser entre deux lavages. Elle assainit et r\u00e9gule \u00e9galement le s\u00e9bum, r\u00e9duisant ainsi l&#039;accumulation de s\u00e9bum et pr\u00e9venant les cheveux gras.","robots":{"index":"index","follow":"follow","max-snippet":"max-snippet:-1","max-image-preview":"max-image-preview:large","max-video-preview":"max-video-preview:-1"},"canonical":"https:\/\/derbe.it\/fr\/produit\/brume-capillaire-seboregulatrice\/","og_locale":"fr_FR","og_type":"article","og_title":"Hair Mist Sebo Regolatore","og_description":"Hair Mist Sebo Regolatore, una delicata nebbia profumata per capelli, formulata con ingredienti naturali e biologici per donare freschezza e nutrimento. \u00e8 ideale per un rapido tocco di freschezza durante la giornata. Rinfresca e idrata i capelli in un solo gesto, ideale per ravvivare la chioma tra un lavaggio e l\u2019altro. Svolge inoltre un\u2019azione ingienizzante e un\u2019azione di seboregolazione riducendo la formazione di grasso e prevenendo la formazione di capelli untuosi.","og_url":"https:\/\/derbe.it\/fr\/produit\/brume-capillaire-seboregulatrice\/","og_site_name":"Derbe - cosmetici naturali","article_publisher":"https:\/\/www.facebook.com\/evoderbebio","article_modified_time":"2025-06-24T14:41:20+00:00","og_image":[{"width":1600,"height":2000,"url":"https:\/\/derbe.it\/wp-content\/uploads\/2025\/05\/hairmist-seboragolatore-1.jpg","type":"image\/jpeg"}],"twitter_card":"summary_large_image","schema":{"@context":"https:\/\/schema.org","@graph":[{"@type":"WebPage","@id":"https:\/\/derbe.it\/prodotto\/hair-mist-sebo-regolatore\/","url":"https:\/\/derbe.it\/prodotto\/hair-mist-sebo-regolatore\/","name":"Brume capillaire r\u00e9gulatrice de s\u00e9bum - Derbe - cosm\u00e9tiques naturels","isPartOf":{"@id":"https:\/\/derbe.it\/#website"},"primaryImageOfPage":{"@id":"https:\/\/derbe.it\/prodotto\/hair-mist-sebo-regolatore\/#primaryimage"},"image":{"@id":"https:\/\/derbe.it\/prodotto\/hair-mist-sebo-regolatore\/#primaryimage"},"thumbnailUrl":"https:\/\/derbe.it\/wp-content\/uploads\/2025\/05\/hairmist-seboragolatore-1.jpg","datePublished":"2024-09-19T12:48:41+00:00","dateModified":"2025-06-24T14:41:20+00:00","description":"La Brume Capillaire S\u00e9bor\u00e9gulatrice est une brume capillaire d\u00e9licatement parfum\u00e9e, formul\u00e9e \u00e0 partir d&#039;ingr\u00e9dients naturels et biologiques pour apporter fra\u00eecheur et nutrition. Id\u00e9ale pour un coup de fra\u00eecheur instantan\u00e9 tout au long de la journ\u00e9e, elle rafra\u00eechit et hydrate les cheveux en un seul geste, id\u00e9al pour les revitaliser entre deux lavages. Elle assainit et r\u00e9gule \u00e9galement le s\u00e9bum, r\u00e9duisant ainsi l&#039;accumulation de s\u00e9bum et pr\u00e9venant les cheveux gras.","breadcrumb":{"@id":"https:\/\/derbe.it\/prodotto\/hair-mist-sebo-regolatore\/#breadcrumb"},"inLanguage":"fr-FR","potentialAction":[{"@type":"ReadAction","target":["https:\/\/derbe.it\/prodotto\/hair-mist-sebo-regolatore\/"]}]},{"@type":"ImageObject","inLanguage":"fr-FR","@id":"https:\/\/derbe.it\/prodotto\/hair-mist-sebo-regolatore\/#primaryimage","url":"https:\/\/derbe.it\/wp-content\/uploads\/2025\/05\/hairmist-seboragolatore-1.jpg","contentUrl":"https:\/\/derbe.it\/wp-content\/uploads\/2025\/05\/hairmist-seboragolatore-1.jpg","width":1600,"height":2000},{"@type":"BreadcrumbList","@id":"https:\/\/derbe.it\/prodotto\/hair-mist-sebo-regolatore\/#breadcrumb","itemListElement":[{"@type":"ListItem","position":1,"name":"Home","item":"https:\/\/derbe.it\/"},{"@type":"ListItem","position":2,"name":"Shop","item":"https:\/\/derbe.it\/en\/shop\/"},{"@type":"ListItem","position":3,"name":"Styling","item":"https:\/\/derbe.it\/categoria-prodotto\/styling\/"},{"@type":"ListItem","position":4,"name":"Hair Mist Sebo Regolatore"}]},{"@type":"WebSite","@id":"https:\/\/derbe.it\/#website","url":"https:\/\/derbe.it\/","name":"Derb\u00e9","description":"Depuis plus de 50 ans - Fabriqu\u00e9 en Italie - des produits pour les cheveux et le corps \u00e0 base d&#039;extraits de plantes et de formules durables","publisher":{"@id":"https:\/\/derbe.it\/#organization"},"potentialAction":[{"@type":"SearchAction","target":{"@type":"EntryPoint","urlTemplate":"https:\/\/derbe.it\/?s={search_term_string}"},"query-input":{"@type":"PropertyValueSpecification","valueRequired":true,"valueName":"search_term_string"}}],"inLanguage":"fr-FR"},{"@type":"Organization","@id":"https:\/\/derbe.it\/#organization","name":"Derb\u00e9","url":"https:\/\/derbe.it\/","logo":{"@type":"ImageObject","inLanguage":"fr-FR","@id":"https:\/\/derbe.it\/#\/schema\/logo\/image\/","url":"https:\/\/derbe.it\/wp-content\/uploads\/2025\/06\/logo_derbe_firenze.png","contentUrl":"https:\/\/derbe.it\/wp-content\/uploads\/2025\/06\/logo_derbe_firenze.png","width":1200,"height":497,"caption":"Derbe"},"image":{"@id":"https:\/\/derbe.it\/#\/schema\/logo\/image\/"},"sameAs":["https:\/\/www.facebook.com\/evoderbebio","https:\/\/www.instagram.com\/derbe.official\/"],"email":"info@derbe.it","telephone":"+39 055 42 11 799","legalName":"Derbe S.r.l. a socio unico","vatID":"07272610481"}]}},"_links":{"self":[{"href":"https:\/\/derbe.it\/fr\/wp-json\/wp\/v2\/product\/910","targetHints":{"allow":["GET"]}}],"collection":[{"href":"https:\/\/derbe.it\/fr\/wp-json\/wp\/v2\/product"}],"about":[{"href":"https:\/\/derbe.it\/fr\/wp-json\/wp\/v2\/types\/product"}],"wp:featuredmedia":[{"embeddable":true,"href":"https:\/\/derbe.it\/fr\/wp-json\/wp\/v2\/media\/896"}],"wp:attachment":[{"href":"https:\/\/derbe.it\/fr\/wp-json\/wp\/v2\/media?parent=910"}],"wp:term":[{"taxonomy":"caratteristica","embeddable":true,"href":"https:\/\/derbe.it\/fr\/wp-json\/wp\/v2\/caratteristica?post=910"},{"taxonomy":"collezione","embeddable":true,"href":"https:\/\/derbe.it\/fr\/wp-json\/wp\/v2\/collezione?post=910"},{"taxonomy":"formato","embeddable":true,"href":"https:\/\/derbe.it\/fr\/wp-json\/wp\/v2\/formato?post=910"},{"taxonomy":"funzione","embeddable":true,"href":"https:\/\/derbe.it\/fr\/wp-json\/wp\/v2\/funzione?post=910"},{"taxonomy":"utilizzo","embeddable":true,"href":"https:\/\/derbe.it\/fr\/wp-json\/wp\/v2\/utilizzo?post=910"},{"taxonomy":"ingrediente-principale","embeddable":true,"href":"https:\/\/derbe.it\/fr\/wp-json\/wp\/v2\/ingrediente-principale?post=910"},{"taxonomy":"product_brand","embeddable":true,"href":"https:\/\/derbe.it\/fr\/wp-json\/wp\/v2\/product_brand?post=910"},{"taxonomy":"product_cat","embeddable":true,"href":"https:\/\/derbe.it\/fr\/wp-json\/wp\/v2\/product_cat?post=910"},{"taxonomy":"product_tag","embeddable":true,"href":"https:\/\/derbe.it\/fr\/wp-json\/wp\/v2\/product_tag?post=910"}],"curies":[{"name":"wp","href":"https:\/\/api.w.org\/{rel}","templated":true}]}}