{"id":919,"date":"2025-03-28T17:46:33","date_gmt":"2025-03-28T16:46:33","guid":{"rendered":"https:\/\/derbe.it\/prodotto\/crema-capillare-seres-nuova-profumazione-2\/"},"modified":"2025-10-09T10:44:21","modified_gmt":"2025-10-09T08:44:21","slug":"creme-capillaire-seres-nouveau-parfum-2","status":"publish","type":"product","link":"https:\/\/derbe.it\/fr\/produit\/creme-capillaire-seres-nouveau-parfum-2\/","title":{"rendered":"Seres Hair Cream nouveau parfum"},"content":{"rendered":"<p>SERES donne une touche de printemps magique \u00e0 vos cheveux !<br \/>\nCette \u00e9mulsion, toujours appel\u00e9e \u00ab l&#039;apr\u00e8s-shampoing merveilleux \u00bb, est le secret de la vitalit\u00e9 du cuir chevelu et de la beaut\u00e9 des cheveux, c&#039;est leur ressort qui se renouvelle \u00e0 son toucher.<br \/>\nSeres est essentiel pour am\u00e9liorer l&#039;\u00e9tat hydrolipidique et acide du cuir chevelu, pour lutter contre l&#039;appauvrissement structurel des cheveux lav\u00e9s avec des d\u00e9tergents alcalins ou trait\u00e9s avec des liquides coiffants chimiques et pour donner plus de corps et de volume aux cheveux fins et tombants.<\/p>\n<p>Il combat l&#039;\u00e9puisement structurel des cheveux et le d\u00e9s\u00e9quilibre hydrolipidique et acide du cuir chevelu caus\u00e9s par toutes sortes d&#039;agressions\u00a0: climat, environnement, produits coiffants chimiques ou nettoyages trop fr\u00e9quents ou agressifs. Il peut \u00eatre utilis\u00e9 en masque pour nourrir le cuir chevelu et apporter douceur, volume et vigueur aux cheveux\u00a0; comme apr\u00e8s-shampoing et d\u00e9m\u00ealant pour renforcer les cheveux, minimiser les fourches et \u00e9liminer les m\u00e8ches rebelles typiques des cheveux secs\u00a0; et en petite quantit\u00e9 et sans rin\u00e7age pour apporter de la brillance aux cheveux, pour des cheveux plus faciles \u00e0 coiffer.<\/p>","protected":false},"excerpt":{"rendered":"<p>In ogni circostanza, in ogni luogo: questo \u00e8 il preparato unico &#8220;indispensabile&#8221; per i tuoi capelli! Balsamo nutriente, lucidante, districante, protettivo, deelettrizzante, dona ai capelli fini e cadenti pi\u00f9 corpo e forza e pi\u00f9 volume alla chioma. [&#8230;]<\/p>\n<p><a class=\"btn btn-secondary understrap-read-more-link\" href=\"https:\/\/derbe.it\/fr\/produit\/creme-capillaire-seres-nouveau-parfum-2\/\">En savoir plus\u2026<span class=\"screen-reader-text\"> from Crema Capillare Seres nuova profumazione<\/span><\/a><\/p>","protected":false},"featured_media":920,"template":"","meta":{"_acf_changed":false},"caratteristica":[],"collezione":[60],"formato":[],"funzione":[83,85],"utilizzo":[],"ingrediente-principale":[],"product_brand":[],"product_cat":[101],"product_tag":[],"class_list":{"0":"post-919","1":"product","2":"type-product","3":"status-publish","4":"has-post-thumbnail","6":"collezione-seres","7":"funzione-capelli-normali-equilibrati","8":"funzione-capelli-secchi-disidratati","9":"product_cat-maschere-e-balsami","11":"first","12":"instock","13":"purchasable","14":"product-type-simple"},"acf":[],"yoast_head":"<!-- This site is optimized with the Yoast SEO Premium plugin v26.1 (Yoast SEO v26.8) - https:\/\/yoast.com\/product\/yoast-seo-premium-wordpress\/ -->\n<title>Crema Capillare Seres nuova profumazione - Derbe - cosmetici naturali<\/title>\n<meta name=\"description\" content=\"In ogni circostanza, in ogni luogo: questo \u00e8 il preparato unico &quot;indispensabile&quot; per i tuoi capelli! Balsamo nutriente, lucidante, districante, protettivo, deelettrizzante, dona ai capelli fini e cadenti pi\u00f9 corpo e forza e pi\u00f9 volume alla chioma.\" \/>\n<meta name=\"robots\" content=\"index, follow, max-snippet:-1, max-image-preview:large, max-video-preview:-1\" \/>\n<link rel=\"canonical\" href=\"https:\/\/derbe.it\/fr\/produit\/creme-capillaire-seres-nouveau-parfum-2\/\" \/>\n<meta property=\"og:locale\" content=\"fr_FR\" \/>\n<meta property=\"og:type\" content=\"article\" \/>\n<meta property=\"og:title\" content=\"Crema Capillare Seres nuova profumazione\" \/>\n<meta property=\"og:description\" content=\"In ogni circostanza, in ogni luogo: questo \u00e8 il preparato unico &quot;indispensabile&quot; per i tuoi capelli! Balsamo nutriente, lucidante, districante, protettivo, deelettrizzante, dona ai capelli fini e cadenti pi\u00f9 corpo e forza e pi\u00f9 volume alla chioma.\" \/>\n<meta property=\"og:url\" content=\"https:\/\/derbe.it\/fr\/produit\/creme-capillaire-seres-nouveau-parfum-2\/\" \/>\n<meta property=\"og:site_name\" content=\"Derbe - cosmetici naturali\" \/>\n<meta property=\"article:publisher\" content=\"https:\/\/www.facebook.com\/evoderbebio\" \/>\n<meta property=\"article:modified_time\" content=\"2025-10-09T08:44:21+00:00\" \/>\n<meta property=\"og:image\" content=\"https:\/\/derbe.it\/wp-content\/uploads\/2025\/05\/crema-capillare-seres-derbe_125_blu-1.jpg\" \/>\n\t<meta property=\"og:image:width\" content=\"1600\" \/>\n\t<meta property=\"og:image:height\" content=\"2000\" \/>\n\t<meta property=\"og:image:type\" content=\"image\/jpeg\" \/>\n<meta name=\"twitter:card\" content=\"summary_large_image\" \/>\n<meta name=\"twitter:label1\" content=\"Dur\u00e9e de lecture estim\u00e9e\" \/>\n\t<meta name=\"twitter:data1\" content=\"2 minutes\" \/>\n<script type=\"application\/ld+json\" class=\"yoast-schema-graph\">{\"@context\":\"https:\/\/schema.org\",\"@graph\":[{\"@type\":\"WebPage\",\"@id\":\"https:\/\/derbe.it\/prodotto\/crema-capillare-seres-nuova-profumazione-2\/\",\"url\":\"https:\/\/derbe.it\/prodotto\/crema-capillare-seres-nuova-profumazione-2\/\",\"name\":\"Crema Capillare Seres nuova profumazione - Derbe - cosmetici naturali\",\"isPartOf\":{\"@id\":\"https:\/\/derbe.it\/#website\"},\"primaryImageOfPage\":{\"@id\":\"https:\/\/derbe.it\/prodotto\/crema-capillare-seres-nuova-profumazione-2\/#primaryimage\"},\"image\":{\"@id\":\"https:\/\/derbe.it\/prodotto\/crema-capillare-seres-nuova-profumazione-2\/#primaryimage\"},\"thumbnailUrl\":\"https:\/\/derbe.it\/wp-content\/uploads\/2025\/05\/crema-capillare-seres-derbe_125_blu-1.jpg\",\"datePublished\":\"2025-03-28T16:46:33+00:00\",\"dateModified\":\"2025-10-09T08:44:21+00:00\",\"description\":\"In ogni circostanza, in ogni luogo: questo \u00e8 il preparato unico \\\"indispensabile\\\" per i tuoi capelli! Balsamo nutriente, lucidante, districante, protettivo, deelettrizzante, dona ai capelli fini e cadenti pi\u00f9 corpo e forza e pi\u00f9 volume alla chioma.\",\"breadcrumb\":{\"@id\":\"https:\/\/derbe.it\/prodotto\/crema-capillare-seres-nuova-profumazione-2\/#breadcrumb\"},\"inLanguage\":\"fr-FR\",\"potentialAction\":[{\"@type\":\"ReadAction\",\"target\":[\"https:\/\/derbe.it\/prodotto\/crema-capillare-seres-nuova-profumazione-2\/\"]}]},{\"@type\":\"ImageObject\",\"inLanguage\":\"fr-FR\",\"@id\":\"https:\/\/derbe.it\/prodotto\/crema-capillare-seres-nuova-profumazione-2\/#primaryimage\",\"url\":\"https:\/\/derbe.it\/wp-content\/uploads\/2025\/05\/crema-capillare-seres-derbe_125_blu-1.jpg\",\"contentUrl\":\"https:\/\/derbe.it\/wp-content\/uploads\/2025\/05\/crema-capillare-seres-derbe_125_blu-1.jpg\",\"width\":1600,\"height\":2000},{\"@type\":\"BreadcrumbList\",\"@id\":\"https:\/\/derbe.it\/prodotto\/crema-capillare-seres-nuova-profumazione-2\/#breadcrumb\",\"itemListElement\":[{\"@type\":\"ListItem\",\"position\":1,\"name\":\"Home\",\"item\":\"https:\/\/derbe.it\/\"},{\"@type\":\"ListItem\",\"position\":2,\"name\":\"Shop\",\"item\":\"https:\/\/derbe.it\/en\/shop\/\"},{\"@type\":\"ListItem\",\"position\":3,\"name\":\"Maschere e balsami\",\"item\":\"https:\/\/derbe.it\/categoria-prodotto\/maschere-e-balsami\/\"},{\"@type\":\"ListItem\",\"position\":4,\"name\":\"Crema Capillare Seres nuova profumazione\"}]},{\"@type\":\"WebSite\",\"@id\":\"https:\/\/derbe.it\/#website\",\"url\":\"https:\/\/derbe.it\/\",\"name\":\"Derbe\",\"description\":\"Da oltre 50 anni - Made in italy - prodotti per capelli e corpo con estratti vegetali e formule sostenibili\",\"publisher\":{\"@id\":\"https:\/\/derbe.it\/#organization\"},\"potentialAction\":[{\"@type\":\"SearchAction\",\"target\":{\"@type\":\"EntryPoint\",\"urlTemplate\":\"https:\/\/derbe.it\/?s={search_term_string}\"},\"query-input\":{\"@type\":\"PropertyValueSpecification\",\"valueRequired\":true,\"valueName\":\"search_term_string\"}}],\"inLanguage\":\"fr-FR\"},{\"@type\":\"Organization\",\"@id\":\"https:\/\/derbe.it\/#organization\",\"name\":\"Derbe\",\"url\":\"https:\/\/derbe.it\/\",\"logo\":{\"@type\":\"ImageObject\",\"inLanguage\":\"fr-FR\",\"@id\":\"https:\/\/derbe.it\/#\/schema\/logo\/image\/\",\"url\":\"https:\/\/derbe.it\/wp-content\/uploads\/2025\/06\/logo_derbe_firenze.png\",\"contentUrl\":\"https:\/\/derbe.it\/wp-content\/uploads\/2025\/06\/logo_derbe_firenze.png\",\"width\":1200,\"height\":497,\"caption\":\"Derbe\"},\"image\":{\"@id\":\"https:\/\/derbe.it\/#\/schema\/logo\/image\/\"},\"sameAs\":[\"https:\/\/www.facebook.com\/evoderbebio\",\"https:\/\/www.instagram.com\/derbe.official\/\"],\"email\":\"info@derbe.it\",\"telephone\":\"+39 055 42 11 799\",\"legalName\":\"Derbe S.r.l. a socio unico\",\"vatID\":\"07272610481\"}]}<\/script>\n<!-- \/ Yoast SEO Premium plugin. -->","yoast_head_json":{"title":"Cr\u00e8me capillaire Seres, nouveau parfum - Derbe - cosm\u00e9tiques naturels","description":"En toute circonstance et en tout lieu\u00a0: ce produit unique et indispensable pour vos cheveux\u00a0! Nourrissant, brillant, d\u00e9m\u00ealant, protecteur et anti-m\u00e8ches, il redonne corps et force aux cheveux fins et cassants, et leur apporte du volume.","robots":{"index":"index","follow":"follow","max-snippet":"max-snippet:-1","max-image-preview":"max-image-preview:large","max-video-preview":"max-video-preview:-1"},"canonical":"https:\/\/derbe.it\/fr\/produit\/creme-capillaire-seres-nouveau-parfum-2\/","og_locale":"fr_FR","og_type":"article","og_title":"Crema Capillare Seres nuova profumazione","og_description":"In ogni circostanza, in ogni luogo: questo \u00e8 il preparato unico \"indispensabile\" per i tuoi capelli! Balsamo nutriente, lucidante, districante, protettivo, deelettrizzante, dona ai capelli fini e cadenti pi\u00f9 corpo e forza e pi\u00f9 volume alla chioma.","og_url":"https:\/\/derbe.it\/fr\/produit\/creme-capillaire-seres-nouveau-parfum-2\/","og_site_name":"Derbe - cosmetici naturali","article_publisher":"https:\/\/www.facebook.com\/evoderbebio","article_modified_time":"2025-10-09T08:44:21+00:00","og_image":[{"width":1600,"height":2000,"url":"https:\/\/derbe.it\/wp-content\/uploads\/2025\/05\/crema-capillare-seres-derbe_125_blu-1.jpg","type":"image\/jpeg"}],"twitter_card":"summary_large_image","twitter_misc":{"Dur\u00e9e de lecture estim\u00e9e":"2 minutes"},"schema":{"@context":"https:\/\/schema.org","@graph":[{"@type":"WebPage","@id":"https:\/\/derbe.it\/prodotto\/crema-capillare-seres-nuova-profumazione-2\/","url":"https:\/\/derbe.it\/prodotto\/crema-capillare-seres-nuova-profumazione-2\/","name":"Cr\u00e8me capillaire Seres, nouveau parfum - Derbe - cosm\u00e9tiques naturels","isPartOf":{"@id":"https:\/\/derbe.it\/#website"},"primaryImageOfPage":{"@id":"https:\/\/derbe.it\/prodotto\/crema-capillare-seres-nuova-profumazione-2\/#primaryimage"},"image":{"@id":"https:\/\/derbe.it\/prodotto\/crema-capillare-seres-nuova-profumazione-2\/#primaryimage"},"thumbnailUrl":"https:\/\/derbe.it\/wp-content\/uploads\/2025\/05\/crema-capillare-seres-derbe_125_blu-1.jpg","datePublished":"2025-03-28T16:46:33+00:00","dateModified":"2025-10-09T08:44:21+00:00","description":"En toute circonstance et en tout lieu\u00a0: ce produit unique et indispensable pour vos cheveux\u00a0! Nourrissant, brillant, d\u00e9m\u00ealant, protecteur et anti-m\u00e8ches, il redonne corps et force aux cheveux fins et cassants, et leur apporte du volume.","breadcrumb":{"@id":"https:\/\/derbe.it\/prodotto\/crema-capillare-seres-nuova-profumazione-2\/#breadcrumb"},"inLanguage":"fr-FR","potentialAction":[{"@type":"ReadAction","target":["https:\/\/derbe.it\/prodotto\/crema-capillare-seres-nuova-profumazione-2\/"]}]},{"@type":"ImageObject","inLanguage":"fr-FR","@id":"https:\/\/derbe.it\/prodotto\/crema-capillare-seres-nuova-profumazione-2\/#primaryimage","url":"https:\/\/derbe.it\/wp-content\/uploads\/2025\/05\/crema-capillare-seres-derbe_125_blu-1.jpg","contentUrl":"https:\/\/derbe.it\/wp-content\/uploads\/2025\/05\/crema-capillare-seres-derbe_125_blu-1.jpg","width":1600,"height":2000},{"@type":"BreadcrumbList","@id":"https:\/\/derbe.it\/prodotto\/crema-capillare-seres-nuova-profumazione-2\/#breadcrumb","itemListElement":[{"@type":"ListItem","position":1,"name":"Home","item":"https:\/\/derbe.it\/"},{"@type":"ListItem","position":2,"name":"Shop","item":"https:\/\/derbe.it\/en\/shop\/"},{"@type":"ListItem","position":3,"name":"Maschere e balsami","item":"https:\/\/derbe.it\/categoria-prodotto\/maschere-e-balsami\/"},{"@type":"ListItem","position":4,"name":"Crema Capillare Seres nuova profumazione"}]},{"@type":"WebSite","@id":"https:\/\/derbe.it\/#website","url":"https:\/\/derbe.it\/","name":"Derb\u00e9","description":"Depuis plus de 50 ans - Fabriqu\u00e9 en Italie - des produits pour les cheveux et le corps \u00e0 base d&#039;extraits de plantes et de formules durables","publisher":{"@id":"https:\/\/derbe.it\/#organization"},"potentialAction":[{"@type":"SearchAction","target":{"@type":"EntryPoint","urlTemplate":"https:\/\/derbe.it\/?s={search_term_string}"},"query-input":{"@type":"PropertyValueSpecification","valueRequired":true,"valueName":"search_term_string"}}],"inLanguage":"fr-FR"},{"@type":"Organization","@id":"https:\/\/derbe.it\/#organization","name":"Derb\u00e9","url":"https:\/\/derbe.it\/","logo":{"@type":"ImageObject","inLanguage":"fr-FR","@id":"https:\/\/derbe.it\/#\/schema\/logo\/image\/","url":"https:\/\/derbe.it\/wp-content\/uploads\/2025\/06\/logo_derbe_firenze.png","contentUrl":"https:\/\/derbe.it\/wp-content\/uploads\/2025\/06\/logo_derbe_firenze.png","width":1200,"height":497,"caption":"Derbe"},"image":{"@id":"https:\/\/derbe.it\/#\/schema\/logo\/image\/"},"sameAs":["https:\/\/www.facebook.com\/evoderbebio","https:\/\/www.instagram.com\/derbe.official\/"],"email":"info@derbe.it","telephone":"+39 055 42 11 799","legalName":"Derbe S.r.l. a socio unico","vatID":"07272610481"}]}},"_links":{"self":[{"href":"https:\/\/derbe.it\/fr\/wp-json\/wp\/v2\/product\/919","targetHints":{"allow":["GET"]}}],"collection":[{"href":"https:\/\/derbe.it\/fr\/wp-json\/wp\/v2\/product"}],"about":[{"href":"https:\/\/derbe.it\/fr\/wp-json\/wp\/v2\/types\/product"}],"wp:featuredmedia":[{"embeddable":true,"href":"https:\/\/derbe.it\/fr\/wp-json\/wp\/v2\/media\/920"}],"wp:attachment":[{"href":"https:\/\/derbe.it\/fr\/wp-json\/wp\/v2\/media?parent=919"}],"wp:term":[{"taxonomy":"caratteristica","embeddable":true,"href":"https:\/\/derbe.it\/fr\/wp-json\/wp\/v2\/caratteristica?post=919"},{"taxonomy":"collezione","embeddable":true,"href":"https:\/\/derbe.it\/fr\/wp-json\/wp\/v2\/collezione?post=919"},{"taxonomy":"formato","embeddable":true,"href":"https:\/\/derbe.it\/fr\/wp-json\/wp\/v2\/formato?post=919"},{"taxonomy":"funzione","embeddable":true,"href":"https:\/\/derbe.it\/fr\/wp-json\/wp\/v2\/funzione?post=919"},{"taxonomy":"utilizzo","embeddable":true,"href":"https:\/\/derbe.it\/fr\/wp-json\/wp\/v2\/utilizzo?post=919"},{"taxonomy":"ingrediente-principale","embeddable":true,"href":"https:\/\/derbe.it\/fr\/wp-json\/wp\/v2\/ingrediente-principale?post=919"},{"taxonomy":"product_brand","embeddable":true,"href":"https:\/\/derbe.it\/fr\/wp-json\/wp\/v2\/product_brand?post=919"},{"taxonomy":"product_cat","embeddable":true,"href":"https:\/\/derbe.it\/fr\/wp-json\/wp\/v2\/product_cat?post=919"},{"taxonomy":"product_tag","embeddable":true,"href":"https:\/\/derbe.it\/fr\/wp-json\/wp\/v2\/product_tag?post=919"}],"curies":[{"name":"wp","href":"https:\/\/api.w.org\/{rel}","templated":true}]}}