{"id":158,"date":"2018-09-26T09:26:39","date_gmt":"2018-09-26T07:26:39","guid":{"rendered":"https:\/\/derbe.it\/prodotto\/doccia-sciampo\/"},"modified":"2026-02-02T10:03:20","modified_gmt":"2026-02-02T09:03:20","slug":"%e3%82%b7%e3%83%a3%e3%83%af%e3%83%bc%e3%82%b7%e3%83%a3%e3%83%b3%e3%83%97%e3%83%bc","status":"publish","type":"product","link":"https:\/\/derbe.it\/ja\/product\/%e3%82%b7%e3%83%a3%e3%83%af%e3%83%bc%e3%82%b7%e3%83%a3%e3%83%b3%e3%83%97%e3%83%bc\/","title":{"rendered":"\u30b7\u30e3\u30ef\u30fc\u30b7\u30e3\u30f3\u30d7\u30fc"},"content":{"rendered":"<p>\u6ce1\u7acb\u3061\u3001\u30ca\u30c1\u30e5\u30e9\u30eb\u3067\u723d\u3084\u304b\u306a\u4f7f\u3044\u5fc3\u5730\u3001\u30c7\u30ea\u30b1\u30fc\u30c8\u30be\u30fc\u30f3\u3082\u542b\u3081\u305f\u5168\u8eab\u3092\u512a\u3057\u304f\u6d17\u3044\u4e0a\u3052\u3001\u30d8\u30a2\u30b7\u30e3\u30f3\u30d7\u30fc\u3068\u3057\u3066\u3082\u512a\u308c\u3066\u304a\u308a\u3001\u6d77\u6c34\u3067\u3082\u4f7f\u3048\u308b\u3068\u3044\u3046\u512a\u308c\u3082\u306e\u3067\u3059\u3002\u5929\u7136\u7531\u6765\u306e\u6bba\u83cc\u30a8\u30ad\u30b9\u3092\u8c4a\u5bcc\u306b\u914d\u5408\u3057\u3001\u3042\u3089\u3086\u308b\u30b9\u30dd\u30fc\u30c4\u306e\u5f8c\u3084\u3001\u304a\u808c\u306e\u4e88\u9632\u30fb\u4fdd\u8b77\u52b9\u679c\u3068\u5408\u308f\u305b\u3066\u512a\u3057\u304f\u6d17\u3044\u4e0a\u3052\u305f\u3044\u6642\u306b\u6700\u9069\u3067\u3059\u3002\u30d7\u30fc\u30eb\u3001\u30b8\u30e0\u3001\u30b7\u30e3\u30ef\u30fc\u3001\u304a\u98a8\u5442\u3001\u30dc\u30fc\u30c8\u306a\u3069\u3001\u3042\u3089\u3086\u308b\u30b7\u30fc\u30f3\u3067\u6d3b\u8e8d\u3057\u307e\u3059\u3002\u300c\u30c6\u30c3\u30ec\u30fb\u30c7\u30a3\u30fb\u30a2\u30e1\u30ea\u30b4\u300d\u306f\u3001\u4eba\u751f\u306e\u6d77\u3092\u81ea\u7531\u306b\u3001\u305d\u3057\u3066\u771f\u646f\u306b\u822a\u6d77\u3059\u308b\u7537\u5973\u3001\u5d07\u9ad8\u306a\u5192\u967a\u5bb6\u3001\u8061\u660e\u306a\u822a\u6d77\u58eb\u3001\u5c0f\u3055\u306a\u8a69\u4eba\u3001\u5c0f\u3055\u306a\u6d77\u8cca\u3001\u5c0f\u3055\u306a\u604b\u4eba\u305f\u3061\u306b\u6367\u3052\u3089\u308c\u3066\u3044\u307e\u3059\u3002.<\/p>","protected":false},"excerpt":{"rendered":"<p>Un unico detergente dalle molte qualit\u00e0: \u00e8 schiumogeno, dona naturalit\u00e0 e freschezza, pulisce delicatamente tutto il corpo, comprese le parti intime, \u00e8 un ottimo sciampo per i capelli e&#8230;.lo puoi adoperare anche con l&#8217;acqua di mare. E&#8217; ricco di olii essenziali naturalmente igienizzati ed \u00e8 quindi ideale per essere utilizzato dopo ogni forma di sport e in ogni occasione nella quale \u00e8 desiderata una detersione delicata insieme ad una azione di prevenzione e di difesa della pelle. Il suo uso \u00e8 indispensabile in piscina, in palestra, nella doccia, nel bagno, in barca. [&#8230;]<\/p>\n<p><a class=\"btn btn-secondary understrap-read-more-link\" href=\"https:\/\/derbe.it\/ja\/product\/%e3%82%b7%e3%83%a3%e3%83%af%e3%83%bc%e3%82%b7%e3%83%a3%e3%83%b3%e3%83%97%e3%83%bc\/\">\u7d9a\u304d\u3092\u8aad\u3080&#8230;<span class=\"screen-reader-text\"> from Doccia Shampoo<\/span><\/a><\/p>","protected":false},"featured_media":159,"template":"","meta":{"_acf_changed":false},"caratteristica":[],"collezione":[75,133],"formato":[],"funzione":[],"utilizzo":[],"ingrediente-principale":[],"product_brand":[],"product_cat":[22],"product_tag":[],"class_list":{"0":"post-158","1":"product","2":"type-product","3":"status-publish","4":"has-post-thumbnail","6":"collezione-speziali-fiorentini","7":"collezione-terre-di-amerigo","8":"product_cat-bagnoschiuma","10":"first","11":"instock","12":"purchasable","13":"product-type-simple"},"acf":[],"yoast_head":"<!-- This site is optimized with the Yoast SEO Premium plugin v26.1 (Yoast SEO v26.8) - https:\/\/yoast.com\/product\/yoast-seo-premium-wordpress\/ -->\n<title>Doccia Shampoo - Derbe - cosmetici naturali<\/title>\n<meta name=\"description\" content=\"Un unico detergente dalle molte qualit\u00e0: \u00e8 schiumogeno, dona naturalit\u00e0 e freschezza, pulisce delicatamente tutto il corpo, comprese le parti intime, \u00e8 un ottimo sciampo per i capelli e....lo puoi adoperare anche con l&#039;acqua di mare. E&#039; ricco di olii essenziali naturalmente igienizzati ed \u00e8 quindi ideale per essere utilizzato dopo ogni forma di sport e in ogni occasione nella quale \u00e8 desiderata una detersione delicata insieme ad una azione di prevenzione e di difesa della pelle. Il suo uso \u00e8 indispensabile in piscina, in palestra, nella doccia, nel bagno, in barca.\" \/>\n<meta name=\"robots\" content=\"index, follow, max-snippet:-1, max-image-preview:large, max-video-preview:-1\" \/>\n<link rel=\"canonical\" href=\"https:\/\/derbe.it\/ja\/product\/\u30b7\u30e3\u30ef\u30fc\u30b7\u30e3\u30f3\u30d7\u30fc\/\" \/>\n<meta property=\"og:locale\" content=\"ja_JP\" \/>\n<meta property=\"og:type\" content=\"article\" \/>\n<meta property=\"og:title\" content=\"Doccia Shampoo\" \/>\n<meta property=\"og:description\" content=\"Un unico detergente dalle molte qualit\u00e0: \u00e8 schiumogeno, dona naturalit\u00e0 e freschezza, pulisce delicatamente tutto il corpo, comprese le parti intime, \u00e8 un ottimo sciampo per i capelli e....lo puoi adoperare anche con l&#039;acqua di mare. E&#039; ricco di olii essenziali naturalmente igienizzati ed \u00e8 quindi ideale per essere utilizzato dopo ogni forma di sport e in ogni occasione nella quale \u00e8 desiderata una detersione delicata insieme ad una azione di prevenzione e di difesa della pelle. Il suo uso \u00e8 indispensabile in piscina, in palestra, nella doccia, nel bagno, in barca.\" \/>\n<meta property=\"og:url\" content=\"https:\/\/derbe.it\/ja\/product\/\u30b7\u30e3\u30ef\u30fc\u30b7\u30e3\u30f3\u30d7\u30fc\/\" \/>\n<meta property=\"og:site_name\" content=\"Derbe - cosmetici naturali\" \/>\n<meta property=\"article:publisher\" content=\"https:\/\/www.facebook.com\/evoderbebio\" \/>\n<meta property=\"article:modified_time\" content=\"2026-02-02T09:03:20+00:00\" \/>\n<meta property=\"og:image\" content=\"https:\/\/derbe.it\/wp-content\/uploads\/2025\/05\/doccia-sciampo-menta-echinacea-terre-di-amerigo-derbe.jpg\" \/>\n\t<meta property=\"og:image:width\" content=\"1600\" \/>\n\t<meta property=\"og:image:height\" content=\"2000\" \/>\n\t<meta property=\"og:image:type\" content=\"image\/jpeg\" \/>\n<meta name=\"twitter:card\" content=\"summary_large_image\" \/>\n<meta name=\"twitter:label1\" content=\"\u63a8\u5b9a\u8aad\u307f\u53d6\u308a\u6642\u9593\" \/>\n\t<meta name=\"twitter:data1\" content=\"2\u5206\" \/>\n<script type=\"application\/ld+json\" class=\"yoast-schema-graph\">{\"@context\":\"https:\/\/schema.org\",\"@graph\":[{\"@type\":\"WebPage\",\"@id\":\"https:\/\/derbe.it\/prodotto\/doccia-sciampo\/\",\"url\":\"https:\/\/derbe.it\/prodotto\/doccia-sciampo\/\",\"name\":\"Doccia Shampoo - Derbe - cosmetici naturali\",\"isPartOf\":{\"@id\":\"https:\/\/derbe.it\/#website\"},\"primaryImageOfPage\":{\"@id\":\"https:\/\/derbe.it\/prodotto\/doccia-sciampo\/#primaryimage\"},\"image\":{\"@id\":\"https:\/\/derbe.it\/prodotto\/doccia-sciampo\/#primaryimage\"},\"thumbnailUrl\":\"https:\/\/derbe.it\/wp-content\/uploads\/2025\/05\/doccia-sciampo-menta-echinacea-terre-di-amerigo-derbe.jpg\",\"datePublished\":\"2018-09-26T07:26:39+00:00\",\"dateModified\":\"2026-02-02T09:03:20+00:00\",\"description\":\"Un unico detergente dalle molte qualit\u00e0: \u00e8 schiumogeno, dona naturalit\u00e0 e freschezza, pulisce delicatamente tutto il corpo, comprese le parti intime, \u00e8 un ottimo sciampo per i capelli e....lo puoi adoperare anche con l'acqua di mare. E' ricco di olii essenziali naturalmente igienizzati ed \u00e8 quindi ideale per essere utilizzato dopo ogni forma di sport e in ogni occasione nella quale \u00e8 desiderata una detersione delicata insieme ad una azione di prevenzione e di difesa della pelle. Il suo uso \u00e8 indispensabile in piscina, in palestra, nella doccia, nel bagno, in barca.\",\"breadcrumb\":{\"@id\":\"https:\/\/derbe.it\/prodotto\/doccia-sciampo\/#breadcrumb\"},\"inLanguage\":\"ja\",\"potentialAction\":[{\"@type\":\"ReadAction\",\"target\":[\"https:\/\/derbe.it\/prodotto\/doccia-sciampo\/\"]}]},{\"@type\":\"ImageObject\",\"inLanguage\":\"ja\",\"@id\":\"https:\/\/derbe.it\/prodotto\/doccia-sciampo\/#primaryimage\",\"url\":\"https:\/\/derbe.it\/wp-content\/uploads\/2025\/05\/doccia-sciampo-menta-echinacea-terre-di-amerigo-derbe.jpg\",\"contentUrl\":\"https:\/\/derbe.it\/wp-content\/uploads\/2025\/05\/doccia-sciampo-menta-echinacea-terre-di-amerigo-derbe.jpg\",\"width\":1600,\"height\":2000,\"caption\":\"Doccia sciampo Terre di Amerigo - Derbe\"},{\"@type\":\"BreadcrumbList\",\"@id\":\"https:\/\/derbe.it\/prodotto\/doccia-sciampo\/#breadcrumb\",\"itemListElement\":[{\"@type\":\"ListItem\",\"position\":1,\"name\":\"Home\",\"item\":\"https:\/\/derbe.it\/\"},{\"@type\":\"ListItem\",\"position\":2,\"name\":\"Shop\",\"item\":\"https:\/\/derbe.it\/en\/shop\/\"},{\"@type\":\"ListItem\",\"position\":3,\"name\":\"Bagnoschiuma\",\"item\":\"https:\/\/derbe.it\/categoria-prodotto\/bagnoschiuma\/\"},{\"@type\":\"ListItem\",\"position\":4,\"name\":\"Doccia Shampoo\"}]},{\"@type\":\"WebSite\",\"@id\":\"https:\/\/derbe.it\/#website\",\"url\":\"https:\/\/derbe.it\/\",\"name\":\"Derbe\",\"description\":\"Da oltre 50 anni - Made in italy - prodotti per capelli e corpo con estratti vegetali e formule sostenibili\",\"publisher\":{\"@id\":\"https:\/\/derbe.it\/#organization\"},\"potentialAction\":[{\"@type\":\"SearchAction\",\"target\":{\"@type\":\"EntryPoint\",\"urlTemplate\":\"https:\/\/derbe.it\/?s={search_term_string}\"},\"query-input\":{\"@type\":\"PropertyValueSpecification\",\"valueRequired\":true,\"valueName\":\"search_term_string\"}}],\"inLanguage\":\"ja\"},{\"@type\":\"Organization\",\"@id\":\"https:\/\/derbe.it\/#organization\",\"name\":\"Derbe\",\"url\":\"https:\/\/derbe.it\/\",\"logo\":{\"@type\":\"ImageObject\",\"inLanguage\":\"ja\",\"@id\":\"https:\/\/derbe.it\/#\/schema\/logo\/image\/\",\"url\":\"https:\/\/derbe.it\/wp-content\/uploads\/2025\/06\/logo_derbe_firenze.png\",\"contentUrl\":\"https:\/\/derbe.it\/wp-content\/uploads\/2025\/06\/logo_derbe_firenze.png\",\"width\":1200,\"height\":497,\"caption\":\"Derbe\"},\"image\":{\"@id\":\"https:\/\/derbe.it\/#\/schema\/logo\/image\/\"},\"sameAs\":[\"https:\/\/www.facebook.com\/evoderbebio\",\"https:\/\/www.instagram.com\/derbe.official\/\"],\"email\":\"info@derbe.it\",\"telephone\":\"+39 055 42 11 799\",\"legalName\":\"Derbe S.r.l. a socio unico\",\"vatID\":\"07272610481\"}]}<\/script>\n<!-- \/ Yoast SEO Premium plugin. -->","yoast_head_json":{"title":"\u30b7\u30e3\u30ef\u30fc\u30b7\u30e3\u30f3\u30d7\u30fc - \u30c7\u30eb\u30d9 - \u81ea\u7136\u6d3e\u5316\u7ca7\u54c1","description":"\u6ce1\u7acb\u3061\u3001\u81ea\u7136\u3067\u723d\u3084\u304b\u306a\u4f7f\u3044\u5fc3\u5730\u3001\u30c7\u30ea\u30b1\u30fc\u30c8\u30be\u30fc\u30f3\u3082\u542b\u3081\u5168\u8eab\u3092\u512a\u3057\u304f\u6d17\u3044\u4e0a\u3052\u308b\u3001\u512a\u308c\u305f\u30d8\u30a2\u30b7\u30e3\u30f3\u30d7\u30fc\u3001\u305d\u3057\u3066\u6d77\u6c34\u3067\u3082\u4f7f\u3048\u308b\u3068\u3044\u3046\u3001\u591a\u6a5f\u80fd\u306a\u30af\u30ec\u30f3\u30b6\u30fc\u3067\u3059\u3002\u5929\u7136\u7531\u6765\u306e\u6bba\u83cc\u4f5c\u7528\u3092\u6301\u3064\u30a8\u30c3\u30bb\u30f3\u30b7\u30e3\u30eb\u30aa\u30a4\u30eb\u3092\u8c4a\u5bcc\u306b\u914d\u5408\u3057\u3001\u3042\u3089\u3086\u308b\u30b9\u30dd\u30fc\u30c4\u306e\u5f8c\u3084\u3001\u808c\u3078\u306e\u4e88\u9632\u30fb\u4fdd\u8b77\u52b9\u679c\u3068\u512a\u3057\u3044\u6d17\u3044\u4e0a\u304c\u308a\u3092\u6c42\u3081\u308b\u3042\u3089\u3086\u308b\u30b7\u30fc\u30f3\u306b\u6700\u9069\u3067\u3059\u3002\u30d7\u30fc\u30eb\u3001\u30b8\u30e0\u3001\u30b7\u30e3\u30ef\u30fc\u3001\u304a\u98a8\u5442\u3001\u30dc\u30fc\u30c8\u306a\u3069\u3001\u3042\u3089\u3086\u308b\u30b7\u30fc\u30f3\u3067\u6d3b\u8e8d\u3057\u307e\u3059\u3002","robots":{"index":"index","follow":"follow","max-snippet":"max-snippet:-1","max-image-preview":"max-image-preview:large","max-video-preview":"max-video-preview:-1"},"canonical":"https:\/\/derbe.it\/ja\/product\/\u30b7\u30e3\u30ef\u30fc\u30b7\u30e3\u30f3\u30d7\u30fc\/","og_locale":"ja_JP","og_type":"article","og_title":"Doccia Shampoo","og_description":"Un unico detergente dalle molte qualit\u00e0: \u00e8 schiumogeno, dona naturalit\u00e0 e freschezza, pulisce delicatamente tutto il corpo, comprese le parti intime, \u00e8 un ottimo sciampo per i capelli e....lo puoi adoperare anche con l'acqua di mare. E' ricco di olii essenziali naturalmente igienizzati ed \u00e8 quindi ideale per essere utilizzato dopo ogni forma di sport e in ogni occasione nella quale \u00e8 desiderata una detersione delicata insieme ad una azione di prevenzione e di difesa della pelle. Il suo uso \u00e8 indispensabile in piscina, in palestra, nella doccia, nel bagno, in barca.","og_url":"https:\/\/derbe.it\/ja\/product\/\u30b7\u30e3\u30ef\u30fc\u30b7\u30e3\u30f3\u30d7\u30fc\/","og_site_name":"Derbe - cosmetici naturali","article_publisher":"https:\/\/www.facebook.com\/evoderbebio","article_modified_time":"2026-02-02T09:03:20+00:00","og_image":[{"width":1600,"height":2000,"url":"https:\/\/derbe.it\/wp-content\/uploads\/2025\/05\/doccia-sciampo-menta-echinacea-terre-di-amerigo-derbe.jpg","type":"image\/jpeg"}],"twitter_card":"summary_large_image","twitter_misc":{"\u63a8\u5b9a\u8aad\u307f\u53d6\u308a\u6642\u9593":"2\u5206"},"schema":{"@context":"https:\/\/schema.org","@graph":[{"@type":"WebPage","@id":"https:\/\/derbe.it\/prodotto\/doccia-sciampo\/","url":"https:\/\/derbe.it\/prodotto\/doccia-sciampo\/","name":"\u30b7\u30e3\u30ef\u30fc\u30b7\u30e3\u30f3\u30d7\u30fc - \u30c7\u30eb\u30d9 - \u81ea\u7136\u6d3e\u5316\u7ca7\u54c1","isPartOf":{"@id":"https:\/\/derbe.it\/#website"},"primaryImageOfPage":{"@id":"https:\/\/derbe.it\/prodotto\/doccia-sciampo\/#primaryimage"},"image":{"@id":"https:\/\/derbe.it\/prodotto\/doccia-sciampo\/#primaryimage"},"thumbnailUrl":"https:\/\/derbe.it\/wp-content\/uploads\/2025\/05\/doccia-sciampo-menta-echinacea-terre-di-amerigo-derbe.jpg","datePublished":"2018-09-26T07:26:39+00:00","dateModified":"2026-02-02T09:03:20+00:00","description":"\u6ce1\u7acb\u3061\u3001\u81ea\u7136\u3067\u723d\u3084\u304b\u306a\u4f7f\u3044\u5fc3\u5730\u3001\u30c7\u30ea\u30b1\u30fc\u30c8\u30be\u30fc\u30f3\u3082\u542b\u3081\u5168\u8eab\u3092\u512a\u3057\u304f\u6d17\u3044\u4e0a\u3052\u308b\u3001\u512a\u308c\u305f\u30d8\u30a2\u30b7\u30e3\u30f3\u30d7\u30fc\u3001\u305d\u3057\u3066\u6d77\u6c34\u3067\u3082\u4f7f\u3048\u308b\u3068\u3044\u3046\u3001\u591a\u6a5f\u80fd\u306a\u30af\u30ec\u30f3\u30b6\u30fc\u3067\u3059\u3002\u5929\u7136\u7531\u6765\u306e\u6bba\u83cc\u4f5c\u7528\u3092\u6301\u3064\u30a8\u30c3\u30bb\u30f3\u30b7\u30e3\u30eb\u30aa\u30a4\u30eb\u3092\u8c4a\u5bcc\u306b\u914d\u5408\u3057\u3001\u3042\u3089\u3086\u308b\u30b9\u30dd\u30fc\u30c4\u306e\u5f8c\u3084\u3001\u808c\u3078\u306e\u4e88\u9632\u30fb\u4fdd\u8b77\u52b9\u679c\u3068\u512a\u3057\u3044\u6d17\u3044\u4e0a\u304c\u308a\u3092\u6c42\u3081\u308b\u3042\u3089\u3086\u308b\u30b7\u30fc\u30f3\u306b\u6700\u9069\u3067\u3059\u3002\u30d7\u30fc\u30eb\u3001\u30b8\u30e0\u3001\u30b7\u30e3\u30ef\u30fc\u3001\u304a\u98a8\u5442\u3001\u30dc\u30fc\u30c8\u306a\u3069\u3001\u3042\u3089\u3086\u308b\u30b7\u30fc\u30f3\u3067\u6d3b\u8e8d\u3057\u307e\u3059\u3002","breadcrumb":{"@id":"https:\/\/derbe.it\/prodotto\/doccia-sciampo\/#breadcrumb"},"inLanguage":"ja","potentialAction":[{"@type":"ReadAction","target":["https:\/\/derbe.it\/prodotto\/doccia-sciampo\/"]}]},{"@type":"ImageObject","inLanguage":"ja","@id":"https:\/\/derbe.it\/prodotto\/doccia-sciampo\/#primaryimage","url":"https:\/\/derbe.it\/wp-content\/uploads\/2025\/05\/doccia-sciampo-menta-echinacea-terre-di-amerigo-derbe.jpg","contentUrl":"https:\/\/derbe.it\/wp-content\/uploads\/2025\/05\/doccia-sciampo-menta-echinacea-terre-di-amerigo-derbe.jpg","width":1600,"height":2000,"caption":"Doccia sciampo Terre di Amerigo - Derbe"},{"@type":"BreadcrumbList","@id":"https:\/\/derbe.it\/prodotto\/doccia-sciampo\/#breadcrumb","itemListElement":[{"@type":"ListItem","position":1,"name":"Home","item":"https:\/\/derbe.it\/"},{"@type":"ListItem","position":2,"name":"Shop","item":"https:\/\/derbe.it\/en\/shop\/"},{"@type":"ListItem","position":3,"name":"Bagnoschiuma","item":"https:\/\/derbe.it\/categoria-prodotto\/bagnoschiuma\/"},{"@type":"ListItem","position":4,"name":"Doccia Shampoo"}]},{"@type":"WebSite","@id":"https:\/\/derbe.it\/#website","url":"https:\/\/derbe.it\/","name":"\u30c7\u30eb\u30d9","description":"50\u5e74\u4ee5\u4e0a\u306e\u6b74\u53f2\u3092\u8a87\u308b\u30a4\u30bf\u30ea\u30a2\u88fd\u3002\u690d\u7269\u30a8\u30ad\u30b9\u3068\u6301\u7d9a\u53ef\u80fd\u306a\u51e6\u65b9\u3092\u4f7f\u7528\u3057\u305f\u30d8\u30a2\u30b1\u30a2\u88fd\u54c1\u3068\u30dc\u30c7\u30a3\u30b1\u30a2\u88fd\u54c1\u3002","publisher":{"@id":"https:\/\/derbe.it\/#organization"},"potentialAction":[{"@type":"SearchAction","target":{"@type":"EntryPoint","urlTemplate":"https:\/\/derbe.it\/?s={search_term_string}"},"query-input":{"@type":"PropertyValueSpecification","valueRequired":true,"valueName":"search_term_string"}}],"inLanguage":"ja"},{"@type":"Organization","@id":"https:\/\/derbe.it\/#organization","name":"\u30c7\u30eb\u30d9","url":"https:\/\/derbe.it\/","logo":{"@type":"ImageObject","inLanguage":"ja","@id":"https:\/\/derbe.it\/#\/schema\/logo\/image\/","url":"https:\/\/derbe.it\/wp-content\/uploads\/2025\/06\/logo_derbe_firenze.png","contentUrl":"https:\/\/derbe.it\/wp-content\/uploads\/2025\/06\/logo_derbe_firenze.png","width":1200,"height":497,"caption":"Derbe"},"image":{"@id":"https:\/\/derbe.it\/#\/schema\/logo\/image\/"},"sameAs":["https:\/\/www.facebook.com\/evoderbebio","https:\/\/www.instagram.com\/derbe.official\/"],"email":"info@derbe.it","telephone":"+39 055 42 11 799","legalName":"Derbe S.r.l. a socio unico","vatID":"07272610481"}]}},"_links":{"self":[{"href":"https:\/\/derbe.it\/ja\/wp-json\/wp\/v2\/product\/158","targetHints":{"allow":["GET"]}}],"collection":[{"href":"https:\/\/derbe.it\/ja\/wp-json\/wp\/v2\/product"}],"about":[{"href":"https:\/\/derbe.it\/ja\/wp-json\/wp\/v2\/types\/product"}],"wp:featuredmedia":[{"embeddable":true,"href":"https:\/\/derbe.it\/ja\/wp-json\/wp\/v2\/media\/159"}],"wp:attachment":[{"href":"https:\/\/derbe.it\/ja\/wp-json\/wp\/v2\/media?parent=158"}],"wp:term":[{"taxonomy":"caratteristica","embeddable":true,"href":"https:\/\/derbe.it\/ja\/wp-json\/wp\/v2\/caratteristica?post=158"},{"taxonomy":"collezione","embeddable":true,"href":"https:\/\/derbe.it\/ja\/wp-json\/wp\/v2\/collezione?post=158"},{"taxonomy":"formato","embeddable":true,"href":"https:\/\/derbe.it\/ja\/wp-json\/wp\/v2\/formato?post=158"},{"taxonomy":"funzione","embeddable":true,"href":"https:\/\/derbe.it\/ja\/wp-json\/wp\/v2\/funzione?post=158"},{"taxonomy":"utilizzo","embeddable":true,"href":"https:\/\/derbe.it\/ja\/wp-json\/wp\/v2\/utilizzo?post=158"},{"taxonomy":"ingrediente-principale","embeddable":true,"href":"https:\/\/derbe.it\/ja\/wp-json\/wp\/v2\/ingrediente-principale?post=158"},{"taxonomy":"product_brand","embeddable":true,"href":"https:\/\/derbe.it\/ja\/wp-json\/wp\/v2\/product_brand?post=158"},{"taxonomy":"product_cat","embeddable":true,"href":"https:\/\/derbe.it\/ja\/wp-json\/wp\/v2\/product_cat?post=158"},{"taxonomy":"product_tag","embeddable":true,"href":"https:\/\/derbe.it\/ja\/wp-json\/wp\/v2\/product_tag?post=158"}],"curies":[{"name":"wp","href":"https:\/\/api.w.org\/{rel}","templated":true}]}}