{"id":602,"date":"2018-09-26T09:23:35","date_gmt":"2018-09-26T07:23:35","guid":{"rendered":"https:\/\/derbe.it\/prodotto\/deodorante-mandorla-e-menta\/"},"modified":"2025-10-20T11:30:13","modified_gmt":"2025-10-20T09:30:13","slug":"%e3%82%a2%e3%83%bc%e3%83%a2%e3%83%b3%e3%83%89%e3%81%a8%e3%83%9f%e3%83%b3%e3%83%88%e3%81%ae%e3%83%87%e3%82%aa%e3%83%89%e3%83%a9%e3%83%b3%e3%83%88","status":"publish","type":"product","link":"https:\/\/derbe.it\/ja\/product\/%e3%82%a2%e3%83%bc%e3%83%a2%e3%83%b3%e3%83%89%e3%81%a8%e3%83%9f%e3%83%b3%e3%83%88%e3%81%ae%e3%83%87%e3%82%aa%e3%83%89%e3%83%a9%e3%83%b3%e3%83%88\/","title":{"rendered":"\u30a2\u30fc\u30e2\u30f3\u30c9\u3068\u30df\u30f3\u30c8\u306e\u30c7\u30aa\u30c9\u30e9\u30f3\u30c8"},"content":{"rendered":"<p>\u30b9\u30a4\u30fc\u30c8\u30a2\u30fc\u30e2\u30f3\u30c9\u30aa\u30a4\u30eb\u3068\u30df\u30f3\u30c8\u30a8\u30ad\u30b9\u914d\u5408\u306e\u30ce\u30f3\u30a2\u30eb\u30b3\u30fc\u30eb\u30c7\u30aa\u30c9\u30e9\u30f3\u30c8\u3002\u904e\u5ea6\u306e\u767a\u6c57\u306b\u52b9\u679c\u7684\u306a\u512a\u308c\u305f\u30c7\u30aa\u30c9\u30e9\u30f3\u30c8\u3067\u3059\u3002\u5929\u7136\u6210\u5206\u914d\u5408\u3067\u3001\u7279\u306b\u654f\u611f\u808c\u3084\u30c7\u30ea\u30b1\u30fc\u30c8\u306a\u808c\u306b\u3082\u304a\u4f7f\u3044\u3044\u305f\u3060\u3051\u307e\u3059\u30021\u65e5\u306b1\u56de\u307e\u305f\u306f\u6570\u56de\u3054\u4f7f\u7528\u3044\u305f\u3060\u304f\u3053\u3068\u3067\u3001\u6700\u9069\u306a\u767a\u6c57\u30b3\u30f3\u30c8\u30ed\u30fc\u30eb\u3092\u5b9f\u73fe\u3057\u307e\u3059\u3002.<\/p>","protected":false},"excerpt":{"rendered":"<p>\u30b9\u30a4\u30fc\u30c8\u30a2\u30fc\u30e2\u30f3\u30c9\u30aa\u30a4\u30eb\u3068\u30df\u30f3\u30c8\u30a8\u30ad\u30b9\u914d\u5408\u306e\u30ce\u30f3\u30a2\u30eb\u30b3\u30fc\u30eb\u30c7\u30aa\u30c9\u30e9\u30f3\u30c8\u3002\u904e\u5ea6\u306e\u767a\u6c57\u306b\u52b9\u679c\u7684\u306a\u512a\u308c\u305f\u30c7\u30aa\u30c9\u30e9\u30f3\u30c8\u3067\u3059\u3002\u5929\u7136\u6210\u5206\u914d\u5408\u3067\u3001\u7279\u306b\u654f\u611f\u808c\u3084\u30c7\u30ea\u30b1\u30fc\u30c8\u306a\u808c\u306b\u3082\u304a\u4f7f\u3044\u3044\u305f\u3060\u3051\u307e\u3059\u30021\u65e5\u306b1\u56de\u307e\u305f\u306f\u6570\u56de\u3054\u4f7f\u7528\u3044\u305f\u3060\u304f\u3053\u3068\u3067\u3001\u6700\u9069\u306a\u767a\u6c57\u30b3\u30f3\u30c8\u30ed\u30fc\u30eb\u3092\u5b9f\u73fe\u3057\u307e\u3059\u3002.<\/p>\n<p>\u88fd\u54c1\u306f\u30b1\u30fc\u30b9\u306a\u3057\u3067\u767a\u9001\u3055\u308c\u307e\u3059<\/p>\n<p>&nbsp; [&#8230;]<\/p>\n<p><a class=\"btn btn-secondary understrap-read-more-link\" href=\"https:\/\/derbe.it\/ja\/product\/%e3%82%a2%e3%83%bc%e3%83%a2%e3%83%b3%e3%83%89%e3%81%a8%e3%83%9f%e3%83%b3%e3%83%88%e3%81%ae%e3%83%87%e3%82%aa%e3%83%89%e3%83%a9%e3%83%b3%e3%83%88\/\">\u7d9a\u304d\u3092\u8aad\u3080&#8230;<span class=\"screen-reader-text\"> from Deodorante Mandorla e Menta<\/span><\/a><\/p>","protected":false},"featured_media":24894,"template":"","meta":{"_acf_changed":false},"caratteristica":[],"collezione":[75],"formato":[],"funzione":[],"utilizzo":[],"ingrediente-principale":[],"product_brand":[],"product_cat":[20],"product_tag":[],"class_list":{"0":"post-602","1":"product","2":"type-product","3":"status-publish","4":"has-post-thumbnail","6":"collezione-speziali-fiorentini","7":"product_cat-deodorante","9":"first","10":"instock","11":"purchasable","12":"product-type-simple"},"acf":[],"yoast_head":"<!-- This site is optimized with the Yoast SEO Premium plugin v26.1 (Yoast SEO v26.8) - https:\/\/yoast.com\/product\/yoast-seo-premium-wordpress\/ -->\n<title>Deodorante Mandorla e Menta - Derbe - cosmetici naturali<\/title>\n<meta name=\"description\" content=\"Deodorante non alcolico con Olio di Mandorle dolci ed estratto di Menta. Questo eccellente deodorante \u00e8 ideale nei casi di sudorazione eccessiva. La sua naturalezza lo rende particolarmente adatto anche alla pelle pi\u00f9 sensibile e delicata. Si pu\u00f2 applicare una o pi\u00f9 volte al giorno per ottenere un&#039;ottimale regolazione della sudorazione.  IL PRODOTTO VIENE SPEDITO SENZA ASTUCCIO  &nbsp;\" \/>\n<meta name=\"robots\" content=\"index, follow, max-snippet:-1, max-image-preview:large, max-video-preview:-1\" \/>\n<link rel=\"canonical\" href=\"https:\/\/derbe.it\/ja\/product\/\u30a2\u30fc\u30e2\u30f3\u30c9\u3068\u30df\u30f3\u30c8\u306e\u30c7\u30aa\u30c9\u30e9\u30f3\u30c8\/\" \/>\n<meta property=\"og:locale\" content=\"ja_JP\" \/>\n<meta property=\"og:type\" content=\"article\" \/>\n<meta property=\"og:title\" content=\"Deodorante Mandorla e Menta\" \/>\n<meta property=\"og:description\" content=\"Deodorante non alcolico con Olio di Mandorle dolci ed estratto di Menta. Questo eccellente deodorante \u00e8 ideale nei casi di sudorazione eccessiva. La sua naturalezza lo rende particolarmente adatto anche alla pelle pi\u00f9 sensibile e delicata. Si pu\u00f2 applicare una o pi\u00f9 volte al giorno per ottenere un&#039;ottimale regolazione della sudorazione.  IL PRODOTTO VIENE SPEDITO SENZA ASTUCCIO  &nbsp;\" \/>\n<meta property=\"og:url\" content=\"https:\/\/derbe.it\/ja\/product\/\u30a2\u30fc\u30e2\u30f3\u30c9\u3068\u30df\u30f3\u30c8\u306e\u30c7\u30aa\u30c9\u30e9\u30f3\u30c8\/\" \/>\n<meta property=\"og:site_name\" content=\"Derbe - cosmetici naturali\" \/>\n<meta property=\"article:publisher\" content=\"https:\/\/www.facebook.com\/evoderbebio\" \/>\n<meta property=\"article:modified_time\" content=\"2025-10-20T09:30:13+00:00\" \/>\n<meta property=\"og:image\" content=\"https:\/\/derbe.it\/wp-content\/uploads\/2018\/09\/deodorante_mandorla_e_menta.jpg\" \/>\n\t<meta property=\"og:image:width\" content=\"1229\" \/>\n\t<meta property=\"og:image:height\" content=\"1536\" \/>\n\t<meta property=\"og:image:type\" content=\"image\/jpeg\" \/>\n<meta name=\"twitter:card\" content=\"summary_large_image\" \/>\n<meta name=\"twitter:label1\" content=\"\u63a8\u5b9a\u8aad\u307f\u53d6\u308a\u6642\u9593\" \/>\n\t<meta name=\"twitter:data1\" content=\"1\u5206\" \/>\n<script type=\"application\/ld+json\" class=\"yoast-schema-graph\">{\"@context\":\"https:\/\/schema.org\",\"@graph\":[{\"@type\":\"WebPage\",\"@id\":\"https:\/\/derbe.it\/prodotto\/deodorante-mandorla-e-menta\/\",\"url\":\"https:\/\/derbe.it\/prodotto\/deodorante-mandorla-e-menta\/\",\"name\":\"Deodorante Mandorla e Menta - Derbe - cosmetici naturali\",\"isPartOf\":{\"@id\":\"https:\/\/derbe.it\/#website\"},\"primaryImageOfPage\":{\"@id\":\"https:\/\/derbe.it\/prodotto\/deodorante-mandorla-e-menta\/#primaryimage\"},\"image\":{\"@id\":\"https:\/\/derbe.it\/prodotto\/deodorante-mandorla-e-menta\/#primaryimage\"},\"thumbnailUrl\":\"https:\/\/derbe.it\/wp-content\/uploads\/2018\/09\/deodorante_mandorla_e_menta.jpg\",\"datePublished\":\"2018-09-26T07:23:35+00:00\",\"dateModified\":\"2025-10-20T09:30:13+00:00\",\"description\":\"Deodorante non alcolico con Olio di Mandorle dolci ed estratto di Menta. Questo eccellente deodorante \u00e8 ideale nei casi di sudorazione eccessiva. La sua naturalezza lo rende particolarmente adatto anche alla pelle pi\u00f9 sensibile e delicata. Si pu\u00f2 applicare una o pi\u00f9 volte al giorno per ottenere un'ottimale regolazione della sudorazione. IL PRODOTTO VIENE SPEDITO SENZA ASTUCCIO &nbsp;\",\"breadcrumb\":{\"@id\":\"https:\/\/derbe.it\/prodotto\/deodorante-mandorla-e-menta\/#breadcrumb\"},\"inLanguage\":\"ja\",\"potentialAction\":[{\"@type\":\"ReadAction\",\"target\":[\"https:\/\/derbe.it\/prodotto\/deodorante-mandorla-e-menta\/\"]}]},{\"@type\":\"ImageObject\",\"inLanguage\":\"ja\",\"@id\":\"https:\/\/derbe.it\/prodotto\/deodorante-mandorla-e-menta\/#primaryimage\",\"url\":\"https:\/\/derbe.it\/wp-content\/uploads\/2018\/09\/deodorante_mandorla_e_menta.jpg\",\"contentUrl\":\"https:\/\/derbe.it\/wp-content\/uploads\/2018\/09\/deodorante_mandorla_e_menta.jpg\",\"width\":1229,\"height\":1536},{\"@type\":\"BreadcrumbList\",\"@id\":\"https:\/\/derbe.it\/prodotto\/deodorante-mandorla-e-menta\/#breadcrumb\",\"itemListElement\":[{\"@type\":\"ListItem\",\"position\":1,\"name\":\"Home\",\"item\":\"https:\/\/derbe.it\/\"},{\"@type\":\"ListItem\",\"position\":2,\"name\":\"Shop\",\"item\":\"https:\/\/derbe.it\/en\/shop\/\"},{\"@type\":\"ListItem\",\"position\":3,\"name\":\"Deodorante\",\"item\":\"https:\/\/derbe.it\/categoria-prodotto\/deodorante\/\"},{\"@type\":\"ListItem\",\"position\":4,\"name\":\"Deodorante Mandorla e Menta\"}]},{\"@type\":\"WebSite\",\"@id\":\"https:\/\/derbe.it\/#website\",\"url\":\"https:\/\/derbe.it\/\",\"name\":\"Derbe\",\"description\":\"Da oltre 50 anni - Made in italy - prodotti per capelli e corpo con estratti vegetali e formule sostenibili\",\"publisher\":{\"@id\":\"https:\/\/derbe.it\/#organization\"},\"potentialAction\":[{\"@type\":\"SearchAction\",\"target\":{\"@type\":\"EntryPoint\",\"urlTemplate\":\"https:\/\/derbe.it\/?s={search_term_string}\"},\"query-input\":{\"@type\":\"PropertyValueSpecification\",\"valueRequired\":true,\"valueName\":\"search_term_string\"}}],\"inLanguage\":\"ja\"},{\"@type\":\"Organization\",\"@id\":\"https:\/\/derbe.it\/#organization\",\"name\":\"Derbe\",\"url\":\"https:\/\/derbe.it\/\",\"logo\":{\"@type\":\"ImageObject\",\"inLanguage\":\"ja\",\"@id\":\"https:\/\/derbe.it\/#\/schema\/logo\/image\/\",\"url\":\"https:\/\/derbe.it\/wp-content\/uploads\/2025\/06\/logo_derbe_firenze.png\",\"contentUrl\":\"https:\/\/derbe.it\/wp-content\/uploads\/2025\/06\/logo_derbe_firenze.png\",\"width\":1200,\"height\":497,\"caption\":\"Derbe\"},\"image\":{\"@id\":\"https:\/\/derbe.it\/#\/schema\/logo\/image\/\"},\"sameAs\":[\"https:\/\/www.facebook.com\/evoderbebio\",\"https:\/\/www.instagram.com\/derbe.official\/\"],\"email\":\"info@derbe.it\",\"telephone\":\"+39 055 42 11 799\",\"legalName\":\"Derbe S.r.l. a socio unico\",\"vatID\":\"07272610481\"}]}<\/script>\n<!-- \/ Yoast SEO Premium plugin. -->","yoast_head_json":{"title":"\u30a2\u30fc\u30e2\u30f3\u30c9\uff06\u30df\u30f3\u30c8 \u30c7\u30aa\u30c9\u30e9\u30f3\u30c8 - Derbe - \u30ca\u30c1\u30e5\u30e9\u30eb\u30b3\u30b9\u30e1","description":"\u30b9\u30a4\u30fc\u30c8\u30a2\u30fc\u30e2\u30f3\u30c9\u30aa\u30a4\u30eb\u3068\u30df\u30f3\u30c8\u30a8\u30ad\u30b9\u914d\u5408\u306e\u30ce\u30f3\u30a2\u30eb\u30b3\u30fc\u30eb\u30c7\u30aa\u30c9\u30e9\u30f3\u30c8\u3002\u904e\u5ea6\u306e\u767a\u6c57\u306b\u52b9\u679c\u7684\u306a\u512a\u308c\u305f\u30c7\u30aa\u30c9\u30e9\u30f3\u30c8\u3067\u3059\u3002\u5929\u7136\u6210\u5206\u914d\u5408\u3067\u3001\u7279\u306b\u654f\u611f\u808c\u3084\u30c7\u30ea\u30b1\u30fc\u30c8\u306a\u808c\u306b\u3082\u304a\u4f7f\u3044\u3044\u305f\u3060\u3051\u307e\u3059\u30021\u65e5\u306b1\u56de\u307e\u305f\u306f\u6570\u56de\u3054\u4f7f\u7528\u3044\u305f\u3060\u304f\u3053\u3068\u3067\u3001\u6700\u9069\u306a\u767a\u6c57\u30b3\u30f3\u30c8\u30ed\u30fc\u30eb\u304c\u53ef\u80fd\u3067\u3059\u3002\u672c\u88fd\u54c1\u306f\u30b1\u30fc\u30b9\u306a\u3057\u3067\u767a\u9001\u3055\u308c\u307e\u3059\u3002  &nbsp;","robots":{"index":"index","follow":"follow","max-snippet":"max-snippet:-1","max-image-preview":"max-image-preview:large","max-video-preview":"max-video-preview:-1"},"canonical":"https:\/\/derbe.it\/ja\/product\/\u30a2\u30fc\u30e2\u30f3\u30c9\u3068\u30df\u30f3\u30c8\u306e\u30c7\u30aa\u30c9\u30e9\u30f3\u30c8\/","og_locale":"ja_JP","og_type":"article","og_title":"Deodorante Mandorla e Menta","og_description":"Deodorante non alcolico con Olio di Mandorle dolci ed estratto di Menta. Questo eccellente deodorante \u00e8 ideale nei casi di sudorazione eccessiva. La sua naturalezza lo rende particolarmente adatto anche alla pelle pi\u00f9 sensibile e delicata. Si pu\u00f2 applicare una o pi\u00f9 volte al giorno per ottenere un'ottimale regolazione della sudorazione.  IL PRODOTTO VIENE SPEDITO SENZA ASTUCCIO  &nbsp;","og_url":"https:\/\/derbe.it\/ja\/product\/\u30a2\u30fc\u30e2\u30f3\u30c9\u3068\u30df\u30f3\u30c8\u306e\u30c7\u30aa\u30c9\u30e9\u30f3\u30c8\/","og_site_name":"Derbe - cosmetici naturali","article_publisher":"https:\/\/www.facebook.com\/evoderbebio","article_modified_time":"2025-10-20T09:30:13+00:00","og_image":[{"width":1229,"height":1536,"url":"https:\/\/derbe.it\/wp-content\/uploads\/2018\/09\/deodorante_mandorla_e_menta.jpg","type":"image\/jpeg"}],"twitter_card":"summary_large_image","twitter_misc":{"\u63a8\u5b9a\u8aad\u307f\u53d6\u308a\u6642\u9593":"1\u5206"},"schema":{"@context":"https:\/\/schema.org","@graph":[{"@type":"WebPage","@id":"https:\/\/derbe.it\/prodotto\/deodorante-mandorla-e-menta\/","url":"https:\/\/derbe.it\/prodotto\/deodorante-mandorla-e-menta\/","name":"\u30a2\u30fc\u30e2\u30f3\u30c9\uff06\u30df\u30f3\u30c8 \u30c7\u30aa\u30c9\u30e9\u30f3\u30c8 - Derbe - \u30ca\u30c1\u30e5\u30e9\u30eb\u30b3\u30b9\u30e1","isPartOf":{"@id":"https:\/\/derbe.it\/#website"},"primaryImageOfPage":{"@id":"https:\/\/derbe.it\/prodotto\/deodorante-mandorla-e-menta\/#primaryimage"},"image":{"@id":"https:\/\/derbe.it\/prodotto\/deodorante-mandorla-e-menta\/#primaryimage"},"thumbnailUrl":"https:\/\/derbe.it\/wp-content\/uploads\/2018\/09\/deodorante_mandorla_e_menta.jpg","datePublished":"2018-09-26T07:23:35+00:00","dateModified":"2025-10-20T09:30:13+00:00","description":"\u30b9\u30a4\u30fc\u30c8\u30a2\u30fc\u30e2\u30f3\u30c9\u30aa\u30a4\u30eb\u3068\u30df\u30f3\u30c8\u30a8\u30ad\u30b9\u914d\u5408\u306e\u30ce\u30f3\u30a2\u30eb\u30b3\u30fc\u30eb\u30c7\u30aa\u30c9\u30e9\u30f3\u30c8\u3002\u904e\u5ea6\u306e\u767a\u6c57\u306b\u52b9\u679c\u7684\u306a\u512a\u308c\u305f\u30c7\u30aa\u30c9\u30e9\u30f3\u30c8\u3067\u3059\u3002\u5929\u7136\u6210\u5206\u914d\u5408\u3067\u3001\u7279\u306b\u654f\u611f\u808c\u3084\u30c7\u30ea\u30b1\u30fc\u30c8\u306a\u808c\u306b\u3082\u304a\u4f7f\u3044\u3044\u305f\u3060\u3051\u307e\u3059\u30021\u65e5\u306b1\u56de\u307e\u305f\u306f\u6570\u56de\u3054\u4f7f\u7528\u3044\u305f\u3060\u304f\u3053\u3068\u3067\u3001\u6700\u9069\u306a\u767a\u6c57\u30b3\u30f3\u30c8\u30ed\u30fc\u30eb\u304c\u53ef\u80fd\u3067\u3059\u3002\u672c\u88fd\u54c1\u306f\u30b1\u30fc\u30b9\u306a\u3057\u3067\u767a\u9001\u3055\u308c\u307e\u3059\u3002 &nbsp;","breadcrumb":{"@id":"https:\/\/derbe.it\/prodotto\/deodorante-mandorla-e-menta\/#breadcrumb"},"inLanguage":"ja","potentialAction":[{"@type":"ReadAction","target":["https:\/\/derbe.it\/prodotto\/deodorante-mandorla-e-menta\/"]}]},{"@type":"ImageObject","inLanguage":"ja","@id":"https:\/\/derbe.it\/prodotto\/deodorante-mandorla-e-menta\/#primaryimage","url":"https:\/\/derbe.it\/wp-content\/uploads\/2018\/09\/deodorante_mandorla_e_menta.jpg","contentUrl":"https:\/\/derbe.it\/wp-content\/uploads\/2018\/09\/deodorante_mandorla_e_menta.jpg","width":1229,"height":1536},{"@type":"BreadcrumbList","@id":"https:\/\/derbe.it\/prodotto\/deodorante-mandorla-e-menta\/#breadcrumb","itemListElement":[{"@type":"ListItem","position":1,"name":"Home","item":"https:\/\/derbe.it\/"},{"@type":"ListItem","position":2,"name":"Shop","item":"https:\/\/derbe.it\/en\/shop\/"},{"@type":"ListItem","position":3,"name":"Deodorante","item":"https:\/\/derbe.it\/categoria-prodotto\/deodorante\/"},{"@type":"ListItem","position":4,"name":"Deodorante Mandorla e Menta"}]},{"@type":"WebSite","@id":"https:\/\/derbe.it\/#website","url":"https:\/\/derbe.it\/","name":"\u30c7\u30eb\u30d9","description":"50\u5e74\u4ee5\u4e0a\u306e\u6b74\u53f2\u3092\u8a87\u308b\u30a4\u30bf\u30ea\u30a2\u88fd\u3002\u690d\u7269\u30a8\u30ad\u30b9\u3068\u6301\u7d9a\u53ef\u80fd\u306a\u51e6\u65b9\u3092\u4f7f\u7528\u3057\u305f\u30d8\u30a2\u30b1\u30a2\u88fd\u54c1\u3068\u30dc\u30c7\u30a3\u30b1\u30a2\u88fd\u54c1\u3002","publisher":{"@id":"https:\/\/derbe.it\/#organization"},"potentialAction":[{"@type":"SearchAction","target":{"@type":"EntryPoint","urlTemplate":"https:\/\/derbe.it\/?s={search_term_string}"},"query-input":{"@type":"PropertyValueSpecification","valueRequired":true,"valueName":"search_term_string"}}],"inLanguage":"ja"},{"@type":"Organization","@id":"https:\/\/derbe.it\/#organization","name":"\u30c7\u30eb\u30d9","url":"https:\/\/derbe.it\/","logo":{"@type":"ImageObject","inLanguage":"ja","@id":"https:\/\/derbe.it\/#\/schema\/logo\/image\/","url":"https:\/\/derbe.it\/wp-content\/uploads\/2025\/06\/logo_derbe_firenze.png","contentUrl":"https:\/\/derbe.it\/wp-content\/uploads\/2025\/06\/logo_derbe_firenze.png","width":1200,"height":497,"caption":"Derbe"},"image":{"@id":"https:\/\/derbe.it\/#\/schema\/logo\/image\/"},"sameAs":["https:\/\/www.facebook.com\/evoderbebio","https:\/\/www.instagram.com\/derbe.official\/"],"email":"info@derbe.it","telephone":"+39 055 42 11 799","legalName":"Derbe S.r.l. a socio unico","vatID":"07272610481"}]}},"_links":{"self":[{"href":"https:\/\/derbe.it\/ja\/wp-json\/wp\/v2\/product\/602","targetHints":{"allow":["GET"]}}],"collection":[{"href":"https:\/\/derbe.it\/ja\/wp-json\/wp\/v2\/product"}],"about":[{"href":"https:\/\/derbe.it\/ja\/wp-json\/wp\/v2\/types\/product"}],"wp:featuredmedia":[{"embeddable":true,"href":"https:\/\/derbe.it\/ja\/wp-json\/wp\/v2\/media\/24894"}],"wp:attachment":[{"href":"https:\/\/derbe.it\/ja\/wp-json\/wp\/v2\/media?parent=602"}],"wp:term":[{"taxonomy":"caratteristica","embeddable":true,"href":"https:\/\/derbe.it\/ja\/wp-json\/wp\/v2\/caratteristica?post=602"},{"taxonomy":"collezione","embeddable":true,"href":"https:\/\/derbe.it\/ja\/wp-json\/wp\/v2\/collezione?post=602"},{"taxonomy":"formato","embeddable":true,"href":"https:\/\/derbe.it\/ja\/wp-json\/wp\/v2\/formato?post=602"},{"taxonomy":"funzione","embeddable":true,"href":"https:\/\/derbe.it\/ja\/wp-json\/wp\/v2\/funzione?post=602"},{"taxonomy":"utilizzo","embeddable":true,"href":"https:\/\/derbe.it\/ja\/wp-json\/wp\/v2\/utilizzo?post=602"},{"taxonomy":"ingrediente-principale","embeddable":true,"href":"https:\/\/derbe.it\/ja\/wp-json\/wp\/v2\/ingrediente-principale?post=602"},{"taxonomy":"product_brand","embeddable":true,"href":"https:\/\/derbe.it\/ja\/wp-json\/wp\/v2\/product_brand?post=602"},{"taxonomy":"product_cat","embeddable":true,"href":"https:\/\/derbe.it\/ja\/wp-json\/wp\/v2\/product_cat?post=602"},{"taxonomy":"product_tag","embeddable":true,"href":"https:\/\/derbe.it\/ja\/wp-json\/wp\/v2\/product_tag?post=602"}],"curies":[{"name":"wp","href":"https:\/\/api.w.org\/{rel}","templated":true}]}}