{"id":644,"date":"2018-09-26T09:26:56","date_gmt":"2018-09-26T07:26:56","guid":{"rendered":"https:\/\/derbe.it\/prodotto\/docciasciampo-gel-derbesport\/"},"modified":"2026-05-06T13:55:40","modified_gmt":"2026-05-06T11:55:40","slug":"%e3%83%80%e3%83%bc%e3%83%99%e3%82%b9%e3%83%9d%e3%83%bc%e3%83%88-%e3%82%b7%e3%83%a3%e3%83%af%e3%83%bc%e3%82%b8%e3%82%a7%e3%83%ab%e3%82%b7%e3%83%a3%e3%83%b3%e3%83%97%e3%83%bc","status":"publish","type":"product","link":"https:\/\/derbe.it\/ja\/product\/%e3%83%80%e3%83%bc%e3%83%99%e3%82%b9%e3%83%9d%e3%83%bc%e3%83%88-%e3%82%b7%e3%83%a3%e3%83%af%e3%83%bc%e3%82%b8%e3%82%a7%e3%83%ab%e3%82%b7%e3%83%a3%e3%83%b3%e3%83%97%e3%83%bc\/","title":{"rendered":"\u30c0\u30fc\u30d9\u30b9\u30dd\u30fc\u30c8 \u30b7\u30e3\u30ef\u30fc\u30b8\u30a7\u30eb\u30b7\u30e3\u30f3\u30d7\u30fc"},"content":{"rendered":"<p>1\u672c\u3067\u69d8\u3005\u306a\u52b9\u679c\u3092\u767a\u63ee\u3059\u308b\u30af\u30ec\u30f3\u30b6\u30fc\u3002\u30ca\u30c1\u30e5\u30e9\u30eb\u3067\u723d\u3084\u304b\u306a\u4f7f\u3044\u5fc3\u5730\u3067\u3001\u30c7\u30ea\u30b1\u30fc\u30c8\u30be\u30fc\u30f3\u3082\u542b\u3081\u5168\u8eab\u3092\u512a\u3057\u304f\u6d17\u3044\u4e0a\u3052\u307e\u3059\u3002\u30d8\u30a2\u30b7\u30e3\u30f3\u30d7\u30fc\u3068\u3057\u3066\u3082\u512a\u308c\u3066\u304a\u308a\u3001\u6d77\u6c34\u306b\u3082\u4f7f\u7528\u3067\u304d\u307e\u3059\u3002\u30df\u30f3\u30c8\u3001\u9ad8\u9e97\u4eba\u53c2\u3001\u7c73\u30bf\u30f3\u30d1\u30af\u8cea\u3068\u3044\u3063\u305f\u6709\u52b9\u6210\u5206\u304c\u8c4a\u5bcc\u306b\u542b\u307e\u308c\u3066\u304a\u308a\u3001\u5929\u7136\u306e\u6297\u75b2\u52b4\u4f5c\u7528\u3068\u6bba\u83cc\u4f5c\u7528\u304c\u3042\u308a\u307e\u3059\u3002\u3042\u3089\u3086\u308b\u30b9\u30dd\u30fc\u30c4\u306e\u5f8c\u3084\u3001\u808c\u3078\u306e\u4e88\u9632\u30fb\u4fdd\u8b77\u4f5c\u7528\u3068\u7a4f\u3084\u304b\u306a\u6d17\u6d44\u52b9\u679c\u3092\u6c42\u3081\u308b\u6642\u306b\u6700\u9069\u3067\u3059\u3002\u30d7\u30fc\u30eb\u3001\u30b8\u30e0\u3001\u30dc\u30fc\u30c8\u306a\u3069\u3067\u306e\u4f7f\u7528\u306f\u5fc5\u9808\u3067\u3059\u3002\u30c8\u30ea\u30fc\u30c8\u30e1\u30f3\u30c8\u306e\u4ed5\u4e0a\u3052\u306b\u3001\u30c7\u30eb\u30d9\u30b9\u30dd\u30fc\u30c8\u306e\u6297\u75b2\u52b4\u30dc\u30c7\u30a3\u30b8\u30a7\u30eb\u3092\u4f75\u7528\u3059\u308b\u3053\u3068\u3092\u304a\u52e7\u3081\u3057\u307e\u3059\u3002.<\/p>","protected":false},"excerpt":{"rendered":"<p>Un unico detergente dalle molte qualit\u00e0, dona naturalit\u00e0 e freschezza, pulisce delicatamente tutto il corpo comprese le parti intime, \u00e8 un ottimo sciampo per i capelli e si pu\u00f2 adoperare anche con acqua di mare. E&#8217; ricco di principi attivi: menta, ginseng, proteine del riso dalle propriet\u00e0 defaticanti naturalmente igienizzanti ed \u00e8 quindi indicato dopo qualsiasi tipo di sport e in ogni occasione nella quale \u00e8 desiderata una detersione delicata insieme ad un&#8217;azione di prevenzione e di difesa della pelle. [&#8230;]<\/p>\n<p><a class=\"btn btn-secondary understrap-read-more-link\" href=\"https:\/\/derbe.it\/ja\/product\/%e3%83%80%e3%83%bc%e3%83%99%e3%82%b9%e3%83%9d%e3%83%bc%e3%83%88-%e3%82%b7%e3%83%a3%e3%83%af%e3%83%bc%e3%82%b8%e3%82%a7%e3%83%ab%e3%82%b7%e3%83%a3%e3%83%b3%e3%83%97%e3%83%bc\/\">\u7d9a\u304d\u3092\u8aad\u3080&#8230;<span class=\"screen-reader-text\"> from DocciaShampoo Gel Derbesport<\/span><\/a><\/p>","protected":false},"featured_media":645,"template":"","meta":{"_acf_changed":false},"caratteristica":[],"collezione":[56],"formato":[],"funzione":[],"utilizzo":[],"ingrediente-principale":[],"product_brand":[],"product_cat":[22],"product_tag":[],"class_list":{"0":"post-644","1":"product","2":"type-product","3":"status-publish","4":"has-post-thumbnail","6":"collezione-derbe-sport","7":"product_cat-bagnoschiuma","9":"first","10":"instock","11":"purchasable","12":"product-type-simple"},"acf":[],"yoast_head":"<!-- This site is optimized with the Yoast SEO Premium plugin v26.1 (Yoast SEO v26.8) - https:\/\/yoast.com\/product\/yoast-seo-premium-wordpress\/ -->\n<title>DocciaShampoo Gel Derbesport - Derbe - cosmetici naturali<\/title>\n<meta name=\"description\" content=\"Un unico detergente dalle molte qualit\u00e0, dona naturalit\u00e0 e freschezza, pulisce delicatamente tutto il corpo comprese le parti intime, \u00e8 un ottimo sciampo per i capelli e si pu\u00f2 adoperare anche con acqua di mare. E&#039; ricco di principi attivi: menta, ginseng, proteine del riso dalle propriet\u00e0 defaticanti naturalmente igienizzanti ed \u00e8 quindi indicato dopo qualsiasi tipo di sport e in ogni occasione nella quale \u00e8 desiderata una detersione delicata insieme ad un&#039;azione di prevenzione e di difesa della pelle.\" \/>\n<meta name=\"robots\" content=\"index, follow, max-snippet:-1, max-image-preview:large, max-video-preview:-1\" \/>\n<link rel=\"canonical\" href=\"https:\/\/derbe.it\/ja\/product\/\u30c0\u30fc\u30d9\u30b9\u30dd\u30fc\u30c8-\u30b7\u30e3\u30ef\u30fc\u30b8\u30a7\u30eb\u30b7\u30e3\u30f3\u30d7\u30fc\/\" \/>\n<meta property=\"og:locale\" content=\"ja_JP\" \/>\n<meta property=\"og:type\" content=\"article\" \/>\n<meta property=\"og:title\" content=\"DocciaShampoo Gel Derbesport\" \/>\n<meta property=\"og:description\" content=\"Un unico detergente dalle molte qualit\u00e0, dona naturalit\u00e0 e freschezza, pulisce delicatamente tutto il corpo comprese le parti intime, \u00e8 un ottimo sciampo per i capelli e si pu\u00f2 adoperare anche con acqua di mare. E&#039; ricco di principi attivi: menta, ginseng, proteine del riso dalle propriet\u00e0 defaticanti naturalmente igienizzanti ed \u00e8 quindi indicato dopo qualsiasi tipo di sport e in ogni occasione nella quale \u00e8 desiderata una detersione delicata insieme ad un&#039;azione di prevenzione e di difesa della pelle.\" \/>\n<meta property=\"og:url\" content=\"https:\/\/derbe.it\/ja\/product\/\u30c0\u30fc\u30d9\u30b9\u30dd\u30fc\u30c8-\u30b7\u30e3\u30ef\u30fc\u30b8\u30a7\u30eb\u30b7\u30e3\u30f3\u30d7\u30fc\/\" \/>\n<meta property=\"og:site_name\" content=\"Derbe - cosmetici naturali\" \/>\n<meta property=\"article:publisher\" content=\"https:\/\/www.facebook.com\/evoderbebio\" \/>\n<meta property=\"article:modified_time\" content=\"2026-05-06T11:55:40+00:00\" \/>\n<meta property=\"og:image\" content=\"https:\/\/derbe.it\/wp-content\/uploads\/2025\/05\/docciasciampo-gel-defaticante-derbesport-derbe.jpg\" \/>\n\t<meta property=\"og:image:width\" content=\"1600\" \/>\n\t<meta property=\"og:image:height\" content=\"2000\" \/>\n\t<meta property=\"og:image:type\" content=\"image\/jpeg\" \/>\n<meta name=\"twitter:card\" content=\"summary_large_image\" \/>\n<meta name=\"twitter:label1\" content=\"\u63a8\u5b9a\u8aad\u307f\u53d6\u308a\u6642\u9593\" \/>\n\t<meta name=\"twitter:data1\" content=\"2\u5206\" \/>\n<script type=\"application\/ld+json\" class=\"yoast-schema-graph\">{\"@context\":\"https:\/\/schema.org\",\"@graph\":[{\"@type\":\"WebPage\",\"@id\":\"https:\/\/derbe.it\/prodotto\/docciasciampo-gel-derbesport\/\",\"url\":\"https:\/\/derbe.it\/prodotto\/docciasciampo-gel-derbesport\/\",\"name\":\"DocciaShampoo Gel Derbesport - Derbe - cosmetici naturali\",\"isPartOf\":{\"@id\":\"https:\/\/derbe.it\/#website\"},\"primaryImageOfPage\":{\"@id\":\"https:\/\/derbe.it\/prodotto\/docciasciampo-gel-derbesport\/#primaryimage\"},\"image\":{\"@id\":\"https:\/\/derbe.it\/prodotto\/docciasciampo-gel-derbesport\/#primaryimage\"},\"thumbnailUrl\":\"https:\/\/derbe.it\/wp-content\/uploads\/2025\/05\/docciasciampo-gel-defaticante-derbesport-derbe.jpg\",\"datePublished\":\"2018-09-26T07:26:56+00:00\",\"dateModified\":\"2026-05-06T11:55:40+00:00\",\"description\":\"Un unico detergente dalle molte qualit\u00e0, dona naturalit\u00e0 e freschezza, pulisce delicatamente tutto il corpo comprese le parti intime, \u00e8 un ottimo sciampo per i capelli e si pu\u00f2 adoperare anche con acqua di mare. E' ricco di principi attivi: menta, ginseng, proteine del riso dalle propriet\u00e0 defaticanti naturalmente igienizzanti ed \u00e8 quindi indicato dopo qualsiasi tipo di sport e in ogni occasione nella quale \u00e8 desiderata una detersione delicata insieme ad un'azione di prevenzione e di difesa della pelle.\",\"breadcrumb\":{\"@id\":\"https:\/\/derbe.it\/prodotto\/docciasciampo-gel-derbesport\/#breadcrumb\"},\"inLanguage\":\"ja\",\"potentialAction\":[{\"@type\":\"ReadAction\",\"target\":[\"https:\/\/derbe.it\/prodotto\/docciasciampo-gel-derbesport\/\"]}]},{\"@type\":\"ImageObject\",\"inLanguage\":\"ja\",\"@id\":\"https:\/\/derbe.it\/prodotto\/docciasciampo-gel-derbesport\/#primaryimage\",\"url\":\"https:\/\/derbe.it\/wp-content\/uploads\/2025\/05\/docciasciampo-gel-defaticante-derbesport-derbe.jpg\",\"contentUrl\":\"https:\/\/derbe.it\/wp-content\/uploads\/2025\/05\/docciasciampo-gel-defaticante-derbesport-derbe.jpg\",\"width\":1600,\"height\":2000,\"caption\":\"Doccia Sciampo gel per lo sport - Derbe\"},{\"@type\":\"BreadcrumbList\",\"@id\":\"https:\/\/derbe.it\/prodotto\/docciasciampo-gel-derbesport\/#breadcrumb\",\"itemListElement\":[{\"@type\":\"ListItem\",\"position\":1,\"name\":\"Home\",\"item\":\"https:\/\/derbe.it\/\"},{\"@type\":\"ListItem\",\"position\":2,\"name\":\"Shop\",\"item\":\"https:\/\/derbe.it\/en\/shop\/\"},{\"@type\":\"ListItem\",\"position\":3,\"name\":\"Bagnoschiuma\",\"item\":\"https:\/\/derbe.it\/categoria-prodotto\/bagnoschiuma\/\"},{\"@type\":\"ListItem\",\"position\":4,\"name\":\"DocciaShampoo Gel Derbesport\"}]},{\"@type\":\"WebSite\",\"@id\":\"https:\/\/derbe.it\/#website\",\"url\":\"https:\/\/derbe.it\/\",\"name\":\"Derbe\",\"description\":\"Da oltre 50 anni - Made in italy - prodotti per capelli e corpo con estratti vegetali e formule sostenibili\",\"publisher\":{\"@id\":\"https:\/\/derbe.it\/#organization\"},\"potentialAction\":[{\"@type\":\"SearchAction\",\"target\":{\"@type\":\"EntryPoint\",\"urlTemplate\":\"https:\/\/derbe.it\/?s={search_term_string}\"},\"query-input\":{\"@type\":\"PropertyValueSpecification\",\"valueRequired\":true,\"valueName\":\"search_term_string\"}}],\"inLanguage\":\"ja\"},{\"@type\":\"Organization\",\"@id\":\"https:\/\/derbe.it\/#organization\",\"name\":\"Derbe\",\"url\":\"https:\/\/derbe.it\/\",\"logo\":{\"@type\":\"ImageObject\",\"inLanguage\":\"ja\",\"@id\":\"https:\/\/derbe.it\/#\/schema\/logo\/image\/\",\"url\":\"https:\/\/derbe.it\/wp-content\/uploads\/2025\/06\/logo_derbe_firenze.png\",\"contentUrl\":\"https:\/\/derbe.it\/wp-content\/uploads\/2025\/06\/logo_derbe_firenze.png\",\"width\":1200,\"height\":497,\"caption\":\"Derbe\"},\"image\":{\"@id\":\"https:\/\/derbe.it\/#\/schema\/logo\/image\/\"},\"sameAs\":[\"https:\/\/www.facebook.com\/evoderbebio\",\"https:\/\/www.instagram.com\/derbe.official\/\"],\"email\":\"info@derbe.it\",\"telephone\":\"+39 055 42 11 799\",\"legalName\":\"Derbe S.r.l. a socio unico\",\"vatID\":\"07272610481\"}]}<\/script>\n<!-- \/ Yoast SEO Premium plugin. -->","yoast_head_json":{"title":"\u30c7\u30eb\u30d9\u30b9\u30dd\u30fc\u30c8 \u30b7\u30e3\u30ef\u30fc\u30b8\u30a7\u30eb\u30b7\u30e3\u30f3\u30d7\u30fc - \u30c7\u30eb\u30d9 - \u81ea\u7136\u6d3e\u5316\u7ca7\u54c1","description":"1\u672c\u3067\u69d8\u3005\u306a\u52b9\u679c\u3092\u767a\u63ee\u3059\u308b\u30af\u30ec\u30f3\u30b6\u30fc\u3002\u30ca\u30c1\u30e5\u30e9\u30eb\u3067\u723d\u3084\u304b\u306a\u4f7f\u3044\u5fc3\u5730\u3067\u3001\u30c7\u30ea\u30b1\u30fc\u30c8\u30be\u30fc\u30f3\u3082\u542b\u3081\u5168\u8eab\u3092\u512a\u3057\u304f\u6d17\u3044\u4e0a\u3052\u307e\u3059\u3002\u30d8\u30a2\u30b7\u30e3\u30f3\u30d7\u30fc\u3068\u3057\u3066\u3082\u512a\u308c\u3066\u304a\u308a\u3001\u6d77\u6c34\u306b\u3082\u4f7f\u7528\u3067\u304d\u307e\u3059\u3002\u30df\u30f3\u30c8\u3001\u9ad8\u9e97\u4eba\u53c2\u3001\u7c73\u30bf\u30f3\u30d1\u30af\u8cea\u3068\u3044\u3063\u305f\u6709\u52b9\u6210\u5206\u304c\u8c4a\u5bcc\u306b\u542b\u307e\u308c\u3066\u304a\u308a\u3001\u5929\u7136\u306e\u6297\u75b2\u52b4\u4f5c\u7528\u3068\u6bba\u83cc\u4f5c\u7528\u304c\u3042\u308a\u307e\u3059\u3002\u3042\u3089\u3086\u308b\u30b9\u30dd\u30fc\u30c4\u306e\u5f8c\u3084\u3001\u4e88\u9632\u30fb\u4fdd\u8b77\u52b9\u679c\u3068\u5408\u308f\u305b\u3066\u512a\u3057\u304f\u6d17\u3044\u4e0a\u3052\u305f\u3044\u6642\u306b\u6700\u9069\u3067\u3059\u3002","robots":{"index":"index","follow":"follow","max-snippet":"max-snippet:-1","max-image-preview":"max-image-preview:large","max-video-preview":"max-video-preview:-1"},"canonical":"https:\/\/derbe.it\/ja\/product\/\u30c0\u30fc\u30d9\u30b9\u30dd\u30fc\u30c8-\u30b7\u30e3\u30ef\u30fc\u30b8\u30a7\u30eb\u30b7\u30e3\u30f3\u30d7\u30fc\/","og_locale":"ja_JP","og_type":"article","og_title":"DocciaShampoo Gel Derbesport","og_description":"Un unico detergente dalle molte qualit\u00e0, dona naturalit\u00e0 e freschezza, pulisce delicatamente tutto il corpo comprese le parti intime, \u00e8 un ottimo sciampo per i capelli e si pu\u00f2 adoperare anche con acqua di mare. E' ricco di principi attivi: menta, ginseng, proteine del riso dalle propriet\u00e0 defaticanti naturalmente igienizzanti ed \u00e8 quindi indicato dopo qualsiasi tipo di sport e in ogni occasione nella quale \u00e8 desiderata una detersione delicata insieme ad un'azione di prevenzione e di difesa della pelle.","og_url":"https:\/\/derbe.it\/ja\/product\/\u30c0\u30fc\u30d9\u30b9\u30dd\u30fc\u30c8-\u30b7\u30e3\u30ef\u30fc\u30b8\u30a7\u30eb\u30b7\u30e3\u30f3\u30d7\u30fc\/","og_site_name":"Derbe - cosmetici naturali","article_publisher":"https:\/\/www.facebook.com\/evoderbebio","article_modified_time":"2026-05-06T11:55:40+00:00","og_image":[{"width":1600,"height":2000,"url":"https:\/\/derbe.it\/wp-content\/uploads\/2025\/05\/docciasciampo-gel-defaticante-derbesport-derbe.jpg","type":"image\/jpeg"}],"twitter_card":"summary_large_image","twitter_misc":{"\u63a8\u5b9a\u8aad\u307f\u53d6\u308a\u6642\u9593":"2\u5206"},"schema":{"@context":"https:\/\/schema.org","@graph":[{"@type":"WebPage","@id":"https:\/\/derbe.it\/prodotto\/docciasciampo-gel-derbesport\/","url":"https:\/\/derbe.it\/prodotto\/docciasciampo-gel-derbesport\/","name":"\u30c7\u30eb\u30d9\u30b9\u30dd\u30fc\u30c8 \u30b7\u30e3\u30ef\u30fc\u30b8\u30a7\u30eb\u30b7\u30e3\u30f3\u30d7\u30fc - \u30c7\u30eb\u30d9 - \u81ea\u7136\u6d3e\u5316\u7ca7\u54c1","isPartOf":{"@id":"https:\/\/derbe.it\/#website"},"primaryImageOfPage":{"@id":"https:\/\/derbe.it\/prodotto\/docciasciampo-gel-derbesport\/#primaryimage"},"image":{"@id":"https:\/\/derbe.it\/prodotto\/docciasciampo-gel-derbesport\/#primaryimage"},"thumbnailUrl":"https:\/\/derbe.it\/wp-content\/uploads\/2025\/05\/docciasciampo-gel-defaticante-derbesport-derbe.jpg","datePublished":"2018-09-26T07:26:56+00:00","dateModified":"2026-05-06T11:55:40+00:00","description":"1\u672c\u3067\u69d8\u3005\u306a\u52b9\u679c\u3092\u767a\u63ee\u3059\u308b\u30af\u30ec\u30f3\u30b6\u30fc\u3002\u30ca\u30c1\u30e5\u30e9\u30eb\u3067\u723d\u3084\u304b\u306a\u4f7f\u3044\u5fc3\u5730\u3067\u3001\u30c7\u30ea\u30b1\u30fc\u30c8\u30be\u30fc\u30f3\u3082\u542b\u3081\u5168\u8eab\u3092\u512a\u3057\u304f\u6d17\u3044\u4e0a\u3052\u307e\u3059\u3002\u30d8\u30a2\u30b7\u30e3\u30f3\u30d7\u30fc\u3068\u3057\u3066\u3082\u512a\u308c\u3066\u304a\u308a\u3001\u6d77\u6c34\u306b\u3082\u4f7f\u7528\u3067\u304d\u307e\u3059\u3002\u30df\u30f3\u30c8\u3001\u9ad8\u9e97\u4eba\u53c2\u3001\u7c73\u30bf\u30f3\u30d1\u30af\u8cea\u3068\u3044\u3063\u305f\u6709\u52b9\u6210\u5206\u304c\u8c4a\u5bcc\u306b\u542b\u307e\u308c\u3066\u304a\u308a\u3001\u5929\u7136\u306e\u6297\u75b2\u52b4\u4f5c\u7528\u3068\u6bba\u83cc\u4f5c\u7528\u304c\u3042\u308a\u307e\u3059\u3002\u3042\u3089\u3086\u308b\u30b9\u30dd\u30fc\u30c4\u306e\u5f8c\u3084\u3001\u4e88\u9632\u30fb\u4fdd\u8b77\u52b9\u679c\u3068\u5408\u308f\u305b\u3066\u512a\u3057\u304f\u6d17\u3044\u4e0a\u3052\u305f\u3044\u6642\u306b\u6700\u9069\u3067\u3059\u3002","breadcrumb":{"@id":"https:\/\/derbe.it\/prodotto\/docciasciampo-gel-derbesport\/#breadcrumb"},"inLanguage":"ja","potentialAction":[{"@type":"ReadAction","target":["https:\/\/derbe.it\/prodotto\/docciasciampo-gel-derbesport\/"]}]},{"@type":"ImageObject","inLanguage":"ja","@id":"https:\/\/derbe.it\/prodotto\/docciasciampo-gel-derbesport\/#primaryimage","url":"https:\/\/derbe.it\/wp-content\/uploads\/2025\/05\/docciasciampo-gel-defaticante-derbesport-derbe.jpg","contentUrl":"https:\/\/derbe.it\/wp-content\/uploads\/2025\/05\/docciasciampo-gel-defaticante-derbesport-derbe.jpg","width":1600,"height":2000,"caption":"Doccia Sciampo gel per lo sport - Derbe"},{"@type":"BreadcrumbList","@id":"https:\/\/derbe.it\/prodotto\/docciasciampo-gel-derbesport\/#breadcrumb","itemListElement":[{"@type":"ListItem","position":1,"name":"Home","item":"https:\/\/derbe.it\/"},{"@type":"ListItem","position":2,"name":"Shop","item":"https:\/\/derbe.it\/en\/shop\/"},{"@type":"ListItem","position":3,"name":"Bagnoschiuma","item":"https:\/\/derbe.it\/categoria-prodotto\/bagnoschiuma\/"},{"@type":"ListItem","position":4,"name":"DocciaShampoo Gel Derbesport"}]},{"@type":"WebSite","@id":"https:\/\/derbe.it\/#website","url":"https:\/\/derbe.it\/","name":"\u30c7\u30eb\u30d9","description":"50\u5e74\u4ee5\u4e0a\u306e\u6b74\u53f2\u3092\u8a87\u308b\u30a4\u30bf\u30ea\u30a2\u88fd\u3002\u690d\u7269\u30a8\u30ad\u30b9\u3068\u6301\u7d9a\u53ef\u80fd\u306a\u51e6\u65b9\u3092\u4f7f\u7528\u3057\u305f\u30d8\u30a2\u30b1\u30a2\u88fd\u54c1\u3068\u30dc\u30c7\u30a3\u30b1\u30a2\u88fd\u54c1\u3002","publisher":{"@id":"https:\/\/derbe.it\/#organization"},"potentialAction":[{"@type":"SearchAction","target":{"@type":"EntryPoint","urlTemplate":"https:\/\/derbe.it\/?s={search_term_string}"},"query-input":{"@type":"PropertyValueSpecification","valueRequired":true,"valueName":"search_term_string"}}],"inLanguage":"ja"},{"@type":"Organization","@id":"https:\/\/derbe.it\/#organization","name":"\u30c7\u30eb\u30d9","url":"https:\/\/derbe.it\/","logo":{"@type":"ImageObject","inLanguage":"ja","@id":"https:\/\/derbe.it\/#\/schema\/logo\/image\/","url":"https:\/\/derbe.it\/wp-content\/uploads\/2025\/06\/logo_derbe_firenze.png","contentUrl":"https:\/\/derbe.it\/wp-content\/uploads\/2025\/06\/logo_derbe_firenze.png","width":1200,"height":497,"caption":"Derbe"},"image":{"@id":"https:\/\/derbe.it\/#\/schema\/logo\/image\/"},"sameAs":["https:\/\/www.facebook.com\/evoderbebio","https:\/\/www.instagram.com\/derbe.official\/"],"email":"info@derbe.it","telephone":"+39 055 42 11 799","legalName":"Derbe S.r.l. a socio unico","vatID":"07272610481"}]}},"_links":{"self":[{"href":"https:\/\/derbe.it\/ja\/wp-json\/wp\/v2\/product\/644","targetHints":{"allow":["GET"]}}],"collection":[{"href":"https:\/\/derbe.it\/ja\/wp-json\/wp\/v2\/product"}],"about":[{"href":"https:\/\/derbe.it\/ja\/wp-json\/wp\/v2\/types\/product"}],"wp:featuredmedia":[{"embeddable":true,"href":"https:\/\/derbe.it\/ja\/wp-json\/wp\/v2\/media\/645"}],"wp:attachment":[{"href":"https:\/\/derbe.it\/ja\/wp-json\/wp\/v2\/media?parent=644"}],"wp:term":[{"taxonomy":"caratteristica","embeddable":true,"href":"https:\/\/derbe.it\/ja\/wp-json\/wp\/v2\/caratteristica?post=644"},{"taxonomy":"collezione","embeddable":true,"href":"https:\/\/derbe.it\/ja\/wp-json\/wp\/v2\/collezione?post=644"},{"taxonomy":"formato","embeddable":true,"href":"https:\/\/derbe.it\/ja\/wp-json\/wp\/v2\/formato?post=644"},{"taxonomy":"funzione","embeddable":true,"href":"https:\/\/derbe.it\/ja\/wp-json\/wp\/v2\/funzione?post=644"},{"taxonomy":"utilizzo","embeddable":true,"href":"https:\/\/derbe.it\/ja\/wp-json\/wp\/v2\/utilizzo?post=644"},{"taxonomy":"ingrediente-principale","embeddable":true,"href":"https:\/\/derbe.it\/ja\/wp-json\/wp\/v2\/ingrediente-principale?post=644"},{"taxonomy":"product_brand","embeddable":true,"href":"https:\/\/derbe.it\/ja\/wp-json\/wp\/v2\/product_brand?post=644"},{"taxonomy":"product_cat","embeddable":true,"href":"https:\/\/derbe.it\/ja\/wp-json\/wp\/v2\/product_cat?post=644"},{"taxonomy":"product_tag","embeddable":true,"href":"https:\/\/derbe.it\/ja\/wp-json\/wp\/v2\/product_tag?post=644"}],"curies":[{"name":"wp","href":"https:\/\/api.w.org\/{rel}","templated":true}]}}