{"id":158,"date":"2018-09-26T09:26:39","date_gmt":"2018-09-26T07:26:39","guid":{"rendered":"https:\/\/derbe.it\/prodotto\/doccia-sciampo\/"},"modified":"2026-02-02T10:03:20","modified_gmt":"2026-02-02T09:03:20","slug":"%e6%b2%90%e6%b5%b4%e6%b4%97%e5%8f%91%e6%b0%b4","status":"publish","type":"product","link":"https:\/\/derbe.it\/zh\/%e4%ba%a7%e5%93%81\/%e6%b2%90%e6%b5%b4%e6%b4%97%e5%8f%91%e6%b0%b4\/","title":{"rendered":"\u6c90\u6d74\u6d17\u53d1\u6c34"},"content":{"rendered":"<p>\u8fd9\u6b3e\u6d01\u80a4\u6c34\u8574\u542b\u591a\u79cd\u529f\u6548\uff1a\u5b83\u6ce1\u6cab\u4e30\u5bcc\uff0c\u5e26\u6765\u81ea\u7136\u6e05\u65b0\u7684\u89e6\u611f\uff0c\u6e29\u548c\u6e05\u6d01\u5168\u8eab\uff0c\u5305\u62ec\u79c1\u5bc6\u90e8\u4f4d\uff0c\u4e5f\u662f\u6781\u4f73\u7684\u6d17\u53d1\u6c34\uff0c\u800c\u4e14\u2026\u2026\u751a\u81f3\u53ef\u4ee5\u4e0e\u6d77\u6c34\u4e00\u8d77\u4f7f\u7528\uff01\u5b83\u5bcc\u542b\u5929\u7136\u6d88\u6bd2\u8403\u53d6\u7269\uff0c\u975e\u5e38\u9002\u5408\u5404\u79cd\u8fd0\u52a8\u540e\u4f7f\u7528\uff0c\u4ee5\u53ca\u4efb\u4f55\u60f3\u8981\u6e29\u548c\u6e05\u6d01\u5e76\u540c\u65f6\u9884\u9632\u548c\u4fdd\u62a4\u808c\u80a4\u7684\u65f6\u5019\u4f7f\u7528\u3002\u65e0\u8bba\u662f\u5728\u6cf3\u6c60\u3001\u5065\u8eab\u623f\u3001\u6dcb\u6d74\u95f4\u3001\u6d74\u7f38\u8fd8\u662f\u8239\u4e0a\uff0c\u5b83\u90fd\u662f\u60a8\u7684\u7406\u60f3\u4e4b\u9009\u3002\u201cTerre di Amerigo\u201d\u732e\u7ed9\u90a3\u4e9b\u81ea\u7531\u81ea\u5728\u3001\u771f\u8bda\u5730\u5728\u751f\u547d\u4e4b\u6d77\u4e2d\u822a\u884c\u7684\u7537\u58eb\u548c\u5973\u58eb\uff0c\u4ed6\u4eec\u662f\u5d07\u9ad8\u7684\u5192\u9669\u5bb6\uff0c\u662f\u654f\u9510\u7684\u822a\u6d77\u5bb6\uff1a\u4ed6\u4eec\u662f\u5c0f\u8bd7\u4eba\uff0c\u662f\u5c0f\u6d77\u76d7\uff0c\u4e5f\u662f\u5c0f\u60c5\u4eba\u3002.<\/p>","protected":false},"excerpt":{"rendered":"<p>Un unico detergente dalle molte qualit\u00e0: \u00e8 schiumogeno, dona naturalit\u00e0 e freschezza, pulisce delicatamente tutto il corpo, comprese le parti intime, \u00e8 un ottimo sciampo per i capelli e&#8230;.lo puoi adoperare anche con l&#8217;acqua di mare. E&#8217; ricco di olii essenziali naturalmente igienizzati ed \u00e8 quindi ideale per essere utilizzato dopo ogni forma di sport e in ogni occasione nella quale \u00e8 desiderata una detersione delicata insieme ad una azione di prevenzione e di difesa della pelle. Il suo uso \u00e8 indispensabile in piscina, in palestra, nella doccia, nel bagno, in barca. [&#8230;]<\/p>\n<p><a class=\"btn btn-secondary understrap-read-more-link\" href=\"https:\/\/derbe.it\/zh\/%e4%ba%a7%e5%93%81\/%e6%b2%90%e6%b5%b4%e6%b4%97%e5%8f%91%e6%b0%b4\/\">\u9605\u8bfb\u66f4\u591a\u2026<span class=\"screen-reader-text\"> from Doccia Shampoo<\/span><\/a><\/p>","protected":false},"featured_media":159,"template":"","meta":{"_acf_changed":false},"caratteristica":[],"collezione":[75,133],"formato":[],"funzione":[],"utilizzo":[],"ingrediente-principale":[],"product_brand":[],"product_cat":[22],"product_tag":[],"class_list":{"0":"post-158","1":"product","2":"type-product","3":"status-publish","4":"has-post-thumbnail","6":"collezione-speziali-fiorentini","7":"collezione-terre-di-amerigo","8":"product_cat-bagnoschiuma","10":"first","11":"instock","12":"purchasable","13":"product-type-simple"},"acf":[],"yoast_head":"<!-- This site is optimized with the Yoast SEO Premium plugin v26.1 (Yoast SEO v26.8) - https:\/\/yoast.com\/product\/yoast-seo-premium-wordpress\/ -->\n<title>Doccia Shampoo - Derbe - cosmetici naturali<\/title>\n<meta name=\"description\" content=\"Un unico detergente dalle molte qualit\u00e0: \u00e8 schiumogeno, dona naturalit\u00e0 e freschezza, pulisce delicatamente tutto il corpo, comprese le parti intime, \u00e8 un ottimo sciampo per i capelli e....lo puoi adoperare anche con l&#039;acqua di mare. E&#039; ricco di olii essenziali naturalmente igienizzati ed \u00e8 quindi ideale per essere utilizzato dopo ogni forma di sport e in ogni occasione nella quale \u00e8 desiderata una detersione delicata insieme ad una azione di prevenzione e di difesa della pelle. Il suo uso \u00e8 indispensabile in piscina, in palestra, nella doccia, nel bagno, in barca.\" \/>\n<meta name=\"robots\" content=\"index, follow, max-snippet:-1, max-image-preview:large, max-video-preview:-1\" \/>\n<link rel=\"canonical\" href=\"https:\/\/derbe.it\/zh\/\u4ea7\u54c1\/\u6c90\u6d74\u6d17\u53d1\u6c34\/\" \/>\n<meta property=\"og:locale\" content=\"zh_CN\" \/>\n<meta property=\"og:type\" content=\"article\" \/>\n<meta property=\"og:title\" content=\"Doccia Shampoo\" \/>\n<meta property=\"og:description\" content=\"Un unico detergente dalle molte qualit\u00e0: \u00e8 schiumogeno, dona naturalit\u00e0 e freschezza, pulisce delicatamente tutto il corpo, comprese le parti intime, \u00e8 un ottimo sciampo per i capelli e....lo puoi adoperare anche con l&#039;acqua di mare. E&#039; ricco di olii essenziali naturalmente igienizzati ed \u00e8 quindi ideale per essere utilizzato dopo ogni forma di sport e in ogni occasione nella quale \u00e8 desiderata una detersione delicata insieme ad una azione di prevenzione e di difesa della pelle. Il suo uso \u00e8 indispensabile in piscina, in palestra, nella doccia, nel bagno, in barca.\" \/>\n<meta property=\"og:url\" content=\"https:\/\/derbe.it\/zh\/\u4ea7\u54c1\/\u6c90\u6d74\u6d17\u53d1\u6c34\/\" \/>\n<meta property=\"og:site_name\" content=\"Derbe - cosmetici naturali\" \/>\n<meta property=\"article:publisher\" content=\"https:\/\/www.facebook.com\/evoderbebio\" \/>\n<meta property=\"article:modified_time\" content=\"2026-02-02T09:03:20+00:00\" \/>\n<meta property=\"og:image\" content=\"https:\/\/derbe.it\/wp-content\/uploads\/2025\/05\/doccia-sciampo-menta-echinacea-terre-di-amerigo-derbe.jpg\" \/>\n\t<meta property=\"og:image:width\" content=\"1600\" \/>\n\t<meta property=\"og:image:height\" content=\"2000\" \/>\n\t<meta property=\"og:image:type\" content=\"image\/jpeg\" \/>\n<meta name=\"twitter:card\" content=\"summary_large_image\" \/>\n<meta name=\"twitter:label1\" content=\"\u9884\u8ba1\u9605\u8bfb\u65f6\u95f4\" \/>\n\t<meta name=\"twitter:data1\" content=\"2 \u5206\" \/>\n<script type=\"application\/ld+json\" class=\"yoast-schema-graph\">{\"@context\":\"https:\/\/schema.org\",\"@graph\":[{\"@type\":\"WebPage\",\"@id\":\"https:\/\/derbe.it\/prodotto\/doccia-sciampo\/\",\"url\":\"https:\/\/derbe.it\/prodotto\/doccia-sciampo\/\",\"name\":\"Doccia Shampoo - Derbe - cosmetici naturali\",\"isPartOf\":{\"@id\":\"https:\/\/derbe.it\/#website\"},\"primaryImageOfPage\":{\"@id\":\"https:\/\/derbe.it\/prodotto\/doccia-sciampo\/#primaryimage\"},\"image\":{\"@id\":\"https:\/\/derbe.it\/prodotto\/doccia-sciampo\/#primaryimage\"},\"thumbnailUrl\":\"https:\/\/derbe.it\/wp-content\/uploads\/2025\/05\/doccia-sciampo-menta-echinacea-terre-di-amerigo-derbe.jpg\",\"datePublished\":\"2018-09-26T07:26:39+00:00\",\"dateModified\":\"2026-02-02T09:03:20+00:00\",\"description\":\"Un unico detergente dalle molte qualit\u00e0: \u00e8 schiumogeno, dona naturalit\u00e0 e freschezza, pulisce delicatamente tutto il corpo, comprese le parti intime, \u00e8 un ottimo sciampo per i capelli e....lo puoi adoperare anche con l'acqua di mare. E' ricco di olii essenziali naturalmente igienizzati ed \u00e8 quindi ideale per essere utilizzato dopo ogni forma di sport e in ogni occasione nella quale \u00e8 desiderata una detersione delicata insieme ad una azione di prevenzione e di difesa della pelle. Il suo uso \u00e8 indispensabile in piscina, in palestra, nella doccia, nel bagno, in barca.\",\"breadcrumb\":{\"@id\":\"https:\/\/derbe.it\/prodotto\/doccia-sciampo\/#breadcrumb\"},\"inLanguage\":\"zh-Hans\",\"potentialAction\":[{\"@type\":\"ReadAction\",\"target\":[\"https:\/\/derbe.it\/prodotto\/doccia-sciampo\/\"]}]},{\"@type\":\"ImageObject\",\"inLanguage\":\"zh-Hans\",\"@id\":\"https:\/\/derbe.it\/prodotto\/doccia-sciampo\/#primaryimage\",\"url\":\"https:\/\/derbe.it\/wp-content\/uploads\/2025\/05\/doccia-sciampo-menta-echinacea-terre-di-amerigo-derbe.jpg\",\"contentUrl\":\"https:\/\/derbe.it\/wp-content\/uploads\/2025\/05\/doccia-sciampo-menta-echinacea-terre-di-amerigo-derbe.jpg\",\"width\":1600,\"height\":2000,\"caption\":\"Doccia sciampo Terre di Amerigo - Derbe\"},{\"@type\":\"BreadcrumbList\",\"@id\":\"https:\/\/derbe.it\/prodotto\/doccia-sciampo\/#breadcrumb\",\"itemListElement\":[{\"@type\":\"ListItem\",\"position\":1,\"name\":\"Home\",\"item\":\"https:\/\/derbe.it\/\"},{\"@type\":\"ListItem\",\"position\":2,\"name\":\"Shop\",\"item\":\"https:\/\/derbe.it\/en\/shop\/\"},{\"@type\":\"ListItem\",\"position\":3,\"name\":\"Bagnoschiuma\",\"item\":\"https:\/\/derbe.it\/categoria-prodotto\/bagnoschiuma\/\"},{\"@type\":\"ListItem\",\"position\":4,\"name\":\"Doccia Shampoo\"}]},{\"@type\":\"WebSite\",\"@id\":\"https:\/\/derbe.it\/#website\",\"url\":\"https:\/\/derbe.it\/\",\"name\":\"Derbe\",\"description\":\"Da oltre 50 anni - Made in italy - prodotti per capelli e corpo con estratti vegetali e formule sostenibili\",\"publisher\":{\"@id\":\"https:\/\/derbe.it\/#organization\"},\"potentialAction\":[{\"@type\":\"SearchAction\",\"target\":{\"@type\":\"EntryPoint\",\"urlTemplate\":\"https:\/\/derbe.it\/?s={search_term_string}\"},\"query-input\":{\"@type\":\"PropertyValueSpecification\",\"valueRequired\":true,\"valueName\":\"search_term_string\"}}],\"inLanguage\":\"zh-Hans\"},{\"@type\":\"Organization\",\"@id\":\"https:\/\/derbe.it\/#organization\",\"name\":\"Derbe\",\"url\":\"https:\/\/derbe.it\/\",\"logo\":{\"@type\":\"ImageObject\",\"inLanguage\":\"zh-Hans\",\"@id\":\"https:\/\/derbe.it\/#\/schema\/logo\/image\/\",\"url\":\"https:\/\/derbe.it\/wp-content\/uploads\/2025\/06\/logo_derbe_firenze.png\",\"contentUrl\":\"https:\/\/derbe.it\/wp-content\/uploads\/2025\/06\/logo_derbe_firenze.png\",\"width\":1200,\"height\":497,\"caption\":\"Derbe\"},\"image\":{\"@id\":\"https:\/\/derbe.it\/#\/schema\/logo\/image\/\"},\"sameAs\":[\"https:\/\/www.facebook.com\/evoderbebio\",\"https:\/\/www.instagram.com\/derbe.official\/\"],\"email\":\"info@derbe.it\",\"telephone\":\"+39 055 42 11 799\",\"legalName\":\"Derbe S.r.l. a socio unico\",\"vatID\":\"07272610481\"}]}<\/script>\n<!-- \/ Yoast SEO Premium plugin. -->","yoast_head_json":{"title":"\u6c90\u6d74\u6d17\u53d1\u9732 - Derbe - \u5929\u7136\u5316\u5986\u54c1","description":"\u8fd9\u6b3e\u6d01\u80a4\u6c34\u96c6\u591a\u79cd\u529f\u6548\u4e8e\u4e00\u8eab\uff1a\u6ce1\u6cab\u4e30\u5bcc\uff0c\u5e26\u6765\u81ea\u7136\u6e05\u65b0\u7684\u89e6\u611f\uff0c\u6e29\u548c\u6e05\u6d01\u5168\u8eab\uff08\u5305\u62ec\u79c1\u5bc6\u90e8\u4f4d\uff09\uff0c\u4e5f\u662f\u6781\u4f73\u7684\u6d17\u53d1\u6c34\uff0c\u800c\u4e14\u2026\u2026\u751a\u81f3\u53ef\u4ee5\u4e0e\u6d77\u6c34\u4e00\u8d77\u4f7f\u7528\u3002\u5b83\u5bcc\u542b\u5929\u7136\u7684\u6d88\u6bd2\u7cbe\u6cb9\uff0c\u975e\u5e38\u9002\u5408\u8fd0\u52a8\u540e\u4f7f\u7528\uff0c\u4e5f\u975e\u5e38\u9002\u5408\u4efb\u4f55\u60f3\u8981\u6e29\u548c\u6e05\u6d01\u5e76\u540c\u65f6\u9884\u9632\u548c\u4fdd\u62a4\u808c\u80a4\u7684\u573a\u5408\u3002\u65e0\u8bba\u662f\u5728\u6cf3\u6c60\u3001\u5065\u8eab\u623f\u3001\u6dcb\u6d74\u95f4\u3001\u6d74\u7f38\u8fd8\u662f\u8239\u4e0a\uff0c\u5b83\u90fd\u662f\u60a8\u7684\u5fc5\u5907\u4e4b\u9009\u3002","robots":{"index":"index","follow":"follow","max-snippet":"max-snippet:-1","max-image-preview":"max-image-preview:large","max-video-preview":"max-video-preview:-1"},"canonical":"https:\/\/derbe.it\/zh\/\u4ea7\u54c1\/\u6c90\u6d74\u6d17\u53d1\u6c34\/","og_locale":"zh_CN","og_type":"article","og_title":"Doccia Shampoo","og_description":"Un unico detergente dalle molte qualit\u00e0: \u00e8 schiumogeno, dona naturalit\u00e0 e freschezza, pulisce delicatamente tutto il corpo, comprese le parti intime, \u00e8 un ottimo sciampo per i capelli e....lo puoi adoperare anche con l'acqua di mare. E' ricco di olii essenziali naturalmente igienizzati ed \u00e8 quindi ideale per essere utilizzato dopo ogni forma di sport e in ogni occasione nella quale \u00e8 desiderata una detersione delicata insieme ad una azione di prevenzione e di difesa della pelle. Il suo uso \u00e8 indispensabile in piscina, in palestra, nella doccia, nel bagno, in barca.","og_url":"https:\/\/derbe.it\/zh\/\u4ea7\u54c1\/\u6c90\u6d74\u6d17\u53d1\u6c34\/","og_site_name":"Derbe - cosmetici naturali","article_publisher":"https:\/\/www.facebook.com\/evoderbebio","article_modified_time":"2026-02-02T09:03:20+00:00","og_image":[{"width":1600,"height":2000,"url":"https:\/\/derbe.it\/wp-content\/uploads\/2025\/05\/doccia-sciampo-menta-echinacea-terre-di-amerigo-derbe.jpg","type":"image\/jpeg"}],"twitter_card":"summary_large_image","twitter_misc":{"\u9884\u8ba1\u9605\u8bfb\u65f6\u95f4":"2 \u5206"},"schema":{"@context":"https:\/\/schema.org","@graph":[{"@type":"WebPage","@id":"https:\/\/derbe.it\/prodotto\/doccia-sciampo\/","url":"https:\/\/derbe.it\/prodotto\/doccia-sciampo\/","name":"\u6c90\u6d74\u6d17\u53d1\u9732 - Derbe - \u5929\u7136\u5316\u5986\u54c1","isPartOf":{"@id":"https:\/\/derbe.it\/#website"},"primaryImageOfPage":{"@id":"https:\/\/derbe.it\/prodotto\/doccia-sciampo\/#primaryimage"},"image":{"@id":"https:\/\/derbe.it\/prodotto\/doccia-sciampo\/#primaryimage"},"thumbnailUrl":"https:\/\/derbe.it\/wp-content\/uploads\/2025\/05\/doccia-sciampo-menta-echinacea-terre-di-amerigo-derbe.jpg","datePublished":"2018-09-26T07:26:39+00:00","dateModified":"2026-02-02T09:03:20+00:00","description":"\u8fd9\u6b3e\u6d01\u80a4\u6c34\u96c6\u591a\u79cd\u529f\u6548\u4e8e\u4e00\u8eab\uff1a\u6ce1\u6cab\u4e30\u5bcc\uff0c\u5e26\u6765\u81ea\u7136\u6e05\u65b0\u7684\u89e6\u611f\uff0c\u6e29\u548c\u6e05\u6d01\u5168\u8eab\uff08\u5305\u62ec\u79c1\u5bc6\u90e8\u4f4d\uff09\uff0c\u4e5f\u662f\u6781\u4f73\u7684\u6d17\u53d1\u6c34\uff0c\u800c\u4e14\u2026\u2026\u751a\u81f3\u53ef\u4ee5\u4e0e\u6d77\u6c34\u4e00\u8d77\u4f7f\u7528\u3002\u5b83\u5bcc\u542b\u5929\u7136\u7684\u6d88\u6bd2\u7cbe\u6cb9\uff0c\u975e\u5e38\u9002\u5408\u8fd0\u52a8\u540e\u4f7f\u7528\uff0c\u4e5f\u975e\u5e38\u9002\u5408\u4efb\u4f55\u60f3\u8981\u6e29\u548c\u6e05\u6d01\u5e76\u540c\u65f6\u9884\u9632\u548c\u4fdd\u62a4\u808c\u80a4\u7684\u573a\u5408\u3002\u65e0\u8bba\u662f\u5728\u6cf3\u6c60\u3001\u5065\u8eab\u623f\u3001\u6dcb\u6d74\u95f4\u3001\u6d74\u7f38\u8fd8\u662f\u8239\u4e0a\uff0c\u5b83\u90fd\u662f\u60a8\u7684\u5fc5\u5907\u4e4b\u9009\u3002","breadcrumb":{"@id":"https:\/\/derbe.it\/prodotto\/doccia-sciampo\/#breadcrumb"},"inLanguage":"zh-Hans","potentialAction":[{"@type":"ReadAction","target":["https:\/\/derbe.it\/prodotto\/doccia-sciampo\/"]}]},{"@type":"ImageObject","inLanguage":"zh-Hans","@id":"https:\/\/derbe.it\/prodotto\/doccia-sciampo\/#primaryimage","url":"https:\/\/derbe.it\/wp-content\/uploads\/2025\/05\/doccia-sciampo-menta-echinacea-terre-di-amerigo-derbe.jpg","contentUrl":"https:\/\/derbe.it\/wp-content\/uploads\/2025\/05\/doccia-sciampo-menta-echinacea-terre-di-amerigo-derbe.jpg","width":1600,"height":2000,"caption":"Doccia sciampo Terre di Amerigo - Derbe"},{"@type":"BreadcrumbList","@id":"https:\/\/derbe.it\/prodotto\/doccia-sciampo\/#breadcrumb","itemListElement":[{"@type":"ListItem","position":1,"name":"Home","item":"https:\/\/derbe.it\/"},{"@type":"ListItem","position":2,"name":"Shop","item":"https:\/\/derbe.it\/en\/shop\/"},{"@type":"ListItem","position":3,"name":"Bagnoschiuma","item":"https:\/\/derbe.it\/categoria-prodotto\/bagnoschiuma\/"},{"@type":"ListItem","position":4,"name":"Doccia Shampoo"}]},{"@type":"WebSite","@id":"https:\/\/derbe.it\/#website","url":"https:\/\/derbe.it\/","name":"\u5fb7\u5c14\u8d1d","description":"\u4e94\u5341\u591a\u5e74\u6765\u2014\u2014\u610f\u5927\u5229\u5236\u9020\u2014\u2014\u91c7\u7528\u690d\u7269\u8403\u53d6\u7269\u548c\u53ef\u6301\u7eed\u914d\u65b9\u7684\u5934\u53d1\u548c\u8eab\u4f53\u62a4\u7406\u4ea7\u54c1","publisher":{"@id":"https:\/\/derbe.it\/#organization"},"potentialAction":[{"@type":"SearchAction","target":{"@type":"EntryPoint","urlTemplate":"https:\/\/derbe.it\/?s={search_term_string}"},"query-input":{"@type":"PropertyValueSpecification","valueRequired":true,"valueName":"search_term_string"}}],"inLanguage":"zh-Hans"},{"@type":"Organization","@id":"https:\/\/derbe.it\/#organization","name":"\u5fb7\u5c14\u8d1d","url":"https:\/\/derbe.it\/","logo":{"@type":"ImageObject","inLanguage":"zh-Hans","@id":"https:\/\/derbe.it\/#\/schema\/logo\/image\/","url":"https:\/\/derbe.it\/wp-content\/uploads\/2025\/06\/logo_derbe_firenze.png","contentUrl":"https:\/\/derbe.it\/wp-content\/uploads\/2025\/06\/logo_derbe_firenze.png","width":1200,"height":497,"caption":"Derbe"},"image":{"@id":"https:\/\/derbe.it\/#\/schema\/logo\/image\/"},"sameAs":["https:\/\/www.facebook.com\/evoderbebio","https:\/\/www.instagram.com\/derbe.official\/"],"email":"info@derbe.it","telephone":"+39 055 42 11 799","legalName":"Derbe S.r.l. a socio unico","vatID":"07272610481"}]}},"_links":{"self":[{"href":"https:\/\/derbe.it\/zh\/wp-json\/wp\/v2\/product\/158","targetHints":{"allow":["GET"]}}],"collection":[{"href":"https:\/\/derbe.it\/zh\/wp-json\/wp\/v2\/product"}],"about":[{"href":"https:\/\/derbe.it\/zh\/wp-json\/wp\/v2\/types\/product"}],"wp:featuredmedia":[{"embeddable":true,"href":"https:\/\/derbe.it\/zh\/wp-json\/wp\/v2\/media\/159"}],"wp:attachment":[{"href":"https:\/\/derbe.it\/zh\/wp-json\/wp\/v2\/media?parent=158"}],"wp:term":[{"taxonomy":"caratteristica","embeddable":true,"href":"https:\/\/derbe.it\/zh\/wp-json\/wp\/v2\/caratteristica?post=158"},{"taxonomy":"collezione","embeddable":true,"href":"https:\/\/derbe.it\/zh\/wp-json\/wp\/v2\/collezione?post=158"},{"taxonomy":"formato","embeddable":true,"href":"https:\/\/derbe.it\/zh\/wp-json\/wp\/v2\/formato?post=158"},{"taxonomy":"funzione","embeddable":true,"href":"https:\/\/derbe.it\/zh\/wp-json\/wp\/v2\/funzione?post=158"},{"taxonomy":"utilizzo","embeddable":true,"href":"https:\/\/derbe.it\/zh\/wp-json\/wp\/v2\/utilizzo?post=158"},{"taxonomy":"ingrediente-principale","embeddable":true,"href":"https:\/\/derbe.it\/zh\/wp-json\/wp\/v2\/ingrediente-principale?post=158"},{"taxonomy":"product_brand","embeddable":true,"href":"https:\/\/derbe.it\/zh\/wp-json\/wp\/v2\/product_brand?post=158"},{"taxonomy":"product_cat","embeddable":true,"href":"https:\/\/derbe.it\/zh\/wp-json\/wp\/v2\/product_cat?post=158"},{"taxonomy":"product_tag","embeddable":true,"href":"https:\/\/derbe.it\/zh\/wp-json\/wp\/v2\/product_tag?post=158"}],"curies":[{"name":"wp","href":"https:\/\/api.w.org\/{rel}","templated":true}]}}