{"id":232,"date":"2018-09-26T10:13:15","date_gmt":"2018-09-26T08:13:15","guid":{"rendered":"https:\/\/derbe.it\/prodotto\/sciampo-delicatissimo-cocco-zucchero\/"},"modified":"2026-05-06T11:56:59","modified_gmt":"2026-05-06T09:56:59","slug":"%e9%9d%9e%e5%b8%b8%e7%bb%86%e8%85%bb%e7%9a%84%e6%a4%b0%e5%ad%90%e7%b3%96%e6%b4%97%e5%8f%91%e6%b0%b4","status":"publish","type":"product","link":"https:\/\/derbe.it\/zh\/%e4%ba%a7%e5%93%81\/%e9%9d%9e%e5%b8%b8%e7%bb%86%e8%85%bb%e7%9a%84%e6%a4%b0%e5%ad%90%e7%b3%96%e6%b4%97%e5%8f%91%e6%b0%b4\/","title":{"rendered":"\u7cd6\u548c\u6930\u5b50\u6d17\u53d1\u6c34\uff0c\u9002\u5408\u654f\u611f\u808c\u80a4"},"content":{"rendered":"<p>\u654f\u611f\u5934\u76ae\u770b\u8d77\u6765\u7ea4\u8584\u3001\u8106\u5f31\uff0c\u5bb9\u6613\u53d7\u5230\u523a\u6fc0\uff0c\u66f4\u5bb9\u6613\u53d7\u5230\u5404\u79cd\u4fb5\u5bb3\u56e0\u7d20\uff08\u9633\u5149\u3001\u76d0\u5206\u3001\u98ce\u5439\u3001\u5bd2\u51b7\uff09\u7684\u5f71\u54cd\u3002\u6bcf\u5f53\u9700\u8981\u6e29\u548c\u6e05\u6d01\u5934\u76ae\u65f6\uff0c\u63a8\u8350\u4f7f\u7528\u6e29\u548c\u7684\u7cd6\u6930\u5b50\u6e05\u6d01\u7cfb\u5217\uff0c\u4e13\u4e3a\u654f\u611f\u5934\u76ae\u8bbe\u8ba1\u3002<\/p>\n<p><strong>\u7cd6\u548c\u6930\u5b50\u6d17\u53d1\u6c34\uff0c\u9002\u5408\u654f\u611f\u808c\u80a4<\/strong> \u5b83\u5f62\u6210\u4e30\u5bcc\u3001\u67d4\u8f6f\u7684\u6ce1\u6cab\uff0c\u5bcc\u542b\u6d0b\u7518\u83ca\u548c\u5c0f\u7c73\u884d\u751f\u7269\uff0c\u5177\u6709\u8212\u7f13\u3001\u8f6f\u5316\u548c\u9547\u9759\u7684\u529f\u6548\u3002 <strong>\u5b83\u53ef\u4ee5\u6e05\u6d01\u5934\u53d1\u548c\u5934\u76ae\uff0c\u800c\u4e0d\u4f1a\u6539\u53d8\u5176\u5929\u7136\u7684\u6c34\u8102\u548c\u9178\u5e73\u8861<\/strong>.<\/p>\n<ul>\n<li>\u548c <strong>\u72ed\u53f6\u51b3\u660e\u591a\u7cd6<\/strong>\u5177\u6709\u6210\u819c\u548c\u76ae\u80a4\u4fdd\u62a4\u529f\u80fd<\/li>\n<li>\u548c <strong>\u5c0f\u7c73\u548c\u6d0b\u7518\u83ca\u63d0\u53d6\u7269<\/strong>\u5177\u6709\u6da6\u80a4\u548c\u8212\u7f13\u529f\u6548<\/li>\n<\/ul>","protected":false},"excerpt":{"rendered":"<p>\u9002\u7528\u4e8e\u6e05\u6d01\u6700\u654f\u611f\u3001\u6700\u5a07\u5ae9\u7684\u5934\u76ae\u3002. <strong>\u76ae\u80a4\u6e29\u548c\u4e14\u65e0\u653b\u51fb\u6027<\/strong>\u6216\u8005\uff0c\u8fd9 <strong>\u654f\u611f\u578b\u6d17\u53d1\u6c34<\/strong> \u672c\u4ea7\u54c1\u9002\u7528\u4e8e\u6240\u6709\u9700\u8981\u907f\u514d\u8fdb\u4e00\u6b65\u523a\u6fc0\u76ae\u8102\u817a\u6216\u5934\u76ae\u7684\u60c5\u51b5\u3002\u5176\u7279\u6b8a\u6210\u5206\u4f7f\u5176\u80fd\u591f\u2026\u2026 <strong>\u95ea\u4eae\u67d4\u987a\u7684\u5934\u53d1<\/strong>, donando morbidezza e volume. [&#8230;]<\/p>\n<p><a class=\"btn btn-secondary understrap-read-more-link\" href=\"https:\/\/derbe.it\/zh\/%e4%ba%a7%e5%93%81\/%e9%9d%9e%e5%b8%b8%e7%bb%86%e8%85%bb%e7%9a%84%e6%a4%b0%e5%ad%90%e7%b3%96%e6%b4%97%e5%8f%91%e6%b0%b4\/\">\u9605\u8bfb\u66f4\u591a\u2026<span class=\"screen-reader-text\"> from Shampoo zucchero e cocco cute sensibile<\/span><\/a><\/p>","protected":false},"featured_media":233,"template":"","meta":{"_acf_changed":false},"caratteristica":[116],"collezione":[],"formato":[],"funzione":[83],"utilizzo":[],"ingrediente-principale":[],"product_brand":[],"product_cat":[23],"product_tag":[],"class_list":{"0":"post-232","1":"product","2":"type-product","3":"status-publish","4":"has-post-thumbnail","6":"caratteristica-sviluppato-da-biologi-esperti","7":"funzione-capelli-normali-equilibrati","8":"product_cat-shampoo","10":"first","11":"instock","12":"purchasable","13":"product-type-simple"},"acf":[],"yoast_head":"<!-- This site is optimized with the Yoast SEO Premium plugin v26.1 (Yoast SEO v26.8) - https:\/\/yoast.com\/product\/yoast-seo-premium-wordpress\/ -->\n<title>Shampoo zucchero e cocco cute sensibile - Derbe - cosmetici naturali<\/title>\n<meta name=\"description\" content=\"Indicato per detergere il cuoio capelluto pi\u00f9 sensibile e delicato. Eudermico e non aggressivo, questo shampoo sensibile \u00e8 adatto in tutti i casi nei quali \u00e8 importante non stimolare ulteriormente le ghiandole sebacee o il cuoio capelluto. La speciale composizione di questo prodotto rende i capelli lucidi e splendenti, donando morbidezza e volume.\" \/>\n<meta name=\"robots\" content=\"index, follow, max-snippet:-1, max-image-preview:large, max-video-preview:-1\" \/>\n<link rel=\"canonical\" href=\"https:\/\/derbe.it\/zh\/\u4ea7\u54c1\/\u975e\u5e38\u7ec6\u817b\u7684\u6930\u5b50\u7cd6\u6d17\u53d1\u6c34\/\" \/>\n<meta property=\"og:locale\" content=\"zh_CN\" \/>\n<meta property=\"og:type\" content=\"article\" \/>\n<meta property=\"og:title\" content=\"Shampoo zucchero e cocco cute sensibile\" \/>\n<meta property=\"og:description\" content=\"Indicato per detergere il cuoio capelluto pi\u00f9 sensibile e delicato. Eudermico e non aggressivo, questo shampoo sensibile \u00e8 adatto in tutti i casi nei quali \u00e8 importante non stimolare ulteriormente le ghiandole sebacee o il cuoio capelluto. La speciale composizione di questo prodotto rende i capelli lucidi e splendenti, donando morbidezza e volume.\" \/>\n<meta property=\"og:url\" content=\"https:\/\/derbe.it\/zh\/\u4ea7\u54c1\/\u975e\u5e38\u7ec6\u817b\u7684\u6930\u5b50\u7cd6\u6d17\u53d1\u6c34\/\" \/>\n<meta property=\"og:site_name\" content=\"Derbe - cosmetici naturali\" \/>\n<meta property=\"article:publisher\" content=\"https:\/\/www.facebook.com\/evoderbebio\" \/>\n<meta property=\"article:modified_time\" content=\"2026-05-06T09:56:59+00:00\" \/>\n<meta property=\"og:image\" content=\"https:\/\/derbe.it\/wp-content\/uploads\/2025\/05\/sciampo-delicatissimo-cute-sensibile-zucchero-cocco-miglio-camomilla-lavaggi-frequenti-derbe.jpg\" \/>\n\t<meta property=\"og:image:width\" content=\"1600\" \/>\n\t<meta property=\"og:image:height\" content=\"2000\" \/>\n\t<meta property=\"og:image:type\" content=\"image\/jpeg\" \/>\n<meta name=\"twitter:card\" content=\"summary_large_image\" \/>\n<meta name=\"twitter:label1\" content=\"\u9884\u8ba1\u9605\u8bfb\u65f6\u95f4\" \/>\n\t<meta name=\"twitter:data1\" content=\"2 \u5206\" \/>\n<script type=\"application\/ld+json\" class=\"yoast-schema-graph\">{\"@context\":\"https:\/\/schema.org\",\"@graph\":[{\"@type\":\"WebPage\",\"@id\":\"https:\/\/derbe.it\/prodotto\/sciampo-delicatissimo-cocco-zucchero\/\",\"url\":\"https:\/\/derbe.it\/prodotto\/sciampo-delicatissimo-cocco-zucchero\/\",\"name\":\"Shampoo zucchero e cocco cute sensibile - Derbe - cosmetici naturali\",\"isPartOf\":{\"@id\":\"https:\/\/derbe.it\/#website\"},\"primaryImageOfPage\":{\"@id\":\"https:\/\/derbe.it\/prodotto\/sciampo-delicatissimo-cocco-zucchero\/#primaryimage\"},\"image\":{\"@id\":\"https:\/\/derbe.it\/prodotto\/sciampo-delicatissimo-cocco-zucchero\/#primaryimage\"},\"thumbnailUrl\":\"https:\/\/derbe.it\/wp-content\/uploads\/2025\/05\/sciampo-delicatissimo-cute-sensibile-zucchero-cocco-miglio-camomilla-lavaggi-frequenti-derbe.jpg\",\"datePublished\":\"2018-09-26T08:13:15+00:00\",\"dateModified\":\"2026-05-06T09:56:59+00:00\",\"description\":\"Indicato per detergere il cuoio capelluto pi\u00f9 sensibile e delicato. Eudermico e non aggressivo, questo shampoo sensibile \u00e8 adatto in tutti i casi nei quali \u00e8 importante non stimolare ulteriormente le ghiandole sebacee o il cuoio capelluto. La speciale composizione di questo prodotto rende i capelli lucidi e splendenti, donando morbidezza e volume.\",\"breadcrumb\":{\"@id\":\"https:\/\/derbe.it\/prodotto\/sciampo-delicatissimo-cocco-zucchero\/#breadcrumb\"},\"inLanguage\":\"zh-Hans\",\"potentialAction\":[{\"@type\":\"ReadAction\",\"target\":[\"https:\/\/derbe.it\/prodotto\/sciampo-delicatissimo-cocco-zucchero\/\"]}]},{\"@type\":\"ImageObject\",\"inLanguage\":\"zh-Hans\",\"@id\":\"https:\/\/derbe.it\/prodotto\/sciampo-delicatissimo-cocco-zucchero\/#primaryimage\",\"url\":\"https:\/\/derbe.it\/wp-content\/uploads\/2025\/05\/sciampo-delicatissimo-cute-sensibile-zucchero-cocco-miglio-camomilla-lavaggi-frequenti-derbe.jpg\",\"contentUrl\":\"https:\/\/derbe.it\/wp-content\/uploads\/2025\/05\/sciampo-delicatissimo-cute-sensibile-zucchero-cocco-miglio-camomilla-lavaggi-frequenti-derbe.jpg\",\"width\":1600,\"height\":2000,\"caption\":\"Sciampo delicatissimo per cute sensibile e lavaggi frequenti Derbe\"},{\"@type\":\"BreadcrumbList\",\"@id\":\"https:\/\/derbe.it\/prodotto\/sciampo-delicatissimo-cocco-zucchero\/#breadcrumb\",\"itemListElement\":[{\"@type\":\"ListItem\",\"position\":1,\"name\":\"Home\",\"item\":\"https:\/\/derbe.it\/\"},{\"@type\":\"ListItem\",\"position\":2,\"name\":\"Shop\",\"item\":\"https:\/\/derbe.it\/en\/shop\/\"},{\"@type\":\"ListItem\",\"position\":3,\"name\":\"Shampoo\",\"item\":\"https:\/\/derbe.it\/categoria-prodotto\/shampoo\/\"},{\"@type\":\"ListItem\",\"position\":4,\"name\":\"Shampoo zucchero e cocco cute sensibile\"}]},{\"@type\":\"WebSite\",\"@id\":\"https:\/\/derbe.it\/#website\",\"url\":\"https:\/\/derbe.it\/\",\"name\":\"Derbe\",\"description\":\"Da oltre 50 anni - Made in italy - prodotti per capelli e corpo con estratti vegetali e formule sostenibili\",\"publisher\":{\"@id\":\"https:\/\/derbe.it\/#organization\"},\"potentialAction\":[{\"@type\":\"SearchAction\",\"target\":{\"@type\":\"EntryPoint\",\"urlTemplate\":\"https:\/\/derbe.it\/?s={search_term_string}\"},\"query-input\":{\"@type\":\"PropertyValueSpecification\",\"valueRequired\":true,\"valueName\":\"search_term_string\"}}],\"inLanguage\":\"zh-Hans\"},{\"@type\":\"Organization\",\"@id\":\"https:\/\/derbe.it\/#organization\",\"name\":\"Derbe\",\"url\":\"https:\/\/derbe.it\/\",\"logo\":{\"@type\":\"ImageObject\",\"inLanguage\":\"zh-Hans\",\"@id\":\"https:\/\/derbe.it\/#\/schema\/logo\/image\/\",\"url\":\"https:\/\/derbe.it\/wp-content\/uploads\/2025\/06\/logo_derbe_firenze.png\",\"contentUrl\":\"https:\/\/derbe.it\/wp-content\/uploads\/2025\/06\/logo_derbe_firenze.png\",\"width\":1200,\"height\":497,\"caption\":\"Derbe\"},\"image\":{\"@id\":\"https:\/\/derbe.it\/#\/schema\/logo\/image\/\"},\"sameAs\":[\"https:\/\/www.facebook.com\/evoderbebio\",\"https:\/\/www.instagram.com\/derbe.official\/\"],\"email\":\"info@derbe.it\",\"telephone\":\"+39 055 42 11 799\",\"legalName\":\"Derbe S.r.l. a socio unico\",\"vatID\":\"07272610481\"}]}<\/script>\n<!-- \/ Yoast SEO Premium plugin. -->","yoast_head_json":{"title":"\u5fb7\u8d1d (Derbe) \u5929\u7136\u5316\u5986\u54c1\u2014\u2014\u7cd6\u548c\u6930\u5b50\u654f\u611f\u808c\u6d17\u53d1\u6c34","description":"\u8fd9\u6b3e\u6d17\u53d1\u6c34\u6e29\u548c\u5475\u62a4\u654f\u611f\u5a07\u5ae9\u7684\u5934\u76ae\uff0c\u9002\u5408\u6240\u6709\u80a4\u8d28\uff0c\u5c24\u5176\u9002\u5408\u90a3\u4e9b\u9700\u8981\u907f\u514d\u523a\u6fc0\u76ae\u8102\u817a\u6216\u5934\u76ae\u7684\u4eba\u7fa4\u3002\u5176\u7279\u6b8a\u914d\u65b9\u4ee4\u79c0\u53d1\u95ea\u4eae\u52a8\u4eba\uff0c\u67d4\u8f6f\u84ec\u677e\u3002.","robots":{"index":"index","follow":"follow","max-snippet":"max-snippet:-1","max-image-preview":"max-image-preview:large","max-video-preview":"max-video-preview:-1"},"canonical":"https:\/\/derbe.it\/zh\/\u4ea7\u54c1\/\u975e\u5e38\u7ec6\u817b\u7684\u6930\u5b50\u7cd6\u6d17\u53d1\u6c34\/","og_locale":"zh_CN","og_type":"article","og_title":"Shampoo zucchero e cocco cute sensibile","og_description":"Indicato per detergere il cuoio capelluto pi\u00f9 sensibile e delicato. Eudermico e non aggressivo, questo shampoo sensibile \u00e8 adatto in tutti i casi nei quali \u00e8 importante non stimolare ulteriormente le ghiandole sebacee o il cuoio capelluto. La speciale composizione di questo prodotto rende i capelli lucidi e splendenti, donando morbidezza e volume.","og_url":"https:\/\/derbe.it\/zh\/\u4ea7\u54c1\/\u975e\u5e38\u7ec6\u817b\u7684\u6930\u5b50\u7cd6\u6d17\u53d1\u6c34\/","og_site_name":"Derbe - cosmetici naturali","article_publisher":"https:\/\/www.facebook.com\/evoderbebio","article_modified_time":"2026-05-06T09:56:59+00:00","og_image":[{"width":1600,"height":2000,"url":"https:\/\/derbe.it\/wp-content\/uploads\/2025\/05\/sciampo-delicatissimo-cute-sensibile-zucchero-cocco-miglio-camomilla-lavaggi-frequenti-derbe.jpg","type":"image\/jpeg"}],"twitter_card":"summary_large_image","twitter_misc":{"\u9884\u8ba1\u9605\u8bfb\u65f6\u95f4":"2 \u5206"},"schema":{"@context":"https:\/\/schema.org","@graph":[{"@type":"WebPage","@id":"https:\/\/derbe.it\/prodotto\/sciampo-delicatissimo-cocco-zucchero\/","url":"https:\/\/derbe.it\/prodotto\/sciampo-delicatissimo-cocco-zucchero\/","name":"\u5fb7\u8d1d (Derbe) \u5929\u7136\u5316\u5986\u54c1\u2014\u2014\u7cd6\u548c\u6930\u5b50\u654f\u611f\u808c\u6d17\u53d1\u6c34","isPartOf":{"@id":"https:\/\/derbe.it\/#website"},"primaryImageOfPage":{"@id":"https:\/\/derbe.it\/prodotto\/sciampo-delicatissimo-cocco-zucchero\/#primaryimage"},"image":{"@id":"https:\/\/derbe.it\/prodotto\/sciampo-delicatissimo-cocco-zucchero\/#primaryimage"},"thumbnailUrl":"https:\/\/derbe.it\/wp-content\/uploads\/2025\/05\/sciampo-delicatissimo-cute-sensibile-zucchero-cocco-miglio-camomilla-lavaggi-frequenti-derbe.jpg","datePublished":"2018-09-26T08:13:15+00:00","dateModified":"2026-05-06T09:56:59+00:00","description":"\u8fd9\u6b3e\u6d17\u53d1\u6c34\u6e29\u548c\u5475\u62a4\u654f\u611f\u5a07\u5ae9\u7684\u5934\u76ae\uff0c\u9002\u5408\u6240\u6709\u80a4\u8d28\uff0c\u5c24\u5176\u9002\u5408\u90a3\u4e9b\u9700\u8981\u907f\u514d\u523a\u6fc0\u76ae\u8102\u817a\u6216\u5934\u76ae\u7684\u4eba\u7fa4\u3002\u5176\u7279\u6b8a\u914d\u65b9\u4ee4\u79c0\u53d1\u95ea\u4eae\u52a8\u4eba\uff0c\u67d4\u8f6f\u84ec\u677e\u3002.","breadcrumb":{"@id":"https:\/\/derbe.it\/prodotto\/sciampo-delicatissimo-cocco-zucchero\/#breadcrumb"},"inLanguage":"zh-Hans","potentialAction":[{"@type":"ReadAction","target":["https:\/\/derbe.it\/prodotto\/sciampo-delicatissimo-cocco-zucchero\/"]}]},{"@type":"ImageObject","inLanguage":"zh-Hans","@id":"https:\/\/derbe.it\/prodotto\/sciampo-delicatissimo-cocco-zucchero\/#primaryimage","url":"https:\/\/derbe.it\/wp-content\/uploads\/2025\/05\/sciampo-delicatissimo-cute-sensibile-zucchero-cocco-miglio-camomilla-lavaggi-frequenti-derbe.jpg","contentUrl":"https:\/\/derbe.it\/wp-content\/uploads\/2025\/05\/sciampo-delicatissimo-cute-sensibile-zucchero-cocco-miglio-camomilla-lavaggi-frequenti-derbe.jpg","width":1600,"height":2000,"caption":"Sciampo delicatissimo per cute sensibile e lavaggi frequenti Derbe"},{"@type":"BreadcrumbList","@id":"https:\/\/derbe.it\/prodotto\/sciampo-delicatissimo-cocco-zucchero\/#breadcrumb","itemListElement":[{"@type":"ListItem","position":1,"name":"Home","item":"https:\/\/derbe.it\/"},{"@type":"ListItem","position":2,"name":"Shop","item":"https:\/\/derbe.it\/en\/shop\/"},{"@type":"ListItem","position":3,"name":"Shampoo","item":"https:\/\/derbe.it\/categoria-prodotto\/shampoo\/"},{"@type":"ListItem","position":4,"name":"Shampoo zucchero e cocco cute sensibile"}]},{"@type":"WebSite","@id":"https:\/\/derbe.it\/#website","url":"https:\/\/derbe.it\/","name":"\u5fb7\u5c14\u8d1d","description":"\u4e94\u5341\u591a\u5e74\u6765\u2014\u2014\u610f\u5927\u5229\u5236\u9020\u2014\u2014\u91c7\u7528\u690d\u7269\u8403\u53d6\u7269\u548c\u53ef\u6301\u7eed\u914d\u65b9\u7684\u5934\u53d1\u548c\u8eab\u4f53\u62a4\u7406\u4ea7\u54c1","publisher":{"@id":"https:\/\/derbe.it\/#organization"},"potentialAction":[{"@type":"SearchAction","target":{"@type":"EntryPoint","urlTemplate":"https:\/\/derbe.it\/?s={search_term_string}"},"query-input":{"@type":"PropertyValueSpecification","valueRequired":true,"valueName":"search_term_string"}}],"inLanguage":"zh-Hans"},{"@type":"Organization","@id":"https:\/\/derbe.it\/#organization","name":"\u5fb7\u5c14\u8d1d","url":"https:\/\/derbe.it\/","logo":{"@type":"ImageObject","inLanguage":"zh-Hans","@id":"https:\/\/derbe.it\/#\/schema\/logo\/image\/","url":"https:\/\/derbe.it\/wp-content\/uploads\/2025\/06\/logo_derbe_firenze.png","contentUrl":"https:\/\/derbe.it\/wp-content\/uploads\/2025\/06\/logo_derbe_firenze.png","width":1200,"height":497,"caption":"Derbe"},"image":{"@id":"https:\/\/derbe.it\/#\/schema\/logo\/image\/"},"sameAs":["https:\/\/www.facebook.com\/evoderbebio","https:\/\/www.instagram.com\/derbe.official\/"],"email":"info@derbe.it","telephone":"+39 055 42 11 799","legalName":"Derbe S.r.l. a socio unico","vatID":"07272610481"}]}},"_links":{"self":[{"href":"https:\/\/derbe.it\/zh\/wp-json\/wp\/v2\/product\/232","targetHints":{"allow":["GET"]}}],"collection":[{"href":"https:\/\/derbe.it\/zh\/wp-json\/wp\/v2\/product"}],"about":[{"href":"https:\/\/derbe.it\/zh\/wp-json\/wp\/v2\/types\/product"}],"wp:featuredmedia":[{"embeddable":true,"href":"https:\/\/derbe.it\/zh\/wp-json\/wp\/v2\/media\/233"}],"wp:attachment":[{"href":"https:\/\/derbe.it\/zh\/wp-json\/wp\/v2\/media?parent=232"}],"wp:term":[{"taxonomy":"caratteristica","embeddable":true,"href":"https:\/\/derbe.it\/zh\/wp-json\/wp\/v2\/caratteristica?post=232"},{"taxonomy":"collezione","embeddable":true,"href":"https:\/\/derbe.it\/zh\/wp-json\/wp\/v2\/collezione?post=232"},{"taxonomy":"formato","embeddable":true,"href":"https:\/\/derbe.it\/zh\/wp-json\/wp\/v2\/formato?post=232"},{"taxonomy":"funzione","embeddable":true,"href":"https:\/\/derbe.it\/zh\/wp-json\/wp\/v2\/funzione?post=232"},{"taxonomy":"utilizzo","embeddable":true,"href":"https:\/\/derbe.it\/zh\/wp-json\/wp\/v2\/utilizzo?post=232"},{"taxonomy":"ingrediente-principale","embeddable":true,"href":"https:\/\/derbe.it\/zh\/wp-json\/wp\/v2\/ingrediente-principale?post=232"},{"taxonomy":"product_brand","embeddable":true,"href":"https:\/\/derbe.it\/zh\/wp-json\/wp\/v2\/product_brand?post=232"},{"taxonomy":"product_cat","embeddable":true,"href":"https:\/\/derbe.it\/zh\/wp-json\/wp\/v2\/product_cat?post=232"},{"taxonomy":"product_tag","embeddable":true,"href":"https:\/\/derbe.it\/zh\/wp-json\/wp\/v2\/product_tag?post=232"}],"curies":[{"name":"wp","href":"https:\/\/api.w.org\/{rel}","templated":true}]}}