{"id":244,"date":"2018-09-26T10:13:18","date_gmt":"2018-09-26T08:13:18","guid":{"rendered":"https:\/\/derbe.it\/prodotto\/sciampo-delicatissimo-cocco-zucchero-3\/"},"modified":"2026-05-06T11:59:17","modified_gmt":"2026-05-06T09:59:17","slug":"%e9%9d%9e%e5%b8%b8%e7%bb%86%e8%85%bb%e6%a4%b0%e5%ad%90%e7%b3%96%e6%b4%97%e5%8f%91%e9%9c%b23","status":"publish","type":"product","link":"https:\/\/derbe.it\/zh\/%e4%ba%a7%e5%93%81\/%e9%9d%9e%e5%b8%b8%e7%bb%86%e8%85%bb%e6%a4%b0%e5%ad%90%e7%b3%96%e6%b4%97%e5%8f%91%e9%9c%b23\/","title":{"rendered":"\u7cd6\u548c\u6930\u5b50\u6d17\u53d1\u6c34\uff0c\u4e13\u4e3a\u53d7\u635f\u53d1\u8d28\u8bbe\u8ba1"},"content":{"rendered":"<p>\u9633\u5149\u3001\u6c2f\u3001\u76d0\u6c34\u3001\u523a\u6fc0\u6027\u7684\u7f8e\u5bb9\u62a4\u7406\u3001\u538b\u529b\u548c\u6c61\u67d3\u662f\u5bfc\u81f4\u5934\u53d1\u8106\u5f31\u7684\u4e3b\u8981\u539f\u56e0\u3002\u5934\u53d1\u6700\u5916\u5c42\uff08\u89d2\u8d28\u5c42\uff09\u7684\u78e8\u635f\uff0c\u4f7f\u5f97\u4e00\u4e9b\u53ef\u80fd\u5371\u5bb3\u5934\u53d1\u7ea4\u7ef4\u5065\u5eb7\u7684\u7269\u8d28\u5f97\u4ee5\u6e17\u900f\u3002<\/p>\n<p>\u8d77\u521d\uff0c\u635f\u4f24\u5e76\u4e0d\u660e\u663e\uff0c\u4f46\u968f\u7740\u65f6\u95f4\u7684\u63a8\u79fb\uff0c\u53d1\u5e72\u4f1a\u5931\u53bb\u5b8c\u6574\u6027\u3002\u5934\u53d1\u4e0d\u518d\u4fdd\u6301\u5f62\u72b6\uff0c\u53d8\u5f97\u6697\u6de1\u3001\u7f3a\u4e4f\u84ec\u677e\u5ea6\uff0c\u5e76\u4e14\u7ecf\u5e38\u9000\u5316\uff0c\u5f62\u6210\u5206\u53c9\u3002 <strong>\u4e3a\u4e86\u6062\u590d\u53d7\u635f\u5934\u53d1\u7684\u6b63\u786e\u8425\u517b\u4f9b\u5e94\uff0c\u9700\u8981\u5177\u6709\u586b\u8865\u76ae\u8d28\u7ea4\u7ef4\u4e4b\u95f4\u7a7a\u9699\u548c\u91cd\u65b0\u589e\u5f3a\u5934\u53d1\u7ea4\u7ef4\u5185\u90e8\u7ed3\u6784\u529f\u80fd\u7684\u4ea7\u54c1\u3002<\/strong>.<\/p>\n<p><strong>\u8fd9\u6b3e\u7cd6\u6930\u5b50\u6d17\u53d1\u6c34\u4e13\u4e3a\u53d7\u635f\u53d1\u8d28\u8bbe\u8ba1\uff0c\u5728\u6e05\u6d01\u5934\u53d1\u7684\u540c\u65f6\uff0c\u80fd\u591f\u5145\u5206\u4fdd\u62a4\u89d2\u86cb\u767d\u7ed3\u6784\u3002<\/strong>\uff0c\u5e2e\u52a9\u94c1\u7ebf\u8568\u63d0\u53d6\u7269\u6ecb\u517b\u6700\u5916\u5c42\uff0c\u540c\u65f6\u4eba\u53c2\u63d0\u53d6\u7269\u523a\u6fc0\u6bdb\u7ec6\u8840\u7ba1\u5f20\u529b\u3002<\/p>\n<ul>\n<li><strong>\u4eba\u53c2\u63d0\u53d6\u7269<\/strong>\u4e3a\u5934\u53d1\u548c\u5934\u76ae\u63d0\u4f9b\u5fc5\u9700\u7684\u8425\u517b\uff0c\u5e2e\u52a9\u4fdd\u6301\u5934\u53d1\u6c34\u6da6\u3001\u67d4\u8f6f\u548c\u4eae\u6cfd\u3002\u5b83\u6709\u52a9\u4e8e\u5bf9\u6297\u81ea\u7531\u57fa\uff0c\u81ea\u7531\u57fa\u4f1a\u5bfc\u81f4\u5934\u53d1\u8fc7\u65e9\u8001\u5316\uff0c\u4f7f\u5934\u53d1\u4fdd\u6301\u5e74\u8f7b\u6d3b\u529b\u3002<\/li>\n<li><strong>\u94c1\u7ebf\u8568\u63d0\u53d6\u7269<\/strong>\u5b83\u5177\u6709\u5f3a\u97e7\u53d1\u4e1d\u7684\u529f\u6548\uff0c\u6709\u52a9\u4e8e\u4fc3\u8fdb\u5934\u53d1\u751f\u957f\u3002\u5176\u6d3b\u6027\u6210\u5206\u80fd\u4fc3\u8fdb\u6bdb\u56ca\u5065\u5eb7\uff0c\u4f7f\u5934\u53d1\u66f4\u5f3a\u97e7\u3001\u66f4\u6709\u6d3b\u529b\u3002<\/li>\n<\/ul>","protected":false},"excerpt":{"rendered":"<p>\u8fd9\u6b3e\u6d17\u53d1\u6c34\u5177\u6709\u6e05\u6d01\u529f\u6548\uff0c <strong>\u5c0a\u91cd\u89d2\u86cb\u767d\u7ed3\u6784<\/strong>, \u6709\u52a9\u4e8e\u6ecb\u517b\u6700\u5916\u5c42\u5e76\u523a\u6fc0 <strong>\u6bdb\u7ec6\u8840\u7ba1\u5f20\u529b<\/strong>. \u8fd9\u79cd\u529f\u80fd\u6027\u7269\u8d28\u7684\u7ec4\u5408\u80fd\u591f\u901a\u8fc7\u9002\u5f53\u4e14\u6210\u6bd4\u4f8b\u5730\u5206\u5e03\u5728\u5934\u53d1\u6700\u9700\u8981\u4fee\u590d\u7684\u533a\u57df\uff0c\u4ece\u800c\u4fee\u590d\u5934\u53d1\u7684\u5fae\u88c2\u7eb9\u3002\u5bcc\u542b\u2026\u2026 <strong>\u7ef4\u751f\u7d20B12<\/strong> \u548c <strong>\u94c1\u7ebf\u8568\u63d0\u53d6\u7269<\/strong> \u548c <strong>\u53c2<\/strong> [\u2026]<\/p>\n<p><a class=\"btn btn-secondary understrap-read-more-link\" href=\"https:\/\/derbe.it\/zh\/%e4%ba%a7%e5%93%81\/%e9%9d%9e%e5%b8%b8%e7%bb%86%e8%85%bb%e6%a4%b0%e5%ad%90%e7%b3%96%e6%b4%97%e5%8f%91%e9%9c%b23\/\">\u9605\u8bfb\u66f4\u591a\u2026<span class=\"screen-reader-text\"> from Shampoo Zucchero E Cocco Capelli Sfibrati<\/span><\/a><\/p>","protected":false},"featured_media":245,"template":"","meta":{"_acf_changed":false},"caratteristica":[116],"collezione":[],"formato":[],"funzione":[86,85],"utilizzo":[],"ingrediente-principale":[],"product_brand":[],"product_cat":[23],"product_tag":[],"class_list":{"0":"post-244","1":"product","2":"type-product","3":"status-publish","4":"has-post-thumbnail","6":"caratteristica-sviluppato-da-biologi-esperti","7":"funzione-capellli-danneggiati","8":"funzione-capelli-secchi-disidratati","9":"product_cat-shampoo","11":"first","12":"instock","13":"purchasable","14":"product-type-simple"},"acf":[],"yoast_head":"<!-- This site is optimized with the Yoast SEO Premium plugin v26.1 (Yoast SEO v26.8) - https:\/\/yoast.com\/product\/yoast-seo-premium-wordpress\/ -->\n<title>Shampoo Zucchero E Cocco Capelli Sfibrati - Derbe - cosmetici naturali<\/title>\n<meta name=\"description\" content=\"Questo shampoo svolge un\u2019azione detergente che rispetta la struttura cheratinica, contribuendo a nutrire gli strati pi\u00f9 esterni e stimolando la tonicit\u00e0 capillare. Questa combinazione di sostanze funzionali ha la capacit\u00e0 di ristrutturare le microfessure del capello andando a distribuirsi in maniera adeguata e proporzionale nelle zone del capello che hanno maggiore necessit\u00e0 di essere risanate. Arricchito con vitamina B12 ed estratto di capelvenere e Ginseng\" \/>\n<meta name=\"robots\" content=\"index, follow, max-snippet:-1, max-image-preview:large, max-video-preview:-1\" \/>\n<link rel=\"canonical\" href=\"https:\/\/derbe.it\/zh\/\u4ea7\u54c1\/\u975e\u5e38\u7ec6\u817b\u6930\u5b50\u7cd6\u6d17\u53d1\u97323\/\" \/>\n<meta property=\"og:locale\" content=\"zh_CN\" \/>\n<meta property=\"og:type\" content=\"article\" \/>\n<meta property=\"og:title\" content=\"Shampoo Zucchero E Cocco Capelli Sfibrati\" \/>\n<meta property=\"og:description\" content=\"Questo shampoo svolge un\u2019azione detergente che rispetta la struttura cheratinica, contribuendo a nutrire gli strati pi\u00f9 esterni e stimolando la tonicit\u00e0 capillare. Questa combinazione di sostanze funzionali ha la capacit\u00e0 di ristrutturare le microfessure del capello andando a distribuirsi in maniera adeguata e proporzionale nelle zone del capello che hanno maggiore necessit\u00e0 di essere risanate. Arricchito con vitamina B12 ed estratto di capelvenere e Ginseng\" \/>\n<meta property=\"og:url\" content=\"https:\/\/derbe.it\/zh\/\u4ea7\u54c1\/\u975e\u5e38\u7ec6\u817b\u6930\u5b50\u7cd6\u6d17\u53d1\u97323\/\" \/>\n<meta property=\"og:site_name\" content=\"Derbe - cosmetici naturali\" \/>\n<meta property=\"article:publisher\" content=\"https:\/\/www.facebook.com\/evoderbebio\" \/>\n<meta property=\"article:modified_time\" content=\"2026-05-06T09:59:17+00:00\" \/>\n<meta property=\"og:image\" content=\"https:\/\/derbe.it\/wp-content\/uploads\/2025\/05\/sciampo-delicatissimo-capelli-sfibrati-zucchero-cocco-ginseng-capalvenere-derbe.jpg\" \/>\n\t<meta property=\"og:image:width\" content=\"1600\" \/>\n\t<meta property=\"og:image:height\" content=\"2000\" \/>\n\t<meta property=\"og:image:type\" content=\"image\/jpeg\" \/>\n<meta name=\"twitter:card\" content=\"summary_large_image\" \/>\n<meta name=\"twitter:label1\" content=\"\u9884\u8ba1\u9605\u8bfb\u65f6\u95f4\" \/>\n\t<meta name=\"twitter:data1\" content=\"3 \u5206\" \/>\n<script type=\"application\/ld+json\" class=\"yoast-schema-graph\">{\"@context\":\"https:\/\/schema.org\",\"@graph\":[{\"@type\":\"WebPage\",\"@id\":\"https:\/\/derbe.it\/prodotto\/sciampo-delicatissimo-cocco-zucchero-3\/\",\"url\":\"https:\/\/derbe.it\/prodotto\/sciampo-delicatissimo-cocco-zucchero-3\/\",\"name\":\"Shampoo Zucchero E Cocco Capelli Sfibrati - Derbe - cosmetici naturali\",\"isPartOf\":{\"@id\":\"https:\/\/derbe.it\/#website\"},\"primaryImageOfPage\":{\"@id\":\"https:\/\/derbe.it\/prodotto\/sciampo-delicatissimo-cocco-zucchero-3\/#primaryimage\"},\"image\":{\"@id\":\"https:\/\/derbe.it\/prodotto\/sciampo-delicatissimo-cocco-zucchero-3\/#primaryimage\"},\"thumbnailUrl\":\"https:\/\/derbe.it\/wp-content\/uploads\/2025\/05\/sciampo-delicatissimo-capelli-sfibrati-zucchero-cocco-ginseng-capalvenere-derbe.jpg\",\"datePublished\":\"2018-09-26T08:13:18+00:00\",\"dateModified\":\"2026-05-06T09:59:17+00:00\",\"description\":\"Questo shampoo svolge un\u2019azione detergente che rispetta la struttura cheratinica, contribuendo a nutrire gli strati pi\u00f9 esterni e stimolando la tonicit\u00e0 capillare. Questa combinazione di sostanze funzionali ha la capacit\u00e0 di ristrutturare le microfessure del capello andando a distribuirsi in maniera adeguata e proporzionale nelle zone del capello che hanno maggiore necessit\u00e0 di essere risanate. Arricchito con vitamina B12 ed estratto di capelvenere e Ginseng\",\"breadcrumb\":{\"@id\":\"https:\/\/derbe.it\/prodotto\/sciampo-delicatissimo-cocco-zucchero-3\/#breadcrumb\"},\"inLanguage\":\"zh-Hans\",\"potentialAction\":[{\"@type\":\"ReadAction\",\"target\":[\"https:\/\/derbe.it\/prodotto\/sciampo-delicatissimo-cocco-zucchero-3\/\"]}]},{\"@type\":\"ImageObject\",\"inLanguage\":\"zh-Hans\",\"@id\":\"https:\/\/derbe.it\/prodotto\/sciampo-delicatissimo-cocco-zucchero-3\/#primaryimage\",\"url\":\"https:\/\/derbe.it\/wp-content\/uploads\/2025\/05\/sciampo-delicatissimo-capelli-sfibrati-zucchero-cocco-ginseng-capalvenere-derbe.jpg\",\"contentUrl\":\"https:\/\/derbe.it\/wp-content\/uploads\/2025\/05\/sciampo-delicatissimo-capelli-sfibrati-zucchero-cocco-ginseng-capalvenere-derbe.jpg\",\"width\":1600,\"height\":2000},{\"@type\":\"BreadcrumbList\",\"@id\":\"https:\/\/derbe.it\/prodotto\/sciampo-delicatissimo-cocco-zucchero-3\/#breadcrumb\",\"itemListElement\":[{\"@type\":\"ListItem\",\"position\":1,\"name\":\"Home\",\"item\":\"https:\/\/derbe.it\/\"},{\"@type\":\"ListItem\",\"position\":2,\"name\":\"Shop\",\"item\":\"https:\/\/derbe.it\/en\/shop\/\"},{\"@type\":\"ListItem\",\"position\":3,\"name\":\"Shampoo\",\"item\":\"https:\/\/derbe.it\/categoria-prodotto\/shampoo\/\"},{\"@type\":\"ListItem\",\"position\":4,\"name\":\"Shampoo Zucchero E Cocco Capelli Sfibrati\"}]},{\"@type\":\"WebSite\",\"@id\":\"https:\/\/derbe.it\/#website\",\"url\":\"https:\/\/derbe.it\/\",\"name\":\"Derbe\",\"description\":\"Da oltre 50 anni - Made in italy - prodotti per capelli e corpo con estratti vegetali e formule sostenibili\",\"publisher\":{\"@id\":\"https:\/\/derbe.it\/#organization\"},\"potentialAction\":[{\"@type\":\"SearchAction\",\"target\":{\"@type\":\"EntryPoint\",\"urlTemplate\":\"https:\/\/derbe.it\/?s={search_term_string}\"},\"query-input\":{\"@type\":\"PropertyValueSpecification\",\"valueRequired\":true,\"valueName\":\"search_term_string\"}}],\"inLanguage\":\"zh-Hans\"},{\"@type\":\"Organization\",\"@id\":\"https:\/\/derbe.it\/#organization\",\"name\":\"Derbe\",\"url\":\"https:\/\/derbe.it\/\",\"logo\":{\"@type\":\"ImageObject\",\"inLanguage\":\"zh-Hans\",\"@id\":\"https:\/\/derbe.it\/#\/schema\/logo\/image\/\",\"url\":\"https:\/\/derbe.it\/wp-content\/uploads\/2025\/06\/logo_derbe_firenze.png\",\"contentUrl\":\"https:\/\/derbe.it\/wp-content\/uploads\/2025\/06\/logo_derbe_firenze.png\",\"width\":1200,\"height\":497,\"caption\":\"Derbe\"},\"image\":{\"@id\":\"https:\/\/derbe.it\/#\/schema\/logo\/image\/\"},\"sameAs\":[\"https:\/\/www.facebook.com\/evoderbebio\",\"https:\/\/www.instagram.com\/derbe.official\/\"],\"email\":\"info@derbe.it\",\"telephone\":\"+39 055 42 11 799\",\"legalName\":\"Derbe S.r.l. a socio unico\",\"vatID\":\"07272610481\"}]}<\/script>\n<!-- \/ Yoast SEO Premium plugin. -->","yoast_head_json":{"title":"\u7cd6\u548c\u6930\u5b50\u6d17\u53d1\u6c34\uff0c\u4e13\u4e3a\u53d7\u635f\u53d1\u8d28\u8bbe\u8ba1 - Derbe - \u5929\u7136\u5316\u5986\u54c1","description":"\u8fd9\u6b3e\u6d17\u53d1\u6c34\u5728\u6e05\u6d01\u7684\u540c\u65f6\uff0c\u5475\u62a4\u5934\u53d1\u7684\u89d2\u86cb\u767d\u7ed3\u6784\uff0c\u5e2e\u52a9\u6ecb\u517b\u5916\u5c42\u53d1\u4e1d\uff0c\u5e76\u63d0\u4eae\u53d1\u8272\u3002\u5176\u6d3b\u6027\u6210\u5206\u7ec4\u5408\u80fd\u591f\u4fee\u590d\u5934\u53d1\u7684\u5fae\u88c2\u7eb9\uff0c\u5e76\u6839\u636e\u5934\u53d1\u6700\u9700\u8981\u4fee\u590d\u7684\u90e8\u4f4d\u8fdb\u884c\u9002\u5f53\u4e14\u5747\u8861\u7684\u5206\u914d\u3002\u5bcc\u542b\u7ef4\u751f\u7d20B12\u3001\u94c1\u7ebf\u8568\u63d0\u53d6\u7269\u548c\u4eba\u53c2\u3002","robots":{"index":"index","follow":"follow","max-snippet":"max-snippet:-1","max-image-preview":"max-image-preview:large","max-video-preview":"max-video-preview:-1"},"canonical":"https:\/\/derbe.it\/zh\/\u4ea7\u54c1\/\u975e\u5e38\u7ec6\u817b\u6930\u5b50\u7cd6\u6d17\u53d1\u97323\/","og_locale":"zh_CN","og_type":"article","og_title":"Shampoo Zucchero E Cocco Capelli Sfibrati","og_description":"Questo shampoo svolge un\u2019azione detergente che rispetta la struttura cheratinica, contribuendo a nutrire gli strati pi\u00f9 esterni e stimolando la tonicit\u00e0 capillare. Questa combinazione di sostanze funzionali ha la capacit\u00e0 di ristrutturare le microfessure del capello andando a distribuirsi in maniera adeguata e proporzionale nelle zone del capello che hanno maggiore necessit\u00e0 di essere risanate. Arricchito con vitamina B12 ed estratto di capelvenere e Ginseng","og_url":"https:\/\/derbe.it\/zh\/\u4ea7\u54c1\/\u975e\u5e38\u7ec6\u817b\u6930\u5b50\u7cd6\u6d17\u53d1\u97323\/","og_site_name":"Derbe - cosmetici naturali","article_publisher":"https:\/\/www.facebook.com\/evoderbebio","article_modified_time":"2026-05-06T09:59:17+00:00","og_image":[{"width":1600,"height":2000,"url":"https:\/\/derbe.it\/wp-content\/uploads\/2025\/05\/sciampo-delicatissimo-capelli-sfibrati-zucchero-cocco-ginseng-capalvenere-derbe.jpg","type":"image\/jpeg"}],"twitter_card":"summary_large_image","twitter_misc":{"\u9884\u8ba1\u9605\u8bfb\u65f6\u95f4":"3 \u5206"},"schema":{"@context":"https:\/\/schema.org","@graph":[{"@type":"WebPage","@id":"https:\/\/derbe.it\/prodotto\/sciampo-delicatissimo-cocco-zucchero-3\/","url":"https:\/\/derbe.it\/prodotto\/sciampo-delicatissimo-cocco-zucchero-3\/","name":"\u7cd6\u548c\u6930\u5b50\u6d17\u53d1\u6c34\uff0c\u4e13\u4e3a\u53d7\u635f\u53d1\u8d28\u8bbe\u8ba1 - Derbe - \u5929\u7136\u5316\u5986\u54c1","isPartOf":{"@id":"https:\/\/derbe.it\/#website"},"primaryImageOfPage":{"@id":"https:\/\/derbe.it\/prodotto\/sciampo-delicatissimo-cocco-zucchero-3\/#primaryimage"},"image":{"@id":"https:\/\/derbe.it\/prodotto\/sciampo-delicatissimo-cocco-zucchero-3\/#primaryimage"},"thumbnailUrl":"https:\/\/derbe.it\/wp-content\/uploads\/2025\/05\/sciampo-delicatissimo-capelli-sfibrati-zucchero-cocco-ginseng-capalvenere-derbe.jpg","datePublished":"2018-09-26T08:13:18+00:00","dateModified":"2026-05-06T09:59:17+00:00","description":"\u8fd9\u6b3e\u6d17\u53d1\u6c34\u5728\u6e05\u6d01\u7684\u540c\u65f6\uff0c\u5475\u62a4\u5934\u53d1\u7684\u89d2\u86cb\u767d\u7ed3\u6784\uff0c\u5e2e\u52a9\u6ecb\u517b\u5916\u5c42\u53d1\u4e1d\uff0c\u5e76\u63d0\u4eae\u53d1\u8272\u3002\u5176\u6d3b\u6027\u6210\u5206\u7ec4\u5408\u80fd\u591f\u4fee\u590d\u5934\u53d1\u7684\u5fae\u88c2\u7eb9\uff0c\u5e76\u6839\u636e\u5934\u53d1\u6700\u9700\u8981\u4fee\u590d\u7684\u90e8\u4f4d\u8fdb\u884c\u9002\u5f53\u4e14\u5747\u8861\u7684\u5206\u914d\u3002\u5bcc\u542b\u7ef4\u751f\u7d20B12\u3001\u94c1\u7ebf\u8568\u63d0\u53d6\u7269\u548c\u4eba\u53c2\u3002","breadcrumb":{"@id":"https:\/\/derbe.it\/prodotto\/sciampo-delicatissimo-cocco-zucchero-3\/#breadcrumb"},"inLanguage":"zh-Hans","potentialAction":[{"@type":"ReadAction","target":["https:\/\/derbe.it\/prodotto\/sciampo-delicatissimo-cocco-zucchero-3\/"]}]},{"@type":"ImageObject","inLanguage":"zh-Hans","@id":"https:\/\/derbe.it\/prodotto\/sciampo-delicatissimo-cocco-zucchero-3\/#primaryimage","url":"https:\/\/derbe.it\/wp-content\/uploads\/2025\/05\/sciampo-delicatissimo-capelli-sfibrati-zucchero-cocco-ginseng-capalvenere-derbe.jpg","contentUrl":"https:\/\/derbe.it\/wp-content\/uploads\/2025\/05\/sciampo-delicatissimo-capelli-sfibrati-zucchero-cocco-ginseng-capalvenere-derbe.jpg","width":1600,"height":2000},{"@type":"BreadcrumbList","@id":"https:\/\/derbe.it\/prodotto\/sciampo-delicatissimo-cocco-zucchero-3\/#breadcrumb","itemListElement":[{"@type":"ListItem","position":1,"name":"Home","item":"https:\/\/derbe.it\/"},{"@type":"ListItem","position":2,"name":"Shop","item":"https:\/\/derbe.it\/en\/shop\/"},{"@type":"ListItem","position":3,"name":"Shampoo","item":"https:\/\/derbe.it\/categoria-prodotto\/shampoo\/"},{"@type":"ListItem","position":4,"name":"Shampoo Zucchero E Cocco Capelli Sfibrati"}]},{"@type":"WebSite","@id":"https:\/\/derbe.it\/#website","url":"https:\/\/derbe.it\/","name":"\u5fb7\u5c14\u8d1d","description":"\u4e94\u5341\u591a\u5e74\u6765\u2014\u2014\u610f\u5927\u5229\u5236\u9020\u2014\u2014\u91c7\u7528\u690d\u7269\u8403\u53d6\u7269\u548c\u53ef\u6301\u7eed\u914d\u65b9\u7684\u5934\u53d1\u548c\u8eab\u4f53\u62a4\u7406\u4ea7\u54c1","publisher":{"@id":"https:\/\/derbe.it\/#organization"},"potentialAction":[{"@type":"SearchAction","target":{"@type":"EntryPoint","urlTemplate":"https:\/\/derbe.it\/?s={search_term_string}"},"query-input":{"@type":"PropertyValueSpecification","valueRequired":true,"valueName":"search_term_string"}}],"inLanguage":"zh-Hans"},{"@type":"Organization","@id":"https:\/\/derbe.it\/#organization","name":"\u5fb7\u5c14\u8d1d","url":"https:\/\/derbe.it\/","logo":{"@type":"ImageObject","inLanguage":"zh-Hans","@id":"https:\/\/derbe.it\/#\/schema\/logo\/image\/","url":"https:\/\/derbe.it\/wp-content\/uploads\/2025\/06\/logo_derbe_firenze.png","contentUrl":"https:\/\/derbe.it\/wp-content\/uploads\/2025\/06\/logo_derbe_firenze.png","width":1200,"height":497,"caption":"Derbe"},"image":{"@id":"https:\/\/derbe.it\/#\/schema\/logo\/image\/"},"sameAs":["https:\/\/www.facebook.com\/evoderbebio","https:\/\/www.instagram.com\/derbe.official\/"],"email":"info@derbe.it","telephone":"+39 055 42 11 799","legalName":"Derbe S.r.l. a socio unico","vatID":"07272610481"}]}},"_links":{"self":[{"href":"https:\/\/derbe.it\/zh\/wp-json\/wp\/v2\/product\/244","targetHints":{"allow":["GET"]}}],"collection":[{"href":"https:\/\/derbe.it\/zh\/wp-json\/wp\/v2\/product"}],"about":[{"href":"https:\/\/derbe.it\/zh\/wp-json\/wp\/v2\/types\/product"}],"wp:featuredmedia":[{"embeddable":true,"href":"https:\/\/derbe.it\/zh\/wp-json\/wp\/v2\/media\/245"}],"wp:attachment":[{"href":"https:\/\/derbe.it\/zh\/wp-json\/wp\/v2\/media?parent=244"}],"wp:term":[{"taxonomy":"caratteristica","embeddable":true,"href":"https:\/\/derbe.it\/zh\/wp-json\/wp\/v2\/caratteristica?post=244"},{"taxonomy":"collezione","embeddable":true,"href":"https:\/\/derbe.it\/zh\/wp-json\/wp\/v2\/collezione?post=244"},{"taxonomy":"formato","embeddable":true,"href":"https:\/\/derbe.it\/zh\/wp-json\/wp\/v2\/formato?post=244"},{"taxonomy":"funzione","embeddable":true,"href":"https:\/\/derbe.it\/zh\/wp-json\/wp\/v2\/funzione?post=244"},{"taxonomy":"utilizzo","embeddable":true,"href":"https:\/\/derbe.it\/zh\/wp-json\/wp\/v2\/utilizzo?post=244"},{"taxonomy":"ingrediente-principale","embeddable":true,"href":"https:\/\/derbe.it\/zh\/wp-json\/wp\/v2\/ingrediente-principale?post=244"},{"taxonomy":"product_brand","embeddable":true,"href":"https:\/\/derbe.it\/zh\/wp-json\/wp\/v2\/product_brand?post=244"},{"taxonomy":"product_cat","embeddable":true,"href":"https:\/\/derbe.it\/zh\/wp-json\/wp\/v2\/product_cat?post=244"},{"taxonomy":"product_tag","embeddable":true,"href":"https:\/\/derbe.it\/zh\/wp-json\/wp\/v2\/product_tag?post=244"}],"curies":[{"name":"wp","href":"https:\/\/api.w.org\/{rel}","templated":true}]}}