{"id":333,"date":"2018-09-26T10:13:08","date_gmt":"2018-09-26T08:13:08","guid":{"rendered":"https:\/\/derbe.it\/prodotto\/sciampo-setificante\/"},"modified":"2025-11-12T11:25:00","modified_gmt":"2025-11-12T10:25:00","slug":"%e4%b8%9d%e6%bb%91%e6%b4%97%e5%8f%91%e6%b0%b4","status":"publish","type":"product","link":"https:\/\/derbe.it\/zh\/%e4%ba%a7%e5%93%81\/%e4%b8%9d%e6%bb%91%e6%b4%97%e5%8f%91%e6%b0%b4\/","title":{"rendered":"\u4e1d\u6ed1\u6d17\u53d1\u6c34"},"content":{"rendered":"<p>\u8fd9\u6b3e\u4e1d\u6ed1\u6d17\u53d1\u6c34\u8574\u542b\u8475\u82b1\u7c7d\u795e\u7ecf\u9170\u80fa\u3001\u5927\u7c73\u86cb\u767d\u548c\u5c0f\u7c73\u63d0\u53d6\u7269\u7b49\u6d3b\u6027\u6210\u5206\uff0c\u80fd\u591f\u6df1\u5c42\u6e05\u6d01\u5e76\u6ecb\u6da6\u6240\u6709\u53d1\u8d28\uff0c\u5c24\u5176\u9002\u7528\u4e8e\u62a4\u7406\u8fc7\u3001\u53d7\u635f\u3001\u6f02\u767d\u3001\u5e72\u71e5\u548c\u6697\u6c89\u7684\u79c0\u53d1\uff0c\u6062\u590d\u84ec\u677e\u5ea6\u5e76\u589e\u5f3a\u4fdd\u62a4\u529b\u3002\u7ecf\u5e38\u4f7f\u7528\u8fd9\u6b3e\u6d17\u53d1\u6c34\u53ef\u4fdd\u6301\u53d1\u8272\uff0c\u589e\u6dfb\u5149\u6cfd\u3002.<\/p>","protected":false},"excerpt":{"rendered":"<p>\u4e1d\u6ed1\u6d17\u53d1\u6c34\u662f\u5176\u4e2d\u4e4b\u4e00 <strong>\u4fee\u590d\u6d17\u53d1\u6c34<\/strong> \u90a3 <strong>\u4fee\u590d\u3001\u6d3b\u5316\u5e76\u6062\u590d\u4eae\u5ea6<\/strong> \u9002\u7528\u4e8e\u8106\u5f31\u53d1\u8d28\uff0c\u4e5f\u9002\u5408\u90a3\u4e9b\u2026\u2026 <strong>\u8106\u5f31\u3001\u53d7\u635f\u3001\u5206\u53c9\u7684\u5934\u53d1<\/strong>.<br \/>\nRistruttura ogni fibra capillare dall\u2019interno, d\u00e0 nuova vita ai capelli, rendendoli di nuovo forti e robusti e ripristina la loro naturale luminosit\u00e0. Un uso regolare di questo shampoo mantiene brillante il colore dei capelli e dona loro lucentezza. [&#8230;]<\/p>\n<p><a class=\"btn btn-secondary understrap-read-more-link\" href=\"https:\/\/derbe.it\/zh\/%e4%ba%a7%e5%93%81\/%e4%b8%9d%e6%bb%91%e6%b4%97%e5%8f%91%e6%b0%b4\/\">\u9605\u8bfb\u66f4\u591a\u2026<span class=\"screen-reader-text\"> from Shampoo setificante<\/span><\/a><\/p>","protected":false},"featured_media":334,"template":"","meta":{"_acf_changed":false},"caratteristica":[116],"collezione":[],"formato":[],"funzione":[86,90],"utilizzo":[],"ingrediente-principale":[],"product_brand":[],"product_cat":[23],"product_tag":[],"class_list":{"0":"post-333","1":"product","2":"type-product","3":"status-publish","4":"has-post-thumbnail","6":"caratteristica-sviluppato-da-biologi-esperti","7":"funzione-capellli-danneggiati","8":"funzione-capelli-lisci","9":"product_cat-shampoo","11":"first","12":"instock","13":"purchasable","14":"product-type-simple"},"acf":[],"yoast_head":"<!-- This site is optimized with the Yoast SEO Premium plugin v26.1 (Yoast SEO v26.8) - https:\/\/yoast.com\/product\/yoast-seo-premium-wordpress\/ -->\n<title>Shampoo setificante - Derbe - cosmetici naturali<\/title>\n<meta name=\"description\" content=\"Lo shampoo setificante \u00e8 uno shampoo ricostituente che ripara, rivitalizza e ridona luminosit\u00e0 ai capelli indeboliti ed \u00e8 indicato per chi ha capelli fragili, danneggiati e con doppie punte. Ristruttura ogni fibra capillare dall\u2019interno, d\u00e0 nuova vita ai capelli, rendendoli di nuovo forti e robusti e ripristina la loro naturale luminosit\u00e0. Un uso regolare di questo shampoo mantiene brillante il colore dei capelli e dona loro lucentezza.\" \/>\n<meta name=\"robots\" content=\"index, follow, max-snippet:-1, max-image-preview:large, max-video-preview:-1\" \/>\n<link rel=\"canonical\" href=\"https:\/\/derbe.it\/zh\/\u4ea7\u54c1\/\u4e1d\u6ed1\u6d17\u53d1\u6c34\/\" \/>\n<meta property=\"og:locale\" content=\"zh_CN\" \/>\n<meta property=\"og:type\" content=\"article\" \/>\n<meta property=\"og:title\" content=\"Shampoo setificante\" \/>\n<meta property=\"og:description\" content=\"Lo shampoo setificante \u00e8 uno shampoo ricostituente che ripara, rivitalizza e ridona luminosit\u00e0 ai capelli indeboliti ed \u00e8 indicato per chi ha capelli fragili, danneggiati e con doppie punte. Ristruttura ogni fibra capillare dall\u2019interno, d\u00e0 nuova vita ai capelli, rendendoli di nuovo forti e robusti e ripristina la loro naturale luminosit\u00e0. Un uso regolare di questo shampoo mantiene brillante il colore dei capelli e dona loro lucentezza.\" \/>\n<meta property=\"og:url\" content=\"https:\/\/derbe.it\/zh\/\u4ea7\u54c1\/\u4e1d\u6ed1\u6d17\u53d1\u6c34\/\" \/>\n<meta property=\"og:site_name\" content=\"Derbe - cosmetici naturali\" \/>\n<meta property=\"article:publisher\" content=\"https:\/\/www.facebook.com\/evoderbebio\" \/>\n<meta property=\"article:modified_time\" content=\"2025-11-12T10:25:00+00:00\" \/>\n<meta property=\"og:image\" content=\"https:\/\/derbe.it\/wp-content\/uploads\/2025\/05\/sciampo-setificante-capelli-stressati-ceramidi-girasole-miglio-proteine-riso-derbe.jpg\" \/>\n\t<meta property=\"og:image:width\" content=\"1600\" \/>\n\t<meta property=\"og:image:height\" content=\"2000\" \/>\n\t<meta property=\"og:image:type\" content=\"image\/jpeg\" \/>\n<meta name=\"twitter:card\" content=\"summary_large_image\" \/>\n<meta name=\"twitter:label1\" content=\"\u9884\u8ba1\u9605\u8bfb\u65f6\u95f4\" \/>\n\t<meta name=\"twitter:data1\" content=\"1 \u5206\" \/>\n<script type=\"application\/ld+json\" class=\"yoast-schema-graph\">{\"@context\":\"https:\/\/schema.org\",\"@graph\":[{\"@type\":\"WebPage\",\"@id\":\"https:\/\/derbe.it\/prodotto\/sciampo-setificante\/\",\"url\":\"https:\/\/derbe.it\/prodotto\/sciampo-setificante\/\",\"name\":\"Shampoo setificante - Derbe - cosmetici naturali\",\"isPartOf\":{\"@id\":\"https:\/\/derbe.it\/#website\"},\"primaryImageOfPage\":{\"@id\":\"https:\/\/derbe.it\/prodotto\/sciampo-setificante\/#primaryimage\"},\"image\":{\"@id\":\"https:\/\/derbe.it\/prodotto\/sciampo-setificante\/#primaryimage\"},\"thumbnailUrl\":\"https:\/\/derbe.it\/wp-content\/uploads\/2025\/05\/sciampo-setificante-capelli-stressati-ceramidi-girasole-miglio-proteine-riso-derbe.jpg\",\"datePublished\":\"2018-09-26T08:13:08+00:00\",\"dateModified\":\"2025-11-12T10:25:00+00:00\",\"description\":\"Lo shampoo setificante \u00e8 uno shampoo ricostituente che ripara, rivitalizza e ridona luminosit\u00e0 ai capelli indeboliti ed \u00e8 indicato per chi ha capelli fragili, danneggiati e con doppie punte. Ristruttura ogni fibra capillare dall\u2019interno, d\u00e0 nuova vita ai capelli, rendendoli di nuovo forti e robusti e ripristina la loro naturale luminosit\u00e0. Un uso regolare di questo shampoo mantiene brillante il colore dei capelli e dona loro lucentezza.\",\"breadcrumb\":{\"@id\":\"https:\/\/derbe.it\/prodotto\/sciampo-setificante\/#breadcrumb\"},\"inLanguage\":\"zh-Hans\",\"potentialAction\":[{\"@type\":\"ReadAction\",\"target\":[\"https:\/\/derbe.it\/prodotto\/sciampo-setificante\/\"]}]},{\"@type\":\"ImageObject\",\"inLanguage\":\"zh-Hans\",\"@id\":\"https:\/\/derbe.it\/prodotto\/sciampo-setificante\/#primaryimage\",\"url\":\"https:\/\/derbe.it\/wp-content\/uploads\/2025\/05\/sciampo-setificante-capelli-stressati-ceramidi-girasole-miglio-proteine-riso-derbe.jpg\",\"contentUrl\":\"https:\/\/derbe.it\/wp-content\/uploads\/2025\/05\/sciampo-setificante-capelli-stressati-ceramidi-girasole-miglio-proteine-riso-derbe.jpg\",\"width\":1600,\"height\":2000},{\"@type\":\"BreadcrumbList\",\"@id\":\"https:\/\/derbe.it\/prodotto\/sciampo-setificante\/#breadcrumb\",\"itemListElement\":[{\"@type\":\"ListItem\",\"position\":1,\"name\":\"Home\",\"item\":\"https:\/\/derbe.it\/\"},{\"@type\":\"ListItem\",\"position\":2,\"name\":\"Shop\",\"item\":\"https:\/\/derbe.it\/en\/shop\/\"},{\"@type\":\"ListItem\",\"position\":3,\"name\":\"Shampoo\",\"item\":\"https:\/\/derbe.it\/categoria-prodotto\/shampoo\/\"},{\"@type\":\"ListItem\",\"position\":4,\"name\":\"Shampoo setificante\"}]},{\"@type\":\"WebSite\",\"@id\":\"https:\/\/derbe.it\/#website\",\"url\":\"https:\/\/derbe.it\/\",\"name\":\"Derbe\",\"description\":\"Da oltre 50 anni - Made in italy - prodotti per capelli e corpo con estratti vegetali e formule sostenibili\",\"publisher\":{\"@id\":\"https:\/\/derbe.it\/#organization\"},\"potentialAction\":[{\"@type\":\"SearchAction\",\"target\":{\"@type\":\"EntryPoint\",\"urlTemplate\":\"https:\/\/derbe.it\/?s={search_term_string}\"},\"query-input\":{\"@type\":\"PropertyValueSpecification\",\"valueRequired\":true,\"valueName\":\"search_term_string\"}}],\"inLanguage\":\"zh-Hans\"},{\"@type\":\"Organization\",\"@id\":\"https:\/\/derbe.it\/#organization\",\"name\":\"Derbe\",\"url\":\"https:\/\/derbe.it\/\",\"logo\":{\"@type\":\"ImageObject\",\"inLanguage\":\"zh-Hans\",\"@id\":\"https:\/\/derbe.it\/#\/schema\/logo\/image\/\",\"url\":\"https:\/\/derbe.it\/wp-content\/uploads\/2025\/06\/logo_derbe_firenze.png\",\"contentUrl\":\"https:\/\/derbe.it\/wp-content\/uploads\/2025\/06\/logo_derbe_firenze.png\",\"width\":1200,\"height\":497,\"caption\":\"Derbe\"},\"image\":{\"@id\":\"https:\/\/derbe.it\/#\/schema\/logo\/image\/\"},\"sameAs\":[\"https:\/\/www.facebook.com\/evoderbebio\",\"https:\/\/www.instagram.com\/derbe.official\/\"],\"email\":\"info@derbe.it\",\"telephone\":\"+39 055 42 11 799\",\"legalName\":\"Derbe S.r.l. a socio unico\",\"vatID\":\"07272610481\"}]}<\/script>\n<!-- \/ Yoast SEO Premium plugin. -->","yoast_head_json":{"title":"\u4e1d\u6ed1\u6d17\u53d1\u6c34 - Derbe - \u5929\u7136\u5316\u5986\u54c1","description":"\u4e1d\u6ed1\u6d17\u53d1\u9732\u662f\u4e00\u6b3e\u4fee\u590d\u578b\u6d17\u53d1\u9732\uff0c\u80fd\u591f\u4fee\u590d\u3001\u6ecb\u517b\u5e76\u6062\u590d\u8106\u5f31\u53d1\u8d28\u7684\u5149\u6cfd\uff0c\u5c24\u5176\u9002\u5408\u53d1\u4e1d\u8106\u5f31\u3001\u53d7\u635f\u548c\u5206\u53c9\u7684\u4eba\u7fa4\u3002\u5b83\u80fd\u4ece\u5185\u90e8\u91cd\u5851\u6bcf\u4e00\u6839\u53d1\u4e1d\uff0c\u4ee4\u79c0\u53d1\u91cd\u7115\u6d3b\u529b\uff0c\u5f3a\u97e7\u5065\u5eb7\uff0c\u6062\u590d\u81ea\u7136\u5149\u6cfd\u3002\u7ecf\u5e38\u4f7f\u7528\u8fd9\u6b3e\u6d17\u53d1\u9732\uff0c\u6709\u52a9\u4e8e\u4fdd\u6301\u53d1\u8272\uff0c\u5e76\u589e\u6dfb\u5149\u6cfd\u3002.","robots":{"index":"index","follow":"follow","max-snippet":"max-snippet:-1","max-image-preview":"max-image-preview:large","max-video-preview":"max-video-preview:-1"},"canonical":"https:\/\/derbe.it\/zh\/\u4ea7\u54c1\/\u4e1d\u6ed1\u6d17\u53d1\u6c34\/","og_locale":"zh_CN","og_type":"article","og_title":"Shampoo setificante","og_description":"Lo shampoo setificante \u00e8 uno shampoo ricostituente che ripara, rivitalizza e ridona luminosit\u00e0 ai capelli indeboliti ed \u00e8 indicato per chi ha capelli fragili, danneggiati e con doppie punte. Ristruttura ogni fibra capillare dall\u2019interno, d\u00e0 nuova vita ai capelli, rendendoli di nuovo forti e robusti e ripristina la loro naturale luminosit\u00e0. Un uso regolare di questo shampoo mantiene brillante il colore dei capelli e dona loro lucentezza.","og_url":"https:\/\/derbe.it\/zh\/\u4ea7\u54c1\/\u4e1d\u6ed1\u6d17\u53d1\u6c34\/","og_site_name":"Derbe - cosmetici naturali","article_publisher":"https:\/\/www.facebook.com\/evoderbebio","article_modified_time":"2025-11-12T10:25:00+00:00","og_image":[{"width":1600,"height":2000,"url":"https:\/\/derbe.it\/wp-content\/uploads\/2025\/05\/sciampo-setificante-capelli-stressati-ceramidi-girasole-miglio-proteine-riso-derbe.jpg","type":"image\/jpeg"}],"twitter_card":"summary_large_image","twitter_misc":{"\u9884\u8ba1\u9605\u8bfb\u65f6\u95f4":"1 \u5206"},"schema":{"@context":"https:\/\/schema.org","@graph":[{"@type":"WebPage","@id":"https:\/\/derbe.it\/prodotto\/sciampo-setificante\/","url":"https:\/\/derbe.it\/prodotto\/sciampo-setificante\/","name":"\u4e1d\u6ed1\u6d17\u53d1\u6c34 - Derbe - \u5929\u7136\u5316\u5986\u54c1","isPartOf":{"@id":"https:\/\/derbe.it\/#website"},"primaryImageOfPage":{"@id":"https:\/\/derbe.it\/prodotto\/sciampo-setificante\/#primaryimage"},"image":{"@id":"https:\/\/derbe.it\/prodotto\/sciampo-setificante\/#primaryimage"},"thumbnailUrl":"https:\/\/derbe.it\/wp-content\/uploads\/2025\/05\/sciampo-setificante-capelli-stressati-ceramidi-girasole-miglio-proteine-riso-derbe.jpg","datePublished":"2018-09-26T08:13:08+00:00","dateModified":"2025-11-12T10:25:00+00:00","description":"\u4e1d\u6ed1\u6d17\u53d1\u9732\u662f\u4e00\u6b3e\u4fee\u590d\u578b\u6d17\u53d1\u9732\uff0c\u80fd\u591f\u4fee\u590d\u3001\u6ecb\u517b\u5e76\u6062\u590d\u8106\u5f31\u53d1\u8d28\u7684\u5149\u6cfd\uff0c\u5c24\u5176\u9002\u5408\u53d1\u4e1d\u8106\u5f31\u3001\u53d7\u635f\u548c\u5206\u53c9\u7684\u4eba\u7fa4\u3002\u5b83\u80fd\u4ece\u5185\u90e8\u91cd\u5851\u6bcf\u4e00\u6839\u53d1\u4e1d\uff0c\u4ee4\u79c0\u53d1\u91cd\u7115\u6d3b\u529b\uff0c\u5f3a\u97e7\u5065\u5eb7\uff0c\u6062\u590d\u81ea\u7136\u5149\u6cfd\u3002\u7ecf\u5e38\u4f7f\u7528\u8fd9\u6b3e\u6d17\u53d1\u9732\uff0c\u6709\u52a9\u4e8e\u4fdd\u6301\u53d1\u8272\uff0c\u5e76\u589e\u6dfb\u5149\u6cfd\u3002.","breadcrumb":{"@id":"https:\/\/derbe.it\/prodotto\/sciampo-setificante\/#breadcrumb"},"inLanguage":"zh-Hans","potentialAction":[{"@type":"ReadAction","target":["https:\/\/derbe.it\/prodotto\/sciampo-setificante\/"]}]},{"@type":"ImageObject","inLanguage":"zh-Hans","@id":"https:\/\/derbe.it\/prodotto\/sciampo-setificante\/#primaryimage","url":"https:\/\/derbe.it\/wp-content\/uploads\/2025\/05\/sciampo-setificante-capelli-stressati-ceramidi-girasole-miglio-proteine-riso-derbe.jpg","contentUrl":"https:\/\/derbe.it\/wp-content\/uploads\/2025\/05\/sciampo-setificante-capelli-stressati-ceramidi-girasole-miglio-proteine-riso-derbe.jpg","width":1600,"height":2000},{"@type":"BreadcrumbList","@id":"https:\/\/derbe.it\/prodotto\/sciampo-setificante\/#breadcrumb","itemListElement":[{"@type":"ListItem","position":1,"name":"Home","item":"https:\/\/derbe.it\/"},{"@type":"ListItem","position":2,"name":"Shop","item":"https:\/\/derbe.it\/en\/shop\/"},{"@type":"ListItem","position":3,"name":"Shampoo","item":"https:\/\/derbe.it\/categoria-prodotto\/shampoo\/"},{"@type":"ListItem","position":4,"name":"Shampoo setificante"}]},{"@type":"WebSite","@id":"https:\/\/derbe.it\/#website","url":"https:\/\/derbe.it\/","name":"\u5fb7\u5c14\u8d1d","description":"\u4e94\u5341\u591a\u5e74\u6765\u2014\u2014\u610f\u5927\u5229\u5236\u9020\u2014\u2014\u91c7\u7528\u690d\u7269\u8403\u53d6\u7269\u548c\u53ef\u6301\u7eed\u914d\u65b9\u7684\u5934\u53d1\u548c\u8eab\u4f53\u62a4\u7406\u4ea7\u54c1","publisher":{"@id":"https:\/\/derbe.it\/#organization"},"potentialAction":[{"@type":"SearchAction","target":{"@type":"EntryPoint","urlTemplate":"https:\/\/derbe.it\/?s={search_term_string}"},"query-input":{"@type":"PropertyValueSpecification","valueRequired":true,"valueName":"search_term_string"}}],"inLanguage":"zh-Hans"},{"@type":"Organization","@id":"https:\/\/derbe.it\/#organization","name":"\u5fb7\u5c14\u8d1d","url":"https:\/\/derbe.it\/","logo":{"@type":"ImageObject","inLanguage":"zh-Hans","@id":"https:\/\/derbe.it\/#\/schema\/logo\/image\/","url":"https:\/\/derbe.it\/wp-content\/uploads\/2025\/06\/logo_derbe_firenze.png","contentUrl":"https:\/\/derbe.it\/wp-content\/uploads\/2025\/06\/logo_derbe_firenze.png","width":1200,"height":497,"caption":"Derbe"},"image":{"@id":"https:\/\/derbe.it\/#\/schema\/logo\/image\/"},"sameAs":["https:\/\/www.facebook.com\/evoderbebio","https:\/\/www.instagram.com\/derbe.official\/"],"email":"info@derbe.it","telephone":"+39 055 42 11 799","legalName":"Derbe S.r.l. a socio unico","vatID":"07272610481"}]}},"_links":{"self":[{"href":"https:\/\/derbe.it\/zh\/wp-json\/wp\/v2\/product\/333","targetHints":{"allow":["GET"]}}],"collection":[{"href":"https:\/\/derbe.it\/zh\/wp-json\/wp\/v2\/product"}],"about":[{"href":"https:\/\/derbe.it\/zh\/wp-json\/wp\/v2\/types\/product"}],"wp:featuredmedia":[{"embeddable":true,"href":"https:\/\/derbe.it\/zh\/wp-json\/wp\/v2\/media\/334"}],"wp:attachment":[{"href":"https:\/\/derbe.it\/zh\/wp-json\/wp\/v2\/media?parent=333"}],"wp:term":[{"taxonomy":"caratteristica","embeddable":true,"href":"https:\/\/derbe.it\/zh\/wp-json\/wp\/v2\/caratteristica?post=333"},{"taxonomy":"collezione","embeddable":true,"href":"https:\/\/derbe.it\/zh\/wp-json\/wp\/v2\/collezione?post=333"},{"taxonomy":"formato","embeddable":true,"href":"https:\/\/derbe.it\/zh\/wp-json\/wp\/v2\/formato?post=333"},{"taxonomy":"funzione","embeddable":true,"href":"https:\/\/derbe.it\/zh\/wp-json\/wp\/v2\/funzione?post=333"},{"taxonomy":"utilizzo","embeddable":true,"href":"https:\/\/derbe.it\/zh\/wp-json\/wp\/v2\/utilizzo?post=333"},{"taxonomy":"ingrediente-principale","embeddable":true,"href":"https:\/\/derbe.it\/zh\/wp-json\/wp\/v2\/ingrediente-principale?post=333"},{"taxonomy":"product_brand","embeddable":true,"href":"https:\/\/derbe.it\/zh\/wp-json\/wp\/v2\/product_brand?post=333"},{"taxonomy":"product_cat","embeddable":true,"href":"https:\/\/derbe.it\/zh\/wp-json\/wp\/v2\/product_cat?post=333"},{"taxonomy":"product_tag","embeddable":true,"href":"https:\/\/derbe.it\/zh\/wp-json\/wp\/v2\/product_tag?post=333"}],"curies":[{"name":"wp","href":"https:\/\/api.w.org\/{rel}","templated":true}]}}