{"id":906,"date":"2024-09-19T14:39:14","date_gmt":"2024-09-19T12:39:14","guid":{"rendered":"https:\/\/derbe.it\/prodotto\/balsamo-idratante\/"},"modified":"2025-09-11T13:01:02","modified_gmt":"2025-09-11T11:01:02","slug":"%e4%bf%9d%e6%b9%bf%e8%86%8f","status":"publish","type":"product","link":"https:\/\/derbe.it\/zh\/%e4%ba%a7%e5%93%81\/%e4%bf%9d%e6%b9%bf%e8%86%8f\/","title":{"rendered":"\u4fdd\u6e7f\u62a4\u53d1\u7d20"},"content":{"rendered":"<p>\u5bcc\u542b\u73cd\u8d35\u690d\u7269\u7eaf\u9732\u7684\u6709\u673a\u62a4\u53d1\u7d20\uff0c\u5177\u6709\u4e30\u5bcc\u7684\u62a4\u80a4\u529f\u6548\u3002\u5f97\u76ca\u4e8e\u72ec\u7279\u7684\u6d3b\u6027\u6210\u5206\u914d\u65b9\uff0c\u672c\u54c1\u80fd\u591f\u6df1\u5c42\u62a4\u7406\u79c0\u53d1\uff0c\u6062\u590d\u79c0\u53d1\u7684\u6c34\u5206\u548c\u6d3b\u529b\uff0c\u4ee4\u79c0\u53d1\u67d4\u8f6f\u987a\u6ed1\u3001\u4e30\u76c8\u9971\u6ee1\u3002<\/p>\n<p>\u4e0d\u542b\u7845\u916e\uff1a\u5373\u4f7f\u4e0d\u542b\u7845\u916e\uff0c\u5934\u53d1\u4e5f\u66f4\u5bb9\u6613\u68b3\u7406\u4e14\u66f4\u7075\u6d3b\u3002<\/p>","protected":false},"excerpt":{"rendered":"<p>\u5bcc\u542b\u73cd\u8d35\u690d\u7269\u7eaf\u9732\u7684\u6709\u673a\u62a4\u53d1\u7d20\uff0c\u5177\u6709\u4e30\u5bcc\u7684\u62a4\u80a4\u529f\u6548\u3002\u5f97\u76ca\u4e8e\u72ec\u7279\u7684\u6d3b\u6027\u6210\u5206\u914d\u65b9\uff0c\u672c\u54c1\u80fd\u591f\u6df1\u5c42\u62a4\u7406\u79c0\u53d1\uff0c\u6062\u590d\u79c0\u53d1\u7684\u6c34\u5206\u548c\u6d3b\u529b\uff0c\u4ee4\u79c0\u53d1\u67d4\u8f6f\u987a\u6ed1\u3001\u4e30\u76c8\u9971\u6ee1\u3002<\/p>\n<p>SILICONE FREE: capelli pi\u00f9 facili da pettinare e pi\u00f9 flessibili anche senza siliconi. [&#8230;]<\/p>\n<p><a class=\"btn btn-secondary understrap-read-more-link\" href=\"https:\/\/derbe.it\/zh\/%e4%ba%a7%e5%93%81\/%e4%bf%9d%e6%b9%bf%e8%86%8f\/\">\u9605\u8bfb\u66f4\u591a\u2026<span class=\"screen-reader-text\"> from Balsamo Idratante<\/span><\/a><\/p>","protected":false},"featured_media":1008,"template":"","meta":{"_acf_changed":false},"caratteristica":[94,97,116],"collezione":[81],"formato":[],"funzione":[85],"utilizzo":[],"ingrediente-principale":[],"product_brand":[],"product_cat":[101],"product_tag":[],"class_list":{"0":"post-906","1":"product","2":"type-product","3":"status-publish","4":"has-post-thumbnail","6":"caratteristica-bio","7":"caratteristica-pack-riciclato","8":"caratteristica-sviluppato-da-biologi-esperti","9":"collezione-botanitech","10":"funzione-capelli-secchi-disidratati","11":"product_cat-maschere-e-balsami","13":"first","14":"instock","15":"purchasable","16":"product-type-simple"},"acf":[],"yoast_head":"<!-- This site is optimized with the Yoast SEO Premium plugin v26.1 (Yoast SEO v26.8) - https:\/\/yoast.com\/product\/yoast-seo-premium-wordpress\/ -->\n<title>Balsamo Idratante - Derbe - cosmetici naturali<\/title>\n<meta name=\"description\" content=\"Balsamo biologico arricchito con preziosi idrolati vegetali, ricchi di propriet\u00e0 eudermiche. Grazie ad un mix esclusivo di sostanze funzionali, offre un trattamento intensivo che ripristina l\u2019idratazione e la vitalit\u00e0 dei capelli, rendendoli morbidi, lisci e rimpolpati.  SILICONE FREE: capelli pi\u00f9 facili da pettinare e pi\u00f9 flessibili anche senza siliconi.\" \/>\n<meta name=\"robots\" content=\"index, follow, max-snippet:-1, max-image-preview:large, max-video-preview:-1\" \/>\n<link rel=\"canonical\" href=\"https:\/\/derbe.it\/zh\/\u4ea7\u54c1\/\u4fdd\u6e7f\u818f\/\" \/>\n<meta property=\"og:locale\" content=\"zh_CN\" \/>\n<meta property=\"og:type\" content=\"article\" \/>\n<meta property=\"og:title\" content=\"Balsamo Idratante\" \/>\n<meta property=\"og:description\" content=\"Balsamo biologico arricchito con preziosi idrolati vegetali, ricchi di propriet\u00e0 eudermiche. Grazie ad un mix esclusivo di sostanze funzionali, offre un trattamento intensivo che ripristina l\u2019idratazione e la vitalit\u00e0 dei capelli, rendendoli morbidi, lisci e rimpolpati.  SILICONE FREE: capelli pi\u00f9 facili da pettinare e pi\u00f9 flessibili anche senza siliconi.\" \/>\n<meta property=\"og:url\" content=\"https:\/\/derbe.it\/zh\/\u4ea7\u54c1\/\u4fdd\u6e7f\u818f\/\" \/>\n<meta property=\"og:site_name\" content=\"Derbe - cosmetici naturali\" \/>\n<meta property=\"article:publisher\" content=\"https:\/\/www.facebook.com\/evoderbebio\" \/>\n<meta property=\"article:modified_time\" content=\"2025-09-11T11:01:02+00:00\" \/>\n<meta property=\"og:image\" content=\"https:\/\/derbe.it\/wp-content\/uploads\/2024\/09\/balsamo-idratante-mare.jpg\" \/>\n\t<meta property=\"og:image:width\" content=\"1600\" \/>\n\t<meta property=\"og:image:height\" content=\"2000\" \/>\n\t<meta property=\"og:image:type\" content=\"image\/jpeg\" \/>\n<meta name=\"twitter:card\" content=\"summary_large_image\" \/>\n<script type=\"application\/ld+json\" class=\"yoast-schema-graph\">{\"@context\":\"https:\/\/schema.org\",\"@graph\":[{\"@type\":\"WebPage\",\"@id\":\"https:\/\/derbe.it\/prodotto\/balsamo-idratante\/\",\"url\":\"https:\/\/derbe.it\/prodotto\/balsamo-idratante\/\",\"name\":\"Balsamo Idratante - Derbe - cosmetici naturali\",\"isPartOf\":{\"@id\":\"https:\/\/derbe.it\/#website\"},\"primaryImageOfPage\":{\"@id\":\"https:\/\/derbe.it\/prodotto\/balsamo-idratante\/#primaryimage\"},\"image\":{\"@id\":\"https:\/\/derbe.it\/prodotto\/balsamo-idratante\/#primaryimage\"},\"thumbnailUrl\":\"https:\/\/derbe.it\/wp-content\/uploads\/2024\/09\/balsamo-idratante-mare.jpg\",\"datePublished\":\"2024-09-19T12:39:14+00:00\",\"dateModified\":\"2025-09-11T11:01:02+00:00\",\"description\":\"Balsamo biologico arricchito con preziosi idrolati vegetali, ricchi di propriet\u00e0 eudermiche. Grazie ad un mix esclusivo di sostanze funzionali, offre un trattamento intensivo che ripristina l\u2019idratazione e la vitalit\u00e0 dei capelli, rendendoli morbidi, lisci e rimpolpati. SILICONE FREE: capelli pi\u00f9 facili da pettinare e pi\u00f9 flessibili anche senza siliconi.\",\"breadcrumb\":{\"@id\":\"https:\/\/derbe.it\/prodotto\/balsamo-idratante\/#breadcrumb\"},\"inLanguage\":\"zh-Hans\",\"potentialAction\":[{\"@type\":\"ReadAction\",\"target\":[\"https:\/\/derbe.it\/prodotto\/balsamo-idratante\/\"]}]},{\"@type\":\"ImageObject\",\"inLanguage\":\"zh-Hans\",\"@id\":\"https:\/\/derbe.it\/prodotto\/balsamo-idratante\/#primaryimage\",\"url\":\"https:\/\/derbe.it\/wp-content\/uploads\/2024\/09\/balsamo-idratante-mare.jpg\",\"contentUrl\":\"https:\/\/derbe.it\/wp-content\/uploads\/2024\/09\/balsamo-idratante-mare.jpg\",\"width\":1600,\"height\":2000},{\"@type\":\"BreadcrumbList\",\"@id\":\"https:\/\/derbe.it\/prodotto\/balsamo-idratante\/#breadcrumb\",\"itemListElement\":[{\"@type\":\"ListItem\",\"position\":1,\"name\":\"Home\",\"item\":\"https:\/\/derbe.it\/\"},{\"@type\":\"ListItem\",\"position\":2,\"name\":\"Shop\",\"item\":\"https:\/\/derbe.it\/en\/shop\/\"},{\"@type\":\"ListItem\",\"position\":3,\"name\":\"Maschere e balsami\",\"item\":\"https:\/\/derbe.it\/categoria-prodotto\/maschere-e-balsami\/\"},{\"@type\":\"ListItem\",\"position\":4,\"name\":\"Balsamo Idratante\"}]},{\"@type\":\"WebSite\",\"@id\":\"https:\/\/derbe.it\/#website\",\"url\":\"https:\/\/derbe.it\/\",\"name\":\"Derbe\",\"description\":\"Da oltre 50 anni - Made in italy - prodotti per capelli e corpo con estratti vegetali e formule sostenibili\",\"publisher\":{\"@id\":\"https:\/\/derbe.it\/#organization\"},\"potentialAction\":[{\"@type\":\"SearchAction\",\"target\":{\"@type\":\"EntryPoint\",\"urlTemplate\":\"https:\/\/derbe.it\/?s={search_term_string}\"},\"query-input\":{\"@type\":\"PropertyValueSpecification\",\"valueRequired\":true,\"valueName\":\"search_term_string\"}}],\"inLanguage\":\"zh-Hans\"},{\"@type\":\"Organization\",\"@id\":\"https:\/\/derbe.it\/#organization\",\"name\":\"Derbe\",\"url\":\"https:\/\/derbe.it\/\",\"logo\":{\"@type\":\"ImageObject\",\"inLanguage\":\"zh-Hans\",\"@id\":\"https:\/\/derbe.it\/#\/schema\/logo\/image\/\",\"url\":\"https:\/\/derbe.it\/wp-content\/uploads\/2025\/06\/logo_derbe_firenze.png\",\"contentUrl\":\"https:\/\/derbe.it\/wp-content\/uploads\/2025\/06\/logo_derbe_firenze.png\",\"width\":1200,\"height\":497,\"caption\":\"Derbe\"},\"image\":{\"@id\":\"https:\/\/derbe.it\/#\/schema\/logo\/image\/\"},\"sameAs\":[\"https:\/\/www.facebook.com\/evoderbebio\",\"https:\/\/www.instagram.com\/derbe.official\/\"],\"email\":\"info@derbe.it\",\"telephone\":\"+39 055 42 11 799\",\"legalName\":\"Derbe S.r.l. a socio unico\",\"vatID\":\"07272610481\"}]}<\/script>\n<!-- \/ Yoast SEO Premium plugin. -->","yoast_head_json":{"title":"\u4fdd\u6e7f\u6da6\u80a4\u818f - Derbe - \u5929\u7136\u5316\u5986\u54c1","description":"\u5bcc\u542b\u73cd\u8d35\u690d\u7269\u7eaf\u9732\u7684\u6709\u673a\u62a4\u53d1\u7d20\uff0c\u5177\u6709\u4e30\u5bcc\u7684\u62a4\u80a4\u529f\u6548\u3002\u5f97\u76ca\u4e8e\u72ec\u7279\u7684\u6d3b\u6027\u6210\u5206\u914d\u65b9\uff0c\u5b83\u80fd\u591f\u6df1\u5c42\u62a4\u7406\u79c0\u53d1\uff0c\u6062\u590d\u79c0\u53d1\u7684\u6c34\u5206\u548c\u6d3b\u529b\uff0c\u4ee4\u79c0\u53d1\u67d4\u8f6f\u987a\u6ed1\u3001\u4e30\u76c8\u9971\u6ee1\u3002\u4e0d\u542b\u7845\u916e\uff1a\u5373\u4f7f\u4e0d\u542b\u7845\u916e\uff0c\u79c0\u53d1\u4e5f\u66f4\u6613\u68b3\u7406\uff0c\u67d4\u987a\u5ea6\u66f4\u9ad8\u3002","robots":{"index":"index","follow":"follow","max-snippet":"max-snippet:-1","max-image-preview":"max-image-preview:large","max-video-preview":"max-video-preview:-1"},"canonical":"https:\/\/derbe.it\/zh\/\u4ea7\u54c1\/\u4fdd\u6e7f\u818f\/","og_locale":"zh_CN","og_type":"article","og_title":"Balsamo Idratante","og_description":"Balsamo biologico arricchito con preziosi idrolati vegetali, ricchi di propriet\u00e0 eudermiche. Grazie ad un mix esclusivo di sostanze funzionali, offre un trattamento intensivo che ripristina l\u2019idratazione e la vitalit\u00e0 dei capelli, rendendoli morbidi, lisci e rimpolpati.  SILICONE FREE: capelli pi\u00f9 facili da pettinare e pi\u00f9 flessibili anche senza siliconi.","og_url":"https:\/\/derbe.it\/zh\/\u4ea7\u54c1\/\u4fdd\u6e7f\u818f\/","og_site_name":"Derbe - cosmetici naturali","article_publisher":"https:\/\/www.facebook.com\/evoderbebio","article_modified_time":"2025-09-11T11:01:02+00:00","og_image":[{"width":1600,"height":2000,"url":"https:\/\/derbe.it\/wp-content\/uploads\/2024\/09\/balsamo-idratante-mare.jpg","type":"image\/jpeg"}],"twitter_card":"summary_large_image","schema":{"@context":"https:\/\/schema.org","@graph":[{"@type":"WebPage","@id":"https:\/\/derbe.it\/prodotto\/balsamo-idratante\/","url":"https:\/\/derbe.it\/prodotto\/balsamo-idratante\/","name":"\u4fdd\u6e7f\u6da6\u80a4\u818f - Derbe - \u5929\u7136\u5316\u5986\u54c1","isPartOf":{"@id":"https:\/\/derbe.it\/#website"},"primaryImageOfPage":{"@id":"https:\/\/derbe.it\/prodotto\/balsamo-idratante\/#primaryimage"},"image":{"@id":"https:\/\/derbe.it\/prodotto\/balsamo-idratante\/#primaryimage"},"thumbnailUrl":"https:\/\/derbe.it\/wp-content\/uploads\/2024\/09\/balsamo-idratante-mare.jpg","datePublished":"2024-09-19T12:39:14+00:00","dateModified":"2025-09-11T11:01:02+00:00","description":"\u8fd9\u6b3e\u6709\u673a\u62a4\u53d1\u7d20\u5bcc\u542b\u73cd\u8d35\u7684\u690d\u7269\u7eaf\u9732\uff0c\u5177\u6709\u5353\u8d8a\u7684\u6da6\u80a4\u529f\u6548\u3002\u5176\u72ec\u7279\u7684\u6d3b\u6027\u6210\u5206\u914d\u65b9\uff0c\u80fd\u6df1\u5c42\u6ecb\u517b\u79c0\u53d1\uff0c\u6062\u590d\u79c0\u53d1\u7684\u6c34\u5206\u548c\u6d3b\u529b\uff0c\u4ee4\u79c0\u53d1\u67d4\u8f6f\u987a\u6ed1\uff0c\u4e30\u76c8\u9971\u6ee1\u3002\u4e0d\u542b\u7845\u6cb9\uff1a\u5373\u4f7f\u6ca1\u6709\u7845\u6cb9\uff0c\u79c0\u53d1\u4e5f\u66f4\u6613\u68b3\u7406\uff0c\u66f4\u5177\u5f39\u6027\u3002.","breadcrumb":{"@id":"https:\/\/derbe.it\/prodotto\/balsamo-idratante\/#breadcrumb"},"inLanguage":"zh-Hans","potentialAction":[{"@type":"ReadAction","target":["https:\/\/derbe.it\/prodotto\/balsamo-idratante\/"]}]},{"@type":"ImageObject","inLanguage":"zh-Hans","@id":"https:\/\/derbe.it\/prodotto\/balsamo-idratante\/#primaryimage","url":"https:\/\/derbe.it\/wp-content\/uploads\/2024\/09\/balsamo-idratante-mare.jpg","contentUrl":"https:\/\/derbe.it\/wp-content\/uploads\/2024\/09\/balsamo-idratante-mare.jpg","width":1600,"height":2000},{"@type":"BreadcrumbList","@id":"https:\/\/derbe.it\/prodotto\/balsamo-idratante\/#breadcrumb","itemListElement":[{"@type":"ListItem","position":1,"name":"Home","item":"https:\/\/derbe.it\/"},{"@type":"ListItem","position":2,"name":"Shop","item":"https:\/\/derbe.it\/en\/shop\/"},{"@type":"ListItem","position":3,"name":"Maschere e balsami","item":"https:\/\/derbe.it\/categoria-prodotto\/maschere-e-balsami\/"},{"@type":"ListItem","position":4,"name":"Balsamo Idratante"}]},{"@type":"WebSite","@id":"https:\/\/derbe.it\/#website","url":"https:\/\/derbe.it\/","name":"\u5fb7\u5c14\u8d1d","description":"\u4e94\u5341\u591a\u5e74\u6765\u2014\u2014\u610f\u5927\u5229\u5236\u9020\u2014\u2014\u91c7\u7528\u690d\u7269\u8403\u53d6\u7269\u548c\u53ef\u6301\u7eed\u914d\u65b9\u7684\u5934\u53d1\u548c\u8eab\u4f53\u62a4\u7406\u4ea7\u54c1","publisher":{"@id":"https:\/\/derbe.it\/#organization"},"potentialAction":[{"@type":"SearchAction","target":{"@type":"EntryPoint","urlTemplate":"https:\/\/derbe.it\/?s={search_term_string}"},"query-input":{"@type":"PropertyValueSpecification","valueRequired":true,"valueName":"search_term_string"}}],"inLanguage":"zh-Hans"},{"@type":"Organization","@id":"https:\/\/derbe.it\/#organization","name":"\u5fb7\u5c14\u8d1d","url":"https:\/\/derbe.it\/","logo":{"@type":"ImageObject","inLanguage":"zh-Hans","@id":"https:\/\/derbe.it\/#\/schema\/logo\/image\/","url":"https:\/\/derbe.it\/wp-content\/uploads\/2025\/06\/logo_derbe_firenze.png","contentUrl":"https:\/\/derbe.it\/wp-content\/uploads\/2025\/06\/logo_derbe_firenze.png","width":1200,"height":497,"caption":"Derbe"},"image":{"@id":"https:\/\/derbe.it\/#\/schema\/logo\/image\/"},"sameAs":["https:\/\/www.facebook.com\/evoderbebio","https:\/\/www.instagram.com\/derbe.official\/"],"email":"info@derbe.it","telephone":"+39 055 42 11 799","legalName":"Derbe S.r.l. a socio unico","vatID":"07272610481"}]}},"_links":{"self":[{"href":"https:\/\/derbe.it\/zh\/wp-json\/wp\/v2\/product\/906","targetHints":{"allow":["GET"]}}],"collection":[{"href":"https:\/\/derbe.it\/zh\/wp-json\/wp\/v2\/product"}],"about":[{"href":"https:\/\/derbe.it\/zh\/wp-json\/wp\/v2\/types\/product"}],"wp:featuredmedia":[{"embeddable":true,"href":"https:\/\/derbe.it\/zh\/wp-json\/wp\/v2\/media\/1008"}],"wp:attachment":[{"href":"https:\/\/derbe.it\/zh\/wp-json\/wp\/v2\/media?parent=906"}],"wp:term":[{"taxonomy":"caratteristica","embeddable":true,"href":"https:\/\/derbe.it\/zh\/wp-json\/wp\/v2\/caratteristica?post=906"},{"taxonomy":"collezione","embeddable":true,"href":"https:\/\/derbe.it\/zh\/wp-json\/wp\/v2\/collezione?post=906"},{"taxonomy":"formato","embeddable":true,"href":"https:\/\/derbe.it\/zh\/wp-json\/wp\/v2\/formato?post=906"},{"taxonomy":"funzione","embeddable":true,"href":"https:\/\/derbe.it\/zh\/wp-json\/wp\/v2\/funzione?post=906"},{"taxonomy":"utilizzo","embeddable":true,"href":"https:\/\/derbe.it\/zh\/wp-json\/wp\/v2\/utilizzo?post=906"},{"taxonomy":"ingrediente-principale","embeddable":true,"href":"https:\/\/derbe.it\/zh\/wp-json\/wp\/v2\/ingrediente-principale?post=906"},{"taxonomy":"product_brand","embeddable":true,"href":"https:\/\/derbe.it\/zh\/wp-json\/wp\/v2\/product_brand?post=906"},{"taxonomy":"product_cat","embeddable":true,"href":"https:\/\/derbe.it\/zh\/wp-json\/wp\/v2\/product_cat?post=906"},{"taxonomy":"product_tag","embeddable":true,"href":"https:\/\/derbe.it\/zh\/wp-json\/wp\/v2\/product_tag?post=906"}],"curies":[{"name":"wp","href":"https:\/\/api.w.org\/{rel}","templated":true}]}}